{"id":11821,"date":"2022-02-04T15:10:23","date_gmt":"2022-02-04T21:10:23","guid":{"rendered":"https:\/\/elsalvadorllantas.com\/?page_id=11821"},"modified":"2022-02-04T15:30:52","modified_gmt":"2022-02-04T21:30:52","slug":"modelo-tyvm2-vimode-dos-ficha-de-producto","status":"publish","type":"page","link":"https:\/\/elsalvadorllantas.com\/index.php\/modelo-tyvm2-vimode-dos-ficha-de-producto\/","title":{"rendered":"Modelo TYVM2\u00a0Vimode Dos &#8211; Ficha de Producto"},"content":{"rendered":"\t\t<div data-elementor-type=\"wp-page\" data-elementor-id=\"11821\" class=\"elementor elementor-11821\" data-elementor-post-type=\"page\">\n\t\t\t\t\t\t<section class=\"elementor-section elementor-top-section elementor-element elementor-element-7fda6108 elementor-section-height-min-height elementor-section-content-middle elementor-reverse-mobile elementor-section-boxed elementor-section-height-default elementor-section-items-middle\" data-id=\"7fda6108\" data-element_type=\"section\" data-e-type=\"section\" data-settings=\"{&quot;background_background&quot;:&quot;classic&quot;}\">\n\t\t\t\t\t\t\t<div class=\"elementor-background-overlay\"><\/div>\n\t\t\t\t\t\t\t<div class=\"elementor-container elementor-column-gap-no\">\n\t\t\t\t\t<div class=\"elementor-column elementor-col-50 elementor-top-column elementor-element elementor-element-7b8ddc14\" data-id=\"7b8ddc14\" data-element_type=\"column\" data-e-type=\"column\">\n\t\t\t<div class=\"elementor-widget-wrap elementor-element-populated\">\n\t\t\t\t\t\t<div class=\"elementor-element elementor-element-0155bda elementor-widget elementor-widget-image\" data-id=\"0155bda\" data-element_type=\"widget\" data-e-type=\"widget\" data-widget_type=\"image.default\">\n\t\t\t\t<div class=\"elementor-widget-container\">\n\t\t\t\t\t\t\t\t\t\t\t\t\t\t\t<img fetchpriority=\"high\" decoding=\"async\" width=\"500\" height=\"500\" src=\"https:\/\/elsalvadorllantas.com\/wp-content\/uploads\/2022\/02\/Sin-titulo-2.png\" class=\"attachment-large size-large wp-image-11824\" alt=\"\" srcset=\"https:\/\/elsalvadorllantas.com\/wp-content\/uploads\/2022\/02\/Sin-titulo-2.png 500w, https:\/\/elsalvadorllantas.com\/wp-content\/uploads\/2022\/02\/Sin-titulo-2-300x300.png 300w, https:\/\/elsalvadorllantas.com\/wp-content\/uploads\/2022\/02\/Sin-titulo-2-150x150.png 150w, https:\/\/elsalvadorllantas.com\/wp-content\/uploads\/2022\/02\/Sin-titulo-2-350x350.png 350w, https:\/\/elsalvadorllantas.com\/wp-content\/uploads\/2022\/02\/Sin-titulo-2-100x100.png 100w, https:\/\/elsalvadorllantas.com\/wp-content\/uploads\/2022\/02\/Sin-titulo-2-64x64.png 64w\" sizes=\"(max-width: 500px) 100vw, 500px\" \/>\t\t\t\t\t\t\t\t\t\t\t\t\t\t\t<\/div>\n\t\t\t\t<\/div>\n\t\t\t\t\t<\/div>\n\t\t<\/div>\n\t\t\t\t<div class=\"elementor-column elementor-col-50 elementor-top-column elementor-element elementor-element-4cfc6ac3\" data-id=\"4cfc6ac3\" data-element_type=\"column\" data-e-type=\"column\">\n\t\t\t<div class=\"elementor-widget-wrap elementor-element-populated\">\n\t\t\t\t\t\t<div class=\"elementor-element elementor-element-fd0edb8 elementor-widget elementor-widget-image\" data-id=\"fd0edb8\" data-element_type=\"widget\" data-e-type=\"widget\" data-widget_type=\"image.default\">\n\t\t\t\t<div class=\"elementor-widget-container\">\n\t\t\t\t\t\t\t\t\t\t\t\t\t\t\t<img decoding=\"async\" width=\"781\" height=\"85\" src=\"https:\/\/elsalvadorllantas.com\/wp-content\/uploads\/2022\/02\/Vimode2.png\" class=\"attachment-large size-large wp-image-11823\" alt=\"\" srcset=\"https:\/\/elsalvadorllantas.com\/wp-content\/uploads\/2022\/02\/Vimode2.png 781w, https:\/\/elsalvadorllantas.com\/wp-content\/uploads\/2022\/02\/Vimode2-300x33.png 300w, https:\/\/elsalvadorllantas.com\/wp-content\/uploads\/2022\/02\/Vimode2-768x84.png 768w, https:\/\/elsalvadorllantas.com\/wp-content\/uploads\/2022\/02\/Vimode2-600x65.png 600w, https:\/\/elsalvadorllantas.com\/wp-content\/uploads\/2022\/02\/Vimode2-64x7.png 64w\" sizes=\"(max-width: 781px) 100vw, 781px\" loading=\"lazy\" \/>\t\t\t\t\t\t\t\t\t\t\t\t\t\t\t<\/div>\n\t\t\t\t<\/div>\n\t\t\t\t<div class=\"elementor-element elementor-element-68b7d815 elementor-widget elementor-widget-text-editor\" data-id=\"68b7d815\" data-element_type=\"widget\" data-e-type=\"widget\" data-widget_type=\"text-editor.default\">\n\t\t\t\t<div class=\"elementor-widget-container\">\n\t\t\t\t\t\t\t\t\t<p style=\"text-align: left;\">Toyo Vimode Dos ha sido desarrollada para reemplazar a la siempre popular Proxes Vimode con un nuevo dise\u00f1o moderno, \u00fanico y atractivo de banda de rodamiento. El m\u00e1s reciente compuesto de s\u00edlice aplicado a la banda de rodamiento mejora las frenadas en mojado y la Resistencia de Rodado a la vez que mantiene un buen desempe\u00f1o en desgaste.<\/p>\t\t\t\t\t\t\t\t<\/div>\n\t\t\t\t<\/div>\n\t\t\t\t\t<\/div>\n\t\t<\/div>\n\t\t\t\t\t<\/div>\n\t\t<\/section>\n\t\t\t\t<section class=\"elementor-section elementor-top-section elementor-element elementor-element-622bfc23 elementor-section-content-middle elementor-section-boxed elementor-section-height-default elementor-section-height-default\" data-id=\"622bfc23\" data-element_type=\"section\" data-e-type=\"section\" data-settings=\"{&quot;background_background&quot;:&quot;classic&quot;}\">\n\t\t\t\t\t\t\t<div class=\"elementor-background-overlay\"><\/div>\n\t\t\t\t\t\t\t<div class=\"elementor-container elementor-column-gap-no\">\n\t\t\t\t\t<div class=\"elementor-column elementor-col-33 elementor-top-column elementor-element elementor-element-1f4d8f78\" data-id=\"1f4d8f78\" data-element_type=\"column\" data-e-type=\"column\">\n\t\t\t<div class=\"elementor-widget-wrap elementor-element-populated\">\n\t\t\t\t\t\t<div class=\"elementor-element elementor-element-4433f1fa elementor-widget elementor-widget-text-editor\" data-id=\"4433f1fa\" data-element_type=\"widget\" data-e-type=\"widget\" data-widget_type=\"text-editor.default\">\n\t\t\t\t<div class=\"elementor-widget-container\">\n\t\t\t\t\t\t\t\t\t<p>Toyo Proxes TR1<\/p>\t\t\t\t\t\t\t\t<\/div>\n\t\t\t\t<\/div>\n\t\t\t\t<div class=\"elementor-element elementor-element-2039d5e9 elementor-widget elementor-widget-heading\" data-id=\"2039d5e9\" data-element_type=\"widget\" data-e-type=\"widget\" data-widget_type=\"heading.default\">\n\t\t\t\t<div class=\"elementor-widget-container\">\n\t\t\t\t\t<h3 class=\"elementor-heading-title elementor-size-default\">CARACTER\u00cdSTICAS Y VENTAJAS\n<\/h3>\t\t\t\t<\/div>\n\t\t\t\t<\/div>\n\t\t\t\t<div class=\"elementor-element elementor-element-9c9c2b4 elementor-widget-divider--view-line elementor-widget elementor-widget-divider\" data-id=\"9c9c2b4\" data-element_type=\"widget\" data-e-type=\"widget\" data-widget_type=\"divider.default\">\n\t\t\t\t<div class=\"elementor-widget-container\">\n\t\t\t\t\t\t\t<div class=\"elementor-divider\">\n\t\t\t<span class=\"elementor-divider-separator\">\n\t\t\t\t\t\t<\/span>\n\t\t<\/div>\n\t\t\t\t\t\t<\/div>\n\t\t\t\t<\/div>\n\t\t\t\t<div class=\"elementor-element elementor-element-48f999fa elementor-widget elementor-widget-image\" data-id=\"48f999fa\" data-element_type=\"widget\" data-e-type=\"widget\" data-widget_type=\"image.default\">\n\t\t\t\t<div class=\"elementor-widget-container\">\n\t\t\t\t\t\t\t\t\t\t\t\t\t\t\t<img decoding=\"async\" width=\"672\" height=\"1024\" src=\"https:\/\/elsalvadorllantas.com\/wp-content\/uploads\/2022\/02\/fichas-3-672x1024.png\" class=\"attachment-large size-large wp-image-11829\" alt=\"\" srcset=\"https:\/\/elsalvadorllantas.com\/wp-content\/uploads\/2022\/02\/fichas-3-672x1024.png 672w, https:\/\/elsalvadorllantas.com\/wp-content\/uploads\/2022\/02\/fichas-3-197x300.png 197w, https:\/\/elsalvadorllantas.com\/wp-content\/uploads\/2022\/02\/fichas-3-768x1170.png 768w, https:\/\/elsalvadorllantas.com\/wp-content\/uploads\/2022\/02\/fichas-3-600x914.png 600w, https:\/\/elsalvadorllantas.com\/wp-content\/uploads\/2022\/02\/fichas-3-64x97.png 64w, https:\/\/elsalvadorllantas.com\/wp-content\/uploads\/2022\/02\/fichas-3.png 788w\" sizes=\"(max-width: 672px) 100vw, 672px\" loading=\"lazy\" \/>\t\t\t\t\t\t\t\t\t\t\t\t\t\t\t<\/div>\n\t\t\t\t<\/div>\n\t\t\t\t\t<\/div>\n\t\t<\/div>\n\t\t\t\t<div class=\"elementor-column elementor-col-33 elementor-top-column elementor-element elementor-element-63c933c3\" data-id=\"63c933c3\" data-element_type=\"column\" data-e-type=\"column\">\n\t\t\t<div class=\"elementor-widget-wrap elementor-element-populated\">\n\t\t\t\t\t\t<div class=\"elementor-element elementor-element-1454d221 elementor-widget elementor-widget-image\" data-id=\"1454d221\" data-element_type=\"widget\" data-e-type=\"widget\" data-widget_type=\"image.default\">\n\t\t\t\t<div class=\"elementor-widget-container\">\n\t\t\t\t\t\t\t\t\t\t\t\t\t\t\t<img decoding=\"async\" src=\"https:\/\/toyotireslatino.com\/wp-content\/uploads\/2020\/01\/commercial_5up.jpg\" title=\"\" alt=\"\" class=\"elementor-animation-grow\" loading=\"lazy\" \/>\t\t\t\t\t\t\t\t\t\t\t\t\t\t\t<\/div>\n\t\t\t\t<\/div>\n\t\t\t\t<div class=\"elementor-element elementor-element-5037ab4d elementor-widget elementor-widget-text-editor\" data-id=\"5037ab4d\" data-element_type=\"widget\" data-e-type=\"widget\" data-widget_type=\"text-editor.default\">\n\t\t\t\t<div class=\"elementor-widget-container\">\n\t\t\t\t\t\t\t\t\t<h2>Generalidades<\/h2><p>El m\u00e1s reciente compuesto de s\u00edlice aplicado a la banda de rodamiento mejora las frenadas en mojado y la Resistencia de Rodado a la vez que mantiene un buen desempe\u00f1o en desgaste.<\/p><h2>Beneficios<\/h2><ul><li>Ranura en forma de V mejora el drenaje de agua.<\/li><li>Falcon wing block permite un gran agarre y alta firmeza de bloque.<\/li><li>Bloque direccional resistencia al desgaste irregular, firmeza de bloque franco de escal\u00f3n permite mejor drenaje de agua.<\/li><\/ul><p>\u00a0<\/p>\t\t\t\t\t\t\t\t<\/div>\n\t\t\t\t<\/div>\n\t\t\t\t\t<\/div>\n\t\t<\/div>\n\t\t\t\t<div class=\"elementor-column elementor-col-33 elementor-top-column elementor-element elementor-element-781ad475\" data-id=\"781ad475\" data-element_type=\"column\" data-e-type=\"column\">\n\t\t\t<div class=\"elementor-widget-wrap elementor-element-populated\">\n\t\t\t\t\t\t<div class=\"elementor-element elementor-element-1364c553 elementor-widget elementor-widget-text-editor\" data-id=\"1364c553\" data-element_type=\"widget\" data-e-type=\"widget\" data-widget_type=\"text-editor.default\">\n\t\t\t\t<div class=\"elementor-widget-container\">\n\t\t\t\t\t\t\t\t\t<div class=\"col-xs-12 col-md-12\"><div class=\"tire-feature-item\"><div class=\"tire-feature-item__content\"><h2>Caracter\u00edsticas de desempe\u00f1o<\/h2><ul><li>Ranura en forma de V permite un mejor drenaje de agua<\/li><li>Maniobrabilidad en seco<\/li><li>Maniobrabilidad en mojado<\/li><li>Menos ruido<\/li><li>Alta firmeza de bloque<\/li><\/ul><p>\u00a0<\/p><\/div><\/div><\/div>\t\t\t\t\t\t\t\t<\/div>\n\t\t\t\t<\/div>\n\t\t\t\t<div class=\"elementor-element elementor-element-352c1f57 elementor-widget elementor-widget-image\" data-id=\"352c1f57\" data-element_type=\"widget\" data-e-type=\"widget\" data-widget_type=\"image.default\">\n\t\t\t\t<div class=\"elementor-widget-container\">\n\t\t\t\t\t\t\t\t\t\t\t\t\t\t\t<img decoding=\"async\" src=\"https:\/\/toyotireslatino.com\/wp-content\/uploads\/2020\/01\/20160724_TYVM2_shyomen1.jpg\" title=\"\" alt=\"\" class=\"elementor-animation-grow\" loading=\"lazy\" \/>\t\t\t\t\t\t\t\t\t\t\t\t\t\t\t<\/div>\n\t\t\t\t<\/div>\n\t\t\t\t\t<\/div>\n\t\t<\/div>\n\t\t\t\t\t<\/div>\n\t\t<\/section>\n\t\t\t\t<section class=\"elementor-section elementor-top-section elementor-element elementor-element-44bbbd16 elementor-section-full_width elementor-section-height-default elementor-section-height-default\" data-id=\"44bbbd16\" data-element_type=\"section\" data-e-type=\"section\">\n\t\t\t\t\t\t<div class=\"elementor-container elementor-column-gap-default\">\n\t\t\t\t\t<div class=\"elementor-column elementor-col-100 elementor-top-column elementor-element elementor-element-175aed68\" data-id=\"175aed68\" data-element_type=\"column\" data-e-type=\"column\">\n\t\t\t<div class=\"elementor-widget-wrap elementor-element-populated\">\n\t\t\t\t\t\t<div class=\"elementor-element elementor-element-26924332 elementor-widget elementor-widget-image\" data-id=\"26924332\" data-element_type=\"widget\" data-e-type=\"widget\" data-widget_type=\"image.default\">\n\t\t\t\t<div class=\"elementor-widget-container\">\n\t\t\t\t\t\t\t\t\t\t\t\t\t\t\t<img decoding=\"async\" src=\"https:\/\/toyotireslatino.com\/wp-content\/uploads\/2020\/01\/VIMODE-DOS_INFOGRAFIA_1.jpg\" title=\"\" alt=\"\" loading=\"lazy\" \/>\t\t\t\t\t\t\t\t\t\t\t\t\t\t\t<\/div>\n\t\t\t\t<\/div>\n\t\t\t\t\t<\/div>\n\t\t<\/div>\n\t\t\t\t\t<\/div>\n\t\t<\/section>\n\t\t\t\t<\/div>\n\t\t","protected":false},"excerpt":{"rendered":"<p>Toyo Vimode Dos ha sido desarrollada para reemplazar a la siempre popular Proxes Vimode con un nuevo dise\u00f1o moderno, \u00fanico y atractivo de banda de rodamiento. El m\u00e1s reciente compuesto de s\u00edlice aplicado a la banda de rodamiento mejora las frenadas en mojado y la Resistencia de Rodado a la vez que mantiene un buen<br \/><a class=\"more-link\" href=\"https:\/\/elsalvadorllantas.com\/index.php\/modelo-tyvm2-vimode-dos-ficha-de-producto\/\"><br \/>\n        Ver m\u00e1s<span class=\"screen-reader-text\"> \u00abModelo TYVM2\u00a0Vimode Dos &#8211; Ficha de Producto\u00bb<\/span><\/a><\/p>\n","protected":false},"author":18,"featured_media":0,"parent":0,"menu_order":0,"comment_status":"closed","ping_status":"closed","template":"elementor_canvas","meta":{"_acf_changed":false,"footnotes":""},"class_list":["post-11821","page","type-page","status-publish","hentry"],"acf":[],"yoast_head":"<!-- This site is optimized with the Yoast SEO plugin v26.8 - https:\/\/yoast.com\/product\/yoast-seo-wordpress\/ -->\r\n<title>Modelo TYVM2\u00a0Vimode Dos - Ficha de Producto - Centro de Servicio Do\u00f1o<\/title>\r\n<meta name=\"robots\" content=\"index, follow, max-snippet:-1, max-image-preview:large, max-video-preview:-1\" \/>\r\n<link rel=\"canonical\" href=\"https:\/\/elsalvadorllantas.com\/index.php\/modelo-tyvm2-vimode-dos-ficha-de-producto\/\" \/>\r\n<meta property=\"og:locale\" content=\"es_ES\" \/>\r\n<meta property=\"og:type\" content=\"article\" \/>\r\n<meta property=\"og:title\" content=\"Modelo TYVM2\u00a0Vimode Dos - Ficha de Producto - Centro de Servicio Do\u00f1o\" \/>\r\n<meta property=\"og:description\" content=\"Toyo Vimode Dos ha sido desarrollada para reemplazar a la siempre popular Proxes Vimode con un nuevo dise\u00f1o moderno, \u00fanico y atractivo de banda de rodamiento. El m\u00e1s reciente compuesto de s\u00edlice aplicado a la banda de rodamiento mejora las frenadas en mojado y la Resistencia de Rodado a la vez que mantiene un buen     Ver m\u00e1s &quot;Modelo TYVM2\u00a0Vimode Dos &#8211; Ficha de Producto&quot;\" \/>\r\n<meta property=\"og:url\" content=\"https:\/\/elsalvadorllantas.com\/index.php\/modelo-tyvm2-vimode-dos-ficha-de-producto\/\" \/>\r\n<meta property=\"og:site_name\" content=\"Centro de Servicio Do\u00f1o\" \/>\r\n<meta property=\"article:modified_time\" content=\"2022-02-04T21:30:52+00:00\" \/>\r\n<meta property=\"og:image\" content=\"https:\/\/elsalvadorllantas.com\/wp-content\/uploads\/2022\/02\/Sin-titulo-2.png\" \/>\r\n<meta name=\"twitter:card\" content=\"summary_large_image\" \/>\r\n<meta name=\"twitter:label1\" content=\"Tiempo de lectura\" \/>\n\t<meta name=\"twitter:data1\" content=\"2 minutos\" \/>\r\n<script type=\"application\/ld+json\" class=\"yoast-schema-graph\">{\"@context\":\"https:\/\/schema.org\",\"@graph\":[{\"@type\":\"WebPage\",\"@id\":\"https:\/\/elsalvadorllantas.com\/index.php\/modelo-tyvm2-vimode-dos-ficha-de-producto\/\",\"url\":\"https:\/\/elsalvadorllantas.com\/index.php\/modelo-tyvm2-vimode-dos-ficha-de-producto\/\",\"name\":\"Modelo TYVM2\u00a0Vimode Dos - Ficha de Producto - Centro de Servicio Do\u00f1o\",\"isPartOf\":{\"@id\":\"https:\/\/elsalvadorllantas.com\/#website\"},\"primaryImageOfPage\":{\"@id\":\"https:\/\/elsalvadorllantas.com\/index.php\/modelo-tyvm2-vimode-dos-ficha-de-producto\/#primaryimage\"},\"image\":{\"@id\":\"https:\/\/elsalvadorllantas.com\/index.php\/modelo-tyvm2-vimode-dos-ficha-de-producto\/#primaryimage\"},\"thumbnailUrl\":\"https:\/\/elsalvadorllantas.com\/wp-content\/uploads\/2022\/02\/Sin-titulo-2.png\",\"datePublished\":\"2022-02-04T21:10:23+00:00\",\"dateModified\":\"2022-02-04T21:30:52+00:00\",\"breadcrumb\":{\"@id\":\"https:\/\/elsalvadorllantas.com\/index.php\/modelo-tyvm2-vimode-dos-ficha-de-producto\/#breadcrumb\"},\"inLanguage\":\"es\",\"potentialAction\":[{\"@type\":\"ReadAction\",\"target\":[\"https:\/\/elsalvadorllantas.com\/index.php\/modelo-tyvm2-vimode-dos-ficha-de-producto\/\"]}]},{\"@type\":\"ImageObject\",\"inLanguage\":\"es\",\"@id\":\"https:\/\/elsalvadorllantas.com\/index.php\/modelo-tyvm2-vimode-dos-ficha-de-producto\/#primaryimage\",\"url\":\"https:\/\/elsalvadorllantas.com\/wp-content\/uploads\/2022\/02\/Sin-titulo-2.png\",\"contentUrl\":\"https:\/\/elsalvadorllantas.com\/wp-content\/uploads\/2022\/02\/Sin-titulo-2.png\",\"width\":500,\"height\":500},{\"@type\":\"BreadcrumbList\",\"@id\":\"https:\/\/elsalvadorllantas.com\/index.php\/modelo-tyvm2-vimode-dos-ficha-de-producto\/#breadcrumb\",\"itemListElement\":[{\"@type\":\"ListItem\",\"position\":1,\"name\":\"Inicio\",\"item\":\"https:\/\/elsalvadorllantas.com\/\"},{\"@type\":\"ListItem\",\"position\":2,\"name\":\"Modelo TYVM2\u00a0Vimode Dos &#8211; Ficha de Producto\"}]},{\"@type\":\"WebSite\",\"@id\":\"https:\/\/elsalvadorllantas.com\/#website\",\"url\":\"https:\/\/elsalvadorllantas.com\/\",\"name\":\"Centro de Servicio Do\u00f1o\",\"description\":\"Venta de Llantas Nuevas - \u00a1Cotiza Ya!\",\"publisher\":{\"@id\":\"https:\/\/elsalvadorllantas.com\/#organization\"},\"potentialAction\":[{\"@type\":\"SearchAction\",\"target\":{\"@type\":\"EntryPoint\",\"urlTemplate\":\"https:\/\/elsalvadorllantas.com\/?s={search_term_string}\"},\"query-input\":{\"@type\":\"PropertyValueSpecification\",\"valueRequired\":true,\"valueName\":\"search_term_string\"}}],\"inLanguage\":\"es\"},{\"@type\":\"Organization\",\"@id\":\"https:\/\/elsalvadorllantas.com\/#organization\",\"name\":\"Centro de Servicio Do\u00f1o\",\"url\":\"https:\/\/elsalvadorllantas.com\/\",\"logo\":{\"@type\":\"ImageObject\",\"inLanguage\":\"es\",\"@id\":\"https:\/\/elsalvadorllantas.com\/#\/schema\/logo\/image\/\",\"url\":\"https:\/\/elsalvadorllantas.com\/wp-content\/uploads\/2021\/12\/Logo_Don\u0303o_Editable-CMYK-2.png\",\"contentUrl\":\"https:\/\/elsalvadorllantas.com\/wp-content\/uploads\/2021\/12\/Logo_Don\u0303o_Editable-CMYK-2.png\",\"width\":2139,\"height\":779,\"caption\":\"Centro de Servicio Do\u00f1o\"},\"image\":{\"@id\":\"https:\/\/elsalvadorllantas.com\/#\/schema\/logo\/image\/\"}}]}<\/script>\r\n<!-- \/ Yoast SEO plugin. -->","yoast_head_json":{"title":"Modelo TYVM2\u00a0Vimode Dos - Ficha de Producto - Centro de Servicio Do\u00f1o","robots":{"index":"index","follow":"follow","max-snippet":"max-snippet:-1","max-image-preview":"max-image-preview:large","max-video-preview":"max-video-preview:-1"},"canonical":"https:\/\/elsalvadorllantas.com\/index.php\/modelo-tyvm2-vimode-dos-ficha-de-producto\/","og_locale":"es_ES","og_type":"article","og_title":"Modelo TYVM2\u00a0Vimode Dos - Ficha de Producto - Centro de Servicio Do\u00f1o","og_description":"Toyo Vimode Dos ha sido desarrollada para reemplazar a la siempre popular Proxes Vimode con un nuevo dise\u00f1o moderno, \u00fanico y atractivo de banda de rodamiento. El m\u00e1s reciente compuesto de s\u00edlice aplicado a la banda de rodamiento mejora las frenadas en mojado y la Resistencia de Rodado a la vez que mantiene un buen     Ver m\u00e1s \"Modelo TYVM2\u00a0Vimode Dos &#8211; Ficha de Producto\"","og_url":"https:\/\/elsalvadorllantas.com\/index.php\/modelo-tyvm2-vimode-dos-ficha-de-producto\/","og_site_name":"Centro de Servicio Do\u00f1o","article_modified_time":"2022-02-04T21:30:52+00:00","og_image":[{"url":"https:\/\/elsalvadorllantas.com\/wp-content\/uploads\/2022\/02\/Sin-titulo-2.png","type":"","width":"","height":""}],"twitter_card":"summary_large_image","twitter_misc":{"Tiempo de lectura":"2 minutos"},"schema":{"@context":"https:\/\/schema.org","@graph":[{"@type":"WebPage","@id":"https:\/\/elsalvadorllantas.com\/index.php\/modelo-tyvm2-vimode-dos-ficha-de-producto\/","url":"https:\/\/elsalvadorllantas.com\/index.php\/modelo-tyvm2-vimode-dos-ficha-de-producto\/","name":"Modelo TYVM2\u00a0Vimode Dos - Ficha de Producto - Centro de Servicio Do\u00f1o","isPartOf":{"@id":"https:\/\/elsalvadorllantas.com\/#website"},"primaryImageOfPage":{"@id":"https:\/\/elsalvadorllantas.com\/index.php\/modelo-tyvm2-vimode-dos-ficha-de-producto\/#primaryimage"},"image":{"@id":"https:\/\/elsalvadorllantas.com\/index.php\/modelo-tyvm2-vimode-dos-ficha-de-producto\/#primaryimage"},"thumbnailUrl":"https:\/\/elsalvadorllantas.com\/wp-content\/uploads\/2022\/02\/Sin-titulo-2.png","datePublished":"2022-02-04T21:10:23+00:00","dateModified":"2022-02-04T21:30:52+00:00","breadcrumb":{"@id":"https:\/\/elsalvadorllantas.com\/index.php\/modelo-tyvm2-vimode-dos-ficha-de-producto\/#breadcrumb"},"inLanguage":"es","potentialAction":[{"@type":"ReadAction","target":["https:\/\/elsalvadorllantas.com\/index.php\/modelo-tyvm2-vimode-dos-ficha-de-producto\/"]}]},{"@type":"ImageObject","inLanguage":"es","@id":"https:\/\/elsalvadorllantas.com\/index.php\/modelo-tyvm2-vimode-dos-ficha-de-producto\/#primaryimage","url":"https:\/\/elsalvadorllantas.com\/wp-content\/uploads\/2022\/02\/Sin-titulo-2.png","contentUrl":"https:\/\/elsalvadorllantas.com\/wp-content\/uploads\/2022\/02\/Sin-titulo-2.png","width":500,"height":500},{"@type":"BreadcrumbList","@id":"https:\/\/elsalvadorllantas.com\/index.php\/modelo-tyvm2-vimode-dos-ficha-de-producto\/#breadcrumb","itemListElement":[{"@type":"ListItem","position":1,"name":"Inicio","item":"https:\/\/elsalvadorllantas.com\/"},{"@type":"ListItem","position":2,"name":"Modelo TYVM2\u00a0Vimode Dos &#8211; Ficha de Producto"}]},{"@type":"WebSite","@id":"https:\/\/elsalvadorllantas.com\/#website","url":"https:\/\/elsalvadorllantas.com\/","name":"Centro de Servicio Do\u00f1o","description":"Venta de Llantas Nuevas - \u00a1Cotiza Ya!","publisher":{"@id":"https:\/\/elsalvadorllantas.com\/#organization"},"potentialAction":[{"@type":"SearchAction","target":{"@type":"EntryPoint","urlTemplate":"https:\/\/elsalvadorllantas.com\/?s={search_term_string}"},"query-input":{"@type":"PropertyValueSpecification","valueRequired":true,"valueName":"search_term_string"}}],"inLanguage":"es"},{"@type":"Organization","@id":"https:\/\/elsalvadorllantas.com\/#organization","name":"Centro de Servicio Do\u00f1o","url":"https:\/\/elsalvadorllantas.com\/","logo":{"@type":"ImageObject","inLanguage":"es","@id":"https:\/\/elsalvadorllantas.com\/#\/schema\/logo\/image\/","url":"https:\/\/elsalvadorllantas.com\/wp-content\/uploads\/2021\/12\/Logo_Don\u0303o_Editable-CMYK-2.png","contentUrl":"https:\/\/elsalvadorllantas.com\/wp-content\/uploads\/2021\/12\/Logo_Don\u0303o_Editable-CMYK-2.png","width":2139,"height":779,"caption":"Centro de Servicio Do\u00f1o"},"image":{"@id":"https:\/\/elsalvadorllantas.com\/#\/schema\/logo\/image\/"}}]}},"_links":{"self":[{"href":"https:\/\/elsalvadorllantas.com\/index.php\/wp-json\/wp\/v2\/pages\/11821","targetHints":{"allow":["GET"]}}],"collection":[{"href":"https:\/\/elsalvadorllantas.com\/index.php\/wp-json\/wp\/v2\/pages"}],"about":[{"href":"https:\/\/elsalvadorllantas.com\/index.php\/wp-json\/wp\/v2\/types\/page"}],"author":[{"embeddable":true,"href":"https:\/\/elsalvadorllantas.com\/index.php\/wp-json\/wp\/v2\/users\/18"}],"replies":[{"embeddable":true,"href":"https:\/\/elsalvadorllantas.com\/index.php\/wp-json\/wp\/v2\/comments?post=11821"}],"version-history":[{"count":0,"href":"https:\/\/elsalvadorllantas.com\/index.php\/wp-json\/wp\/v2\/pages\/11821\/revisions"}],"wp:attachment":[{"href":"https:\/\/elsalvadorllantas.com\/index.php\/wp-json\/wp\/v2\/media?parent=11821"}],"curies":[{"name":"wp","href":"https:\/\/api.w.org\/{rel}","templated":true}]}}