{"id":11993,"date":"2022-02-18T15:38:03","date_gmt":"2022-02-18T21:38:03","guid":{"rendered":"https:\/\/elsalvadorllantas.com\/?page_id=11993"},"modified":"2024-02-16T15:27:55","modified_gmt":"2024-02-16T21:27:55","slug":"certificado-de-garantia","status":"publish","type":"page","link":"https:\/\/elsalvadorllantas.com\/index.php\/certificado-de-garantia\/","title":{"rendered":"Certificado de Garant\u00eda"},"content":{"rendered":"\n<p>Centro de Servicio Do\u00f1o S.A. de C.V., en representaci\u00f3n de las marcas de llantas que comercializa en El Salvador, est\u00e1 autorizado por los fabricantes, para otorgar garant\u00eda, bajo las normas internacionales, bajo las siguientes condiciones:&nbsp;<\/p>\n\n\n\n<ul class=\"wp-block-list\">\n<li>12 meses de garant\u00eda por desperfectos en la fabricaci\u00f3n en marcas premium: Toyo Tires, Maxxis y Presa.&nbsp;<\/li>\n\n\n\n<li>6 meses de garant\u00eda por desperfectos en la fabricaci\u00f3n en nuestras otras l\u00edneas y marcas.&nbsp;<\/li>\n<\/ul>\n\n\n\n<p><strong>Cobertura de la garant\u00eda:&nbsp;<\/strong>&nbsp;<\/p>\n\n\n\n<ul class=\"wp-block-list\">\n<li>Cada una de las llantas distribuidas por Centro de Servicio Do\u00f1o S.A. de C.V., se encuentra dise\u00f1ada para cumplir con determinadas exigencias en velocidad, terreno, peso y kilometraje.&nbsp;&nbsp;<\/li>\n<\/ul>\n\n\n\n<ul class=\"wp-block-list\">\n<li>En caso de que considere, que alguna de nuestras llantas presente alg\u00fan defecto derivado del proceso de producci\u00f3n, mano de obra y materias primas empleadas durante la fabricaci\u00f3n de la llanta, puede presentar su inconformidad en cualquiera de nuestras sucursales y la llanta ser\u00e1 enviada a una evaluaci\u00f3n t\u00e9cnica, en donde se evaluar\u00e1 que la falla no haya sido originada por el uso incorrecto o golpe involuntario parte del usuario, seg\u00fan los siguientes criterios:&nbsp;<\/li>\n<\/ul>\n\n\n\n<ul class=\"wp-block-list\">\n<li>Mala manipulaci\u00f3n.&nbsp;&nbsp;<\/li>\n\n\n\n<li>Pinchaduras o cortes por agentes externos.&nbsp;&nbsp;<\/li>\n\n\n\n<li>Deterioro sufrido por siniestros o accidentes.&nbsp;<\/li>\n\n\n\n<li>Uso inadecuado de la llanta.&nbsp;<\/li>\n\n\n\n<li>Rodamiento de la llanta con baja presi\u00f3n de aire.&nbsp;<\/li>\n<\/ul>\n\n\n\n<ul class=\"wp-block-list\">\n<li>Quemaduras de cualquier naturaleza.&nbsp;<\/li>\n\n\n\n<li>Desgastes irregulares en la banda de rodamiento.&nbsp;<\/li>\n\n\n\n<li>Productos en oferta o liquidaci\u00f3n&nbsp;&nbsp;<\/li>\n<\/ul>\n\n\n\n<p>Si el desperfecto es por cualquiera de los criterios anteriores, autom\u00e1ticamente la garant\u00eda no ser\u00e1 v\u00e1lida.&nbsp;<\/p>\n\n\n\n<p>De validar por el \u00e1rea t\u00e9cnica un defecto de fabricaci\u00f3n, la empresa se har\u00e1 responsable, tomando como base el nivel de desgaste que tenga la llanta al momento del reclamo, si cumple con lo anterior se reconocer\u00e1 el remanente de la vida \u00fatil de la llanta.&nbsp;<\/p>\n\n\n\n<ul class=\"wp-block-list\">\n<li><strong>Pol\u00edtica de entrega y devoluciones:<\/strong>&nbsp;<\/li>\n<\/ul>\n\n\n\n<p>El consumidor deber\u00e1 comunicar el defecto de funcionamiento o la deficiencia del servicio por cualquier medio que garantice la constancia de su recepci\u00f3n, dentro de los treinta d\u00edas siguientes a la fecha de haberlo descubierto. Siempre y cuando est\u00e9 dentro del plazo y vigencia de la garant\u00eda.<\/p>\n\n\n\n<p>En el caso de que el consumidor extrav\u00ede el certificado de garant\u00eda, no pierde el derecho de hacer uso de la garant\u00eda y se le puede proporcionar copia para exigir su derecho.<\/p>\n\n\n\n<p>Centro de Servicio Do\u00f1o S.A. de C.V., ofrece la comodidad y la experiencia de compra segura en l\u00ednea, considerando las siguientes condiciones:\u00a0<\/p>\n\n\n\n<p>Es responsabilidad del usuario leer cuidadosamente las pol\u00edticas relacionadas a la entrega y devoluciones de mercader\u00eda que se describen a continuaci\u00f3n. Estas se aplicar\u00e1n para la navegaci\u00f3n del Sitio de Internet <a href=\"https:\/\/elsalvadorllantas.com\/\" target=\"_blank\" rel=\"noreferrer noopener\">www.elsalvadorllantas.com<\/a> \/ <a href=\"http:\/\/www.llantasdono.online\/\" target=\"_blank\" rel=\"noreferrer noopener\">www.llantasdono.online<\/a>&nbsp; y los productos ofrecidos en \u00e9l.&nbsp;<\/p>\n\n\n\n<p><strong>Entrega<\/strong>&nbsp;<\/p>\n\n\n\n<p>Al finalizar una compra en nuestro sitio web, se proceder\u00e1 a emitir una orden de compra, un colaborador le contactar\u00e1 en los casos que no sea recibida la confirmaci\u00f3n de pago por parte del banco.&nbsp;<\/p>\n\n\n\n<p>El cliente puede hacer la visita despu\u00e9s de 24 horas de emitido la orden de compra, en la sucursal que escogi\u00f3 en el proceso de pago, dentro de los horarios de servicio, para retirar sus productos y respectivos beneficios de compra.&nbsp;<\/p>\n\n\n\n<p>Para compras registradas como transacci\u00f3n de pago internacional, el tiempo para visitar la sucursal puede variar hasta 72 horas.&nbsp;<\/p>\n\n\n\n<p>Para la instalaci\u00f3n o retiro de las llantas, es necesario que se presente<strong><em> el tarjeta habiente.<\/em><\/strong>&nbsp;<\/p>\n\n\n\n<p>Su factura con registro fiscal o consumidor final ser\u00e1 emitida en la sucursal de su preferencia cuando se realice la entrega del producto. El certificado de garant\u00eda de los productos se encontrar\u00e1 al reverso de la factura emitida.&nbsp;<\/p>\n\n\n\n<p>Centro de Servicio Do\u00f1o S.A. de C.V. se compromete a ofrecer los servicios de instalaci\u00f3n y armado de llantas por los productos ofrecidos en el sitio web en sus 6 sucursales f\u00edsicas.&nbsp;&nbsp;<\/p>\n\n\n\n<p>Beneficios por la compras menores o iguales a 3 llantas:&nbsp;<\/p>\n\n\n\n<ul class=\"wp-block-list\">\n<li>Armado e instalaci\u00f3n.&nbsp;<\/li>\n<\/ul>\n\n\n\n<ul class=\"wp-block-list\">\n<li>Cambio de v\u00e1lvulas de hule, no aplica para sensores electr\u00f3nicos.&nbsp;<\/li>\n\n\n\n<li>Balanceo de las llantas.&nbsp;<\/li>\n\n\n\n<li>Garant\u00eda por desperfecto de f\u00e1brica. &lt;&lt; para m\u00e1s informaci\u00f3n visite los t\u00e9rminos de Garant\u00eda&gt;&gt;&nbsp;<\/li>\n\n\n\n<li>Reparaci\u00f3n gratis por pinchadura, durante la vida \u00fatil de la llanta.&nbsp;<\/li>\n<\/ul>\n\n\n\n<p>Beneficios por la compra de 4 llantas:&nbsp;<\/p>\n\n\n\n<ul class=\"wp-block-list\">\n<li>Armado e instalaci\u00f3n.&nbsp;<\/li>\n\n\n\n<li>Cambio de v\u00e1lvulas de hule, no aplica para sensores electr\u00f3nicos.&nbsp;<\/li>\n\n\n\n<li>Balanceo de las llantas delanteras.&nbsp;<\/li>\n<\/ul>\n\n\n\n<ul class=\"wp-block-list\">\n<li>Alineado Delantero (veh\u00edculos sedan, microbuses y pick ups sencillos)&nbsp;<\/li>\n\n\n\n<li>Reparaci\u00f3n gratis por pinchadura, durante la vida \u00fatil de la llanta.&nbsp;<\/li>\n\n\n\n<li>Garant\u00eda por desperfecto de f\u00e1brica. &lt;&lt; m\u00e1s informaci\u00f3n visita detalle de Garant\u00eda&gt;&gt;&nbsp;<\/li>\n\n\n\n<li>Rotaci\u00f3n de las llantas totalmente gratis cada 5000 kil\u00f3metros, en l\u00ednea premium Toyo, Maxxis y Presa.<\/li>\n<\/ul>\n","protected":false},"excerpt":{"rendered":"<p>Centro de Servicio Do\u00f1o S.A. de C.V., en representaci\u00f3n de las marcas de llantas que comercializa en El Salvador, est\u00e1 autorizado por los fabricantes, para otorgar garant\u00eda, bajo las normas internacionales, bajo las siguientes condiciones:&nbsp; Cobertura de la garant\u00eda:&nbsp;&nbsp; Si el desperfecto es por cualquiera de los criterios anteriores, autom\u00e1ticamente la garant\u00eda no ser\u00e1 v\u00e1lida.&nbsp;<br \/><a class=\"more-link\" href=\"https:\/\/elsalvadorllantas.com\/index.php\/certificado-de-garantia\/\"><br \/>\n        Ver m\u00e1s<span class=\"screen-reader-text\"> \u00abCertificado de Garant\u00eda\u00bb<\/span><\/a><\/p>\n","protected":false},"author":18,"featured_media":0,"parent":0,"menu_order":0,"comment_status":"closed","ping_status":"closed","template":"","meta":{"_acf_changed":false,"footnotes":""},"class_list":["post-11993","page","type-page","status-publish","hentry"],"acf":[],"yoast_head":"<!-- This site is optimized with the Yoast SEO plugin v26.8 - https:\/\/yoast.com\/product\/yoast-seo-wordpress\/ -->\r\n<title>Certificado de Garant\u00eda - Centro de Servicio Do\u00f1o<\/title>\r\n<meta name=\"robots\" content=\"index, follow, max-snippet:-1, max-image-preview:large, max-video-preview:-1\" \/>\r\n<link rel=\"canonical\" href=\"https:\/\/elsalvadorllantas.com\/index.php\/certificado-de-garantia\/\" \/>\r\n<meta property=\"og:locale\" content=\"es_ES\" \/>\r\n<meta property=\"og:type\" content=\"article\" \/>\r\n<meta property=\"og:title\" content=\"Certificado de Garant\u00eda - Centro de Servicio Do\u00f1o\" \/>\r\n<meta property=\"og:description\" content=\"Centro de Servicio Do\u00f1o S.A. de C.V., en representaci\u00f3n de las marcas de llantas que comercializa en El Salvador, est\u00e1 autorizado por los fabricantes, para otorgar garant\u00eda, bajo las normas internacionales, bajo las siguientes condiciones:&nbsp; Cobertura de la garant\u00eda:&nbsp;&nbsp; Si el desperfecto es por cualquiera de los criterios anteriores, autom\u00e1ticamente la garant\u00eda no ser\u00e1 v\u00e1lida.&nbsp;     Ver m\u00e1s &quot;Certificado de Garant\u00eda&quot;\" \/>\r\n<meta property=\"og:url\" content=\"https:\/\/elsalvadorllantas.com\/index.php\/certificado-de-garantia\/\" \/>\r\n<meta property=\"og:site_name\" content=\"Centro de Servicio Do\u00f1o\" \/>\r\n<meta property=\"article:modified_time\" content=\"2024-02-16T21:27:55+00:00\" \/>\r\n<meta name=\"twitter:card\" content=\"summary_large_image\" \/>\r\n<meta name=\"twitter:label1\" content=\"Tiempo de lectura\" \/>\n\t<meta name=\"twitter:data1\" content=\"4 minutos\" \/>\r\n<script type=\"application\/ld+json\" class=\"yoast-schema-graph\">{\"@context\":\"https:\/\/schema.org\",\"@graph\":[{\"@type\":\"WebPage\",\"@id\":\"https:\/\/elsalvadorllantas.com\/index.php\/certificado-de-garantia\/\",\"url\":\"https:\/\/elsalvadorllantas.com\/index.php\/certificado-de-garantia\/\",\"name\":\"Certificado de Garant\u00eda - Centro de Servicio Do\u00f1o\",\"isPartOf\":{\"@id\":\"https:\/\/elsalvadorllantas.com\/#website\"},\"datePublished\":\"2022-02-18T21:38:03+00:00\",\"dateModified\":\"2024-02-16T21:27:55+00:00\",\"breadcrumb\":{\"@id\":\"https:\/\/elsalvadorllantas.com\/index.php\/certificado-de-garantia\/#breadcrumb\"},\"inLanguage\":\"es\",\"potentialAction\":[{\"@type\":\"ReadAction\",\"target\":[\"https:\/\/elsalvadorllantas.com\/index.php\/certificado-de-garantia\/\"]}]},{\"@type\":\"BreadcrumbList\",\"@id\":\"https:\/\/elsalvadorllantas.com\/index.php\/certificado-de-garantia\/#breadcrumb\",\"itemListElement\":[{\"@type\":\"ListItem\",\"position\":1,\"name\":\"Inicio\",\"item\":\"https:\/\/elsalvadorllantas.com\/\"},{\"@type\":\"ListItem\",\"position\":2,\"name\":\"Certificado de Garant\u00eda\"}]},{\"@type\":\"WebSite\",\"@id\":\"https:\/\/elsalvadorllantas.com\/#website\",\"url\":\"https:\/\/elsalvadorllantas.com\/\",\"name\":\"Centro de Servicio Do\u00f1o\",\"description\":\"Venta de Llantas Nuevas - \u00a1Cotiza Ya!\",\"publisher\":{\"@id\":\"https:\/\/elsalvadorllantas.com\/#organization\"},\"potentialAction\":[{\"@type\":\"SearchAction\",\"target\":{\"@type\":\"EntryPoint\",\"urlTemplate\":\"https:\/\/elsalvadorllantas.com\/?s={search_term_string}\"},\"query-input\":{\"@type\":\"PropertyValueSpecification\",\"valueRequired\":true,\"valueName\":\"search_term_string\"}}],\"inLanguage\":\"es\"},{\"@type\":\"Organization\",\"@id\":\"https:\/\/elsalvadorllantas.com\/#organization\",\"name\":\"Centro de Servicio Do\u00f1o\",\"url\":\"https:\/\/elsalvadorllantas.com\/\",\"logo\":{\"@type\":\"ImageObject\",\"inLanguage\":\"es\",\"@id\":\"https:\/\/elsalvadorllantas.com\/#\/schema\/logo\/image\/\",\"url\":\"https:\/\/elsalvadorllantas.com\/wp-content\/uploads\/2021\/12\/Logo_Don\u0303o_Editable-CMYK-2.png\",\"contentUrl\":\"https:\/\/elsalvadorllantas.com\/wp-content\/uploads\/2021\/12\/Logo_Don\u0303o_Editable-CMYK-2.png\",\"width\":2139,\"height\":779,\"caption\":\"Centro de Servicio Do\u00f1o\"},\"image\":{\"@id\":\"https:\/\/elsalvadorllantas.com\/#\/schema\/logo\/image\/\"}}]}<\/script>\r\n<!-- \/ Yoast SEO plugin. -->","yoast_head_json":{"title":"Certificado de Garant\u00eda - Centro de Servicio Do\u00f1o","robots":{"index":"index","follow":"follow","max-snippet":"max-snippet:-1","max-image-preview":"max-image-preview:large","max-video-preview":"max-video-preview:-1"},"canonical":"https:\/\/elsalvadorllantas.com\/index.php\/certificado-de-garantia\/","og_locale":"es_ES","og_type":"article","og_title":"Certificado de Garant\u00eda - Centro de Servicio Do\u00f1o","og_description":"Centro de Servicio Do\u00f1o S.A. de C.V., en representaci\u00f3n de las marcas de llantas que comercializa en El Salvador, est\u00e1 autorizado por los fabricantes, para otorgar garant\u00eda, bajo las normas internacionales, bajo las siguientes condiciones:&nbsp; Cobertura de la garant\u00eda:&nbsp;&nbsp; Si el desperfecto es por cualquiera de los criterios anteriores, autom\u00e1ticamente la garant\u00eda no ser\u00e1 v\u00e1lida.&nbsp;     Ver m\u00e1s \"Certificado de Garant\u00eda\"","og_url":"https:\/\/elsalvadorllantas.com\/index.php\/certificado-de-garantia\/","og_site_name":"Centro de Servicio Do\u00f1o","article_modified_time":"2024-02-16T21:27:55+00:00","twitter_card":"summary_large_image","twitter_misc":{"Tiempo de lectura":"4 minutos"},"schema":{"@context":"https:\/\/schema.org","@graph":[{"@type":"WebPage","@id":"https:\/\/elsalvadorllantas.com\/index.php\/certificado-de-garantia\/","url":"https:\/\/elsalvadorllantas.com\/index.php\/certificado-de-garantia\/","name":"Certificado de Garant\u00eda - Centro de Servicio Do\u00f1o","isPartOf":{"@id":"https:\/\/elsalvadorllantas.com\/#website"},"datePublished":"2022-02-18T21:38:03+00:00","dateModified":"2024-02-16T21:27:55+00:00","breadcrumb":{"@id":"https:\/\/elsalvadorllantas.com\/index.php\/certificado-de-garantia\/#breadcrumb"},"inLanguage":"es","potentialAction":[{"@type":"ReadAction","target":["https:\/\/elsalvadorllantas.com\/index.php\/certificado-de-garantia\/"]}]},{"@type":"BreadcrumbList","@id":"https:\/\/elsalvadorllantas.com\/index.php\/certificado-de-garantia\/#breadcrumb","itemListElement":[{"@type":"ListItem","position":1,"name":"Inicio","item":"https:\/\/elsalvadorllantas.com\/"},{"@type":"ListItem","position":2,"name":"Certificado de Garant\u00eda"}]},{"@type":"WebSite","@id":"https:\/\/elsalvadorllantas.com\/#website","url":"https:\/\/elsalvadorllantas.com\/","name":"Centro de Servicio Do\u00f1o","description":"Venta de Llantas Nuevas - \u00a1Cotiza Ya!","publisher":{"@id":"https:\/\/elsalvadorllantas.com\/#organization"},"potentialAction":[{"@type":"SearchAction","target":{"@type":"EntryPoint","urlTemplate":"https:\/\/elsalvadorllantas.com\/?s={search_term_string}"},"query-input":{"@type":"PropertyValueSpecification","valueRequired":true,"valueName":"search_term_string"}}],"inLanguage":"es"},{"@type":"Organization","@id":"https:\/\/elsalvadorllantas.com\/#organization","name":"Centro de Servicio Do\u00f1o","url":"https:\/\/elsalvadorllantas.com\/","logo":{"@type":"ImageObject","inLanguage":"es","@id":"https:\/\/elsalvadorllantas.com\/#\/schema\/logo\/image\/","url":"https:\/\/elsalvadorllantas.com\/wp-content\/uploads\/2021\/12\/Logo_Don\u0303o_Editable-CMYK-2.png","contentUrl":"https:\/\/elsalvadorllantas.com\/wp-content\/uploads\/2021\/12\/Logo_Don\u0303o_Editable-CMYK-2.png","width":2139,"height":779,"caption":"Centro de Servicio Do\u00f1o"},"image":{"@id":"https:\/\/elsalvadorllantas.com\/#\/schema\/logo\/image\/"}}]}},"_links":{"self":[{"href":"https:\/\/elsalvadorllantas.com\/index.php\/wp-json\/wp\/v2\/pages\/11993","targetHints":{"allow":["GET"]}}],"collection":[{"href":"https:\/\/elsalvadorllantas.com\/index.php\/wp-json\/wp\/v2\/pages"}],"about":[{"href":"https:\/\/elsalvadorllantas.com\/index.php\/wp-json\/wp\/v2\/types\/page"}],"author":[{"embeddable":true,"href":"https:\/\/elsalvadorllantas.com\/index.php\/wp-json\/wp\/v2\/users\/18"}],"replies":[{"embeddable":true,"href":"https:\/\/elsalvadorllantas.com\/index.php\/wp-json\/wp\/v2\/comments?post=11993"}],"version-history":[{"count":1,"href":"https:\/\/elsalvadorllantas.com\/index.php\/wp-json\/wp\/v2\/pages\/11993\/revisions"}],"predecessor-version":[{"id":18575,"href":"https:\/\/elsalvadorllantas.com\/index.php\/wp-json\/wp\/v2\/pages\/11993\/revisions\/18575"}],"wp:attachment":[{"href":"https:\/\/elsalvadorllantas.com\/index.php\/wp-json\/wp\/v2\/media?parent=11993"}],"curies":[{"name":"wp","href":"https:\/\/api.w.org\/{rel}","templated":true}]}}