{"id":12957,"date":"2022-04-29T14:41:20","date_gmt":"2022-04-29T20:41:20","guid":{"rendered":"https:\/\/elsalvadorllantas.com\/?page_id=12957"},"modified":"2026-03-20T13:39:13","modified_gmt":"2026-03-20T19:39:13","slug":"detalle-de-promociones","status":"publish","type":"page","link":"https:\/\/elsalvadorllantas.com\/index.php\/detalle-de-promociones\/","title":{"rendered":"Detalle de Promociones"},"content":{"rendered":"\t\t<div data-elementor-type=\"wp-page\" data-elementor-id=\"12957\" class=\"elementor elementor-12957\" data-elementor-post-type=\"page\">\n\t\t\t\t\t\t<section class=\"elementor-section elementor-top-section elementor-element elementor-element-bdf1536 elementor-section-content-middle elementor-reverse-mobile elementor-section-boxed elementor-section-height-default elementor-section-height-default\" data-id=\"bdf1536\" data-element_type=\"section\" data-e-type=\"section\">\n\t\t\t\t\t\t<div class=\"elementor-container elementor-column-gap-no\">\n\t\t\t\t\t<div class=\"elementor-column elementor-col-50 elementor-top-column elementor-element elementor-element-e363b50\" data-id=\"e363b50\" data-element_type=\"column\" data-e-type=\"column\">\n\t\t\t<div class=\"elementor-widget-wrap elementor-element-populated\">\n\t\t\t\t\t\t<div class=\"elementor-element elementor-element-c759a13 elementor-widget elementor-widget-text-editor\" data-id=\"c759a13\" data-element_type=\"widget\" data-e-type=\"widget\" data-widget_type=\"text-editor.default\">\n\t\t\t\t<div class=\"elementor-widget-container\">\n\t\t\t\t\t\t\t\t\t<p>Detalle de promoci\u00f3n<\/p>\t\t\t\t\t\t\t\t<\/div>\n\t\t\t\t<\/div>\n\t\t\t\t<div class=\"elementor-element elementor-element-036b264 elementor-widget elementor-widget-heading\" data-id=\"036b264\" data-element_type=\"widget\" data-e-type=\"widget\" data-widget_type=\"heading.default\">\n\t\t\t\t<div class=\"elementor-widget-container\">\n\t\t\t\t\t<h3 class=\"elementor-heading-title elementor-size-default\">\u2600\ufe0f\ud83d\udd25 \u00a1Lleg\u00f3 el \ud835\ude51\ud835\ude40\ud835\ude4d\ud835\ude3c\ud835\ude49\ud835\ude4a \ud835\ude40\ud835\ude49\ud835\ude47\ud835\ude47\ud835\ude3c\ud835\ude49\ud835\ude4f\ud835\ude3c\ud835\ude3f\ud835\ude4a\ud835\ude4d a Centro de Servicio Do\u00f1o! \ud83d\udd25\u2600\ufe0f<\/h3>\t\t\t\t<\/div>\n\t\t\t\t<\/div>\n\t\t\t\t<div class=\"elementor-element elementor-element-b81910f elementor-widget elementor-widget-text-editor\" data-id=\"b81910f\" data-element_type=\"widget\" data-e-type=\"widget\" data-widget_type=\"text-editor.default\">\n\t\t\t\t<div class=\"elementor-widget-container\">\n\t\t\t\t\t\t\t\t\t<p>Este verano es el momento perfecto para cambiar tus llantas y rodar con m\u00e1s seguridad, mejor agarre y al mejor precio.<\/p><p>Tenemos DESCUENTOS ESPECIALES en medidas seleccionadas de llantas<\/p><p>\ud83d\udd25 \ud835\ude4f\ud835\ude64\ud835\ude6e\ud835\ude64 \ud835\ude4f\ud835\ude5e\ud835\ude67\ud835\ude5a\ud835\ude68<br \/>\ud83d\udd25 \ud835\ude48\ud835\ude56\ud835\ude6d\ud835\ude6d\ud835\ude5e\ud835\ude68<\/p><p>\ud83d\udcc5 Promoci\u00f3n v\u00e1lida del 14 de marzo al 2 de abril<br \/>\u26a0\ufe0f Aplican restricciones.<\/p><p>\ud83d\udcf2 Cotiz\u00e1 al 2240-9600 y manej\u00e1 con total confianza \ud83d\ude97\u2728<\/p><p>\ud83d\udccd Pedregal \u2013 2523-5395<br \/>\ud83d\udccd Constituci\u00f3n \u2013 2262-1571<br \/>\ud83d\udccd Roma \u2013 2223-6130<br \/>\ud83d\udccd Merliot \u2013 2278-9755<br \/>\ud83d\udccd Santa Elena \u2013 2246-0029<br \/>\ud83d\udccd Venezuela \u2013 2271-1705<\/p><p>RESTRICCIONES PROMO PAREJA IDEAL:<br \/>* Promoci\u00f3n v\u00e1lida del 14 de marzo al 2 de abril de 2026 o hasta agotar existencias<br \/>* Estos descuentos no aplican con otras promociones u ofertas vigentes.<br \/>&#8211; V\u00e1lido \u00fanicamente en llantas seleccionadas de las marcas participantes.<br \/>* Promoci\u00f3n v\u00e1lida en todas las sucursales de Centro de Servicio Do\u00f1o.<br \/>* Im\u00e1genes con fines ilustrativos.<\/p>\t\t\t\t\t\t\t\t<\/div>\n\t\t\t\t<\/div>\n\t\t\t\t\t<\/div>\n\t\t<\/div>\n\t\t\t\t<div class=\"elementor-column elementor-col-50 elementor-top-column elementor-element elementor-element-f9e6948\" data-id=\"f9e6948\" data-element_type=\"column\" data-e-type=\"column\">\n\t\t\t<div class=\"elementor-widget-wrap elementor-element-populated\">\n\t\t\t\t\t\t<div class=\"elementor-element elementor-element-d168532 elementor-widget__width-initial elementor-widget elementor-widget-image\" data-id=\"d168532\" data-element_type=\"widget\" data-e-type=\"widget\" data-widget_type=\"image.default\">\n\t\t\t\t<div class=\"elementor-widget-container\">\n\t\t\t\t\t\t\t\t\t\t\t\t\t\t\t<img fetchpriority=\"high\" decoding=\"async\" width=\"1346\" height=\"1350\" src=\"https:\/\/elsalvadorllantas.com\/wp-content\/uploads\/2026\/03\/BANNER-WEB-MARZO-VE2-e1773620849658.jpg\" class=\"attachment-full size-full wp-image-21133\" alt=\"\" srcset=\"https:\/\/elsalvadorllantas.com\/wp-content\/uploads\/2026\/03\/BANNER-WEB-MARZO-VE2-e1773620849658.jpg 1346w, https:\/\/elsalvadorllantas.com\/wp-content\/uploads\/2026\/03\/BANNER-WEB-MARZO-VE2-e1773620849658-300x300.jpg 300w, https:\/\/elsalvadorllantas.com\/wp-content\/uploads\/2026\/03\/BANNER-WEB-MARZO-VE2-e1773620849658-1021x1024.jpg 1021w, https:\/\/elsalvadorllantas.com\/wp-content\/uploads\/2026\/03\/BANNER-WEB-MARZO-VE2-e1773620849658-150x150.jpg 150w, https:\/\/elsalvadorllantas.com\/wp-content\/uploads\/2026\/03\/BANNER-WEB-MARZO-VE2-e1773620849658-768x770.jpg 768w, https:\/\/elsalvadorllantas.com\/wp-content\/uploads\/2026\/03\/BANNER-WEB-MARZO-VE2-e1773620849658-350x350.jpg 350w, https:\/\/elsalvadorllantas.com\/wp-content\/uploads\/2026\/03\/BANNER-WEB-MARZO-VE2-e1773620849658-600x602.jpg 600w, https:\/\/elsalvadorllantas.com\/wp-content\/uploads\/2026\/03\/BANNER-WEB-MARZO-VE2-e1773620849658-100x100.jpg 100w, https:\/\/elsalvadorllantas.com\/wp-content\/uploads\/2026\/03\/BANNER-WEB-MARZO-VE2-e1773620849658-64x64.jpg 64w\" sizes=\"(max-width: 1346px) 100vw, 1346px\" \/>\t\t\t\t\t\t\t\t\t\t\t\t\t\t\t<\/div>\n\t\t\t\t<\/div>\n\t\t\t\t\t<\/div>\n\t\t<\/div>\n\t\t\t\t\t<\/div>\n\t\t<\/section>\n\t\t\t\t<\/div>\n\t\t","protected":false},"excerpt":{"rendered":"<p>Detalle de promoci\u00f3n \u2600\ufe0f\ud83d\udd25 \u00a1Lleg\u00f3 el \ud835\ude51\ud835\ude40\ud835\ude4d\ud835\ude3c\ud835\ude49\ud835\ude4a \ud835\ude40\ud835\ude49\ud835\ude47\ud835\ude47\ud835\ude3c\ud835\ude49\ud835\ude4f\ud835\ude3c\ud835\ude3f\ud835\ude4a\ud835\ude4d a Centro de Servicio Do\u00f1o! \ud83d\udd25\u2600\ufe0f Este verano es el momento perfecto para cambiar tus llantas y rodar con m\u00e1s seguridad, mejor agarre y al mejor precio. Tenemos DESCUENTOS ESPECIALES en medidas seleccionadas de llantas \ud83d\udd25 \ud835\ude4f\ud835\ude64\ud835\ude6e\ud835\ude64 \ud835\ude4f\ud835\ude5e\ud835\ude67\ud835\ude5a\ud835\ude68\ud83d\udd25 \ud835\ude48\ud835\ude56\ud835\ude6d\ud835\ude6d\ud835\ude5e\ud835\ude68 \ud83d\udcc5 Promoci\u00f3n v\u00e1lida del 14 de marzo al<br \/><a class=\"more-link\" href=\"https:\/\/elsalvadorllantas.com\/index.php\/detalle-de-promociones\/\"><br \/>\n        Ver m\u00e1s<span class=\"screen-reader-text\"> \u00abDetalle de Promociones\u00bb<\/span><\/a><\/p>\n","protected":false},"author":18,"featured_media":0,"parent":0,"menu_order":0,"comment_status":"closed","ping_status":"closed","template":"","meta":{"_acf_changed":false,"footnotes":""},"class_list":["post-12957","page","type-page","status-publish","hentry"],"acf":[],"yoast_head":"<!-- This site is optimized with the Yoast SEO plugin v26.8 - https:\/\/yoast.com\/product\/yoast-seo-wordpress\/ -->\r\n<title>Detalle de Promociones - Centro de Servicio Do\u00f1o<\/title>\r\n<meta name=\"robots\" content=\"index, follow, max-snippet:-1, max-image-preview:large, max-video-preview:-1\" \/>\r\n<link rel=\"canonical\" href=\"https:\/\/elsalvadorllantas.com\/index.php\/detalle-de-promociones\/\" \/>\r\n<meta property=\"og:locale\" content=\"es_ES\" \/>\r\n<meta property=\"og:type\" content=\"article\" \/>\r\n<meta property=\"og:title\" content=\"Detalle de Promociones - Centro de Servicio Do\u00f1o\" \/>\r\n<meta property=\"og:description\" content=\"Detalle de promoci\u00f3n \u2600\ufe0f\ud83d\udd25 \u00a1Lleg\u00f3 el \ud835\ude51\ud835\ude40\ud835\ude4d\ud835\ude3c\ud835\ude49\ud835\ude4a \ud835\ude40\ud835\ude49\ud835\ude47\ud835\ude47\ud835\ude3c\ud835\ude49\ud835\ude4f\ud835\ude3c\ud835\ude3f\ud835\ude4a\ud835\ude4d a Centro de Servicio Do\u00f1o! \ud83d\udd25\u2600\ufe0f Este verano es el momento perfecto para cambiar tus llantas y rodar con m\u00e1s seguridad, mejor agarre y al mejor precio. Tenemos DESCUENTOS ESPECIALES en medidas seleccionadas de llantas \ud83d\udd25 \ud835\ude4f\ud835\ude64\ud835\ude6e\ud835\ude64 \ud835\ude4f\ud835\ude5e\ud835\ude67\ud835\ude5a\ud835\ude68\ud83d\udd25 \ud835\ude48\ud835\ude56\ud835\ude6d\ud835\ude6d\ud835\ude5e\ud835\ude68 \ud83d\udcc5 Promoci\u00f3n v\u00e1lida del 14 de marzo al     Ver m\u00e1s &quot;Detalle de Promociones&quot;\" \/>\r\n<meta property=\"og:url\" content=\"https:\/\/elsalvadorllantas.com\/index.php\/detalle-de-promociones\/\" \/>\r\n<meta property=\"og:site_name\" content=\"Centro de Servicio Do\u00f1o\" \/>\r\n<meta property=\"article:modified_time\" content=\"2026-03-20T19:39:13+00:00\" \/>\r\n<meta property=\"og:image\" content=\"https:\/\/elsalvadorllantas.com\/wp-content\/uploads\/2026\/03\/BANNER-WEB-MARZO-VE2-e1773620849658.jpg\" \/>\r\n<meta name=\"twitter:card\" content=\"summary_large_image\" \/>\r\n<meta name=\"twitter:label1\" content=\"Tiempo de lectura\" \/>\n\t<meta name=\"twitter:data1\" content=\"2 minutos\" \/>\r\n<script type=\"application\/ld+json\" class=\"yoast-schema-graph\">{\"@context\":\"https:\/\/schema.org\",\"@graph\":[{\"@type\":\"WebPage\",\"@id\":\"https:\/\/elsalvadorllantas.com\/index.php\/detalle-de-promociones\/\",\"url\":\"https:\/\/elsalvadorllantas.com\/index.php\/detalle-de-promociones\/\",\"name\":\"Detalle de Promociones - Centro de Servicio Do\u00f1o\",\"isPartOf\":{\"@id\":\"https:\/\/elsalvadorllantas.com\/#website\"},\"primaryImageOfPage\":{\"@id\":\"https:\/\/elsalvadorllantas.com\/index.php\/detalle-de-promociones\/#primaryimage\"},\"image\":{\"@id\":\"https:\/\/elsalvadorllantas.com\/index.php\/detalle-de-promociones\/#primaryimage\"},\"thumbnailUrl\":\"https:\/\/elsalvadorllantas.com\/wp-content\/uploads\/2026\/03\/BANNER-WEB-MARZO-VE2-e1773620849658.jpg\",\"datePublished\":\"2022-04-29T20:41:20+00:00\",\"dateModified\":\"2026-03-20T19:39:13+00:00\",\"breadcrumb\":{\"@id\":\"https:\/\/elsalvadorllantas.com\/index.php\/detalle-de-promociones\/#breadcrumb\"},\"inLanguage\":\"es\",\"potentialAction\":[{\"@type\":\"ReadAction\",\"target\":[\"https:\/\/elsalvadorllantas.com\/index.php\/detalle-de-promociones\/\"]}]},{\"@type\":\"ImageObject\",\"inLanguage\":\"es\",\"@id\":\"https:\/\/elsalvadorllantas.com\/index.php\/detalle-de-promociones\/#primaryimage\",\"url\":\"https:\/\/elsalvadorllantas.com\/wp-content\/uploads\/2026\/03\/BANNER-WEB-MARZO-VE2-e1773620849658.jpg\",\"contentUrl\":\"https:\/\/elsalvadorllantas.com\/wp-content\/uploads\/2026\/03\/BANNER-WEB-MARZO-VE2-e1773620849658.jpg\",\"width\":1346,\"height\":1350},{\"@type\":\"BreadcrumbList\",\"@id\":\"https:\/\/elsalvadorllantas.com\/index.php\/detalle-de-promociones\/#breadcrumb\",\"itemListElement\":[{\"@type\":\"ListItem\",\"position\":1,\"name\":\"Inicio\",\"item\":\"https:\/\/elsalvadorllantas.com\/\"},{\"@type\":\"ListItem\",\"position\":2,\"name\":\"Detalle de Promociones\"}]},{\"@type\":\"WebSite\",\"@id\":\"https:\/\/elsalvadorllantas.com\/#website\",\"url\":\"https:\/\/elsalvadorllantas.com\/\",\"name\":\"Centro de Servicio Do\u00f1o\",\"description\":\"Venta de Llantas Nuevas - \u00a1Cotiza Ya!\",\"publisher\":{\"@id\":\"https:\/\/elsalvadorllantas.com\/#organization\"},\"potentialAction\":[{\"@type\":\"SearchAction\",\"target\":{\"@type\":\"EntryPoint\",\"urlTemplate\":\"https:\/\/elsalvadorllantas.com\/?s={search_term_string}\"},\"query-input\":{\"@type\":\"PropertyValueSpecification\",\"valueRequired\":true,\"valueName\":\"search_term_string\"}}],\"inLanguage\":\"es\"},{\"@type\":\"Organization\",\"@id\":\"https:\/\/elsalvadorllantas.com\/#organization\",\"name\":\"Centro de Servicio Do\u00f1o\",\"url\":\"https:\/\/elsalvadorllantas.com\/\",\"logo\":{\"@type\":\"ImageObject\",\"inLanguage\":\"es\",\"@id\":\"https:\/\/elsalvadorllantas.com\/#\/schema\/logo\/image\/\",\"url\":\"https:\/\/elsalvadorllantas.com\/wp-content\/uploads\/2021\/12\/Logo_Don\u0303o_Editable-CMYK-2.png\",\"contentUrl\":\"https:\/\/elsalvadorllantas.com\/wp-content\/uploads\/2021\/12\/Logo_Don\u0303o_Editable-CMYK-2.png\",\"width\":2139,\"height\":779,\"caption\":\"Centro de Servicio Do\u00f1o\"},\"image\":{\"@id\":\"https:\/\/elsalvadorllantas.com\/#\/schema\/logo\/image\/\"}}]}<\/script>\r\n<!-- \/ Yoast SEO plugin. -->","yoast_head_json":{"title":"Detalle de Promociones - Centro de Servicio Do\u00f1o","robots":{"index":"index","follow":"follow","max-snippet":"max-snippet:-1","max-image-preview":"max-image-preview:large","max-video-preview":"max-video-preview:-1"},"canonical":"https:\/\/elsalvadorllantas.com\/index.php\/detalle-de-promociones\/","og_locale":"es_ES","og_type":"article","og_title":"Detalle de Promociones - Centro de Servicio Do\u00f1o","og_description":"Detalle de promoci\u00f3n \u2600\ufe0f\ud83d\udd25 \u00a1Lleg\u00f3 el \ud835\ude51\ud835\ude40\ud835\ude4d\ud835\ude3c\ud835\ude49\ud835\ude4a \ud835\ude40\ud835\ude49\ud835\ude47\ud835\ude47\ud835\ude3c\ud835\ude49\ud835\ude4f\ud835\ude3c\ud835\ude3f\ud835\ude4a\ud835\ude4d a Centro de Servicio Do\u00f1o! \ud83d\udd25\u2600\ufe0f Este verano es el momento perfecto para cambiar tus llantas y rodar con m\u00e1s seguridad, mejor agarre y al mejor precio. Tenemos DESCUENTOS ESPECIALES en medidas seleccionadas de llantas \ud83d\udd25 \ud835\ude4f\ud835\ude64\ud835\ude6e\ud835\ude64 \ud835\ude4f\ud835\ude5e\ud835\ude67\ud835\ude5a\ud835\ude68\ud83d\udd25 \ud835\ude48\ud835\ude56\ud835\ude6d\ud835\ude6d\ud835\ude5e\ud835\ude68 \ud83d\udcc5 Promoci\u00f3n v\u00e1lida del 14 de marzo al     Ver m\u00e1s \"Detalle de Promociones\"","og_url":"https:\/\/elsalvadorllantas.com\/index.php\/detalle-de-promociones\/","og_site_name":"Centro de Servicio Do\u00f1o","article_modified_time":"2026-03-20T19:39:13+00:00","og_image":[{"url":"https:\/\/elsalvadorllantas.com\/wp-content\/uploads\/2026\/03\/BANNER-WEB-MARZO-VE2-e1773620849658.jpg","type":"","width":"","height":""}],"twitter_card":"summary_large_image","twitter_misc":{"Tiempo de lectura":"2 minutos"},"schema":{"@context":"https:\/\/schema.org","@graph":[{"@type":"WebPage","@id":"https:\/\/elsalvadorllantas.com\/index.php\/detalle-de-promociones\/","url":"https:\/\/elsalvadorllantas.com\/index.php\/detalle-de-promociones\/","name":"Detalle de Promociones - Centro de Servicio Do\u00f1o","isPartOf":{"@id":"https:\/\/elsalvadorllantas.com\/#website"},"primaryImageOfPage":{"@id":"https:\/\/elsalvadorllantas.com\/index.php\/detalle-de-promociones\/#primaryimage"},"image":{"@id":"https:\/\/elsalvadorllantas.com\/index.php\/detalle-de-promociones\/#primaryimage"},"thumbnailUrl":"https:\/\/elsalvadorllantas.com\/wp-content\/uploads\/2026\/03\/BANNER-WEB-MARZO-VE2-e1773620849658.jpg","datePublished":"2022-04-29T20:41:20+00:00","dateModified":"2026-03-20T19:39:13+00:00","breadcrumb":{"@id":"https:\/\/elsalvadorllantas.com\/index.php\/detalle-de-promociones\/#breadcrumb"},"inLanguage":"es","potentialAction":[{"@type":"ReadAction","target":["https:\/\/elsalvadorllantas.com\/index.php\/detalle-de-promociones\/"]}]},{"@type":"ImageObject","inLanguage":"es","@id":"https:\/\/elsalvadorllantas.com\/index.php\/detalle-de-promociones\/#primaryimage","url":"https:\/\/elsalvadorllantas.com\/wp-content\/uploads\/2026\/03\/BANNER-WEB-MARZO-VE2-e1773620849658.jpg","contentUrl":"https:\/\/elsalvadorllantas.com\/wp-content\/uploads\/2026\/03\/BANNER-WEB-MARZO-VE2-e1773620849658.jpg","width":1346,"height":1350},{"@type":"BreadcrumbList","@id":"https:\/\/elsalvadorllantas.com\/index.php\/detalle-de-promociones\/#breadcrumb","itemListElement":[{"@type":"ListItem","position":1,"name":"Inicio","item":"https:\/\/elsalvadorllantas.com\/"},{"@type":"ListItem","position":2,"name":"Detalle de Promociones"}]},{"@type":"WebSite","@id":"https:\/\/elsalvadorllantas.com\/#website","url":"https:\/\/elsalvadorllantas.com\/","name":"Centro de Servicio Do\u00f1o","description":"Venta de Llantas Nuevas - \u00a1Cotiza Ya!","publisher":{"@id":"https:\/\/elsalvadorllantas.com\/#organization"},"potentialAction":[{"@type":"SearchAction","target":{"@type":"EntryPoint","urlTemplate":"https:\/\/elsalvadorllantas.com\/?s={search_term_string}"},"query-input":{"@type":"PropertyValueSpecification","valueRequired":true,"valueName":"search_term_string"}}],"inLanguage":"es"},{"@type":"Organization","@id":"https:\/\/elsalvadorllantas.com\/#organization","name":"Centro de Servicio Do\u00f1o","url":"https:\/\/elsalvadorllantas.com\/","logo":{"@type":"ImageObject","inLanguage":"es","@id":"https:\/\/elsalvadorllantas.com\/#\/schema\/logo\/image\/","url":"https:\/\/elsalvadorllantas.com\/wp-content\/uploads\/2021\/12\/Logo_Don\u0303o_Editable-CMYK-2.png","contentUrl":"https:\/\/elsalvadorllantas.com\/wp-content\/uploads\/2021\/12\/Logo_Don\u0303o_Editable-CMYK-2.png","width":2139,"height":779,"caption":"Centro de Servicio Do\u00f1o"},"image":{"@id":"https:\/\/elsalvadorllantas.com\/#\/schema\/logo\/image\/"}}]}},"_links":{"self":[{"href":"https:\/\/elsalvadorllantas.com\/index.php\/wp-json\/wp\/v2\/pages\/12957","targetHints":{"allow":["GET"]}}],"collection":[{"href":"https:\/\/elsalvadorllantas.com\/index.php\/wp-json\/wp\/v2\/pages"}],"about":[{"href":"https:\/\/elsalvadorllantas.com\/index.php\/wp-json\/wp\/v2\/types\/page"}],"author":[{"embeddable":true,"href":"https:\/\/elsalvadorllantas.com\/index.php\/wp-json\/wp\/v2\/users\/18"}],"replies":[{"embeddable":true,"href":"https:\/\/elsalvadorllantas.com\/index.php\/wp-json\/wp\/v2\/comments?post=12957"}],"version-history":[{"count":102,"href":"https:\/\/elsalvadorllantas.com\/index.php\/wp-json\/wp\/v2\/pages\/12957\/revisions"}],"predecessor-version":[{"id":21229,"href":"https:\/\/elsalvadorllantas.com\/index.php\/wp-json\/wp\/v2\/pages\/12957\/revisions\/21229"}],"wp:attachment":[{"href":"https:\/\/elsalvadorllantas.com\/index.php\/wp-json\/wp\/v2\/media?parent=12957"}],"curies":[{"name":"wp","href":"https:\/\/api.w.org\/{rel}","templated":true}]}}