{"id":13742,"date":"2022-07-25T13:18:34","date_gmt":"2022-07-25T19:18:34","guid":{"rendered":"https:\/\/elsalvadorllantas.com\/?page_id=13742"},"modified":"2022-07-25T14:35:54","modified_gmt":"2022-07-25T20:35:54","slug":"presa-llantagosto","status":"publish","type":"page","link":"https:\/\/elsalvadorllantas.com\/index.php\/presa-llantagosto\/","title":{"rendered":"PRESA LLantagosto"},"content":{"rendered":"\t\t<div data-elementor-type=\"wp-page\" data-elementor-id=\"13742\" class=\"elementor elementor-13742\" data-elementor-post-type=\"page\">\n\t\t\t\t\t\t<section class=\"elementor-section elementor-top-section elementor-element elementor-element-6b392ba elementor-section-content-middle elementor-reverse-mobile elementor-section-boxed elementor-section-height-default elementor-section-height-default\" data-id=\"6b392ba\" data-element_type=\"section\" data-e-type=\"section\">\n\t\t\t\t\t\t<div class=\"elementor-container elementor-column-gap-no\">\n\t\t\t\t\t<div class=\"elementor-column elementor-col-50 elementor-top-column elementor-element elementor-element-17e20be6\" data-id=\"17e20be6\" data-element_type=\"column\" data-e-type=\"column\">\n\t\t\t<div class=\"elementor-widget-wrap elementor-element-populated\">\n\t\t\t\t\t\t<div class=\"elementor-element elementor-element-68145c38 elementor-widget elementor-widget-image\" data-id=\"68145c38\" data-element_type=\"widget\" data-e-type=\"widget\" data-widget_type=\"image.default\">\n\t\t\t\t<div class=\"elementor-widget-container\">\n\t\t\t\t\t\t\t\t\t\t\t\t\t\t\t<img fetchpriority=\"high\" decoding=\"async\" width=\"1200\" height=\"1200\" src=\"https:\/\/elsalvadorllantas.com\/wp-content\/uploads\/2022\/07\/Banners-Precios-Presa-llantas-mbl.jpg\" class=\"attachment-full size-full wp-image-13744\" alt=\"\" srcset=\"https:\/\/elsalvadorllantas.com\/wp-content\/uploads\/2022\/07\/Banners-Precios-Presa-llantas-mbl.jpg 1200w, https:\/\/elsalvadorllantas.com\/wp-content\/uploads\/2022\/07\/Banners-Precios-Presa-llantas-mbl-300x300.jpg 300w, https:\/\/elsalvadorllantas.com\/wp-content\/uploads\/2022\/07\/Banners-Precios-Presa-llantas-mbl-1024x1024.jpg 1024w, https:\/\/elsalvadorllantas.com\/wp-content\/uploads\/2022\/07\/Banners-Precios-Presa-llantas-mbl-150x150.jpg 150w, https:\/\/elsalvadorllantas.com\/wp-content\/uploads\/2022\/07\/Banners-Precios-Presa-llantas-mbl-768x768.jpg 768w, https:\/\/elsalvadorllantas.com\/wp-content\/uploads\/2022\/07\/Banners-Precios-Presa-llantas-mbl-350x350.jpg 350w, https:\/\/elsalvadorllantas.com\/wp-content\/uploads\/2022\/07\/Banners-Precios-Presa-llantas-mbl-600x600.jpg 600w, https:\/\/elsalvadorllantas.com\/wp-content\/uploads\/2022\/07\/Banners-Precios-Presa-llantas-mbl-100x100.jpg 100w, https:\/\/elsalvadorllantas.com\/wp-content\/uploads\/2022\/07\/Banners-Precios-Presa-llantas-mbl-64x64.jpg 64w\" sizes=\"(max-width: 1200px) 100vw, 1200px\" \/>\t\t\t\t\t\t\t\t\t\t\t\t\t\t\t<\/div>\n\t\t\t\t<\/div>\n\t\t\t\t<div class=\"elementor-element elementor-element-3f96e7d elementor-widget elementor-widget-text-editor\" data-id=\"3f96e7d\" data-element_type=\"widget\" data-e-type=\"widget\" data-widget_type=\"text-editor.default\">\n\t\t\t\t<div class=\"elementor-widget-container\">\n\t\t\t\t\t\t\t\t\tPromoci\u00f3n v\u00e1lida \u00fanica y exclusivamente en www.elsalavadorllantas.com. Precio incluye IVA. La Oferta es valida desde el 21 de Julio al 4 de Agosto del 2022. No incluye rin. Im\u00e1genes con fines ilustrativos. Medida seleccionada aplica para Marca Presa PS01, PSE1, PJ88. Precios sujetos a cambios sin previo aviso.\n<a href=\" https:\/\/elsalvadorllantas.com\/index.php\/detalle-de-promociones\/\" target=\"_blank\" >VER DETALLE DE PROMOI\u00d3N<\/a>\t\t\t\t\t\t\t\t<\/div>\n\t\t\t\t<\/div>\n\t\t\t\t\t<\/div>\n\t\t<\/div>\n\t\t\t\t<div class=\"elementor-column elementor-col-50 elementor-top-column elementor-element elementor-element-4f2e883d\" data-id=\"4f2e883d\" data-element_type=\"column\" data-e-type=\"column\">\n\t\t\t<div class=\"elementor-widget-wrap elementor-element-populated\">\n\t\t\t\t\t\t<div class=\"elementor-element elementor-element-2872815f elementor-widget elementor-widget-heading\" data-id=\"2872815f\" data-element_type=\"widget\" data-e-type=\"widget\" data-widget_type=\"heading.default\">\n\t\t\t\t<div class=\"elementor-widget-container\">\n\t\t\t\t\t<h4 class=\"elementor-heading-title elementor-size-default\">PRESA LLantagosto\n<\/h4>\t\t\t\t<\/div>\n\t\t\t\t<\/div>\n\t\t\t\t\t<\/div>\n\t\t<\/div>\n\t\t\t\t\t<\/div>\n\t\t<\/section>\n\t\t\t\t<\/div>\n\t\t","protected":false},"excerpt":{"rendered":"<p>Promoci\u00f3n v\u00e1lida \u00fanica y exclusivamente en www.elsalavadorllantas.com. Precio incluye IVA. La Oferta es valida desde el 21 de Julio al 4 de Agosto del 2022. No incluye rin. Im\u00e1genes con fines ilustrativos. Medida seleccionada aplica para Marca Presa PS01, PSE1, PJ88. Precios sujetos a cambios sin previo aviso. VER DETALLE DE PROMOI\u00d3N PRESA LLantagosto<\/p>\n","protected":false},"author":18,"featured_media":0,"parent":0,"menu_order":0,"comment_status":"closed","ping_status":"closed","template":"","meta":{"_acf_changed":false,"footnotes":""},"class_list":["post-13742","page","type-page","status-publish","hentry"],"acf":[],"yoast_head":"<!-- This site is optimized with the Yoast SEO plugin v26.8 - https:\/\/yoast.com\/product\/yoast-seo-wordpress\/ -->\r\n<title>PRESA LLantagosto - Centro de Servicio Do\u00f1o<\/title>\r\n<meta name=\"robots\" content=\"index, follow, max-snippet:-1, max-image-preview:large, max-video-preview:-1\" \/>\r\n<link rel=\"canonical\" href=\"https:\/\/elsalvadorllantas.com\/index.php\/presa-llantagosto\/\" \/>\r\n<meta property=\"og:locale\" content=\"es_ES\" \/>\r\n<meta property=\"og:type\" content=\"article\" \/>\r\n<meta property=\"og:title\" content=\"PRESA LLantagosto - Centro de Servicio Do\u00f1o\" \/>\r\n<meta property=\"og:description\" content=\"Promoci\u00f3n v\u00e1lida \u00fanica y exclusivamente en www.elsalavadorllantas.com. Precio incluye IVA. La Oferta es valida desde el 21 de Julio al 4 de Agosto del 2022. No incluye rin. Im\u00e1genes con fines ilustrativos. Medida seleccionada aplica para Marca Presa PS01, PSE1, PJ88. Precios sujetos a cambios sin previo aviso. VER DETALLE DE PROMOI\u00d3N PRESA LLantagosto\" \/>\r\n<meta property=\"og:url\" content=\"https:\/\/elsalvadorllantas.com\/index.php\/presa-llantagosto\/\" \/>\r\n<meta property=\"og:site_name\" content=\"Centro de Servicio Do\u00f1o\" \/>\r\n<meta property=\"article:modified_time\" content=\"2022-07-25T20:35:54+00:00\" \/>\r\n<meta property=\"og:image\" content=\"https:\/\/elsalvadorllantas.com\/wp-content\/uploads\/2022\/07\/Banners-Precios-Presa-llantas-mbl.jpg\" \/>\r\n<meta name=\"twitter:card\" content=\"summary_large_image\" \/>\r\n<script type=\"application\/ld+json\" class=\"yoast-schema-graph\">{\"@context\":\"https:\/\/schema.org\",\"@graph\":[{\"@type\":\"WebPage\",\"@id\":\"https:\/\/elsalvadorllantas.com\/index.php\/presa-llantagosto\/\",\"url\":\"https:\/\/elsalvadorllantas.com\/index.php\/presa-llantagosto\/\",\"name\":\"PRESA LLantagosto - Centro de Servicio Do\u00f1o\",\"isPartOf\":{\"@id\":\"https:\/\/elsalvadorllantas.com\/#website\"},\"primaryImageOfPage\":{\"@id\":\"https:\/\/elsalvadorllantas.com\/index.php\/presa-llantagosto\/#primaryimage\"},\"image\":{\"@id\":\"https:\/\/elsalvadorllantas.com\/index.php\/presa-llantagosto\/#primaryimage\"},\"thumbnailUrl\":\"https:\/\/elsalvadorllantas.com\/wp-content\/uploads\/2022\/07\/Banners-Precios-Presa-llantas-mbl.jpg\",\"datePublished\":\"2022-07-25T19:18:34+00:00\",\"dateModified\":\"2022-07-25T20:35:54+00:00\",\"breadcrumb\":{\"@id\":\"https:\/\/elsalvadorllantas.com\/index.php\/presa-llantagosto\/#breadcrumb\"},\"inLanguage\":\"es\",\"potentialAction\":[{\"@type\":\"ReadAction\",\"target\":[\"https:\/\/elsalvadorllantas.com\/index.php\/presa-llantagosto\/\"]}]},{\"@type\":\"ImageObject\",\"inLanguage\":\"es\",\"@id\":\"https:\/\/elsalvadorllantas.com\/index.php\/presa-llantagosto\/#primaryimage\",\"url\":\"https:\/\/elsalvadorllantas.com\/wp-content\/uploads\/2022\/07\/Banners-Precios-Presa-llantas-mbl.jpg\",\"contentUrl\":\"https:\/\/elsalvadorllantas.com\/wp-content\/uploads\/2022\/07\/Banners-Precios-Presa-llantas-mbl.jpg\",\"width\":1200,\"height\":1200},{\"@type\":\"BreadcrumbList\",\"@id\":\"https:\/\/elsalvadorllantas.com\/index.php\/presa-llantagosto\/#breadcrumb\",\"itemListElement\":[{\"@type\":\"ListItem\",\"position\":1,\"name\":\"Inicio\",\"item\":\"https:\/\/elsalvadorllantas.com\/\"},{\"@type\":\"ListItem\",\"position\":2,\"name\":\"PRESA LLantagosto\"}]},{\"@type\":\"WebSite\",\"@id\":\"https:\/\/elsalvadorllantas.com\/#website\",\"url\":\"https:\/\/elsalvadorllantas.com\/\",\"name\":\"Centro de Servicio Do\u00f1o\",\"description\":\"Venta de Llantas Nuevas - \u00a1Cotiza Ya!\",\"publisher\":{\"@id\":\"https:\/\/elsalvadorllantas.com\/#organization\"},\"potentialAction\":[{\"@type\":\"SearchAction\",\"target\":{\"@type\":\"EntryPoint\",\"urlTemplate\":\"https:\/\/elsalvadorllantas.com\/?s={search_term_string}\"},\"query-input\":{\"@type\":\"PropertyValueSpecification\",\"valueRequired\":true,\"valueName\":\"search_term_string\"}}],\"inLanguage\":\"es\"},{\"@type\":\"Organization\",\"@id\":\"https:\/\/elsalvadorllantas.com\/#organization\",\"name\":\"Centro de Servicio Do\u00f1o\",\"url\":\"https:\/\/elsalvadorllantas.com\/\",\"logo\":{\"@type\":\"ImageObject\",\"inLanguage\":\"es\",\"@id\":\"https:\/\/elsalvadorllantas.com\/#\/schema\/logo\/image\/\",\"url\":\"https:\/\/elsalvadorllantas.com\/wp-content\/uploads\/2021\/12\/Logo_Don\u0303o_Editable-CMYK-2.png\",\"contentUrl\":\"https:\/\/elsalvadorllantas.com\/wp-content\/uploads\/2021\/12\/Logo_Don\u0303o_Editable-CMYK-2.png\",\"width\":2139,\"height\":779,\"caption\":\"Centro de Servicio Do\u00f1o\"},\"image\":{\"@id\":\"https:\/\/elsalvadorllantas.com\/#\/schema\/logo\/image\/\"}}]}<\/script>\r\n<!-- \/ Yoast SEO plugin. -->","yoast_head_json":{"title":"PRESA LLantagosto - Centro de Servicio Do\u00f1o","robots":{"index":"index","follow":"follow","max-snippet":"max-snippet:-1","max-image-preview":"max-image-preview:large","max-video-preview":"max-video-preview:-1"},"canonical":"https:\/\/elsalvadorllantas.com\/index.php\/presa-llantagosto\/","og_locale":"es_ES","og_type":"article","og_title":"PRESA LLantagosto - Centro de Servicio Do\u00f1o","og_description":"Promoci\u00f3n v\u00e1lida \u00fanica y exclusivamente en www.elsalavadorllantas.com. Precio incluye IVA. La Oferta es valida desde el 21 de Julio al 4 de Agosto del 2022. No incluye rin. Im\u00e1genes con fines ilustrativos. Medida seleccionada aplica para Marca Presa PS01, PSE1, PJ88. Precios sujetos a cambios sin previo aviso. VER DETALLE DE PROMOI\u00d3N PRESA LLantagosto","og_url":"https:\/\/elsalvadorllantas.com\/index.php\/presa-llantagosto\/","og_site_name":"Centro de Servicio Do\u00f1o","article_modified_time":"2022-07-25T20:35:54+00:00","og_image":[{"url":"https:\/\/elsalvadorllantas.com\/wp-content\/uploads\/2022\/07\/Banners-Precios-Presa-llantas-mbl.jpg","type":"","width":"","height":""}],"twitter_card":"summary_large_image","schema":{"@context":"https:\/\/schema.org","@graph":[{"@type":"WebPage","@id":"https:\/\/elsalvadorllantas.com\/index.php\/presa-llantagosto\/","url":"https:\/\/elsalvadorllantas.com\/index.php\/presa-llantagosto\/","name":"PRESA LLantagosto - Centro de Servicio Do\u00f1o","isPartOf":{"@id":"https:\/\/elsalvadorllantas.com\/#website"},"primaryImageOfPage":{"@id":"https:\/\/elsalvadorllantas.com\/index.php\/presa-llantagosto\/#primaryimage"},"image":{"@id":"https:\/\/elsalvadorllantas.com\/index.php\/presa-llantagosto\/#primaryimage"},"thumbnailUrl":"https:\/\/elsalvadorllantas.com\/wp-content\/uploads\/2022\/07\/Banners-Precios-Presa-llantas-mbl.jpg","datePublished":"2022-07-25T19:18:34+00:00","dateModified":"2022-07-25T20:35:54+00:00","breadcrumb":{"@id":"https:\/\/elsalvadorllantas.com\/index.php\/presa-llantagosto\/#breadcrumb"},"inLanguage":"es","potentialAction":[{"@type":"ReadAction","target":["https:\/\/elsalvadorllantas.com\/index.php\/presa-llantagosto\/"]}]},{"@type":"ImageObject","inLanguage":"es","@id":"https:\/\/elsalvadorllantas.com\/index.php\/presa-llantagosto\/#primaryimage","url":"https:\/\/elsalvadorllantas.com\/wp-content\/uploads\/2022\/07\/Banners-Precios-Presa-llantas-mbl.jpg","contentUrl":"https:\/\/elsalvadorllantas.com\/wp-content\/uploads\/2022\/07\/Banners-Precios-Presa-llantas-mbl.jpg","width":1200,"height":1200},{"@type":"BreadcrumbList","@id":"https:\/\/elsalvadorllantas.com\/index.php\/presa-llantagosto\/#breadcrumb","itemListElement":[{"@type":"ListItem","position":1,"name":"Inicio","item":"https:\/\/elsalvadorllantas.com\/"},{"@type":"ListItem","position":2,"name":"PRESA LLantagosto"}]},{"@type":"WebSite","@id":"https:\/\/elsalvadorllantas.com\/#website","url":"https:\/\/elsalvadorllantas.com\/","name":"Centro de Servicio Do\u00f1o","description":"Venta de Llantas Nuevas - \u00a1Cotiza Ya!","publisher":{"@id":"https:\/\/elsalvadorllantas.com\/#organization"},"potentialAction":[{"@type":"SearchAction","target":{"@type":"EntryPoint","urlTemplate":"https:\/\/elsalvadorllantas.com\/?s={search_term_string}"},"query-input":{"@type":"PropertyValueSpecification","valueRequired":true,"valueName":"search_term_string"}}],"inLanguage":"es"},{"@type":"Organization","@id":"https:\/\/elsalvadorllantas.com\/#organization","name":"Centro de Servicio Do\u00f1o","url":"https:\/\/elsalvadorllantas.com\/","logo":{"@type":"ImageObject","inLanguage":"es","@id":"https:\/\/elsalvadorllantas.com\/#\/schema\/logo\/image\/","url":"https:\/\/elsalvadorllantas.com\/wp-content\/uploads\/2021\/12\/Logo_Don\u0303o_Editable-CMYK-2.png","contentUrl":"https:\/\/elsalvadorllantas.com\/wp-content\/uploads\/2021\/12\/Logo_Don\u0303o_Editable-CMYK-2.png","width":2139,"height":779,"caption":"Centro de Servicio Do\u00f1o"},"image":{"@id":"https:\/\/elsalvadorllantas.com\/#\/schema\/logo\/image\/"}}]}},"_links":{"self":[{"href":"https:\/\/elsalvadorllantas.com\/index.php\/wp-json\/wp\/v2\/pages\/13742","targetHints":{"allow":["GET"]}}],"collection":[{"href":"https:\/\/elsalvadorllantas.com\/index.php\/wp-json\/wp\/v2\/pages"}],"about":[{"href":"https:\/\/elsalvadorllantas.com\/index.php\/wp-json\/wp\/v2\/types\/page"}],"author":[{"embeddable":true,"href":"https:\/\/elsalvadorllantas.com\/index.php\/wp-json\/wp\/v2\/users\/18"}],"replies":[{"embeddable":true,"href":"https:\/\/elsalvadorllantas.com\/index.php\/wp-json\/wp\/v2\/comments?post=13742"}],"version-history":[{"count":0,"href":"https:\/\/elsalvadorllantas.com\/index.php\/wp-json\/wp\/v2\/pages\/13742\/revisions"}],"wp:attachment":[{"href":"https:\/\/elsalvadorllantas.com\/index.php\/wp-json\/wp\/v2\/media?parent=13742"}],"curies":[{"name":"wp","href":"https:\/\/api.w.org\/{rel}","templated":true}]}}