{"id":9371,"date":"2021-10-04T22:20:35","date_gmt":"2021-10-04T22:20:35","guid":{"rendered":"https:\/\/elsalvadorllantas.com\/?page_id=9371"},"modified":"2022-02-25T14:54:18","modified_gmt":"2022-02-25T20:54:18","slug":"reembolso_devoluciones","status":"publish","type":"page","link":"https:\/\/elsalvadorllantas.com\/index.php\/reembolso_devoluciones\/","title":{"rendered":"T\u00c9RMINOS\u00a0DE\u00a0SERVICIO"},"content":{"rendered":"\n<p class=\"has-text-align-left\">Este\u00a0sitio\u00a0web\u00a0es\u00a0operado\u00a0por\u00a0Centro\u00a0de\u00a0Servicio\u00a0Do\u00f1o\u00a0S.A.\u00a0de\u00a0C.V.\u00a0En\u00a0todo\u00a0el\u00a0sitio,\u00a0los\u00a0t\u00e9rminos\u00a0\u201cnosotros\u201d,\u00a0\u201cnos\u201d\u00a0y\u00a0\u201cnuestro\u201d\u00a0se\u00a0refieren\u00a0a\u00a0Centro\u00a0de\u00a0Servicio\u00a0Do\u00f1o\u00a0S.A.\u00a0de\u00a0C.V.\u00a0<\/p>\n\n\n\n<p><a href=\"https:\/\/elsalvadorllantas.com\/\" target=\"_blank\" rel=\"noreferrer noopener\">www.elsalvadorllantas.com<\/a> \/ <a href=\"http:\/\/www.llantasdono.online\/\" target=\"_blank\" rel=\"noreferrer noopener\">www.llantasdono.online<\/a> ,\u00a0son sitios web que pertenecen a <strong><em>Centro de Servicio Do\u00f1o S.A. de C.V.<\/em><\/strong>\u00a0<\/p>\n\n\n\n<p>NIT: <strong><em>0614-030593-102-9<\/em><\/strong>&nbsp;<\/p>\n\n\n\n<p>Raz\u00f3n Social: <strong><em>Venta de partes, piezas y accesorios nuevos para veh\u00edculos automotores.<\/em><\/strong>&nbsp;<\/p>\n\n\n\n<p>Domicilio:\u00a0<strong><em>Calle Conchagua Pte. No. 13, Urbanizaci\u00f3n Santa Elena, costado Norte de Embajada Americana, El Salvador S.A. de C.V.<\/em><\/strong>\u00a0<\/p>\n\n\n\n<p>Tel\u00e9fono: <strong><em>2240-9600<\/em><\/strong>&nbsp;<\/p>\n\n\n\n<p>Correo Electr\u00f3nico: <a href=\"mailto:atencionalcliente@centrodono.com\" target=\"_blank\" rel=\"noreferrer noopener\">atencionalcliente@centrodono.com<\/a>&nbsp;<\/p>\n\n\n\n<p>Horario de Atenci\u00f3n:&nbsp;<\/p>\n\n\n\n<p>Lunes \u2013 Viernes: <strong><em>8:00 a.m. a 05:30 p.m.<\/em><\/strong>&nbsp;<\/p>\n\n\n\n<p>S\u00e1bado <strong><em>8:00 a.m. &#8211; 3:00 p.m.<\/em><\/strong>\u00a0<\/p>\n\n\n\n<p class=\"has-text-align-left\">Centro\u00a0de\u00a0Servicio\u00a0Do\u00f1o\u00a0S.A.\u00a0de\u00a0C.V.\u00a0ofrece\u00a0este\u00a0sitio\u00a0web,\u00a0incluyendo\u00a0toda\u00a0la\u00a0informaci\u00f3n,\u00a0herramientas\u00a0y\u00a0servicios\u00a0disponibles\u00a0para\u00a0ti\u00a0en\u00a0este\u00a0sitio,\u00a0el\u00a0usuario,\u00a0est\u00e1\u00a0condicionado\u00a0a\u00a0la\u00a0aceptaci\u00f3n\u00a0de\u00a0todos\u00a0los\u00a0t\u00e9rminos,\u00a0condiciones,\u00a0pol\u00edticas\u00a0y\u00a0notificaciones\u00a0aqu\u00ed\u00a0establecidos.\u00a0\u00a0<\/p>\n\n\n\n<p class=\"has-text-align-left\">Al&nbsp;visitar&nbsp;nuestro&nbsp;sitio&nbsp;y\/o&nbsp;comprar&nbsp;algo&nbsp;de&nbsp;nosotros,&nbsp;paticipas&nbsp;en&nbsp;nuestro&nbsp;\u201cServicio\u201d&nbsp;y&nbsp;aceptas&nbsp;los&nbsp;siguientes&nbsp;t\u00e9rminos&nbsp;y&nbsp;condiciones&nbsp;(\u201cT\u00e9rminos&nbsp;de&nbsp;Servicio\u201d,&nbsp;\u201cT\u00e9rminos\u201d),&nbsp;inclu\u00eddos&nbsp;todos&nbsp;los&nbsp;t\u00e9rminos&nbsp;y&nbsp;condiciones&nbsp;adicionales&nbsp;y&nbsp;las&nbsp;pol\u00edticas&nbsp;a&nbsp;las&nbsp;que&nbsp;se&nbsp;hace&nbsp;referencia&nbsp;en&nbsp;el&nbsp;presente&nbsp;documento&nbsp;y\/o&nbsp;disponible&nbsp;a&nbsp;trav\u00e9s&nbsp;de&nbsp;hiperv\u00ednculos.&nbsp;Estas&nbsp;Condiciones&nbsp;de&nbsp;Servicio&nbsp;se&nbsp;aplican&nbsp;a&nbsp;todos&nbsp;los&nbsp;usuarios&nbsp;del&nbsp;sitio,&nbsp;incluyendo&nbsp;si&nbsp;limitaci\u00f3n&nbsp;a&nbsp;usuarios&nbsp;que&nbsp;sean&nbsp;navegadores,&nbsp;proveedores,&nbsp;clientes,&nbsp;comerciantes,&nbsp;y\/o&nbsp;colaboradores&nbsp;de&nbsp;contenido.&nbsp;&nbsp;<\/p>\n\n\n\n<p class=\"has-text-align-left\">Al&nbsp;acceder&nbsp;o&nbsp;utilizar&nbsp;cualquier&nbsp;parte&nbsp;del&nbsp;sitio,&nbsp;est\u00e1s&nbsp;aceptando&nbsp;los&nbsp;T\u00e9rminos&nbsp;de&nbsp;Servicio.&nbsp;&nbsp;&nbsp;<\/p>\n\n\n\n<p class=\"has-text-align-left\">Entiendes&nbsp;que&nbsp;tu&nbsp;contenido&nbsp;(sin&nbsp;incluir&nbsp;la&nbsp;informaci\u00f3n&nbsp;de&nbsp;tu&nbsp;tarjeta&nbsp;de&nbsp;cr\u00e9dito),&nbsp;puede&nbsp;ser&nbsp;transferida&nbsp;sin&nbsp;encriptar&nbsp;e&nbsp;involucrar&nbsp;(a)&nbsp;transmisiones&nbsp;a&nbsp;trav\u00e9s&nbsp;de&nbsp;varias&nbsp;redes;&nbsp;y&nbsp;(b)&nbsp;cambios&nbsp;para&nbsp;ajustarse&nbsp;o&nbsp;adaptarse&nbsp;a&nbsp;los&nbsp;requisitos&nbsp;t\u00e9cnicosde&nbsp;conexi\u00f3n&nbsp;de&nbsp;redes&nbsp;o&nbsp;dispositivos.&nbsp;La&nbsp;informaci\u00f3n&nbsp;de&nbsp;tarjetas&nbsp;de&nbsp;cr\u00e9dito&nbsp;est\u00e1&nbsp;siempre&nbsp;encriptada&nbsp;durante&nbsp;la&nbsp;transferencia&nbsp;a&nbsp;trav\u00e9s&nbsp;de&nbsp;las&nbsp;redes.&nbsp;&nbsp;<\/p>\n\n\n\n<p class=\"has-text-align-left\">Los&nbsp;precios&nbsp;de&nbsp;todos&nbsp;los&nbsp;productos&nbsp;publicados&nbsp;incluyen&nbsp;IVA.&nbsp;&nbsp;&nbsp;<\/p>\n\n\n\n<p class=\"has-text-align-left\">Los&nbsp;precios&nbsp;de&nbsp;nuestros&nbsp;productos&nbsp;est\u00e1n&nbsp;sujetos&nbsp;a&nbsp;cambio&nbsp;sin&nbsp;aviso.&nbsp;&nbsp;<\/p>\n\n\n\n<p class=\"has-text-align-left\">Nos&nbsp;reservamos&nbsp;el&nbsp;derecho&nbsp;de&nbsp;modificar&nbsp;o&nbsp;discontinuar&nbsp;el&nbsp;Servicio&nbsp;(o&nbsp;cualquier&nbsp;parte&nbsp;del&nbsp;contenido)&nbsp;en&nbsp;cualquier&nbsp;momento&nbsp;sin&nbsp;aviso&nbsp;previo.&nbsp;&nbsp;<\/p>\n\n\n\n<p class=\"has-text-align-left\">Los&nbsp;precios&nbsp;publicados&nbsp;en&nbsp;el&nbsp;sitio&nbsp;web&nbsp;no&nbsp;son&nbsp;necesariamente&nbsp;los&nbsp;mismos&nbsp;precios&nbsp;ofrecidos&nbsp;en&nbsp;las&nbsp;sucursales&nbsp;f\u00edsicas&nbsp;de&nbsp;Centro&nbsp;de&nbsp;Servicio&nbsp;Do\u00f1o&nbsp;S.A.&nbsp;de&nbsp;C.V.&nbsp;&nbsp;<\/p>\n\n\n\n<p class=\"has-text-align-left\">Ciertos&nbsp;productos&nbsp;o&nbsp;servicios&nbsp;pueden&nbsp;estar&nbsp;disponibles&nbsp;exclusivamente&nbsp;en&nbsp;l\u00ednea&nbsp;a&nbsp;trav\u00e9s&nbsp;del&nbsp;sitio&nbsp;web.&nbsp;Estos&nbsp;productos&nbsp;o&nbsp;servicios&nbsp;pueden&nbsp;tener&nbsp;cantidades&nbsp;limitadas&nbsp;y&nbsp;estar&nbsp;sujetas&nbsp;a&nbsp;devoluci\u00f3n&nbsp;o&nbsp;cambio&nbsp;de&nbsp;acuerdo&nbsp;con&nbsp;nuestra&nbsp;pol\u00edtica&nbsp;de&nbsp;devoluci\u00f3n&nbsp;solamente.&nbsp;&nbsp;<\/p>\n\n\n\n<p class=\"has-text-align-left\">Nos&nbsp;reservamos&nbsp;el&nbsp;derecho&nbsp;de&nbsp;cancelar&nbsp;cualquier&nbsp;pedido&nbsp;que&nbsp;realice&nbsp;con&nbsp;nosotros.&nbsp;Estas&nbsp;restricciones&nbsp;pueden&nbsp;incluir&nbsp;pedidos&nbsp;realizados&nbsp;por&nbsp;o&nbsp;bajo&nbsp;la&nbsp;misma&nbsp;cuenta&nbsp;de&nbsp;cliente,&nbsp;la&nbsp;misma&nbsp;tarjeta&nbsp;de&nbsp;cr\u00e9dito,&nbsp;y\/o&nbsp;pedidos&nbsp;que&nbsp;utilizan&nbsp;la&nbsp;misma&nbsp;facturaci\u00f3n&nbsp;y\/o&nbsp;direcci\u00f3n&nbsp;de&nbsp;env\u00edo.&nbsp;&nbsp;&nbsp;&nbsp;<\/p>\n\n\n\n<p class=\"has-text-align-left\">En&nbsp;el&nbsp;caso&nbsp;de&nbsp;que&nbsp;hagamos&nbsp;un&nbsp;cambio&nbsp;o&nbsp;cancelemos&nbsp;una&nbsp;orden,&nbsp;podemos&nbsp;intentar&nbsp;notificarte&nbsp;poni\u00e9ndonos&nbsp;en&nbsp;contacto&nbsp;v\u00eda&nbsp;correo&nbsp;electr\u00f3nico&nbsp;y\/o&nbsp;direcci\u00f3n&nbsp;de&nbsp;facturaci\u00f3n&nbsp;\/&nbsp;n\u00famero&nbsp;de&nbsp;tel\u00e9fono&nbsp;proporcionado&nbsp;en&nbsp;el&nbsp;momento&nbsp;que&nbsp;se&nbsp;hizo&nbsp;pedido.&nbsp;Nos&nbsp;reservamos&nbsp;el&nbsp;derecho&nbsp;de&nbsp;rechazar&nbsp;aquellas&nbsp;transacciones&nbsp;con&nbsp;informaci\u00f3n&nbsp;insuficiente&nbsp;para&nbsp;su&nbsp;procesamiento.&nbsp;&nbsp;&nbsp;<\/p>\n\n\n\n<p class=\"has-text-align-left\">Te&nbsp;comprometes&nbsp;a&nbsp;proporcionar&nbsp;informaci\u00f3n&nbsp;real,&nbsp;actual,&nbsp;completa&nbsp;y&nbsp;precisa&nbsp;de&nbsp;la&nbsp;compra&nbsp;y&nbsp;cuenta&nbsp;utilizada&nbsp;para&nbsp;todas&nbsp;las&nbsp;compras&nbsp;realizadas&nbsp;en&nbsp;este&nbsp;sitio&nbsp;web.&nbsp;&nbsp;&nbsp;&nbsp;<\/p>\n\n\n\n<p class=\"has-text-align-left\">Para&nbsp;m\u00e1s&nbsp;detalles,&nbsp;por&nbsp;favor&nbsp;revisa&nbsp;nuestra&nbsp;Pol\u00edtica&nbsp;de&nbsp;Devoluciones.&nbsp;&nbsp;<\/p>\n\n\n\n<p class=\"has-text-align-left\">En&nbsp;adici\u00f3n&nbsp;a&nbsp;otras&nbsp;prohibiciones&nbsp;como&nbsp;se&nbsp;establece&nbsp;en&nbsp;los&nbsp;T\u00e9rminos&nbsp;de&nbsp;Servicio,&nbsp;se&nbsp;prohibe&nbsp;el&nbsp;uso&nbsp;del&nbsp;sitio&nbsp;o&nbsp;su&nbsp;contenido:&nbsp;(a)&nbsp;para&nbsp;ning\u00fan&nbsp;prop\u00f3sito&nbsp;ilegal;&nbsp;(b)&nbsp;para&nbsp;pedirle&nbsp;a&nbsp;otros&nbsp;que&nbsp;realicen&nbsp;o&nbsp;partiicpen&nbsp;en&nbsp;actos&nbsp;il\u00edcitos;&nbsp;(c)&nbsp;para&nbsp;violar&nbsp;cualquier&nbsp;regulaci\u00f3n,&nbsp;reglas,&nbsp;leyes&nbsp;internacionales,&nbsp;federales,&nbsp;provinciales&nbsp;o&nbsp;estatales,&nbsp;u&nbsp;ordenanzas&nbsp;locales;&nbsp;(d)&nbsp;para&nbsp;infringir&nbsp;o&nbsp;violar&nbsp;el&nbsp;derecho&nbsp;de&nbsp;propiedad&nbsp;intelectual&nbsp;nuestro&nbsp;o&nbsp;de&nbsp;terceras&nbsp;partes;&nbsp;(e)&nbsp;para&nbsp;acosar,&nbsp;abusar,&nbsp;insultar,&nbsp;da\u00f1ar,&nbsp;difamar,&nbsp;calumniar,&nbsp;desprestigiar,&nbsp;intimidar&nbsp;o&nbsp;discriminar&nbsp;por&nbsp;razones&nbsp;de&nbsp;g\u00e9nero,&nbsp;orientaci\u00f3n&nbsp;sexual,&nbsp;religi\u00f3n,&nbsp;tnia,&nbsp;raza,&nbsp;edad,&nbsp;nacionalidad&nbsp;o&nbsp;discapacidad;&nbsp;(f)&nbsp;para&nbsp;presentar&nbsp;informaci\u00f3n&nbsp;falsa&nbsp;o&nbsp;enga\u00f1osa;&nbsp;(g)&nbsp;para&nbsp;cargar&nbsp;o&nbsp;transmitir&nbsp;virus&nbsp;o&nbsp;cualquier&nbsp;otro&nbsp;tipo&nbsp;de&nbsp;c\u00f3digo&nbsp;malicioso&nbsp;que&nbsp;sea&nbsp;o&nbsp;pueda&nbsp;ser&nbsp;utilizado&nbsp;en&nbsp;cualquier&nbsp;forma&nbsp;que&nbsp;pueda&nbsp;comprometer&nbsp;la&nbsp;funcionalidad&nbsp;o&nbsp;el&nbsp;funcionamientodel&nbsp;Servicio&nbsp;o&nbsp;de&nbsp;cualquier&nbsp;sitio&nbsp;web&nbsp;relacionado,&nbsp;otros&nbsp;sitios&nbsp;o&nbsp;Internet;&nbsp;(h)&nbsp;para&nbsp;recopilar&nbsp;o&nbsp;rastrear&nbsp;informaci\u00f3n&nbsp;personal&nbsp;de&nbsp;otros;&nbsp;(i)&nbsp;para&nbsp;generar&nbsp;spam,&nbsp;phish,&nbsp;pharm,&nbsp;pretext,&nbsp;spider,&nbsp;crawl,&nbsp;or&nbsp;scrape;&nbsp;(j)&nbsp;para&nbsp;cualquier&nbsp;prop\u00f3sito&nbsp;obsceno&nbsp;o&nbsp;inmoral;&nbsp;o&nbsp;(k)&nbsp;para&nbsp;interferir&nbsp;con&nbsp;o&nbsp;burlar&nbsp;los&nbsp;elementos&nbsp;de&nbsp;seguridad&nbsp;del&nbsp;Servicio&nbsp;o&nbsp;cualquier&nbsp;sitio&nbsp;web&nbsp;relacionad,&nbsp;otros&nbsp;sitios&nbsp;o&nbsp;Internet.&nbsp;Nos&nbsp;reservamos&nbsp;el&nbsp;derecho&nbsp;de&nbsp;suspender&nbsp;el&nbsp;uso&nbsp;del&nbsp;Servicio&nbsp;o&nbsp;de&nbsp;cualquier&nbsp;sitio&nbsp;web&nbsp;relacionado&nbsp;por&nbsp;violar&nbsp;cualquiera&nbsp;de&nbsp;los&nbsp;\u00edtems&nbsp;de&nbsp;los&nbsp;usos&nbsp;prohibidos.&nbsp;&nbsp;<\/p>\n\n\n\n<p class=\"has-text-align-left\">Estas&nbsp;Condiciones&nbsp;del&nbsp;servicio&nbsp;y&nbsp;cualquier&nbsp;acuerdo&nbsp;aparte&nbsp;en&nbsp;el&nbsp;que&nbsp;te&nbsp;proporcionemos&nbsp;servicios&nbsp;se&nbsp;regir\u00e1n&nbsp;e&nbsp;interpretar\u00e1n&nbsp;en&nbsp;conformidad&nbsp;con&nbsp;las&nbsp;leyes&nbsp;de&nbsp;El&nbsp;Salvador.&nbsp;&nbsp;<\/p>\n\n\n\n<p class=\"has-text-align-left\">Puedes&nbsp;revisar&nbsp;la&nbsp;versi\u00f3n&nbsp;m\u00e1s&nbsp;actualizada&nbsp;de&nbsp;los&nbsp;T\u00e9rminos&nbsp;de&nbsp;Servicio&nbsp;en&nbsp;cualquier&nbsp;momento&nbsp;en&nbsp;esta&nbsp;p\u00e1gina.&nbsp;&nbsp;<\/p>\n\n\n\n<p class=\"has-text-align-left\">Nos&nbsp;reservamos&nbsp;el&nbsp;derecho,&nbsp;a&nbsp;nuestra&nbsp;sola&nbsp;discreci\u00f3n,&nbsp;de&nbsp;actualizar,&nbsp;modificar&nbsp;o&nbsp;reemplazar&nbsp;cualquier&nbsp;parte&nbsp;de&nbsp;estas&nbsp;Condiciones&nbsp;del&nbsp;servicio&nbsp;mediante&nbsp;la&nbsp;publicaci\u00f3n&nbsp;de&nbsp;las&nbsp;actualizaciones&nbsp;y&nbsp;los&nbsp;cambios&nbsp;en&nbsp;nuestro&nbsp;sitio&nbsp;web.&nbsp;&nbsp;&nbsp;&nbsp;&nbsp;<\/p>\n\n\n\n<p class=\"has-text-align-left\">Preguntas&nbsp;acerca&nbsp;de&nbsp;los&nbsp;T\u00e9rminos&nbsp;de&nbsp;Servicio&nbsp;deben&nbsp;ser&nbsp;enviadas&nbsp;a&nbsp;<strong>atencionalcliente@centrodono.com.<\/strong><\/p>\n","protected":false},"excerpt":{"rendered":"<p>Este\u00a0sitio\u00a0web\u00a0es\u00a0operado\u00a0por\u00a0Centro\u00a0de\u00a0Servicio\u00a0Do\u00f1o\u00a0S.A.\u00a0de\u00a0C.V.\u00a0En\u00a0todo\u00a0el\u00a0sitio,\u00a0los\u00a0t\u00e9rminos\u00a0\u201cnosotros\u201d,\u00a0\u201cnos\u201d\u00a0y\u00a0\u201cnuestro\u201d\u00a0se\u00a0refieren\u00a0a\u00a0Centro\u00a0de\u00a0Servicio\u00a0Do\u00f1o\u00a0S.A.\u00a0de\u00a0C.V.\u00a0 www.elsalvadorllantas.com \/ www.llantasdono.online ,\u00a0son sitios web que pertenecen a Centro de Servicio Do\u00f1o S.A. de C.V.\u00a0 NIT: 0614-030593-102-9&nbsp; Raz\u00f3n Social: Venta de partes, piezas y accesorios nuevos para veh\u00edculos automotores.&nbsp; Domicilio:\u00a0Calle Conchagua Pte. No. 13, Urbanizaci\u00f3n Santa Elena, costado Norte de Embajada Americana, El Salvador S.A. de C.V.\u00a0 Tel\u00e9fono: 2240-9600&nbsp; Correo Electr\u00f3nico: atencionalcliente@centrodono.com&nbsp; Horario<br \/><a class=\"more-link\" href=\"https:\/\/elsalvadorllantas.com\/index.php\/reembolso_devoluciones\/\"><br \/>\n        Ver m\u00e1s<span class=\"screen-reader-text\"> \u00abT\u00c9RMINOS\u00a0DE\u00a0SERVICIO\u00bb<\/span><\/a><\/p>\n","protected":false},"author":1,"featured_media":0,"parent":0,"menu_order":0,"comment_status":"closed","ping_status":"closed","template":"","meta":{"_acf_changed":false,"footnotes":""},"class_list":["post-9371","page","type-page","status-publish","hentry"],"acf":[],"yoast_head":"<!-- This site is optimized with the Yoast SEO plugin v26.8 - https:\/\/yoast.com\/product\/yoast-seo-wordpress\/ -->\r\n<title>T\u00c9RMINOS\u00a0DE\u00a0SERVICIO - Centro de Servicio Do\u00f1o<\/title>\r\n<meta name=\"robots\" content=\"index, follow, max-snippet:-1, max-image-preview:large, max-video-preview:-1\" \/>\r\n<link rel=\"canonical\" href=\"https:\/\/elsalvadorllantas.com\/index.php\/reembolso_devoluciones\/\" \/>\r\n<meta property=\"og:locale\" content=\"es_ES\" \/>\r\n<meta property=\"og:type\" content=\"article\" \/>\r\n<meta property=\"og:title\" content=\"T\u00c9RMINOS\u00a0DE\u00a0SERVICIO - Centro de Servicio Do\u00f1o\" \/>\r\n<meta property=\"og:description\" content=\"Este\u00a0sitio\u00a0web\u00a0es\u00a0operado\u00a0por\u00a0Centro\u00a0de\u00a0Servicio\u00a0Do\u00f1o\u00a0S.A.\u00a0de\u00a0C.V.\u00a0En\u00a0todo\u00a0el\u00a0sitio,\u00a0los\u00a0t\u00e9rminos\u00a0\u201cnosotros\u201d,\u00a0\u201cnos\u201d\u00a0y\u00a0\u201cnuestro\u201d\u00a0se\u00a0refieren\u00a0a\u00a0Centro\u00a0de\u00a0Servicio\u00a0Do\u00f1o\u00a0S.A.\u00a0de\u00a0C.V.\u00a0 www.elsalvadorllantas.com \/ www.llantasdono.online ,\u00a0son sitios web que pertenecen a Centro de Servicio Do\u00f1o S.A. de C.V.\u00a0 NIT: 0614-030593-102-9&nbsp; Raz\u00f3n Social: Venta de partes, piezas y accesorios nuevos para veh\u00edculos automotores.&nbsp; Domicilio:\u00a0Calle Conchagua Pte. No. 13, Urbanizaci\u00f3n Santa Elena, costado Norte de Embajada Americana, El Salvador S.A. de C.V.\u00a0 Tel\u00e9fono: 2240-9600&nbsp; Correo Electr\u00f3nico: atencionalcliente@centrodono.com&nbsp; Horario     Ver m\u00e1s &quot;T\u00c9RMINOS\u00a0DE\u00a0SERVICIO&quot;\" \/>\r\n<meta property=\"og:url\" content=\"https:\/\/elsalvadorllantas.com\/index.php\/reembolso_devoluciones\/\" \/>\r\n<meta property=\"og:site_name\" content=\"Centro de Servicio Do\u00f1o\" \/>\r\n<meta property=\"article:modified_time\" content=\"2022-02-25T20:54:18+00:00\" \/>\r\n<meta name=\"twitter:card\" content=\"summary_large_image\" \/>\r\n<meta name=\"twitter:label1\" content=\"Tiempo de lectura\" \/>\n\t<meta name=\"twitter:data1\" content=\"1 minuto\" \/>\r\n<script type=\"application\/ld+json\" class=\"yoast-schema-graph\">{\"@context\":\"https:\/\/schema.org\",\"@graph\":[{\"@type\":\"WebPage\",\"@id\":\"https:\/\/elsalvadorllantas.com\/index.php\/reembolso_devoluciones\/\",\"url\":\"https:\/\/elsalvadorllantas.com\/index.php\/reembolso_devoluciones\/\",\"name\":\"T\u00c9RMINOS\u00a0DE\u00a0SERVICIO - Centro de Servicio Do\u00f1o\",\"isPartOf\":{\"@id\":\"https:\/\/elsalvadorllantas.com\/#website\"},\"datePublished\":\"2021-10-04T22:20:35+00:00\",\"dateModified\":\"2022-02-25T20:54:18+00:00\",\"breadcrumb\":{\"@id\":\"https:\/\/elsalvadorllantas.com\/index.php\/reembolso_devoluciones\/#breadcrumb\"},\"inLanguage\":\"es\",\"potentialAction\":[{\"@type\":\"ReadAction\",\"target\":[\"https:\/\/elsalvadorllantas.com\/index.php\/reembolso_devoluciones\/\"]}]},{\"@type\":\"BreadcrumbList\",\"@id\":\"https:\/\/elsalvadorllantas.com\/index.php\/reembolso_devoluciones\/#breadcrumb\",\"itemListElement\":[{\"@type\":\"ListItem\",\"position\":1,\"name\":\"Inicio\",\"item\":\"https:\/\/elsalvadorllantas.com\/\"},{\"@type\":\"ListItem\",\"position\":2,\"name\":\"T\u00c9RMINOS\u00a0DE\u00a0SERVICIO\"}]},{\"@type\":\"WebSite\",\"@id\":\"https:\/\/elsalvadorllantas.com\/#website\",\"url\":\"https:\/\/elsalvadorllantas.com\/\",\"name\":\"Centro de Servicio Do\u00f1o\",\"description\":\"Venta de Llantas Nuevas - \u00a1Cotiza Ya!\",\"publisher\":{\"@id\":\"https:\/\/elsalvadorllantas.com\/#organization\"},\"potentialAction\":[{\"@type\":\"SearchAction\",\"target\":{\"@type\":\"EntryPoint\",\"urlTemplate\":\"https:\/\/elsalvadorllantas.com\/?s={search_term_string}\"},\"query-input\":{\"@type\":\"PropertyValueSpecification\",\"valueRequired\":true,\"valueName\":\"search_term_string\"}}],\"inLanguage\":\"es\"},{\"@type\":\"Organization\",\"@id\":\"https:\/\/elsalvadorllantas.com\/#organization\",\"name\":\"Centro de Servicio Do\u00f1o\",\"url\":\"https:\/\/elsalvadorllantas.com\/\",\"logo\":{\"@type\":\"ImageObject\",\"inLanguage\":\"es\",\"@id\":\"https:\/\/elsalvadorllantas.com\/#\/schema\/logo\/image\/\",\"url\":\"https:\/\/elsalvadorllantas.com\/wp-content\/uploads\/2021\/12\/Logo_Don\u0303o_Editable-CMYK-2.png\",\"contentUrl\":\"https:\/\/elsalvadorllantas.com\/wp-content\/uploads\/2021\/12\/Logo_Don\u0303o_Editable-CMYK-2.png\",\"width\":2139,\"height\":779,\"caption\":\"Centro de Servicio Do\u00f1o\"},\"image\":{\"@id\":\"https:\/\/elsalvadorllantas.com\/#\/schema\/logo\/image\/\"}}]}<\/script>\r\n<!-- \/ Yoast SEO plugin. -->","yoast_head_json":{"title":"T\u00c9RMINOS\u00a0DE\u00a0SERVICIO - Centro de Servicio Do\u00f1o","robots":{"index":"index","follow":"follow","max-snippet":"max-snippet:-1","max-image-preview":"max-image-preview:large","max-video-preview":"max-video-preview:-1"},"canonical":"https:\/\/elsalvadorllantas.com\/index.php\/reembolso_devoluciones\/","og_locale":"es_ES","og_type":"article","og_title":"T\u00c9RMINOS\u00a0DE\u00a0SERVICIO - Centro de Servicio Do\u00f1o","og_description":"Este\u00a0sitio\u00a0web\u00a0es\u00a0operado\u00a0por\u00a0Centro\u00a0de\u00a0Servicio\u00a0Do\u00f1o\u00a0S.A.\u00a0de\u00a0C.V.\u00a0En\u00a0todo\u00a0el\u00a0sitio,\u00a0los\u00a0t\u00e9rminos\u00a0\u201cnosotros\u201d,\u00a0\u201cnos\u201d\u00a0y\u00a0\u201cnuestro\u201d\u00a0se\u00a0refieren\u00a0a\u00a0Centro\u00a0de\u00a0Servicio\u00a0Do\u00f1o\u00a0S.A.\u00a0de\u00a0C.V.\u00a0 www.elsalvadorllantas.com \/ www.llantasdono.online ,\u00a0son sitios web que pertenecen a Centro de Servicio Do\u00f1o S.A. de C.V.\u00a0 NIT: 0614-030593-102-9&nbsp; Raz\u00f3n Social: Venta de partes, piezas y accesorios nuevos para veh\u00edculos automotores.&nbsp; Domicilio:\u00a0Calle Conchagua Pte. No. 13, Urbanizaci\u00f3n Santa Elena, costado Norte de Embajada Americana, El Salvador S.A. de C.V.\u00a0 Tel\u00e9fono: 2240-9600&nbsp; Correo Electr\u00f3nico: atencionalcliente@centrodono.com&nbsp; Horario     Ver m\u00e1s \"T\u00c9RMINOS\u00a0DE\u00a0SERVICIO\"","og_url":"https:\/\/elsalvadorllantas.com\/index.php\/reembolso_devoluciones\/","og_site_name":"Centro de Servicio Do\u00f1o","article_modified_time":"2022-02-25T20:54:18+00:00","twitter_card":"summary_large_image","twitter_misc":{"Tiempo de lectura":"1 minuto"},"schema":{"@context":"https:\/\/schema.org","@graph":[{"@type":"WebPage","@id":"https:\/\/elsalvadorllantas.com\/index.php\/reembolso_devoluciones\/","url":"https:\/\/elsalvadorllantas.com\/index.php\/reembolso_devoluciones\/","name":"T\u00c9RMINOS\u00a0DE\u00a0SERVICIO - Centro de Servicio Do\u00f1o","isPartOf":{"@id":"https:\/\/elsalvadorllantas.com\/#website"},"datePublished":"2021-10-04T22:20:35+00:00","dateModified":"2022-02-25T20:54:18+00:00","breadcrumb":{"@id":"https:\/\/elsalvadorllantas.com\/index.php\/reembolso_devoluciones\/#breadcrumb"},"inLanguage":"es","potentialAction":[{"@type":"ReadAction","target":["https:\/\/elsalvadorllantas.com\/index.php\/reembolso_devoluciones\/"]}]},{"@type":"BreadcrumbList","@id":"https:\/\/elsalvadorllantas.com\/index.php\/reembolso_devoluciones\/#breadcrumb","itemListElement":[{"@type":"ListItem","position":1,"name":"Inicio","item":"https:\/\/elsalvadorllantas.com\/"},{"@type":"ListItem","position":2,"name":"T\u00c9RMINOS\u00a0DE\u00a0SERVICIO"}]},{"@type":"WebSite","@id":"https:\/\/elsalvadorllantas.com\/#website","url":"https:\/\/elsalvadorllantas.com\/","name":"Centro de Servicio Do\u00f1o","description":"Venta de Llantas Nuevas - \u00a1Cotiza Ya!","publisher":{"@id":"https:\/\/elsalvadorllantas.com\/#organization"},"potentialAction":[{"@type":"SearchAction","target":{"@type":"EntryPoint","urlTemplate":"https:\/\/elsalvadorllantas.com\/?s={search_term_string}"},"query-input":{"@type":"PropertyValueSpecification","valueRequired":true,"valueName":"search_term_string"}}],"inLanguage":"es"},{"@type":"Organization","@id":"https:\/\/elsalvadorllantas.com\/#organization","name":"Centro de Servicio Do\u00f1o","url":"https:\/\/elsalvadorllantas.com\/","logo":{"@type":"ImageObject","inLanguage":"es","@id":"https:\/\/elsalvadorllantas.com\/#\/schema\/logo\/image\/","url":"https:\/\/elsalvadorllantas.com\/wp-content\/uploads\/2021\/12\/Logo_Don\u0303o_Editable-CMYK-2.png","contentUrl":"https:\/\/elsalvadorllantas.com\/wp-content\/uploads\/2021\/12\/Logo_Don\u0303o_Editable-CMYK-2.png","width":2139,"height":779,"caption":"Centro de Servicio Do\u00f1o"},"image":{"@id":"https:\/\/elsalvadorllantas.com\/#\/schema\/logo\/image\/"}}]}},"_links":{"self":[{"href":"https:\/\/elsalvadorllantas.com\/index.php\/wp-json\/wp\/v2\/pages\/9371","targetHints":{"allow":["GET"]}}],"collection":[{"href":"https:\/\/elsalvadorllantas.com\/index.php\/wp-json\/wp\/v2\/pages"}],"about":[{"href":"https:\/\/elsalvadorllantas.com\/index.php\/wp-json\/wp\/v2\/types\/page"}],"author":[{"embeddable":true,"href":"https:\/\/elsalvadorllantas.com\/index.php\/wp-json\/wp\/v2\/users\/1"}],"replies":[{"embeddable":true,"href":"https:\/\/elsalvadorllantas.com\/index.php\/wp-json\/wp\/v2\/comments?post=9371"}],"version-history":[{"count":0,"href":"https:\/\/elsalvadorllantas.com\/index.php\/wp-json\/wp\/v2\/pages\/9371\/revisions"}],"wp:attachment":[{"href":"https:\/\/elsalvadorllantas.com\/index.php\/wp-json\/wp\/v2\/media?parent=9371"}],"curies":[{"name":"wp","href":"https:\/\/api.w.org\/{rel}","templated":true}]}}