{"id":9559,"date":"2021-10-06T04:55:46","date_gmt":"2021-10-06T04:55:46","guid":{"rendered":"https:\/\/elsalvadorllantas.com\/?page_id=9559"},"modified":"2022-02-22T11:40:25","modified_gmt":"2022-02-22T17:40:25","slug":"politicas-de-privacidad","status":"publish","type":"page","link":"https:\/\/elsalvadorllantas.com\/index.php\/politicas-de-privacidad\/","title":{"rendered":"POLITICAS DE PRIVACIDAD"},"content":{"rendered":"\n<p>Sabemos lo importante que es mantener su informaci\u00f3n confidencial, por eso toda la informaci\u00f3n que provee el cliente al momento de registrarse o realizar una compra ser\u00e1 tratada con absoluta confidencialidad y privacidad. <\/p>\n\n\n\n<p>Centro de Servicio Do\u00f1o S.A. de C.V. a trav\u00e9s de su sitio web [<em>elsalvadorllantas.com<\/em>] se limita a resguardar la siguiente informaci\u00f3n del cliente:<\/p>\n\n\n\n<ul class=\"wp-block-list\"><li>Informaci\u00f3n Personal: Nombre, direcci\u00f3n f\u00edsica, n\u00famero de tel\u00e9fono y direcci\u00f3n de e-mail.&nbsp;<\/li><\/ul>\n\n\n\n<ul class=\"wp-block-list\"><li>Informaci\u00f3n no personalizada identificable: Direcci\u00f3n IP, tipo de navegador, Nombre de dominio, y paginaciones espec\u00edficas del sitio web de elsalvadorllantas.com y se recopilan para ganar una comprensi\u00f3n mejor de las necesidades del desarrollo de sitio, as\u00ed como garantizar una mejor experiencia en el sitio.&nbsp;<\/li><\/ul>\n\n\n\n<ul class=\"wp-block-list\"><li>Centro de Servicio Do\u00f1o, no vender\u00e1 o proporcionar\u00e1 a ninguna informaci\u00f3n a terceros y se compromete a mantener la privacidad de toda la informaci\u00f3n del usuario.&nbsp;<\/li><\/ul>\n\n\n\n<ul class=\"wp-block-list\"><li>Si desea eliminar su informaci\u00f3n de nuestros registros, comun\u00edquese con nosotros a <a href=\"mailto:atencionalcliente@centrodono.com\" target=\"_blank\" rel=\"noreferrer noopener\">atencionalcliente@centrodono.com<\/a>&nbsp;<\/li><\/ul>\n\n\n\n<p><a href=\"https:\/\/elsalvadorllantas.com\/\" target=\"_blank\" rel=\"noreferrer noopener\">elsalvadorllantas.com<\/a> cuenta con certificaci\u00f3n en medidas de Seguridad para realizar el ejercicio del comercio por medios virtuales o electr\u00f3nicos de forma segura. Utilizando el protocolo SSL (Secure Socket Layer) cuando transmiten o reciben informaci\u00f3n personal de forma cifrada. Manteniendo el est\u00e1ndar de Seguridad y no almacenamos informaci\u00f3n de pago. Los proveedores bancarios son de alta reputaci\u00f3n y cumplen con est\u00e1ndares de Seguridad PCI DDS (Payment Card Industry Data Security Standard.)&nbsp;<\/p>\n\n\n\n<h2 class=\"wp-block-heading\" id=\"comprobacion-de-seguridad-certificado-ssl\"><strong>COMPROBACI\u00d3N DE SEGURIDAD &#8211; CERTIFICADO SSL<\/strong>&nbsp;<\/h2>\n\n\n\n<p>Para ver si el sitio web es seguro puedes comprobar la informaci\u00f3n de seguridad sobre el sitio.&nbsp;&nbsp;<\/p>\n\n\n\n<p>Chrome te alertar\u00e1 si no puedes visitar el sitio de forma segura o privada.&nbsp;<\/p>\n\n\n\n<p>1. Pasos&nbsp;&nbsp;<\/p>\n\n\n\n<p>&nbsp;&nbsp;&nbsp;&nbsp;&nbsp;&nbsp;&nbsp;&nbsp;&nbsp;&nbsp;&nbsp; 1.1 En Chrome, abre una p\u00e1gina.&nbsp;<\/p>\n\n\n\n<p>&nbsp;&nbsp;&nbsp;&nbsp;&nbsp;&nbsp;&nbsp;&nbsp;&nbsp;&nbsp;&nbsp; 1.2 Para comprobar la seguridad de un sitio, a la izquierda de la direcci\u00f3n web,&nbsp;&nbsp;<\/p>\n\n\n\n<p>&nbsp; busca el estado de seguridad:&nbsp;<\/p>\n\n\n\n<ul class=\"wp-block-list\"><li>Seguro&nbsp;<\/li><\/ul>\n\n\n\n<div class=\"wp-block-image\"><figure class=\"alignleft size-full\"><img decoding=\"async\" width=\"30\" height=\"28\" src=\"https:\/\/elsalvadorllantas.com\/wp-content\/uploads\/2022\/02\/informacion-de-pago-seguro.png\" alt=\"\" class=\"wp-image-12021\" loading=\"lazy\" \/><\/figure><\/div>\n\n\n\n<p>\u202fInformaci\u00f3n o no seguro\u00a0<\/p>\n\n\n\n<div class=\"wp-block-image\"><figure class=\"alignleft size-full\"><img decoding=\"async\" width=\"60\" height=\"42\" src=\"https:\/\/elsalvadorllantas.com\/wp-content\/uploads\/2022\/02\/alerta-seguro.png\" alt=\"\" class=\"wp-image-12022\" loading=\"lazy\" \/><\/figure><\/div>\n\n\n\n<p>Forma de Pago Peligroso\u202f \u00f3 No seguro \u00a0<\/p>\n\n\n\n<p>&nbsp;&nbsp;&nbsp;&nbsp;&nbsp;&nbsp;&nbsp;&nbsp;&nbsp; 1.3 Para ver los permisos y los datos del sitio, selecciona el Ver\u00e1s un resumen con el grado de privacidad de la conexi\u00f3n seg\u00fan Chrome&nbsp;<\/p>\n\n\n\n<p>El proceso de pago funciona sobre un servidor seguro utilizando el protocolo SSL (Secure Socket Layer).&nbsp;<\/p>\n\n\n\n<p>Centro de Servicio Do\u00f1o S.A. de C.V. no tiene acceso ni almacena datos sensibles relativos al medio de pago utilizado por el Usuario.&nbsp;&nbsp;<\/p>\n\n\n\n<p>Una vez finalizado el proceso de COMPRA, se genera un documento electr\u00f3nico en el que se formaliza el contrato y que el Suscrito podr\u00e1 imprimir.&nbsp;<\/p>\n\n\n\n<p>Para conocer m\u00e1s, leer <a href=\"https:\/\/elsalvadorllantas.com\/index.php\/reembolso_devoluciones\/\">\u00abT\u00e9rminos de Servicio\u00bb.<\/a><\/p>\n","protected":false},"excerpt":{"rendered":"<p>Sabemos lo importante que es mantener su informaci\u00f3n confidencial, por eso toda la informaci\u00f3n que provee el cliente al momento de registrarse o realizar una compra ser\u00e1 tratada con absoluta confidencialidad y privacidad. Centro de Servicio Do\u00f1o S.A. de C.V. a trav\u00e9s de su sitio web [elsalvadorllantas.com] se limita a resguardar la siguiente informaci\u00f3n del<br \/><a class=\"more-link\" href=\"https:\/\/elsalvadorllantas.com\/index.php\/politicas-de-privacidad\/\"><br \/>\n        Ver m\u00e1s<span class=\"screen-reader-text\"> \u00abPOLITICAS DE PRIVACIDAD\u00bb<\/span><\/a><\/p>\n","protected":false},"author":1,"featured_media":0,"parent":0,"menu_order":0,"comment_status":"closed","ping_status":"closed","template":"","meta":{"_acf_changed":false,"footnotes":""},"class_list":["post-9559","page","type-page","status-publish","hentry"],"acf":[],"yoast_head":"<!-- This site is optimized with the Yoast SEO plugin v26.8 - https:\/\/yoast.com\/product\/yoast-seo-wordpress\/ -->\r\n<title>POLITICAS DE PRIVACIDAD - Centro de Servicio Do\u00f1o<\/title>\r\n<meta name=\"robots\" content=\"index, follow, max-snippet:-1, max-image-preview:large, max-video-preview:-1\" \/>\r\n<link rel=\"canonical\" href=\"https:\/\/elsalvadorllantas.com\/index.php\/politicas-de-privacidad\/\" \/>\r\n<meta property=\"og:locale\" content=\"es_ES\" \/>\r\n<meta property=\"og:type\" content=\"article\" \/>\r\n<meta property=\"og:title\" content=\"POLITICAS DE PRIVACIDAD - Centro de Servicio Do\u00f1o\" \/>\r\n<meta property=\"og:description\" content=\"Sabemos lo importante que es mantener su informaci\u00f3n confidencial, por eso toda la informaci\u00f3n que provee el cliente al momento de registrarse o realizar una compra ser\u00e1 tratada con absoluta confidencialidad y privacidad. Centro de Servicio Do\u00f1o S.A. de C.V. a trav\u00e9s de su sitio web [elsalvadorllantas.com] se limita a resguardar la siguiente informaci\u00f3n del     Ver m\u00e1s &quot;POLITICAS DE PRIVACIDAD&quot;\" \/>\r\n<meta property=\"og:url\" content=\"https:\/\/elsalvadorllantas.com\/index.php\/politicas-de-privacidad\/\" \/>\r\n<meta property=\"og:site_name\" content=\"Centro de Servicio Do\u00f1o\" \/>\r\n<meta property=\"article:modified_time\" content=\"2022-02-22T17:40:25+00:00\" \/>\r\n<meta property=\"og:image\" content=\"https:\/\/elsalvadorllantas.com\/wp-content\/uploads\/2022\/02\/informacion-de-pago-seguro.png\" \/>\r\n<meta name=\"twitter:card\" content=\"summary_large_image\" \/>\r\n<meta name=\"twitter:label1\" content=\"Tiempo de lectura\" \/>\n\t<meta name=\"twitter:data1\" content=\"3 minutos\" \/>\r\n<script type=\"application\/ld+json\" class=\"yoast-schema-graph\">{\"@context\":\"https:\/\/schema.org\",\"@graph\":[{\"@type\":\"WebPage\",\"@id\":\"https:\/\/elsalvadorllantas.com\/index.php\/politicas-de-privacidad\/\",\"url\":\"https:\/\/elsalvadorllantas.com\/index.php\/politicas-de-privacidad\/\",\"name\":\"POLITICAS DE PRIVACIDAD - Centro de Servicio Do\u00f1o\",\"isPartOf\":{\"@id\":\"https:\/\/elsalvadorllantas.com\/#website\"},\"primaryImageOfPage\":{\"@id\":\"https:\/\/elsalvadorllantas.com\/index.php\/politicas-de-privacidad\/#primaryimage\"},\"image\":{\"@id\":\"https:\/\/elsalvadorllantas.com\/index.php\/politicas-de-privacidad\/#primaryimage\"},\"thumbnailUrl\":\"https:\/\/elsalvadorllantas.com\/wp-content\/uploads\/2022\/02\/informacion-de-pago-seguro.png\",\"datePublished\":\"2021-10-06T04:55:46+00:00\",\"dateModified\":\"2022-02-22T17:40:25+00:00\",\"breadcrumb\":{\"@id\":\"https:\/\/elsalvadorllantas.com\/index.php\/politicas-de-privacidad\/#breadcrumb\"},\"inLanguage\":\"es\",\"potentialAction\":[{\"@type\":\"ReadAction\",\"target\":[\"https:\/\/elsalvadorllantas.com\/index.php\/politicas-de-privacidad\/\"]}]},{\"@type\":\"ImageObject\",\"inLanguage\":\"es\",\"@id\":\"https:\/\/elsalvadorllantas.com\/index.php\/politicas-de-privacidad\/#primaryimage\",\"url\":\"https:\/\/elsalvadorllantas.com\/wp-content\/uploads\/2022\/02\/informacion-de-pago-seguro.png\",\"contentUrl\":\"https:\/\/elsalvadorllantas.com\/wp-content\/uploads\/2022\/02\/informacion-de-pago-seguro.png\",\"width\":30,\"height\":28},{\"@type\":\"BreadcrumbList\",\"@id\":\"https:\/\/elsalvadorllantas.com\/index.php\/politicas-de-privacidad\/#breadcrumb\",\"itemListElement\":[{\"@type\":\"ListItem\",\"position\":1,\"name\":\"Inicio\",\"item\":\"https:\/\/elsalvadorllantas.com\/\"},{\"@type\":\"ListItem\",\"position\":2,\"name\":\"POLITICAS DE PRIVACIDAD\"}]},{\"@type\":\"WebSite\",\"@id\":\"https:\/\/elsalvadorllantas.com\/#website\",\"url\":\"https:\/\/elsalvadorllantas.com\/\",\"name\":\"Centro de Servicio Do\u00f1o\",\"description\":\"Venta de Llantas Nuevas - \u00a1Cotiza Ya!\",\"publisher\":{\"@id\":\"https:\/\/elsalvadorllantas.com\/#organization\"},\"potentialAction\":[{\"@type\":\"SearchAction\",\"target\":{\"@type\":\"EntryPoint\",\"urlTemplate\":\"https:\/\/elsalvadorllantas.com\/?s={search_term_string}\"},\"query-input\":{\"@type\":\"PropertyValueSpecification\",\"valueRequired\":true,\"valueName\":\"search_term_string\"}}],\"inLanguage\":\"es\"},{\"@type\":\"Organization\",\"@id\":\"https:\/\/elsalvadorllantas.com\/#organization\",\"name\":\"Centro de Servicio Do\u00f1o\",\"url\":\"https:\/\/elsalvadorllantas.com\/\",\"logo\":{\"@type\":\"ImageObject\",\"inLanguage\":\"es\",\"@id\":\"https:\/\/elsalvadorllantas.com\/#\/schema\/logo\/image\/\",\"url\":\"https:\/\/elsalvadorllantas.com\/wp-content\/uploads\/2021\/12\/Logo_Don\u0303o_Editable-CMYK-2.png\",\"contentUrl\":\"https:\/\/elsalvadorllantas.com\/wp-content\/uploads\/2021\/12\/Logo_Don\u0303o_Editable-CMYK-2.png\",\"width\":2139,\"height\":779,\"caption\":\"Centro de Servicio Do\u00f1o\"},\"image\":{\"@id\":\"https:\/\/elsalvadorllantas.com\/#\/schema\/logo\/image\/\"}}]}<\/script>\r\n<!-- \/ Yoast SEO plugin. -->","yoast_head_json":{"title":"POLITICAS DE PRIVACIDAD - Centro de Servicio Do\u00f1o","robots":{"index":"index","follow":"follow","max-snippet":"max-snippet:-1","max-image-preview":"max-image-preview:large","max-video-preview":"max-video-preview:-1"},"canonical":"https:\/\/elsalvadorllantas.com\/index.php\/politicas-de-privacidad\/","og_locale":"es_ES","og_type":"article","og_title":"POLITICAS DE PRIVACIDAD - Centro de Servicio Do\u00f1o","og_description":"Sabemos lo importante que es mantener su informaci\u00f3n confidencial, por eso toda la informaci\u00f3n que provee el cliente al momento de registrarse o realizar una compra ser\u00e1 tratada con absoluta confidencialidad y privacidad. Centro de Servicio Do\u00f1o S.A. de C.V. a trav\u00e9s de su sitio web [elsalvadorllantas.com] se limita a resguardar la siguiente informaci\u00f3n del     Ver m\u00e1s \"POLITICAS DE PRIVACIDAD\"","og_url":"https:\/\/elsalvadorllantas.com\/index.php\/politicas-de-privacidad\/","og_site_name":"Centro de Servicio Do\u00f1o","article_modified_time":"2022-02-22T17:40:25+00:00","og_image":[{"url":"https:\/\/elsalvadorllantas.com\/wp-content\/uploads\/2022\/02\/informacion-de-pago-seguro.png","type":"","width":"","height":""}],"twitter_card":"summary_large_image","twitter_misc":{"Tiempo de lectura":"3 minutos"},"schema":{"@context":"https:\/\/schema.org","@graph":[{"@type":"WebPage","@id":"https:\/\/elsalvadorllantas.com\/index.php\/politicas-de-privacidad\/","url":"https:\/\/elsalvadorllantas.com\/index.php\/politicas-de-privacidad\/","name":"POLITICAS DE PRIVACIDAD - Centro de Servicio Do\u00f1o","isPartOf":{"@id":"https:\/\/elsalvadorllantas.com\/#website"},"primaryImageOfPage":{"@id":"https:\/\/elsalvadorllantas.com\/index.php\/politicas-de-privacidad\/#primaryimage"},"image":{"@id":"https:\/\/elsalvadorllantas.com\/index.php\/politicas-de-privacidad\/#primaryimage"},"thumbnailUrl":"https:\/\/elsalvadorllantas.com\/wp-content\/uploads\/2022\/02\/informacion-de-pago-seguro.png","datePublished":"2021-10-06T04:55:46+00:00","dateModified":"2022-02-22T17:40:25+00:00","breadcrumb":{"@id":"https:\/\/elsalvadorllantas.com\/index.php\/politicas-de-privacidad\/#breadcrumb"},"inLanguage":"es","potentialAction":[{"@type":"ReadAction","target":["https:\/\/elsalvadorllantas.com\/index.php\/politicas-de-privacidad\/"]}]},{"@type":"ImageObject","inLanguage":"es","@id":"https:\/\/elsalvadorllantas.com\/index.php\/politicas-de-privacidad\/#primaryimage","url":"https:\/\/elsalvadorllantas.com\/wp-content\/uploads\/2022\/02\/informacion-de-pago-seguro.png","contentUrl":"https:\/\/elsalvadorllantas.com\/wp-content\/uploads\/2022\/02\/informacion-de-pago-seguro.png","width":30,"height":28},{"@type":"BreadcrumbList","@id":"https:\/\/elsalvadorllantas.com\/index.php\/politicas-de-privacidad\/#breadcrumb","itemListElement":[{"@type":"ListItem","position":1,"name":"Inicio","item":"https:\/\/elsalvadorllantas.com\/"},{"@type":"ListItem","position":2,"name":"POLITICAS DE PRIVACIDAD"}]},{"@type":"WebSite","@id":"https:\/\/elsalvadorllantas.com\/#website","url":"https:\/\/elsalvadorllantas.com\/","name":"Centro de Servicio Do\u00f1o","description":"Venta de Llantas Nuevas - \u00a1Cotiza Ya!","publisher":{"@id":"https:\/\/elsalvadorllantas.com\/#organization"},"potentialAction":[{"@type":"SearchAction","target":{"@type":"EntryPoint","urlTemplate":"https:\/\/elsalvadorllantas.com\/?s={search_term_string}"},"query-input":{"@type":"PropertyValueSpecification","valueRequired":true,"valueName":"search_term_string"}}],"inLanguage":"es"},{"@type":"Organization","@id":"https:\/\/elsalvadorllantas.com\/#organization","name":"Centro de Servicio Do\u00f1o","url":"https:\/\/elsalvadorllantas.com\/","logo":{"@type":"ImageObject","inLanguage":"es","@id":"https:\/\/elsalvadorllantas.com\/#\/schema\/logo\/image\/","url":"https:\/\/elsalvadorllantas.com\/wp-content\/uploads\/2021\/12\/Logo_Don\u0303o_Editable-CMYK-2.png","contentUrl":"https:\/\/elsalvadorllantas.com\/wp-content\/uploads\/2021\/12\/Logo_Don\u0303o_Editable-CMYK-2.png","width":2139,"height":779,"caption":"Centro de Servicio Do\u00f1o"},"image":{"@id":"https:\/\/elsalvadorllantas.com\/#\/schema\/logo\/image\/"}}]}},"_links":{"self":[{"href":"https:\/\/elsalvadorllantas.com\/index.php\/wp-json\/wp\/v2\/pages\/9559","targetHints":{"allow":["GET"]}}],"collection":[{"href":"https:\/\/elsalvadorllantas.com\/index.php\/wp-json\/wp\/v2\/pages"}],"about":[{"href":"https:\/\/elsalvadorllantas.com\/index.php\/wp-json\/wp\/v2\/types\/page"}],"author":[{"embeddable":true,"href":"https:\/\/elsalvadorllantas.com\/index.php\/wp-json\/wp\/v2\/users\/1"}],"replies":[{"embeddable":true,"href":"https:\/\/elsalvadorllantas.com\/index.php\/wp-json\/wp\/v2\/comments?post=9559"}],"version-history":[{"count":0,"href":"https:\/\/elsalvadorllantas.com\/index.php\/wp-json\/wp\/v2\/pages\/9559\/revisions"}],"wp:attachment":[{"href":"https:\/\/elsalvadorllantas.com\/index.php\/wp-json\/wp\/v2\/media?parent=9559"}],"curies":[{"name":"wp","href":"https:\/\/api.w.org\/{rel}","templated":true}]}}