{"id":10258,"date":"2021-11-14T10:17:25","date_gmt":"2021-11-14T16:17:25","guid":{"rendered":"https:\/\/elsalvadorllantas.com\/?post_type=product&#038;p=10258"},"modified":"2026-04-13T23:39:08","modified_gmt":"2026-04-14T05:39:08","slug":"presa195-65-r15-pse1-95v","status":"publish","type":"product","link":"https:\/\/elsalvadorllantas.com\/index.php\/producto\/presa195-65-r15-pse1-95v\/","title":{"rendered":"Presa 195\/65 R15 PSE1 95V"},"content":{"rendered":"<table style=\"height: 67px;\" border=\"2\" width=\"777\">\n<tbody>\n<tr style=\"text-align: center;\">\n<td>\u00cdndice de Velocidad<\/td>\n<td>\u00cdndice de Carga<\/td>\n<\/tr>\n<tr style=\"text-align: center;\">\n<td>V<\/td>\n<td>95<\/td>\n<\/tr>\n<\/tbody>\n<\/table>\n\t\t<div data-elementor-type=\"page\" data-elementor-id=\"13538\" class=\"elementor elementor-13538\" data-elementor-post-type=\"elementor_library\">\n\t\t\t\t\t\t<section class=\"elementor-section elementor-top-section elementor-element elementor-element-55f91f11 elementor-section-height-min-height elementor-section-content-middle elementor-reverse-mobile elementor-section-boxed elementor-section-height-default elementor-section-items-middle\" data-id=\"55f91f11\" data-element_type=\"section\" data-e-type=\"section\" data-settings=\"{&quot;background_background&quot;:&quot;classic&quot;}\">\n\t\t\t\t\t\t\t<div class=\"elementor-background-overlay\"><\/div>\n\t\t\t\t\t\t\t<div class=\"elementor-container elementor-column-gap-no\">\n\t\t\t\t\t<div class=\"elementor-column elementor-col-100 elementor-top-column elementor-element elementor-element-417e2843\" data-id=\"417e2843\" data-element_type=\"column\" data-e-type=\"column\">\n\t\t\t<div class=\"elementor-widget-wrap elementor-element-populated\">\n\t\t\t\t\t\t<div class=\"elementor-element elementor-element-4dfd7be3 elementor-widget elementor-widget-heading\" data-id=\"4dfd7be3\" data-element_type=\"widget\" data-e-type=\"widget\" data-widget_type=\"heading.default\">\n\t\t\t\t<div class=\"elementor-widget-container\">\n\t\t\t\t\t<h2 class=\"elementor-heading-title elementor-size-default\">PRESA Modelo PSE1<\/h2>\t\t\t\t<\/div>\n\t\t\t\t<\/div>\n\t\t\t\t<div class=\"elementor-element elementor-element-488acada elementor-widget elementor-widget-text-editor\" data-id=\"488acada\" data-element_type=\"widget\" data-e-type=\"widget\" data-widget_type=\"text-editor.default\">\n\t\t\t\t<div class=\"elementor-widget-container\">\n\t\t\t\t\t\t\t\t\t<p>El neum\u00e1tico PSE1 posee un dise\u00f1o de Arc Groove que mejora la eficiencia de la dispersi\u00f3n del agua para un excelente rendimiento en clima h\u00famedo.<\/p><ul><li><span>El dise\u00f1o Arc Grove mejora la eficiencia de dispersi\u00f3n del agua para un excelente rendimiento en climas h\u00famedos.<\/span><\/li><li><span>El dise\u00f1o de ranura lateral maximiza la rigidez del bloque del hombro para mejorar la respuesta y el manejo de la direcci\u00f3n.<\/span><\/li><li><span>El dise\u00f1o del tal\u00f3n optimizado por computadora mejora la absorci\u00f3n de impactos de la rueda para reducir la resistencia a la rodadura.<\/span><\/li><\/ul>\t\t\t\t\t\t\t\t<\/div>\n\t\t\t\t<\/div>\n\t\t\t\t<div class=\"elementor-element elementor-element-4ee8d01 elementor-widget elementor-widget-image\" data-id=\"4ee8d01\" data-element_type=\"widget\" data-e-type=\"widget\" data-widget_type=\"image.default\">\n\t\t\t\t<div class=\"elementor-widget-container\">\n\t\t\t\t\t\t\t\t\t\t\t\t\t\t\t<img fetchpriority=\"high\" decoding=\"async\" width=\"1457\" height=\"999\" src=\"https:\/\/elsalvadorllantas.com\/wp-content\/uploads\/2022\/06\/presaPSE1.png\" class=\"attachment-full size-full wp-image-13552\" alt=\"\" srcset=\"https:\/\/elsalvadorllantas.com\/wp-content\/uploads\/2022\/06\/presaPSE1.png 1457w, https:\/\/elsalvadorllantas.com\/wp-content\/uploads\/2022\/06\/presaPSE1-300x206.png 300w, https:\/\/elsalvadorllantas.com\/wp-content\/uploads\/2022\/06\/presaPSE1-1024x702.png 1024w, https:\/\/elsalvadorllantas.com\/wp-content\/uploads\/2022\/06\/presaPSE1-768x527.png 768w, https:\/\/elsalvadorllantas.com\/wp-content\/uploads\/2022\/06\/presaPSE1-600x411.png 600w, https:\/\/elsalvadorllantas.com\/wp-content\/uploads\/2022\/06\/presaPSE1-64x44.png 64w\" sizes=\"(max-width: 1457px) 100vw, 1457px\" \/>\t\t\t\t\t\t\t\t\t\t\t\t\t\t\t<\/div>\n\t\t\t\t<\/div>\n\t\t\t\t\t<\/div>\n\t\t<\/div>\n\t\t\t\t\t<\/div>\n\t\t<\/section>\n\t\t\t\t<section class=\"elementor-section elementor-top-section elementor-element elementor-element-7d5d601b elementor-section-content-middle elementor-section-boxed elementor-section-height-default elementor-section-height-default\" data-id=\"7d5d601b\" data-element_type=\"section\" data-e-type=\"section\" data-settings=\"{&quot;background_background&quot;:&quot;classic&quot;}\">\n\t\t\t\t\t\t\t<div class=\"elementor-background-overlay\"><\/div>\n\t\t\t\t\t\t\t<div class=\"elementor-container elementor-column-gap-no\">\n\t\t\t\t\t<div class=\"elementor-column elementor-col-33 elementor-top-column elementor-element elementor-element-d12be0e\" data-id=\"d12be0e\" data-element_type=\"column\" data-e-type=\"column\">\n\t\t\t<div class=\"elementor-widget-wrap elementor-element-populated\">\n\t\t\t\t\t\t<div class=\"elementor-element elementor-element-5e785758 elementor-widget elementor-widget-text-editor\" data-id=\"5e785758\" data-element_type=\"widget\" data-e-type=\"widget\" data-widget_type=\"text-editor.default\">\n\t\t\t\t<div class=\"elementor-widget-container\">\n\t\t\t\t\t\t\t\t\t<p>PRESA Modelo PSE1\u200b<\/p>\t\t\t\t\t\t\t\t<\/div>\n\t\t\t\t<\/div>\n\t\t\t\t<div class=\"elementor-element elementor-element-5bb5df96 elementor-widget elementor-widget-heading\" data-id=\"5bb5df96\" data-element_type=\"widget\" data-e-type=\"widget\" data-widget_type=\"heading.default\">\n\t\t\t\t<div class=\"elementor-widget-container\">\n\t\t\t\t\t<h3 class=\"elementor-heading-title elementor-size-default\">CARACTER\u00cdSTICAS Y VENTAJAS\n<\/h3>\t\t\t\t<\/div>\n\t\t\t\t<\/div>\n\t\t\t\t<div class=\"elementor-element elementor-element-fc45e13 elementor-widget elementor-widget-image\" data-id=\"fc45e13\" data-element_type=\"widget\" data-e-type=\"widget\" data-widget_type=\"image.default\">\n\t\t\t\t<div class=\"elementor-widget-container\">\n\t\t\t\t\t\t\t\t\t\t\t\t\t\t\t<img decoding=\"async\" width=\"952\" height=\"880\" src=\"https:\/\/elsalvadorllantas.com\/wp-content\/uploads\/2022\/06\/etiqueta-Presa-PSE1.jpg\" class=\"attachment-large size-large wp-image-13540\" alt=\"\" srcset=\"https:\/\/elsalvadorllantas.com\/wp-content\/uploads\/2022\/06\/etiqueta-Presa-PSE1.jpg 952w, https:\/\/elsalvadorllantas.com\/wp-content\/uploads\/2022\/06\/etiqueta-Presa-PSE1-300x277.jpg 300w, https:\/\/elsalvadorllantas.com\/wp-content\/uploads\/2022\/06\/etiqueta-Presa-PSE1-768x710.jpg 768w, https:\/\/elsalvadorllantas.com\/wp-content\/uploads\/2022\/06\/etiqueta-Presa-PSE1-600x555.jpg 600w, https:\/\/elsalvadorllantas.com\/wp-content\/uploads\/2022\/06\/etiqueta-Presa-PSE1-64x59.jpg 64w\" sizes=\"(max-width: 952px) 100vw, 952px\" loading=\"lazy\" \/>\t\t\t\t\t\t\t\t\t\t\t\t\t\t\t<\/div>\n\t\t\t\t<\/div>\n\t\t\t\t<div class=\"elementor-element elementor-element-1c437f6c elementor-widget-divider--view-line elementor-widget elementor-widget-divider\" data-id=\"1c437f6c\" data-element_type=\"widget\" data-e-type=\"widget\" data-widget_type=\"divider.default\">\n\t\t\t\t<div class=\"elementor-widget-container\">\n\t\t\t\t\t\t\t<div class=\"elementor-divider\">\n\t\t\t<span class=\"elementor-divider-separator\">\n\t\t\t\t\t\t<\/span>\n\t\t<\/div>\n\t\t\t\t\t\t<\/div>\n\t\t\t\t<\/div>\n\t\t\t\t<div class=\"elementor-element elementor-element-22ed8489 elementor-widget elementor-widget-text-editor\" data-id=\"22ed8489\" data-element_type=\"widget\" data-e-type=\"widget\" data-widget_type=\"text-editor.default\">\n\t\t\t\t<div class=\"elementor-widget-container\">\n\t\t\t\t\t\t\t\t\t<p>La etiqueta anterior muestra la gama completa de valores de este producto. Para conocer los valores espec\u00edficos por tama\u00f1o, consulte nuestro <a href=\"tel:+50322409600\">Contact Center<\/a><\/p>\t\t\t\t\t\t\t\t<\/div>\n\t\t\t\t<\/div>\n\t\t\t\t\t<\/div>\n\t\t<\/div>\n\t\t\t\t<div class=\"elementor-column elementor-col-33 elementor-top-column elementor-element elementor-element-760f5ad7\" data-id=\"760f5ad7\" data-element_type=\"column\" data-e-type=\"column\">\n\t\t\t<div class=\"elementor-widget-wrap elementor-element-populated\">\n\t\t\t\t\t\t<div class=\"elementor-element elementor-element-ca4e891 elementor-widget elementor-widget-image\" data-id=\"ca4e891\" data-element_type=\"widget\" data-e-type=\"widget\" data-widget_type=\"image.default\">\n\t\t\t\t<div class=\"elementor-widget-container\">\n\t\t\t\t\t\t\t\t\t\t\t\t\t\t\t<img decoding=\"async\" src=\"https:\/\/www.presa.com.ph\/wp-content\/uploads\/2019\/06\/pse1.png\" title=\"\" alt=\"MAP3\" class=\"elementor-animation-grow\" loading=\"lazy\" \/>\t\t\t\t\t\t\t\t\t\t\t\t\t\t\t<\/div>\n\t\t\t\t<\/div>\n\t\t\t\t<div class=\"elementor-element elementor-element-63fab9f4 elementor-widget elementor-widget-text-editor\" data-id=\"63fab9f4\" data-element_type=\"widget\" data-e-type=\"widget\" data-widget_type=\"text-editor.default\">\n\t\t\t\t<div class=\"elementor-widget-container\">\n\t\t\t\t\t\t\t\t\t<h2>Generalidades<\/h2><h2 class=\"elementor-heading-title elementor-size-default elementor-inline-editing pen\" contenteditable=\"true\" data-elementor-setting-key=\"title\" data-pen-placeholder=\"Teclea aqu\u00ed...\">PRESA Modelo PSE1\u200b<\/h2><h2>Generalidades<\/h2><p>El dise\u00f1o de ranura lateral maximiza la rigidez del bloque del hombro para mejorar la respuesta y el manejo de la direcci\u00f3n. El dise\u00f1o optimizado por computadora mejora la absorci\u00f3n de impactos de la rueda para reducir la resistencia a la rodadura.<\/p><h2>Beneficios<\/h2><ul><li>Excelente tracci\u00f3n en suelos h\u00famedos o mojados.<\/li><li>Manejo de direcci\u00f3n con mejor respuesta.<\/li><li>Mejor resistencia al suelo.<\/li><li>Ahorro de combustible.<\/li><\/ul>\t\t\t\t\t\t\t\t<\/div>\n\t\t\t\t<\/div>\n\t\t\t\t\t<\/div>\n\t\t<\/div>\n\t\t\t\t<div class=\"elementor-column elementor-col-33 elementor-top-column elementor-element elementor-element-7124e11a\" data-id=\"7124e11a\" data-element_type=\"column\" data-e-type=\"column\">\n\t\t\t<div class=\"elementor-widget-wrap elementor-element-populated\">\n\t\t\t\t\t\t<div class=\"elementor-element elementor-element-3b8a2c3 elementor-widget elementor-widget-text-editor\" data-id=\"3b8a2c3\" data-element_type=\"widget\" data-e-type=\"widget\" data-widget_type=\"text-editor.default\">\n\t\t\t\t<div class=\"elementor-widget-container\">\n\t\t\t\t\t\t\t\t\t<div class=\"col-xs-12 col-md-12\"><div class=\"tire-feature-item\"><div class=\"tire-feature-item__content\"><div class=\"col-xs-12 col-md-12\"><div class=\"tire-feature-item\"><div class=\"tire-feature-item__content\"><h2>Caracter\u00edsticas de desempe\u00f1o<\/h2><ul><li>Mejor desgaste gracias a los bloques de rodadura.<\/li><li>Ahorro de combustible.<\/li><li>Absorci\u00f3n de impactos con mejor respuesta.<\/li><\/ul><h2>Caracter\u00edsticas y beneficios de la construcci\u00f3n<\/h2><p><img decoding=\"async\" class=\"alignnone wp-image-9054\" src=\"https:\/\/elsalvadorllantas.com\/wp-content\/uploads\/2021\/08\/PRESA-PSE1-3-300x159.jpg\" sizes=\"(max-width: 213px) 100vw, 213px\" srcset=\"https:\/\/elsalvadorllantas.com\/wp-content\/uploads\/2021\/08\/PRESA-PSE1-3-300x159.jpg 300w, https:\/\/elsalvadorllantas.com\/wp-content\/uploads\/2021\/08\/PRESA-PSE1-3-768x407.jpg 768w, https:\/\/elsalvadorllantas.com\/wp-content\/uploads\/2021\/08\/PRESA-PSE1-3-600x318.jpg 600w, https:\/\/elsalvadorllantas.com\/wp-content\/uploads\/2021\/08\/PRESA-PSE1-3-64x34.jpg 64w, https:\/\/elsalvadorllantas.com\/wp-content\/uploads\/2021\/08\/PRESA-PSE1-3.jpg 800w\" alt=\"\" width=\"213\" height=\"113\" loading=\"lazy\" \/><\/p><p><img loading=\"lazy\" decoding=\"async\" class=\"alignnone wp-image-9055\" src=\"https:\/\/elsalvadorllantas.com\/wp-content\/uploads\/2021\/08\/PRESA-PSE1-4-300x99.jpg\" sizes=\"(max-width: 361px) 100vw, 361px\" srcset=\"https:\/\/elsalvadorllantas.com\/wp-content\/uploads\/2021\/08\/PRESA-PSE1-4-300x99.jpg 300w, https:\/\/elsalvadorllantas.com\/wp-content\/uploads\/2021\/08\/PRESA-PSE1-4-768x254.jpg 768w, https:\/\/elsalvadorllantas.com\/wp-content\/uploads\/2021\/08\/PRESA-PSE1-4-600x199.jpg 600w, https:\/\/elsalvadorllantas.com\/wp-content\/uploads\/2021\/08\/PRESA-PSE1-4-64x21.jpg 64w, https:\/\/elsalvadorllantas.com\/wp-content\/uploads\/2021\/08\/PRESA-PSE1-4.jpg 800w\" alt=\"\" width=\"361\" height=\"119\" \/><\/p><ul><li style=\"list-style-type: none;\"><ul><li>Alta tensi\u00f3n de capa de nailon.<\/li><li>Dise\u00f1o computarizado optimizado.<\/li><li>Dise\u00f1o del puente de ranura lateral.<\/li><li>Dise\u00f1o de arcos.<\/li><\/ul><\/li><\/ul><\/div><\/div><\/div><\/div><\/div><\/div>\t\t\t\t\t\t\t\t<\/div>\n\t\t\t\t<\/div>\n\t\t\t\t\t<\/div>\n\t\t<\/div>\n\t\t\t\t\t<\/div>\n\t\t<\/section>\n\t\t\t\t<\/div>\n\t\t\n","protected":false},"excerpt":{"rendered":"<p>\u00cdndice de Velocidad \u00cdndice de Carga V 95<\/p>\n","protected":false},"featured_media":11945,"template":"","meta":{"_acf_changed":false},"product_brand":[],"product_cat":[2238,1884,1934,2408,2407],"product_tag":[],"class_list":{"0":"post-10258","1":"product","2":"type-product","3":"status-publish","4":"has-post-thumbnail","6":"product_cat-205-55r16","7":"product_cat-presa","8":"product_cat-pse1","9":"product_cat-sedan","10":"product_cat-tipo-vehiculo","12":"first","13":"outofstock","14":"sale","15":"shipping-taxable","16":"purchasable","17":"product-type-simple"},"acf":[],"yoast_head":"<!-- This site is optimized with the Yoast SEO plugin v26.8 - https:\/\/yoast.com\/product\/yoast-seo-wordpress\/ -->\r\n<title>Presa 195\/65 R15 PSE1 95V - Centro de Servicio Do\u00f1o<\/title>\r\n<meta name=\"description\" content=\"El neum\u00e1tico PRESA 205\/55 R16 PSE1 posee un dise\u00f1o que mejora la eficiencia de la dispersi\u00f3n del agua para un excelente rendimiento en clima h\u00famedo.\" \/>\r\n<meta name=\"robots\" content=\"index, follow, max-snippet:-1, max-image-preview:large, max-video-preview:-1\" \/>\r\n<link rel=\"canonical\" href=\"https:\/\/elsalvadorllantas.com\/index.php\/producto\/presa195-65-r15-pse1-95v\/\" \/>\r\n<meta property=\"og:locale\" content=\"es_ES\" \/>\r\n<meta property=\"og:type\" content=\"article\" \/>\r\n<meta property=\"og:title\" content=\"Presa 195\/65 R15 PSE1 95V - Centro de Servicio Do\u00f1o\" \/>\r\n<meta property=\"og:description\" content=\"El neum\u00e1tico PRESA 205\/55 R16 PSE1 posee un dise\u00f1o que mejora la eficiencia de la dispersi\u00f3n del agua para un excelente rendimiento en clima h\u00famedo.\" \/>\r\n<meta property=\"og:url\" content=\"https:\/\/elsalvadorllantas.com\/index.php\/producto\/presa195-65-r15-pse1-95v\/\" \/>\r\n<meta property=\"og:site_name\" content=\"Centro de Servicio Do\u00f1o\" \/>\r\n<meta property=\"article:modified_time\" content=\"2026-04-14T05:39:08+00:00\" \/>\r\n<meta property=\"og:image\" content=\"https:\/\/elsalvadorllantas.com\/wp-content\/uploads\/2022\/02\/PSE1-PRESA-Tires-1.jpg\" \/>\r\n\t<meta property=\"og:image:width\" content=\"1200\" \/>\r\n\t<meta property=\"og:image:height\" content=\"1200\" \/>\r\n\t<meta property=\"og:image:type\" content=\"image\/jpeg\" \/>\r\n<meta name=\"twitter:card\" content=\"summary_large_image\" \/>\r\n<meta name=\"twitter:label1\" content=\"Tiempo de lectura\" \/>\n\t<meta name=\"twitter:data1\" content=\"2 minutos\" \/>\r\n<script type=\"application\/ld+json\" class=\"yoast-schema-graph\">{\"@context\":\"https:\/\/schema.org\",\"@graph\":[{\"@type\":\"WebPage\",\"@id\":\"https:\/\/elsalvadorllantas.com\/index.php\/producto\/presa195-65-r15-pse1-95v\/\",\"url\":\"https:\/\/elsalvadorllantas.com\/index.php\/producto\/presa195-65-r15-pse1-95v\/\",\"name\":\"Presa 195\/65 R15 PSE1 95V - Centro de Servicio Do\u00f1o\",\"isPartOf\":{\"@id\":\"https:\/\/elsalvadorllantas.com\/#website\"},\"primaryImageOfPage\":{\"@id\":\"https:\/\/elsalvadorllantas.com\/index.php\/producto\/presa195-65-r15-pse1-95v\/#primaryimage\"},\"image\":{\"@id\":\"https:\/\/elsalvadorllantas.com\/index.php\/producto\/presa195-65-r15-pse1-95v\/#primaryimage\"},\"thumbnailUrl\":\"https:\/\/elsalvadorllantas.com\/wp-content\/uploads\/2022\/02\/PSE1-PRESA-Tires-1.jpg\",\"datePublished\":\"2021-11-14T16:17:25+00:00\",\"dateModified\":\"2026-04-14T05:39:08+00:00\",\"description\":\"El neum\u00e1tico PRESA 205\/55 R16 PSE1 posee un dise\u00f1o que mejora la eficiencia de la dispersi\u00f3n del agua para un excelente rendimiento en clima h\u00famedo.\",\"breadcrumb\":{\"@id\":\"https:\/\/elsalvadorllantas.com\/index.php\/producto\/presa195-65-r15-pse1-95v\/#breadcrumb\"},\"inLanguage\":\"es\",\"potentialAction\":[{\"@type\":\"ReadAction\",\"target\":[\"https:\/\/elsalvadorllantas.com\/index.php\/producto\/presa195-65-r15-pse1-95v\/\"]}]},{\"@type\":\"ImageObject\",\"inLanguage\":\"es\",\"@id\":\"https:\/\/elsalvadorllantas.com\/index.php\/producto\/presa195-65-r15-pse1-95v\/#primaryimage\",\"url\":\"https:\/\/elsalvadorllantas.com\/wp-content\/uploads\/2022\/02\/PSE1-PRESA-Tires-1.jpg\",\"contentUrl\":\"https:\/\/elsalvadorllantas.com\/wp-content\/uploads\/2022\/02\/PSE1-PRESA-Tires-1.jpg\",\"width\":1200,\"height\":1200},{\"@type\":\"BreadcrumbList\",\"@id\":\"https:\/\/elsalvadorllantas.com\/index.php\/producto\/presa195-65-r15-pse1-95v\/#breadcrumb\",\"itemListElement\":[{\"@type\":\"ListItem\",\"position\":1,\"name\":\"Inicio\",\"item\":\"https:\/\/elsalvadorllantas.com\/\"},{\"@type\":\"ListItem\",\"position\":2,\"name\":\"Tienda en linea\",\"item\":\"https:\/\/elsalvadorllantas.com\/index.php\/tienda-en-linea\/\"},{\"@type\":\"ListItem\",\"position\":3,\"name\":\"Presa 195\/65 R15 PSE1 95V\"}]},{\"@type\":\"WebSite\",\"@id\":\"https:\/\/elsalvadorllantas.com\/#website\",\"url\":\"https:\/\/elsalvadorllantas.com\/\",\"name\":\"Centro de Servicio Do\u00f1o\",\"description\":\"Venta de Llantas Nuevas - \u00a1Cotiza Ya!\",\"publisher\":{\"@id\":\"https:\/\/elsalvadorllantas.com\/#organization\"},\"potentialAction\":[{\"@type\":\"SearchAction\",\"target\":{\"@type\":\"EntryPoint\",\"urlTemplate\":\"https:\/\/elsalvadorllantas.com\/?s={search_term_string}\"},\"query-input\":{\"@type\":\"PropertyValueSpecification\",\"valueRequired\":true,\"valueName\":\"search_term_string\"}}],\"inLanguage\":\"es\"},{\"@type\":\"Organization\",\"@id\":\"https:\/\/elsalvadorllantas.com\/#organization\",\"name\":\"Centro de Servicio Do\u00f1o\",\"url\":\"https:\/\/elsalvadorllantas.com\/\",\"logo\":{\"@type\":\"ImageObject\",\"inLanguage\":\"es\",\"@id\":\"https:\/\/elsalvadorllantas.com\/#\/schema\/logo\/image\/\",\"url\":\"https:\/\/elsalvadorllantas.com\/wp-content\/uploads\/2021\/12\/Logo_Don\u0303o_Editable-CMYK-2.png\",\"contentUrl\":\"https:\/\/elsalvadorllantas.com\/wp-content\/uploads\/2021\/12\/Logo_Don\u0303o_Editable-CMYK-2.png\",\"width\":2139,\"height\":779,\"caption\":\"Centro de Servicio Do\u00f1o\"},\"image\":{\"@id\":\"https:\/\/elsalvadorllantas.com\/#\/schema\/logo\/image\/\"}}]}<\/script>\r\n<!-- \/ Yoast SEO plugin. -->","yoast_head_json":{"title":"Presa 195\/65 R15 PSE1 95V - Centro de Servicio Do\u00f1o","description":"El neum\u00e1tico PRESA 205\/55 R16 PSE1 posee un dise\u00f1o que mejora la eficiencia de la dispersi\u00f3n del agua para un excelente rendimiento en clima h\u00famedo.","robots":{"index":"index","follow":"follow","max-snippet":"max-snippet:-1","max-image-preview":"max-image-preview:large","max-video-preview":"max-video-preview:-1"},"canonical":"https:\/\/elsalvadorllantas.com\/index.php\/producto\/presa195-65-r15-pse1-95v\/","og_locale":"es_ES","og_type":"article","og_title":"Presa 195\/65 R15 PSE1 95V - Centro de Servicio Do\u00f1o","og_description":"El neum\u00e1tico PRESA 205\/55 R16 PSE1 posee un dise\u00f1o que mejora la eficiencia de la dispersi\u00f3n del agua para un excelente rendimiento en clima h\u00famedo.","og_url":"https:\/\/elsalvadorllantas.com\/index.php\/producto\/presa195-65-r15-pse1-95v\/","og_site_name":"Centro de Servicio Do\u00f1o","article_modified_time":"2026-04-14T05:39:08+00:00","og_image":[{"width":1200,"height":1200,"url":"https:\/\/elsalvadorllantas.com\/wp-content\/uploads\/2022\/02\/PSE1-PRESA-Tires-1.jpg","type":"image\/jpeg"}],"twitter_card":"summary_large_image","twitter_misc":{"Tiempo de lectura":"2 minutos"},"schema":{"@context":"https:\/\/schema.org","@graph":[{"@type":"WebPage","@id":"https:\/\/elsalvadorllantas.com\/index.php\/producto\/presa195-65-r15-pse1-95v\/","url":"https:\/\/elsalvadorllantas.com\/index.php\/producto\/presa195-65-r15-pse1-95v\/","name":"Presa 195\/65 R15 PSE1 95V - Centro de Servicio Do\u00f1o","isPartOf":{"@id":"https:\/\/elsalvadorllantas.com\/#website"},"primaryImageOfPage":{"@id":"https:\/\/elsalvadorllantas.com\/index.php\/producto\/presa195-65-r15-pse1-95v\/#primaryimage"},"image":{"@id":"https:\/\/elsalvadorllantas.com\/index.php\/producto\/presa195-65-r15-pse1-95v\/#primaryimage"},"thumbnailUrl":"https:\/\/elsalvadorllantas.com\/wp-content\/uploads\/2022\/02\/PSE1-PRESA-Tires-1.jpg","datePublished":"2021-11-14T16:17:25+00:00","dateModified":"2026-04-14T05:39:08+00:00","description":"El neum\u00e1tico PRESA 205\/55 R16 PSE1 posee un dise\u00f1o que mejora la eficiencia de la dispersi\u00f3n del agua para un excelente rendimiento en clima h\u00famedo.","breadcrumb":{"@id":"https:\/\/elsalvadorllantas.com\/index.php\/producto\/presa195-65-r15-pse1-95v\/#breadcrumb"},"inLanguage":"es","potentialAction":[{"@type":"ReadAction","target":["https:\/\/elsalvadorllantas.com\/index.php\/producto\/presa195-65-r15-pse1-95v\/"]}]},{"@type":"ImageObject","inLanguage":"es","@id":"https:\/\/elsalvadorllantas.com\/index.php\/producto\/presa195-65-r15-pse1-95v\/#primaryimage","url":"https:\/\/elsalvadorllantas.com\/wp-content\/uploads\/2022\/02\/PSE1-PRESA-Tires-1.jpg","contentUrl":"https:\/\/elsalvadorllantas.com\/wp-content\/uploads\/2022\/02\/PSE1-PRESA-Tires-1.jpg","width":1200,"height":1200},{"@type":"BreadcrumbList","@id":"https:\/\/elsalvadorllantas.com\/index.php\/producto\/presa195-65-r15-pse1-95v\/#breadcrumb","itemListElement":[{"@type":"ListItem","position":1,"name":"Inicio","item":"https:\/\/elsalvadorllantas.com\/"},{"@type":"ListItem","position":2,"name":"Tienda en linea","item":"https:\/\/elsalvadorllantas.com\/index.php\/tienda-en-linea\/"},{"@type":"ListItem","position":3,"name":"Presa 195\/65 R15 PSE1 95V"}]},{"@type":"WebSite","@id":"https:\/\/elsalvadorllantas.com\/#website","url":"https:\/\/elsalvadorllantas.com\/","name":"Centro de Servicio Do\u00f1o","description":"Venta de Llantas Nuevas - \u00a1Cotiza Ya!","publisher":{"@id":"https:\/\/elsalvadorllantas.com\/#organization"},"potentialAction":[{"@type":"SearchAction","target":{"@type":"EntryPoint","urlTemplate":"https:\/\/elsalvadorllantas.com\/?s={search_term_string}"},"query-input":{"@type":"PropertyValueSpecification","valueRequired":true,"valueName":"search_term_string"}}],"inLanguage":"es"},{"@type":"Organization","@id":"https:\/\/elsalvadorllantas.com\/#organization","name":"Centro de Servicio Do\u00f1o","url":"https:\/\/elsalvadorllantas.com\/","logo":{"@type":"ImageObject","inLanguage":"es","@id":"https:\/\/elsalvadorllantas.com\/#\/schema\/logo\/image\/","url":"https:\/\/elsalvadorllantas.com\/wp-content\/uploads\/2021\/12\/Logo_Don\u0303o_Editable-CMYK-2.png","contentUrl":"https:\/\/elsalvadorllantas.com\/wp-content\/uploads\/2021\/12\/Logo_Don\u0303o_Editable-CMYK-2.png","width":2139,"height":779,"caption":"Centro de Servicio Do\u00f1o"},"image":{"@id":"https:\/\/elsalvadorllantas.com\/#\/schema\/logo\/image\/"}}]}},"_links":{"self":[{"href":"https:\/\/elsalvadorllantas.com\/index.php\/wp-json\/wp\/v2\/product\/10258","targetHints":{"allow":["GET"]}}],"collection":[{"href":"https:\/\/elsalvadorllantas.com\/index.php\/wp-json\/wp\/v2\/product"}],"about":[{"href":"https:\/\/elsalvadorllantas.com\/index.php\/wp-json\/wp\/v2\/types\/product"}],"version-history":[{"count":1,"href":"https:\/\/elsalvadorllantas.com\/index.php\/wp-json\/wp\/v2\/product\/10258\/revisions"}],"predecessor-version":[{"id":20849,"href":"https:\/\/elsalvadorllantas.com\/index.php\/wp-json\/wp\/v2\/product\/10258\/revisions\/20849"}],"wp:featuredmedia":[{"embeddable":true,"href":"https:\/\/elsalvadorllantas.com\/index.php\/wp-json\/wp\/v2\/media\/11945"}],"wp:attachment":[{"href":"https:\/\/elsalvadorllantas.com\/index.php\/wp-json\/wp\/v2\/media?parent=10258"}],"wp:term":[{"taxonomy":"product_brand","embeddable":true,"href":"https:\/\/elsalvadorllantas.com\/index.php\/wp-json\/wp\/v2\/product_brand?post=10258"},{"taxonomy":"product_cat","embeddable":true,"href":"https:\/\/elsalvadorllantas.com\/index.php\/wp-json\/wp\/v2\/product_cat?post=10258"},{"taxonomy":"product_tag","embeddable":true,"href":"https:\/\/elsalvadorllantas.com\/index.php\/wp-json\/wp\/v2\/product_tag?post=10258"}],"curies":[{"name":"wp","href":"https:\/\/api.w.org\/{rel}","templated":true}]}}