{"id":10273,"date":"2021-11-14T11:14:03","date_gmt":"2021-11-14T17:14:03","guid":{"rendered":"https:\/\/elsalvadorllantas.com\/?post_type=product&#038;p=10273"},"modified":"2026-04-08T05:26:10","modified_gmt":"2026-04-08T11:26:10","slug":"maxxis-255-55-r18-hpm3-109v","status":"publish","type":"product","link":"https:\/\/elsalvadorllantas.com\/index.php\/producto\/maxxis-255-55-r18-hpm3-109v\/","title":{"rendered":"Maxxis  255\/55 R18 HPM3 109V"},"content":{"rendered":"<table style=\"height: 67px;\" border=\"2\" width=\"777\">\n<tbody>\n<tr style=\"text-align: center;\">\n<td>\u00cdndice de Velocidad<\/td>\n<td>\u00cdndice de Carga<\/td>\n<\/tr>\n<tr style=\"text-align: center;\">\n<td>V<\/td>\n<td>109<\/td>\n<\/tr>\n<\/tbody>\n<\/table>\n\t\t<div data-elementor-type=\"page\" data-elementor-id=\"13411\" class=\"elementor elementor-13411\" data-elementor-post-type=\"elementor_library\">\n\t\t\t\t\t\t<section class=\"elementor-section elementor-top-section elementor-element elementor-element-51cc94fa elementor-section-height-min-height elementor-section-content-middle elementor-reverse-mobile elementor-section-boxed elementor-section-height-default elementor-section-items-middle\" data-id=\"51cc94fa\" data-element_type=\"section\" data-e-type=\"section\" data-settings=\"{&quot;background_background&quot;:&quot;classic&quot;}\">\n\t\t\t\t\t\t\t<div class=\"elementor-background-overlay\"><\/div>\n\t\t\t\t\t\t\t<div class=\"elementor-container elementor-column-gap-no\">\n\t\t\t\t\t<div class=\"elementor-column elementor-col-100 elementor-top-column elementor-element elementor-element-27ecaf27\" data-id=\"27ecaf27\" data-element_type=\"column\" data-e-type=\"column\">\n\t\t\t<div class=\"elementor-widget-wrap elementor-element-populated\">\n\t\t\t\t\t\t<div class=\"elementor-element elementor-element-254cadf5 elementor-widget elementor-widget-heading\" data-id=\"254cadf5\" data-element_type=\"widget\" data-e-type=\"widget\" data-widget_type=\"heading.default\">\n\t\t\t\t<div class=\"elementor-widget-container\">\n\t\t\t\t\t<h2 class=\"elementor-heading-title elementor-size-default\">MAXXIS Modelo HPM3<\/h2>\t\t\t\t<\/div>\n\t\t\t\t<\/div>\n\t\t\t\t<div class=\"elementor-element elementor-element-9a0b713 elementor-widget elementor-widget-text-editor\" data-id=\"9a0b713\" data-element_type=\"widget\" data-e-type=\"widget\" data-widget_type=\"text-editor.default\">\n\t\t\t\t<div class=\"elementor-widget-container\">\n\t\t\t\t\t\t\t\t\t<p>n neum\u00e1tico de turismo premium para todas las estaciones, el Modelo HPM3<br \/>est\u00e1 dise\u00f1ado para rendir en todos los aspectos en condiciones secas y h\u00famedas, as\u00ed como con nieve ligera. Modelo HPM3<br \/>presenta ranuras cruzadas en la banda de rodadura para mayor tracci\u00f3n en superficies resbaladizas, mientras que las cuatro ranuras circunferenciales mejoran la resistencia al hidroplaneo.<\/p>\t\t\t\t\t\t\t\t<\/div>\n\t\t\t\t<\/div>\n\t\t\t\t<div class=\"elementor-element elementor-element-cf95244 elementor-widget elementor-widget-video\" data-id=\"cf95244\" data-element_type=\"widget\" data-e-type=\"widget\" data-settings=\"{&quot;youtube_url&quot;:&quot;https:\\\/\\\/youtu.be\\\/7fxe5k5wXlE&quot;,&quot;video_type&quot;:&quot;youtube&quot;,&quot;controls&quot;:&quot;yes&quot;}\" data-widget_type=\"video.default\">\n\t\t\t\t<div class=\"elementor-widget-container\">\n\t\t\t\t\t\t\t<div class=\"elementor-wrapper elementor-open-inline\">\n\t\t\t<div class=\"elementor-video\"><\/div>\t\t<\/div>\n\t\t\t\t\t\t<\/div>\n\t\t\t\t<\/div>\n\t\t\t\t\t<\/div>\n\t\t<\/div>\n\t\t\t\t\t<\/div>\n\t\t<\/section>\n\t\t\t\t<section class=\"elementor-section elementor-top-section elementor-element elementor-element-60225b7 elementor-section-content-middle elementor-section-boxed elementor-section-height-default elementor-section-height-default\" data-id=\"60225b7\" data-element_type=\"section\" data-e-type=\"section\" data-settings=\"{&quot;background_background&quot;:&quot;classic&quot;}\">\n\t\t\t\t\t\t\t<div class=\"elementor-background-overlay\"><\/div>\n\t\t\t\t\t\t\t<div class=\"elementor-container elementor-column-gap-no\">\n\t\t\t\t\t<div class=\"elementor-column elementor-col-33 elementor-top-column elementor-element elementor-element-77eec7b6\" data-id=\"77eec7b6\" data-element_type=\"column\" data-e-type=\"column\">\n\t\t\t<div class=\"elementor-widget-wrap elementor-element-populated\">\n\t\t\t\t\t\t<div class=\"elementor-element elementor-element-4d48ae1 elementor-widget elementor-widget-text-editor\" data-id=\"4d48ae1\" data-element_type=\"widget\" data-e-type=\"widget\" data-widget_type=\"text-editor.default\">\n\t\t\t\t<div class=\"elementor-widget-container\">\n\t\t\t\t\t\t\t\t\t<h2 class=\"elementor-heading-title elementor-size-default elementor-inline-editing pen\" contenteditable=\"true\" data-elementor-setting-key=\"title\" data-pen-placeholder=\"Teclea aqu\u00ed...\">MAXXIS Modelo HPM3<\/h2>\t\t\t\t\t\t\t\t<\/div>\n\t\t\t\t<\/div>\n\t\t\t\t<div class=\"elementor-element elementor-element-3fff32c4 elementor-widget elementor-widget-heading\" data-id=\"3fff32c4\" data-element_type=\"widget\" data-e-type=\"widget\" data-widget_type=\"heading.default\">\n\t\t\t\t<div class=\"elementor-widget-container\">\n\t\t\t\t\t<h3 class=\"elementor-heading-title elementor-size-default\">CARACTER\u00cdSTICAS Y VENTAJAS\n<\/h3>\t\t\t\t<\/div>\n\t\t\t\t<\/div>\n\t\t\t\t<div class=\"elementor-element elementor-element-4a4c4b2b elementor-widget elementor-widget-image\" data-id=\"4a4c4b2b\" data-element_type=\"widget\" data-e-type=\"widget\" data-widget_type=\"image.default\">\n\t\t\t\t<div class=\"elementor-widget-container\">\n\t\t\t\t\t\t\t\t\t\t\t\t\t\t\t<img decoding=\"async\" src=\"https:\/\/maxxistyres.com.au\/wp-content\/uploads\/2016\/05\/HPM3-fb.png\" title=\"\" alt=\"\" loading=\"lazy\" \/>\t\t\t\t\t\t\t\t\t\t\t\t\t\t\t<\/div>\n\t\t\t\t<\/div>\n\t\t\t\t<div class=\"elementor-element elementor-element-2329863d elementor-widget-divider--view-line elementor-widget elementor-widget-divider\" data-id=\"2329863d\" data-element_type=\"widget\" data-e-type=\"widget\" data-widget_type=\"divider.default\">\n\t\t\t\t<div class=\"elementor-widget-container\">\n\t\t\t\t\t\t\t<div class=\"elementor-divider\">\n\t\t\t<span class=\"elementor-divider-separator\">\n\t\t\t\t\t\t<\/span>\n\t\t<\/div>\n\t\t\t\t\t\t<\/div>\n\t\t\t\t<\/div>\n\t\t\t\t<div class=\"elementor-element elementor-element-bc9f5f1 elementor-widget elementor-widget-text-editor\" data-id=\"bc9f5f1\" data-element_type=\"widget\" data-e-type=\"widget\" data-widget_type=\"text-editor.default\">\n\t\t\t\t<div class=\"elementor-widget-container\">\n\t\t\t\t\t\t\t\t\t<p>La etiqueta anterior muestra la gama completa de valores de este producto. Para conocer los valores espec\u00edficos por tama\u00f1o, consulte nuestro <a href=\"tel:+50322409600\">Contact Center<\/a><\/p>\t\t\t\t\t\t\t\t<\/div>\n\t\t\t\t<\/div>\n\t\t\t\t\t<\/div>\n\t\t<\/div>\n\t\t\t\t<div class=\"elementor-column elementor-col-33 elementor-top-column elementor-element elementor-element-4aeba310\" data-id=\"4aeba310\" data-element_type=\"column\" data-e-type=\"column\">\n\t\t\t<div class=\"elementor-widget-wrap elementor-element-populated\">\n\t\t\t\t\t\t<div class=\"elementor-element elementor-element-70f91b21 elementor-widget elementor-widget-image\" data-id=\"70f91b21\" data-element_type=\"widget\" data-e-type=\"widget\" data-widget_type=\"image.default\">\n\t\t\t\t<div class=\"elementor-widget-container\">\n\t\t\t\t\t\t\t\t\t\t\t\t\t\t\t<img decoding=\"async\" src=\"https:\/\/maxxistyres.com.au\/wp-content\/uploads\/2016\/05\/HPM3.png\" title=\"\" alt=\"MAP3\" class=\"elementor-animation-grow\" loading=\"lazy\" \/>\t\t\t\t\t\t\t\t\t\t\t\t\t\t\t<\/div>\n\t\t\t\t<\/div>\n\t\t\t\t<div class=\"elementor-element elementor-element-5689d69b elementor-widget elementor-widget-text-editor\" data-id=\"5689d69b\" data-element_type=\"widget\" data-e-type=\"widget\" data-widget_type=\"text-editor.default\">\n\t\t\t\t<div class=\"elementor-widget-container\">\n\t\t\t\t\t\t\t\t\t<h2>Generalidades<\/h2><h2 class=\"elementor-heading-title elementor-size-default elementor-inline-editing pen\" contenteditable=\"true\" data-elementor-setting-key=\"title\" data-pen-placeholder=\"Teclea aqu\u00ed...\">MAXXIS Modelo HPM3<\/h2><p>El HP-M3 cuenta con entalladuras en cruz en la banda de rodadura para mayor tracci\u00f3n en superficies resbaladizas, mientras que las cuatro ranuras circunferenciales mejoran la resistencia al hidro planeo. Sus cuatro ranuras circunferenciales mejoran en gran manera la resistencia en la lluvia y evitan posibles derrapes.<\/p><h2>Beneficios<\/h2><ul><li>Dise\u00f1o de zanja transversal optimizada mejora el rendimiento en h\u00famedo.<\/li><li>Dise\u00f1o que mejora la tracci\u00f3n en superficies resbaladizas.<\/li><li>Dise\u00f1o de segmento central solido proporciona una mejor estabilidad a alta velocidad.<\/li><li>Dise\u00f1o de bloques de banda de rodadura de varios largos presiona ruido blanco virtual para ahogar el ruido de patr\u00f3n<\/li><\/ul>\t\t\t\t\t\t\t\t<\/div>\n\t\t\t\t<\/div>\n\t\t\t\t\t<\/div>\n\t\t<\/div>\n\t\t\t\t<div class=\"elementor-column elementor-col-33 elementor-top-column elementor-element elementor-element-29abbb2e\" data-id=\"29abbb2e\" data-element_type=\"column\" data-e-type=\"column\">\n\t\t\t<div class=\"elementor-widget-wrap elementor-element-populated\">\n\t\t\t\t\t\t<div class=\"elementor-element elementor-element-309f6c71 elementor-widget elementor-widget-text-editor\" data-id=\"309f6c71\" data-element_type=\"widget\" data-e-type=\"widget\" data-widget_type=\"text-editor.default\">\n\t\t\t\t<div class=\"elementor-widget-container\">\n\t\t\t\t\t\t\t\t\t<div class=\"col-xs-12 col-md-12\"><div class=\"tire-feature-item\"><div class=\"tire-feature-item__content\"><h2>Caracter\u00edsticas de desempe\u00f1o<\/h2><div class=\"col-xs-12 col-md-12\"><div class=\"tire-feature-item\"><div class=\"tire-feature-item__content\"><ul><li class=\"tick-list__item\"><span><span>Dise\u00f1o de patr\u00f3n de cinco costillas dise\u00f1ado para mejorar el desgaste de los neum\u00e1ticos, el ruido del patr\u00f3n y la estabilidad a alta velocidad<\/span><\/span><\/li><li class=\"tick-list__item\"><span><span>\u00a0Cuatro ranuras circunferenciales principales expulsan el agua r\u00e1pidamente para mejorar la resistencia al hidroplaneo<\/span><\/span><\/li><li class=\"tick-list__item\"><span><span>El dise\u00f1o aerodin\u00e1mico de ranuras laterales mejora el rendimiento general sobre mojado<\/span><\/span><\/li><li class=\"tick-list__item\"><span><span>Clasificaci\u00f3n M+S para todas las estaciones<\/span><\/span><\/li><li class=\"tick-list__item\"><strong><span><span>UTQG 560 AA, 700 AA<\/span><\/span><\/strong><\/li><li>\u00a0<\/li><\/ul><\/div><\/div><\/div><\/div><\/div><\/div>\t\t\t\t\t\t\t\t<\/div>\n\t\t\t\t<\/div>\n\t\t\t\t<div class=\"elementor-element elementor-element-368822ca elementor-widget elementor-widget-image\" data-id=\"368822ca\" data-element_type=\"widget\" data-e-type=\"widget\" data-widget_type=\"image.default\">\n\t\t\t\t<div class=\"elementor-widget-container\">\n\t\t\t\t\t\t\t\t\t\t\t\t\t\t\t<img decoding=\"async\" src=\"https:\/\/www.maxxis.com\/us\/wp-content\/uploads\/sites\/13\/2021\/01\/HPM3.jpg\" title=\"\" alt=\"MAP3\" class=\"elementor-animation-grow\" loading=\"lazy\" \/>\t\t\t\t\t\t\t\t\t\t\t\t\t\t\t<\/div>\n\t\t\t\t<\/div>\n\t\t\t\t\t<\/div>\n\t\t<\/div>\n\t\t\t\t\t<\/div>\n\t\t<\/section>\n\t\t\t\t<section class=\"elementor-section elementor-top-section elementor-element elementor-element-978edc4 elementor-section-boxed elementor-section-height-default elementor-section-height-default\" data-id=\"978edc4\" data-element_type=\"section\" data-e-type=\"section\">\n\t\t\t\t\t\t<div class=\"elementor-container elementor-column-gap-default\">\n\t\t\t\t\t<div class=\"elementor-column elementor-col-100 elementor-top-column elementor-element elementor-element-89c476b\" data-id=\"89c476b\" data-element_type=\"column\" data-e-type=\"column\">\n\t\t\t<div class=\"elementor-widget-wrap elementor-element-populated\">\n\t\t\t\t\t\t<div class=\"elementor-element elementor-element-2d1981e elementor-widget elementor-widget-image\" data-id=\"2d1981e\" data-element_type=\"widget\" data-e-type=\"widget\" data-widget_type=\"image.default\">\n\t\t\t\t<div class=\"elementor-widget-container\">\n\t\t\t\t\t\t\t\t\t\t\t\t\t\t\t<img fetchpriority=\"high\" decoding=\"async\" width=\"1024\" height=\"371\" src=\"https:\/\/elsalvadorllantas.com\/wp-content\/uploads\/2022\/06\/reviews-hpm3-1024x371.jpg\" class=\"attachment-large size-large wp-image-13413\" alt=\"\" srcset=\"https:\/\/elsalvadorllantas.com\/wp-content\/uploads\/2022\/06\/reviews-hpm3-1024x371.jpg 1024w, https:\/\/elsalvadorllantas.com\/wp-content\/uploads\/2022\/06\/reviews-hpm3-300x109.jpg 300w, https:\/\/elsalvadorllantas.com\/wp-content\/uploads\/2022\/06\/reviews-hpm3-768x278.jpg 768w, https:\/\/elsalvadorllantas.com\/wp-content\/uploads\/2022\/06\/reviews-hpm3-600x217.jpg 600w, https:\/\/elsalvadorllantas.com\/wp-content\/uploads\/2022\/06\/reviews-hpm3-64x23.jpg 64w, https:\/\/elsalvadorllantas.com\/wp-content\/uploads\/2022\/06\/reviews-hpm3.jpg 1192w\" sizes=\"(max-width: 1024px) 100vw, 1024px\" \/>\t\t\t\t\t\t\t\t\t\t\t\t\t\t\t<\/div>\n\t\t\t\t<\/div>\n\t\t\t\t\t<\/div>\n\t\t<\/div>\n\t\t\t\t\t<\/div>\n\t\t<\/section>\n\t\t\t\t<\/div>\n\t\t\n","protected":false},"excerpt":{"rendered":"<p>\u00cdndice de Velocidad \u00cdndice de Carga V 109<\/p>\n","protected":false},"featured_media":17916,"template":"","meta":{"_acf_changed":false},"product_brand":[],"product_cat":[2308,1898,1880],"product_tag":[],"class_list":{"0":"post-10273","1":"product","2":"type-product","3":"status-publish","4":"has-post-thumbnail","6":"product_cat-265-65r17","7":"product_cat-hp-m3","8":"product_cat-maxxis","10":"first","11":"outofstock","12":"sale","13":"shipping-taxable","14":"purchasable","15":"product-type-simple"},"acf":[],"yoast_head":"<!-- This site is optimized with the Yoast SEO plugin v26.8 - https:\/\/yoast.com\/product\/yoast-seo-wordpress\/ -->\r\n<title>Maxxis 255\/55 R18 HPM3 109V - Centro de Servicio Do\u00f1o<\/title>\r\n<meta name=\"description\" content=\"Un neum\u00e1tico de turismo premium para todas las estaciones, el HP-M3 esta dise\u00f1ado para un rendimiento completo\" \/>\r\n<meta name=\"robots\" content=\"index, follow, max-snippet:-1, max-image-preview:large, max-video-preview:-1\" \/>\r\n<link rel=\"canonical\" href=\"https:\/\/elsalvadorllantas.com\/index.php\/producto\/maxxis-255-55-r18-hpm3-109v\/\" \/>\r\n<meta property=\"og:locale\" content=\"es_ES\" \/>\r\n<meta property=\"og:type\" content=\"article\" \/>\r\n<meta property=\"og:title\" content=\"Maxxis 255\/55 R18 HPM3 109V - Centro de Servicio Do\u00f1o\" \/>\r\n<meta property=\"og:description\" content=\"Un neum\u00e1tico de turismo premium para todas las estaciones, el HP-M3 esta dise\u00f1ado para un rendimiento completo\" \/>\r\n<meta property=\"og:url\" content=\"https:\/\/elsalvadorllantas.com\/index.php\/producto\/maxxis-255-55-r18-hpm3-109v\/\" \/>\r\n<meta property=\"og:site_name\" content=\"Centro de Servicio Do\u00f1o\" \/>\r\n<meta property=\"article:modified_time\" content=\"2026-04-08T11:26:10+00:00\" \/>\r\n<meta property=\"og:image\" content=\"https:\/\/elsalvadorllantas.com\/wp-content\/uploads\/2023\/09\/LLANTAS-MAXXIS-HPM3.jpg\" \/>\r\n\t<meta property=\"og:image:width\" content=\"1200\" \/>\r\n\t<meta property=\"og:image:height\" content=\"1200\" \/>\r\n\t<meta property=\"og:image:type\" content=\"image\/jpeg\" \/>\r\n<meta name=\"twitter:card\" content=\"summary_large_image\" \/>\r\n<meta name=\"twitter:label1\" content=\"Tiempo de lectura\" \/>\n\t<meta name=\"twitter:data1\" content=\"2 minutos\" \/>\r\n<script type=\"application\/ld+json\" class=\"yoast-schema-graph\">{\"@context\":\"https:\/\/schema.org\",\"@graph\":[{\"@type\":\"WebPage\",\"@id\":\"https:\/\/elsalvadorllantas.com\/index.php\/producto\/maxxis-255-55-r18-hpm3-109v\/\",\"url\":\"https:\/\/elsalvadorllantas.com\/index.php\/producto\/maxxis-255-55-r18-hpm3-109v\/\",\"name\":\"Maxxis 255\/55 R18 HPM3 109V - Centro de Servicio Do\u00f1o\",\"isPartOf\":{\"@id\":\"https:\/\/elsalvadorllantas.com\/#website\"},\"primaryImageOfPage\":{\"@id\":\"https:\/\/elsalvadorllantas.com\/index.php\/producto\/maxxis-255-55-r18-hpm3-109v\/#primaryimage\"},\"image\":{\"@id\":\"https:\/\/elsalvadorllantas.com\/index.php\/producto\/maxxis-255-55-r18-hpm3-109v\/#primaryimage\"},\"thumbnailUrl\":\"https:\/\/elsalvadorllantas.com\/wp-content\/uploads\/2023\/09\/LLANTAS-MAXXIS-HPM3.jpg\",\"datePublished\":\"2021-11-14T17:14:03+00:00\",\"dateModified\":\"2026-04-08T11:26:10+00:00\",\"description\":\"Un neum\u00e1tico de turismo premium para todas las estaciones, el HP-M3 esta dise\u00f1ado para un rendimiento completo\",\"breadcrumb\":{\"@id\":\"https:\/\/elsalvadorllantas.com\/index.php\/producto\/maxxis-255-55-r18-hpm3-109v\/#breadcrumb\"},\"inLanguage\":\"es\",\"potentialAction\":[{\"@type\":\"ReadAction\",\"target\":[\"https:\/\/elsalvadorllantas.com\/index.php\/producto\/maxxis-255-55-r18-hpm3-109v\/\"]}]},{\"@type\":\"ImageObject\",\"inLanguage\":\"es\",\"@id\":\"https:\/\/elsalvadorllantas.com\/index.php\/producto\/maxxis-255-55-r18-hpm3-109v\/#primaryimage\",\"url\":\"https:\/\/elsalvadorllantas.com\/wp-content\/uploads\/2023\/09\/LLANTAS-MAXXIS-HPM3.jpg\",\"contentUrl\":\"https:\/\/elsalvadorllantas.com\/wp-content\/uploads\/2023\/09\/LLANTAS-MAXXIS-HPM3.jpg\",\"width\":1200,\"height\":1200},{\"@type\":\"BreadcrumbList\",\"@id\":\"https:\/\/elsalvadorllantas.com\/index.php\/producto\/maxxis-255-55-r18-hpm3-109v\/#breadcrumb\",\"itemListElement\":[{\"@type\":\"ListItem\",\"position\":1,\"name\":\"Inicio\",\"item\":\"https:\/\/elsalvadorllantas.com\/\"},{\"@type\":\"ListItem\",\"position\":2,\"name\":\"Tienda en linea\",\"item\":\"https:\/\/elsalvadorllantas.com\/index.php\/tienda-en-linea\/\"},{\"@type\":\"ListItem\",\"position\":3,\"name\":\"Maxxis 255\/55 R18 HPM3 109V\"}]},{\"@type\":\"WebSite\",\"@id\":\"https:\/\/elsalvadorllantas.com\/#website\",\"url\":\"https:\/\/elsalvadorllantas.com\/\",\"name\":\"Centro de Servicio Do\u00f1o\",\"description\":\"Venta de Llantas Nuevas - \u00a1Cotiza Ya!\",\"publisher\":{\"@id\":\"https:\/\/elsalvadorllantas.com\/#organization\"},\"potentialAction\":[{\"@type\":\"SearchAction\",\"target\":{\"@type\":\"EntryPoint\",\"urlTemplate\":\"https:\/\/elsalvadorllantas.com\/?s={search_term_string}\"},\"query-input\":{\"@type\":\"PropertyValueSpecification\",\"valueRequired\":true,\"valueName\":\"search_term_string\"}}],\"inLanguage\":\"es\"},{\"@type\":\"Organization\",\"@id\":\"https:\/\/elsalvadorllantas.com\/#organization\",\"name\":\"Centro de Servicio Do\u00f1o\",\"url\":\"https:\/\/elsalvadorllantas.com\/\",\"logo\":{\"@type\":\"ImageObject\",\"inLanguage\":\"es\",\"@id\":\"https:\/\/elsalvadorllantas.com\/#\/schema\/logo\/image\/\",\"url\":\"https:\/\/elsalvadorllantas.com\/wp-content\/uploads\/2021\/12\/Logo_Don\u0303o_Editable-CMYK-2.png\",\"contentUrl\":\"https:\/\/elsalvadorllantas.com\/wp-content\/uploads\/2021\/12\/Logo_Don\u0303o_Editable-CMYK-2.png\",\"width\":2139,\"height\":779,\"caption\":\"Centro de Servicio Do\u00f1o\"},\"image\":{\"@id\":\"https:\/\/elsalvadorllantas.com\/#\/schema\/logo\/image\/\"}}]}<\/script>\r\n<!-- \/ Yoast SEO plugin. -->","yoast_head_json":{"title":"Maxxis 255\/55 R18 HPM3 109V - Centro de Servicio Do\u00f1o","description":"Un neum\u00e1tico de turismo premium para todas las estaciones, el HP-M3 esta dise\u00f1ado para un rendimiento completo","robots":{"index":"index","follow":"follow","max-snippet":"max-snippet:-1","max-image-preview":"max-image-preview:large","max-video-preview":"max-video-preview:-1"},"canonical":"https:\/\/elsalvadorllantas.com\/index.php\/producto\/maxxis-255-55-r18-hpm3-109v\/","og_locale":"es_ES","og_type":"article","og_title":"Maxxis 255\/55 R18 HPM3 109V - Centro de Servicio Do\u00f1o","og_description":"Un neum\u00e1tico de turismo premium para todas las estaciones, el HP-M3 esta dise\u00f1ado para un rendimiento completo","og_url":"https:\/\/elsalvadorllantas.com\/index.php\/producto\/maxxis-255-55-r18-hpm3-109v\/","og_site_name":"Centro de Servicio Do\u00f1o","article_modified_time":"2026-04-08T11:26:10+00:00","og_image":[{"width":1200,"height":1200,"url":"https:\/\/elsalvadorllantas.com\/wp-content\/uploads\/2023\/09\/LLANTAS-MAXXIS-HPM3.jpg","type":"image\/jpeg"}],"twitter_card":"summary_large_image","twitter_misc":{"Tiempo de lectura":"2 minutos"},"schema":{"@context":"https:\/\/schema.org","@graph":[{"@type":"WebPage","@id":"https:\/\/elsalvadorllantas.com\/index.php\/producto\/maxxis-255-55-r18-hpm3-109v\/","url":"https:\/\/elsalvadorllantas.com\/index.php\/producto\/maxxis-255-55-r18-hpm3-109v\/","name":"Maxxis 255\/55 R18 HPM3 109V - Centro de Servicio Do\u00f1o","isPartOf":{"@id":"https:\/\/elsalvadorllantas.com\/#website"},"primaryImageOfPage":{"@id":"https:\/\/elsalvadorllantas.com\/index.php\/producto\/maxxis-255-55-r18-hpm3-109v\/#primaryimage"},"image":{"@id":"https:\/\/elsalvadorllantas.com\/index.php\/producto\/maxxis-255-55-r18-hpm3-109v\/#primaryimage"},"thumbnailUrl":"https:\/\/elsalvadorllantas.com\/wp-content\/uploads\/2023\/09\/LLANTAS-MAXXIS-HPM3.jpg","datePublished":"2021-11-14T17:14:03+00:00","dateModified":"2026-04-08T11:26:10+00:00","description":"Un neum\u00e1tico de turismo premium para todas las estaciones, el HP-M3 esta dise\u00f1ado para un rendimiento completo","breadcrumb":{"@id":"https:\/\/elsalvadorllantas.com\/index.php\/producto\/maxxis-255-55-r18-hpm3-109v\/#breadcrumb"},"inLanguage":"es","potentialAction":[{"@type":"ReadAction","target":["https:\/\/elsalvadorllantas.com\/index.php\/producto\/maxxis-255-55-r18-hpm3-109v\/"]}]},{"@type":"ImageObject","inLanguage":"es","@id":"https:\/\/elsalvadorllantas.com\/index.php\/producto\/maxxis-255-55-r18-hpm3-109v\/#primaryimage","url":"https:\/\/elsalvadorllantas.com\/wp-content\/uploads\/2023\/09\/LLANTAS-MAXXIS-HPM3.jpg","contentUrl":"https:\/\/elsalvadorllantas.com\/wp-content\/uploads\/2023\/09\/LLANTAS-MAXXIS-HPM3.jpg","width":1200,"height":1200},{"@type":"BreadcrumbList","@id":"https:\/\/elsalvadorllantas.com\/index.php\/producto\/maxxis-255-55-r18-hpm3-109v\/#breadcrumb","itemListElement":[{"@type":"ListItem","position":1,"name":"Inicio","item":"https:\/\/elsalvadorllantas.com\/"},{"@type":"ListItem","position":2,"name":"Tienda en linea","item":"https:\/\/elsalvadorllantas.com\/index.php\/tienda-en-linea\/"},{"@type":"ListItem","position":3,"name":"Maxxis 255\/55 R18 HPM3 109V"}]},{"@type":"WebSite","@id":"https:\/\/elsalvadorllantas.com\/#website","url":"https:\/\/elsalvadorllantas.com\/","name":"Centro de Servicio Do\u00f1o","description":"Venta de Llantas Nuevas - \u00a1Cotiza Ya!","publisher":{"@id":"https:\/\/elsalvadorllantas.com\/#organization"},"potentialAction":[{"@type":"SearchAction","target":{"@type":"EntryPoint","urlTemplate":"https:\/\/elsalvadorllantas.com\/?s={search_term_string}"},"query-input":{"@type":"PropertyValueSpecification","valueRequired":true,"valueName":"search_term_string"}}],"inLanguage":"es"},{"@type":"Organization","@id":"https:\/\/elsalvadorllantas.com\/#organization","name":"Centro de Servicio Do\u00f1o","url":"https:\/\/elsalvadorllantas.com\/","logo":{"@type":"ImageObject","inLanguage":"es","@id":"https:\/\/elsalvadorllantas.com\/#\/schema\/logo\/image\/","url":"https:\/\/elsalvadorllantas.com\/wp-content\/uploads\/2021\/12\/Logo_Don\u0303o_Editable-CMYK-2.png","contentUrl":"https:\/\/elsalvadorllantas.com\/wp-content\/uploads\/2021\/12\/Logo_Don\u0303o_Editable-CMYK-2.png","width":2139,"height":779,"caption":"Centro de Servicio Do\u00f1o"},"image":{"@id":"https:\/\/elsalvadorllantas.com\/#\/schema\/logo\/image\/"}}]}},"_links":{"self":[{"href":"https:\/\/elsalvadorllantas.com\/index.php\/wp-json\/wp\/v2\/product\/10273","targetHints":{"allow":["GET"]}}],"collection":[{"href":"https:\/\/elsalvadorllantas.com\/index.php\/wp-json\/wp\/v2\/product"}],"about":[{"href":"https:\/\/elsalvadorllantas.com\/index.php\/wp-json\/wp\/v2\/types\/product"}],"version-history":[{"count":1,"href":"https:\/\/elsalvadorllantas.com\/index.php\/wp-json\/wp\/v2\/product\/10273\/revisions"}],"predecessor-version":[{"id":20628,"href":"https:\/\/elsalvadorllantas.com\/index.php\/wp-json\/wp\/v2\/product\/10273\/revisions\/20628"}],"wp:featuredmedia":[{"embeddable":true,"href":"https:\/\/elsalvadorllantas.com\/index.php\/wp-json\/wp\/v2\/media\/17916"}],"wp:attachment":[{"href":"https:\/\/elsalvadorllantas.com\/index.php\/wp-json\/wp\/v2\/media?parent=10273"}],"wp:term":[{"taxonomy":"product_brand","embeddable":true,"href":"https:\/\/elsalvadorllantas.com\/index.php\/wp-json\/wp\/v2\/product_brand?post=10273"},{"taxonomy":"product_cat","embeddable":true,"href":"https:\/\/elsalvadorllantas.com\/index.php\/wp-json\/wp\/v2\/product_cat?post=10273"},{"taxonomy":"product_tag","embeddable":true,"href":"https:\/\/elsalvadorllantas.com\/index.php\/wp-json\/wp\/v2\/product_tag?post=10273"}],"curies":[{"name":"wp","href":"https:\/\/api.w.org\/{rel}","templated":true}]}}