{"id":10478,"date":"2021-12-18T15:04:31","date_gmt":"2021-12-18T21:04:31","guid":{"rendered":"https:\/\/elsalvadorllantas.com\/?post_type=product&#038;p=10478"},"modified":"2026-04-05T01:54:52","modified_gmt":"2026-04-05T07:54:52","slug":"maxxis-225-45-zr18-maz4-95w","status":"publish","type":"product","link":"https:\/\/elsalvadorllantas.com\/index.php\/producto\/maxxis-225-45-zr18-maz4-95w\/","title":{"rendered":"Maxxis 225\/45 ZR18 MAZ4 95W"},"content":{"rendered":"<table style=\"height: 67px;\" border=\"2\" width=\"777\">\n<tbody>\n<tr style=\"text-align: center;\">\n<td>\u00cdndice de Velocidad<\/td>\n<td>\u00cdndice de Carga<\/td>\n<\/tr>\n<tr style=\"text-align: center;\">\n<td>W<\/td>\n<td>95<\/td>\n<\/tr>\n<\/tbody>\n<\/table>\n<h1><img decoding=\"async\" class=\"alignnone size-medium wp-image-10485\" src=\"https:\/\/elsalvadorllantas.com\/wp-content\/uploads\/2021\/12\/Imagen1-300x55.png\" alt=\"\" width=\"300\" height=\"55\" srcset=\"https:\/\/elsalvadorllantas.com\/wp-content\/uploads\/2021\/12\/Imagen1-300x55.png 300w, https:\/\/elsalvadorllantas.com\/wp-content\/uploads\/2021\/12\/Imagen1-64x12.png 64w, https:\/\/elsalvadorllantas.com\/wp-content\/uploads\/2021\/12\/Imagen1.png 527w\" sizes=\"(max-width: 300px) 100vw, 300px\" loading=\"lazy\" \/><\/h1>\n<h1>Modelo MA-Z4<\/h1>\n<p>Surcos en V unidireccionales para una mejor maniobrabilidad en carreteras secas y mojadas.<\/p>\n<p>Cuatro surcos longitudinales con grandes espacios huecos estre ellos que permiten drenar el agua para una mejor tracci\u00f3n sobre terrenos mojados.<\/p>\n<h2>Generalidades<\/h2>\n<p>El Maxxis MA-Z4 es creado para todas las temporadas, dise\u00f1ado para un excelente rendimiento en climas h\u00famedos, su construcci\u00f3n r\u00edgida le permite ofrecer gran estabilidad, seguridad y confort incluso a velocidades altas.<\/p>\n<h2>Beneficios<\/h2>\n<ul>\n<li>Estabilidad en velocidades altas.<\/li>\n<li>Durabilidad y tracci\u00f3n en todo tipo de condiciones.<\/li>\n<li>Confort y gran rendimiento en suelos h\u00famedos.<\/li>\n<\/ul>\n<h2><\/h2>\n<p><img fetchpriority=\"high\" decoding=\"async\" class=\"alignnone size-full wp-image-10486\" src=\"https:\/\/elsalvadorllantas.com\/wp-content\/uploads\/2021\/12\/Imagen2-1.png\" alt=\"\" width=\"209\" height=\"279\" srcset=\"https:\/\/elsalvadorllantas.com\/wp-content\/uploads\/2021\/12\/Imagen2-1.png 209w, https:\/\/elsalvadorllantas.com\/wp-content\/uploads\/2021\/12\/Imagen2-1-64x85.png 64w\" sizes=\"(max-width: 209px) 100vw, 209px\" \/><\/p>\n<h2>Caracter\u00edsticas de desempe\u00f1o<\/h2>\n<ul>\n<li>Neum\u00e1tico silencioso.<\/li>\n<li>Seguridad en conducci\u00f3n.<\/li>\n<li>Resistente al desgaste.<\/li>\n<\/ul>\n<p><img decoding=\"async\" class=\"alignnone size-full wp-image-10487\" src=\"https:\/\/elsalvadorllantas.com\/wp-content\/uploads\/2021\/12\/Imagen3.png\" alt=\"\" width=\"219\" height=\"218\" srcset=\"https:\/\/elsalvadorllantas.com\/wp-content\/uploads\/2021\/12\/Imagen3.png 219w, https:\/\/elsalvadorllantas.com\/wp-content\/uploads\/2021\/12\/Imagen3-150x150.png 150w, https:\/\/elsalvadorllantas.com\/wp-content\/uploads\/2021\/12\/Imagen3-100x100.png 100w, https:\/\/elsalvadorllantas.com\/wp-content\/uploads\/2021\/12\/Imagen3-64x64.png 64w\" sizes=\"(max-width: 219px) 100vw, 219px\" loading=\"lazy\" \/><\/p>\n<p><img loading=\"lazy\" decoding=\"async\" class=\"alignnone size-medium wp-image-10488\" src=\"https:\/\/elsalvadorllantas.com\/wp-content\/uploads\/2021\/12\/Imagen4.png\" alt=\"\" width=\"203\" height=\"31\" srcset=\"https:\/\/elsalvadorllantas.com\/wp-content\/uploads\/2021\/12\/Imagen4.png 203w, https:\/\/elsalvadorllantas.com\/wp-content\/uploads\/2021\/12\/Imagen4-64x10.png 64w\" sizes=\"(max-width: 203px) 100vw, 203px\" \/><\/p>\n<p><img loading=\"lazy\" decoding=\"async\" class=\"alignnone size-medium wp-image-10489\" src=\"https:\/\/elsalvadorllantas.com\/wp-content\/uploads\/2021\/12\/Imagen5.png\" alt=\"\" width=\"176\" height=\"68\" srcset=\"https:\/\/elsalvadorllantas.com\/wp-content\/uploads\/2021\/12\/Imagen5.png 176w, https:\/\/elsalvadorllantas.com\/wp-content\/uploads\/2021\/12\/Imagen5-64x25.png 64w\" sizes=\"(max-width: 176px) 100vw, 176px\" \/><\/p>\n<p><img loading=\"lazy\" decoding=\"async\" class=\"alignnone size-medium wp-image-10490\" src=\"https:\/\/elsalvadorllantas.com\/wp-content\/uploads\/2021\/12\/Imagen6-1.png\" alt=\"\" width=\"288\" height=\"138\" srcset=\"https:\/\/elsalvadorllantas.com\/wp-content\/uploads\/2021\/12\/Imagen6-1.png 288w, https:\/\/elsalvadorllantas.com\/wp-content\/uploads\/2021\/12\/Imagen6-1-64x31.png 64w\" sizes=\"(max-width: 288px) 100vw, 288px\" \/><\/p>\n","protected":false},"excerpt":{"rendered":"<p>\u00cdndice de Velocidad \u00cdndice de Carga W 95 Modelo MA-Z4 Surcos en V unidireccionales para una mejor maniobrabilidad en carreteras secas y mojadas. Cuatro surcos longitudinales con grandes espacios huecos estre ellos que permiten drenar el agua para una mejor tracci\u00f3n sobre terrenos mojados. Generalidades El Maxxis MA-Z4 es creado para todas las temporadas, dise\u00f1ado<br \/><a class=\"more-link\" href=\"https:\/\/elsalvadorllantas.com\/index.php\/producto\/maxxis-225-45-zr18-maz4-95w\/\"><br \/>\n        Ver m\u00e1s<span class=\"screen-reader-text\"> \u00abMaxxis 225\/45 ZR18 MAZ4 95W\u00bb<\/span><\/a><\/p>\n","protected":false},"featured_media":17936,"template":"","meta":{"_acf_changed":false},"product_brand":[],"product_cat":[2310,1880],"product_tag":[],"class_list":{"0":"post-10478","1":"product","2":"type-product","3":"status-publish","4":"has-post-thumbnail","6":"product_cat-225-45zr18","7":"product_cat-maxxis","9":"first","10":"outofstock","11":"sale","12":"shipping-taxable","13":"purchasable","14":"product-type-simple"},"acf":[],"yoast_head":"<!-- This site is optimized with the Yoast SEO plugin v26.8 - https:\/\/yoast.com\/product\/yoast-seo-wordpress\/ -->\r\n<title>Maxxis 225\/45 ZR18 MAZ4 95W - Centro de Servicio Do\u00f1o<\/title>\r\n<meta name=\"robots\" content=\"index, follow, max-snippet:-1, max-image-preview:large, max-video-preview:-1\" \/>\r\n<link rel=\"canonical\" href=\"https:\/\/elsalvadorllantas.com\/index.php\/producto\/maxxis-225-45-zr18-maz4-95w\/\" \/>\r\n<meta property=\"og:locale\" content=\"es_ES\" \/>\r\n<meta property=\"og:type\" content=\"article\" \/>\r\n<meta property=\"og:title\" content=\"Maxxis 225\/45 ZR18 MAZ4 95W - Centro de Servicio Do\u00f1o\" \/>\r\n<meta property=\"og:description\" content=\"\u00cdndice de Velocidad \u00cdndice de Carga W 95 Modelo MA-Z4 Surcos en V unidireccionales para una mejor maniobrabilidad en carreteras secas y mojadas. Cuatro surcos longitudinales con grandes espacios huecos estre ellos que permiten drenar el agua para una mejor tracci\u00f3n sobre terrenos mojados. Generalidades El Maxxis MA-Z4 es creado para todas las temporadas, dise\u00f1ado     Ver m\u00e1s &quot;Maxxis 225\/45 ZR18 MAZ4 95W&quot;\" \/>\r\n<meta property=\"og:url\" content=\"https:\/\/elsalvadorllantas.com\/index.php\/producto\/maxxis-225-45-zr18-maz4-95w\/\" \/>\r\n<meta property=\"og:site_name\" content=\"Centro de Servicio Do\u00f1o\" \/>\r\n<meta property=\"article:modified_time\" content=\"2026-04-05T07:54:52+00:00\" \/>\r\n<meta property=\"og:image\" content=\"https:\/\/elsalvadorllantas.com\/wp-content\/uploads\/2021\/12\/LLANTAS-MAXXIS-MAZ4.jpg\" \/>\r\n\t<meta property=\"og:image:width\" content=\"1200\" \/>\r\n\t<meta property=\"og:image:height\" content=\"1200\" \/>\r\n\t<meta property=\"og:image:type\" content=\"image\/jpeg\" \/>\r\n<meta name=\"twitter:card\" content=\"summary_large_image\" \/>\r\n<meta name=\"twitter:label1\" content=\"Tiempo de lectura\" \/>\n\t<meta name=\"twitter:data1\" content=\"1 minuto\" \/>\r\n<script type=\"application\/ld+json\" class=\"yoast-schema-graph\">{\"@context\":\"https:\/\/schema.org\",\"@graph\":[{\"@type\":\"WebPage\",\"@id\":\"https:\/\/elsalvadorllantas.com\/index.php\/producto\/maxxis-225-45-zr18-maz4-95w\/\",\"url\":\"https:\/\/elsalvadorllantas.com\/index.php\/producto\/maxxis-225-45-zr18-maz4-95w\/\",\"name\":\"Maxxis 225\/45 ZR18 MAZ4 95W - Centro de Servicio Do\u00f1o\",\"isPartOf\":{\"@id\":\"https:\/\/elsalvadorllantas.com\/#website\"},\"primaryImageOfPage\":{\"@id\":\"https:\/\/elsalvadorllantas.com\/index.php\/producto\/maxxis-225-45-zr18-maz4-95w\/#primaryimage\"},\"image\":{\"@id\":\"https:\/\/elsalvadorllantas.com\/index.php\/producto\/maxxis-225-45-zr18-maz4-95w\/#primaryimage\"},\"thumbnailUrl\":\"https:\/\/elsalvadorllantas.com\/wp-content\/uploads\/2021\/12\/LLANTAS-MAXXIS-MAZ4.jpg\",\"datePublished\":\"2021-12-18T21:04:31+00:00\",\"dateModified\":\"2026-04-05T07:54:52+00:00\",\"breadcrumb\":{\"@id\":\"https:\/\/elsalvadorllantas.com\/index.php\/producto\/maxxis-225-45-zr18-maz4-95w\/#breadcrumb\"},\"inLanguage\":\"es\",\"potentialAction\":[{\"@type\":\"ReadAction\",\"target\":[\"https:\/\/elsalvadorllantas.com\/index.php\/producto\/maxxis-225-45-zr18-maz4-95w\/\"]}]},{\"@type\":\"ImageObject\",\"inLanguage\":\"es\",\"@id\":\"https:\/\/elsalvadorllantas.com\/index.php\/producto\/maxxis-225-45-zr18-maz4-95w\/#primaryimage\",\"url\":\"https:\/\/elsalvadorllantas.com\/wp-content\/uploads\/2021\/12\/LLANTAS-MAXXIS-MAZ4.jpg\",\"contentUrl\":\"https:\/\/elsalvadorllantas.com\/wp-content\/uploads\/2021\/12\/LLANTAS-MAXXIS-MAZ4.jpg\",\"width\":1200,\"height\":1200},{\"@type\":\"BreadcrumbList\",\"@id\":\"https:\/\/elsalvadorllantas.com\/index.php\/producto\/maxxis-225-45-zr18-maz4-95w\/#breadcrumb\",\"itemListElement\":[{\"@type\":\"ListItem\",\"position\":1,\"name\":\"Inicio\",\"item\":\"https:\/\/elsalvadorllantas.com\/\"},{\"@type\":\"ListItem\",\"position\":2,\"name\":\"Tienda en linea\",\"item\":\"https:\/\/elsalvadorllantas.com\/index.php\/tienda-en-linea\/\"},{\"@type\":\"ListItem\",\"position\":3,\"name\":\"Maxxis 225\/45 ZR18 MAZ4 95W\"}]},{\"@type\":\"WebSite\",\"@id\":\"https:\/\/elsalvadorllantas.com\/#website\",\"url\":\"https:\/\/elsalvadorllantas.com\/\",\"name\":\"Centro de Servicio Do\u00f1o\",\"description\":\"Venta de Llantas Nuevas - \u00a1Cotiza Ya!\",\"publisher\":{\"@id\":\"https:\/\/elsalvadorllantas.com\/#organization\"},\"potentialAction\":[{\"@type\":\"SearchAction\",\"target\":{\"@type\":\"EntryPoint\",\"urlTemplate\":\"https:\/\/elsalvadorllantas.com\/?s={search_term_string}\"},\"query-input\":{\"@type\":\"PropertyValueSpecification\",\"valueRequired\":true,\"valueName\":\"search_term_string\"}}],\"inLanguage\":\"es\"},{\"@type\":\"Organization\",\"@id\":\"https:\/\/elsalvadorllantas.com\/#organization\",\"name\":\"Centro de Servicio Do\u00f1o\",\"url\":\"https:\/\/elsalvadorllantas.com\/\",\"logo\":{\"@type\":\"ImageObject\",\"inLanguage\":\"es\",\"@id\":\"https:\/\/elsalvadorllantas.com\/#\/schema\/logo\/image\/\",\"url\":\"https:\/\/elsalvadorllantas.com\/wp-content\/uploads\/2021\/12\/Logo_Don\u0303o_Editable-CMYK-2.png\",\"contentUrl\":\"https:\/\/elsalvadorllantas.com\/wp-content\/uploads\/2021\/12\/Logo_Don\u0303o_Editable-CMYK-2.png\",\"width\":2139,\"height\":779,\"caption\":\"Centro de Servicio Do\u00f1o\"},\"image\":{\"@id\":\"https:\/\/elsalvadorllantas.com\/#\/schema\/logo\/image\/\"}}]}<\/script>\r\n<!-- \/ Yoast SEO plugin. -->","yoast_head_json":{"title":"Maxxis 225\/45 ZR18 MAZ4 95W - Centro de Servicio Do\u00f1o","robots":{"index":"index","follow":"follow","max-snippet":"max-snippet:-1","max-image-preview":"max-image-preview:large","max-video-preview":"max-video-preview:-1"},"canonical":"https:\/\/elsalvadorllantas.com\/index.php\/producto\/maxxis-225-45-zr18-maz4-95w\/","og_locale":"es_ES","og_type":"article","og_title":"Maxxis 225\/45 ZR18 MAZ4 95W - Centro de Servicio Do\u00f1o","og_description":"\u00cdndice de Velocidad \u00cdndice de Carga W 95 Modelo MA-Z4 Surcos en V unidireccionales para una mejor maniobrabilidad en carreteras secas y mojadas. Cuatro surcos longitudinales con grandes espacios huecos estre ellos que permiten drenar el agua para una mejor tracci\u00f3n sobre terrenos mojados. Generalidades El Maxxis MA-Z4 es creado para todas las temporadas, dise\u00f1ado     Ver m\u00e1s \"Maxxis 225\/45 ZR18 MAZ4 95W\"","og_url":"https:\/\/elsalvadorllantas.com\/index.php\/producto\/maxxis-225-45-zr18-maz4-95w\/","og_site_name":"Centro de Servicio Do\u00f1o","article_modified_time":"2026-04-05T07:54:52+00:00","og_image":[{"width":1200,"height":1200,"url":"https:\/\/elsalvadorllantas.com\/wp-content\/uploads\/2021\/12\/LLANTAS-MAXXIS-MAZ4.jpg","type":"image\/jpeg"}],"twitter_card":"summary_large_image","twitter_misc":{"Tiempo de lectura":"1 minuto"},"schema":{"@context":"https:\/\/schema.org","@graph":[{"@type":"WebPage","@id":"https:\/\/elsalvadorllantas.com\/index.php\/producto\/maxxis-225-45-zr18-maz4-95w\/","url":"https:\/\/elsalvadorllantas.com\/index.php\/producto\/maxxis-225-45-zr18-maz4-95w\/","name":"Maxxis 225\/45 ZR18 MAZ4 95W - Centro de Servicio Do\u00f1o","isPartOf":{"@id":"https:\/\/elsalvadorllantas.com\/#website"},"primaryImageOfPage":{"@id":"https:\/\/elsalvadorllantas.com\/index.php\/producto\/maxxis-225-45-zr18-maz4-95w\/#primaryimage"},"image":{"@id":"https:\/\/elsalvadorllantas.com\/index.php\/producto\/maxxis-225-45-zr18-maz4-95w\/#primaryimage"},"thumbnailUrl":"https:\/\/elsalvadorllantas.com\/wp-content\/uploads\/2021\/12\/LLANTAS-MAXXIS-MAZ4.jpg","datePublished":"2021-12-18T21:04:31+00:00","dateModified":"2026-04-05T07:54:52+00:00","breadcrumb":{"@id":"https:\/\/elsalvadorllantas.com\/index.php\/producto\/maxxis-225-45-zr18-maz4-95w\/#breadcrumb"},"inLanguage":"es","potentialAction":[{"@type":"ReadAction","target":["https:\/\/elsalvadorllantas.com\/index.php\/producto\/maxxis-225-45-zr18-maz4-95w\/"]}]},{"@type":"ImageObject","inLanguage":"es","@id":"https:\/\/elsalvadorllantas.com\/index.php\/producto\/maxxis-225-45-zr18-maz4-95w\/#primaryimage","url":"https:\/\/elsalvadorllantas.com\/wp-content\/uploads\/2021\/12\/LLANTAS-MAXXIS-MAZ4.jpg","contentUrl":"https:\/\/elsalvadorllantas.com\/wp-content\/uploads\/2021\/12\/LLANTAS-MAXXIS-MAZ4.jpg","width":1200,"height":1200},{"@type":"BreadcrumbList","@id":"https:\/\/elsalvadorllantas.com\/index.php\/producto\/maxxis-225-45-zr18-maz4-95w\/#breadcrumb","itemListElement":[{"@type":"ListItem","position":1,"name":"Inicio","item":"https:\/\/elsalvadorllantas.com\/"},{"@type":"ListItem","position":2,"name":"Tienda en linea","item":"https:\/\/elsalvadorllantas.com\/index.php\/tienda-en-linea\/"},{"@type":"ListItem","position":3,"name":"Maxxis 225\/45 ZR18 MAZ4 95W"}]},{"@type":"WebSite","@id":"https:\/\/elsalvadorllantas.com\/#website","url":"https:\/\/elsalvadorllantas.com\/","name":"Centro de Servicio Do\u00f1o","description":"Venta de Llantas Nuevas - \u00a1Cotiza Ya!","publisher":{"@id":"https:\/\/elsalvadorllantas.com\/#organization"},"potentialAction":[{"@type":"SearchAction","target":{"@type":"EntryPoint","urlTemplate":"https:\/\/elsalvadorllantas.com\/?s={search_term_string}"},"query-input":{"@type":"PropertyValueSpecification","valueRequired":true,"valueName":"search_term_string"}}],"inLanguage":"es"},{"@type":"Organization","@id":"https:\/\/elsalvadorllantas.com\/#organization","name":"Centro de Servicio Do\u00f1o","url":"https:\/\/elsalvadorllantas.com\/","logo":{"@type":"ImageObject","inLanguage":"es","@id":"https:\/\/elsalvadorllantas.com\/#\/schema\/logo\/image\/","url":"https:\/\/elsalvadorllantas.com\/wp-content\/uploads\/2021\/12\/Logo_Don\u0303o_Editable-CMYK-2.png","contentUrl":"https:\/\/elsalvadorllantas.com\/wp-content\/uploads\/2021\/12\/Logo_Don\u0303o_Editable-CMYK-2.png","width":2139,"height":779,"caption":"Centro de Servicio Do\u00f1o"},"image":{"@id":"https:\/\/elsalvadorllantas.com\/#\/schema\/logo\/image\/"}}]}},"_links":{"self":[{"href":"https:\/\/elsalvadorllantas.com\/index.php\/wp-json\/wp\/v2\/product\/10478","targetHints":{"allow":["GET"]}}],"collection":[{"href":"https:\/\/elsalvadorllantas.com\/index.php\/wp-json\/wp\/v2\/product"}],"about":[{"href":"https:\/\/elsalvadorllantas.com\/index.php\/wp-json\/wp\/v2\/types\/product"}],"version-history":[{"count":1,"href":"https:\/\/elsalvadorllantas.com\/index.php\/wp-json\/wp\/v2\/product\/10478\/revisions"}],"predecessor-version":[{"id":20624,"href":"https:\/\/elsalvadorllantas.com\/index.php\/wp-json\/wp\/v2\/product\/10478\/revisions\/20624"}],"wp:featuredmedia":[{"embeddable":true,"href":"https:\/\/elsalvadorllantas.com\/index.php\/wp-json\/wp\/v2\/media\/17936"}],"wp:attachment":[{"href":"https:\/\/elsalvadorllantas.com\/index.php\/wp-json\/wp\/v2\/media?parent=10478"}],"wp:term":[{"taxonomy":"product_brand","embeddable":true,"href":"https:\/\/elsalvadorllantas.com\/index.php\/wp-json\/wp\/v2\/product_brand?post=10478"},{"taxonomy":"product_cat","embeddable":true,"href":"https:\/\/elsalvadorllantas.com\/index.php\/wp-json\/wp\/v2\/product_cat?post=10478"},{"taxonomy":"product_tag","embeddable":true,"href":"https:\/\/elsalvadorllantas.com\/index.php\/wp-json\/wp\/v2\/product_tag?post=10478"}],"curies":[{"name":"wp","href":"https:\/\/api.w.org\/{rel}","templated":true}]}}