{"id":12315,"date":"2022-03-11T18:36:57","date_gmt":"2022-03-12T00:36:57","guid":{"rendered":"https:\/\/elsalvadorllantas.com\/?post_type=product&#038;p=12315"},"modified":"2026-04-13T23:37:49","modified_gmt":"2026-04-14T05:37:49","slug":"maxxis-285-60-r18-ht760-114s","status":"publish","type":"product","link":"https:\/\/elsalvadorllantas.com\/index.php\/producto\/maxxis-285-60-r18-ht760-114s\/","title":{"rendered":"Maxxis 285\/60 R18 HT760 114S"},"content":{"rendered":"<table style=\"height: 67px;\" border=\"2\" width=\"777\">\n<tbody>\n<tr style=\"text-align: center;\">\n<td>Lonaje<\/td>\n<\/tr>\n<tr style=\"text-align: center;\">\n<td>4PR<\/td>\n<\/tr>\n<\/tbody>\n<\/table>\n<p>&nbsp;<\/p>\n<table style=\"height: 67px;\" border=\"2\" width=\"777\">\n<tbody>\n<tr style=\"text-align: center;\">\n<td>\u00cdndice de Velocidad<\/td>\n<td>\u00cdndice de Carga<\/td>\n<\/tr>\n<tr style=\"text-align: center;\">\n<td>S<\/td>\n<td>114<\/td>\n<\/tr>\n<\/tbody>\n<\/table>\n<p><img decoding=\"async\" class=\"alignnone wp-image-9763\" src=\"https:\/\/elsalvadorllantas.com\/wp-content\/uploads\/2018\/04\/Logo_Maxxis-menu.png\" alt=\"\" width=\"172\" height=\"36\" srcset=\"https:\/\/elsalvadorllantas.com\/wp-content\/uploads\/2018\/04\/Logo_Maxxis-menu.png 300w, https:\/\/elsalvadorllantas.com\/wp-content\/uploads\/2018\/04\/Logo_Maxxis-menu-64x13.png 64w\" sizes=\"(max-width: 172px) 100vw, 172px\" loading=\"lazy\" \/><\/p>\n<p><img decoding=\"async\" class=\"alignnone size-medium wp-image-10336\" src=\"https:\/\/elsalvadorllantas.com\/wp-content\/uploads\/2021\/11\/HT-760-Imagen5-2-300x50.png\" alt=\"\" width=\"300\" height=\"50\" srcset=\"https:\/\/elsalvadorllantas.com\/wp-content\/uploads\/2021\/11\/HT-760-Imagen5-2-300x50.png 300w, https:\/\/elsalvadorllantas.com\/wp-content\/uploads\/2021\/11\/HT-760-Imagen5-2-64x11.png 64w, https:\/\/elsalvadorllantas.com\/wp-content\/uploads\/2021\/11\/HT-760-Imagen5-2.png 549w\" sizes=\"(max-width: 300px) 100vw, 300px\" loading=\"lazy\" \/><\/p>\n<p><img fetchpriority=\"high\" decoding=\"async\" class=\"size-medium wp-image-10337 alignleft\" src=\"https:\/\/elsalvadorllantas.com\/wp-content\/uploads\/2021\/11\/HT-760-Imagen5-3-209x300.png\" alt=\"\" width=\"209\" height=\"300\" srcset=\"https:\/\/elsalvadorllantas.com\/wp-content\/uploads\/2021\/11\/HT-760-Imagen5-3-209x300.png 209w, https:\/\/elsalvadorllantas.com\/wp-content\/uploads\/2021\/11\/HT-760-Imagen5-3-64x92.png 64w, https:\/\/elsalvadorllantas.com\/wp-content\/uploads\/2021\/11\/HT-760-Imagen5-3.png 254w\" sizes=\"(max-width: 209px) 100vw, 209px\" \/>El neum\u00e1tico <strong>KT\/750\/760<\/strong> ofrece en todas las estaciones rendimiento de gran durabilidad caracter\u00edstica de Maxis. El dise\u00f1o de la banda de rodadura mejorada proporciona un suave manejo y una mayor vida. En terrenos accidentados o en la carretera entrega un c\u00f3modo y tranquilo paseo.<\/p>\n<p>&nbsp;<\/p>\n<p><strong><em>Generalidades<\/em><\/strong>.<\/p>\n<p>El neum\u00e1tico HT-760 es ideal para un uso en camionetas, SUV\u2019S y pick-up\u2019s, perfecto para los conductores que les gusta un poco de conducci\u00f3n todo terreno, creado para un rendimiento en todas las temporadas.<\/p>\n<p><strong><em>Caracter\u00edsticas de desempe\u00f1o:<\/em><\/strong><\/p>\n<ul>\n<li>Carcasa resistente a pinchaduras.<\/li>\n<li>Excelente maniobrabilidad en carretera y fuera de ella.<\/li>\n<li>Estabilidad y tracci\u00f3n en todo momento.<\/li>\n<\/ul>\n<p><img loading=\"lazy\" decoding=\"async\" class=\"alignnone size-medium wp-image-10338\" src=\"https:\/\/elsalvadorllantas.com\/wp-content\/uploads\/2021\/11\/HT-760-Imagen5-4-300x108.png\" alt=\"\" width=\"300\" height=\"108\" srcset=\"https:\/\/elsalvadorllantas.com\/wp-content\/uploads\/2021\/11\/HT-760-Imagen5-4-300x108.png 300w, https:\/\/elsalvadorllantas.com\/wp-content\/uploads\/2021\/11\/HT-760-Imagen5-4-64x23.png 64w, https:\/\/elsalvadorllantas.com\/wp-content\/uploads\/2021\/11\/HT-760-Imagen5-4.png 549w\" sizes=\"(max-width: 300px) 100vw, 300px\" \/>\u00a0 <img loading=\"lazy\" decoding=\"async\" class=\"alignnone size-medium wp-image-10339\" src=\"https:\/\/elsalvadorllantas.com\/wp-content\/uploads\/2021\/11\/HT-760-Imagen5-5-300x111.png\" alt=\"\" width=\"300\" height=\"111\" srcset=\"https:\/\/elsalvadorllantas.com\/wp-content\/uploads\/2021\/11\/HT-760-Imagen5-5-300x111.png 300w, https:\/\/elsalvadorllantas.com\/wp-content\/uploads\/2021\/11\/HT-760-Imagen5-5-64x24.png 64w, https:\/\/elsalvadorllantas.com\/wp-content\/uploads\/2021\/11\/HT-760-Imagen5-5.png 546w\" sizes=\"(max-width: 300px) 100vw, 300px\" \/><\/p>\n<p><strong><em>Beneficios:<\/em><\/strong><strong><em>\u00a0<\/em><\/strong><\/p>\n<ul>\n<li>Manejo suave, c\u00f3modo y silencioso.<\/li>\n<li>Desempe\u00f1o en todas las condiciones clim\u00e1ticas.<\/li>\n<li>Desgaste duradero y uniforme.<\/li>\n<\/ul>\n<p><img loading=\"lazy\" decoding=\"async\" class=\"alignnone size-medium wp-image-10335\" src=\"https:\/\/elsalvadorllantas.com\/wp-content\/uploads\/2021\/11\/HT-760-Imagen5-1-300x144.png\" alt=\"\" width=\"300\" height=\"144\" srcset=\"https:\/\/elsalvadorllantas.com\/wp-content\/uploads\/2021\/11\/HT-760-Imagen5-1-300x144.png 300w, https:\/\/elsalvadorllantas.com\/wp-content\/uploads\/2021\/11\/HT-760-Imagen5-1-1024x493.png 1024w, https:\/\/elsalvadorllantas.com\/wp-content\/uploads\/2021\/11\/HT-760-Imagen5-1-768x370.png 768w, https:\/\/elsalvadorllantas.com\/wp-content\/uploads\/2021\/11\/HT-760-Imagen5-1-600x289.png 600w, https:\/\/elsalvadorllantas.com\/wp-content\/uploads\/2021\/11\/HT-760-Imagen5-1-64x31.png 64w, https:\/\/elsalvadorllantas.com\/wp-content\/uploads\/2021\/11\/HT-760-Imagen5-1.png 1126w\" sizes=\"(max-width: 300px) 100vw, 300px\" \/><\/p>\n<p>&nbsp;<\/p>\n","protected":false},"excerpt":{"rendered":"<p>Lonaje 4PR &nbsp; \u00cdndice de Velocidad \u00cdndice de Carga S 114 El neum\u00e1tico KT\/750\/760 ofrece en todas las estaciones rendimiento de gran durabilidad caracter\u00edstica de Maxis. El dise\u00f1o de la banda de rodadura mejorada proporciona un suave manejo y una mayor vida. En terrenos accidentados o en la carretera entrega un c\u00f3modo y tranquilo paseo.<br \/><a class=\"more-link\" href=\"https:\/\/elsalvadorllantas.com\/index.php\/producto\/maxxis-285-60-r18-ht760-114s\/\"><br \/>\n        Ver m\u00e1s<span class=\"screen-reader-text\"> \u00abMaxxis 285\/60 R18 HT760 114S\u00bb<\/span><\/a><\/p>\n","protected":false},"featured_media":17920,"template":"","meta":{"_acf_changed":false},"product_brand":[],"product_cat":[2309,2279,1925,1880,2412,2407],"product_tag":[],"class_list":{"0":"post-12315","1":"product","2":"type-product","3":"status-publish","4":"has-post-thumbnail","6":"product_cat-225-65r17","7":"product_cat-285-60r18","8":"product_cat-ht760","9":"product_cat-maxxis","10":"product_cat-suv","11":"product_cat-tipo-vehiculo","13":"first","14":"outofstock","15":"sale","16":"shipping-taxable","17":"purchasable","18":"product-type-simple"},"acf":[],"yoast_head":"<!-- This site is optimized with the Yoast SEO plugin v26.8 - https:\/\/yoast.com\/product\/yoast-seo-wordpress\/ -->\r\n<title>Maxxis 285\/60 R18 HT760 114S - Centro de Servicio Do\u00f1o<\/title>\r\n<meta name=\"description\" content=\"Llanta de marca MAXXI de medida 225\/65, modelo HT760 y lona de 4PR, con una carga de 94V para veh\u00edculo tipo SUV.\" \/>\r\n<meta name=\"robots\" content=\"index, follow, max-snippet:-1, max-image-preview:large, max-video-preview:-1\" \/>\r\n<link rel=\"canonical\" href=\"https:\/\/elsalvadorllantas.com\/index.php\/producto\/maxxis-285-60-r18-ht760-114s\/\" \/>\r\n<meta property=\"og:locale\" content=\"es_ES\" \/>\r\n<meta property=\"og:type\" content=\"article\" \/>\r\n<meta property=\"og:title\" content=\"Maxxis 285\/60 R18 HT760 114S - Centro de Servicio Do\u00f1o\" \/>\r\n<meta property=\"og:description\" content=\"Llanta de marca MAXXI de medida 225\/65, modelo HT760 y lona de 4PR, con una carga de 94V para veh\u00edculo tipo SUV.\" \/>\r\n<meta property=\"og:url\" content=\"https:\/\/elsalvadorllantas.com\/index.php\/producto\/maxxis-285-60-r18-ht760-114s\/\" \/>\r\n<meta property=\"og:site_name\" content=\"Centro de Servicio Do\u00f1o\" \/>\r\n<meta property=\"article:modified_time\" content=\"2026-04-14T05:37:49+00:00\" \/>\r\n<meta property=\"og:image\" content=\"https:\/\/elsalvadorllantas.com\/wp-content\/uploads\/2023\/09\/LLANTAS-MAXXIS-HT760.jpg\" \/>\r\n\t<meta property=\"og:image:width\" content=\"1200\" \/>\r\n\t<meta property=\"og:image:height\" content=\"1200\" \/>\r\n\t<meta property=\"og:image:type\" content=\"image\/jpeg\" \/>\r\n<meta name=\"twitter:card\" content=\"summary_large_image\" \/>\r\n<meta name=\"twitter:label1\" content=\"Tiempo de lectura\" \/>\n\t<meta name=\"twitter:data1\" content=\"2 minutos\" \/>\r\n<script type=\"application\/ld+json\" class=\"yoast-schema-graph\">{\"@context\":\"https:\/\/schema.org\",\"@graph\":[{\"@type\":\"WebPage\",\"@id\":\"https:\/\/elsalvadorllantas.com\/index.php\/producto\/maxxis-285-60-r18-ht760-114s\/\",\"url\":\"https:\/\/elsalvadorllantas.com\/index.php\/producto\/maxxis-285-60-r18-ht760-114s\/\",\"name\":\"Maxxis 285\/60 R18 HT760 114S - Centro de Servicio Do\u00f1o\",\"isPartOf\":{\"@id\":\"https:\/\/elsalvadorllantas.com\/#website\"},\"primaryImageOfPage\":{\"@id\":\"https:\/\/elsalvadorllantas.com\/index.php\/producto\/maxxis-285-60-r18-ht760-114s\/#primaryimage\"},\"image\":{\"@id\":\"https:\/\/elsalvadorllantas.com\/index.php\/producto\/maxxis-285-60-r18-ht760-114s\/#primaryimage\"},\"thumbnailUrl\":\"https:\/\/elsalvadorllantas.com\/wp-content\/uploads\/2023\/09\/LLANTAS-MAXXIS-HT760.jpg\",\"datePublished\":\"2022-03-12T00:36:57+00:00\",\"dateModified\":\"2026-04-14T05:37:49+00:00\",\"description\":\"Llanta de marca MAXXI de medida 225\/65, modelo HT760 y lona de 4PR, con una carga de 94V para veh\u00edculo tipo SUV.\",\"breadcrumb\":{\"@id\":\"https:\/\/elsalvadorllantas.com\/index.php\/producto\/maxxis-285-60-r18-ht760-114s\/#breadcrumb\"},\"inLanguage\":\"es\",\"potentialAction\":[{\"@type\":\"ReadAction\",\"target\":[\"https:\/\/elsalvadorllantas.com\/index.php\/producto\/maxxis-285-60-r18-ht760-114s\/\"]}]},{\"@type\":\"ImageObject\",\"inLanguage\":\"es\",\"@id\":\"https:\/\/elsalvadorllantas.com\/index.php\/producto\/maxxis-285-60-r18-ht760-114s\/#primaryimage\",\"url\":\"https:\/\/elsalvadorllantas.com\/wp-content\/uploads\/2023\/09\/LLANTAS-MAXXIS-HT760.jpg\",\"contentUrl\":\"https:\/\/elsalvadorllantas.com\/wp-content\/uploads\/2023\/09\/LLANTAS-MAXXIS-HT760.jpg\",\"width\":1200,\"height\":1200},{\"@type\":\"BreadcrumbList\",\"@id\":\"https:\/\/elsalvadorllantas.com\/index.php\/producto\/maxxis-285-60-r18-ht760-114s\/#breadcrumb\",\"itemListElement\":[{\"@type\":\"ListItem\",\"position\":1,\"name\":\"Inicio\",\"item\":\"https:\/\/elsalvadorllantas.com\/\"},{\"@type\":\"ListItem\",\"position\":2,\"name\":\"Tienda en linea\",\"item\":\"https:\/\/elsalvadorllantas.com\/index.php\/tienda-en-linea\/\"},{\"@type\":\"ListItem\",\"position\":3,\"name\":\"Maxxis 285\/60 R18 HT760 114S\"}]},{\"@type\":\"WebSite\",\"@id\":\"https:\/\/elsalvadorllantas.com\/#website\",\"url\":\"https:\/\/elsalvadorllantas.com\/\",\"name\":\"Centro de Servicio Do\u00f1o\",\"description\":\"Venta de Llantas Nuevas - \u00a1Cotiza Ya!\",\"publisher\":{\"@id\":\"https:\/\/elsalvadorllantas.com\/#organization\"},\"potentialAction\":[{\"@type\":\"SearchAction\",\"target\":{\"@type\":\"EntryPoint\",\"urlTemplate\":\"https:\/\/elsalvadorllantas.com\/?s={search_term_string}\"},\"query-input\":{\"@type\":\"PropertyValueSpecification\",\"valueRequired\":true,\"valueName\":\"search_term_string\"}}],\"inLanguage\":\"es\"},{\"@type\":\"Organization\",\"@id\":\"https:\/\/elsalvadorllantas.com\/#organization\",\"name\":\"Centro de Servicio Do\u00f1o\",\"url\":\"https:\/\/elsalvadorllantas.com\/\",\"logo\":{\"@type\":\"ImageObject\",\"inLanguage\":\"es\",\"@id\":\"https:\/\/elsalvadorllantas.com\/#\/schema\/logo\/image\/\",\"url\":\"https:\/\/elsalvadorllantas.com\/wp-content\/uploads\/2021\/12\/Logo_Don\u0303o_Editable-CMYK-2.png\",\"contentUrl\":\"https:\/\/elsalvadorllantas.com\/wp-content\/uploads\/2021\/12\/Logo_Don\u0303o_Editable-CMYK-2.png\",\"width\":2139,\"height\":779,\"caption\":\"Centro de Servicio Do\u00f1o\"},\"image\":{\"@id\":\"https:\/\/elsalvadorllantas.com\/#\/schema\/logo\/image\/\"}}]}<\/script>\r\n<!-- \/ Yoast SEO plugin. -->","yoast_head_json":{"title":"Maxxis 285\/60 R18 HT760 114S - Centro de Servicio Do\u00f1o","description":"Llanta de marca MAXXI de medida 225\/65, modelo HT760 y lona de 4PR, con una carga de 94V para veh\u00edculo tipo SUV.","robots":{"index":"index","follow":"follow","max-snippet":"max-snippet:-1","max-image-preview":"max-image-preview:large","max-video-preview":"max-video-preview:-1"},"canonical":"https:\/\/elsalvadorllantas.com\/index.php\/producto\/maxxis-285-60-r18-ht760-114s\/","og_locale":"es_ES","og_type":"article","og_title":"Maxxis 285\/60 R18 HT760 114S - Centro de Servicio Do\u00f1o","og_description":"Llanta de marca MAXXI de medida 225\/65, modelo HT760 y lona de 4PR, con una carga de 94V para veh\u00edculo tipo SUV.","og_url":"https:\/\/elsalvadorllantas.com\/index.php\/producto\/maxxis-285-60-r18-ht760-114s\/","og_site_name":"Centro de Servicio Do\u00f1o","article_modified_time":"2026-04-14T05:37:49+00:00","og_image":[{"width":1200,"height":1200,"url":"https:\/\/elsalvadorllantas.com\/wp-content\/uploads\/2023\/09\/LLANTAS-MAXXIS-HT760.jpg","type":"image\/jpeg"}],"twitter_card":"summary_large_image","twitter_misc":{"Tiempo de lectura":"2 minutos"},"schema":{"@context":"https:\/\/schema.org","@graph":[{"@type":"WebPage","@id":"https:\/\/elsalvadorllantas.com\/index.php\/producto\/maxxis-285-60-r18-ht760-114s\/","url":"https:\/\/elsalvadorllantas.com\/index.php\/producto\/maxxis-285-60-r18-ht760-114s\/","name":"Maxxis 285\/60 R18 HT760 114S - Centro de Servicio Do\u00f1o","isPartOf":{"@id":"https:\/\/elsalvadorllantas.com\/#website"},"primaryImageOfPage":{"@id":"https:\/\/elsalvadorllantas.com\/index.php\/producto\/maxxis-285-60-r18-ht760-114s\/#primaryimage"},"image":{"@id":"https:\/\/elsalvadorllantas.com\/index.php\/producto\/maxxis-285-60-r18-ht760-114s\/#primaryimage"},"thumbnailUrl":"https:\/\/elsalvadorllantas.com\/wp-content\/uploads\/2023\/09\/LLANTAS-MAXXIS-HT760.jpg","datePublished":"2022-03-12T00:36:57+00:00","dateModified":"2026-04-14T05:37:49+00:00","description":"Llanta de marca MAXXI de medida 225\/65, modelo HT760 y lona de 4PR, con una carga de 94V para veh\u00edculo tipo SUV.","breadcrumb":{"@id":"https:\/\/elsalvadorllantas.com\/index.php\/producto\/maxxis-285-60-r18-ht760-114s\/#breadcrumb"},"inLanguage":"es","potentialAction":[{"@type":"ReadAction","target":["https:\/\/elsalvadorllantas.com\/index.php\/producto\/maxxis-285-60-r18-ht760-114s\/"]}]},{"@type":"ImageObject","inLanguage":"es","@id":"https:\/\/elsalvadorllantas.com\/index.php\/producto\/maxxis-285-60-r18-ht760-114s\/#primaryimage","url":"https:\/\/elsalvadorllantas.com\/wp-content\/uploads\/2023\/09\/LLANTAS-MAXXIS-HT760.jpg","contentUrl":"https:\/\/elsalvadorllantas.com\/wp-content\/uploads\/2023\/09\/LLANTAS-MAXXIS-HT760.jpg","width":1200,"height":1200},{"@type":"BreadcrumbList","@id":"https:\/\/elsalvadorllantas.com\/index.php\/producto\/maxxis-285-60-r18-ht760-114s\/#breadcrumb","itemListElement":[{"@type":"ListItem","position":1,"name":"Inicio","item":"https:\/\/elsalvadorllantas.com\/"},{"@type":"ListItem","position":2,"name":"Tienda en linea","item":"https:\/\/elsalvadorllantas.com\/index.php\/tienda-en-linea\/"},{"@type":"ListItem","position":3,"name":"Maxxis 285\/60 R18 HT760 114S"}]},{"@type":"WebSite","@id":"https:\/\/elsalvadorllantas.com\/#website","url":"https:\/\/elsalvadorllantas.com\/","name":"Centro de Servicio Do\u00f1o","description":"Venta de Llantas Nuevas - \u00a1Cotiza Ya!","publisher":{"@id":"https:\/\/elsalvadorllantas.com\/#organization"},"potentialAction":[{"@type":"SearchAction","target":{"@type":"EntryPoint","urlTemplate":"https:\/\/elsalvadorllantas.com\/?s={search_term_string}"},"query-input":{"@type":"PropertyValueSpecification","valueRequired":true,"valueName":"search_term_string"}}],"inLanguage":"es"},{"@type":"Organization","@id":"https:\/\/elsalvadorllantas.com\/#organization","name":"Centro de Servicio Do\u00f1o","url":"https:\/\/elsalvadorllantas.com\/","logo":{"@type":"ImageObject","inLanguage":"es","@id":"https:\/\/elsalvadorllantas.com\/#\/schema\/logo\/image\/","url":"https:\/\/elsalvadorllantas.com\/wp-content\/uploads\/2021\/12\/Logo_Don\u0303o_Editable-CMYK-2.png","contentUrl":"https:\/\/elsalvadorllantas.com\/wp-content\/uploads\/2021\/12\/Logo_Don\u0303o_Editable-CMYK-2.png","width":2139,"height":779,"caption":"Centro de Servicio Do\u00f1o"},"image":{"@id":"https:\/\/elsalvadorllantas.com\/#\/schema\/logo\/image\/"}}]}},"_links":{"self":[{"href":"https:\/\/elsalvadorllantas.com\/index.php\/wp-json\/wp\/v2\/product\/12315","targetHints":{"allow":["GET"]}}],"collection":[{"href":"https:\/\/elsalvadorllantas.com\/index.php\/wp-json\/wp\/v2\/product"}],"about":[{"href":"https:\/\/elsalvadorllantas.com\/index.php\/wp-json\/wp\/v2\/types\/product"}],"version-history":[{"count":1,"href":"https:\/\/elsalvadorllantas.com\/index.php\/wp-json\/wp\/v2\/product\/12315\/revisions"}],"predecessor-version":[{"id":20613,"href":"https:\/\/elsalvadorllantas.com\/index.php\/wp-json\/wp\/v2\/product\/12315\/revisions\/20613"}],"wp:featuredmedia":[{"embeddable":true,"href":"https:\/\/elsalvadorllantas.com\/index.php\/wp-json\/wp\/v2\/media\/17920"}],"wp:attachment":[{"href":"https:\/\/elsalvadorllantas.com\/index.php\/wp-json\/wp\/v2\/media?parent=12315"}],"wp:term":[{"taxonomy":"product_brand","embeddable":true,"href":"https:\/\/elsalvadorllantas.com\/index.php\/wp-json\/wp\/v2\/product_brand?post=12315"},{"taxonomy":"product_cat","embeddable":true,"href":"https:\/\/elsalvadorllantas.com\/index.php\/wp-json\/wp\/v2\/product_cat?post=12315"},{"taxonomy":"product_tag","embeddable":true,"href":"https:\/\/elsalvadorllantas.com\/index.php\/wp-json\/wp\/v2\/product_tag?post=12315"}],"curies":[{"name":"wp","href":"https:\/\/api.w.org\/{rel}","templated":true}]}}