{"id":12412,"date":"2022-03-18T16:14:57","date_gmt":"2022-03-18T22:14:57","guid":{"rendered":"https:\/\/elsalvadorllantas.com\/?post_type=product&#038;p=12412"},"modified":"2026-04-13T23:25:43","modified_gmt":"2026-04-14T05:25:43","slug":"maxxis-185-55-r15-map5-82h-tl","status":"publish","type":"product","link":"https:\/\/elsalvadorllantas.com\/index.php\/producto\/maxxis-185-55-r15-map5-82h-tl\/","title":{"rendered":"Maxxis 185\/55 R15 MAP5 82H TL"},"content":{"rendered":"<table style=\"height: 67px;\" border=\"2\" width=\"777\">\n<tbody>\n<tr style=\"text-align: center;\">\n<td>Lonaje<\/td>\n<td>Indice de Carga<\/td>\n<\/tr>\n<tr style=\"text-align: center;\">\n<td>4PR<\/td>\n<td>82H<\/td>\n<\/tr>\n<\/tbody>\n<\/table>\n<h2><img fetchpriority=\"high\" decoding=\"async\" class=\"alignnone wp-image-10439 size-full\" src=\"https:\/\/elsalvadorllantas.com\/wp-content\/uploads\/2021\/08\/MAP5-flyer-2-1.jpg\" alt=\"MAP5\" width=\"1245\" height=\"990\" srcset=\"https:\/\/elsalvadorllantas.com\/wp-content\/uploads\/2021\/08\/MAP5-flyer-2-1.jpg 1245w, https:\/\/elsalvadorllantas.com\/wp-content\/uploads\/2021\/08\/MAP5-flyer-2-1-300x239.jpg 300w, https:\/\/elsalvadorllantas.com\/wp-content\/uploads\/2021\/08\/MAP5-flyer-2-1-1024x814.jpg 1024w, https:\/\/elsalvadorllantas.com\/wp-content\/uploads\/2021\/08\/MAP5-flyer-2-1-768x611.jpg 768w, https:\/\/elsalvadorllantas.com\/wp-content\/uploads\/2021\/08\/MAP5-flyer-2-1-600x477.jpg 600w, https:\/\/elsalvadorllantas.com\/wp-content\/uploads\/2021\/08\/MAP5-flyer-2-1-64x51.jpg 64w\" sizes=\"(max-width: 1245px) 100vw, 1245px\" \/><\/h2>\n<h1>Maxxis Modelo MAP5<\/h1>\n<p>Es la nueva instalaci\u00f3n de la gama de neum\u00e1ticos Maxxis. Se jacta de una experiencia de conducci\u00f3n silenciosa, <a href=\"https:\/\/elsalvadorllantas.com\/index.php\/cuidado-de-los-neumaticos\/presion-de-tus-llantas\/\">menor consumo de combustible<\/a> y vida \u00fatil<\/p>\n<h2>Generalidades Maxxis MAP5<\/h2>\n<p>Manejo superior en condiciones de humedad con menos hidro planeo en d\u00edas de lluvia. Fortalece la resistencia a la rodadura, permite un mejor manejo en condiciones h\u00famedas. Un nuevo dise\u00f1o se distingue en la Nueva MAP5 en bloques de hombro. Esto permite menos ruido.<\/p>\n<h2><img decoding=\"async\" class=\"alignnone\" src=\"https:\/\/maxxistyres.com.au\/wp-content\/uploads\/2021\/05\/MAP5.png\" alt=\"MAP5\" width=\"372\" height=\"372\" loading=\"lazy\" \/><\/h2>\n<h2>Beneficios Maxxis MAP5<\/h2>\n<ul>\n<li>Mejora la eficiencia de combustible.<\/li>\n<li>Menos ruido gracias al nuevo dise\u00f1o en bloques de hombro.<\/li>\n<li>Permite brindar un manejo superior en condiciones h\u00famedas.<\/li>\n<li>Larga vida \u00fatil en la banda de rodadura.<\/li>\n<\/ul>\n<h2><\/h2>\n<p><img decoding=\"async\" class=\"alignnone\" src=\"https:\/\/maxxistyres.com.au\/wp-content\/uploads\/2021\/05\/MAP5-fb.png\" alt=\"MAP5\" width=\"740\" height=\"331\" loading=\"lazy\" \/><\/p>\n<h2>Caracter\u00edsticas de desempe\u00f1o <a href=\"https:\/\/elsalvadorllantas.com\/index.php\/producto\/maxxis-205-55-r16-map5\/\">Maxxis<\/a> MAP5<\/h2>\n<ul>\n<li>Eficiencia de combustible.<\/li>\n<li>Menor ruido.<\/li>\n<li>Mayor durabilidad<\/li>\n<li>Mejor manejo en h\u00famedo.<\/li>\n<\/ul>\n<h3>Video Informativo Maxxis MAP5<\/h3>\n<p><iframe title=\"YouTube video player\" src=\"https:\/\/www.youtube.com\/embed\/-CZ8dfWBZbc\" width=\"560\" height=\"315\" frameborder=\"0\" allowfullscreen=\"allowfullscreen\" loading=\"lazy\"><\/iframe><\/p>\n<p><a href=\"https:\/\/maxxistyres.com.au\/wp-content\/uploads\/2021\/05\/MAP5-flyer.pdf\" target=\"_blank\" rel=\"noopener\">mas informaci\u00f3n<\/a><\/p>\n<p>El Maxxis MAP5 es un neum\u00e1tico para autom\u00f3viles de pasajeros dise\u00f1ado para brindar comodidad, seguridad y eficiencia de combustible.\u00a0Cuenta con un patr\u00f3n avanzado y una construcci\u00f3n de carcasa para reducir el ruido y aumentar la comodidad de conducci\u00f3n, mientras que una construcci\u00f3n compuesta avanzada asegura un excelente ahorro de combustible y una vida \u00fatil mejorada.<\/p>\n<h2>MA-P5 NEUM\u00c1TICO PARA COCHE DE PASAJERO<\/h2>\n<p>Neum\u00e1tico para turismos dise\u00f1ado para ofrecer comodidad, seguridad y ahorro de combustible.<\/p>\n<h2>Comodidad \u00f3ptima<\/h2>\n<p>&nbsp;<\/p>\n<p><strong><img loading=\"lazy\" decoding=\"async\" class=\"wp-image-10444 alignleft\" src=\"https:\/\/elsalvadorllantas.com\/wp-content\/uploads\/2021\/08\/MAP5-flyer-9.png\" alt=\"MAP5\" width=\"213\" height=\"150\" srcset=\"https:\/\/elsalvadorllantas.com\/wp-content\/uploads\/2021\/08\/MAP5-flyer-9.png 237w, https:\/\/elsalvadorllantas.com\/wp-content\/uploads\/2021\/08\/MAP5-flyer-9-64x45.png 64w\" sizes=\"(max-width: 213px) 100vw, 213px\" \/>Experiencia de conducci\u00f3n tranquila. <\/strong>Al dise\u00f1ar este neum\u00e1tico, el equipo de I + D de Maxxis utiliz\u00f3 una tecnolog\u00eda avanzada de simulaci\u00f3n de ruido para garantizar un ruido reducido de alta frecuencia al conducir a altas velocidades.<\/p>\n<p>&nbsp;<\/p>\n<p><strong>\u00a0<\/strong><\/p>\n<p>&nbsp;<\/p>\n<p><strong><img loading=\"lazy\" decoding=\"async\" class=\" wp-image-10442 alignleft\" src=\"https:\/\/elsalvadorllantas.com\/wp-content\/uploads\/2021\/08\/MAP5-flyer-10.png\" alt=\"\" width=\"219\" height=\"169\" srcset=\"https:\/\/elsalvadorllantas.com\/wp-content\/uploads\/2021\/08\/MAP5-flyer-10.png 248w, https:\/\/elsalvadorllantas.com\/wp-content\/uploads\/2021\/08\/MAP5-flyer-10-64x49.png 64w\" sizes=\"(max-width: 219px) 100vw, 219px\" \/>Absorci\u00f3n de impacto.<\/strong><\/p>\n<p>El \u00e1ngulo de la correa de acero colocado de manera \u00f3ptima garantiza una rigidez vertical minimizada y capacidad mejorada de absorci\u00f3n de impactos mientras conduce.<\/p>\n<h2><\/h2>\n<h2><\/h2>\n<h2>Mayor ahorro<\/h2>\n<p><strong><img loading=\"lazy\" decoding=\"async\" class=\"size-full wp-image-10441 alignleft\" src=\"https:\/\/elsalvadorllantas.com\/wp-content\/uploads\/2021\/08\/MAP5-flyer-7.png\" alt=\"\" width=\"203\" height=\"132\" srcset=\"https:\/\/elsalvadorllantas.com\/wp-content\/uploads\/2021\/08\/MAP5-flyer-7.png 203w, https:\/\/elsalvadorllantas.com\/wp-content\/uploads\/2021\/08\/MAP5-flyer-7-64x42.png 64w\" sizes=\"(max-width: 203px) 100vw, 203px\" \/>Consumo de combustible reducido. <\/strong>El uso de un sistema de construcci\u00f3n compuesto de triple pol\u00edmero reduce la generaci\u00f3n de calor, asegura comodidad de conducci\u00f3n excepcional y reduce la resistencia a la rodadura para excelente ahorro de combustible.<\/p>\n<p><strong>\u00a0<\/strong><\/p>\n<p><strong>\u00a0<\/strong><\/p>\n<p>&nbsp;<\/p>\n<p><strong><img loading=\"lazy\" decoding=\"async\" class=\" wp-image-10443 alignleft\" src=\"https:\/\/elsalvadorllantas.com\/wp-content\/uploads\/2021\/08\/paresssss-2-300x183.png\" alt=\"\" width=\"243\" height=\"148\" srcset=\"https:\/\/elsalvadorllantas.com\/wp-content\/uploads\/2021\/08\/paresssss-2-300x183.png 300w, https:\/\/elsalvadorllantas.com\/wp-content\/uploads\/2021\/08\/paresssss-2-64x39.png 64w, https:\/\/elsalvadorllantas.com\/wp-content\/uploads\/2021\/08\/paresssss-2.png 480w\" sizes=\"(max-width: 243px) 100vw, 243px\" \/>Vida \u00fatil mejorada. <\/strong>La construcci\u00f3n mejorada del compuesto del neum\u00e1tico (en comparaci\u00f3n con el predecesor del MAP) distribuye uniformemente la presi\u00f3n de contacto para garantizar un desgaste uniforme de la banda de rodadura y vida prolongada de la banda de rodadura.<\/p>\n<p>&nbsp;<\/p>\n<h2><\/h2>\n<h2>Seguridad superior<\/h2>\n<p><strong><img loading=\"lazy\" decoding=\"async\" class=\"size-medium wp-image-10440 alignleft\" src=\"https:\/\/elsalvadorllantas.com\/wp-content\/uploads\/2021\/08\/MAP5-flyer-4-199x300.png\" alt=\"\" width=\"199\" height=\"300\" srcset=\"https:\/\/elsalvadorllantas.com\/wp-content\/uploads\/2021\/08\/MAP5-flyer-4-199x300.png 199w, https:\/\/elsalvadorllantas.com\/wp-content\/uploads\/2021\/08\/MAP5-flyer-4-64x96.png 64w, https:\/\/elsalvadorllantas.com\/wp-content\/uploads\/2021\/08\/MAP5-flyer-4.png 232w\" sizes=\"(max-width: 199px) 100vw, 199px\" \/>Manejo superior en condiciones h\u00famedas. <\/strong>Una nueva resina de alto rendimiento de agarre se dispersa uniformemente entre las nanopart\u00edculas de s\u00edlice y carbono en el compuesto de la banda de rodadura, lo que finalmente da como resultado <strong><em>excelente rendimiento en condiciones de clima h\u00famedo.<\/em><\/strong><\/p>\n<p><strong>Disminuci\u00f3n del hidroplaneo en condiciones h\u00famedas. <\/strong>Las tres ranuras circunferenciales de la banda de rodadura incorporadas en el dise\u00f1o del patr\u00f3n mejoran la dispersi\u00f3n del agua, reducen el aquaplaning, y ayudan mejorando el rendimiento del frenado en ambiente mojado.<\/p>\n<p><strong>Excelente manejo en ambiente mojado<\/strong>. Un dise\u00f1o avanzado en forma de tacos ayuda aprevenir el aquaplaning en condiciones de humedad y disminuye el desgaste irregular de la banda de rodadura.<\/p>\n<p>&nbsp;<\/p>\n<p>&nbsp;<\/p>\n<p>&nbsp;<\/p>\n<p><img loading=\"lazy\" decoding=\"async\" class=\"alignnone wp-image-10445 size-full\" src=\"https:\/\/elsalvadorllantas.com\/wp-content\/uploads\/2021\/08\/Sin-titulo-2.png\" alt=\"\" width=\"930\" height=\"1095\" srcset=\"https:\/\/elsalvadorllantas.com\/wp-content\/uploads\/2021\/08\/Sin-titulo-2.png 930w, https:\/\/elsalvadorllantas.com\/wp-content\/uploads\/2021\/08\/Sin-titulo-2-255x300.png 255w, https:\/\/elsalvadorllantas.com\/wp-content\/uploads\/2021\/08\/Sin-titulo-2-870x1024.png 870w, https:\/\/elsalvadorllantas.com\/wp-content\/uploads\/2021\/08\/Sin-titulo-2-768x904.png 768w, https:\/\/elsalvadorllantas.com\/wp-content\/uploads\/2021\/08\/Sin-titulo-2-600x706.png 600w, https:\/\/elsalvadorllantas.com\/wp-content\/uploads\/2021\/08\/Sin-titulo-2-64x75.png 64w\" sizes=\"(max-width: 930px) 100vw, 930px\" \/><\/p>\n","protected":false},"excerpt":{"rendered":"<p>Lonaje Indice de Carga 4PR 82H Maxxis Modelo MAP5 Es la nueva instalaci\u00f3n de la gama de neum\u00e1ticos Maxxis. Se jacta de una experiencia de conducci\u00f3n silenciosa, menor consumo de combustible y vida \u00fatil Generalidades Maxxis MAP5 Manejo superior en condiciones de humedad con menos hidro planeo en d\u00edas de lluvia. Fortalece la resistencia a<br \/><a class=\"more-link\" href=\"https:\/\/elsalvadorllantas.com\/index.php\/producto\/maxxis-185-55-r15-map5-82h-tl\/\"><br \/>\n        Ver m\u00e1s<span class=\"screen-reader-text\"> \u00abMaxxis 185\/55 R15 MAP5 82H TL\u00bb<\/span><\/a><\/p>\n","protected":false},"featured_media":17930,"template":"","meta":{"_acf_changed":false},"product_brand":[],"product_cat":[2224,1880,1891,2408,2407],"product_tag":[],"class_list":{"0":"post-12412","1":"product","2":"type-product","3":"status-publish","4":"has-post-thumbnail","6":"product_cat-185-55r15","7":"product_cat-maxxis","8":"product_cat-map5","9":"product_cat-sedan","10":"product_cat-tipo-vehiculo","12":"first","13":"outofstock","14":"sale","15":"shipping-taxable","16":"purchasable","17":"product-type-simple"},"acf":[],"yoast_head":"<!-- This site is optimized with the Yoast SEO plugin v26.8 - https:\/\/yoast.com\/product\/yoast-seo-wordpress\/ -->\r\n<title>Maxxis 185\/55 R15 MAP5 82H TL - Centro de Servicio Do\u00f1o<\/title>\r\n<meta name=\"description\" content=\"MAXXIS 185\/60 R15 MAP5 4PR, se jacta de una experiencia de conducci\u00f3n silenciosa, menor consumo de combustible y vida \u00fatil\" \/>\r\n<meta name=\"robots\" content=\"index, follow, max-snippet:-1, max-image-preview:large, max-video-preview:-1\" \/>\r\n<link rel=\"canonical\" href=\"https:\/\/elsalvadorllantas.com\/index.php\/producto\/maxxis-185-55-r15-map5-82h-tl\/\" \/>\r\n<meta property=\"og:locale\" content=\"es_ES\" \/>\r\n<meta property=\"og:type\" content=\"article\" \/>\r\n<meta property=\"og:title\" content=\"Maxxis 185\/55 R15 MAP5 82H TL - Centro de Servicio Do\u00f1o\" \/>\r\n<meta property=\"og:description\" content=\"MAXXIS 185\/60 R15 MAP5 4PR, se jacta de una experiencia de conducci\u00f3n silenciosa, menor consumo de combustible y vida \u00fatil\" \/>\r\n<meta property=\"og:url\" content=\"https:\/\/elsalvadorllantas.com\/index.php\/producto\/maxxis-185-55-r15-map5-82h-tl\/\" \/>\r\n<meta property=\"og:site_name\" content=\"Centro de Servicio Do\u00f1o\" \/>\r\n<meta property=\"article:modified_time\" content=\"2026-04-14T05:25:43+00:00\" \/>\r\n<meta property=\"og:image\" content=\"https:\/\/elsalvadorllantas.com\/wp-content\/uploads\/2022\/03\/MAP5-Maxxis.jpg\" \/>\r\n\t<meta property=\"og:image:width\" content=\"1200\" \/>\r\n\t<meta property=\"og:image:height\" content=\"1200\" \/>\r\n\t<meta property=\"og:image:type\" content=\"image\/jpeg\" \/>\r\n<meta name=\"twitter:card\" content=\"summary_large_image\" \/>\r\n<meta name=\"twitter:label1\" content=\"Tiempo de lectura\" \/>\n\t<meta name=\"twitter:data1\" content=\"4 minutos\" \/>\r\n<script type=\"application\/ld+json\" class=\"yoast-schema-graph\">{\"@context\":\"https:\/\/schema.org\",\"@graph\":[{\"@type\":\"WebPage\",\"@id\":\"https:\/\/elsalvadorllantas.com\/index.php\/producto\/maxxis-185-55-r15-map5-82h-tl\/\",\"url\":\"https:\/\/elsalvadorllantas.com\/index.php\/producto\/maxxis-185-55-r15-map5-82h-tl\/\",\"name\":\"Maxxis 185\/55 R15 MAP5 82H TL - Centro de Servicio Do\u00f1o\",\"isPartOf\":{\"@id\":\"https:\/\/elsalvadorllantas.com\/#website\"},\"primaryImageOfPage\":{\"@id\":\"https:\/\/elsalvadorllantas.com\/index.php\/producto\/maxxis-185-55-r15-map5-82h-tl\/#primaryimage\"},\"image\":{\"@id\":\"https:\/\/elsalvadorllantas.com\/index.php\/producto\/maxxis-185-55-r15-map5-82h-tl\/#primaryimage\"},\"thumbnailUrl\":\"https:\/\/elsalvadorllantas.com\/wp-content\/uploads\/2023\/09\/LLANTAS-MAXXIS-MAP5.jpg\",\"datePublished\":\"2022-03-18T22:14:57+00:00\",\"dateModified\":\"2026-04-14T05:25:43+00:00\",\"description\":\"MAXXIS 185\/60 R15 MAP5 4PR, se jacta de una experiencia de conducci\u00f3n silenciosa, menor consumo de combustible y vida \u00fatil\",\"breadcrumb\":{\"@id\":\"https:\/\/elsalvadorllantas.com\/index.php\/producto\/maxxis-185-55-r15-map5-82h-tl\/#breadcrumb\"},\"inLanguage\":\"es\",\"potentialAction\":[{\"@type\":\"ReadAction\",\"target\":[\"https:\/\/elsalvadorllantas.com\/index.php\/producto\/maxxis-185-55-r15-map5-82h-tl\/\"]}]},{\"@type\":\"ImageObject\",\"inLanguage\":\"es\",\"@id\":\"https:\/\/elsalvadorllantas.com\/index.php\/producto\/maxxis-185-55-r15-map5-82h-tl\/#primaryimage\",\"url\":\"https:\/\/elsalvadorllantas.com\/wp-content\/uploads\/2023\/09\/LLANTAS-MAXXIS-MAP5.jpg\",\"contentUrl\":\"https:\/\/elsalvadorllantas.com\/wp-content\/uploads\/2023\/09\/LLANTAS-MAXXIS-MAP5.jpg\",\"width\":1200,\"height\":1200},{\"@type\":\"BreadcrumbList\",\"@id\":\"https:\/\/elsalvadorllantas.com\/index.php\/producto\/maxxis-185-55-r15-map5-82h-tl\/#breadcrumb\",\"itemListElement\":[{\"@type\":\"ListItem\",\"position\":1,\"name\":\"Inicio\",\"item\":\"https:\/\/elsalvadorllantas.com\/\"},{\"@type\":\"ListItem\",\"position\":2,\"name\":\"Tienda en linea\",\"item\":\"https:\/\/elsalvadorllantas.com\/index.php\/tienda-en-linea\/\"},{\"@type\":\"ListItem\",\"position\":3,\"name\":\"Maxxis 185\/55 R15 MAP5 82H TL\"}]},{\"@type\":\"WebSite\",\"@id\":\"https:\/\/elsalvadorllantas.com\/#website\",\"url\":\"https:\/\/elsalvadorllantas.com\/\",\"name\":\"Centro de Servicio Do\u00f1o\",\"description\":\"Venta de Llantas Nuevas - \u00a1Cotiza Ya!\",\"publisher\":{\"@id\":\"https:\/\/elsalvadorllantas.com\/#organization\"},\"potentialAction\":[{\"@type\":\"SearchAction\",\"target\":{\"@type\":\"EntryPoint\",\"urlTemplate\":\"https:\/\/elsalvadorllantas.com\/?s={search_term_string}\"},\"query-input\":{\"@type\":\"PropertyValueSpecification\",\"valueRequired\":true,\"valueName\":\"search_term_string\"}}],\"inLanguage\":\"es\"},{\"@type\":\"Organization\",\"@id\":\"https:\/\/elsalvadorllantas.com\/#organization\",\"name\":\"Centro de Servicio Do\u00f1o\",\"url\":\"https:\/\/elsalvadorllantas.com\/\",\"logo\":{\"@type\":\"ImageObject\",\"inLanguage\":\"es\",\"@id\":\"https:\/\/elsalvadorllantas.com\/#\/schema\/logo\/image\/\",\"url\":\"https:\/\/elsalvadorllantas.com\/wp-content\/uploads\/2021\/12\/Logo_Don\u0303o_Editable-CMYK-2.png\",\"contentUrl\":\"https:\/\/elsalvadorllantas.com\/wp-content\/uploads\/2021\/12\/Logo_Don\u0303o_Editable-CMYK-2.png\",\"width\":2139,\"height\":779,\"caption\":\"Centro de Servicio Do\u00f1o\"},\"image\":{\"@id\":\"https:\/\/elsalvadorllantas.com\/#\/schema\/logo\/image\/\"}}]}<\/script>\r\n<!-- \/ Yoast SEO plugin. -->","yoast_head_json":{"title":"Maxxis 185\/55 R15 MAP5 82H TL - Centro de Servicio Do\u00f1o","description":"MAXXIS 185\/60 R15 MAP5 4PR, se jacta de una experiencia de conducci\u00f3n silenciosa, menor consumo de combustible y vida \u00fatil","robots":{"index":"index","follow":"follow","max-snippet":"max-snippet:-1","max-image-preview":"max-image-preview:large","max-video-preview":"max-video-preview:-1"},"canonical":"https:\/\/elsalvadorllantas.com\/index.php\/producto\/maxxis-185-55-r15-map5-82h-tl\/","og_locale":"es_ES","og_type":"article","og_title":"Maxxis 185\/55 R15 MAP5 82H TL - Centro de Servicio Do\u00f1o","og_description":"MAXXIS 185\/60 R15 MAP5 4PR, se jacta de una experiencia de conducci\u00f3n silenciosa, menor consumo de combustible y vida \u00fatil","og_url":"https:\/\/elsalvadorllantas.com\/index.php\/producto\/maxxis-185-55-r15-map5-82h-tl\/","og_site_name":"Centro de Servicio Do\u00f1o","article_modified_time":"2026-04-14T05:25:43+00:00","og_image":[{"width":1200,"height":1200,"url":"https:\/\/elsalvadorllantas.com\/wp-content\/uploads\/2022\/03\/MAP5-Maxxis.jpg","type":"image\/jpeg"}],"twitter_card":"summary_large_image","twitter_misc":{"Tiempo de lectura":"4 minutos"},"schema":{"@context":"https:\/\/schema.org","@graph":[{"@type":"WebPage","@id":"https:\/\/elsalvadorllantas.com\/index.php\/producto\/maxxis-185-55-r15-map5-82h-tl\/","url":"https:\/\/elsalvadorllantas.com\/index.php\/producto\/maxxis-185-55-r15-map5-82h-tl\/","name":"Maxxis 185\/55 R15 MAP5 82H TL - Centro de Servicio Do\u00f1o","isPartOf":{"@id":"https:\/\/elsalvadorllantas.com\/#website"},"primaryImageOfPage":{"@id":"https:\/\/elsalvadorllantas.com\/index.php\/producto\/maxxis-185-55-r15-map5-82h-tl\/#primaryimage"},"image":{"@id":"https:\/\/elsalvadorllantas.com\/index.php\/producto\/maxxis-185-55-r15-map5-82h-tl\/#primaryimage"},"thumbnailUrl":"https:\/\/elsalvadorllantas.com\/wp-content\/uploads\/2023\/09\/LLANTAS-MAXXIS-MAP5.jpg","datePublished":"2022-03-18T22:14:57+00:00","dateModified":"2026-04-14T05:25:43+00:00","description":"MAXXIS 185\/60 R15 MAP5 4PR, se jacta de una experiencia de conducci\u00f3n silenciosa, menor consumo de combustible y vida \u00fatil","breadcrumb":{"@id":"https:\/\/elsalvadorllantas.com\/index.php\/producto\/maxxis-185-55-r15-map5-82h-tl\/#breadcrumb"},"inLanguage":"es","potentialAction":[{"@type":"ReadAction","target":["https:\/\/elsalvadorllantas.com\/index.php\/producto\/maxxis-185-55-r15-map5-82h-tl\/"]}]},{"@type":"ImageObject","inLanguage":"es","@id":"https:\/\/elsalvadorllantas.com\/index.php\/producto\/maxxis-185-55-r15-map5-82h-tl\/#primaryimage","url":"https:\/\/elsalvadorllantas.com\/wp-content\/uploads\/2023\/09\/LLANTAS-MAXXIS-MAP5.jpg","contentUrl":"https:\/\/elsalvadorllantas.com\/wp-content\/uploads\/2023\/09\/LLANTAS-MAXXIS-MAP5.jpg","width":1200,"height":1200},{"@type":"BreadcrumbList","@id":"https:\/\/elsalvadorllantas.com\/index.php\/producto\/maxxis-185-55-r15-map5-82h-tl\/#breadcrumb","itemListElement":[{"@type":"ListItem","position":1,"name":"Inicio","item":"https:\/\/elsalvadorllantas.com\/"},{"@type":"ListItem","position":2,"name":"Tienda en linea","item":"https:\/\/elsalvadorllantas.com\/index.php\/tienda-en-linea\/"},{"@type":"ListItem","position":3,"name":"Maxxis 185\/55 R15 MAP5 82H TL"}]},{"@type":"WebSite","@id":"https:\/\/elsalvadorllantas.com\/#website","url":"https:\/\/elsalvadorllantas.com\/","name":"Centro de Servicio Do\u00f1o","description":"Venta de Llantas Nuevas - \u00a1Cotiza Ya!","publisher":{"@id":"https:\/\/elsalvadorllantas.com\/#organization"},"potentialAction":[{"@type":"SearchAction","target":{"@type":"EntryPoint","urlTemplate":"https:\/\/elsalvadorllantas.com\/?s={search_term_string}"},"query-input":{"@type":"PropertyValueSpecification","valueRequired":true,"valueName":"search_term_string"}}],"inLanguage":"es"},{"@type":"Organization","@id":"https:\/\/elsalvadorllantas.com\/#organization","name":"Centro de Servicio Do\u00f1o","url":"https:\/\/elsalvadorllantas.com\/","logo":{"@type":"ImageObject","inLanguage":"es","@id":"https:\/\/elsalvadorllantas.com\/#\/schema\/logo\/image\/","url":"https:\/\/elsalvadorllantas.com\/wp-content\/uploads\/2021\/12\/Logo_Don\u0303o_Editable-CMYK-2.png","contentUrl":"https:\/\/elsalvadorllantas.com\/wp-content\/uploads\/2021\/12\/Logo_Don\u0303o_Editable-CMYK-2.png","width":2139,"height":779,"caption":"Centro de Servicio Do\u00f1o"},"image":{"@id":"https:\/\/elsalvadorllantas.com\/#\/schema\/logo\/image\/"}}]}},"_links":{"self":[{"href":"https:\/\/elsalvadorllantas.com\/index.php\/wp-json\/wp\/v2\/product\/12412","targetHints":{"allow":["GET"]}}],"collection":[{"href":"https:\/\/elsalvadorllantas.com\/index.php\/wp-json\/wp\/v2\/product"}],"about":[{"href":"https:\/\/elsalvadorllantas.com\/index.php\/wp-json\/wp\/v2\/types\/product"}],"version-history":[{"count":0,"href":"https:\/\/elsalvadorllantas.com\/index.php\/wp-json\/wp\/v2\/product\/12412\/revisions"}],"wp:featuredmedia":[{"embeddable":true,"href":"https:\/\/elsalvadorllantas.com\/index.php\/wp-json\/wp\/v2\/media\/17930"}],"wp:attachment":[{"href":"https:\/\/elsalvadorllantas.com\/index.php\/wp-json\/wp\/v2\/media?parent=12412"}],"wp:term":[{"taxonomy":"product_brand","embeddable":true,"href":"https:\/\/elsalvadorllantas.com\/index.php\/wp-json\/wp\/v2\/product_brand?post=12412"},{"taxonomy":"product_cat","embeddable":true,"href":"https:\/\/elsalvadorllantas.com\/index.php\/wp-json\/wp\/v2\/product_cat?post=12412"},{"taxonomy":"product_tag","embeddable":true,"href":"https:\/\/elsalvadorllantas.com\/index.php\/wp-json\/wp\/v2\/product_tag?post=12412"}],"curies":[{"name":"wp","href":"https:\/\/api.w.org\/{rel}","templated":true}]}}