{"id":19800,"date":"2025-05-26T17:47:16","date_gmt":"2025-05-26T23:47:16","guid":{"rendered":"https:\/\/elsalvadorllantas.com\/?post_type=product&#038;p=19800"},"modified":"2026-04-13T23:49:53","modified_gmt":"2026-04-14T05:49:53","slug":"triple-aaa-33x12-50-r17-mud-conten-mt-11t","status":"publish","type":"product","link":"https:\/\/elsalvadorllantas.com\/index.php\/producto\/triple-aaa-33x12-50-r17-mud-conten-mt-11t\/","title":{"rendered":"TRIPLE AAA 33X12.50 R17 MUD CONTEN MT \/11T"},"content":{"rendered":"<table style=\"height: 67px;\" border=\"2\" width=\"777\">\n<tbody>\n<tr style=\"text-align: center;\">\n<td>\u00cdndice de Velocidad<\/td>\n<td>\u00cdndice de Carga<\/td>\n<\/tr>\n<tr style=\"text-align: center;\">\n<td>T<\/td>\n<td>11<\/td>\n<\/tr>\n<\/tbody>\n<\/table>\n<p data-start=\"398\" data-end=\"604\"><img fetchpriority=\"high\" decoding=\"async\" class=\"alignnone size-medium wp-image-19796\" src=\"https:\/\/elsalvadorllantas.com\/wp-content\/uploads\/2025\/05\/TRIPLE-A-MUD-CONTENDER-MT2-192x300.jpg\" alt=\"\" width=\"192\" height=\"300\" srcset=\"https:\/\/elsalvadorllantas.com\/wp-content\/uploads\/2025\/05\/TRIPLE-A-MUD-CONTENDER-MT2-192x300.jpg 192w, https:\/\/elsalvadorllantas.com\/wp-content\/uploads\/2025\/05\/TRIPLE-A-MUD-CONTENDER-MT2-64x100.jpg 64w, https:\/\/elsalvadorllantas.com\/wp-content\/uploads\/2025\/05\/TRIPLE-A-MUD-CONTENDER-MT2.jpg 321w\" sizes=\"(max-width: 192px) 100vw, 192px\" \/><\/p>\n<p data-start=\"398\" data-end=\"604\">Llanta Mud Terrain (M\/T) ideal para camionetas y 4&#215;4. Ofrece excelente tracci\u00f3n en lodo, grava y caminos irregulares. Resistente, agresiva y confiable en los terrenos m\u00e1s exigentes.<\/p>\n<p data-start=\"628\" data-end=\"958\">La <strong>TRIPLE AAA\u00a0Mud Contender M\/T<\/strong> es una llanta todoterreno dise\u00f1ada para conquistar los caminos m\u00e1s dif\u00edciles. Su dise\u00f1o de bloques grandes y agresivos proporciona una tracci\u00f3n superior en superficies fangosas y suelos sueltos, mientras que sus paredes laterales reforzadas ofrecen mayor resistencia contra cortes y perforaciones.<\/p>\n<p data-start=\"960\" data-end=\"1178\">Esta llanta es perfecta para veh\u00edculos que necesitan un desempe\u00f1o confiable en condiciones extremas, sin sacrificar durabilidad. Ideal para pick-ups, SUVs y veh\u00edculos 4&#215;4 que enfrentan rutas off-road o caminos rurales.<\/p>\n<p data-start=\"1180\" data-end=\"1195\"><strong data-start=\"1180\" data-end=\"1195\">Beneficios:<\/strong><\/p>\n<ul data-start=\"1196\" data-end=\"1408\">\n<li data-start=\"1196\" data-end=\"1249\">\n<p data-start=\"1198\" data-end=\"1249\">Excelente tracci\u00f3n en barro, lodo y terreno suelto.<\/p>\n<\/li>\n<li data-start=\"1250\" data-end=\"1299\">\n<p data-start=\"1252\" data-end=\"1299\">Banda de rodadura profunda para mayor duraci\u00f3n.<\/p>\n<\/li>\n<li data-start=\"1300\" data-end=\"1361\">\n<p data-start=\"1302\" data-end=\"1361\">Estructura robusta para soportar impactos y cargas pesadas.<\/p>\n<\/li>\n<li data-start=\"1362\" data-end=\"1408\">\n<p data-start=\"1364\" data-end=\"1408\">Manejo estable y seguro fuera del pavimento.<\/p>\n<\/li>\n<\/ul>\n","protected":false},"excerpt":{"rendered":"<p>\u00cdndice de Velocidad \u00cdndice de Carga T 11 Llanta Mud Terrain (M\/T) ideal para camionetas y 4&#215;4. Ofrece excelente tracci\u00f3n en lodo, grava y caminos irregulares. Resistente, agresiva y confiable en los terrenos m\u00e1s exigentes. La TRIPLE AAA\u00a0Mud Contender M\/T es una llanta todoterreno dise\u00f1ada para conquistar los caminos m\u00e1s dif\u00edciles. Su dise\u00f1o de bloques<br \/><a class=\"more-link\" href=\"https:\/\/elsalvadorllantas.com\/index.php\/producto\/triple-aaa-33x12-50-r17-mud-conten-mt-11t\/\"><br \/>\n        Ver m\u00e1s<span class=\"screen-reader-text\"> \u00abTRIPLE AAA 33X12.50 R17 MUD CONTEN MT \/11T\u00bb<\/span><\/a><\/p>\n","protected":false},"featured_media":19795,"template":"","meta":{"_acf_changed":false},"product_brand":[],"product_cat":[1886,2415,2409,2927,2432,1858],"product_tag":[],"class_list":{"0":"post-19800","1":"product","2":"type-product","3":"status-publish","4":"has-post-thumbnail","6":"product_cat-llanta-triple-a","7":"product_cat-pick-up","8":"product_cat-pick-upcamioneta","9":"product_cat-33x12-50-r17","10":"product_cat-camioneta","11":"product_cat-marca","13":"first","14":"outofstock","15":"sale","16":"shipping-taxable","17":"purchasable","18":"product-type-simple"},"acf":[],"yoast_head":"<!-- This site is optimized with the Yoast SEO plugin v26.8 - https:\/\/yoast.com\/product\/yoast-seo-wordpress\/ -->\r\n<title>TRIPLE AAA 33X12.50 R17 MUD CONTEN MT \/11T - Centro de Servicio Do\u00f1o<\/title>\r\n<meta name=\"robots\" content=\"index, follow, max-snippet:-1, max-image-preview:large, max-video-preview:-1\" \/>\r\n<link rel=\"canonical\" href=\"https:\/\/elsalvadorllantas.com\/index.php\/producto\/triple-aaa-33x12-50-r17-mud-conten-mt-11t\/\" \/>\r\n<meta property=\"og:locale\" content=\"es_ES\" \/>\r\n<meta property=\"og:type\" content=\"article\" \/>\r\n<meta property=\"og:title\" content=\"TRIPLE AAA 33X12.50 R17 MUD CONTEN MT \/11T - Centro de Servicio Do\u00f1o\" \/>\r\n<meta property=\"og:description\" content=\"\u00cdndice de Velocidad \u00cdndice de Carga T 11 Llanta Mud Terrain (M\/T) ideal para camionetas y 4&#215;4. Ofrece excelente tracci\u00f3n en lodo, grava y caminos irregulares. Resistente, agresiva y confiable en los terrenos m\u00e1s exigentes. La TRIPLE AAA\u00a0Mud Contender M\/T es una llanta todoterreno dise\u00f1ada para conquistar los caminos m\u00e1s dif\u00edciles. Su dise\u00f1o de bloques     Ver m\u00e1s &quot;TRIPLE AAA 33X12.50 R17 MUD CONTEN MT \/11T&quot;\" \/>\r\n<meta property=\"og:url\" content=\"https:\/\/elsalvadorllantas.com\/index.php\/producto\/triple-aaa-33x12-50-r17-mud-conten-mt-11t\/\" \/>\r\n<meta property=\"og:site_name\" content=\"Centro de Servicio Do\u00f1o\" \/>\r\n<meta property=\"article:modified_time\" content=\"2026-04-14T05:49:53+00:00\" \/>\r\n<meta property=\"og:image\" content=\"https:\/\/elsalvadorllantas.com\/wp-content\/uploads\/2025\/05\/TRIPLE-A-MUD-CONTENDER-MT-e1748301990396.jpg\" \/>\r\n\t<meta property=\"og:image:width\" content=\"1200\" \/>\r\n\t<meta property=\"og:image:height\" content=\"1200\" \/>\r\n\t<meta property=\"og:image:type\" content=\"image\/jpeg\" \/>\r\n<meta name=\"twitter:card\" content=\"summary_large_image\" \/>\r\n<meta name=\"twitter:label1\" content=\"Tiempo de lectura\" \/>\n\t<meta name=\"twitter:data1\" content=\"1 minuto\" \/>\r\n<script type=\"application\/ld+json\" class=\"yoast-schema-graph\">{\"@context\":\"https:\/\/schema.org\",\"@graph\":[{\"@type\":\"WebPage\",\"@id\":\"https:\/\/elsalvadorllantas.com\/index.php\/producto\/triple-aaa-33x12-50-r17-mud-conten-mt-11t\/\",\"url\":\"https:\/\/elsalvadorllantas.com\/index.php\/producto\/triple-aaa-33x12-50-r17-mud-conten-mt-11t\/\",\"name\":\"TRIPLE AAA 33X12.50 R17 MUD CONTEN MT \/11T - Centro de Servicio Do\u00f1o\",\"isPartOf\":{\"@id\":\"https:\/\/elsalvadorllantas.com\/#website\"},\"primaryImageOfPage\":{\"@id\":\"https:\/\/elsalvadorllantas.com\/index.php\/producto\/triple-aaa-33x12-50-r17-mud-conten-mt-11t\/#primaryimage\"},\"image\":{\"@id\":\"https:\/\/elsalvadorllantas.com\/index.php\/producto\/triple-aaa-33x12-50-r17-mud-conten-mt-11t\/#primaryimage\"},\"thumbnailUrl\":\"https:\/\/elsalvadorllantas.com\/wp-content\/uploads\/2025\/05\/TRIPLE-A-MUD-CONTENDER-MT-e1748301990396.jpg\",\"datePublished\":\"2025-05-26T23:47:16+00:00\",\"dateModified\":\"2026-04-14T05:49:53+00:00\",\"breadcrumb\":{\"@id\":\"https:\/\/elsalvadorllantas.com\/index.php\/producto\/triple-aaa-33x12-50-r17-mud-conten-mt-11t\/#breadcrumb\"},\"inLanguage\":\"es\",\"potentialAction\":[{\"@type\":\"ReadAction\",\"target\":[\"https:\/\/elsalvadorllantas.com\/index.php\/producto\/triple-aaa-33x12-50-r17-mud-conten-mt-11t\/\"]}]},{\"@type\":\"ImageObject\",\"inLanguage\":\"es\",\"@id\":\"https:\/\/elsalvadorllantas.com\/index.php\/producto\/triple-aaa-33x12-50-r17-mud-conten-mt-11t\/#primaryimage\",\"url\":\"https:\/\/elsalvadorllantas.com\/wp-content\/uploads\/2025\/05\/TRIPLE-A-MUD-CONTENDER-MT-e1748301990396.jpg\",\"contentUrl\":\"https:\/\/elsalvadorllantas.com\/wp-content\/uploads\/2025\/05\/TRIPLE-A-MUD-CONTENDER-MT-e1748301990396.jpg\",\"width\":1200,\"height\":1200,\"caption\":\"TRIPLE AAA MUD CONTEN MT \/11T\"},{\"@type\":\"BreadcrumbList\",\"@id\":\"https:\/\/elsalvadorllantas.com\/index.php\/producto\/triple-aaa-33x12-50-r17-mud-conten-mt-11t\/#breadcrumb\",\"itemListElement\":[{\"@type\":\"ListItem\",\"position\":1,\"name\":\"Inicio\",\"item\":\"https:\/\/elsalvadorllantas.com\/\"},{\"@type\":\"ListItem\",\"position\":2,\"name\":\"Tienda en linea\",\"item\":\"https:\/\/elsalvadorllantas.com\/index.php\/tienda-en-linea\/\"},{\"@type\":\"ListItem\",\"position\":3,\"name\":\"TRIPLE AAA 33X12.50 R17 MUD CONTEN MT \/11T\"}]},{\"@type\":\"WebSite\",\"@id\":\"https:\/\/elsalvadorllantas.com\/#website\",\"url\":\"https:\/\/elsalvadorllantas.com\/\",\"name\":\"Centro de Servicio Do\u00f1o\",\"description\":\"Venta de Llantas Nuevas - \u00a1Cotiza Ya!\",\"publisher\":{\"@id\":\"https:\/\/elsalvadorllantas.com\/#organization\"},\"potentialAction\":[{\"@type\":\"SearchAction\",\"target\":{\"@type\":\"EntryPoint\",\"urlTemplate\":\"https:\/\/elsalvadorllantas.com\/?s={search_term_string}\"},\"query-input\":{\"@type\":\"PropertyValueSpecification\",\"valueRequired\":true,\"valueName\":\"search_term_string\"}}],\"inLanguage\":\"es\"},{\"@type\":\"Organization\",\"@id\":\"https:\/\/elsalvadorllantas.com\/#organization\",\"name\":\"Centro de Servicio Do\u00f1o\",\"url\":\"https:\/\/elsalvadorllantas.com\/\",\"logo\":{\"@type\":\"ImageObject\",\"inLanguage\":\"es\",\"@id\":\"https:\/\/elsalvadorllantas.com\/#\/schema\/logo\/image\/\",\"url\":\"https:\/\/elsalvadorllantas.com\/wp-content\/uploads\/2021\/12\/Logo_Don\u0303o_Editable-CMYK-2.png\",\"contentUrl\":\"https:\/\/elsalvadorllantas.com\/wp-content\/uploads\/2021\/12\/Logo_Don\u0303o_Editable-CMYK-2.png\",\"width\":2139,\"height\":779,\"caption\":\"Centro de Servicio Do\u00f1o\"},\"image\":{\"@id\":\"https:\/\/elsalvadorllantas.com\/#\/schema\/logo\/image\/\"}}]}<\/script>\r\n<!-- \/ Yoast SEO plugin. -->","yoast_head_json":{"title":"TRIPLE AAA 33X12.50 R17 MUD CONTEN MT \/11T - Centro de Servicio Do\u00f1o","robots":{"index":"index","follow":"follow","max-snippet":"max-snippet:-1","max-image-preview":"max-image-preview:large","max-video-preview":"max-video-preview:-1"},"canonical":"https:\/\/elsalvadorllantas.com\/index.php\/producto\/triple-aaa-33x12-50-r17-mud-conten-mt-11t\/","og_locale":"es_ES","og_type":"article","og_title":"TRIPLE AAA 33X12.50 R17 MUD CONTEN MT \/11T - Centro de Servicio Do\u00f1o","og_description":"\u00cdndice de Velocidad \u00cdndice de Carga T 11 Llanta Mud Terrain (M\/T) ideal para camionetas y 4&#215;4. Ofrece excelente tracci\u00f3n en lodo, grava y caminos irregulares. Resistente, agresiva y confiable en los terrenos m\u00e1s exigentes. La TRIPLE AAA\u00a0Mud Contender M\/T es una llanta todoterreno dise\u00f1ada para conquistar los caminos m\u00e1s dif\u00edciles. Su dise\u00f1o de bloques     Ver m\u00e1s \"TRIPLE AAA 33X12.50 R17 MUD CONTEN MT \/11T\"","og_url":"https:\/\/elsalvadorllantas.com\/index.php\/producto\/triple-aaa-33x12-50-r17-mud-conten-mt-11t\/","og_site_name":"Centro de Servicio Do\u00f1o","article_modified_time":"2026-04-14T05:49:53+00:00","og_image":[{"width":1200,"height":1200,"url":"https:\/\/elsalvadorllantas.com\/wp-content\/uploads\/2025\/05\/TRIPLE-A-MUD-CONTENDER-MT-e1748301990396.jpg","type":"image\/jpeg"}],"twitter_card":"summary_large_image","twitter_misc":{"Tiempo de lectura":"1 minuto"},"schema":{"@context":"https:\/\/schema.org","@graph":[{"@type":"WebPage","@id":"https:\/\/elsalvadorllantas.com\/index.php\/producto\/triple-aaa-33x12-50-r17-mud-conten-mt-11t\/","url":"https:\/\/elsalvadorllantas.com\/index.php\/producto\/triple-aaa-33x12-50-r17-mud-conten-mt-11t\/","name":"TRIPLE AAA 33X12.50 R17 MUD CONTEN MT \/11T - Centro de Servicio Do\u00f1o","isPartOf":{"@id":"https:\/\/elsalvadorllantas.com\/#website"},"primaryImageOfPage":{"@id":"https:\/\/elsalvadorllantas.com\/index.php\/producto\/triple-aaa-33x12-50-r17-mud-conten-mt-11t\/#primaryimage"},"image":{"@id":"https:\/\/elsalvadorllantas.com\/index.php\/producto\/triple-aaa-33x12-50-r17-mud-conten-mt-11t\/#primaryimage"},"thumbnailUrl":"https:\/\/elsalvadorllantas.com\/wp-content\/uploads\/2025\/05\/TRIPLE-A-MUD-CONTENDER-MT-e1748301990396.jpg","datePublished":"2025-05-26T23:47:16+00:00","dateModified":"2026-04-14T05:49:53+00:00","breadcrumb":{"@id":"https:\/\/elsalvadorllantas.com\/index.php\/producto\/triple-aaa-33x12-50-r17-mud-conten-mt-11t\/#breadcrumb"},"inLanguage":"es","potentialAction":[{"@type":"ReadAction","target":["https:\/\/elsalvadorllantas.com\/index.php\/producto\/triple-aaa-33x12-50-r17-mud-conten-mt-11t\/"]}]},{"@type":"ImageObject","inLanguage":"es","@id":"https:\/\/elsalvadorllantas.com\/index.php\/producto\/triple-aaa-33x12-50-r17-mud-conten-mt-11t\/#primaryimage","url":"https:\/\/elsalvadorllantas.com\/wp-content\/uploads\/2025\/05\/TRIPLE-A-MUD-CONTENDER-MT-e1748301990396.jpg","contentUrl":"https:\/\/elsalvadorllantas.com\/wp-content\/uploads\/2025\/05\/TRIPLE-A-MUD-CONTENDER-MT-e1748301990396.jpg","width":1200,"height":1200,"caption":"TRIPLE AAA MUD CONTEN MT \/11T"},{"@type":"BreadcrumbList","@id":"https:\/\/elsalvadorllantas.com\/index.php\/producto\/triple-aaa-33x12-50-r17-mud-conten-mt-11t\/#breadcrumb","itemListElement":[{"@type":"ListItem","position":1,"name":"Inicio","item":"https:\/\/elsalvadorllantas.com\/"},{"@type":"ListItem","position":2,"name":"Tienda en linea","item":"https:\/\/elsalvadorllantas.com\/index.php\/tienda-en-linea\/"},{"@type":"ListItem","position":3,"name":"TRIPLE AAA 33X12.50 R17 MUD CONTEN MT \/11T"}]},{"@type":"WebSite","@id":"https:\/\/elsalvadorllantas.com\/#website","url":"https:\/\/elsalvadorllantas.com\/","name":"Centro de Servicio Do\u00f1o","description":"Venta de Llantas Nuevas - \u00a1Cotiza Ya!","publisher":{"@id":"https:\/\/elsalvadorllantas.com\/#organization"},"potentialAction":[{"@type":"SearchAction","target":{"@type":"EntryPoint","urlTemplate":"https:\/\/elsalvadorllantas.com\/?s={search_term_string}"},"query-input":{"@type":"PropertyValueSpecification","valueRequired":true,"valueName":"search_term_string"}}],"inLanguage":"es"},{"@type":"Organization","@id":"https:\/\/elsalvadorllantas.com\/#organization","name":"Centro de Servicio Do\u00f1o","url":"https:\/\/elsalvadorllantas.com\/","logo":{"@type":"ImageObject","inLanguage":"es","@id":"https:\/\/elsalvadorllantas.com\/#\/schema\/logo\/image\/","url":"https:\/\/elsalvadorllantas.com\/wp-content\/uploads\/2021\/12\/Logo_Don\u0303o_Editable-CMYK-2.png","contentUrl":"https:\/\/elsalvadorllantas.com\/wp-content\/uploads\/2021\/12\/Logo_Don\u0303o_Editable-CMYK-2.png","width":2139,"height":779,"caption":"Centro de Servicio Do\u00f1o"},"image":{"@id":"https:\/\/elsalvadorllantas.com\/#\/schema\/logo\/image\/"}}]}},"_links":{"self":[{"href":"https:\/\/elsalvadorllantas.com\/index.php\/wp-json\/wp\/v2\/product\/19800","targetHints":{"allow":["GET"]}}],"collection":[{"href":"https:\/\/elsalvadorllantas.com\/index.php\/wp-json\/wp\/v2\/product"}],"about":[{"href":"https:\/\/elsalvadorllantas.com\/index.php\/wp-json\/wp\/v2\/types\/product"}],"version-history":[{"count":1,"href":"https:\/\/elsalvadorllantas.com\/index.php\/wp-json\/wp\/v2\/product\/19800\/revisions"}],"predecessor-version":[{"id":19801,"href":"https:\/\/elsalvadorllantas.com\/index.php\/wp-json\/wp\/v2\/product\/19800\/revisions\/19801"}],"wp:featuredmedia":[{"embeddable":true,"href":"https:\/\/elsalvadorllantas.com\/index.php\/wp-json\/wp\/v2\/media\/19795"}],"wp:attachment":[{"href":"https:\/\/elsalvadorllantas.com\/index.php\/wp-json\/wp\/v2\/media?parent=19800"}],"wp:term":[{"taxonomy":"product_brand","embeddable":true,"href":"https:\/\/elsalvadorllantas.com\/index.php\/wp-json\/wp\/v2\/product_brand?post=19800"},{"taxonomy":"product_cat","embeddable":true,"href":"https:\/\/elsalvadorllantas.com\/index.php\/wp-json\/wp\/v2\/product_cat?post=19800"},{"taxonomy":"product_tag","embeddable":true,"href":"https:\/\/elsalvadorllantas.com\/index.php\/wp-json\/wp\/v2\/product_tag?post=19800"}],"curies":[{"name":"wp","href":"https:\/\/api.w.org\/{rel}","templated":true}]}}