{"id":8152,"date":"2021-08-24T23:06:34","date_gmt":"2021-08-24T23:06:34","guid":{"rendered":"https:\/\/elsalvadorllantas.com\/index.php\/product\/maxxis-205-70-r15-map1-4pr\/"},"modified":"2026-04-13T23:24:59","modified_gmt":"2026-04-14T05:24:59","slug":"maxxis-205-70-r15-map1-4pr","status":"publish","type":"product","link":"https:\/\/elsalvadorllantas.com\/index.php\/producto\/maxxis-205-70-r15-map1-4pr\/","title":{"rendered":"Maxxis 205\/70 R15 MAP1 4PR"},"content":{"rendered":"<table style=\"height: 67px;\" border=\"2\" width=\"777\">\n<tbody>\n<tr style=\"text-align: center;\">\n<td>Lonaje<\/td>\n<td>Indice de Carga<\/td>\n<\/tr>\n<tr style=\"text-align: center;\">\n<td>4PR<\/td>\n<td>96H<\/td>\n<\/tr>\n<\/tbody>\n<\/table>\n<h1><img decoding=\"async\" class=\"alignnone size-medium wp-image-8656\" src=\"https:\/\/elsalvadorllantas.com\/wp-content\/uploads\/2021\/08\/MAXXI-MAP1-1-300x91.png\" alt=\"\" width=\"300\" height=\"91\" srcset=\"https:\/\/elsalvadorllantas.com\/wp-content\/uploads\/2021\/08\/MAXXI-MAP1-1-300x91.png 300w, https:\/\/elsalvadorllantas.com\/wp-content\/uploads\/2021\/08\/MAXXI-MAP1-1-64x19.png 64w, https:\/\/elsalvadorllantas.com\/wp-content\/uploads\/2021\/08\/MAXXI-MAP1-1.png 512w\" sizes=\"(max-width: 300px) 100vw, 300px\" loading=\"lazy\" \/><\/h1>\n<h1>Modelo MAP1<\/h1>\n<p>La MA-P1 es una radial de alto desempe\u00f1o que ofrece una banda de rodamiento, de dise\u00f1o revolucionario que mejora la tracci\u00f3n.<\/p>\n<h2>Generalidades<\/h2>\n<p>Su precisa maniobrabilidad permite un manejo suave y confortable, lo que convierte a la MA-P1 como la radial ideal para autom\u00f3viles de tama\u00f1o medio y de lujo. La disposici\u00f3n de las cuerdas de nylon de lado a lado en la banda de rodamiento de esta llanta, ofrece una menor posibilidad de deformaci\u00f3n de la misma en la realizaci\u00f3n de las curvas en las v\u00edas que atraviese el veh\u00edculo. El dise\u00f1o de su banda de rodamiento, con cuatro surcos circunferenciales, permite una mayor tracci\u00f3n en suelos h\u00famedos y secos, como tambi\u00e9n, un uso prolongado bajo cualquier clima. Su mayor capacidad de agarre, estabilidad y maniobrabilidad superior, le permite al conductor sentirse tranquilo por la m\u00ednima probabilidad de accidente que permite este tipo de llanta.<\/p>\n<h2>Beneficios<\/h2>\n<ul>\n<li>Dibujo agresivo de la banda de rodamiento con cuatro surcos circunferenciales.<\/li>\n<li>Excelente respuesta de un neum\u00e1tico de alto rendimiento con el alto kilometraje de un neum\u00e1tico de turismo\u00a0.<\/li>\n<li>Dispersi\u00f3n superior del agua y tracci\u00f3n en piso h\u00famedo.<\/li>\n<\/ul>\n<h2>\u00a0 \u00a0 \u00a0 \u00a0 <img fetchpriority=\"high\" decoding=\"async\" class=\"alignnone wp-image-8654\" src=\"https:\/\/elsalvadorllantas.com\/wp-content\/uploads\/2021\/08\/MAXXI-MAP1-2-300x83.jpg\" alt=\"\" width=\"459\" height=\"127\" srcset=\"https:\/\/elsalvadorllantas.com\/wp-content\/uploads\/2021\/08\/MAXXI-MAP1-2-300x83.jpg 300w, https:\/\/elsalvadorllantas.com\/wp-content\/uploads\/2021\/08\/MAXXI-MAP1-2-1024x284.jpg 1024w, https:\/\/elsalvadorllantas.com\/wp-content\/uploads\/2021\/08\/MAXXI-MAP1-2-768x213.jpg 768w, https:\/\/elsalvadorllantas.com\/wp-content\/uploads\/2021\/08\/MAXXI-MAP1-2-1536x426.jpg 1536w, https:\/\/elsalvadorllantas.com\/wp-content\/uploads\/2021\/08\/MAXXI-MAP1-2-2048x568.jpg 2048w, https:\/\/elsalvadorllantas.com\/wp-content\/uploads\/2021\/08\/MAXXI-MAP1-2-600x166.jpg 600w, https:\/\/elsalvadorllantas.com\/wp-content\/uploads\/2021\/08\/MAXXI-MAP1-2-64x18.jpg 64w\" sizes=\"(max-width: 459px) 100vw, 459px\" \/><\/h2>\n<h2>Caracter\u00edsticas de desempe\u00f1o<\/h2>\n<p><img decoding=\"async\" class=\"alignnone size-medium wp-image-8655\" src=\"https:\/\/elsalvadorllantas.com\/wp-content\/uploads\/2021\/08\/MAXXI-MAP1-3-300x205.png\" alt=\"\" width=\"300\" height=\"205\" srcset=\"https:\/\/elsalvadorllantas.com\/wp-content\/uploads\/2021\/08\/MAXXI-MAP1-3-300x205.png 300w, https:\/\/elsalvadorllantas.com\/wp-content\/uploads\/2021\/08\/MAXXI-MAP1-3-600x411.png 600w, https:\/\/elsalvadorllantas.com\/wp-content\/uploads\/2021\/08\/MAXXI-MAP1-3-64x44.png 64w, https:\/\/elsalvadorllantas.com\/wp-content\/uploads\/2021\/08\/MAXXI-MAP1-3.png 637w\" sizes=\"(max-width: 300px) 100vw, 300px\" loading=\"lazy\" \/><\/p>\n<ul>\n<li>Excelente confort de marcha con bajo nivel de ruido.<\/li>\n<li>Excelente respuesta de la direcci\u00f3n y estabilidad de manejo.<\/li>\n<li>Dise\u00f1o de banda de rodamiento agresivo con cuatro ranuras circunferenciales.<\/li>\n<li>Patr\u00f3n de banda de rodadura avanzado.<\/li>\n<li>Excelente manejo y conducci\u00f3n en condiciones h\u00famedas.<\/li>\n<\/ul>\n<p>&nbsp;<\/p>\n","protected":false},"excerpt":{"rendered":"<p>Lonaje Indice de Carga 4PR 96H Modelo MAP1 La MA-P1 es una radial de alto desempe\u00f1o que ofrece una banda de rodamiento, de dise\u00f1o revolucionario que mejora la tracci\u00f3n. Generalidades Su precisa maniobrabilidad permite un manejo suave y confortable, lo que convierte a la MA-P1 como la radial ideal para autom\u00f3viles de tama\u00f1o medio y<br \/><a class=\"more-link\" href=\"https:\/\/elsalvadorllantas.com\/index.php\/producto\/maxxis-205-70-r15-map1-4pr\/\"><br \/>\n        Ver m\u00e1s<span class=\"screen-reader-text\"> \u00abMaxxis 205\/70 R15 MAP1 4PR\u00bb<\/span><\/a><\/p>\n","protected":false},"featured_media":12152,"template":"","meta":{"_acf_changed":false},"product_brand":[],"product_cat":[2218,1880,1890,2410,2407],"product_tag":[],"class_list":{"0":"post-8152","1":"product","2":"type-product","3":"status-publish","4":"has-post-thumbnail","6":"product_cat-205-70r15","7":"product_cat-maxxis","8":"product_cat-map1","9":"product_cat-sedancuv","10":"product_cat-tipo-vehiculo","12":"first","13":"outofstock","14":"sale","15":"shipping-taxable","16":"purchasable","17":"product-type-simple"},"acf":[],"yoast_head":"<!-- This site is optimized with the Yoast SEO plugin v26.8 - https:\/\/yoast.com\/product\/yoast-seo-wordpress\/ -->\r\n<title>Maxxis 205\/70 R15 MAP1 4PR - Centro de Servicio Do\u00f1o<\/title>\r\n<meta name=\"description\" content=\"La MA-P1 es una radial de alto desempe\u00f1o que ofrece una banda de rodamiento, de dise\u00f1o revolucionario que mejora la tracci\u00f3n.\" \/>\r\n<meta name=\"robots\" content=\"index, follow, max-snippet:-1, max-image-preview:large, max-video-preview:-1\" \/>\r\n<link rel=\"canonical\" href=\"https:\/\/elsalvadorllantas.com\/index.php\/producto\/maxxis-205-70-r15-map1-4pr\/\" \/>\r\n<meta property=\"og:locale\" content=\"es_ES\" \/>\r\n<meta property=\"og:type\" content=\"article\" \/>\r\n<meta property=\"og:title\" content=\"Maxxis 205\/70 R15 MAP1 4PR - Centro de Servicio Do\u00f1o\" \/>\r\n<meta property=\"og:description\" content=\"La MA-P1 es una radial de alto desempe\u00f1o que ofrece una banda de rodamiento, de dise\u00f1o revolucionario que mejora la tracci\u00f3n.\" \/>\r\n<meta property=\"og:url\" content=\"https:\/\/elsalvadorllantas.com\/index.php\/producto\/maxxis-205-70-r15-map1-4pr\/\" \/>\r\n<meta property=\"og:site_name\" content=\"Centro de Servicio Do\u00f1o\" \/>\r\n<meta property=\"article:modified_time\" content=\"2026-04-14T05:24:59+00:00\" \/>\r\n<meta property=\"og:image\" content=\"https:\/\/elsalvadorllantas.com\/wp-content\/uploads\/2022\/03\/MAP1-Maxxis.jpg\" \/>\r\n\t<meta property=\"og:image:width\" content=\"1200\" \/>\r\n\t<meta property=\"og:image:height\" content=\"1200\" \/>\r\n\t<meta property=\"og:image:type\" content=\"image\/jpeg\" \/>\r\n<meta name=\"twitter:card\" content=\"summary_large_image\" \/>\r\n<meta name=\"twitter:label1\" content=\"Tiempo de lectura\" \/>\n\t<meta name=\"twitter:data1\" content=\"2 minutos\" \/>\r\n<script type=\"application\/ld+json\" class=\"yoast-schema-graph\">{\"@context\":\"https:\/\/schema.org\",\"@graph\":[{\"@type\":\"WebPage\",\"@id\":\"https:\/\/elsalvadorllantas.com\/index.php\/producto\/maxxis-205-70-r15-map1-4pr\/\",\"url\":\"https:\/\/elsalvadorllantas.com\/index.php\/producto\/maxxis-205-70-r15-map1-4pr\/\",\"name\":\"Maxxis 205\/70 R15 MAP1 4PR - Centro de Servicio Do\u00f1o\",\"isPartOf\":{\"@id\":\"https:\/\/elsalvadorllantas.com\/#website\"},\"primaryImageOfPage\":{\"@id\":\"https:\/\/elsalvadorllantas.com\/index.php\/producto\/maxxis-205-70-r15-map1-4pr\/#primaryimage\"},\"image\":{\"@id\":\"https:\/\/elsalvadorllantas.com\/index.php\/producto\/maxxis-205-70-r15-map1-4pr\/#primaryimage\"},\"thumbnailUrl\":\"https:\/\/elsalvadorllantas.com\/wp-content\/uploads\/2022\/03\/MAP1-Maxxis.jpg\",\"datePublished\":\"2021-08-24T23:06:34+00:00\",\"dateModified\":\"2026-04-14T05:24:59+00:00\",\"description\":\"La MA-P1 es una radial de alto desempe\u00f1o que ofrece una banda de rodamiento, de dise\u00f1o revolucionario que mejora la tracci\u00f3n.\",\"breadcrumb\":{\"@id\":\"https:\/\/elsalvadorllantas.com\/index.php\/producto\/maxxis-205-70-r15-map1-4pr\/#breadcrumb\"},\"inLanguage\":\"es\",\"potentialAction\":[{\"@type\":\"ReadAction\",\"target\":[\"https:\/\/elsalvadorllantas.com\/index.php\/producto\/maxxis-205-70-r15-map1-4pr\/\"]}]},{\"@type\":\"ImageObject\",\"inLanguage\":\"es\",\"@id\":\"https:\/\/elsalvadorllantas.com\/index.php\/producto\/maxxis-205-70-r15-map1-4pr\/#primaryimage\",\"url\":\"https:\/\/elsalvadorllantas.com\/wp-content\/uploads\/2022\/03\/MAP1-Maxxis.jpg\",\"contentUrl\":\"https:\/\/elsalvadorllantas.com\/wp-content\/uploads\/2022\/03\/MAP1-Maxxis.jpg\",\"width\":1200,\"height\":1200},{\"@type\":\"BreadcrumbList\",\"@id\":\"https:\/\/elsalvadorllantas.com\/index.php\/producto\/maxxis-205-70-r15-map1-4pr\/#breadcrumb\",\"itemListElement\":[{\"@type\":\"ListItem\",\"position\":1,\"name\":\"Inicio\",\"item\":\"https:\/\/elsalvadorllantas.com\/\"},{\"@type\":\"ListItem\",\"position\":2,\"name\":\"Tienda en linea\",\"item\":\"https:\/\/elsalvadorllantas.com\/index.php\/tienda-en-linea\/\"},{\"@type\":\"ListItem\",\"position\":3,\"name\":\"Maxxis 205\/70 R15 MAP1 4PR\"}]},{\"@type\":\"WebSite\",\"@id\":\"https:\/\/elsalvadorllantas.com\/#website\",\"url\":\"https:\/\/elsalvadorllantas.com\/\",\"name\":\"Centro de Servicio Do\u00f1o\",\"description\":\"Venta de Llantas Nuevas - \u00a1Cotiza Ya!\",\"publisher\":{\"@id\":\"https:\/\/elsalvadorllantas.com\/#organization\"},\"potentialAction\":[{\"@type\":\"SearchAction\",\"target\":{\"@type\":\"EntryPoint\",\"urlTemplate\":\"https:\/\/elsalvadorllantas.com\/?s={search_term_string}\"},\"query-input\":{\"@type\":\"PropertyValueSpecification\",\"valueRequired\":true,\"valueName\":\"search_term_string\"}}],\"inLanguage\":\"es\"},{\"@type\":\"Organization\",\"@id\":\"https:\/\/elsalvadorllantas.com\/#organization\",\"name\":\"Centro de Servicio Do\u00f1o\",\"url\":\"https:\/\/elsalvadorllantas.com\/\",\"logo\":{\"@type\":\"ImageObject\",\"inLanguage\":\"es\",\"@id\":\"https:\/\/elsalvadorllantas.com\/#\/schema\/logo\/image\/\",\"url\":\"https:\/\/elsalvadorllantas.com\/wp-content\/uploads\/2021\/12\/Logo_Don\u0303o_Editable-CMYK-2.png\",\"contentUrl\":\"https:\/\/elsalvadorllantas.com\/wp-content\/uploads\/2021\/12\/Logo_Don\u0303o_Editable-CMYK-2.png\",\"width\":2139,\"height\":779,\"caption\":\"Centro de Servicio Do\u00f1o\"},\"image\":{\"@id\":\"https:\/\/elsalvadorllantas.com\/#\/schema\/logo\/image\/\"}}]}<\/script>\r\n<!-- \/ Yoast SEO plugin. -->","yoast_head_json":{"title":"Maxxis 205\/70 R15 MAP1 4PR - Centro de Servicio Do\u00f1o","description":"La MA-P1 es una radial de alto desempe\u00f1o que ofrece una banda de rodamiento, de dise\u00f1o revolucionario que mejora la tracci\u00f3n.","robots":{"index":"index","follow":"follow","max-snippet":"max-snippet:-1","max-image-preview":"max-image-preview:large","max-video-preview":"max-video-preview:-1"},"canonical":"https:\/\/elsalvadorllantas.com\/index.php\/producto\/maxxis-205-70-r15-map1-4pr\/","og_locale":"es_ES","og_type":"article","og_title":"Maxxis 205\/70 R15 MAP1 4PR - Centro de Servicio Do\u00f1o","og_description":"La MA-P1 es una radial de alto desempe\u00f1o que ofrece una banda de rodamiento, de dise\u00f1o revolucionario que mejora la tracci\u00f3n.","og_url":"https:\/\/elsalvadorllantas.com\/index.php\/producto\/maxxis-205-70-r15-map1-4pr\/","og_site_name":"Centro de Servicio Do\u00f1o","article_modified_time":"2026-04-14T05:24:59+00:00","og_image":[{"width":1200,"height":1200,"url":"https:\/\/elsalvadorllantas.com\/wp-content\/uploads\/2022\/03\/MAP1-Maxxis.jpg","type":"image\/jpeg"}],"twitter_card":"summary_large_image","twitter_misc":{"Tiempo de lectura":"2 minutos"},"schema":{"@context":"https:\/\/schema.org","@graph":[{"@type":"WebPage","@id":"https:\/\/elsalvadorllantas.com\/index.php\/producto\/maxxis-205-70-r15-map1-4pr\/","url":"https:\/\/elsalvadorllantas.com\/index.php\/producto\/maxxis-205-70-r15-map1-4pr\/","name":"Maxxis 205\/70 R15 MAP1 4PR - Centro de Servicio Do\u00f1o","isPartOf":{"@id":"https:\/\/elsalvadorllantas.com\/#website"},"primaryImageOfPage":{"@id":"https:\/\/elsalvadorllantas.com\/index.php\/producto\/maxxis-205-70-r15-map1-4pr\/#primaryimage"},"image":{"@id":"https:\/\/elsalvadorllantas.com\/index.php\/producto\/maxxis-205-70-r15-map1-4pr\/#primaryimage"},"thumbnailUrl":"https:\/\/elsalvadorllantas.com\/wp-content\/uploads\/2022\/03\/MAP1-Maxxis.jpg","datePublished":"2021-08-24T23:06:34+00:00","dateModified":"2026-04-14T05:24:59+00:00","description":"La MA-P1 es una radial de alto desempe\u00f1o que ofrece una banda de rodamiento, de dise\u00f1o revolucionario que mejora la tracci\u00f3n.","breadcrumb":{"@id":"https:\/\/elsalvadorllantas.com\/index.php\/producto\/maxxis-205-70-r15-map1-4pr\/#breadcrumb"},"inLanguage":"es","potentialAction":[{"@type":"ReadAction","target":["https:\/\/elsalvadorllantas.com\/index.php\/producto\/maxxis-205-70-r15-map1-4pr\/"]}]},{"@type":"ImageObject","inLanguage":"es","@id":"https:\/\/elsalvadorllantas.com\/index.php\/producto\/maxxis-205-70-r15-map1-4pr\/#primaryimage","url":"https:\/\/elsalvadorllantas.com\/wp-content\/uploads\/2022\/03\/MAP1-Maxxis.jpg","contentUrl":"https:\/\/elsalvadorllantas.com\/wp-content\/uploads\/2022\/03\/MAP1-Maxxis.jpg","width":1200,"height":1200},{"@type":"BreadcrumbList","@id":"https:\/\/elsalvadorllantas.com\/index.php\/producto\/maxxis-205-70-r15-map1-4pr\/#breadcrumb","itemListElement":[{"@type":"ListItem","position":1,"name":"Inicio","item":"https:\/\/elsalvadorllantas.com\/"},{"@type":"ListItem","position":2,"name":"Tienda en linea","item":"https:\/\/elsalvadorllantas.com\/index.php\/tienda-en-linea\/"},{"@type":"ListItem","position":3,"name":"Maxxis 205\/70 R15 MAP1 4PR"}]},{"@type":"WebSite","@id":"https:\/\/elsalvadorllantas.com\/#website","url":"https:\/\/elsalvadorllantas.com\/","name":"Centro de Servicio Do\u00f1o","description":"Venta de Llantas Nuevas - \u00a1Cotiza Ya!","publisher":{"@id":"https:\/\/elsalvadorllantas.com\/#organization"},"potentialAction":[{"@type":"SearchAction","target":{"@type":"EntryPoint","urlTemplate":"https:\/\/elsalvadorllantas.com\/?s={search_term_string}"},"query-input":{"@type":"PropertyValueSpecification","valueRequired":true,"valueName":"search_term_string"}}],"inLanguage":"es"},{"@type":"Organization","@id":"https:\/\/elsalvadorllantas.com\/#organization","name":"Centro de Servicio Do\u00f1o","url":"https:\/\/elsalvadorllantas.com\/","logo":{"@type":"ImageObject","inLanguage":"es","@id":"https:\/\/elsalvadorllantas.com\/#\/schema\/logo\/image\/","url":"https:\/\/elsalvadorllantas.com\/wp-content\/uploads\/2021\/12\/Logo_Don\u0303o_Editable-CMYK-2.png","contentUrl":"https:\/\/elsalvadorllantas.com\/wp-content\/uploads\/2021\/12\/Logo_Don\u0303o_Editable-CMYK-2.png","width":2139,"height":779,"caption":"Centro de Servicio Do\u00f1o"},"image":{"@id":"https:\/\/elsalvadorllantas.com\/#\/schema\/logo\/image\/"}}]}},"_links":{"self":[{"href":"https:\/\/elsalvadorllantas.com\/index.php\/wp-json\/wp\/v2\/product\/8152","targetHints":{"allow":["GET"]}}],"collection":[{"href":"https:\/\/elsalvadorllantas.com\/index.php\/wp-json\/wp\/v2\/product"}],"about":[{"href":"https:\/\/elsalvadorllantas.com\/index.php\/wp-json\/wp\/v2\/types\/product"}],"version-history":[{"count":1,"href":"https:\/\/elsalvadorllantas.com\/index.php\/wp-json\/wp\/v2\/product\/8152\/revisions"}],"predecessor-version":[{"id":20728,"href":"https:\/\/elsalvadorllantas.com\/index.php\/wp-json\/wp\/v2\/product\/8152\/revisions\/20728"}],"wp:featuredmedia":[{"embeddable":true,"href":"https:\/\/elsalvadorllantas.com\/index.php\/wp-json\/wp\/v2\/media\/12152"}],"wp:attachment":[{"href":"https:\/\/elsalvadorllantas.com\/index.php\/wp-json\/wp\/v2\/media?parent=8152"}],"wp:term":[{"taxonomy":"product_brand","embeddable":true,"href":"https:\/\/elsalvadorllantas.com\/index.php\/wp-json\/wp\/v2\/product_brand?post=8152"},{"taxonomy":"product_cat","embeddable":true,"href":"https:\/\/elsalvadorllantas.com\/index.php\/wp-json\/wp\/v2\/product_cat?post=8152"},{"taxonomy":"product_tag","embeddable":true,"href":"https:\/\/elsalvadorllantas.com\/index.php\/wp-json\/wp\/v2\/product_tag?post=8152"}],"curies":[{"name":"wp","href":"https:\/\/api.w.org\/{rel}","templated":true}]}}