{"id":8178,"date":"2021-08-24T23:07:23","date_gmt":"2021-08-24T23:07:23","guid":{"rendered":"https:\/\/elsalvadorllantas.com\/index.php\/product\/maxxis-205-50-r17-maz3-4pr\/"},"modified":"2026-04-04T07:25:10","modified_gmt":"2026-04-04T13:25:10","slug":"maxxis-205-50-r17-maz3-4pr","status":"publish","type":"product","link":"https:\/\/elsalvadorllantas.com\/index.php\/producto\/maxxis-205-50-r17-maz3-4pr\/","title":{"rendered":"Maxxis 205\/50 R17 MAZ3 4PR"},"content":{"rendered":"<table style=\"height: 67px;\" border=\"2\" width=\"777\">\n<tbody>\n<tr style=\"text-align: center;\">\n<td>Lonaje<\/td>\n<td>Indice de Carga<\/td>\n<\/tr>\n<tr style=\"text-align: center;\">\n<td>4PR<\/td>\n<td>93V<\/td>\n<\/tr>\n<\/tbody>\n<\/table>\n<h1><img decoding=\"async\" class=\"alignnone size-medium wp-image-8711\" src=\"https:\/\/elsalvadorllantas.com\/wp-content\/uploads\/2021\/08\/MAXXI-MAZ-3.3-300x116.png\" alt=\"\" width=\"300\" height=\"116\" srcset=\"https:\/\/elsalvadorllantas.com\/wp-content\/uploads\/2021\/08\/MAXXI-MAZ-3.3-300x116.png 300w, https:\/\/elsalvadorllantas.com\/wp-content\/uploads\/2021\/08\/MAXXI-MAZ-3.3-600x232.png 600w, https:\/\/elsalvadorllantas.com\/wp-content\/uploads\/2021\/08\/MAXXI-MAZ-3.3-64x25.png 64w, https:\/\/elsalvadorllantas.com\/wp-content\/uploads\/2021\/08\/MAXXI-MAZ-3.3.png 726w\" sizes=\"(max-width: 300px) 100vw, 300px\" loading=\"lazy\" \/><\/h1>\n<h1>Modelo MAZ3<\/h1>\n<p>Uno de los neum\u00e1ticos mas elegantes de Maxxis es la MAZ3 Victra. Su desempe\u00f1o es sensacional ya que ha sido desarrollado para brindar una excelente estabilidad.<\/p>\n<h2>Generalidades<\/h2>\n<p>Su estabilidad destaca entre sus beneficios as\u00ed como su seguridad, confort y una larga vida \u00fatil siendo el labrado de un dise\u00f1o deportivo.<\/p>\n<h2>Beneficios<\/h2>\n<ul>\n<li>Confort.<\/li>\n<li>Mayor durabilidad siendo un neum\u00e1tico deportivo.<\/li>\n<li>Excelente seguridad en frenado.<\/li>\n<li>Excelente respuesta en suelo h\u00famedo o seco.<\/li>\n<\/ul>\n<p><img fetchpriority=\"high\" decoding=\"async\" class=\"alignnone size-medium wp-image-8712\" src=\"https:\/\/elsalvadorllantas.com\/wp-content\/uploads\/2021\/08\/MAXXI-MAZ3.1-300x167.png\" alt=\"\" width=\"300\" height=\"167\" srcset=\"https:\/\/elsalvadorllantas.com\/wp-content\/uploads\/2021\/08\/MAXXI-MAZ3.1-300x167.png 300w, https:\/\/elsalvadorllantas.com\/wp-content\/uploads\/2021\/08\/MAXXI-MAZ3.1-1024x569.png 1024w, https:\/\/elsalvadorllantas.com\/wp-content\/uploads\/2021\/08\/MAXXI-MAZ3.1-768x427.png 768w, https:\/\/elsalvadorllantas.com\/wp-content\/uploads\/2021\/08\/MAXXI-MAZ3.1-600x334.png 600w, https:\/\/elsalvadorllantas.com\/wp-content\/uploads\/2021\/08\/MAXXI-MAZ3.1-64x36.png 64w, https:\/\/elsalvadorllantas.com\/wp-content\/uploads\/2021\/08\/MAXXI-MAZ3.1.png 1119w\" sizes=\"(max-width: 300px) 100vw, 300px\" \/><\/p>\n<h2>Caracter\u00edsticas de desempe\u00f1o<\/h2>\n<ul>\n<li>Reducci\u00f3n de ruido gracias a sus bloques en 3D.<\/li>\n<li>Resistencia al suelo en condiciones h\u00famedas.<\/li>\n<li>Rigidez.<\/li>\n<li>Estabilidad a alta velocidad.<\/li>\n<\/ul>\n<h2>Caracter\u00edsticas y beneficios de la construcci\u00f3n.<\/h2>\n<p><img decoding=\"async\" class=\"alignnone wp-image-8714\" src=\"https:\/\/elsalvadorllantas.com\/wp-content\/uploads\/2021\/08\/MAXXI-MAZ3.2-300x104.jpg\" alt=\"\" width=\"456\" height=\"158\" srcset=\"https:\/\/elsalvadorllantas.com\/wp-content\/uploads\/2021\/08\/MAXXI-MAZ3.2-300x104.jpg 300w, https:\/\/elsalvadorllantas.com\/wp-content\/uploads\/2021\/08\/MAXXI-MAZ3.2-1024x354.jpg 1024w, https:\/\/elsalvadorllantas.com\/wp-content\/uploads\/2021\/08\/MAXXI-MAZ3.2-768x266.jpg 768w, https:\/\/elsalvadorllantas.com\/wp-content\/uploads\/2021\/08\/MAXXI-MAZ3.2-1536x532.jpg 1536w, https:\/\/elsalvadorllantas.com\/wp-content\/uploads\/2021\/08\/MAXXI-MAZ3.2-2048x709.jpg 2048w, https:\/\/elsalvadorllantas.com\/wp-content\/uploads\/2021\/08\/MAXXI-MAZ3.2-600x208.jpg 600w, https:\/\/elsalvadorllantas.com\/wp-content\/uploads\/2021\/08\/MAXXI-MAZ3.2-64x22.jpg 64w\" sizes=\"(max-width: 456px) 100vw, 456px\" loading=\"lazy\" \/><\/p>\n","protected":false},"excerpt":{"rendered":"<p>Lonaje Indice de Carga 4PR 93V Modelo MAZ3 Uno de los neum\u00e1ticos mas elegantes de Maxxis es la MAZ3 Victra. Su desempe\u00f1o es sensacional ya que ha sido desarrollado para brindar una excelente estabilidad. Generalidades Su estabilidad destaca entre sus beneficios as\u00ed como su seguridad, confort y una larga vida \u00fatil siendo el labrado de<br \/><a class=\"more-link\" href=\"https:\/\/elsalvadorllantas.com\/index.php\/producto\/maxxis-205-50-r17-maz3-4pr\/\"><br \/>\n        Ver m\u00e1s<span class=\"screen-reader-text\"> \u00abMaxxis 205\/50 R17 MAZ3 4PR\u00bb<\/span><\/a><\/p>\n","protected":false},"featured_media":17935,"template":"","meta":{"_acf_changed":false},"product_brand":[],"product_cat":[2242,1880,1894,2408,2407],"product_tag":[],"class_list":{"0":"post-8178","1":"product","2":"type-product","3":"status-publish","4":"has-post-thumbnail","6":"product_cat-205-50r17","7":"product_cat-maxxis","8":"product_cat-maz3","9":"product_cat-sedan","10":"product_cat-tipo-vehiculo","12":"first","13":"outofstock","14":"sale","15":"shipping-taxable","16":"purchasable","17":"product-type-simple"},"acf":[],"yoast_head":"<!-- This site is optimized with the Yoast SEO plugin v26.8 - https:\/\/yoast.com\/product\/yoast-seo-wordpress\/ -->\r\n<title>Maxxis 205\/50 R17 MAZ3 4PR - Centro de Servicio Do\u00f1o<\/title>\r\n<meta name=\"description\" content=\"Los neum\u00e1ticos MAXXIS 205\/50 R17 MAZ3 Victra tiene un desempe\u00f1o sensacional ya que ha sido desarrollado para brindar una excelente estabilidad.\" \/>\r\n<meta name=\"robots\" content=\"index, follow, max-snippet:-1, max-image-preview:large, max-video-preview:-1\" \/>\r\n<link rel=\"canonical\" href=\"https:\/\/elsalvadorllantas.com\/index.php\/producto\/maxxis-205-50-r17-maz3-4pr\/\" \/>\r\n<meta property=\"og:locale\" content=\"es_ES\" \/>\r\n<meta property=\"og:type\" content=\"article\" \/>\r\n<meta property=\"og:title\" content=\"Maxxis 205\/50 R17 MAZ3 4PR - Centro de Servicio Do\u00f1o\" \/>\r\n<meta property=\"og:description\" content=\"Los neum\u00e1ticos MAXXIS 205\/50 R17 MAZ3 Victra tiene un desempe\u00f1o sensacional ya que ha sido desarrollado para brindar una excelente estabilidad.\" \/>\r\n<meta property=\"og:url\" content=\"https:\/\/elsalvadorllantas.com\/index.php\/producto\/maxxis-205-50-r17-maz3-4pr\/\" \/>\r\n<meta property=\"og:site_name\" content=\"Centro de Servicio Do\u00f1o\" \/>\r\n<meta property=\"article:modified_time\" content=\"2026-04-04T13:25:10+00:00\" \/>\r\n<meta property=\"og:image\" content=\"https:\/\/elsalvadorllantas.com\/wp-content\/uploads\/2023\/09\/LLANTAS-MAXXIS-MAZ3.jpg\" \/>\r\n\t<meta property=\"og:image:width\" content=\"1200\" \/>\r\n\t<meta property=\"og:image:height\" content=\"1200\" \/>\r\n\t<meta property=\"og:image:type\" content=\"image\/jpeg\" \/>\r\n<meta name=\"twitter:card\" content=\"summary_large_image\" \/>\r\n<meta name=\"twitter:label1\" content=\"Tiempo de lectura\" \/>\n\t<meta name=\"twitter:data1\" content=\"1 minuto\" \/>\r\n<script type=\"application\/ld+json\" class=\"yoast-schema-graph\">{\"@context\":\"https:\/\/schema.org\",\"@graph\":[{\"@type\":\"WebPage\",\"@id\":\"https:\/\/elsalvadorllantas.com\/index.php\/producto\/maxxis-205-50-r17-maz3-4pr\/\",\"url\":\"https:\/\/elsalvadorllantas.com\/index.php\/producto\/maxxis-205-50-r17-maz3-4pr\/\",\"name\":\"Maxxis 205\/50 R17 MAZ3 4PR - Centro de Servicio Do\u00f1o\",\"isPartOf\":{\"@id\":\"https:\/\/elsalvadorllantas.com\/#website\"},\"primaryImageOfPage\":{\"@id\":\"https:\/\/elsalvadorllantas.com\/index.php\/producto\/maxxis-205-50-r17-maz3-4pr\/#primaryimage\"},\"image\":{\"@id\":\"https:\/\/elsalvadorllantas.com\/index.php\/producto\/maxxis-205-50-r17-maz3-4pr\/#primaryimage\"},\"thumbnailUrl\":\"https:\/\/elsalvadorllantas.com\/wp-content\/uploads\/2023\/09\/LLANTAS-MAXXIS-MAZ3.jpg\",\"datePublished\":\"2021-08-24T23:07:23+00:00\",\"dateModified\":\"2026-04-04T13:25:10+00:00\",\"description\":\"Los neum\u00e1ticos MAXXIS 205\/50 R17 MAZ3 Victra tiene un desempe\u00f1o sensacional ya que ha sido desarrollado para brindar una excelente estabilidad.\",\"breadcrumb\":{\"@id\":\"https:\/\/elsalvadorllantas.com\/index.php\/producto\/maxxis-205-50-r17-maz3-4pr\/#breadcrumb\"},\"inLanguage\":\"es\",\"potentialAction\":[{\"@type\":\"ReadAction\",\"target\":[\"https:\/\/elsalvadorllantas.com\/index.php\/producto\/maxxis-205-50-r17-maz3-4pr\/\"]}]},{\"@type\":\"ImageObject\",\"inLanguage\":\"es\",\"@id\":\"https:\/\/elsalvadorllantas.com\/index.php\/producto\/maxxis-205-50-r17-maz3-4pr\/#primaryimage\",\"url\":\"https:\/\/elsalvadorllantas.com\/wp-content\/uploads\/2023\/09\/LLANTAS-MAXXIS-MAZ3.jpg\",\"contentUrl\":\"https:\/\/elsalvadorllantas.com\/wp-content\/uploads\/2023\/09\/LLANTAS-MAXXIS-MAZ3.jpg\",\"width\":1200,\"height\":1200},{\"@type\":\"BreadcrumbList\",\"@id\":\"https:\/\/elsalvadorllantas.com\/index.php\/producto\/maxxis-205-50-r17-maz3-4pr\/#breadcrumb\",\"itemListElement\":[{\"@type\":\"ListItem\",\"position\":1,\"name\":\"Inicio\",\"item\":\"https:\/\/elsalvadorllantas.com\/\"},{\"@type\":\"ListItem\",\"position\":2,\"name\":\"Tienda en linea\",\"item\":\"https:\/\/elsalvadorllantas.com\/index.php\/tienda-en-linea\/\"},{\"@type\":\"ListItem\",\"position\":3,\"name\":\"Maxxis 205\/50 R17 MAZ3 4PR\"}]},{\"@type\":\"WebSite\",\"@id\":\"https:\/\/elsalvadorllantas.com\/#website\",\"url\":\"https:\/\/elsalvadorllantas.com\/\",\"name\":\"Centro de Servicio Do\u00f1o\",\"description\":\"Venta de Llantas Nuevas - \u00a1Cotiza Ya!\",\"publisher\":{\"@id\":\"https:\/\/elsalvadorllantas.com\/#organization\"},\"potentialAction\":[{\"@type\":\"SearchAction\",\"target\":{\"@type\":\"EntryPoint\",\"urlTemplate\":\"https:\/\/elsalvadorllantas.com\/?s={search_term_string}\"},\"query-input\":{\"@type\":\"PropertyValueSpecification\",\"valueRequired\":true,\"valueName\":\"search_term_string\"}}],\"inLanguage\":\"es\"},{\"@type\":\"Organization\",\"@id\":\"https:\/\/elsalvadorllantas.com\/#organization\",\"name\":\"Centro de Servicio Do\u00f1o\",\"url\":\"https:\/\/elsalvadorllantas.com\/\",\"logo\":{\"@type\":\"ImageObject\",\"inLanguage\":\"es\",\"@id\":\"https:\/\/elsalvadorllantas.com\/#\/schema\/logo\/image\/\",\"url\":\"https:\/\/elsalvadorllantas.com\/wp-content\/uploads\/2021\/12\/Logo_Don\u0303o_Editable-CMYK-2.png\",\"contentUrl\":\"https:\/\/elsalvadorllantas.com\/wp-content\/uploads\/2021\/12\/Logo_Don\u0303o_Editable-CMYK-2.png\",\"width\":2139,\"height\":779,\"caption\":\"Centro de Servicio Do\u00f1o\"},\"image\":{\"@id\":\"https:\/\/elsalvadorllantas.com\/#\/schema\/logo\/image\/\"}}]}<\/script>\r\n<!-- \/ Yoast SEO plugin. -->","yoast_head_json":{"title":"Maxxis 205\/50 R17 MAZ3 4PR - Centro de Servicio Do\u00f1o","description":"Los neum\u00e1ticos MAXXIS 205\/50 R17 MAZ3 Victra tiene un desempe\u00f1o sensacional ya que ha sido desarrollado para brindar una excelente estabilidad.","robots":{"index":"index","follow":"follow","max-snippet":"max-snippet:-1","max-image-preview":"max-image-preview:large","max-video-preview":"max-video-preview:-1"},"canonical":"https:\/\/elsalvadorllantas.com\/index.php\/producto\/maxxis-205-50-r17-maz3-4pr\/","og_locale":"es_ES","og_type":"article","og_title":"Maxxis 205\/50 R17 MAZ3 4PR - Centro de Servicio Do\u00f1o","og_description":"Los neum\u00e1ticos MAXXIS 205\/50 R17 MAZ3 Victra tiene un desempe\u00f1o sensacional ya que ha sido desarrollado para brindar una excelente estabilidad.","og_url":"https:\/\/elsalvadorllantas.com\/index.php\/producto\/maxxis-205-50-r17-maz3-4pr\/","og_site_name":"Centro de Servicio Do\u00f1o","article_modified_time":"2026-04-04T13:25:10+00:00","og_image":[{"width":1200,"height":1200,"url":"https:\/\/elsalvadorllantas.com\/wp-content\/uploads\/2023\/09\/LLANTAS-MAXXIS-MAZ3.jpg","type":"image\/jpeg"}],"twitter_card":"summary_large_image","twitter_misc":{"Tiempo de lectura":"1 minuto"},"schema":{"@context":"https:\/\/schema.org","@graph":[{"@type":"WebPage","@id":"https:\/\/elsalvadorllantas.com\/index.php\/producto\/maxxis-205-50-r17-maz3-4pr\/","url":"https:\/\/elsalvadorllantas.com\/index.php\/producto\/maxxis-205-50-r17-maz3-4pr\/","name":"Maxxis 205\/50 R17 MAZ3 4PR - Centro de Servicio Do\u00f1o","isPartOf":{"@id":"https:\/\/elsalvadorllantas.com\/#website"},"primaryImageOfPage":{"@id":"https:\/\/elsalvadorllantas.com\/index.php\/producto\/maxxis-205-50-r17-maz3-4pr\/#primaryimage"},"image":{"@id":"https:\/\/elsalvadorllantas.com\/index.php\/producto\/maxxis-205-50-r17-maz3-4pr\/#primaryimage"},"thumbnailUrl":"https:\/\/elsalvadorllantas.com\/wp-content\/uploads\/2023\/09\/LLANTAS-MAXXIS-MAZ3.jpg","datePublished":"2021-08-24T23:07:23+00:00","dateModified":"2026-04-04T13:25:10+00:00","description":"Los neum\u00e1ticos MAXXIS 205\/50 R17 MAZ3 Victra tiene un desempe\u00f1o sensacional ya que ha sido desarrollado para brindar una excelente estabilidad.","breadcrumb":{"@id":"https:\/\/elsalvadorllantas.com\/index.php\/producto\/maxxis-205-50-r17-maz3-4pr\/#breadcrumb"},"inLanguage":"es","potentialAction":[{"@type":"ReadAction","target":["https:\/\/elsalvadorllantas.com\/index.php\/producto\/maxxis-205-50-r17-maz3-4pr\/"]}]},{"@type":"ImageObject","inLanguage":"es","@id":"https:\/\/elsalvadorllantas.com\/index.php\/producto\/maxxis-205-50-r17-maz3-4pr\/#primaryimage","url":"https:\/\/elsalvadorllantas.com\/wp-content\/uploads\/2023\/09\/LLANTAS-MAXXIS-MAZ3.jpg","contentUrl":"https:\/\/elsalvadorllantas.com\/wp-content\/uploads\/2023\/09\/LLANTAS-MAXXIS-MAZ3.jpg","width":1200,"height":1200},{"@type":"BreadcrumbList","@id":"https:\/\/elsalvadorllantas.com\/index.php\/producto\/maxxis-205-50-r17-maz3-4pr\/#breadcrumb","itemListElement":[{"@type":"ListItem","position":1,"name":"Inicio","item":"https:\/\/elsalvadorllantas.com\/"},{"@type":"ListItem","position":2,"name":"Tienda en linea","item":"https:\/\/elsalvadorllantas.com\/index.php\/tienda-en-linea\/"},{"@type":"ListItem","position":3,"name":"Maxxis 205\/50 R17 MAZ3 4PR"}]},{"@type":"WebSite","@id":"https:\/\/elsalvadorllantas.com\/#website","url":"https:\/\/elsalvadorllantas.com\/","name":"Centro de Servicio Do\u00f1o","description":"Venta de Llantas Nuevas - \u00a1Cotiza Ya!","publisher":{"@id":"https:\/\/elsalvadorllantas.com\/#organization"},"potentialAction":[{"@type":"SearchAction","target":{"@type":"EntryPoint","urlTemplate":"https:\/\/elsalvadorllantas.com\/?s={search_term_string}"},"query-input":{"@type":"PropertyValueSpecification","valueRequired":true,"valueName":"search_term_string"}}],"inLanguage":"es"},{"@type":"Organization","@id":"https:\/\/elsalvadorllantas.com\/#organization","name":"Centro de Servicio Do\u00f1o","url":"https:\/\/elsalvadorllantas.com\/","logo":{"@type":"ImageObject","inLanguage":"es","@id":"https:\/\/elsalvadorllantas.com\/#\/schema\/logo\/image\/","url":"https:\/\/elsalvadorllantas.com\/wp-content\/uploads\/2021\/12\/Logo_Don\u0303o_Editable-CMYK-2.png","contentUrl":"https:\/\/elsalvadorllantas.com\/wp-content\/uploads\/2021\/12\/Logo_Don\u0303o_Editable-CMYK-2.png","width":2139,"height":779,"caption":"Centro de Servicio Do\u00f1o"},"image":{"@id":"https:\/\/elsalvadorllantas.com\/#\/schema\/logo\/image\/"}}]}},"_links":{"self":[{"href":"https:\/\/elsalvadorllantas.com\/index.php\/wp-json\/wp\/v2\/product\/8178","targetHints":{"allow":["GET"]}}],"collection":[{"href":"https:\/\/elsalvadorllantas.com\/index.php\/wp-json\/wp\/v2\/product"}],"about":[{"href":"https:\/\/elsalvadorllantas.com\/index.php\/wp-json\/wp\/v2\/types\/product"}],"version-history":[{"count":1,"href":"https:\/\/elsalvadorllantas.com\/index.php\/wp-json\/wp\/v2\/product\/8178\/revisions"}],"predecessor-version":[{"id":20708,"href":"https:\/\/elsalvadorllantas.com\/index.php\/wp-json\/wp\/v2\/product\/8178\/revisions\/20708"}],"wp:featuredmedia":[{"embeddable":true,"href":"https:\/\/elsalvadorllantas.com\/index.php\/wp-json\/wp\/v2\/media\/17935"}],"wp:attachment":[{"href":"https:\/\/elsalvadorllantas.com\/index.php\/wp-json\/wp\/v2\/media?parent=8178"}],"wp:term":[{"taxonomy":"product_brand","embeddable":true,"href":"https:\/\/elsalvadorllantas.com\/index.php\/wp-json\/wp\/v2\/product_brand?post=8178"},{"taxonomy":"product_cat","embeddable":true,"href":"https:\/\/elsalvadorllantas.com\/index.php\/wp-json\/wp\/v2\/product_cat?post=8178"},{"taxonomy":"product_tag","embeddable":true,"href":"https:\/\/elsalvadorllantas.com\/index.php\/wp-json\/wp\/v2\/product_tag?post=8178"}],"curies":[{"name":"wp","href":"https:\/\/api.w.org\/{rel}","templated":true}]}}