{"id":8183,"date":"2021-08-24T23:07:32","date_gmt":"2021-08-24T23:07:32","guid":{"rendered":"https:\/\/elsalvadorllantas.com\/index.php\/product\/maxxis-235-55-r18-ht750-4pr\/"},"modified":"2026-04-13T23:27:17","modified_gmt":"2026-04-14T05:27:17","slug":"maxxis-235-55-r18-ht750-4pr","status":"publish","type":"product","link":"https:\/\/elsalvadorllantas.com\/index.php\/producto\/maxxis-235-55-r18-ht750-4pr\/","title":{"rendered":"Maxxis 235\/55 R18 HT750 4PR"},"content":{"rendered":"<table style=\"height: 67px;\" border=\"2\" width=\"777\">\n<tbody>\n<tr style=\"text-align: center;\">\n<td>Lonaje<\/td>\n<td>Indice de Carga<\/td>\n<\/tr>\n<tr style=\"text-align: center;\">\n<td>4PR<\/td>\n<td>100VTL<\/td>\n<\/tr>\n<\/tbody>\n<\/table>\n<h1>Modelo HT-750<\/h1>\n<p>El neum\u00e1tico HT750 de Maxxis es de toda estaci\u00f3n. Brinda un largo kilometraje por el dise\u00f1o con grandes bloques en la banda de rodamiento.<\/p>\n<h2>Generalidades<\/h2>\n<p>Ofrece en todas las estaciones rendimiento con gran durabilidad caracter\u00edstica de Maxxis. Dise\u00f1o de la banda de rodadura mejorada proporciona un suave manejo y una mayor vida en terrenos accidentados o en la carretera entrega un tranquilo paseo, c\u00f3modo. Condiciones rugosas no son rival para este neum\u00e1tico, que ofrece fortaleza, estabilidad y un manejo suave.<\/p>\n<h2>Beneficios<\/h2>\n<ul>\n<li>Construcci\u00f3n de acero con cintur\u00f3n doble para el desgaste de larga duraci\u00f3n y la uniformidad.<\/li>\n<li>Compuesto de caucho especialmente formulado.<\/li>\n<li>Manejo excepcional en diversas condiciones de carretera y tiempo.<\/li>\n<\/ul>\n<h2><img decoding=\"async\" class=\"alignnone size-medium wp-image-8627\" src=\"https:\/\/elsalvadorllantas.com\/wp-content\/uploads\/2021\/08\/MAXXI-HP-750-1-300x133.png\" alt=\"\" width=\"300\" height=\"133\" srcset=\"https:\/\/elsalvadorllantas.com\/wp-content\/uploads\/2021\/08\/MAXXI-HP-750-1-300x133.png 300w, https:\/\/elsalvadorllantas.com\/wp-content\/uploads\/2021\/08\/MAXXI-HP-750-1-1024x455.png 1024w, https:\/\/elsalvadorllantas.com\/wp-content\/uploads\/2021\/08\/MAXXI-HP-750-1-768x341.png 768w, https:\/\/elsalvadorllantas.com\/wp-content\/uploads\/2021\/08\/MAXXI-HP-750-1-600x266.png 600w, https:\/\/elsalvadorllantas.com\/wp-content\/uploads\/2021\/08\/MAXXI-HP-750-1-64x28.png 64w, https:\/\/elsalvadorllantas.com\/wp-content\/uploads\/2021\/08\/MAXXI-HP-750-1.png 1074w\" sizes=\"(max-width: 300px) 100vw, 300px\" loading=\"lazy\" \/><\/h2>\n<h2>Caracter\u00edsticas de desempe\u00f1o<\/h2>\n<p><img fetchpriority=\"high\" decoding=\"async\" class=\"alignnone wp-image-8628\" src=\"https:\/\/elsalvadorllantas.com\/wp-content\/uploads\/2021\/08\/MAXXI-HP-750-2-300x139.jpg\" alt=\"\" width=\"451\" height=\"209\" srcset=\"https:\/\/elsalvadorllantas.com\/wp-content\/uploads\/2021\/08\/MAXXI-HP-750-2-300x139.jpg 300w, https:\/\/elsalvadorllantas.com\/wp-content\/uploads\/2021\/08\/MAXXI-HP-750-2-1024x475.jpg 1024w, https:\/\/elsalvadorllantas.com\/wp-content\/uploads\/2021\/08\/MAXXI-HP-750-2-768x356.jpg 768w, https:\/\/elsalvadorllantas.com\/wp-content\/uploads\/2021\/08\/MAXXI-HP-750-2-1536x712.jpg 1536w, https:\/\/elsalvadorllantas.com\/wp-content\/uploads\/2021\/08\/MAXXI-HP-750-2-600x278.jpg 600w, https:\/\/elsalvadorllantas.com\/wp-content\/uploads\/2021\/08\/MAXXI-HP-750-2-64x30.jpg 64w, https:\/\/elsalvadorllantas.com\/wp-content\/uploads\/2021\/08\/MAXXI-HP-750-2.jpg 1551w\" sizes=\"(max-width: 451px) 100vw, 451px\" \/><\/p>\n","protected":false},"excerpt":{"rendered":"<p>Lonaje Indice de Carga 4PR 100VTL Modelo HT-750 El neum\u00e1tico HT750 de Maxxis es de toda estaci\u00f3n. Brinda un largo kilometraje por el dise\u00f1o con grandes bloques en la banda de rodamiento. Generalidades Ofrece en todas las estaciones rendimiento con gran durabilidad caracter\u00edstica de Maxxis. Dise\u00f1o de la banda de rodadura mejorada proporciona un suave<br \/><a class=\"more-link\" href=\"https:\/\/elsalvadorllantas.com\/index.php\/producto\/maxxis-235-55-r18-ht750-4pr\/\"><br \/>\n        Ver m\u00e1s<span class=\"screen-reader-text\"> \u00abMaxxis 235\/55 R18 HT750 4PR\u00bb<\/span><\/a><\/p>\n","protected":false},"featured_media":17917,"template":"","meta":{"_acf_changed":false},"product_brand":[],"product_cat":[2247,1897,1880,2411,2407],"product_tag":[],"class_list":{"0":"post-8183","1":"product","2":"type-product","3":"status-publish","4":"has-post-thumbnail","6":"product_cat-235-55r18","7":"product_cat-ht750","8":"product_cat-maxxis","9":"product_cat-suvcuv","10":"product_cat-tipo-vehiculo","12":"first","13":"outofstock","14":"sale","15":"shipping-taxable","16":"purchasable","17":"product-type-simple"},"acf":[],"yoast_head":"<!-- This site is optimized with the Yoast SEO plugin v26.8 - https:\/\/yoast.com\/product\/yoast-seo-wordpress\/ -->\r\n<title>Maxxis 235\/55 R18 HT750 4PR - Centro de Servicio Do\u00f1o<\/title>\r\n<meta name=\"description\" content=\"El neum\u00e1tico HT750 de Maxxis es de toda estaci\u00f3n. Brinda un largo kilometraje por el dise\u00f1o con grandes bloques en la banda de rodamiento.\" \/>\r\n<meta name=\"robots\" content=\"index, follow, max-snippet:-1, max-image-preview:large, max-video-preview:-1\" \/>\r\n<link rel=\"canonical\" href=\"https:\/\/elsalvadorllantas.com\/index.php\/producto\/maxxis-235-55-r18-ht750-4pr\/\" \/>\r\n<meta property=\"og:locale\" content=\"es_ES\" \/>\r\n<meta property=\"og:type\" content=\"article\" \/>\r\n<meta property=\"og:title\" content=\"Maxxis 235\/55 R18 HT750 4PR - Centro de Servicio Do\u00f1o\" \/>\r\n<meta property=\"og:description\" content=\"El neum\u00e1tico HT750 de Maxxis es de toda estaci\u00f3n. Brinda un largo kilometraje por el dise\u00f1o con grandes bloques en la banda de rodamiento.\" \/>\r\n<meta property=\"og:url\" content=\"https:\/\/elsalvadorllantas.com\/index.php\/producto\/maxxis-235-55-r18-ht750-4pr\/\" \/>\r\n<meta property=\"og:site_name\" content=\"Centro de Servicio Do\u00f1o\" \/>\r\n<meta property=\"article:modified_time\" content=\"2026-04-14T05:27:17+00:00\" \/>\r\n<meta property=\"og:image\" content=\"https:\/\/elsalvadorllantas.com\/wp-content\/uploads\/2021\/08\/LLANTAS-MAXXIS-HT-750.jpg\" \/>\r\n\t<meta property=\"og:image:width\" content=\"1200\" \/>\r\n\t<meta property=\"og:image:height\" content=\"1200\" \/>\r\n\t<meta property=\"og:image:type\" content=\"image\/jpeg\" \/>\r\n<meta name=\"twitter:card\" content=\"summary_large_image\" \/>\r\n<meta name=\"twitter:label1\" content=\"Tiempo de lectura\" \/>\n\t<meta name=\"twitter:data1\" content=\"1 minuto\" \/>\r\n<script type=\"application\/ld+json\" class=\"yoast-schema-graph\">{\"@context\":\"https:\/\/schema.org\",\"@graph\":[{\"@type\":\"WebPage\",\"@id\":\"https:\/\/elsalvadorllantas.com\/index.php\/producto\/maxxis-235-55-r18-ht750-4pr\/\",\"url\":\"https:\/\/elsalvadorllantas.com\/index.php\/producto\/maxxis-235-55-r18-ht750-4pr\/\",\"name\":\"Maxxis 235\/55 R18 HT750 4PR - Centro de Servicio Do\u00f1o\",\"isPartOf\":{\"@id\":\"https:\/\/elsalvadorllantas.com\/#website\"},\"primaryImageOfPage\":{\"@id\":\"https:\/\/elsalvadorllantas.com\/index.php\/producto\/maxxis-235-55-r18-ht750-4pr\/#primaryimage\"},\"image\":{\"@id\":\"https:\/\/elsalvadorllantas.com\/index.php\/producto\/maxxis-235-55-r18-ht750-4pr\/#primaryimage\"},\"thumbnailUrl\":\"https:\/\/elsalvadorllantas.com\/wp-content\/uploads\/2021\/08\/LLANTAS-MAXXIS-HT-750.jpg\",\"datePublished\":\"2021-08-24T23:07:32+00:00\",\"dateModified\":\"2026-04-14T05:27:17+00:00\",\"description\":\"El neum\u00e1tico HT750 de Maxxis es de toda estaci\u00f3n. Brinda un largo kilometraje por el dise\u00f1o con grandes bloques en la banda de rodamiento.\",\"breadcrumb\":{\"@id\":\"https:\/\/elsalvadorllantas.com\/index.php\/producto\/maxxis-235-55-r18-ht750-4pr\/#breadcrumb\"},\"inLanguage\":\"es\",\"potentialAction\":[{\"@type\":\"ReadAction\",\"target\":[\"https:\/\/elsalvadorllantas.com\/index.php\/producto\/maxxis-235-55-r18-ht750-4pr\/\"]}]},{\"@type\":\"ImageObject\",\"inLanguage\":\"es\",\"@id\":\"https:\/\/elsalvadorllantas.com\/index.php\/producto\/maxxis-235-55-r18-ht750-4pr\/#primaryimage\",\"url\":\"https:\/\/elsalvadorllantas.com\/wp-content\/uploads\/2021\/08\/LLANTAS-MAXXIS-HT-750.jpg\",\"contentUrl\":\"https:\/\/elsalvadorllantas.com\/wp-content\/uploads\/2021\/08\/LLANTAS-MAXXIS-HT-750.jpg\",\"width\":1200,\"height\":1200},{\"@type\":\"BreadcrumbList\",\"@id\":\"https:\/\/elsalvadorllantas.com\/index.php\/producto\/maxxis-235-55-r18-ht750-4pr\/#breadcrumb\",\"itemListElement\":[{\"@type\":\"ListItem\",\"position\":1,\"name\":\"Inicio\",\"item\":\"https:\/\/elsalvadorllantas.com\/\"},{\"@type\":\"ListItem\",\"position\":2,\"name\":\"Tienda en linea\",\"item\":\"https:\/\/elsalvadorllantas.com\/index.php\/tienda-en-linea\/\"},{\"@type\":\"ListItem\",\"position\":3,\"name\":\"Maxxis 235\/55 R18 HT750 4PR\"}]},{\"@type\":\"WebSite\",\"@id\":\"https:\/\/elsalvadorllantas.com\/#website\",\"url\":\"https:\/\/elsalvadorllantas.com\/\",\"name\":\"Centro de Servicio Do\u00f1o\",\"description\":\"Venta de Llantas Nuevas - \u00a1Cotiza Ya!\",\"publisher\":{\"@id\":\"https:\/\/elsalvadorllantas.com\/#organization\"},\"potentialAction\":[{\"@type\":\"SearchAction\",\"target\":{\"@type\":\"EntryPoint\",\"urlTemplate\":\"https:\/\/elsalvadorllantas.com\/?s={search_term_string}\"},\"query-input\":{\"@type\":\"PropertyValueSpecification\",\"valueRequired\":true,\"valueName\":\"search_term_string\"}}],\"inLanguage\":\"es\"},{\"@type\":\"Organization\",\"@id\":\"https:\/\/elsalvadorllantas.com\/#organization\",\"name\":\"Centro de Servicio Do\u00f1o\",\"url\":\"https:\/\/elsalvadorllantas.com\/\",\"logo\":{\"@type\":\"ImageObject\",\"inLanguage\":\"es\",\"@id\":\"https:\/\/elsalvadorllantas.com\/#\/schema\/logo\/image\/\",\"url\":\"https:\/\/elsalvadorllantas.com\/wp-content\/uploads\/2021\/12\/Logo_Don\u0303o_Editable-CMYK-2.png\",\"contentUrl\":\"https:\/\/elsalvadorllantas.com\/wp-content\/uploads\/2021\/12\/Logo_Don\u0303o_Editable-CMYK-2.png\",\"width\":2139,\"height\":779,\"caption\":\"Centro de Servicio Do\u00f1o\"},\"image\":{\"@id\":\"https:\/\/elsalvadorllantas.com\/#\/schema\/logo\/image\/\"}}]}<\/script>\r\n<!-- \/ Yoast SEO plugin. -->","yoast_head_json":{"title":"Maxxis 235\/55 R18 HT750 4PR - Centro de Servicio Do\u00f1o","description":"El neum\u00e1tico HT750 de Maxxis es de toda estaci\u00f3n. Brinda un largo kilometraje por el dise\u00f1o con grandes bloques en la banda de rodamiento.","robots":{"index":"index","follow":"follow","max-snippet":"max-snippet:-1","max-image-preview":"max-image-preview:large","max-video-preview":"max-video-preview:-1"},"canonical":"https:\/\/elsalvadorllantas.com\/index.php\/producto\/maxxis-235-55-r18-ht750-4pr\/","og_locale":"es_ES","og_type":"article","og_title":"Maxxis 235\/55 R18 HT750 4PR - Centro de Servicio Do\u00f1o","og_description":"El neum\u00e1tico HT750 de Maxxis es de toda estaci\u00f3n. Brinda un largo kilometraje por el dise\u00f1o con grandes bloques en la banda de rodamiento.","og_url":"https:\/\/elsalvadorllantas.com\/index.php\/producto\/maxxis-235-55-r18-ht750-4pr\/","og_site_name":"Centro de Servicio Do\u00f1o","article_modified_time":"2026-04-14T05:27:17+00:00","og_image":[{"width":1200,"height":1200,"url":"https:\/\/elsalvadorllantas.com\/wp-content\/uploads\/2021\/08\/LLANTAS-MAXXIS-HT-750.jpg","type":"image\/jpeg"}],"twitter_card":"summary_large_image","twitter_misc":{"Tiempo de lectura":"1 minuto"},"schema":{"@context":"https:\/\/schema.org","@graph":[{"@type":"WebPage","@id":"https:\/\/elsalvadorllantas.com\/index.php\/producto\/maxxis-235-55-r18-ht750-4pr\/","url":"https:\/\/elsalvadorllantas.com\/index.php\/producto\/maxxis-235-55-r18-ht750-4pr\/","name":"Maxxis 235\/55 R18 HT750 4PR - Centro de Servicio Do\u00f1o","isPartOf":{"@id":"https:\/\/elsalvadorllantas.com\/#website"},"primaryImageOfPage":{"@id":"https:\/\/elsalvadorllantas.com\/index.php\/producto\/maxxis-235-55-r18-ht750-4pr\/#primaryimage"},"image":{"@id":"https:\/\/elsalvadorllantas.com\/index.php\/producto\/maxxis-235-55-r18-ht750-4pr\/#primaryimage"},"thumbnailUrl":"https:\/\/elsalvadorllantas.com\/wp-content\/uploads\/2021\/08\/LLANTAS-MAXXIS-HT-750.jpg","datePublished":"2021-08-24T23:07:32+00:00","dateModified":"2026-04-14T05:27:17+00:00","description":"El neum\u00e1tico HT750 de Maxxis es de toda estaci\u00f3n. Brinda un largo kilometraje por el dise\u00f1o con grandes bloques en la banda de rodamiento.","breadcrumb":{"@id":"https:\/\/elsalvadorllantas.com\/index.php\/producto\/maxxis-235-55-r18-ht750-4pr\/#breadcrumb"},"inLanguage":"es","potentialAction":[{"@type":"ReadAction","target":["https:\/\/elsalvadorllantas.com\/index.php\/producto\/maxxis-235-55-r18-ht750-4pr\/"]}]},{"@type":"ImageObject","inLanguage":"es","@id":"https:\/\/elsalvadorllantas.com\/index.php\/producto\/maxxis-235-55-r18-ht750-4pr\/#primaryimage","url":"https:\/\/elsalvadorllantas.com\/wp-content\/uploads\/2021\/08\/LLANTAS-MAXXIS-HT-750.jpg","contentUrl":"https:\/\/elsalvadorllantas.com\/wp-content\/uploads\/2021\/08\/LLANTAS-MAXXIS-HT-750.jpg","width":1200,"height":1200},{"@type":"BreadcrumbList","@id":"https:\/\/elsalvadorllantas.com\/index.php\/producto\/maxxis-235-55-r18-ht750-4pr\/#breadcrumb","itemListElement":[{"@type":"ListItem","position":1,"name":"Inicio","item":"https:\/\/elsalvadorllantas.com\/"},{"@type":"ListItem","position":2,"name":"Tienda en linea","item":"https:\/\/elsalvadorllantas.com\/index.php\/tienda-en-linea\/"},{"@type":"ListItem","position":3,"name":"Maxxis 235\/55 R18 HT750 4PR"}]},{"@type":"WebSite","@id":"https:\/\/elsalvadorllantas.com\/#website","url":"https:\/\/elsalvadorllantas.com\/","name":"Centro de Servicio Do\u00f1o","description":"Venta de Llantas Nuevas - \u00a1Cotiza Ya!","publisher":{"@id":"https:\/\/elsalvadorllantas.com\/#organization"},"potentialAction":[{"@type":"SearchAction","target":{"@type":"EntryPoint","urlTemplate":"https:\/\/elsalvadorllantas.com\/?s={search_term_string}"},"query-input":{"@type":"PropertyValueSpecification","valueRequired":true,"valueName":"search_term_string"}}],"inLanguage":"es"},{"@type":"Organization","@id":"https:\/\/elsalvadorllantas.com\/#organization","name":"Centro de Servicio Do\u00f1o","url":"https:\/\/elsalvadorllantas.com\/","logo":{"@type":"ImageObject","inLanguage":"es","@id":"https:\/\/elsalvadorllantas.com\/#\/schema\/logo\/image\/","url":"https:\/\/elsalvadorllantas.com\/wp-content\/uploads\/2021\/12\/Logo_Don\u0303o_Editable-CMYK-2.png","contentUrl":"https:\/\/elsalvadorllantas.com\/wp-content\/uploads\/2021\/12\/Logo_Don\u0303o_Editable-CMYK-2.png","width":2139,"height":779,"caption":"Centro de Servicio Do\u00f1o"},"image":{"@id":"https:\/\/elsalvadorllantas.com\/#\/schema\/logo\/image\/"}}]}},"_links":{"self":[{"href":"https:\/\/elsalvadorllantas.com\/index.php\/wp-json\/wp\/v2\/product\/8183","targetHints":{"allow":["GET"]}}],"collection":[{"href":"https:\/\/elsalvadorllantas.com\/index.php\/wp-json\/wp\/v2\/product"}],"about":[{"href":"https:\/\/elsalvadorllantas.com\/index.php\/wp-json\/wp\/v2\/types\/product"}],"version-history":[{"count":1,"href":"https:\/\/elsalvadorllantas.com\/index.php\/wp-json\/wp\/v2\/product\/8183\/revisions"}],"predecessor-version":[{"id":20704,"href":"https:\/\/elsalvadorllantas.com\/index.php\/wp-json\/wp\/v2\/product\/8183\/revisions\/20704"}],"wp:featuredmedia":[{"embeddable":true,"href":"https:\/\/elsalvadorllantas.com\/index.php\/wp-json\/wp\/v2\/media\/17917"}],"wp:attachment":[{"href":"https:\/\/elsalvadorllantas.com\/index.php\/wp-json\/wp\/v2\/media?parent=8183"}],"wp:term":[{"taxonomy":"product_brand","embeddable":true,"href":"https:\/\/elsalvadorllantas.com\/index.php\/wp-json\/wp\/v2\/product_brand?post=8183"},{"taxonomy":"product_cat","embeddable":true,"href":"https:\/\/elsalvadorllantas.com\/index.php\/wp-json\/wp\/v2\/product_cat?post=8183"},{"taxonomy":"product_tag","embeddable":true,"href":"https:\/\/elsalvadorllantas.com\/index.php\/wp-json\/wp\/v2\/product_tag?post=8183"}],"curies":[{"name":"wp","href":"https:\/\/api.w.org\/{rel}","templated":true}]}}