{"id":8201,"date":"2021-08-24T23:08:05","date_gmt":"2021-08-24T23:08:05","guid":{"rendered":"https:\/\/elsalvadorllantas.com\/index.php\/product\/toyo-195-50-r15-tydrb-82v\/"},"modified":"2026-04-08T03:09:11","modified_gmt":"2026-04-08T09:09:11","slug":"toyo-195-50-r15-tydrb-82v","status":"publish","type":"product","link":"https:\/\/elsalvadorllantas.com\/index.php\/producto\/toyo-195-50-r15-tydrb-82v\/","title":{"rendered":"Toyo 195\/50 R15 TYDRB 82V"},"content":{"rendered":"<table style=\"height: 67px;\" border=\"2\" width=\"777\">\n<tbody>\n<tr style=\"text-align: center;\">\n<td>Lonaje<\/td>\n<td>Indice de Carga<\/td>\n<\/tr>\n<tr style=\"text-align: center;\">\n<td>82V<\/td>\n<td>82V<\/td>\n<\/tr>\n<\/tbody>\n<\/table>\n<h1><img decoding=\"async\" class=\"alignnone size-medium wp-image-8949\" src=\"https:\/\/elsalvadorllantas.com\/wp-content\/uploads\/2021\/08\/TOYO-TYDRB-1-300x31.jpg\" alt=\"\" width=\"300\" height=\"31\" srcset=\"https:\/\/elsalvadorllantas.com\/wp-content\/uploads\/2021\/08\/TOYO-TYDRB-1-300x31.jpg 300w, https:\/\/elsalvadorllantas.com\/wp-content\/uploads\/2021\/08\/TOYO-TYDRB-1-1024x107.jpg 1024w, https:\/\/elsalvadorllantas.com\/wp-content\/uploads\/2021\/08\/TOYO-TYDRB-1-768x80.jpg 768w, https:\/\/elsalvadorllantas.com\/wp-content\/uploads\/2021\/08\/TOYO-TYDRB-1-1536x160.jpg 1536w, https:\/\/elsalvadorllantas.com\/wp-content\/uploads\/2021\/08\/TOYO-TYDRB-1-2048x213.jpg 2048w, https:\/\/elsalvadorllantas.com\/wp-content\/uploads\/2021\/08\/TOYO-TYDRB-1-600x62.jpg 600w, https:\/\/elsalvadorllantas.com\/wp-content\/uploads\/2021\/08\/TOYO-TYDRB-1-64x7.jpg 64w\" sizes=\"(max-width: 300px) 100vw, 300px\" loading=\"lazy\" \/><\/h1>\n<h1>Modelo TYDRB<\/h1>\n<p>Toyo DRB se ha desarrollado como un neum\u00e1tico de alto rendimiento de nivel de entrada con un valor competitivo de costo-rendimiento y una amplia gama de tama\u00f1os disponibles para muchas aplicaciones de veh\u00edculos.<\/p>\n<h2>Generalidades<\/h2>\n<p>Sus excelentes capacidades de manejo en seco y en mojado satisfacen las necesidades de los clientes mientras mantienen nuestro enfoque de brindar una apariencia atractiva y un valor competitivo.<\/p>\n<h2>Beneficios<\/h2>\n<ul>\n<li>Costillas centrales mejor respuesta al viraje del volante estabilidad a alta velocidad.<\/li>\n<li>Combinaci\u00f3n de bloques y costillas mejora el manejo en seco.<\/li>\n<li>Bloques grandes con canales estrechos en los hombros disminuye el ruido.<\/li>\n<li>Apariencia diferente, resaltante gracias al cono de disminuci\u00f3n gradual multifunci\u00f3n.<\/li>\n<\/ul>\n<h2><img decoding=\"async\" class=\"alignnone wp-image-8950\" src=\"https:\/\/elsalvadorllantas.com\/wp-content\/uploads\/2021\/08\/TOYO-TYDRB-2-88x300.jpg\" alt=\"\" width=\"62\" height=\"211\" srcset=\"https:\/\/elsalvadorllantas.com\/wp-content\/uploads\/2021\/08\/TOYO-TYDRB-2-88x300.jpg 88w, https:\/\/elsalvadorllantas.com\/wp-content\/uploads\/2021\/08\/TOYO-TYDRB-2-300x1024.jpg 300w, https:\/\/elsalvadorllantas.com\/wp-content\/uploads\/2021\/08\/TOYO-TYDRB-2-449x1536.jpg 449w, https:\/\/elsalvadorllantas.com\/wp-content\/uploads\/2021\/08\/TOYO-TYDRB-2-64x219.jpg 64w, https:\/\/elsalvadorllantas.com\/wp-content\/uploads\/2021\/08\/TOYO-TYDRB-2.jpg 543w\" sizes=\"(max-width: 62px) 100vw, 62px\" loading=\"lazy\" \/><img decoding=\"async\" class=\"alignnone wp-image-8951\" src=\"https:\/\/elsalvadorllantas.com\/wp-content\/uploads\/2021\/08\/TOYO-TYDRB-3-146x300.jpg\" alt=\"\" width=\"105\" height=\"216\" srcset=\"https:\/\/elsalvadorllantas.com\/wp-content\/uploads\/2021\/08\/TOYO-TYDRB-3-146x300.jpg 146w, https:\/\/elsalvadorllantas.com\/wp-content\/uploads\/2021\/08\/TOYO-TYDRB-3-500x1024.jpg 500w, https:\/\/elsalvadorllantas.com\/wp-content\/uploads\/2021\/08\/TOYO-TYDRB-3-64x131.jpg 64w, https:\/\/elsalvadorllantas.com\/wp-content\/uploads\/2021\/08\/TOYO-TYDRB-3.jpg 543w\" sizes=\"(max-width: 105px) 100vw, 105px\" loading=\"lazy\" \/><\/h2>\n<h2>Caracter\u00edsticas de desempe\u00f1o<\/h2>\n<ul>\n<li>Maniobrabilidad en seco.<\/li>\n<li>Comodidad de paseo.<\/li>\n<li>Tratamiento del borde del bloque apariencia diferente y resaltante.<\/li>\n<li>Cono de disminuci\u00f3n gradual multifunci\u00f3n permite mejor desempe\u00f1o en mojado<\/li>\n<\/ul>\n<h2>Caracter\u00edsticas y beneficios de la construcci\u00f3n<\/h2>\n<p><img loading=\"lazy\" decoding=\"async\" class=\"alignnone size-medium wp-image-8952\" src=\"https:\/\/elsalvadorllantas.com\/wp-content\/uploads\/2021\/08\/TOYO-TYDRB-4-300x176.jpg\" alt=\"\" width=\"300\" height=\"176\" srcset=\"https:\/\/elsalvadorllantas.com\/wp-content\/uploads\/2021\/08\/TOYO-TYDRB-4-300x176.jpg 300w, https:\/\/elsalvadorllantas.com\/wp-content\/uploads\/2021\/08\/TOYO-TYDRB-4-1024x599.jpg 1024w, https:\/\/elsalvadorllantas.com\/wp-content\/uploads\/2021\/08\/TOYO-TYDRB-4-768x450.jpg 768w, https:\/\/elsalvadorllantas.com\/wp-content\/uploads\/2021\/08\/TOYO-TYDRB-4-600x351.jpg 600w, https:\/\/elsalvadorllantas.com\/wp-content\/uploads\/2021\/08\/TOYO-TYDRB-4-64x37.jpg 64w, https:\/\/elsalvadorllantas.com\/wp-content\/uploads\/2021\/08\/TOYO-TYDRB-4.jpg 1312w\" sizes=\"(max-width: 300px) 100vw, 300px\" \/><\/p>\n<p>&nbsp;<\/p>\n","protected":false},"excerpt":{"rendered":"<p>Lonaje Indice de Carga 82V 82V Modelo TYDRB Toyo DRB se ha desarrollado como un neum\u00e1tico de alto rendimiento de nivel de entrada con un valor competitivo de costo-rendimiento y una amplia gama de tama\u00f1os disponibles para muchas aplicaciones de veh\u00edculos. Generalidades Sus excelentes capacidades de manejo en seco y en mojado satisfacen las necesidades<br \/><a class=\"more-link\" href=\"https:\/\/elsalvadorllantas.com\/index.php\/producto\/toyo-195-50-r15-tydrb-82v\/\"><br \/>\n        Ver m\u00e1s<span class=\"screen-reader-text\"> \u00abToyo 195\/50 R15 TYDRB 82V\u00bb<\/span><\/a><\/p>\n","protected":false},"featured_media":9181,"template":"","meta":{"_acf_changed":false},"product_brand":[],"product_cat":[2225,2408,1881,1902,2407],"product_tag":[],"class_list":{"0":"post-8201","1":"product","2":"type-product","3":"status-publish","4":"has-post-thumbnail","6":"product_cat-195-50r15","7":"product_cat-sedan","8":"product_cat-toyo","9":"product_cat-tydrb","10":"product_cat-tipo-vehiculo","12":"first","13":"outofstock","14":"sale","15":"shipping-taxable","16":"purchasable","17":"product-type-simple"},"acf":[],"yoast_head":"<!-- This site is optimized with the Yoast SEO plugin v26.8 - https:\/\/yoast.com\/product\/yoast-seo-wordpress\/ -->\r\n<title>Toyo 195\/50 R15 TYDRB 82V - Centro de Servicio Do\u00f1o<\/title>\r\n<meta name=\"description\" content=\"Los productos NanoEnergy garantizan seguridad, durabilidad, ahorro de combustible y eficiencia, fabricados para coches compactos.\" \/>\r\n<meta name=\"robots\" content=\"index, follow, max-snippet:-1, max-image-preview:large, max-video-preview:-1\" \/>\r\n<link rel=\"canonical\" href=\"https:\/\/elsalvadorllantas.com\/index.php\/producto\/toyo-195-50-r15-tydrb-82v\/\" \/>\r\n<meta property=\"og:locale\" content=\"es_ES\" \/>\r\n<meta property=\"og:type\" content=\"article\" \/>\r\n<meta property=\"og:title\" content=\"Toyo 195\/50 R15 TYDRB 82V - Centro de Servicio Do\u00f1o\" \/>\r\n<meta property=\"og:description\" content=\"Los productos NanoEnergy garantizan seguridad, durabilidad, ahorro de combustible y eficiencia, fabricados para coches compactos.\" \/>\r\n<meta property=\"og:url\" content=\"https:\/\/elsalvadorllantas.com\/index.php\/producto\/toyo-195-50-r15-tydrb-82v\/\" \/>\r\n<meta property=\"og:site_name\" content=\"Centro de Servicio Do\u00f1o\" \/>\r\n<meta property=\"article:modified_time\" content=\"2026-04-08T09:09:11+00:00\" \/>\r\n<meta property=\"og:image\" content=\"https:\/\/elsalvadorllantas.com\/wp-content\/uploads\/2021\/08\/Toyo-Tires-DRB.jpg\" \/>\r\n\t<meta property=\"og:image:width\" content=\"1200\" \/>\r\n\t<meta property=\"og:image:height\" content=\"1200\" \/>\r\n\t<meta property=\"og:image:type\" content=\"image\/jpeg\" \/>\r\n<meta name=\"twitter:card\" content=\"summary_large_image\" \/>\r\n<meta name=\"twitter:label1\" content=\"Tiempo de lectura\" \/>\n\t<meta name=\"twitter:data1\" content=\"2 minutos\" \/>\r\n<script type=\"application\/ld+json\" class=\"yoast-schema-graph\">{\"@context\":\"https:\/\/schema.org\",\"@graph\":[{\"@type\":\"WebPage\",\"@id\":\"https:\/\/elsalvadorllantas.com\/index.php\/producto\/toyo-195-50-r15-tydrb-82v\/\",\"url\":\"https:\/\/elsalvadorllantas.com\/index.php\/producto\/toyo-195-50-r15-tydrb-82v\/\",\"name\":\"Toyo 195\/50 R15 TYDRB 82V - Centro de Servicio Do\u00f1o\",\"isPartOf\":{\"@id\":\"https:\/\/elsalvadorllantas.com\/#website\"},\"primaryImageOfPage\":{\"@id\":\"https:\/\/elsalvadorllantas.com\/index.php\/producto\/toyo-195-50-r15-tydrb-82v\/#primaryimage\"},\"image\":{\"@id\":\"https:\/\/elsalvadorllantas.com\/index.php\/producto\/toyo-195-50-r15-tydrb-82v\/#primaryimage\"},\"thumbnailUrl\":\"https:\/\/elsalvadorllantas.com\/wp-content\/uploads\/2021\/08\/Toyo-Tires-DRB.jpg\",\"datePublished\":\"2021-08-24T23:08:05+00:00\",\"dateModified\":\"2026-04-08T09:09:11+00:00\",\"description\":\"Los productos NanoEnergy garantizan seguridad, durabilidad, ahorro de combustible y eficiencia, fabricados para coches compactos.\",\"breadcrumb\":{\"@id\":\"https:\/\/elsalvadorllantas.com\/index.php\/producto\/toyo-195-50-r15-tydrb-82v\/#breadcrumb\"},\"inLanguage\":\"es\",\"potentialAction\":[{\"@type\":\"ReadAction\",\"target\":[\"https:\/\/elsalvadorllantas.com\/index.php\/producto\/toyo-195-50-r15-tydrb-82v\/\"]}]},{\"@type\":\"ImageObject\",\"inLanguage\":\"es\",\"@id\":\"https:\/\/elsalvadorllantas.com\/index.php\/producto\/toyo-195-50-r15-tydrb-82v\/#primaryimage\",\"url\":\"https:\/\/elsalvadorllantas.com\/wp-content\/uploads\/2021\/08\/Toyo-Tires-DRB.jpg\",\"contentUrl\":\"https:\/\/elsalvadorllantas.com\/wp-content\/uploads\/2021\/08\/Toyo-Tires-DRB.jpg\",\"width\":1200,\"height\":1200},{\"@type\":\"BreadcrumbList\",\"@id\":\"https:\/\/elsalvadorllantas.com\/index.php\/producto\/toyo-195-50-r15-tydrb-82v\/#breadcrumb\",\"itemListElement\":[{\"@type\":\"ListItem\",\"position\":1,\"name\":\"Inicio\",\"item\":\"https:\/\/elsalvadorllantas.com\/\"},{\"@type\":\"ListItem\",\"position\":2,\"name\":\"Tienda en linea\",\"item\":\"https:\/\/elsalvadorllantas.com\/index.php\/tienda-en-linea\/\"},{\"@type\":\"ListItem\",\"position\":3,\"name\":\"Toyo 195\/50 R15 TYDRB 82V\"}]},{\"@type\":\"WebSite\",\"@id\":\"https:\/\/elsalvadorllantas.com\/#website\",\"url\":\"https:\/\/elsalvadorllantas.com\/\",\"name\":\"Centro de Servicio Do\u00f1o\",\"description\":\"Venta de Llantas Nuevas - \u00a1Cotiza Ya!\",\"publisher\":{\"@id\":\"https:\/\/elsalvadorllantas.com\/#organization\"},\"potentialAction\":[{\"@type\":\"SearchAction\",\"target\":{\"@type\":\"EntryPoint\",\"urlTemplate\":\"https:\/\/elsalvadorllantas.com\/?s={search_term_string}\"},\"query-input\":{\"@type\":\"PropertyValueSpecification\",\"valueRequired\":true,\"valueName\":\"search_term_string\"}}],\"inLanguage\":\"es\"},{\"@type\":\"Organization\",\"@id\":\"https:\/\/elsalvadorllantas.com\/#organization\",\"name\":\"Centro de Servicio Do\u00f1o\",\"url\":\"https:\/\/elsalvadorllantas.com\/\",\"logo\":{\"@type\":\"ImageObject\",\"inLanguage\":\"es\",\"@id\":\"https:\/\/elsalvadorllantas.com\/#\/schema\/logo\/image\/\",\"url\":\"https:\/\/elsalvadorllantas.com\/wp-content\/uploads\/2021\/12\/Logo_Don\u0303o_Editable-CMYK-2.png\",\"contentUrl\":\"https:\/\/elsalvadorllantas.com\/wp-content\/uploads\/2021\/12\/Logo_Don\u0303o_Editable-CMYK-2.png\",\"width\":2139,\"height\":779,\"caption\":\"Centro de Servicio Do\u00f1o\"},\"image\":{\"@id\":\"https:\/\/elsalvadorllantas.com\/#\/schema\/logo\/image\/\"}}]}<\/script>\r\n<!-- \/ Yoast SEO plugin. -->","yoast_head_json":{"title":"Toyo 195\/50 R15 TYDRB 82V - Centro de Servicio Do\u00f1o","description":"Los productos NanoEnergy garantizan seguridad, durabilidad, ahorro de combustible y eficiencia, fabricados para coches compactos.","robots":{"index":"index","follow":"follow","max-snippet":"max-snippet:-1","max-image-preview":"max-image-preview:large","max-video-preview":"max-video-preview:-1"},"canonical":"https:\/\/elsalvadorllantas.com\/index.php\/producto\/toyo-195-50-r15-tydrb-82v\/","og_locale":"es_ES","og_type":"article","og_title":"Toyo 195\/50 R15 TYDRB 82V - Centro de Servicio Do\u00f1o","og_description":"Los productos NanoEnergy garantizan seguridad, durabilidad, ahorro de combustible y eficiencia, fabricados para coches compactos.","og_url":"https:\/\/elsalvadorllantas.com\/index.php\/producto\/toyo-195-50-r15-tydrb-82v\/","og_site_name":"Centro de Servicio Do\u00f1o","article_modified_time":"2026-04-08T09:09:11+00:00","og_image":[{"width":1200,"height":1200,"url":"https:\/\/elsalvadorllantas.com\/wp-content\/uploads\/2021\/08\/Toyo-Tires-DRB.jpg","type":"image\/jpeg"}],"twitter_card":"summary_large_image","twitter_misc":{"Tiempo de lectura":"2 minutos"},"schema":{"@context":"https:\/\/schema.org","@graph":[{"@type":"WebPage","@id":"https:\/\/elsalvadorllantas.com\/index.php\/producto\/toyo-195-50-r15-tydrb-82v\/","url":"https:\/\/elsalvadorllantas.com\/index.php\/producto\/toyo-195-50-r15-tydrb-82v\/","name":"Toyo 195\/50 R15 TYDRB 82V - Centro de Servicio Do\u00f1o","isPartOf":{"@id":"https:\/\/elsalvadorllantas.com\/#website"},"primaryImageOfPage":{"@id":"https:\/\/elsalvadorllantas.com\/index.php\/producto\/toyo-195-50-r15-tydrb-82v\/#primaryimage"},"image":{"@id":"https:\/\/elsalvadorllantas.com\/index.php\/producto\/toyo-195-50-r15-tydrb-82v\/#primaryimage"},"thumbnailUrl":"https:\/\/elsalvadorllantas.com\/wp-content\/uploads\/2021\/08\/Toyo-Tires-DRB.jpg","datePublished":"2021-08-24T23:08:05+00:00","dateModified":"2026-04-08T09:09:11+00:00","description":"Los productos NanoEnergy garantizan seguridad, durabilidad, ahorro de combustible y eficiencia, fabricados para coches compactos.","breadcrumb":{"@id":"https:\/\/elsalvadorllantas.com\/index.php\/producto\/toyo-195-50-r15-tydrb-82v\/#breadcrumb"},"inLanguage":"es","potentialAction":[{"@type":"ReadAction","target":["https:\/\/elsalvadorllantas.com\/index.php\/producto\/toyo-195-50-r15-tydrb-82v\/"]}]},{"@type":"ImageObject","inLanguage":"es","@id":"https:\/\/elsalvadorllantas.com\/index.php\/producto\/toyo-195-50-r15-tydrb-82v\/#primaryimage","url":"https:\/\/elsalvadorllantas.com\/wp-content\/uploads\/2021\/08\/Toyo-Tires-DRB.jpg","contentUrl":"https:\/\/elsalvadorllantas.com\/wp-content\/uploads\/2021\/08\/Toyo-Tires-DRB.jpg","width":1200,"height":1200},{"@type":"BreadcrumbList","@id":"https:\/\/elsalvadorllantas.com\/index.php\/producto\/toyo-195-50-r15-tydrb-82v\/#breadcrumb","itemListElement":[{"@type":"ListItem","position":1,"name":"Inicio","item":"https:\/\/elsalvadorllantas.com\/"},{"@type":"ListItem","position":2,"name":"Tienda en linea","item":"https:\/\/elsalvadorllantas.com\/index.php\/tienda-en-linea\/"},{"@type":"ListItem","position":3,"name":"Toyo 195\/50 R15 TYDRB 82V"}]},{"@type":"WebSite","@id":"https:\/\/elsalvadorllantas.com\/#website","url":"https:\/\/elsalvadorllantas.com\/","name":"Centro de Servicio Do\u00f1o","description":"Venta de Llantas Nuevas - \u00a1Cotiza Ya!","publisher":{"@id":"https:\/\/elsalvadorllantas.com\/#organization"},"potentialAction":[{"@type":"SearchAction","target":{"@type":"EntryPoint","urlTemplate":"https:\/\/elsalvadorllantas.com\/?s={search_term_string}"},"query-input":{"@type":"PropertyValueSpecification","valueRequired":true,"valueName":"search_term_string"}}],"inLanguage":"es"},{"@type":"Organization","@id":"https:\/\/elsalvadorllantas.com\/#organization","name":"Centro de Servicio Do\u00f1o","url":"https:\/\/elsalvadorllantas.com\/","logo":{"@type":"ImageObject","inLanguage":"es","@id":"https:\/\/elsalvadorllantas.com\/#\/schema\/logo\/image\/","url":"https:\/\/elsalvadorllantas.com\/wp-content\/uploads\/2021\/12\/Logo_Don\u0303o_Editable-CMYK-2.png","contentUrl":"https:\/\/elsalvadorllantas.com\/wp-content\/uploads\/2021\/12\/Logo_Don\u0303o_Editable-CMYK-2.png","width":2139,"height":779,"caption":"Centro de Servicio Do\u00f1o"},"image":{"@id":"https:\/\/elsalvadorllantas.com\/#\/schema\/logo\/image\/"}}]}},"_links":{"self":[{"href":"https:\/\/elsalvadorllantas.com\/index.php\/wp-json\/wp\/v2\/product\/8201","targetHints":{"allow":["GET"]}}],"collection":[{"href":"https:\/\/elsalvadorllantas.com\/index.php\/wp-json\/wp\/v2\/product"}],"about":[{"href":"https:\/\/elsalvadorllantas.com\/index.php\/wp-json\/wp\/v2\/types\/product"}],"version-history":[{"count":1,"href":"https:\/\/elsalvadorllantas.com\/index.php\/wp-json\/wp\/v2\/product\/8201\/revisions"}],"predecessor-version":[{"id":20545,"href":"https:\/\/elsalvadorllantas.com\/index.php\/wp-json\/wp\/v2\/product\/8201\/revisions\/20545"}],"wp:featuredmedia":[{"embeddable":true,"href":"https:\/\/elsalvadorllantas.com\/index.php\/wp-json\/wp\/v2\/media\/9181"}],"wp:attachment":[{"href":"https:\/\/elsalvadorllantas.com\/index.php\/wp-json\/wp\/v2\/media?parent=8201"}],"wp:term":[{"taxonomy":"product_brand","embeddable":true,"href":"https:\/\/elsalvadorllantas.com\/index.php\/wp-json\/wp\/v2\/product_brand?post=8201"},{"taxonomy":"product_cat","embeddable":true,"href":"https:\/\/elsalvadorllantas.com\/index.php\/wp-json\/wp\/v2\/product_cat?post=8201"},{"taxonomy":"product_tag","embeddable":true,"href":"https:\/\/elsalvadorllantas.com\/index.php\/wp-json\/wp\/v2\/product_tag?post=8201"}],"curies":[{"name":"wp","href":"https:\/\/api.w.org\/{rel}","templated":true}]}}