{"id":8235,"date":"2021-08-24T17:09:08","date_gmt":"2021-08-24T23:09:08","guid":{"rendered":"https:\/\/elsalvadorllantas.com\/index.php\/product\/toyo-205-50-r17-pxtr1\/"},"modified":"2026-04-08T03:11:14","modified_gmt":"2026-04-08T09:11:14","slug":"toyo-205-50-r17-pxtr1","status":"publish","type":"product","link":"https:\/\/elsalvadorllantas.com\/index.php\/producto\/toyo-205-50-r17-pxtr1\/","title":{"rendered":"Toyo 205\/50 R17 PXTR1"},"content":{"rendered":"<table style=\"height: 67px;\" border=\"2\" width=\"777\">\n<tbody>\n<tr style=\"text-align: center;\">\n<td>Lonaje<\/td>\n<td>Indice de Carga<\/td>\n<\/tr>\n<tr style=\"text-align: center;\">\n<td><\/td>\n<td>93W<\/td>\n<\/tr>\n<\/tbody>\n<\/table>\n\t\t<div data-elementor-type=\"page\" data-elementor-id=\"11757\" class=\"elementor elementor-11757\" data-elementor-post-type=\"elementor_library\">\n\t\t\t\t\t\t<section class=\"elementor-section elementor-top-section elementor-element elementor-element-7088dc99 elementor-section-height-min-height elementor-section-content-middle elementor-reverse-mobile elementor-section-boxed elementor-section-height-default elementor-section-items-middle\" data-id=\"7088dc99\" data-element_type=\"section\" data-e-type=\"section\" data-settings=\"{&quot;background_background&quot;:&quot;classic&quot;}\">\n\t\t\t\t\t\t\t<div class=\"elementor-background-overlay\"><\/div>\n\t\t\t\t\t\t\t<div class=\"elementor-container elementor-column-gap-no\">\n\t\t\t\t\t<div class=\"elementor-column elementor-col-50 elementor-top-column elementor-element elementor-element-5ee56d87\" data-id=\"5ee56d87\" data-element_type=\"column\" data-e-type=\"column\">\n\t\t\t<div class=\"elementor-widget-wrap elementor-element-populated\">\n\t\t\t\t\t\t<div class=\"elementor-element elementor-element-76daeb6f elementor-widget elementor-widget-video\" data-id=\"76daeb6f\" data-element_type=\"widget\" data-e-type=\"widget\" data-settings=\"{&quot;youtube_url&quot;:&quot;https:\\\/\\\/youtu.be\\\/RFZovvmhr9o&quot;,&quot;video_type&quot;:&quot;youtube&quot;,&quot;controls&quot;:&quot;yes&quot;}\" data-widget_type=\"video.default\">\n\t\t\t\t<div class=\"elementor-widget-container\">\n\t\t\t\t\t\t\t<div class=\"elementor-wrapper elementor-open-inline\">\n\t\t\t<div class=\"elementor-video\"><\/div>\t\t<\/div>\n\t\t\t\t\t\t<\/div>\n\t\t\t\t<\/div>\n\t\t\t\t\t<\/div>\n\t\t<\/div>\n\t\t\t\t<div class=\"elementor-column elementor-col-50 elementor-top-column elementor-element elementor-element-4cfec26e\" data-id=\"4cfec26e\" data-element_type=\"column\" data-e-type=\"column\">\n\t\t\t<div class=\"elementor-widget-wrap elementor-element-populated\">\n\t\t\t\t\t\t<div class=\"elementor-element elementor-element-149504c5 elementor-widget elementor-widget-image\" data-id=\"149504c5\" data-element_type=\"widget\" data-e-type=\"widget\" data-widget_type=\"image.default\">\n\t\t\t\t<div class=\"elementor-widget-container\">\n\t\t\t\t\t\t\t\t\t\t\t\t\t\t\t<img fetchpriority=\"high\" decoding=\"async\" width=\"1024\" height=\"65\" src=\"https:\/\/elsalvadorllantas.com\/wp-content\/uploads\/2022\/01\/ProxesTR1.png\" class=\"attachment-large size-large wp-image-11710\" alt=\"ProxesTR1\" srcset=\"https:\/\/elsalvadorllantas.com\/wp-content\/uploads\/2022\/01\/ProxesTR1.png 1024w, https:\/\/elsalvadorllantas.com\/wp-content\/uploads\/2022\/01\/ProxesTR1-300x19.png 300w, https:\/\/elsalvadorllantas.com\/wp-content\/uploads\/2022\/01\/ProxesTR1-768x49.png 768w, https:\/\/elsalvadorllantas.com\/wp-content\/uploads\/2022\/01\/ProxesTR1-600x38.png 600w, https:\/\/elsalvadorllantas.com\/wp-content\/uploads\/2022\/01\/ProxesTR1-64x4.png 64w\" sizes=\"(max-width: 1024px) 100vw, 1024px\" \/>\t\t\t\t\t\t\t\t\t\t\t\t\t\t\t<\/div>\n\t\t\t\t<\/div>\n\t\t\t\t<div class=\"elementor-element elementor-element-136c3301 elementor-widget elementor-widget-text-editor\" data-id=\"136c3301\" data-element_type=\"widget\" data-e-type=\"widget\" data-widget_type=\"text-editor.default\">\n\t\t\t\t<div class=\"elementor-widget-container\">\n\t\t\t\t\t\t\t\t\t<p>Proxes TR1 es la m\u00e1s reciente versi\u00f3n del neum\u00e1tico de Ultra High Performance (UHP), que tiene como objetivo ofrecer una experiencia real de \u201cconducci\u00f3n divertida\u201d a los entusiastas del automovilismo y para quienes han sido propietarios de un sedan deportivo a lo largo de generaciones.<\/p><p>El atractivo dise\u00f1o de su banda de rodadura fascina a gran variedad de clientes para eventos, ya sea en un d\u00eda en la pista o en el placer de conducir un fin de semana.<\/p>\t\t\t\t\t\t\t\t<\/div>\n\t\t\t\t<\/div>\n\t\t\t\t\t<\/div>\n\t\t<\/div>\n\t\t\t\t\t<\/div>\n\t\t<\/section>\n\t\t\t\t<section class=\"elementor-section elementor-top-section elementor-element elementor-element-396f5bbe elementor-section-content-middle elementor-section-boxed elementor-section-height-default elementor-section-height-default\" data-id=\"396f5bbe\" data-element_type=\"section\" data-e-type=\"section\" data-settings=\"{&quot;background_background&quot;:&quot;classic&quot;}\">\n\t\t\t\t\t\t\t<div class=\"elementor-background-overlay\"><\/div>\n\t\t\t\t\t\t\t<div class=\"elementor-container elementor-column-gap-no\">\n\t\t\t\t\t<div class=\"elementor-column elementor-col-33 elementor-top-column elementor-element elementor-element-3b158263\" data-id=\"3b158263\" data-element_type=\"column\" data-e-type=\"column\">\n\t\t\t<div class=\"elementor-widget-wrap elementor-element-populated\">\n\t\t\t\t\t\t<div class=\"elementor-element elementor-element-4e31a13c elementor-widget elementor-widget-text-editor\" data-id=\"4e31a13c\" data-element_type=\"widget\" data-e-type=\"widget\" data-widget_type=\"text-editor.default\">\n\t\t\t\t<div class=\"elementor-widget-container\">\n\t\t\t\t\t\t\t\t\t<p>Toyo Proxes TR1<\/p>\t\t\t\t\t\t\t\t<\/div>\n\t\t\t\t<\/div>\n\t\t\t\t<div class=\"elementor-element elementor-element-3a4a434a elementor-widget elementor-widget-heading\" data-id=\"3a4a434a\" data-element_type=\"widget\" data-e-type=\"widget\" data-widget_type=\"heading.default\">\n\t\t\t\t<div class=\"elementor-widget-container\">\n\t\t\t\t\t<h3 class=\"elementor-heading-title elementor-size-default\">CARACTER\u00cdSTICAS Y VENTAJAS\n<\/h3>\t\t\t\t<\/div>\n\t\t\t\t<\/div>\n\t\t\t\t<div class=\"elementor-element elementor-element-1e3dc2dc elementor-widget-divider--view-line elementor-widget elementor-widget-divider\" data-id=\"1e3dc2dc\" data-element_type=\"widget\" data-e-type=\"widget\" data-widget_type=\"divider.default\">\n\t\t\t\t<div class=\"elementor-widget-container\">\n\t\t\t\t\t\t\t<div class=\"elementor-divider\">\n\t\t\t<span class=\"elementor-divider-separator\">\n\t\t\t\t\t\t<\/span>\n\t\t<\/div>\n\t\t\t\t\t\t<\/div>\n\t\t\t\t<\/div>\n\t\t\t\t<div class=\"elementor-element elementor-element-790af6b6 elementor-widget elementor-widget-image\" data-id=\"790af6b6\" data-element_type=\"widget\" data-e-type=\"widget\" data-widget_type=\"image.default\">\n\t\t\t\t<div class=\"elementor-widget-container\">\n\t\t\t\t\t\t\t\t\t\t\t\t\t\t\t<img decoding=\"async\" src=\"https:\/\/www.toyotires.es\/uploads\/label\/ff7e0679dbecd8b7cc23aaae12796213.jpg\" title=\"\" alt=\"\" loading=\"lazy\" \/>\t\t\t\t\t\t\t\t\t\t\t\t\t\t\t<\/div>\n\t\t\t\t<\/div>\n\t\t\t\t<div class=\"elementor-element elementor-element-27b95864 elementor-widget elementor-widget-text-editor\" data-id=\"27b95864\" data-element_type=\"widget\" data-e-type=\"widget\" data-widget_type=\"text-editor.default\">\n\t\t\t\t<div class=\"elementor-widget-container\">\n\t\t\t\t\t\t\t\t\t<p>La etiqueta anterior muestra la gama completa de valores de este producto.<\/p>\t\t\t\t\t\t\t\t<\/div>\n\t\t\t\t<\/div>\n\t\t\t\t\t<\/div>\n\t\t<\/div>\n\t\t\t\t<div class=\"elementor-column elementor-col-33 elementor-top-column elementor-element elementor-element-a4acbca\" data-id=\"a4acbca\" data-element_type=\"column\" data-e-type=\"column\">\n\t\t\t<div class=\"elementor-widget-wrap elementor-element-populated\">\n\t\t\t\t\t\t<div class=\"elementor-element elementor-element-3711c6c8 elementor-widget elementor-widget-image\" data-id=\"3711c6c8\" data-element_type=\"widget\" data-e-type=\"widget\" data-widget_type=\"image.default\">\n\t\t\t\t<div class=\"elementor-widget-container\">\n\t\t\t\t\t\t\t\t\t\t\t\t\t\t\t<img decoding=\"async\" src=\"https:\/\/toyotireslatino.com\/wp-content\/uploads\/2020\/07\/Proxes-TR1-Toyo-Tires-M%C3%A9xico-Latinoamerca-A.jpg\" title=\"\" alt=\"\" class=\"elementor-animation-grow\" loading=\"lazy\" \/>\t\t\t\t\t\t\t\t\t\t\t\t\t\t\t<\/div>\n\t\t\t\t<\/div>\n\t\t\t\t<div class=\"elementor-element elementor-element-1b2cbf59 elementor-widget elementor-widget-text-editor\" data-id=\"1b2cbf59\" data-element_type=\"widget\" data-e-type=\"widget\" data-widget_type=\"text-editor.default\">\n\t\t\t\t<div class=\"elementor-widget-container\">\n\t\t\t\t\t\t\t\t\t<p>El atractivo dise\u00f1o de su banda de rodadura fascina a gran variedad de clientes para eventos, ya sea en un d\u00eda en la pista o en el placer de conducir un fin de semana para quienes han sido propietarios de un sedan deportivo a lo largo de generaciones.<\/p><p><b>RANURA C\u00d3NICA Y EN ZIGZAG<br \/><\/b>Asegura el drenaje del agua y proporciona una buena tracci\u00f3n<\/p><p><b>DOBLE HENDIDURA ABIERTA<br \/><\/b>Asegura el drenaje del agua<\/p><p><b>RANURA INCLINADA<br \/><\/b>Asegura el drenaje del agua<\/p>\t\t\t\t\t\t\t\t<\/div>\n\t\t\t\t<\/div>\n\t\t\t\t\t<\/div>\n\t\t<\/div>\n\t\t\t\t<div class=\"elementor-column elementor-col-33 elementor-top-column elementor-element elementor-element-37c7d672\" data-id=\"37c7d672\" data-element_type=\"column\" data-e-type=\"column\">\n\t\t\t<div class=\"elementor-widget-wrap elementor-element-populated\">\n\t\t\t\t\t\t<div class=\"elementor-element elementor-element-4496b68 elementor-widget elementor-widget-text-editor\" data-id=\"4496b68\" data-element_type=\"widget\" data-e-type=\"widget\" data-widget_type=\"text-editor.default\">\n\t\t\t\t<div class=\"elementor-widget-container\">\n\t\t\t\t\t\t\t\t\t<div class=\"col-xs-12 col-md-12\"><div class=\"tire-feature-item\"><div class=\"tire-feature-item__content\"><h6 class=\"tire-feature-item__heading\">NERVADURA DE ALTA RIGIDEZ Y SURCO C\u00d3NICO DIN\u00c1MICO<\/h6><p>Proporciona estabilidad y agarre firme en curva<\/p><p>Mejor rendimiento de frenada del borde de los surcos<\/p><\/div><\/div><\/div><div class=\"col-xs-12 col-md-12\"><div class=\"tire-feature-item\"><div class=\"tire-feature-item__content\"><h6 class=\"tire-feature-item__heading\">RANURA ANCHA<\/h6><p>Asegura el drenaje del agua<\/p><\/div><\/div><\/div><div class=\"col-xs-12 col-md-12\"><div class=\"tire-feature-item\"><div class=\"tire-feature-item__content\"><h6 class=\"tire-feature-item__heading\">APARIENCIA ESPECIAL DE DESGASTE<\/h6><p>Visualizaci\u00f3n del progreso del desgaste<\/p><\/div><\/div><\/div>\t\t\t\t\t\t\t\t<\/div>\n\t\t\t\t<\/div>\n\t\t\t\t<div class=\"elementor-element elementor-element-35bf5d5 elementor-widget elementor-widget-image\" data-id=\"35bf5d5\" data-element_type=\"widget\" data-e-type=\"widget\" data-widget_type=\"image.default\">\n\t\t\t\t<div class=\"elementor-widget-container\">\n\t\t\t\t\t\t\t\t\t\t\t\t\t\t\t<img decoding=\"async\" src=\"https:\/\/toyotireslatino.com\/wp-content\/uploads\/2020\/07\/Proxes-TR1-Toyo-Tires-M%C3%A9xico-Latinoamerca-B.jpg\" title=\"\" alt=\"\" class=\"elementor-animation-grow\" loading=\"lazy\" \/>\t\t\t\t\t\t\t\t\t\t\t\t\t\t\t<\/div>\n\t\t\t\t<\/div>\n\t\t\t\t\t<\/div>\n\t\t<\/div>\n\t\t\t\t\t<\/div>\n\t\t<\/section>\n\t\t\t\t<section class=\"elementor-section elementor-top-section elementor-element elementor-element-22fdab28 elementor-section-full_width elementor-section-height-default elementor-section-height-default\" data-id=\"22fdab28\" data-element_type=\"section\" data-e-type=\"section\">\n\t\t\t\t\t\t<div class=\"elementor-container elementor-column-gap-default\">\n\t\t\t\t\t<div class=\"elementor-column elementor-col-100 elementor-top-column elementor-element elementor-element-5cf6ef08\" data-id=\"5cf6ef08\" data-element_type=\"column\" data-e-type=\"column\">\n\t\t\t<div class=\"elementor-widget-wrap elementor-element-populated\">\n\t\t\t\t\t\t<div class=\"elementor-element elementor-element-4bba1ac1 elementor-widget elementor-widget-image\" data-id=\"4bba1ac1\" data-element_type=\"widget\" data-e-type=\"widget\" data-widget_type=\"image.default\">\n\t\t\t\t<div class=\"elementor-widget-container\">\n\t\t\t\t\t\t\t\t\t\t\t\t\t\t\t<img decoding=\"async\" src=\"https:\/\/toyotireslatino.com\/wp-content\/uploads\/2020\/08\/TR1_INFOGRAFIA_1-1-1024x284.jpg\" title=\"\" alt=\"\" loading=\"lazy\" \/>\t\t\t\t\t\t\t\t\t\t\t\t\t\t\t<\/div>\n\t\t\t\t<\/div>\n\t\t\t\t\t<\/div>\n\t\t<\/div>\n\t\t\t\t\t<\/div>\n\t\t<\/section>\n\t\t\t\t<\/div>\n\t\t\n","protected":false},"excerpt":{"rendered":"<p>Lonaje Indice de Carga 93W<\/p>\n","protected":false},"featured_media":17979,"template":"","meta":{"_acf_changed":false},"product_brand":[],"product_cat":[2242,1903,2408,1881,2407],"product_tag":[],"class_list":{"0":"post-8235","1":"product","2":"type-product","3":"status-publish","4":"has-post-thumbnail","6":"product_cat-205-50r17","7":"product_cat-pxtr1","8":"product_cat-sedan","9":"product_cat-toyo","10":"product_cat-tipo-vehiculo","12":"first","13":"outofstock","14":"sale","15":"shipping-taxable","16":"purchasable","17":"product-type-simple"},"acf":[],"yoast_head":"<!-- This site is optimized with the Yoast SEO plugin v26.8 - https:\/\/yoast.com\/product\/yoast-seo-wordpress\/ -->\r\n<title>Toyo 205\/50 R17 PXTR1 - Centro de Servicio Do\u00f1o<\/title>\r\n<meta name=\"description\" content=\"El neum\u00e1tico 205\/50 R17 PXTR1 tiene como objetivo ofrecer una experiencia real de \u201cconducci\u00f3n divertida\u201d a los entusiastas del automovilismo.\" \/>\r\n<meta name=\"robots\" content=\"index, follow, max-snippet:-1, max-image-preview:large, max-video-preview:-1\" \/>\r\n<link rel=\"canonical\" href=\"https:\/\/elsalvadorllantas.com\/index.php\/producto\/toyo-205-50-r17-pxtr1\/\" \/>\r\n<meta property=\"og:locale\" content=\"es_ES\" \/>\r\n<meta property=\"og:type\" content=\"article\" \/>\r\n<meta property=\"og:title\" content=\"Toyo 205\/50 R17 PXTR1 - Centro de Servicio Do\u00f1o\" \/>\r\n<meta property=\"og:description\" content=\"El neum\u00e1tico 205\/50 R17 PXTR1 tiene como objetivo ofrecer una experiencia real de \u201cconducci\u00f3n divertida\u201d a los entusiastas del automovilismo.\" \/>\r\n<meta property=\"og:url\" content=\"https:\/\/elsalvadorllantas.com\/index.php\/producto\/toyo-205-50-r17-pxtr1\/\" \/>\r\n<meta property=\"og:site_name\" content=\"Centro de Servicio Do\u00f1o\" \/>\r\n<meta property=\"article:modified_time\" content=\"2026-04-08T09:11:14+00:00\" \/>\r\n<meta property=\"og:image\" content=\"https:\/\/elsalvadorllantas.com\/wp-content\/uploads\/2022\/01\/TR1-Toyo-Tires.jpg\" \/>\r\n\t<meta property=\"og:image:width\" content=\"1200\" \/>\r\n\t<meta property=\"og:image:height\" content=\"1200\" \/>\r\n\t<meta property=\"og:image:type\" content=\"image\/jpeg\" \/>\r\n<meta name=\"twitter:card\" content=\"summary_large_image\" \/>\r\n<script type=\"application\/ld+json\" class=\"yoast-schema-graph\">{\"@context\":\"https:\/\/schema.org\",\"@graph\":[{\"@type\":\"WebPage\",\"@id\":\"https:\/\/elsalvadorllantas.com\/index.php\/producto\/toyo-205-50-r17-pxtr1\/\",\"url\":\"https:\/\/elsalvadorllantas.com\/index.php\/producto\/toyo-205-50-r17-pxtr1\/\",\"name\":\"Toyo 205\/50 R17 PXTR1 - Centro de Servicio Do\u00f1o\",\"isPartOf\":{\"@id\":\"https:\/\/elsalvadorllantas.com\/#website\"},\"primaryImageOfPage\":{\"@id\":\"https:\/\/elsalvadorllantas.com\/index.php\/producto\/toyo-205-50-r17-pxtr1\/#primaryimage\"},\"image\":{\"@id\":\"https:\/\/elsalvadorllantas.com\/index.php\/producto\/toyo-205-50-r17-pxtr1\/#primaryimage\"},\"thumbnailUrl\":\"https:\/\/elsalvadorllantas.com\/wp-content\/uploads\/2023\/09\/TOYO-PROXES-TR1-V2.jpg\",\"datePublished\":\"2021-08-24T23:09:08+00:00\",\"dateModified\":\"2026-04-08T09:11:14+00:00\",\"description\":\"El neum\u00e1tico 205\/50 R17 PXTR1 tiene como objetivo ofrecer una experiencia real de \u201cconducci\u00f3n divertida\u201d a los entusiastas del automovilismo.\",\"breadcrumb\":{\"@id\":\"https:\/\/elsalvadorllantas.com\/index.php\/producto\/toyo-205-50-r17-pxtr1\/#breadcrumb\"},\"inLanguage\":\"es\",\"potentialAction\":[{\"@type\":\"ReadAction\",\"target\":[\"https:\/\/elsalvadorllantas.com\/index.php\/producto\/toyo-205-50-r17-pxtr1\/\"]}]},{\"@type\":\"ImageObject\",\"inLanguage\":\"es\",\"@id\":\"https:\/\/elsalvadorllantas.com\/index.php\/producto\/toyo-205-50-r17-pxtr1\/#primaryimage\",\"url\":\"https:\/\/elsalvadorllantas.com\/wp-content\/uploads\/2023\/09\/TOYO-PROXES-TR1-V2.jpg\",\"contentUrl\":\"https:\/\/elsalvadorllantas.com\/wp-content\/uploads\/2023\/09\/TOYO-PROXES-TR1-V2.jpg\",\"width\":1200,\"height\":1200},{\"@type\":\"BreadcrumbList\",\"@id\":\"https:\/\/elsalvadorllantas.com\/index.php\/producto\/toyo-205-50-r17-pxtr1\/#breadcrumb\",\"itemListElement\":[{\"@type\":\"ListItem\",\"position\":1,\"name\":\"Inicio\",\"item\":\"https:\/\/elsalvadorllantas.com\/\"},{\"@type\":\"ListItem\",\"position\":2,\"name\":\"Tienda en linea\",\"item\":\"https:\/\/elsalvadorllantas.com\/index.php\/tienda-en-linea\/\"},{\"@type\":\"ListItem\",\"position\":3,\"name\":\"Toyo 205\/50 R17 PXTR1\"}]},{\"@type\":\"WebSite\",\"@id\":\"https:\/\/elsalvadorllantas.com\/#website\",\"url\":\"https:\/\/elsalvadorllantas.com\/\",\"name\":\"Centro de Servicio Do\u00f1o\",\"description\":\"Venta de Llantas Nuevas - \u00a1Cotiza Ya!\",\"publisher\":{\"@id\":\"https:\/\/elsalvadorllantas.com\/#organization\"},\"potentialAction\":[{\"@type\":\"SearchAction\",\"target\":{\"@type\":\"EntryPoint\",\"urlTemplate\":\"https:\/\/elsalvadorllantas.com\/?s={search_term_string}\"},\"query-input\":{\"@type\":\"PropertyValueSpecification\",\"valueRequired\":true,\"valueName\":\"search_term_string\"}}],\"inLanguage\":\"es\"},{\"@type\":\"Organization\",\"@id\":\"https:\/\/elsalvadorllantas.com\/#organization\",\"name\":\"Centro de Servicio Do\u00f1o\",\"url\":\"https:\/\/elsalvadorllantas.com\/\",\"logo\":{\"@type\":\"ImageObject\",\"inLanguage\":\"es\",\"@id\":\"https:\/\/elsalvadorllantas.com\/#\/schema\/logo\/image\/\",\"url\":\"https:\/\/elsalvadorllantas.com\/wp-content\/uploads\/2021\/12\/Logo_Don\u0303o_Editable-CMYK-2.png\",\"contentUrl\":\"https:\/\/elsalvadorllantas.com\/wp-content\/uploads\/2021\/12\/Logo_Don\u0303o_Editable-CMYK-2.png\",\"width\":2139,\"height\":779,\"caption\":\"Centro de Servicio Do\u00f1o\"},\"image\":{\"@id\":\"https:\/\/elsalvadorllantas.com\/#\/schema\/logo\/image\/\"}}]}<\/script>\r\n<!-- \/ Yoast SEO plugin. -->","yoast_head_json":{"title":"Toyo 205\/50 R17 PXTR1 - Centro de Servicio Do\u00f1o","description":"El neum\u00e1tico 205\/50 R17 PXTR1 tiene como objetivo ofrecer una experiencia real de \u201cconducci\u00f3n divertida\u201d a los entusiastas del automovilismo.","robots":{"index":"index","follow":"follow","max-snippet":"max-snippet:-1","max-image-preview":"max-image-preview:large","max-video-preview":"max-video-preview:-1"},"canonical":"https:\/\/elsalvadorllantas.com\/index.php\/producto\/toyo-205-50-r17-pxtr1\/","og_locale":"es_ES","og_type":"article","og_title":"Toyo 205\/50 R17 PXTR1 - Centro de Servicio Do\u00f1o","og_description":"El neum\u00e1tico 205\/50 R17 PXTR1 tiene como objetivo ofrecer una experiencia real de \u201cconducci\u00f3n divertida\u201d a los entusiastas del automovilismo.","og_url":"https:\/\/elsalvadorllantas.com\/index.php\/producto\/toyo-205-50-r17-pxtr1\/","og_site_name":"Centro de Servicio Do\u00f1o","article_modified_time":"2026-04-08T09:11:14+00:00","og_image":[{"width":1200,"height":1200,"url":"https:\/\/elsalvadorllantas.com\/wp-content\/uploads\/2022\/01\/TR1-Toyo-Tires.jpg","type":"image\/jpeg"}],"twitter_card":"summary_large_image","schema":{"@context":"https:\/\/schema.org","@graph":[{"@type":"WebPage","@id":"https:\/\/elsalvadorllantas.com\/index.php\/producto\/toyo-205-50-r17-pxtr1\/","url":"https:\/\/elsalvadorllantas.com\/index.php\/producto\/toyo-205-50-r17-pxtr1\/","name":"Toyo 205\/50 R17 PXTR1 - Centro de Servicio Do\u00f1o","isPartOf":{"@id":"https:\/\/elsalvadorllantas.com\/#website"},"primaryImageOfPage":{"@id":"https:\/\/elsalvadorllantas.com\/index.php\/producto\/toyo-205-50-r17-pxtr1\/#primaryimage"},"image":{"@id":"https:\/\/elsalvadorllantas.com\/index.php\/producto\/toyo-205-50-r17-pxtr1\/#primaryimage"},"thumbnailUrl":"https:\/\/elsalvadorllantas.com\/wp-content\/uploads\/2023\/09\/TOYO-PROXES-TR1-V2.jpg","datePublished":"2021-08-24T23:09:08+00:00","dateModified":"2026-04-08T09:11:14+00:00","description":"El neum\u00e1tico 205\/50 R17 PXTR1 tiene como objetivo ofrecer una experiencia real de \u201cconducci\u00f3n divertida\u201d a los entusiastas del automovilismo.","breadcrumb":{"@id":"https:\/\/elsalvadorllantas.com\/index.php\/producto\/toyo-205-50-r17-pxtr1\/#breadcrumb"},"inLanguage":"es","potentialAction":[{"@type":"ReadAction","target":["https:\/\/elsalvadorllantas.com\/index.php\/producto\/toyo-205-50-r17-pxtr1\/"]}]},{"@type":"ImageObject","inLanguage":"es","@id":"https:\/\/elsalvadorllantas.com\/index.php\/producto\/toyo-205-50-r17-pxtr1\/#primaryimage","url":"https:\/\/elsalvadorllantas.com\/wp-content\/uploads\/2023\/09\/TOYO-PROXES-TR1-V2.jpg","contentUrl":"https:\/\/elsalvadorllantas.com\/wp-content\/uploads\/2023\/09\/TOYO-PROXES-TR1-V2.jpg","width":1200,"height":1200},{"@type":"BreadcrumbList","@id":"https:\/\/elsalvadorllantas.com\/index.php\/producto\/toyo-205-50-r17-pxtr1\/#breadcrumb","itemListElement":[{"@type":"ListItem","position":1,"name":"Inicio","item":"https:\/\/elsalvadorllantas.com\/"},{"@type":"ListItem","position":2,"name":"Tienda en linea","item":"https:\/\/elsalvadorllantas.com\/index.php\/tienda-en-linea\/"},{"@type":"ListItem","position":3,"name":"Toyo 205\/50 R17 PXTR1"}]},{"@type":"WebSite","@id":"https:\/\/elsalvadorllantas.com\/#website","url":"https:\/\/elsalvadorllantas.com\/","name":"Centro de Servicio Do\u00f1o","description":"Venta de Llantas Nuevas - \u00a1Cotiza Ya!","publisher":{"@id":"https:\/\/elsalvadorllantas.com\/#organization"},"potentialAction":[{"@type":"SearchAction","target":{"@type":"EntryPoint","urlTemplate":"https:\/\/elsalvadorllantas.com\/?s={search_term_string}"},"query-input":{"@type":"PropertyValueSpecification","valueRequired":true,"valueName":"search_term_string"}}],"inLanguage":"es"},{"@type":"Organization","@id":"https:\/\/elsalvadorllantas.com\/#organization","name":"Centro de Servicio Do\u00f1o","url":"https:\/\/elsalvadorllantas.com\/","logo":{"@type":"ImageObject","inLanguage":"es","@id":"https:\/\/elsalvadorllantas.com\/#\/schema\/logo\/image\/","url":"https:\/\/elsalvadorllantas.com\/wp-content\/uploads\/2021\/12\/Logo_Don\u0303o_Editable-CMYK-2.png","contentUrl":"https:\/\/elsalvadorllantas.com\/wp-content\/uploads\/2021\/12\/Logo_Don\u0303o_Editable-CMYK-2.png","width":2139,"height":779,"caption":"Centro de Servicio Do\u00f1o"},"image":{"@id":"https:\/\/elsalvadorllantas.com\/#\/schema\/logo\/image\/"}}]}},"_links":{"self":[{"href":"https:\/\/elsalvadorllantas.com\/index.php\/wp-json\/wp\/v2\/product\/8235","targetHints":{"allow":["GET"]}}],"collection":[{"href":"https:\/\/elsalvadorllantas.com\/index.php\/wp-json\/wp\/v2\/product"}],"about":[{"href":"https:\/\/elsalvadorllantas.com\/index.php\/wp-json\/wp\/v2\/types\/product"}],"version-history":[{"count":0,"href":"https:\/\/elsalvadorllantas.com\/index.php\/wp-json\/wp\/v2\/product\/8235\/revisions"}],"wp:featuredmedia":[{"embeddable":true,"href":"https:\/\/elsalvadorllantas.com\/index.php\/wp-json\/wp\/v2\/media\/17979"}],"wp:attachment":[{"href":"https:\/\/elsalvadorllantas.com\/index.php\/wp-json\/wp\/v2\/media?parent=8235"}],"wp:term":[{"taxonomy":"product_brand","embeddable":true,"href":"https:\/\/elsalvadorllantas.com\/index.php\/wp-json\/wp\/v2\/product_brand?post=8235"},{"taxonomy":"product_cat","embeddable":true,"href":"https:\/\/elsalvadorllantas.com\/index.php\/wp-json\/wp\/v2\/product_cat?post=8235"},{"taxonomy":"product_tag","embeddable":true,"href":"https:\/\/elsalvadorllantas.com\/index.php\/wp-json\/wp\/v2\/product_tag?post=8235"}],"curies":[{"name":"wp","href":"https:\/\/api.w.org\/{rel}","templated":true}]}}