{"id":8250,"date":"2021-08-24T23:09:36","date_gmt":"2021-08-24T23:09:36","guid":{"rendered":"https:\/\/elsalvadorllantas.com\/index.php\/product\/toyo-235-75-r15-opht-6pr\/"},"modified":"2026-04-13T23:32:00","modified_gmt":"2026-04-14T05:32:00","slug":"toyo-235-75-r15-opht-6pr","status":"publish","type":"product","link":"https:\/\/elsalvadorllantas.com\/index.php\/producto\/toyo-235-75-r15-opht-6pr\/","title":{"rendered":"Toyo 235\/75 R15 OPHT 6PR"},"content":{"rendered":"<table style=\"height: 67px;\" border=\"2\" width=\"777\">\n<tbody>\n<tr style=\"text-align: center;\">\n<td>Lonaje<\/td>\n<td>Indice de Carga<\/td>\n<\/tr>\n<tr style=\"text-align: center;\">\n<td>6PR<\/td>\n<td>104S<\/td>\n<\/tr>\n<\/tbody>\n<\/table>\n<h1><img decoding=\"async\" class=\"alignnone wp-image-8832\" src=\"https:\/\/elsalvadorllantas.com\/wp-content\/uploads\/2021\/08\/TOYO-OPTH.1-300x300.jpg\" alt=\"\" width=\"169\" height=\"169\" srcset=\"https:\/\/elsalvadorllantas.com\/wp-content\/uploads\/2021\/08\/TOYO-OPTH.1-300x300.jpg 300w, https:\/\/elsalvadorllantas.com\/wp-content\/uploads\/2021\/08\/TOYO-OPTH.1-150x150.jpg 150w, https:\/\/elsalvadorllantas.com\/wp-content\/uploads\/2021\/08\/TOYO-OPTH.1-350x350.jpg 350w, https:\/\/elsalvadorllantas.com\/wp-content\/uploads\/2021\/08\/TOYO-OPTH.1-100x100.jpg 100w, https:\/\/elsalvadorllantas.com\/wp-content\/uploads\/2021\/08\/TOYO-OPTH.1-64x64.jpg 64w, https:\/\/elsalvadorllantas.com\/wp-content\/uploads\/2021\/08\/TOYO-OPTH.1.jpg 512w\" sizes=\"(max-width: 169px) 100vw, 169px\" loading=\"lazy\" \/><\/h1>\n<h1>Modelo OPHT<\/h1>\n<p>El Open Country H\/T logra un equilibrio entre el millaje, la maniobrabilidad y la comodidad de paseo tanto en ciudad como en carretera. Este neum\u00e1tico para todas las estaciones est\u00e1 disponible en una amplia gama de tama\u00f1os de equipos originales.<\/p>\n<h2>Generalidades<\/h2>\n<p>Surcos de m\u00faltiples ondas de profundidad completa minimizan al desgaste.\u00a0Continua brindando ayuda con la tracci\u00f3n en mojado y nieve a medida que se desgasta el neum\u00e1tico<\/p>\n<h2>Beneficios<\/h2>\n<ul>\n<li>Compuesto de banda de rodadura resistente al desgaste.<\/li>\n<li>Nervadura de estabilidad en el \u00e1rea del hombro que promueve un desgaste parejo.<\/li>\n<li>Dos ranuras de evacuaci\u00f3n profundas.<\/li>\n<\/ul>\n<p><img decoding=\"async\" class=\"alignnone wp-image-8836\" src=\"https:\/\/elsalvadorllantas.com\/wp-content\/uploads\/2021\/08\/TOYO-OPTH.5-129x300.jpg\" alt=\"\" width=\"71\" height=\"165\" srcset=\"https:\/\/elsalvadorllantas.com\/wp-content\/uploads\/2021\/08\/TOYO-OPTH.5-129x300.jpg 129w, https:\/\/elsalvadorllantas.com\/wp-content\/uploads\/2021\/08\/TOYO-OPTH.5-64x149.jpg 64w, https:\/\/elsalvadorllantas.com\/wp-content\/uploads\/2021\/08\/TOYO-OPTH.5.jpg 344w\" sizes=\"(max-width: 71px) 100vw, 71px\" loading=\"lazy\" \/><img decoding=\"async\" class=\"alignnone wp-image-8835\" src=\"https:\/\/elsalvadorllantas.com\/wp-content\/uploads\/2021\/08\/TOYO-OPTH.4-232x300.jpg\" alt=\"\" width=\"129\" height=\"167\" srcset=\"https:\/\/elsalvadorllantas.com\/wp-content\/uploads\/2021\/08\/TOYO-OPTH.4-232x300.jpg 232w, https:\/\/elsalvadorllantas.com\/wp-content\/uploads\/2021\/08\/TOYO-OPTH.4-600x777.jpg 600w, https:\/\/elsalvadorllantas.com\/wp-content\/uploads\/2021\/08\/TOYO-OPTH.4-64x83.jpg 64w, https:\/\/elsalvadorllantas.com\/wp-content\/uploads\/2021\/08\/TOYO-OPTH.4.jpg 618w\" sizes=\"(max-width: 129px) 100vw, 129px\" loading=\"lazy\" \/><img loading=\"lazy\" decoding=\"async\" class=\"alignnone wp-image-8834\" src=\"https:\/\/elsalvadorllantas.com\/wp-content\/uploads\/2021\/08\/TOYO-OPTH.3-300x300.jpg\" alt=\"\" width=\"164\" height=\"164\" srcset=\"https:\/\/elsalvadorllantas.com\/wp-content\/uploads\/2021\/08\/TOYO-OPTH.3-300x300.jpg 300w, https:\/\/elsalvadorllantas.com\/wp-content\/uploads\/2021\/08\/TOYO-OPTH.3-150x150.jpg 150w, https:\/\/elsalvadorllantas.com\/wp-content\/uploads\/2021\/08\/TOYO-OPTH.3-768x768.jpg 768w, https:\/\/elsalvadorllantas.com\/wp-content\/uploads\/2021\/08\/TOYO-OPTH.3-350x350.jpg 350w, https:\/\/elsalvadorllantas.com\/wp-content\/uploads\/2021\/08\/TOYO-OPTH.3-600x600.jpg 600w, https:\/\/elsalvadorllantas.com\/wp-content\/uploads\/2021\/08\/TOYO-OPTH.3-100x100.jpg 100w, https:\/\/elsalvadorllantas.com\/wp-content\/uploads\/2021\/08\/TOYO-OPTH.3-64x64.jpg 64w, https:\/\/elsalvadorllantas.com\/wp-content\/uploads\/2021\/08\/TOYO-OPTH.3.jpg 800w\" sizes=\"(max-width: 164px) 100vw, 164px\" \/><\/p>\n<h2>Caracter\u00edsticas de desempe\u00f1o<\/h2>\n<ul>\n<li>Mejor maniobrabilidad en carretera.<\/li>\n<li>Mejor maniobrabilidad fuera de carretera.<\/li>\n<li>Menos ruido.<\/li>\n<li>Comodidad de paseo.<\/li>\n<li>Vida \u00fatil de la banda de rodadura<\/li>\n<\/ul>\n<h2>Caracter\u00edsticas y beneficios de la construcci\u00f3n.<\/h2>\n<p><img loading=\"lazy\" decoding=\"async\" class=\"alignnone wp-image-8837\" src=\"https:\/\/elsalvadorllantas.com\/wp-content\/uploads\/2021\/08\/TOYO-OPTH.6-300x168.jpg\" alt=\"\" width=\"370\" height=\"207\" srcset=\"https:\/\/elsalvadorllantas.com\/wp-content\/uploads\/2021\/08\/TOYO-OPTH.6-300x168.jpg 300w, https:\/\/elsalvadorllantas.com\/wp-content\/uploads\/2021\/08\/TOYO-OPTH.6-1024x576.jpg 1024w, https:\/\/elsalvadorllantas.com\/wp-content\/uploads\/2021\/08\/TOYO-OPTH.6-768x429.jpg 768w, https:\/\/elsalvadorllantas.com\/wp-content\/uploads\/2021\/08\/TOYO-OPTH.6-384x216.jpg 384w, https:\/\/elsalvadorllantas.com\/wp-content\/uploads\/2021\/08\/TOYO-OPTH.6-640x360.jpg 640w, https:\/\/elsalvadorllantas.com\/wp-content\/uploads\/2021\/08\/TOYO-OPTH.6-600x335.jpg 600w, https:\/\/elsalvadorllantas.com\/wp-content\/uploads\/2021\/08\/TOYO-OPTH.6-64x36.jpg 64w, https:\/\/elsalvadorllantas.com\/wp-content\/uploads\/2021\/08\/TOYO-OPTH.6.jpg 1139w\" sizes=\"(max-width: 370px) 100vw, 370px\" \/><\/p>\n","protected":false},"excerpt":{"rendered":"<p>Lonaje Indice de Carga 6PR 104S Modelo OPHT El Open Country H\/T logra un equilibrio entre el millaje, la maniobrabilidad y la comodidad de paseo tanto en ciudad como en carretera. Este neum\u00e1tico para todas las estaciones est\u00e1 disponible en una amplia gama de tama\u00f1os de equipos originales. Generalidades Surcos de m\u00faltiples ondas de profundidad<br \/><a class=\"more-link\" href=\"https:\/\/elsalvadorllantas.com\/index.php\/producto\/toyo-235-75-r15-opht-6pr\/\"><br \/>\n        Ver m\u00e1s<span class=\"screen-reader-text\"> \u00abToyo 235\/75 R15 OPHT 6PR\u00bb<\/span><\/a><\/p>\n","protected":false},"featured_media":6718,"template":"","meta":{"_acf_changed":false},"product_brand":[],"product_cat":[2284,1905,2409,1881,2407],"product_tag":[],"class_list":{"0":"post-8250","1":"product","2":"type-product","3":"status-publish","4":"has-post-thumbnail","6":"product_cat-235-75r15","7":"product_cat-opht","8":"product_cat-pick-upcamioneta","9":"product_cat-toyo","10":"product_cat-tipo-vehiculo","12":"first","13":"outofstock","14":"sale","15":"shipping-taxable","16":"purchasable","17":"product-type-simple"},"acf":[],"yoast_head":"<!-- This site is optimized with the Yoast SEO plugin v26.8 - https:\/\/yoast.com\/product\/yoast-seo-wordpress\/ -->\r\n<title>Toyo 235\/75 R15 OPHT 6PR - Centro de Servicio Do\u00f1o<\/title>\r\n<meta name=\"description\" content=\"El Open Country H\/T logra un equilibrio entre el millaje, la maniobrabilidad y la comodidad de paseo tanto en ciudad como en carretera\" \/>\r\n<meta name=\"robots\" content=\"index, follow, max-snippet:-1, max-image-preview:large, max-video-preview:-1\" \/>\r\n<link rel=\"canonical\" href=\"https:\/\/elsalvadorllantas.com\/index.php\/producto\/toyo-235-75-r15-opht-6pr\/\" \/>\r\n<meta property=\"og:locale\" content=\"es_ES\" \/>\r\n<meta property=\"og:type\" content=\"article\" \/>\r\n<meta property=\"og:title\" content=\"Toyo 235\/75 R15 OPHT 6PR - Centro de Servicio Do\u00f1o\" \/>\r\n<meta property=\"og:description\" content=\"El Open Country H\/T logra un equilibrio entre el millaje, la maniobrabilidad y la comodidad de paseo tanto en ciudad como en carretera\" \/>\r\n<meta property=\"og:url\" content=\"https:\/\/elsalvadorllantas.com\/index.php\/producto\/toyo-235-75-r15-opht-6pr\/\" \/>\r\n<meta property=\"og:site_name\" content=\"Centro de Servicio Do\u00f1o\" \/>\r\n<meta property=\"article:modified_time\" content=\"2026-04-14T05:32:00+00:00\" \/>\r\n<meta property=\"og:image\" content=\"https:\/\/elsalvadorllantas.com\/wp-content\/uploads\/2021\/07\/Toyo-Tires-OPAT-HT.jpg\" \/>\r\n\t<meta property=\"og:image:width\" content=\"1200\" \/>\r\n\t<meta property=\"og:image:height\" content=\"1200\" \/>\r\n\t<meta property=\"og:image:type\" content=\"image\/jpeg\" \/>\r\n<meta name=\"twitter:card\" content=\"summary_large_image\" \/>\r\n<meta name=\"twitter:label1\" content=\"Tiempo de lectura\" \/>\n\t<meta name=\"twitter:data1\" content=\"1 minuto\" \/>\r\n<script type=\"application\/ld+json\" class=\"yoast-schema-graph\">{\"@context\":\"https:\/\/schema.org\",\"@graph\":[{\"@type\":\"WebPage\",\"@id\":\"https:\/\/elsalvadorllantas.com\/index.php\/producto\/toyo-235-75-r15-opht-6pr\/\",\"url\":\"https:\/\/elsalvadorllantas.com\/index.php\/producto\/toyo-235-75-r15-opht-6pr\/\",\"name\":\"Toyo 235\/75 R15 OPHT 6PR - Centro de Servicio Do\u00f1o\",\"isPartOf\":{\"@id\":\"https:\/\/elsalvadorllantas.com\/#website\"},\"primaryImageOfPage\":{\"@id\":\"https:\/\/elsalvadorllantas.com\/index.php\/producto\/toyo-235-75-r15-opht-6pr\/#primaryimage\"},\"image\":{\"@id\":\"https:\/\/elsalvadorllantas.com\/index.php\/producto\/toyo-235-75-r15-opht-6pr\/#primaryimage\"},\"thumbnailUrl\":\"https:\/\/elsalvadorllantas.com\/wp-content\/uploads\/2021\/07\/Toyo-Tires-OPAT-HT.jpg\",\"datePublished\":\"2021-08-24T23:09:36+00:00\",\"dateModified\":\"2026-04-14T05:32:00+00:00\",\"description\":\"El Open Country H\/T logra un equilibrio entre el millaje, la maniobrabilidad y la comodidad de paseo tanto en ciudad como en carretera\",\"breadcrumb\":{\"@id\":\"https:\/\/elsalvadorllantas.com\/index.php\/producto\/toyo-235-75-r15-opht-6pr\/#breadcrumb\"},\"inLanguage\":\"es\",\"potentialAction\":[{\"@type\":\"ReadAction\",\"target\":[\"https:\/\/elsalvadorllantas.com\/index.php\/producto\/toyo-235-75-r15-opht-6pr\/\"]}]},{\"@type\":\"ImageObject\",\"inLanguage\":\"es\",\"@id\":\"https:\/\/elsalvadorllantas.com\/index.php\/producto\/toyo-235-75-r15-opht-6pr\/#primaryimage\",\"url\":\"https:\/\/elsalvadorllantas.com\/wp-content\/uploads\/2021\/07\/Toyo-Tires-OPAT-HT.jpg\",\"contentUrl\":\"https:\/\/elsalvadorllantas.com\/wp-content\/uploads\/2021\/07\/Toyo-Tires-OPAT-HT.jpg\",\"width\":1200,\"height\":1200},{\"@type\":\"BreadcrumbList\",\"@id\":\"https:\/\/elsalvadorllantas.com\/index.php\/producto\/toyo-235-75-r15-opht-6pr\/#breadcrumb\",\"itemListElement\":[{\"@type\":\"ListItem\",\"position\":1,\"name\":\"Inicio\",\"item\":\"https:\/\/elsalvadorllantas.com\/\"},{\"@type\":\"ListItem\",\"position\":2,\"name\":\"Tienda en linea\",\"item\":\"https:\/\/elsalvadorllantas.com\/index.php\/tienda-en-linea\/\"},{\"@type\":\"ListItem\",\"position\":3,\"name\":\"Toyo 235\/75 R15 OPHT 6PR\"}]},{\"@type\":\"WebSite\",\"@id\":\"https:\/\/elsalvadorllantas.com\/#website\",\"url\":\"https:\/\/elsalvadorllantas.com\/\",\"name\":\"Centro de Servicio Do\u00f1o\",\"description\":\"Venta de Llantas Nuevas - \u00a1Cotiza Ya!\",\"publisher\":{\"@id\":\"https:\/\/elsalvadorllantas.com\/#organization\"},\"potentialAction\":[{\"@type\":\"SearchAction\",\"target\":{\"@type\":\"EntryPoint\",\"urlTemplate\":\"https:\/\/elsalvadorllantas.com\/?s={search_term_string}\"},\"query-input\":{\"@type\":\"PropertyValueSpecification\",\"valueRequired\":true,\"valueName\":\"search_term_string\"}}],\"inLanguage\":\"es\"},{\"@type\":\"Organization\",\"@id\":\"https:\/\/elsalvadorllantas.com\/#organization\",\"name\":\"Centro de Servicio Do\u00f1o\",\"url\":\"https:\/\/elsalvadorllantas.com\/\",\"logo\":{\"@type\":\"ImageObject\",\"inLanguage\":\"es\",\"@id\":\"https:\/\/elsalvadorllantas.com\/#\/schema\/logo\/image\/\",\"url\":\"https:\/\/elsalvadorllantas.com\/wp-content\/uploads\/2021\/12\/Logo_Don\u0303o_Editable-CMYK-2.png\",\"contentUrl\":\"https:\/\/elsalvadorllantas.com\/wp-content\/uploads\/2021\/12\/Logo_Don\u0303o_Editable-CMYK-2.png\",\"width\":2139,\"height\":779,\"caption\":\"Centro de Servicio Do\u00f1o\"},\"image\":{\"@id\":\"https:\/\/elsalvadorllantas.com\/#\/schema\/logo\/image\/\"}}]}<\/script>\r\n<!-- \/ Yoast SEO plugin. -->","yoast_head_json":{"title":"Toyo 235\/75 R15 OPHT 6PR - Centro de Servicio Do\u00f1o","description":"El Open Country H\/T logra un equilibrio entre el millaje, la maniobrabilidad y la comodidad de paseo tanto en ciudad como en carretera","robots":{"index":"index","follow":"follow","max-snippet":"max-snippet:-1","max-image-preview":"max-image-preview:large","max-video-preview":"max-video-preview:-1"},"canonical":"https:\/\/elsalvadorllantas.com\/index.php\/producto\/toyo-235-75-r15-opht-6pr\/","og_locale":"es_ES","og_type":"article","og_title":"Toyo 235\/75 R15 OPHT 6PR - Centro de Servicio Do\u00f1o","og_description":"El Open Country H\/T logra un equilibrio entre el millaje, la maniobrabilidad y la comodidad de paseo tanto en ciudad como en carretera","og_url":"https:\/\/elsalvadorllantas.com\/index.php\/producto\/toyo-235-75-r15-opht-6pr\/","og_site_name":"Centro de Servicio Do\u00f1o","article_modified_time":"2026-04-14T05:32:00+00:00","og_image":[{"width":1200,"height":1200,"url":"https:\/\/elsalvadorllantas.com\/wp-content\/uploads\/2021\/07\/Toyo-Tires-OPAT-HT.jpg","type":"image\/jpeg"}],"twitter_card":"summary_large_image","twitter_misc":{"Tiempo de lectura":"1 minuto"},"schema":{"@context":"https:\/\/schema.org","@graph":[{"@type":"WebPage","@id":"https:\/\/elsalvadorllantas.com\/index.php\/producto\/toyo-235-75-r15-opht-6pr\/","url":"https:\/\/elsalvadorllantas.com\/index.php\/producto\/toyo-235-75-r15-opht-6pr\/","name":"Toyo 235\/75 R15 OPHT 6PR - Centro de Servicio Do\u00f1o","isPartOf":{"@id":"https:\/\/elsalvadorllantas.com\/#website"},"primaryImageOfPage":{"@id":"https:\/\/elsalvadorllantas.com\/index.php\/producto\/toyo-235-75-r15-opht-6pr\/#primaryimage"},"image":{"@id":"https:\/\/elsalvadorllantas.com\/index.php\/producto\/toyo-235-75-r15-opht-6pr\/#primaryimage"},"thumbnailUrl":"https:\/\/elsalvadorllantas.com\/wp-content\/uploads\/2021\/07\/Toyo-Tires-OPAT-HT.jpg","datePublished":"2021-08-24T23:09:36+00:00","dateModified":"2026-04-14T05:32:00+00:00","description":"El Open Country H\/T logra un equilibrio entre el millaje, la maniobrabilidad y la comodidad de paseo tanto en ciudad como en carretera","breadcrumb":{"@id":"https:\/\/elsalvadorllantas.com\/index.php\/producto\/toyo-235-75-r15-opht-6pr\/#breadcrumb"},"inLanguage":"es","potentialAction":[{"@type":"ReadAction","target":["https:\/\/elsalvadorllantas.com\/index.php\/producto\/toyo-235-75-r15-opht-6pr\/"]}]},{"@type":"ImageObject","inLanguage":"es","@id":"https:\/\/elsalvadorllantas.com\/index.php\/producto\/toyo-235-75-r15-opht-6pr\/#primaryimage","url":"https:\/\/elsalvadorllantas.com\/wp-content\/uploads\/2021\/07\/Toyo-Tires-OPAT-HT.jpg","contentUrl":"https:\/\/elsalvadorllantas.com\/wp-content\/uploads\/2021\/07\/Toyo-Tires-OPAT-HT.jpg","width":1200,"height":1200},{"@type":"BreadcrumbList","@id":"https:\/\/elsalvadorllantas.com\/index.php\/producto\/toyo-235-75-r15-opht-6pr\/#breadcrumb","itemListElement":[{"@type":"ListItem","position":1,"name":"Inicio","item":"https:\/\/elsalvadorllantas.com\/"},{"@type":"ListItem","position":2,"name":"Tienda en linea","item":"https:\/\/elsalvadorllantas.com\/index.php\/tienda-en-linea\/"},{"@type":"ListItem","position":3,"name":"Toyo 235\/75 R15 OPHT 6PR"}]},{"@type":"WebSite","@id":"https:\/\/elsalvadorllantas.com\/#website","url":"https:\/\/elsalvadorllantas.com\/","name":"Centro de Servicio Do\u00f1o","description":"Venta de Llantas Nuevas - \u00a1Cotiza Ya!","publisher":{"@id":"https:\/\/elsalvadorllantas.com\/#organization"},"potentialAction":[{"@type":"SearchAction","target":{"@type":"EntryPoint","urlTemplate":"https:\/\/elsalvadorllantas.com\/?s={search_term_string}"},"query-input":{"@type":"PropertyValueSpecification","valueRequired":true,"valueName":"search_term_string"}}],"inLanguage":"es"},{"@type":"Organization","@id":"https:\/\/elsalvadorllantas.com\/#organization","name":"Centro de Servicio Do\u00f1o","url":"https:\/\/elsalvadorllantas.com\/","logo":{"@type":"ImageObject","inLanguage":"es","@id":"https:\/\/elsalvadorllantas.com\/#\/schema\/logo\/image\/","url":"https:\/\/elsalvadorllantas.com\/wp-content\/uploads\/2021\/12\/Logo_Don\u0303o_Editable-CMYK-2.png","contentUrl":"https:\/\/elsalvadorllantas.com\/wp-content\/uploads\/2021\/12\/Logo_Don\u0303o_Editable-CMYK-2.png","width":2139,"height":779,"caption":"Centro de Servicio Do\u00f1o"},"image":{"@id":"https:\/\/elsalvadorllantas.com\/#\/schema\/logo\/image\/"}}]}},"_links":{"self":[{"href":"https:\/\/elsalvadorllantas.com\/index.php\/wp-json\/wp\/v2\/product\/8250","targetHints":{"allow":["GET"]}}],"collection":[{"href":"https:\/\/elsalvadorllantas.com\/index.php\/wp-json\/wp\/v2\/product"}],"about":[{"href":"https:\/\/elsalvadorllantas.com\/index.php\/wp-json\/wp\/v2\/types\/product"}],"version-history":[{"count":1,"href":"https:\/\/elsalvadorllantas.com\/index.php\/wp-json\/wp\/v2\/product\/8250\/revisions"}],"predecessor-version":[{"id":20543,"href":"https:\/\/elsalvadorllantas.com\/index.php\/wp-json\/wp\/v2\/product\/8250\/revisions\/20543"}],"wp:featuredmedia":[{"embeddable":true,"href":"https:\/\/elsalvadorllantas.com\/index.php\/wp-json\/wp\/v2\/media\/6718"}],"wp:attachment":[{"href":"https:\/\/elsalvadorllantas.com\/index.php\/wp-json\/wp\/v2\/media?parent=8250"}],"wp:term":[{"taxonomy":"product_brand","embeddable":true,"href":"https:\/\/elsalvadorllantas.com\/index.php\/wp-json\/wp\/v2\/product_brand?post=8250"},{"taxonomy":"product_cat","embeddable":true,"href":"https:\/\/elsalvadorllantas.com\/index.php\/wp-json\/wp\/v2\/product_cat?post=8250"},{"taxonomy":"product_tag","embeddable":true,"href":"https:\/\/elsalvadorllantas.com\/index.php\/wp-json\/wp\/v2\/product_tag?post=8250"}],"curies":[{"name":"wp","href":"https:\/\/api.w.org\/{rel}","templated":true}]}}