{"id":8282,"date":"2021-08-24T23:10:32","date_gmt":"2021-08-25T05:10:32","guid":{"rendered":"https:\/\/elsalvadorllantas.com\/index.php\/product\/luxxan-20560-r16-inspirer-c2-4pr\/"},"modified":"2026-04-13T23:34:48","modified_gmt":"2026-04-14T05:34:48","slug":"luxxan-20560-r16-inspirer-c2-4pr","status":"publish","type":"product","link":"https:\/\/elsalvadorllantas.com\/index.php\/producto\/luxxan-20560-r16-inspirer-c2-4pr\/","title":{"rendered":"Luxxan 205\/60 R16 INSPIRER C2 92V"},"content":{"rendered":"<h1><img decoding=\"async\" class=\"alignnone size-medium wp-image-9823\" src=\"https:\/\/elsalvadorllantas.com\/wp-content\/uploads\/2021\/10\/INSPIRER-C2-300x43.jpg\" alt=\"\" width=\"300\" height=\"43\" srcset=\"https:\/\/elsalvadorllantas.com\/wp-content\/uploads\/2021\/10\/INSPIRER-C2-300x43.jpg 300w, https:\/\/elsalvadorllantas.com\/wp-content\/uploads\/2021\/10\/INSPIRER-C2-768x109.jpg 768w, https:\/\/elsalvadorllantas.com\/wp-content\/uploads\/2021\/10\/INSPIRER-C2-600x85.jpg 600w, https:\/\/elsalvadorllantas.com\/wp-content\/uploads\/2021\/10\/INSPIRER-C2-64x9.jpg 64w, https:\/\/elsalvadorllantas.com\/wp-content\/uploads\/2021\/10\/INSPIRER-C2.jpg 1000w\" sizes=\"(max-width: 300px) 100vw, 300px\" loading=\"lazy\" \/><\/h1>\n<h1>Modelo INSPIRER C2<\/h1>\n<p>Dise\u00f1ado especialmente para <span class=\"misspelling correction\" title=\"Se ha encontrado un posible error ortogr\u00e1fico.\" data-type=\"misspelling\" data-suggestions=\"[{&quot;value&quot;:&quot;veh\u00edculos&quot;},{&quot;value&quot;:&quot;veh\u00edculo&quot;},{&quot;value&quot;:&quot;vehiculaos&quot;},{&quot;value&quot;:&quot;vehiculas&quot;},{&quot;value&quot;:&quot;vehicules&quot;},{&quot;value&quot;:&quot;vehiculo&quot;},{&quot;value&quot;:&quot;vehicul\u00e1s&quot;}]\" data-rule=\"MORFOLOGIK_RULE_ES\" data-word=\"vehiculos\">veh\u00edculos<\/span> <span class=\"misspelling correction\" title=\"Se ha encontrado un posible error ortogr\u00e1fico.\" data-type=\"misspelling\" data-suggestions=\"[{&quot;value&quot;:&quot;econ\u00f3micos&quot;},{&quot;value&quot;:&quot;econ\u00f3mico&quot;},{&quot;value&quot;:&quot;econ\u00f3micas&quot;},{&quot;value&quot;:&quot;economices&quot;},{&quot;value&quot;:&quot;econom\u00edceos&quot;}]\" data-rule=\"MORFOLOGIK_RULE_ES\" data-word=\"economicos\">econ\u00f3micos<\/span> que buscan grandes prestaciones por un precio asequible,que proporciona un gran agarre<span class=\"grammar correction\" title=\"No se deja un espacio antes del punto.\" data-type=\"grammar\" data-suggestions=\"[{&quot;value&quot;:&quot;.&quot;}]\" data-rule=\"COMMA_PARENTHESIS_WHITESPACE\" data-word=\" .\">.<\/span><\/p>\n<h1>Generalidades<\/h1>\n<p>Gran agarre en carretera y ciudad, generando confianza y seguridad su compuesto le permite generar un bajo nivel de ruido y un gran confort.<\/p>\n<h1>Beneficios<\/h1>\n<ul>\n<li>Bajo nivel de ruido<\/li>\n<li>Gran agarre y rendimiento<\/li>\n<li>Estabilidad y seguridad<\/li>\n<\/ul>\n<p><img fetchpriority=\"high\" decoding=\"async\" class=\"alignnone size-medium wp-image-9824\" src=\"https:\/\/elsalvadorllantas.com\/wp-content\/uploads\/2021\/10\/Inspirer-C2-1-217x300.jpg\" alt=\"\" width=\"217\" height=\"300\" srcset=\"https:\/\/elsalvadorllantas.com\/wp-content\/uploads\/2021\/10\/Inspirer-C2-1-217x300.jpg 217w, https:\/\/elsalvadorllantas.com\/wp-content\/uploads\/2021\/10\/Inspirer-C2-1-600x828.jpg 600w, https:\/\/elsalvadorllantas.com\/wp-content\/uploads\/2021\/10\/Inspirer-C2-1-64x88.jpg 64w, https:\/\/elsalvadorllantas.com\/wp-content\/uploads\/2021\/10\/Inspirer-C2-1.jpg 679w\" sizes=\"(max-width: 217px) 100vw, 217px\" \/><\/p>\n<h2>Caracter\u00edsticas de desempe\u00f1o<\/h2>\n<ul>\n<li>Maniobrabilidad y desempe\u00f1o<\/li>\n<li>Larga vida util de su banda de rodadura<\/li>\n<li>Buen control y manejo<\/li>\n<\/ul>\n","protected":false},"excerpt":{"rendered":"<p>Modelo INSPIRER C2 Dise\u00f1ado especialmente para veh\u00edculos econ\u00f3micos que buscan grandes prestaciones por un precio asequible,que proporciona un gran agarre. Generalidades Gran agarre en carretera y ciudad, generando confianza y seguridad su compuesto le permite generar un bajo nivel de ruido y un gran confort. Beneficios Bajo nivel de ruido Gran agarre y rendimiento Estabilidad<br \/><a class=\"more-link\" href=\"https:\/\/elsalvadorllantas.com\/index.php\/producto\/luxxan-20560-r16-inspirer-c2-4pr\/\"><br \/>\n        Ver m\u00e1s<span class=\"screen-reader-text\"> \u00abLuxxan 205\/60 R16 INSPIRER C2 92V\u00bb<\/span><\/a><\/p>\n","protected":false},"featured_media":12429,"template":"","meta":{"_acf_changed":false},"product_brand":[],"product_cat":[2301,1916,1882,2408,2407],"product_tag":[],"class_list":{"0":"post-8282","1":"product","2":"type-product","3":"status-publish","4":"has-post-thumbnail","6":"product_cat-20560r16","7":"product_cat-inspirer-c2","8":"product_cat-luxxan","9":"product_cat-sedan","10":"product_cat-tipo-vehiculo","12":"first","13":"outofstock","14":"sale","15":"shipping-taxable","16":"purchasable","17":"product-type-simple"},"acf":[],"yoast_head":"<!-- This site is optimized with the Yoast SEO plugin v26.8 - https:\/\/yoast.com\/product\/yoast-seo-wordpress\/ -->\r\n<title>Luxxan 205\/60 R16 INSPIRER C2 92V - Centro de Servicio Do\u00f1o<\/title>\r\n<meta name=\"description\" content=\"Dise\u00f1ado especialmente para veh\u00edculos econ\u00f3micos que buscan grandes prestaciones por un precio asequible,que proporciona un gran agarre.\" \/>\r\n<meta name=\"robots\" content=\"index, follow, max-snippet:-1, max-image-preview:large, max-video-preview:-1\" \/>\r\n<link rel=\"canonical\" href=\"https:\/\/elsalvadorllantas.com\/index.php\/producto\/luxxan-20560-r16-inspirer-c2-4pr\/\" \/>\r\n<meta property=\"og:locale\" content=\"es_ES\" \/>\r\n<meta property=\"og:type\" content=\"article\" \/>\r\n<meta property=\"og:title\" content=\"Luxxan 205\/60 R16 INSPIRER C2 92V - Centro de Servicio Do\u00f1o\" \/>\r\n<meta property=\"og:description\" content=\"Dise\u00f1ado especialmente para veh\u00edculos econ\u00f3micos que buscan grandes prestaciones por un precio asequible,que proporciona un gran agarre.\" \/>\r\n<meta property=\"og:url\" content=\"https:\/\/elsalvadorllantas.com\/index.php\/producto\/luxxan-20560-r16-inspirer-c2-4pr\/\" \/>\r\n<meta property=\"og:site_name\" content=\"Centro de Servicio Do\u00f1o\" \/>\r\n<meta property=\"article:modified_time\" content=\"2026-04-14T05:34:48+00:00\" \/>\r\n<meta property=\"og:image\" content=\"https:\/\/elsalvadorllantas.com\/wp-content\/uploads\/2021\/10\/LUXXAN-INSPIRER-C2.jpg\" \/>\r\n\t<meta property=\"og:image:width\" content=\"1200\" \/>\r\n\t<meta property=\"og:image:height\" content=\"1200\" \/>\r\n\t<meta property=\"og:image:type\" content=\"image\/jpeg\" \/>\r\n<meta name=\"twitter:card\" content=\"summary_large_image\" \/>\r\n<script type=\"application\/ld+json\" class=\"yoast-schema-graph\">{\"@context\":\"https:\/\/schema.org\",\"@graph\":[{\"@type\":\"WebPage\",\"@id\":\"https:\/\/elsalvadorllantas.com\/index.php\/producto\/luxxan-20560-r16-inspirer-c2-4pr\/\",\"url\":\"https:\/\/elsalvadorllantas.com\/index.php\/producto\/luxxan-20560-r16-inspirer-c2-4pr\/\",\"name\":\"Luxxan 205\/60 R16 INSPIRER C2 92V - Centro de Servicio Do\u00f1o\",\"isPartOf\":{\"@id\":\"https:\/\/elsalvadorllantas.com\/#website\"},\"primaryImageOfPage\":{\"@id\":\"https:\/\/elsalvadorllantas.com\/index.php\/producto\/luxxan-20560-r16-inspirer-c2-4pr\/#primaryimage\"},\"image\":{\"@id\":\"https:\/\/elsalvadorllantas.com\/index.php\/producto\/luxxan-20560-r16-inspirer-c2-4pr\/#primaryimage\"},\"thumbnailUrl\":\"https:\/\/elsalvadorllantas.com\/wp-content\/uploads\/2022\/03\/C2-LUXXAN.jpg\",\"datePublished\":\"2021-08-25T05:10:32+00:00\",\"dateModified\":\"2026-04-14T05:34:48+00:00\",\"description\":\"Dise\u00f1ado especialmente para veh\u00edculos econ\u00f3micos que buscan grandes prestaciones por un precio asequible,que proporciona un gran agarre.\",\"breadcrumb\":{\"@id\":\"https:\/\/elsalvadorllantas.com\/index.php\/producto\/luxxan-20560-r16-inspirer-c2-4pr\/#breadcrumb\"},\"inLanguage\":\"es\",\"potentialAction\":[{\"@type\":\"ReadAction\",\"target\":[\"https:\/\/elsalvadorllantas.com\/index.php\/producto\/luxxan-20560-r16-inspirer-c2-4pr\/\"]}]},{\"@type\":\"ImageObject\",\"inLanguage\":\"es\",\"@id\":\"https:\/\/elsalvadorllantas.com\/index.php\/producto\/luxxan-20560-r16-inspirer-c2-4pr\/#primaryimage\",\"url\":\"https:\/\/elsalvadorllantas.com\/wp-content\/uploads\/2022\/03\/C2-LUXXAN.jpg\",\"contentUrl\":\"https:\/\/elsalvadorllantas.com\/wp-content\/uploads\/2022\/03\/C2-LUXXAN.jpg\",\"width\":1200,\"height\":1200},{\"@type\":\"BreadcrumbList\",\"@id\":\"https:\/\/elsalvadorllantas.com\/index.php\/producto\/luxxan-20560-r16-inspirer-c2-4pr\/#breadcrumb\",\"itemListElement\":[{\"@type\":\"ListItem\",\"position\":1,\"name\":\"Inicio\",\"item\":\"https:\/\/elsalvadorllantas.com\/\"},{\"@type\":\"ListItem\",\"position\":2,\"name\":\"Tienda en linea\",\"item\":\"https:\/\/elsalvadorllantas.com\/index.php\/tienda-en-linea\/\"},{\"@type\":\"ListItem\",\"position\":3,\"name\":\"Luxxan 205\/60 R16 INSPIRER C2 92V\"}]},{\"@type\":\"WebSite\",\"@id\":\"https:\/\/elsalvadorllantas.com\/#website\",\"url\":\"https:\/\/elsalvadorllantas.com\/\",\"name\":\"Centro de Servicio Do\u00f1o\",\"description\":\"Venta de Llantas Nuevas - \u00a1Cotiza Ya!\",\"publisher\":{\"@id\":\"https:\/\/elsalvadorllantas.com\/#organization\"},\"potentialAction\":[{\"@type\":\"SearchAction\",\"target\":{\"@type\":\"EntryPoint\",\"urlTemplate\":\"https:\/\/elsalvadorllantas.com\/?s={search_term_string}\"},\"query-input\":{\"@type\":\"PropertyValueSpecification\",\"valueRequired\":true,\"valueName\":\"search_term_string\"}}],\"inLanguage\":\"es\"},{\"@type\":\"Organization\",\"@id\":\"https:\/\/elsalvadorllantas.com\/#organization\",\"name\":\"Centro de Servicio Do\u00f1o\",\"url\":\"https:\/\/elsalvadorllantas.com\/\",\"logo\":{\"@type\":\"ImageObject\",\"inLanguage\":\"es\",\"@id\":\"https:\/\/elsalvadorllantas.com\/#\/schema\/logo\/image\/\",\"url\":\"https:\/\/elsalvadorllantas.com\/wp-content\/uploads\/2021\/12\/Logo_Don\u0303o_Editable-CMYK-2.png\",\"contentUrl\":\"https:\/\/elsalvadorllantas.com\/wp-content\/uploads\/2021\/12\/Logo_Don\u0303o_Editable-CMYK-2.png\",\"width\":2139,\"height\":779,\"caption\":\"Centro de Servicio Do\u00f1o\"},\"image\":{\"@id\":\"https:\/\/elsalvadorllantas.com\/#\/schema\/logo\/image\/\"}}]}<\/script>\r\n<!-- \/ Yoast SEO plugin. -->","yoast_head_json":{"title":"Luxxan 205\/60 R16 INSPIRER C2 92V - Centro de Servicio Do\u00f1o","description":"Dise\u00f1ado especialmente para veh\u00edculos econ\u00f3micos que buscan grandes prestaciones por un precio asequible,que proporciona un gran agarre.","robots":{"index":"index","follow":"follow","max-snippet":"max-snippet:-1","max-image-preview":"max-image-preview:large","max-video-preview":"max-video-preview:-1"},"canonical":"https:\/\/elsalvadorllantas.com\/index.php\/producto\/luxxan-20560-r16-inspirer-c2-4pr\/","og_locale":"es_ES","og_type":"article","og_title":"Luxxan 205\/60 R16 INSPIRER C2 92V - Centro de Servicio Do\u00f1o","og_description":"Dise\u00f1ado especialmente para veh\u00edculos econ\u00f3micos que buscan grandes prestaciones por un precio asequible,que proporciona un gran agarre.","og_url":"https:\/\/elsalvadorllantas.com\/index.php\/producto\/luxxan-20560-r16-inspirer-c2-4pr\/","og_site_name":"Centro de Servicio Do\u00f1o","article_modified_time":"2026-04-14T05:34:48+00:00","og_image":[{"width":1200,"height":1200,"url":"https:\/\/elsalvadorllantas.com\/wp-content\/uploads\/2021\/10\/LUXXAN-INSPIRER-C2.jpg","type":"image\/jpeg"}],"twitter_card":"summary_large_image","schema":{"@context":"https:\/\/schema.org","@graph":[{"@type":"WebPage","@id":"https:\/\/elsalvadorllantas.com\/index.php\/producto\/luxxan-20560-r16-inspirer-c2-4pr\/","url":"https:\/\/elsalvadorllantas.com\/index.php\/producto\/luxxan-20560-r16-inspirer-c2-4pr\/","name":"Luxxan 205\/60 R16 INSPIRER C2 92V - Centro de Servicio Do\u00f1o","isPartOf":{"@id":"https:\/\/elsalvadorllantas.com\/#website"},"primaryImageOfPage":{"@id":"https:\/\/elsalvadorllantas.com\/index.php\/producto\/luxxan-20560-r16-inspirer-c2-4pr\/#primaryimage"},"image":{"@id":"https:\/\/elsalvadorllantas.com\/index.php\/producto\/luxxan-20560-r16-inspirer-c2-4pr\/#primaryimage"},"thumbnailUrl":"https:\/\/elsalvadorllantas.com\/wp-content\/uploads\/2022\/03\/C2-LUXXAN.jpg","datePublished":"2021-08-25T05:10:32+00:00","dateModified":"2026-04-14T05:34:48+00:00","description":"Dise\u00f1ado especialmente para veh\u00edculos econ\u00f3micos que buscan grandes prestaciones por un precio asequible,que proporciona un gran agarre.","breadcrumb":{"@id":"https:\/\/elsalvadorllantas.com\/index.php\/producto\/luxxan-20560-r16-inspirer-c2-4pr\/#breadcrumb"},"inLanguage":"es","potentialAction":[{"@type":"ReadAction","target":["https:\/\/elsalvadorllantas.com\/index.php\/producto\/luxxan-20560-r16-inspirer-c2-4pr\/"]}]},{"@type":"ImageObject","inLanguage":"es","@id":"https:\/\/elsalvadorllantas.com\/index.php\/producto\/luxxan-20560-r16-inspirer-c2-4pr\/#primaryimage","url":"https:\/\/elsalvadorllantas.com\/wp-content\/uploads\/2022\/03\/C2-LUXXAN.jpg","contentUrl":"https:\/\/elsalvadorllantas.com\/wp-content\/uploads\/2022\/03\/C2-LUXXAN.jpg","width":1200,"height":1200},{"@type":"BreadcrumbList","@id":"https:\/\/elsalvadorllantas.com\/index.php\/producto\/luxxan-20560-r16-inspirer-c2-4pr\/#breadcrumb","itemListElement":[{"@type":"ListItem","position":1,"name":"Inicio","item":"https:\/\/elsalvadorllantas.com\/"},{"@type":"ListItem","position":2,"name":"Tienda en linea","item":"https:\/\/elsalvadorllantas.com\/index.php\/tienda-en-linea\/"},{"@type":"ListItem","position":3,"name":"Luxxan 205\/60 R16 INSPIRER C2 92V"}]},{"@type":"WebSite","@id":"https:\/\/elsalvadorllantas.com\/#website","url":"https:\/\/elsalvadorllantas.com\/","name":"Centro de Servicio Do\u00f1o","description":"Venta de Llantas Nuevas - \u00a1Cotiza Ya!","publisher":{"@id":"https:\/\/elsalvadorllantas.com\/#organization"},"potentialAction":[{"@type":"SearchAction","target":{"@type":"EntryPoint","urlTemplate":"https:\/\/elsalvadorllantas.com\/?s={search_term_string}"},"query-input":{"@type":"PropertyValueSpecification","valueRequired":true,"valueName":"search_term_string"}}],"inLanguage":"es"},{"@type":"Organization","@id":"https:\/\/elsalvadorllantas.com\/#organization","name":"Centro de Servicio Do\u00f1o","url":"https:\/\/elsalvadorllantas.com\/","logo":{"@type":"ImageObject","inLanguage":"es","@id":"https:\/\/elsalvadorllantas.com\/#\/schema\/logo\/image\/","url":"https:\/\/elsalvadorllantas.com\/wp-content\/uploads\/2021\/12\/Logo_Don\u0303o_Editable-CMYK-2.png","contentUrl":"https:\/\/elsalvadorllantas.com\/wp-content\/uploads\/2021\/12\/Logo_Don\u0303o_Editable-CMYK-2.png","width":2139,"height":779,"caption":"Centro de Servicio Do\u00f1o"},"image":{"@id":"https:\/\/elsalvadorllantas.com\/#\/schema\/logo\/image\/"}}]}},"_links":{"self":[{"href":"https:\/\/elsalvadorllantas.com\/index.php\/wp-json\/wp\/v2\/product\/8282","targetHints":{"allow":["GET"]}}],"collection":[{"href":"https:\/\/elsalvadorllantas.com\/index.php\/wp-json\/wp\/v2\/product"}],"about":[{"href":"https:\/\/elsalvadorllantas.com\/index.php\/wp-json\/wp\/v2\/types\/product"}],"version-history":[{"count":0,"href":"https:\/\/elsalvadorllantas.com\/index.php\/wp-json\/wp\/v2\/product\/8282\/revisions"}],"wp:featuredmedia":[{"embeddable":true,"href":"https:\/\/elsalvadorllantas.com\/index.php\/wp-json\/wp\/v2\/media\/12429"}],"wp:attachment":[{"href":"https:\/\/elsalvadorllantas.com\/index.php\/wp-json\/wp\/v2\/media?parent=8282"}],"wp:term":[{"taxonomy":"product_brand","embeddable":true,"href":"https:\/\/elsalvadorllantas.com\/index.php\/wp-json\/wp\/v2\/product_brand?post=8282"},{"taxonomy":"product_cat","embeddable":true,"href":"https:\/\/elsalvadorllantas.com\/index.php\/wp-json\/wp\/v2\/product_cat?post=8282"},{"taxonomy":"product_tag","embeddable":true,"href":"https:\/\/elsalvadorllantas.com\/index.php\/wp-json\/wp\/v2\/product_tag?post=8282"}],"curies":[{"name":"wp","href":"https:\/\/api.w.org\/{rel}","templated":true}]}}