{"id":8315,"date":"2021-08-24T23:11:35","date_gmt":"2021-08-24T23:11:35","guid":{"rendered":"https:\/\/elsalvadorllantas.com\/index.php\/product\/transtone-255-70-r16-k2000-8pr\/"},"modified":"2026-04-13T23:38:33","modified_gmt":"2026-04-14T05:38:33","slug":"transtone-255-70-r16-k2000-8pr","status":"publish","type":"product","link":"https:\/\/elsalvadorllantas.com\/index.php\/producto\/transtone-255-70-r16-k2000-8pr\/","title":{"rendered":"TRANSTONE 255\/70 R16 K2000 8PR"},"content":{"rendered":"<table style=\"height: 67px;\" border=\"2\" width=\"777\">\n<tbody>\n<tr style=\"text-align: center;\">\n<td>Lonaje<\/td>\n<td>Indice de Carga<\/td>\n<\/tr>\n<tr style=\"text-align: center;\">\n<td>8PR<\/td>\n<td><\/td>\n<\/tr>\n<\/tbody>\n<\/table>\n<h1>Modelo GEOPOWER K2000<\/h1>\n<p>El Kingrun K2000 esta dise\u00f1ado con alto rendimiento en drenaje de agua el patr\u00f3n no direccional empuja al agua a salir por los lados del neum\u00e1tico aplicando presi\u00f3n en variables a trav\u00e9s del patr\u00f3n de la banda de rodadura durante la rotaci\u00f3n.<\/p>\n<h2>Generalidades<\/h2>\n<p>Los bloques llamados Larga tread crean una fant\u00e1stica estabilidad de manejo especialmente al tomar curvas o al frenar con fuerza. Los cortes en cada bloque reducen el ruido a un nivel que rara vez se ve en un neum\u00e1tico todo terreno.<\/p>\n<h2>Beneficios<\/h2>\n<ul>\n<li>Tracci\u00f3n todo terreno.<\/li>\n<li>Anti abrasi\u00f3n y rendimiento anti deslizante.<\/li>\n<li>Larga vida \u00fatil de la banda de rodadura.<\/li>\n<li>Excelente estabilidad de manejo.<\/li>\n<\/ul>\n<p><img fetchpriority=\"high\" decoding=\"async\" class=\"alignnone wp-image-9149\" src=\"https:\/\/elsalvadorllantas.com\/wp-content\/uploads\/2021\/08\/KINGRUN-GEOPOWER-K2000jpg-300x144.jpg\" alt=\"\" width=\"367\" height=\"176\" srcset=\"https:\/\/elsalvadorllantas.com\/wp-content\/uploads\/2021\/08\/KINGRUN-GEOPOWER-K2000jpg-300x144.jpg 300w, https:\/\/elsalvadorllantas.com\/wp-content\/uploads\/2021\/08\/KINGRUN-GEOPOWER-K2000jpg-1024x490.jpg 1024w, https:\/\/elsalvadorllantas.com\/wp-content\/uploads\/2021\/08\/KINGRUN-GEOPOWER-K2000jpg-768x367.jpg 768w, https:\/\/elsalvadorllantas.com\/wp-content\/uploads\/2021\/08\/KINGRUN-GEOPOWER-K2000jpg-600x287.jpg 600w, https:\/\/elsalvadorllantas.com\/wp-content\/uploads\/2021\/08\/KINGRUN-GEOPOWER-K2000jpg-64x31.jpg 64w, https:\/\/elsalvadorllantas.com\/wp-content\/uploads\/2021\/08\/KINGRUN-GEOPOWER-K2000jpg.jpg 1279w\" sizes=\"(max-width: 367px) 100vw, 367px\" \/><\/p>\n<h2>Caracter\u00edsticas de desempe\u00f1o<\/h2>\n<ul>\n<li>Drenaje superior de agua.<\/li>\n<li>Estabilidad de manejo.<\/li>\n<li>Menor ruido.<\/li>\n<\/ul>\n<h2>Caracter\u00edsticas y beneficios de la construcci\u00f3n<\/h2>\n<p><img decoding=\"async\" class=\"alignnone wp-image-9150\" src=\"https:\/\/elsalvadorllantas.com\/wp-content\/uploads\/2021\/08\/KINGRUN-GEOPOWER-K2000j-2-300x42.jpg\" alt=\"\" width=\"486\" height=\"68\" srcset=\"https:\/\/elsalvadorllantas.com\/wp-content\/uploads\/2021\/08\/KINGRUN-GEOPOWER-K2000j-2-300x42.jpg 300w, https:\/\/elsalvadorllantas.com\/wp-content\/uploads\/2021\/08\/KINGRUN-GEOPOWER-K2000j-2-1024x144.jpg 1024w, https:\/\/elsalvadorllantas.com\/wp-content\/uploads\/2021\/08\/KINGRUN-GEOPOWER-K2000j-2-768x108.jpg 768w, https:\/\/elsalvadorllantas.com\/wp-content\/uploads\/2021\/08\/KINGRUN-GEOPOWER-K2000j-2-600x84.jpg 600w, https:\/\/elsalvadorllantas.com\/wp-content\/uploads\/2021\/08\/KINGRUN-GEOPOWER-K2000j-2-64x9.jpg 64w, https:\/\/elsalvadorllantas.com\/wp-content\/uploads\/2021\/08\/KINGRUN-GEOPOWER-K2000j-2.jpg 1279w\" sizes=\"(max-width: 486px) 100vw, 486px\" loading=\"lazy\" \/><\/p>\n<ul>\n<li>Fuerte abrasi\u00f3n y antideslizante.<\/li>\n<li>Maravillosa estabilidad de manejo.<\/li>\n<li>Rendimiento de drenaje superior.<\/li>\n<\/ul>\n","protected":false},"excerpt":{"rendered":"<p>Lonaje Indice de Carga 8PR Modelo GEOPOWER K2000 El Kingrun K2000 esta dise\u00f1ado con alto rendimiento en drenaje de agua el patr\u00f3n no direccional empuja al agua a salir por los lados del neum\u00e1tico aplicando presi\u00f3n en variables a trav\u00e9s del patr\u00f3n de la banda de rodadura durante la rotaci\u00f3n. Generalidades Los bloques llamados Larga<br \/><a class=\"more-link\" href=\"https:\/\/elsalvadorllantas.com\/index.php\/producto\/transtone-255-70-r16-k2000-8pr\/\"><br \/>\n        Ver m\u00e1s<span class=\"screen-reader-text\"> \u00abTRANSTONE 255\/70 R16 K2000 8PR\u00bb<\/span><\/a><\/p>\n","protected":false},"featured_media":0,"template":"","meta":{"_acf_changed":false},"product_brand":[],"product_cat":[2264,1931,2409,1883,2407],"product_tag":[],"class_list":{"0":"post-8315","1":"product","2":"type-product","3":"status-publish","5":"product_cat-255-70r16","6":"product_cat-k2000","7":"product_cat-pick-upcamioneta","8":"product_cat-transtone","9":"product_cat-tipo-vehiculo","11":"first","12":"outofstock","13":"sale","14":"shipping-taxable","15":"purchasable","16":"product-type-simple"},"acf":[],"yoast_head":"<!-- This site is optimized with the Yoast SEO plugin v26.8 - https:\/\/yoast.com\/product\/yoast-seo-wordpress\/ -->\r\n<title>TRANSTONE 255\/70 R16 K2000 8PR - Centro de Servicio Do\u00f1o<\/title>\r\n<meta name=\"description\" content=\"El Kingrun K2000 crean una fant\u00e1stica estabilidad de manejo especialmente al tomar curvas o al frenar con fuerza.\" \/>\r\n<meta name=\"robots\" content=\"index, follow, max-snippet:-1, max-image-preview:large, max-video-preview:-1\" \/>\r\n<link rel=\"canonical\" href=\"https:\/\/elsalvadorllantas.com\/index.php\/producto\/transtone-255-70-r16-k2000-8pr\/\" \/>\r\n<meta property=\"og:locale\" content=\"es_ES\" \/>\r\n<meta property=\"og:type\" content=\"article\" \/>\r\n<meta property=\"og:title\" content=\"TRANSTONE 255\/70 R16 K2000 8PR - Centro de Servicio Do\u00f1o\" \/>\r\n<meta property=\"og:description\" content=\"El Kingrun K2000 crean una fant\u00e1stica estabilidad de manejo especialmente al tomar curvas o al frenar con fuerza.\" \/>\r\n<meta property=\"og:url\" content=\"https:\/\/elsalvadorllantas.com\/index.php\/producto\/transtone-255-70-r16-k2000-8pr\/\" \/>\r\n<meta property=\"og:site_name\" content=\"Centro de Servicio Do\u00f1o\" \/>\r\n<meta property=\"article:modified_time\" content=\"2026-04-14T05:38:33+00:00\" \/>\r\n<meta property=\"og:image\" content=\"https:\/\/elsalvadorllantas.com\/wp-content\/uploads\/2021\/08\/KINGRUN-GEOPOWER-K2000jpg-300x144.jpg\" \/>\r\n<meta name=\"twitter:card\" content=\"summary_large_image\" \/>\r\n<meta name=\"twitter:label1\" content=\"Tiempo de lectura\" \/>\n\t<meta name=\"twitter:data1\" content=\"1 minuto\" \/>\r\n<script type=\"application\/ld+json\" class=\"yoast-schema-graph\">{\"@context\":\"https:\/\/schema.org\",\"@graph\":[{\"@type\":\"WebPage\",\"@id\":\"https:\/\/elsalvadorllantas.com\/index.php\/producto\/transtone-255-70-r16-k2000-8pr\/\",\"url\":\"https:\/\/elsalvadorllantas.com\/index.php\/producto\/transtone-255-70-r16-k2000-8pr\/\",\"name\":\"TRANSTONE 255\/70 R16 K2000 8PR - Centro de Servicio Do\u00f1o\",\"isPartOf\":{\"@id\":\"https:\/\/elsalvadorllantas.com\/#website\"},\"primaryImageOfPage\":{\"@id\":\"https:\/\/elsalvadorllantas.com\/index.php\/producto\/transtone-255-70-r16-k2000-8pr\/#primaryimage\"},\"image\":{\"@id\":\"https:\/\/elsalvadorllantas.com\/index.php\/producto\/transtone-255-70-r16-k2000-8pr\/#primaryimage\"},\"thumbnailUrl\":\"https:\/\/elsalvadorllantas.com\/wp-content\/uploads\/2021\/08\/KINGRUN-GEOPOWER-K2000jpg-300x144.jpg\",\"datePublished\":\"2021-08-24T23:11:35+00:00\",\"dateModified\":\"2026-04-14T05:38:33+00:00\",\"description\":\"El Kingrun K2000 crean una fant\u00e1stica estabilidad de manejo especialmente al tomar curvas o al frenar con fuerza.\",\"breadcrumb\":{\"@id\":\"https:\/\/elsalvadorllantas.com\/index.php\/producto\/transtone-255-70-r16-k2000-8pr\/#breadcrumb\"},\"inLanguage\":\"es\",\"potentialAction\":[{\"@type\":\"ReadAction\",\"target\":[\"https:\/\/elsalvadorllantas.com\/index.php\/producto\/transtone-255-70-r16-k2000-8pr\/\"]}]},{\"@type\":\"ImageObject\",\"inLanguage\":\"es\",\"@id\":\"https:\/\/elsalvadorllantas.com\/index.php\/producto\/transtone-255-70-r16-k2000-8pr\/#primaryimage\",\"url\":\"https:\/\/elsalvadorllantas.com\/wp-content\/uploads\/2021\/08\/KINGRUN-GEOPOWER-K2000jpg.jpg\",\"contentUrl\":\"https:\/\/elsalvadorllantas.com\/wp-content\/uploads\/2021\/08\/KINGRUN-GEOPOWER-K2000jpg.jpg\",\"width\":1279,\"height\":612},{\"@type\":\"BreadcrumbList\",\"@id\":\"https:\/\/elsalvadorllantas.com\/index.php\/producto\/transtone-255-70-r16-k2000-8pr\/#breadcrumb\",\"itemListElement\":[{\"@type\":\"ListItem\",\"position\":1,\"name\":\"Inicio\",\"item\":\"https:\/\/elsalvadorllantas.com\/\"},{\"@type\":\"ListItem\",\"position\":2,\"name\":\"Tienda en linea\",\"item\":\"https:\/\/elsalvadorllantas.com\/index.php\/tienda-en-linea\/\"},{\"@type\":\"ListItem\",\"position\":3,\"name\":\"TRANSTONE 255\/70 R16 K2000 8PR\"}]},{\"@type\":\"WebSite\",\"@id\":\"https:\/\/elsalvadorllantas.com\/#website\",\"url\":\"https:\/\/elsalvadorllantas.com\/\",\"name\":\"Centro de Servicio Do\u00f1o\",\"description\":\"Venta de Llantas Nuevas - \u00a1Cotiza Ya!\",\"publisher\":{\"@id\":\"https:\/\/elsalvadorllantas.com\/#organization\"},\"potentialAction\":[{\"@type\":\"SearchAction\",\"target\":{\"@type\":\"EntryPoint\",\"urlTemplate\":\"https:\/\/elsalvadorllantas.com\/?s={search_term_string}\"},\"query-input\":{\"@type\":\"PropertyValueSpecification\",\"valueRequired\":true,\"valueName\":\"search_term_string\"}}],\"inLanguage\":\"es\"},{\"@type\":\"Organization\",\"@id\":\"https:\/\/elsalvadorllantas.com\/#organization\",\"name\":\"Centro de Servicio Do\u00f1o\",\"url\":\"https:\/\/elsalvadorllantas.com\/\",\"logo\":{\"@type\":\"ImageObject\",\"inLanguage\":\"es\",\"@id\":\"https:\/\/elsalvadorllantas.com\/#\/schema\/logo\/image\/\",\"url\":\"https:\/\/elsalvadorllantas.com\/wp-content\/uploads\/2021\/12\/Logo_Don\u0303o_Editable-CMYK-2.png\",\"contentUrl\":\"https:\/\/elsalvadorllantas.com\/wp-content\/uploads\/2021\/12\/Logo_Don\u0303o_Editable-CMYK-2.png\",\"width\":2139,\"height\":779,\"caption\":\"Centro de Servicio Do\u00f1o\"},\"image\":{\"@id\":\"https:\/\/elsalvadorllantas.com\/#\/schema\/logo\/image\/\"}}]}<\/script>\r\n<!-- \/ Yoast SEO plugin. -->","yoast_head_json":{"title":"TRANSTONE 255\/70 R16 K2000 8PR - Centro de Servicio Do\u00f1o","description":"El Kingrun K2000 crean una fant\u00e1stica estabilidad de manejo especialmente al tomar curvas o al frenar con fuerza.","robots":{"index":"index","follow":"follow","max-snippet":"max-snippet:-1","max-image-preview":"max-image-preview:large","max-video-preview":"max-video-preview:-1"},"canonical":"https:\/\/elsalvadorllantas.com\/index.php\/producto\/transtone-255-70-r16-k2000-8pr\/","og_locale":"es_ES","og_type":"article","og_title":"TRANSTONE 255\/70 R16 K2000 8PR - Centro de Servicio Do\u00f1o","og_description":"El Kingrun K2000 crean una fant\u00e1stica estabilidad de manejo especialmente al tomar curvas o al frenar con fuerza.","og_url":"https:\/\/elsalvadorllantas.com\/index.php\/producto\/transtone-255-70-r16-k2000-8pr\/","og_site_name":"Centro de Servicio Do\u00f1o","article_modified_time":"2026-04-14T05:38:33+00:00","og_image":[{"url":"https:\/\/elsalvadorllantas.com\/wp-content\/uploads\/2021\/08\/KINGRUN-GEOPOWER-K2000jpg-300x144.jpg","type":"","width":"","height":""}],"twitter_card":"summary_large_image","twitter_misc":{"Tiempo de lectura":"1 minuto"},"schema":{"@context":"https:\/\/schema.org","@graph":[{"@type":"WebPage","@id":"https:\/\/elsalvadorllantas.com\/index.php\/producto\/transtone-255-70-r16-k2000-8pr\/","url":"https:\/\/elsalvadorllantas.com\/index.php\/producto\/transtone-255-70-r16-k2000-8pr\/","name":"TRANSTONE 255\/70 R16 K2000 8PR - Centro de Servicio Do\u00f1o","isPartOf":{"@id":"https:\/\/elsalvadorllantas.com\/#website"},"primaryImageOfPage":{"@id":"https:\/\/elsalvadorllantas.com\/index.php\/producto\/transtone-255-70-r16-k2000-8pr\/#primaryimage"},"image":{"@id":"https:\/\/elsalvadorllantas.com\/index.php\/producto\/transtone-255-70-r16-k2000-8pr\/#primaryimage"},"thumbnailUrl":"https:\/\/elsalvadorllantas.com\/wp-content\/uploads\/2021\/08\/KINGRUN-GEOPOWER-K2000jpg-300x144.jpg","datePublished":"2021-08-24T23:11:35+00:00","dateModified":"2026-04-14T05:38:33+00:00","description":"El Kingrun K2000 crean una fant\u00e1stica estabilidad de manejo especialmente al tomar curvas o al frenar con fuerza.","breadcrumb":{"@id":"https:\/\/elsalvadorllantas.com\/index.php\/producto\/transtone-255-70-r16-k2000-8pr\/#breadcrumb"},"inLanguage":"es","potentialAction":[{"@type":"ReadAction","target":["https:\/\/elsalvadorllantas.com\/index.php\/producto\/transtone-255-70-r16-k2000-8pr\/"]}]},{"@type":"ImageObject","inLanguage":"es","@id":"https:\/\/elsalvadorllantas.com\/index.php\/producto\/transtone-255-70-r16-k2000-8pr\/#primaryimage","url":"https:\/\/elsalvadorllantas.com\/wp-content\/uploads\/2021\/08\/KINGRUN-GEOPOWER-K2000jpg.jpg","contentUrl":"https:\/\/elsalvadorllantas.com\/wp-content\/uploads\/2021\/08\/KINGRUN-GEOPOWER-K2000jpg.jpg","width":1279,"height":612},{"@type":"BreadcrumbList","@id":"https:\/\/elsalvadorllantas.com\/index.php\/producto\/transtone-255-70-r16-k2000-8pr\/#breadcrumb","itemListElement":[{"@type":"ListItem","position":1,"name":"Inicio","item":"https:\/\/elsalvadorllantas.com\/"},{"@type":"ListItem","position":2,"name":"Tienda en linea","item":"https:\/\/elsalvadorllantas.com\/index.php\/tienda-en-linea\/"},{"@type":"ListItem","position":3,"name":"TRANSTONE 255\/70 R16 K2000 8PR"}]},{"@type":"WebSite","@id":"https:\/\/elsalvadorllantas.com\/#website","url":"https:\/\/elsalvadorllantas.com\/","name":"Centro de Servicio Do\u00f1o","description":"Venta de Llantas Nuevas - \u00a1Cotiza Ya!","publisher":{"@id":"https:\/\/elsalvadorllantas.com\/#organization"},"potentialAction":[{"@type":"SearchAction","target":{"@type":"EntryPoint","urlTemplate":"https:\/\/elsalvadorllantas.com\/?s={search_term_string}"},"query-input":{"@type":"PropertyValueSpecification","valueRequired":true,"valueName":"search_term_string"}}],"inLanguage":"es"},{"@type":"Organization","@id":"https:\/\/elsalvadorllantas.com\/#organization","name":"Centro de Servicio Do\u00f1o","url":"https:\/\/elsalvadorllantas.com\/","logo":{"@type":"ImageObject","inLanguage":"es","@id":"https:\/\/elsalvadorllantas.com\/#\/schema\/logo\/image\/","url":"https:\/\/elsalvadorllantas.com\/wp-content\/uploads\/2021\/12\/Logo_Don\u0303o_Editable-CMYK-2.png","contentUrl":"https:\/\/elsalvadorllantas.com\/wp-content\/uploads\/2021\/12\/Logo_Don\u0303o_Editable-CMYK-2.png","width":2139,"height":779,"caption":"Centro de Servicio Do\u00f1o"},"image":{"@id":"https:\/\/elsalvadorllantas.com\/#\/schema\/logo\/image\/"}}]}},"_links":{"self":[{"href":"https:\/\/elsalvadorllantas.com\/index.php\/wp-json\/wp\/v2\/product\/8315","targetHints":{"allow":["GET"]}}],"collection":[{"href":"https:\/\/elsalvadorllantas.com\/index.php\/wp-json\/wp\/v2\/product"}],"about":[{"href":"https:\/\/elsalvadorllantas.com\/index.php\/wp-json\/wp\/v2\/types\/product"}],"version-history":[{"count":0,"href":"https:\/\/elsalvadorllantas.com\/index.php\/wp-json\/wp\/v2\/product\/8315\/revisions"}],"wp:attachment":[{"href":"https:\/\/elsalvadorllantas.com\/index.php\/wp-json\/wp\/v2\/media?parent=8315"}],"wp:term":[{"taxonomy":"product_brand","embeddable":true,"href":"https:\/\/elsalvadorllantas.com\/index.php\/wp-json\/wp\/v2\/product_brand?post=8315"},{"taxonomy":"product_cat","embeddable":true,"href":"https:\/\/elsalvadorllantas.com\/index.php\/wp-json\/wp\/v2\/product_cat?post=8315"},{"taxonomy":"product_tag","embeddable":true,"href":"https:\/\/elsalvadorllantas.com\/index.php\/wp-json\/wp\/v2\/product_tag?post=8315"}],"curies":[{"name":"wp","href":"https:\/\/api.w.org\/{rel}","templated":true}]}}