{"id":8340,"date":"2021-08-24T23:13:34","date_gmt":"2021-08-24T23:13:34","guid":{"rendered":"https:\/\/elsalvadorllantas.com\/index.php\/product\/kapsen-215-70-r15-h201-4pr\/"},"modified":"2026-04-13T21:30:57","modified_gmt":"2026-04-14T03:30:57","slug":"kapsen-215-70-r15-h201-4pr","status":"publish","type":"product","link":"https:\/\/elsalvadorllantas.com\/index.php\/producto\/kapsen-215-70-r15-h201-4pr\/","title":{"rendered":"KAPSEN 215\/70 R15 H201 4PR"},"content":{"rendered":"<table style=\"height: 67px;\" border=\"2\" width=\"777\">\n<tbody>\n<tr style=\"text-align: center;\">\n<td>Lonaje<\/td>\n<td>Indice de Carga<\/td>\n<\/tr>\n<tr style=\"text-align: center;\">\n<td>4PR<\/td>\n<td>98T<\/td>\n<\/tr>\n<\/tbody>\n<\/table>\n<h1><img decoding=\"async\" class=\"alignnone size-medium wp-image-9093\" src=\"https:\/\/elsalvadorllantas.com\/wp-content\/uploads\/2021\/08\/KAPSEN-H201-1-300x70.png\" alt=\"\" width=\"300\" height=\"70\" srcset=\"https:\/\/elsalvadorllantas.com\/wp-content\/uploads\/2021\/08\/KAPSEN-H201-1-300x70.png 300w, https:\/\/elsalvadorllantas.com\/wp-content\/uploads\/2021\/08\/KAPSEN-H201-1-1024x238.png 1024w, https:\/\/elsalvadorllantas.com\/wp-content\/uploads\/2021\/08\/KAPSEN-H201-1-768x178.png 768w, https:\/\/elsalvadorllantas.com\/wp-content\/uploads\/2021\/08\/KAPSEN-H201-1-600x139.png 600w, https:\/\/elsalvadorllantas.com\/wp-content\/uploads\/2021\/08\/KAPSEN-H201-1-64x15.png 64w, https:\/\/elsalvadorllantas.com\/wp-content\/uploads\/2021\/08\/KAPSEN-H201-1.png 1180w\" sizes=\"(max-width: 300px) 100vw, 300px\" loading=\"lazy\" \/><\/h1>\n<h1>Modelo H201<\/h1>\n<p>El neum\u00e1tico Touringmax AS H201 es creado para turismo, dise\u00f1ado para todas las temporadas climatol\u00f3gicas al ser \u00abAllseason\u00bb, seguridad en marcha y reducci\u00f3n del ruido que beneficia al confort.<\/p>\n<h2>Generalidades<\/h2>\n<p>Dise\u00f1o de alta gama para todo el a\u00f1o con kilometraje demasiado largo y excelente rendimiento en condiciones secas y h\u00famedas, el compuesto de baja temperatura brinda seguridad en viajes largos, el dise\u00f1o de secci\u00f3n optimizado mejora la experiencia de comodidad; cuatro ranuras anchas brindan un excelente drenaje de agua.<\/p>\n<h2>Beneficios<\/h2>\n<ul>\n<li>Excelente drenaje de agua.<\/li>\n<li>Rendimiento en todas las condiciones.<\/li>\n<li>Mayor confort en viajes largos.<\/li>\n<li>Seguridad.<\/li>\n<\/ul>\n<h2><img decoding=\"async\" class=\"alignnone  wp-image-9094\" src=\"https:\/\/elsalvadorllantas.com\/wp-content\/uploads\/2021\/08\/KAPSEN-H201-2-300x251.jpg\" alt=\"\" width=\"241\" height=\"202\" srcset=\"https:\/\/elsalvadorllantas.com\/wp-content\/uploads\/2021\/08\/KAPSEN-H201-2-300x251.jpg 300w, https:\/\/elsalvadorllantas.com\/wp-content\/uploads\/2021\/08\/KAPSEN-H201-2-768x643.jpg 768w, https:\/\/elsalvadorllantas.com\/wp-content\/uploads\/2021\/08\/KAPSEN-H201-2-600x502.jpg 600w, https:\/\/elsalvadorllantas.com\/wp-content\/uploads\/2021\/08\/KAPSEN-H201-2-64x54.jpg 64w, https:\/\/elsalvadorllantas.com\/wp-content\/uploads\/2021\/08\/KAPSEN-H201-2.jpg 890w\" sizes=\"(max-width: 241px) 100vw, 241px\" loading=\"lazy\" \/><img decoding=\"async\" class=\"alignnone  wp-image-9095\" src=\"https:\/\/elsalvadorllantas.com\/wp-content\/uploads\/2021\/08\/KAPSEN-H201-3-240x300.jpg\" alt=\"\" width=\"160\" height=\"200\" srcset=\"https:\/\/elsalvadorllantas.com\/wp-content\/uploads\/2021\/08\/KAPSEN-H201-3-240x300.jpg 240w, https:\/\/elsalvadorllantas.com\/wp-content\/uploads\/2021\/08\/KAPSEN-H201-3-64x80.jpg 64w, https:\/\/elsalvadorllantas.com\/wp-content\/uploads\/2021\/08\/KAPSEN-H201-3.jpg 596w\" sizes=\"(max-width: 160px) 100vw, 160px\" loading=\"lazy\" \/><\/h2>\n<h2>Caracter\u00edsticas de desempe\u00f1o<\/h2>\n<ul>\n<li>Mejor agarre en condiciones h\u00famedas<\/li>\n<li>Mayor confort.<\/li>\n<li>Eficiencia de combustible.<\/li>\n<li>Seguridad.<\/li>\n<\/ul>\n","protected":false},"excerpt":{"rendered":"<p>Lonaje Indice de Carga 4PR 98T Modelo H201 El neum\u00e1tico Touringmax AS H201 es creado para turismo, dise\u00f1ado para todas las temporadas climatol\u00f3gicas al ser \u00abAllseason\u00bb, seguridad en marcha y reducci\u00f3n del ruido que beneficia al confort. Generalidades Dise\u00f1o de alta gama para todo el a\u00f1o con kilometraje demasiado largo y excelente rendimiento en condiciones<br \/><a class=\"more-link\" href=\"https:\/\/elsalvadorllantas.com\/index.php\/producto\/kapsen-215-70-r15-h201-4pr\/\"><br \/>\n        Ver m\u00e1s<span class=\"screen-reader-text\"> \u00abKAPSEN 215\/70 R15 H201 4PR\u00bb<\/span><\/a><\/p>\n","protected":false},"featured_media":6795,"template":"","meta":{"_acf_changed":false},"product_brand":[],"product_cat":[2215,1941,1885],"product_tag":[],"class_list":{"0":"post-8340","1":"product","2":"type-product","3":"status-publish","4":"has-post-thumbnail","6":"product_cat-215-70r15","7":"product_cat-h201","8":"product_cat-kapsen","10":"first","11":"outofstock","12":"sale","13":"shipping-taxable","14":"purchasable","15":"product-type-simple"},"acf":[],"yoast_head":"<!-- This site is optimized with the Yoast SEO plugin v26.8 - https:\/\/yoast.com\/product\/yoast-seo-wordpress\/ -->\r\n<title>KAPSEN 215\/70 R15 H201 4PR - Centro de Servicio Do\u00f1o<\/title>\r\n<meta name=\"robots\" content=\"index, follow, max-snippet:-1, max-image-preview:large, max-video-preview:-1\" \/>\r\n<link rel=\"canonical\" href=\"https:\/\/elsalvadorllantas.com\/index.php\/producto\/kapsen-215-70-r15-h201-4pr\/\" \/>\r\n<meta property=\"og:locale\" content=\"es_ES\" \/>\r\n<meta property=\"og:type\" content=\"article\" \/>\r\n<meta property=\"og:title\" content=\"KAPSEN 215\/70 R15 H201 4PR - Centro de Servicio Do\u00f1o\" \/>\r\n<meta property=\"og:description\" content=\"Lonaje Indice de Carga 4PR 98T Modelo H201 El neum\u00e1tico Touringmax AS H201 es creado para turismo, dise\u00f1ado para todas las temporadas climatol\u00f3gicas al ser \u00abAllseason\u00bb, seguridad en marcha y reducci\u00f3n del ruido que beneficia al confort. Generalidades Dise\u00f1o de alta gama para todo el a\u00f1o con kilometraje demasiado largo y excelente rendimiento en condiciones     Ver m\u00e1s &quot;KAPSEN 215\/70 R15 H201 4PR&quot;\" \/>\r\n<meta property=\"og:url\" content=\"https:\/\/elsalvadorllantas.com\/index.php\/producto\/kapsen-215-70-r15-h201-4pr\/\" \/>\r\n<meta property=\"og:site_name\" content=\"Centro de Servicio Do\u00f1o\" \/>\r\n<meta property=\"article:modified_time\" content=\"2026-04-14T03:30:57+00:00\" \/>\r\n<meta property=\"og:image\" content=\"https:\/\/elsalvadorllantas.com\/wp-content\/uploads\/2021\/07\/KAPSEN-H201-llantas.jpg\" \/>\r\n\t<meta property=\"og:image:width\" content=\"1200\" \/>\r\n\t<meta property=\"og:image:height\" content=\"1200\" \/>\r\n\t<meta property=\"og:image:type\" content=\"image\/jpeg\" \/>\r\n<meta name=\"twitter:card\" content=\"summary_large_image\" \/>\r\n<meta name=\"twitter:label1\" content=\"Tiempo de lectura\" \/>\n\t<meta name=\"twitter:data1\" content=\"2 minutos\" \/>\r\n<script type=\"application\/ld+json\" class=\"yoast-schema-graph\">{\"@context\":\"https:\/\/schema.org\",\"@graph\":[{\"@type\":\"WebPage\",\"@id\":\"https:\/\/elsalvadorllantas.com\/index.php\/producto\/kapsen-215-70-r15-h201-4pr\/\",\"url\":\"https:\/\/elsalvadorllantas.com\/index.php\/producto\/kapsen-215-70-r15-h201-4pr\/\",\"name\":\"KAPSEN 215\/70 R15 H201 4PR - Centro de Servicio Do\u00f1o\",\"isPartOf\":{\"@id\":\"https:\/\/elsalvadorllantas.com\/#website\"},\"primaryImageOfPage\":{\"@id\":\"https:\/\/elsalvadorllantas.com\/index.php\/producto\/kapsen-215-70-r15-h201-4pr\/#primaryimage\"},\"image\":{\"@id\":\"https:\/\/elsalvadorllantas.com\/index.php\/producto\/kapsen-215-70-r15-h201-4pr\/#primaryimage\"},\"thumbnailUrl\":\"https:\/\/elsalvadorllantas.com\/wp-content\/uploads\/2021\/07\/KAPSEN-H201-llantas.jpg\",\"datePublished\":\"2021-08-24T23:13:34+00:00\",\"dateModified\":\"2026-04-14T03:30:57+00:00\",\"breadcrumb\":{\"@id\":\"https:\/\/elsalvadorllantas.com\/index.php\/producto\/kapsen-215-70-r15-h201-4pr\/#breadcrumb\"},\"inLanguage\":\"es\",\"potentialAction\":[{\"@type\":\"ReadAction\",\"target\":[\"https:\/\/elsalvadorllantas.com\/index.php\/producto\/kapsen-215-70-r15-h201-4pr\/\"]}]},{\"@type\":\"ImageObject\",\"inLanguage\":\"es\",\"@id\":\"https:\/\/elsalvadorllantas.com\/index.php\/producto\/kapsen-215-70-r15-h201-4pr\/#primaryimage\",\"url\":\"https:\/\/elsalvadorllantas.com\/wp-content\/uploads\/2021\/07\/KAPSEN-H201-llantas.jpg\",\"contentUrl\":\"https:\/\/elsalvadorllantas.com\/wp-content\/uploads\/2021\/07\/KAPSEN-H201-llantas.jpg\",\"width\":1200,\"height\":1200},{\"@type\":\"BreadcrumbList\",\"@id\":\"https:\/\/elsalvadorllantas.com\/index.php\/producto\/kapsen-215-70-r15-h201-4pr\/#breadcrumb\",\"itemListElement\":[{\"@type\":\"ListItem\",\"position\":1,\"name\":\"Inicio\",\"item\":\"https:\/\/elsalvadorllantas.com\/\"},{\"@type\":\"ListItem\",\"position\":2,\"name\":\"Tienda en linea\",\"item\":\"https:\/\/elsalvadorllantas.com\/index.php\/tienda-en-linea\/\"},{\"@type\":\"ListItem\",\"position\":3,\"name\":\"KAPSEN 215\/70 R15 H201 4PR\"}]},{\"@type\":\"WebSite\",\"@id\":\"https:\/\/elsalvadorllantas.com\/#website\",\"url\":\"https:\/\/elsalvadorllantas.com\/\",\"name\":\"Centro de Servicio Do\u00f1o\",\"description\":\"Venta de Llantas Nuevas - \u00a1Cotiza Ya!\",\"publisher\":{\"@id\":\"https:\/\/elsalvadorllantas.com\/#organization\"},\"potentialAction\":[{\"@type\":\"SearchAction\",\"target\":{\"@type\":\"EntryPoint\",\"urlTemplate\":\"https:\/\/elsalvadorllantas.com\/?s={search_term_string}\"},\"query-input\":{\"@type\":\"PropertyValueSpecification\",\"valueRequired\":true,\"valueName\":\"search_term_string\"}}],\"inLanguage\":\"es\"},{\"@type\":\"Organization\",\"@id\":\"https:\/\/elsalvadorllantas.com\/#organization\",\"name\":\"Centro de Servicio Do\u00f1o\",\"url\":\"https:\/\/elsalvadorllantas.com\/\",\"logo\":{\"@type\":\"ImageObject\",\"inLanguage\":\"es\",\"@id\":\"https:\/\/elsalvadorllantas.com\/#\/schema\/logo\/image\/\",\"url\":\"https:\/\/elsalvadorllantas.com\/wp-content\/uploads\/2021\/12\/Logo_Don\u0303o_Editable-CMYK-2.png\",\"contentUrl\":\"https:\/\/elsalvadorllantas.com\/wp-content\/uploads\/2021\/12\/Logo_Don\u0303o_Editable-CMYK-2.png\",\"width\":2139,\"height\":779,\"caption\":\"Centro de Servicio Do\u00f1o\"},\"image\":{\"@id\":\"https:\/\/elsalvadorllantas.com\/#\/schema\/logo\/image\/\"}}]}<\/script>\r\n<!-- \/ Yoast SEO plugin. -->","yoast_head_json":{"title":"KAPSEN 215\/70 R15 H201 4PR - Centro de Servicio Do\u00f1o","robots":{"index":"index","follow":"follow","max-snippet":"max-snippet:-1","max-image-preview":"max-image-preview:large","max-video-preview":"max-video-preview:-1"},"canonical":"https:\/\/elsalvadorllantas.com\/index.php\/producto\/kapsen-215-70-r15-h201-4pr\/","og_locale":"es_ES","og_type":"article","og_title":"KAPSEN 215\/70 R15 H201 4PR - Centro de Servicio Do\u00f1o","og_description":"Lonaje Indice de Carga 4PR 98T Modelo H201 El neum\u00e1tico Touringmax AS H201 es creado para turismo, dise\u00f1ado para todas las temporadas climatol\u00f3gicas al ser \u00abAllseason\u00bb, seguridad en marcha y reducci\u00f3n del ruido que beneficia al confort. Generalidades Dise\u00f1o de alta gama para todo el a\u00f1o con kilometraje demasiado largo y excelente rendimiento en condiciones     Ver m\u00e1s \"KAPSEN 215\/70 R15 H201 4PR\"","og_url":"https:\/\/elsalvadorllantas.com\/index.php\/producto\/kapsen-215-70-r15-h201-4pr\/","og_site_name":"Centro de Servicio Do\u00f1o","article_modified_time":"2026-04-14T03:30:57+00:00","og_image":[{"width":1200,"height":1200,"url":"https:\/\/elsalvadorllantas.com\/wp-content\/uploads\/2021\/07\/KAPSEN-H201-llantas.jpg","type":"image\/jpeg"}],"twitter_card":"summary_large_image","twitter_misc":{"Tiempo de lectura":"2 minutos"},"schema":{"@context":"https:\/\/schema.org","@graph":[{"@type":"WebPage","@id":"https:\/\/elsalvadorllantas.com\/index.php\/producto\/kapsen-215-70-r15-h201-4pr\/","url":"https:\/\/elsalvadorllantas.com\/index.php\/producto\/kapsen-215-70-r15-h201-4pr\/","name":"KAPSEN 215\/70 R15 H201 4PR - Centro de Servicio Do\u00f1o","isPartOf":{"@id":"https:\/\/elsalvadorllantas.com\/#website"},"primaryImageOfPage":{"@id":"https:\/\/elsalvadorllantas.com\/index.php\/producto\/kapsen-215-70-r15-h201-4pr\/#primaryimage"},"image":{"@id":"https:\/\/elsalvadorllantas.com\/index.php\/producto\/kapsen-215-70-r15-h201-4pr\/#primaryimage"},"thumbnailUrl":"https:\/\/elsalvadorllantas.com\/wp-content\/uploads\/2021\/07\/KAPSEN-H201-llantas.jpg","datePublished":"2021-08-24T23:13:34+00:00","dateModified":"2026-04-14T03:30:57+00:00","breadcrumb":{"@id":"https:\/\/elsalvadorllantas.com\/index.php\/producto\/kapsen-215-70-r15-h201-4pr\/#breadcrumb"},"inLanguage":"es","potentialAction":[{"@type":"ReadAction","target":["https:\/\/elsalvadorllantas.com\/index.php\/producto\/kapsen-215-70-r15-h201-4pr\/"]}]},{"@type":"ImageObject","inLanguage":"es","@id":"https:\/\/elsalvadorllantas.com\/index.php\/producto\/kapsen-215-70-r15-h201-4pr\/#primaryimage","url":"https:\/\/elsalvadorllantas.com\/wp-content\/uploads\/2021\/07\/KAPSEN-H201-llantas.jpg","contentUrl":"https:\/\/elsalvadorllantas.com\/wp-content\/uploads\/2021\/07\/KAPSEN-H201-llantas.jpg","width":1200,"height":1200},{"@type":"BreadcrumbList","@id":"https:\/\/elsalvadorllantas.com\/index.php\/producto\/kapsen-215-70-r15-h201-4pr\/#breadcrumb","itemListElement":[{"@type":"ListItem","position":1,"name":"Inicio","item":"https:\/\/elsalvadorllantas.com\/"},{"@type":"ListItem","position":2,"name":"Tienda en linea","item":"https:\/\/elsalvadorllantas.com\/index.php\/tienda-en-linea\/"},{"@type":"ListItem","position":3,"name":"KAPSEN 215\/70 R15 H201 4PR"}]},{"@type":"WebSite","@id":"https:\/\/elsalvadorllantas.com\/#website","url":"https:\/\/elsalvadorllantas.com\/","name":"Centro de Servicio Do\u00f1o","description":"Venta de Llantas Nuevas - \u00a1Cotiza Ya!","publisher":{"@id":"https:\/\/elsalvadorllantas.com\/#organization"},"potentialAction":[{"@type":"SearchAction","target":{"@type":"EntryPoint","urlTemplate":"https:\/\/elsalvadorllantas.com\/?s={search_term_string}"},"query-input":{"@type":"PropertyValueSpecification","valueRequired":true,"valueName":"search_term_string"}}],"inLanguage":"es"},{"@type":"Organization","@id":"https:\/\/elsalvadorllantas.com\/#organization","name":"Centro de Servicio Do\u00f1o","url":"https:\/\/elsalvadorllantas.com\/","logo":{"@type":"ImageObject","inLanguage":"es","@id":"https:\/\/elsalvadorllantas.com\/#\/schema\/logo\/image\/","url":"https:\/\/elsalvadorllantas.com\/wp-content\/uploads\/2021\/12\/Logo_Don\u0303o_Editable-CMYK-2.png","contentUrl":"https:\/\/elsalvadorllantas.com\/wp-content\/uploads\/2021\/12\/Logo_Don\u0303o_Editable-CMYK-2.png","width":2139,"height":779,"caption":"Centro de Servicio Do\u00f1o"},"image":{"@id":"https:\/\/elsalvadorllantas.com\/#\/schema\/logo\/image\/"}}]}},"_links":{"self":[{"href":"https:\/\/elsalvadorllantas.com\/index.php\/wp-json\/wp\/v2\/product\/8340","targetHints":{"allow":["GET"]}}],"collection":[{"href":"https:\/\/elsalvadorllantas.com\/index.php\/wp-json\/wp\/v2\/product"}],"about":[{"href":"https:\/\/elsalvadorllantas.com\/index.php\/wp-json\/wp\/v2\/types\/product"}],"version-history":[{"count":1,"href":"https:\/\/elsalvadorllantas.com\/index.php\/wp-json\/wp\/v2\/product\/8340\/revisions"}],"predecessor-version":[{"id":20838,"href":"https:\/\/elsalvadorllantas.com\/index.php\/wp-json\/wp\/v2\/product\/8340\/revisions\/20838"}],"wp:featuredmedia":[{"embeddable":true,"href":"https:\/\/elsalvadorllantas.com\/index.php\/wp-json\/wp\/v2\/media\/6795"}],"wp:attachment":[{"href":"https:\/\/elsalvadorllantas.com\/index.php\/wp-json\/wp\/v2\/media?parent=8340"}],"wp:term":[{"taxonomy":"product_brand","embeddable":true,"href":"https:\/\/elsalvadorllantas.com\/index.php\/wp-json\/wp\/v2\/product_brand?post=8340"},{"taxonomy":"product_cat","embeddable":true,"href":"https:\/\/elsalvadorllantas.com\/index.php\/wp-json\/wp\/v2\/product_cat?post=8340"},{"taxonomy":"product_tag","embeddable":true,"href":"https:\/\/elsalvadorllantas.com\/index.php\/wp-json\/wp\/v2\/product_tag?post=8340"}],"curies":[{"name":"wp","href":"https:\/\/api.w.org\/{rel}","templated":true}]}}