{"id":8342,"date":"2021-08-24T23:13:38","date_gmt":"2021-08-24T23:13:38","guid":{"rendered":"https:\/\/elsalvadorllantas.com\/index.php\/product\/kapsen-255-70-r16-rs23-6pr\/"},"modified":"2026-04-12T07:43:09","modified_gmt":"2026-04-12T13:43:09","slug":"kapsen-255-70-r16-rs23-6pr","status":"publish","type":"product","link":"https:\/\/elsalvadorllantas.com\/index.php\/producto\/kapsen-255-70-r16-rs23-6pr\/","title":{"rendered":"KAPSEN 255\/70 R16 RS23 6PR"},"content":{"rendered":"<table style='height: 67px' border='2' width='777'>\n<tbody>\n<tr style='text-align: center'>\n<td>Lonaje<\/td>\n<td>Indice de Carga<\/td>\n<\/tr>\n<tr style='text-align: center'>\n<td>6PR<\/td>\n<td>111T<\/td>\n<\/tr>\n<\/tbody>\n<\/table>\n<h1><img decoding=\"async\" class=\"alignnone wp-image-9106\" src=\"https:\/\/elsalvadorllantas.com\/wp-content\/uploads\/2021\/08\/KAPSEN-RS23-1-300x289.jpg\" alt=\"\" width=\"212\" height=\"204\" srcset=\"https:\/\/elsalvadorllantas.com\/wp-content\/uploads\/2021\/08\/KAPSEN-RS23-1-300x289.jpg 300w, https:\/\/elsalvadorllantas.com\/wp-content\/uploads\/2021\/08\/KAPSEN-RS23-1-64x62.jpg 64w, https:\/\/elsalvadorllantas.com\/wp-content\/uploads\/2021\/08\/KAPSEN-RS23-1.jpg 579w\" sizes=\"(max-width: 212px) 100vw, 212px\" loading=\"lazy\" \/><\/h1>\n<h1>Modelo RS23<\/h1>\n<p>El neum\u00e1tico Practicalmax AT RS23 es para veh\u00edculos todo terreno y SUVS especialmente dise\u00f1ados para offroad, buen agarre en offroad y carretera gran rendimiento kilom\u00e9trico.<\/p>\n<h2>Generalidades<\/h2>\n<p>Los blocks de la banda de rodadura en forma de dientes de tigre brindan una excelente tracci\u00f3n dentro y fuera de la carretera, dise\u00f1ado con compuesto resistente a cortes mejora mucho el kilometraje; los surcos mixtos mejoran el agarre en condiciones de monta\u00f1a barro y nieve.<\/p>\n<h2>Beneficios<\/h2>\n<ul>\n<li>Ranuras laterales reducen el ruido<\/li>\n<li>Tracci\u00f3n dentro y fuera de la carretera.<\/li>\n<li>Resistencia a cortes y pinchaduras.<\/li>\n<li>Rendimiento ultra alto.<\/li>\n<\/ul>\n<h2><img decoding=\"async\" class=\"alignnone wp-image-9107\" src=\"https:\/\/elsalvadorllantas.com\/wp-content\/uploads\/2021\/08\/KAPSEN-RS23-2-300x289.jpg\" alt=\"\" width=\"211\" height=\"203\" srcset=\"https:\/\/elsalvadorllantas.com\/wp-content\/uploads\/2021\/08\/KAPSEN-RS23-2-300x289.jpg 300w, https:\/\/elsalvadorllantas.com\/wp-content\/uploads\/2021\/08\/KAPSEN-RS23-2-64x62.jpg 64w, https:\/\/elsalvadorllantas.com\/wp-content\/uploads\/2021\/08\/KAPSEN-RS23-2.jpg 579w\" sizes=\"(max-width: 211px) 100vw, 211px\" loading=\"lazy\" \/><img decoding=\"async\" class=\"alignnone wp-image-9108\" src=\"https:\/\/elsalvadorllantas.com\/wp-content\/uploads\/2021\/08\/KAPSEN-RS23-3-226x300.jpg\" alt=\"\" width=\"151\" height=\"200\" srcset=\"https:\/\/elsalvadorllantas.com\/wp-content\/uploads\/2021\/08\/KAPSEN-RS23-3-226x300.jpg 226w, https:\/\/elsalvadorllantas.com\/wp-content\/uploads\/2021\/08\/KAPSEN-RS23-3-64x85.jpg 64w, https:\/\/elsalvadorllantas.com\/wp-content\/uploads\/2021\/08\/KAPSEN-RS23-3.jpg 421w\" sizes=\"(max-width: 151px) 100vw, 151px\" loading=\"lazy\" \/><\/h2>\n<h2>Caracter\u00edsticas de desempe\u00f1o<\/h2>\n<ul>\n<li>Rendimiento diferenciado en caminos mixtos.<\/li>\n<li>Llanta para trabajo.<\/li>\n<li>Reducci\u00f3n de ruido.<\/li>\n<li>Agarre en todas las condiciones.<\/li>\n<\/ul>\n<h2>Caracter\u00edsticas y beneficios de la construcci\u00f3n<\/h2>\n<p><img loading=\"lazy\" decoding=\"async\" class=\"alignnone wp-image-9109\" src=\"https:\/\/elsalvadorllantas.com\/wp-content\/uploads\/2021\/08\/KAPSEN-RS23-4-300x123.jpg\" alt=\"\" width=\"444\" height=\"182\" srcset=\"https:\/\/elsalvadorllantas.com\/wp-content\/uploads\/2021\/08\/KAPSEN-RS23-4-300x123.jpg 300w, https:\/\/elsalvadorllantas.com\/wp-content\/uploads\/2021\/08\/KAPSEN-RS23-4-768x315.jpg 768w, https:\/\/elsalvadorllantas.com\/wp-content\/uploads\/2021\/08\/KAPSEN-RS23-4-600x246.jpg 600w, https:\/\/elsalvadorllantas.com\/wp-content\/uploads\/2021\/08\/KAPSEN-RS23-4-64x26.jpg 64w, https:\/\/elsalvadorllantas.com\/wp-content\/uploads\/2021\/08\/KAPSEN-RS23-4.jpg 979w\" sizes=\"(max-width: 444px) 100vw, 444px\" \/><\/p>\n","protected":false},"excerpt":{"rendered":"<p>Lonaje Indice de Carga 6PR 111T Modelo RS23 El neum\u00e1tico Practicalmax AT RS23 es para veh\u00edculos todo terreno y SUVS especialmente dise\u00f1ados para offroad, buen agarre en offroad y carretera gran rendimiento kilom\u00e9trico. Generalidades Los blocks de la banda de rodadura en forma de dientes de tigre brindan una excelente tracci\u00f3n dentro y fuera de<br \/><a class=\"more-link\" href=\"https:\/\/elsalvadorllantas.com\/index.php\/producto\/kapsen-255-70-r16-rs23-6pr\/\"><br \/>\n        Ver m\u00e1s<span class=\"screen-reader-text\"> \u00abKAPSEN 255\/70 R16 RS23 6PR\u00bb<\/span><\/a><\/p>\n","protected":false},"featured_media":18017,"template":"","meta":{"_acf_changed":false},"product_brand":[],"product_cat":[2264,1885,1942],"product_tag":[],"class_list":{"0":"post-8342","1":"product","2":"type-product","3":"status-publish","4":"has-post-thumbnail","6":"product_cat-255-70r16","7":"product_cat-kapsen","8":"product_cat-rs23","10":"first","11":"outofstock","12":"sale","13":"shipping-taxable","14":"purchasable","15":"product-type-simple"},"acf":[],"yoast_head":"<!-- This site is optimized with the Yoast SEO plugin v26.8 - https:\/\/yoast.com\/product\/yoast-seo-wordpress\/ -->\r\n<title>KAPSEN 255\/70 R16 RS23 6PR - Centro de Servicio Do\u00f1o<\/title>\r\n<meta name=\"robots\" content=\"index, follow, max-snippet:-1, max-image-preview:large, max-video-preview:-1\" \/>\r\n<link rel=\"canonical\" href=\"https:\/\/elsalvadorllantas.com\/index.php\/producto\/kapsen-255-70-r16-rs23-6pr\/\" \/>\r\n<meta property=\"og:locale\" content=\"es_ES\" \/>\r\n<meta property=\"og:type\" content=\"article\" \/>\r\n<meta property=\"og:title\" content=\"KAPSEN 255\/70 R16 RS23 6PR - Centro de Servicio Do\u00f1o\" \/>\r\n<meta property=\"og:description\" content=\"Lonaje Indice de Carga 6PR 111T Modelo RS23 El neum\u00e1tico Practicalmax AT RS23 es para veh\u00edculos todo terreno y SUVS especialmente dise\u00f1ados para offroad, buen agarre en offroad y carretera gran rendimiento kilom\u00e9trico. Generalidades Los blocks de la banda de rodadura en forma de dientes de tigre brindan una excelente tracci\u00f3n dentro y fuera de     Ver m\u00e1s &quot;KAPSEN 255\/70 R16 RS23 6PR&quot;\" \/>\r\n<meta property=\"og:url\" content=\"https:\/\/elsalvadorllantas.com\/index.php\/producto\/kapsen-255-70-r16-rs23-6pr\/\" \/>\r\n<meta property=\"og:site_name\" content=\"Centro de Servicio Do\u00f1o\" \/>\r\n<meta property=\"article:modified_time\" content=\"2026-04-12T13:43:09+00:00\" \/>\r\n<meta property=\"og:image\" content=\"https:\/\/elsalvadorllantas.com\/wp-content\/uploads\/2023\/10\/KAPSEN-RS23.jpg\" \/>\r\n\t<meta property=\"og:image:width\" content=\"1200\" \/>\r\n\t<meta property=\"og:image:height\" content=\"1200\" \/>\r\n\t<meta property=\"og:image:type\" content=\"image\/jpeg\" \/>\r\n<meta name=\"twitter:card\" content=\"summary_large_image\" \/>\r\n<meta name=\"twitter:label1\" content=\"Tiempo de lectura\" \/>\n\t<meta name=\"twitter:data1\" content=\"1 minuto\" \/>\r\n<script type=\"application\/ld+json\" class=\"yoast-schema-graph\">{\"@context\":\"https:\/\/schema.org\",\"@graph\":[{\"@type\":\"WebPage\",\"@id\":\"https:\/\/elsalvadorllantas.com\/index.php\/producto\/kapsen-255-70-r16-rs23-6pr\/\",\"url\":\"https:\/\/elsalvadorllantas.com\/index.php\/producto\/kapsen-255-70-r16-rs23-6pr\/\",\"name\":\"KAPSEN 255\/70 R16 RS23 6PR - Centro de Servicio Do\u00f1o\",\"isPartOf\":{\"@id\":\"https:\/\/elsalvadorllantas.com\/#website\"},\"primaryImageOfPage\":{\"@id\":\"https:\/\/elsalvadorllantas.com\/index.php\/producto\/kapsen-255-70-r16-rs23-6pr\/#primaryimage\"},\"image\":{\"@id\":\"https:\/\/elsalvadorllantas.com\/index.php\/producto\/kapsen-255-70-r16-rs23-6pr\/#primaryimage\"},\"thumbnailUrl\":\"https:\/\/elsalvadorllantas.com\/wp-content\/uploads\/2023\/10\/KAPSEN-RS23.jpg\",\"datePublished\":\"2021-08-24T23:13:38+00:00\",\"dateModified\":\"2026-04-12T13:43:09+00:00\",\"breadcrumb\":{\"@id\":\"https:\/\/elsalvadorllantas.com\/index.php\/producto\/kapsen-255-70-r16-rs23-6pr\/#breadcrumb\"},\"inLanguage\":\"es\",\"potentialAction\":[{\"@type\":\"ReadAction\",\"target\":[\"https:\/\/elsalvadorllantas.com\/index.php\/producto\/kapsen-255-70-r16-rs23-6pr\/\"]}]},{\"@type\":\"ImageObject\",\"inLanguage\":\"es\",\"@id\":\"https:\/\/elsalvadorllantas.com\/index.php\/producto\/kapsen-255-70-r16-rs23-6pr\/#primaryimage\",\"url\":\"https:\/\/elsalvadorllantas.com\/wp-content\/uploads\/2023\/10\/KAPSEN-RS23.jpg\",\"contentUrl\":\"https:\/\/elsalvadorllantas.com\/wp-content\/uploads\/2023\/10\/KAPSEN-RS23.jpg\",\"width\":1200,\"height\":1200},{\"@type\":\"BreadcrumbList\",\"@id\":\"https:\/\/elsalvadorllantas.com\/index.php\/producto\/kapsen-255-70-r16-rs23-6pr\/#breadcrumb\",\"itemListElement\":[{\"@type\":\"ListItem\",\"position\":1,\"name\":\"Inicio\",\"item\":\"https:\/\/elsalvadorllantas.com\/\"},{\"@type\":\"ListItem\",\"position\":2,\"name\":\"Tienda en linea\",\"item\":\"https:\/\/elsalvadorllantas.com\/index.php\/tienda-en-linea\/\"},{\"@type\":\"ListItem\",\"position\":3,\"name\":\"KAPSEN 255\/70 R16 RS23 6PR\"}]},{\"@type\":\"WebSite\",\"@id\":\"https:\/\/elsalvadorllantas.com\/#website\",\"url\":\"https:\/\/elsalvadorllantas.com\/\",\"name\":\"Centro de Servicio Do\u00f1o\",\"description\":\"Venta de Llantas Nuevas - \u00a1Cotiza Ya!\",\"publisher\":{\"@id\":\"https:\/\/elsalvadorllantas.com\/#organization\"},\"potentialAction\":[{\"@type\":\"SearchAction\",\"target\":{\"@type\":\"EntryPoint\",\"urlTemplate\":\"https:\/\/elsalvadorllantas.com\/?s={search_term_string}\"},\"query-input\":{\"@type\":\"PropertyValueSpecification\",\"valueRequired\":true,\"valueName\":\"search_term_string\"}}],\"inLanguage\":\"es\"},{\"@type\":\"Organization\",\"@id\":\"https:\/\/elsalvadorllantas.com\/#organization\",\"name\":\"Centro de Servicio Do\u00f1o\",\"url\":\"https:\/\/elsalvadorllantas.com\/\",\"logo\":{\"@type\":\"ImageObject\",\"inLanguage\":\"es\",\"@id\":\"https:\/\/elsalvadorllantas.com\/#\/schema\/logo\/image\/\",\"url\":\"https:\/\/elsalvadorllantas.com\/wp-content\/uploads\/2021\/12\/Logo_Don\u0303o_Editable-CMYK-2.png\",\"contentUrl\":\"https:\/\/elsalvadorllantas.com\/wp-content\/uploads\/2021\/12\/Logo_Don\u0303o_Editable-CMYK-2.png\",\"width\":2139,\"height\":779,\"caption\":\"Centro de Servicio Do\u00f1o\"},\"image\":{\"@id\":\"https:\/\/elsalvadorllantas.com\/#\/schema\/logo\/image\/\"}}]}<\/script>\r\n<!-- \/ Yoast SEO plugin. -->","yoast_head_json":{"title":"KAPSEN 255\/70 R16 RS23 6PR - Centro de Servicio Do\u00f1o","robots":{"index":"index","follow":"follow","max-snippet":"max-snippet:-1","max-image-preview":"max-image-preview:large","max-video-preview":"max-video-preview:-1"},"canonical":"https:\/\/elsalvadorllantas.com\/index.php\/producto\/kapsen-255-70-r16-rs23-6pr\/","og_locale":"es_ES","og_type":"article","og_title":"KAPSEN 255\/70 R16 RS23 6PR - Centro de Servicio Do\u00f1o","og_description":"Lonaje Indice de Carga 6PR 111T Modelo RS23 El neum\u00e1tico Practicalmax AT RS23 es para veh\u00edculos todo terreno y SUVS especialmente dise\u00f1ados para offroad, buen agarre en offroad y carretera gran rendimiento kilom\u00e9trico. Generalidades Los blocks de la banda de rodadura en forma de dientes de tigre brindan una excelente tracci\u00f3n dentro y fuera de     Ver m\u00e1s \"KAPSEN 255\/70 R16 RS23 6PR\"","og_url":"https:\/\/elsalvadorllantas.com\/index.php\/producto\/kapsen-255-70-r16-rs23-6pr\/","og_site_name":"Centro de Servicio Do\u00f1o","article_modified_time":"2026-04-12T13:43:09+00:00","og_image":[{"width":1200,"height":1200,"url":"https:\/\/elsalvadorllantas.com\/wp-content\/uploads\/2023\/10\/KAPSEN-RS23.jpg","type":"image\/jpeg"}],"twitter_card":"summary_large_image","twitter_misc":{"Tiempo de lectura":"1 minuto"},"schema":{"@context":"https:\/\/schema.org","@graph":[{"@type":"WebPage","@id":"https:\/\/elsalvadorllantas.com\/index.php\/producto\/kapsen-255-70-r16-rs23-6pr\/","url":"https:\/\/elsalvadorllantas.com\/index.php\/producto\/kapsen-255-70-r16-rs23-6pr\/","name":"KAPSEN 255\/70 R16 RS23 6PR - Centro de Servicio Do\u00f1o","isPartOf":{"@id":"https:\/\/elsalvadorllantas.com\/#website"},"primaryImageOfPage":{"@id":"https:\/\/elsalvadorllantas.com\/index.php\/producto\/kapsen-255-70-r16-rs23-6pr\/#primaryimage"},"image":{"@id":"https:\/\/elsalvadorllantas.com\/index.php\/producto\/kapsen-255-70-r16-rs23-6pr\/#primaryimage"},"thumbnailUrl":"https:\/\/elsalvadorllantas.com\/wp-content\/uploads\/2023\/10\/KAPSEN-RS23.jpg","datePublished":"2021-08-24T23:13:38+00:00","dateModified":"2026-04-12T13:43:09+00:00","breadcrumb":{"@id":"https:\/\/elsalvadorllantas.com\/index.php\/producto\/kapsen-255-70-r16-rs23-6pr\/#breadcrumb"},"inLanguage":"es","potentialAction":[{"@type":"ReadAction","target":["https:\/\/elsalvadorllantas.com\/index.php\/producto\/kapsen-255-70-r16-rs23-6pr\/"]}]},{"@type":"ImageObject","inLanguage":"es","@id":"https:\/\/elsalvadorllantas.com\/index.php\/producto\/kapsen-255-70-r16-rs23-6pr\/#primaryimage","url":"https:\/\/elsalvadorllantas.com\/wp-content\/uploads\/2023\/10\/KAPSEN-RS23.jpg","contentUrl":"https:\/\/elsalvadorllantas.com\/wp-content\/uploads\/2023\/10\/KAPSEN-RS23.jpg","width":1200,"height":1200},{"@type":"BreadcrumbList","@id":"https:\/\/elsalvadorllantas.com\/index.php\/producto\/kapsen-255-70-r16-rs23-6pr\/#breadcrumb","itemListElement":[{"@type":"ListItem","position":1,"name":"Inicio","item":"https:\/\/elsalvadorllantas.com\/"},{"@type":"ListItem","position":2,"name":"Tienda en linea","item":"https:\/\/elsalvadorllantas.com\/index.php\/tienda-en-linea\/"},{"@type":"ListItem","position":3,"name":"KAPSEN 255\/70 R16 RS23 6PR"}]},{"@type":"WebSite","@id":"https:\/\/elsalvadorllantas.com\/#website","url":"https:\/\/elsalvadorllantas.com\/","name":"Centro de Servicio Do\u00f1o","description":"Venta de Llantas Nuevas - \u00a1Cotiza Ya!","publisher":{"@id":"https:\/\/elsalvadorllantas.com\/#organization"},"potentialAction":[{"@type":"SearchAction","target":{"@type":"EntryPoint","urlTemplate":"https:\/\/elsalvadorllantas.com\/?s={search_term_string}"},"query-input":{"@type":"PropertyValueSpecification","valueRequired":true,"valueName":"search_term_string"}}],"inLanguage":"es"},{"@type":"Organization","@id":"https:\/\/elsalvadorllantas.com\/#organization","name":"Centro de Servicio Do\u00f1o","url":"https:\/\/elsalvadorllantas.com\/","logo":{"@type":"ImageObject","inLanguage":"es","@id":"https:\/\/elsalvadorllantas.com\/#\/schema\/logo\/image\/","url":"https:\/\/elsalvadorllantas.com\/wp-content\/uploads\/2021\/12\/Logo_Don\u0303o_Editable-CMYK-2.png","contentUrl":"https:\/\/elsalvadorllantas.com\/wp-content\/uploads\/2021\/12\/Logo_Don\u0303o_Editable-CMYK-2.png","width":2139,"height":779,"caption":"Centro de Servicio Do\u00f1o"},"image":{"@id":"https:\/\/elsalvadorllantas.com\/#\/schema\/logo\/image\/"}}]}},"_links":{"self":[{"href":"https:\/\/elsalvadorllantas.com\/index.php\/wp-json\/wp\/v2\/product\/8342","targetHints":{"allow":["GET"]}}],"collection":[{"href":"https:\/\/elsalvadorllantas.com\/index.php\/wp-json\/wp\/v2\/product"}],"about":[{"href":"https:\/\/elsalvadorllantas.com\/index.php\/wp-json\/wp\/v2\/types\/product"}],"version-history":[{"count":1,"href":"https:\/\/elsalvadorllantas.com\/index.php\/wp-json\/wp\/v2\/product\/8342\/revisions"}],"predecessor-version":[{"id":20836,"href":"https:\/\/elsalvadorllantas.com\/index.php\/wp-json\/wp\/v2\/product\/8342\/revisions\/20836"}],"wp:featuredmedia":[{"embeddable":true,"href":"https:\/\/elsalvadorllantas.com\/index.php\/wp-json\/wp\/v2\/media\/18017"}],"wp:attachment":[{"href":"https:\/\/elsalvadorllantas.com\/index.php\/wp-json\/wp\/v2\/media?parent=8342"}],"wp:term":[{"taxonomy":"product_brand","embeddable":true,"href":"https:\/\/elsalvadorllantas.com\/index.php\/wp-json\/wp\/v2\/product_brand?post=8342"},{"taxonomy":"product_cat","embeddable":true,"href":"https:\/\/elsalvadorllantas.com\/index.php\/wp-json\/wp\/v2\/product_cat?post=8342"},{"taxonomy":"product_tag","embeddable":true,"href":"https:\/\/elsalvadorllantas.com\/index.php\/wp-json\/wp\/v2\/product_tag?post=8342"}],"curies":[{"name":"wp","href":"https:\/\/api.w.org\/{rel}","templated":true}]}}