{"id":8349,"date":"2021-08-24T23:13:56","date_gmt":"2021-08-24T23:13:56","guid":{"rendered":"https:\/\/elsalvadorllantas.com\/index.php\/product\/kapsen-235-50-zr18-s2000-4pr\/"},"modified":"2026-04-13T23:41:02","modified_gmt":"2026-04-14T05:41:02","slug":"kapsen-235-50-zr18-s2000-4pr","status":"publish","type":"product","link":"https:\/\/elsalvadorllantas.com\/index.php\/producto\/kapsen-235-50-zr18-s2000-4pr\/","title":{"rendered":"KAPSEN 235\/50 ZR18 S2000 4PR"},"content":{"rendered":"<table style=\"height: 67px;\" border=\"2\" width=\"777\">\n<tbody>\n<tr style=\"text-align: center;\">\n<td>Lonaje<\/td>\n<td>Indice de Carga<\/td>\n<\/tr>\n<tr style=\"text-align: center;\">\n<td>4PR<\/td>\n<td>101W<\/td>\n<\/tr>\n<\/tbody>\n<\/table>\n<h1><img decoding=\"async\" class=\"alignnone size-medium wp-image-9096\" src=\"https:\/\/elsalvadorllantas.com\/wp-content\/uploads\/2021\/08\/KAPSEN-S2000-300x155.png\" alt=\"\" width=\"300\" height=\"155\" srcset=\"https:\/\/elsalvadorllantas.com\/wp-content\/uploads\/2021\/08\/KAPSEN-S2000-300x155.png 300w, https:\/\/elsalvadorllantas.com\/wp-content\/uploads\/2021\/08\/KAPSEN-S2000-64x33.png 64w, https:\/\/elsalvadorllantas.com\/wp-content\/uploads\/2021\/08\/KAPSEN-S2000.png 313w\" sizes=\"(max-width: 300px) 100vw, 300px\" loading=\"lazy\" \/><\/h1>\n<h1>Modelo S2000<\/h1>\n<p>El neum\u00e1tico Sportmax S2000 creado para turismo de altas prestaciones, generando gran control a altas velocidades, buen comportamiento en seco y en mojado, con carcasa mejorada y excelente agarre en curva.<\/p>\n<h2>Generalidades<\/h2>\n<p>Dise\u00f1ado para autom\u00f3viles de alta gama con rendimiento ultra alto, excelente capacidad de alta velocidad brinda el S2000, buen manejo y maniobrabilidad en carreteras secas como mojadas; las ranuras en el hombro exterior mejoran el manejo de giro y el bajo ruido.<\/p>\n<h2>Beneficios<\/h2>\n<ul>\n<li>Excelente drenaje gracias a las ranuras en el hombro exterior.<\/li>\n<li>Compuesto de S\u00edlice proporciona un excelente agarre en mojado.<\/li>\n<li>Resistencia a la rodadura reducida.<\/li>\n<li>Rendimiento de manejo.<\/li>\n<li>Rendimiento ultra alto.<\/li>\n<\/ul>\n<h2><img decoding=\"async\" class=\"alignnone wp-image-9094\" src=\"https:\/\/elsalvadorllantas.com\/wp-content\/uploads\/2021\/08\/KAPSEN-H201-2-300x251.jpg\" alt=\"\" width=\"241\" height=\"202\" srcset=\"https:\/\/elsalvadorllantas.com\/wp-content\/uploads\/2021\/08\/KAPSEN-H201-2-300x251.jpg 300w, https:\/\/elsalvadorllantas.com\/wp-content\/uploads\/2021\/08\/KAPSEN-H201-2-768x643.jpg 768w, https:\/\/elsalvadorllantas.com\/wp-content\/uploads\/2021\/08\/KAPSEN-H201-2-600x502.jpg 600w, https:\/\/elsalvadorllantas.com\/wp-content\/uploads\/2021\/08\/KAPSEN-H201-2-64x54.jpg 64w, https:\/\/elsalvadorllantas.com\/wp-content\/uploads\/2021\/08\/KAPSEN-H201-2.jpg 890w\" sizes=\"(max-width: 241px) 100vw, 241px\" loading=\"lazy\" \/><img decoding=\"async\" class=\"alignnone wp-image-9100\" src=\"https:\/\/elsalvadorllantas.com\/wp-content\/uploads\/2021\/08\/KAPSEN-S2000-2-249x300.jpg\" alt=\"\" width=\"183\" height=\"220\" srcset=\"https:\/\/elsalvadorllantas.com\/wp-content\/uploads\/2021\/08\/KAPSEN-S2000-2-249x300.jpg 249w, https:\/\/elsalvadorllantas.com\/wp-content\/uploads\/2021\/08\/KAPSEN-S2000-2-64x77.jpg 64w, https:\/\/elsalvadorllantas.com\/wp-content\/uploads\/2021\/08\/KAPSEN-S2000-2.jpg 579w\" sizes=\"(max-width: 183px) 100vw, 183px\" loading=\"lazy\" \/><\/h2>\n<h2>Caracter\u00edsticas de desempe\u00f1o<\/h2>\n<ul>\n<li>Excelente agarre y rendimiento de manejo.<\/li>\n<li>Resistencia a la rodadura.<\/li>\n<li>Capacidad de alta velocidad.<\/li>\n<\/ul>\n<h2>Caracter\u00edsticas y beneficios de la construcci\u00f3n<\/h2>\n<p><img loading=\"lazy\" decoding=\"async\" class=\"alignnone size-medium wp-image-9101\" src=\"https:\/\/elsalvadorllantas.com\/wp-content\/uploads\/2021\/08\/KAPSEN-S2000-3-249x300.jpg\" alt=\"\" width=\"249\" height=\"300\" srcset=\"https:\/\/elsalvadorllantas.com\/wp-content\/uploads\/2021\/08\/KAPSEN-S2000-3-249x300.jpg 249w, https:\/\/elsalvadorllantas.com\/wp-content\/uploads\/2021\/08\/KAPSEN-S2000-3-64x77.jpg 64w, https:\/\/elsalvadorllantas.com\/wp-content\/uploads\/2021\/08\/KAPSEN-S2000-3.jpg 579w\" sizes=\"(max-width: 249px) 100vw, 249px\" \/><\/p>\n","protected":false},"excerpt":{"rendered":"<p>Lonaje Indice de Carga 4PR 101W Modelo S2000 El neum\u00e1tico Sportmax S2000 creado para turismo de altas prestaciones, generando gran control a altas velocidades, buen comportamiento en seco y en mojado, con carcasa mejorada y excelente agarre en curva. Generalidades Dise\u00f1ado para autom\u00f3viles de alta gama con rendimiento ultra alto, excelente capacidad de alta velocidad<br \/><a class=\"more-link\" href=\"https:\/\/elsalvadorllantas.com\/index.php\/producto\/kapsen-235-50-zr18-s2000-4pr\/\"><br \/>\n        Ver m\u00e1s<span class=\"screen-reader-text\"> \u00abKAPSEN 235\/50 ZR18 S2000 4PR\u00bb<\/span><\/a><\/p>\n","protected":false},"featured_media":18021,"template":"","meta":{"_acf_changed":false},"product_brand":[],"product_cat":[2315,1885,1944],"product_tag":[],"class_list":{"0":"post-8349","1":"product","2":"type-product","3":"status-publish","4":"has-post-thumbnail","6":"product_cat-235-50zr18","7":"product_cat-kapsen","8":"product_cat-s2000","10":"first","11":"outofstock","12":"sale","13":"shipping-taxable","14":"purchasable","15":"product-type-simple"},"acf":[],"yoast_head":"<!-- This site is optimized with the Yoast SEO plugin v26.8 - https:\/\/yoast.com\/product\/yoast-seo-wordpress\/ -->\r\n<title>KAPSEN 235\/50 ZR18 S2000 4PR - Centro de Servicio Do\u00f1o<\/title>\r\n<meta name=\"robots\" content=\"index, follow, max-snippet:-1, max-image-preview:large, max-video-preview:-1\" \/>\r\n<link rel=\"canonical\" href=\"https:\/\/elsalvadorllantas.com\/index.php\/producto\/kapsen-235-50-zr18-s2000-4pr\/\" \/>\r\n<meta property=\"og:locale\" content=\"es_ES\" \/>\r\n<meta property=\"og:type\" content=\"article\" \/>\r\n<meta property=\"og:title\" content=\"KAPSEN 235\/50 ZR18 S2000 4PR - Centro de Servicio Do\u00f1o\" \/>\r\n<meta property=\"og:description\" content=\"Lonaje Indice de Carga 4PR 101W Modelo S2000 El neum\u00e1tico Sportmax S2000 creado para turismo de altas prestaciones, generando gran control a altas velocidades, buen comportamiento en seco y en mojado, con carcasa mejorada y excelente agarre en curva. Generalidades Dise\u00f1ado para autom\u00f3viles de alta gama con rendimiento ultra alto, excelente capacidad de alta velocidad     Ver m\u00e1s &quot;KAPSEN 235\/50 ZR18 S2000 4PR&quot;\" \/>\r\n<meta property=\"og:url\" content=\"https:\/\/elsalvadorllantas.com\/index.php\/producto\/kapsen-235-50-zr18-s2000-4pr\/\" \/>\r\n<meta property=\"og:site_name\" content=\"Centro de Servicio Do\u00f1o\" \/>\r\n<meta property=\"article:modified_time\" content=\"2026-04-14T05:41:02+00:00\" \/>\r\n<meta property=\"og:image\" content=\"https:\/\/elsalvadorllantas.com\/wp-content\/uploads\/2021\/07\/KAPSEN-S2000-llantas.jpg\" \/>\r\n\t<meta property=\"og:image:width\" content=\"1200\" \/>\r\n\t<meta property=\"og:image:height\" content=\"1200\" \/>\r\n\t<meta property=\"og:image:type\" content=\"image\/jpeg\" \/>\r\n<meta name=\"twitter:card\" content=\"summary_large_image\" \/>\r\n<meta name=\"twitter:label1\" content=\"Tiempo de lectura\" \/>\n\t<meta name=\"twitter:data1\" content=\"2 minutos\" \/>\r\n<script type=\"application\/ld+json\" class=\"yoast-schema-graph\">{\"@context\":\"https:\/\/schema.org\",\"@graph\":[{\"@type\":\"WebPage\",\"@id\":\"https:\/\/elsalvadorllantas.com\/index.php\/producto\/kapsen-235-50-zr18-s2000-4pr\/\",\"url\":\"https:\/\/elsalvadorllantas.com\/index.php\/producto\/kapsen-235-50-zr18-s2000-4pr\/\",\"name\":\"KAPSEN 235\/50 ZR18 S2000 4PR - Centro de Servicio Do\u00f1o\",\"isPartOf\":{\"@id\":\"https:\/\/elsalvadorllantas.com\/#website\"},\"primaryImageOfPage\":{\"@id\":\"https:\/\/elsalvadorllantas.com\/index.php\/producto\/kapsen-235-50-zr18-s2000-4pr\/#primaryimage\"},\"image\":{\"@id\":\"https:\/\/elsalvadorllantas.com\/index.php\/producto\/kapsen-235-50-zr18-s2000-4pr\/#primaryimage\"},\"thumbnailUrl\":\"https:\/\/elsalvadorllantas.com\/wp-content\/uploads\/2023\/10\/KAPSEN-S2000.jpg\",\"datePublished\":\"2021-08-24T23:13:56+00:00\",\"dateModified\":\"2026-04-14T05:41:02+00:00\",\"breadcrumb\":{\"@id\":\"https:\/\/elsalvadorllantas.com\/index.php\/producto\/kapsen-235-50-zr18-s2000-4pr\/#breadcrumb\"},\"inLanguage\":\"es\",\"potentialAction\":[{\"@type\":\"ReadAction\",\"target\":[\"https:\/\/elsalvadorllantas.com\/index.php\/producto\/kapsen-235-50-zr18-s2000-4pr\/\"]}]},{\"@type\":\"ImageObject\",\"inLanguage\":\"es\",\"@id\":\"https:\/\/elsalvadorllantas.com\/index.php\/producto\/kapsen-235-50-zr18-s2000-4pr\/#primaryimage\",\"url\":\"https:\/\/elsalvadorllantas.com\/wp-content\/uploads\/2023\/10\/KAPSEN-S2000.jpg\",\"contentUrl\":\"https:\/\/elsalvadorllantas.com\/wp-content\/uploads\/2023\/10\/KAPSEN-S2000.jpg\",\"width\":1200,\"height\":1200},{\"@type\":\"BreadcrumbList\",\"@id\":\"https:\/\/elsalvadorllantas.com\/index.php\/producto\/kapsen-235-50-zr18-s2000-4pr\/#breadcrumb\",\"itemListElement\":[{\"@type\":\"ListItem\",\"position\":1,\"name\":\"Inicio\",\"item\":\"https:\/\/elsalvadorllantas.com\/\"},{\"@type\":\"ListItem\",\"position\":2,\"name\":\"Tienda en linea\",\"item\":\"https:\/\/elsalvadorllantas.com\/index.php\/tienda-en-linea\/\"},{\"@type\":\"ListItem\",\"position\":3,\"name\":\"KAPSEN 235\/50 ZR18 S2000 4PR\"}]},{\"@type\":\"WebSite\",\"@id\":\"https:\/\/elsalvadorllantas.com\/#website\",\"url\":\"https:\/\/elsalvadorllantas.com\/\",\"name\":\"Centro de Servicio Do\u00f1o\",\"description\":\"Venta de Llantas Nuevas - \u00a1Cotiza Ya!\",\"publisher\":{\"@id\":\"https:\/\/elsalvadorllantas.com\/#organization\"},\"potentialAction\":[{\"@type\":\"SearchAction\",\"target\":{\"@type\":\"EntryPoint\",\"urlTemplate\":\"https:\/\/elsalvadorllantas.com\/?s={search_term_string}\"},\"query-input\":{\"@type\":\"PropertyValueSpecification\",\"valueRequired\":true,\"valueName\":\"search_term_string\"}}],\"inLanguage\":\"es\"},{\"@type\":\"Organization\",\"@id\":\"https:\/\/elsalvadorllantas.com\/#organization\",\"name\":\"Centro de Servicio Do\u00f1o\",\"url\":\"https:\/\/elsalvadorllantas.com\/\",\"logo\":{\"@type\":\"ImageObject\",\"inLanguage\":\"es\",\"@id\":\"https:\/\/elsalvadorllantas.com\/#\/schema\/logo\/image\/\",\"url\":\"https:\/\/elsalvadorllantas.com\/wp-content\/uploads\/2021\/12\/Logo_Don\u0303o_Editable-CMYK-2.png\",\"contentUrl\":\"https:\/\/elsalvadorllantas.com\/wp-content\/uploads\/2021\/12\/Logo_Don\u0303o_Editable-CMYK-2.png\",\"width\":2139,\"height\":779,\"caption\":\"Centro de Servicio Do\u00f1o\"},\"image\":{\"@id\":\"https:\/\/elsalvadorllantas.com\/#\/schema\/logo\/image\/\"}}]}<\/script>\r\n<!-- \/ Yoast SEO plugin. -->","yoast_head_json":{"title":"KAPSEN 235\/50 ZR18 S2000 4PR - Centro de Servicio Do\u00f1o","robots":{"index":"index","follow":"follow","max-snippet":"max-snippet:-1","max-image-preview":"max-image-preview:large","max-video-preview":"max-video-preview:-1"},"canonical":"https:\/\/elsalvadorllantas.com\/index.php\/producto\/kapsen-235-50-zr18-s2000-4pr\/","og_locale":"es_ES","og_type":"article","og_title":"KAPSEN 235\/50 ZR18 S2000 4PR - Centro de Servicio Do\u00f1o","og_description":"Lonaje Indice de Carga 4PR 101W Modelo S2000 El neum\u00e1tico Sportmax S2000 creado para turismo de altas prestaciones, generando gran control a altas velocidades, buen comportamiento en seco y en mojado, con carcasa mejorada y excelente agarre en curva. Generalidades Dise\u00f1ado para autom\u00f3viles de alta gama con rendimiento ultra alto, excelente capacidad de alta velocidad     Ver m\u00e1s \"KAPSEN 235\/50 ZR18 S2000 4PR\"","og_url":"https:\/\/elsalvadorllantas.com\/index.php\/producto\/kapsen-235-50-zr18-s2000-4pr\/","og_site_name":"Centro de Servicio Do\u00f1o","article_modified_time":"2026-04-14T05:41:02+00:00","og_image":[{"width":1200,"height":1200,"url":"https:\/\/elsalvadorllantas.com\/wp-content\/uploads\/2021\/07\/KAPSEN-S2000-llantas.jpg","type":"image\/jpeg"}],"twitter_card":"summary_large_image","twitter_misc":{"Tiempo de lectura":"2 minutos"},"schema":{"@context":"https:\/\/schema.org","@graph":[{"@type":"WebPage","@id":"https:\/\/elsalvadorllantas.com\/index.php\/producto\/kapsen-235-50-zr18-s2000-4pr\/","url":"https:\/\/elsalvadorllantas.com\/index.php\/producto\/kapsen-235-50-zr18-s2000-4pr\/","name":"KAPSEN 235\/50 ZR18 S2000 4PR - Centro de Servicio Do\u00f1o","isPartOf":{"@id":"https:\/\/elsalvadorllantas.com\/#website"},"primaryImageOfPage":{"@id":"https:\/\/elsalvadorllantas.com\/index.php\/producto\/kapsen-235-50-zr18-s2000-4pr\/#primaryimage"},"image":{"@id":"https:\/\/elsalvadorllantas.com\/index.php\/producto\/kapsen-235-50-zr18-s2000-4pr\/#primaryimage"},"thumbnailUrl":"https:\/\/elsalvadorllantas.com\/wp-content\/uploads\/2023\/10\/KAPSEN-S2000.jpg","datePublished":"2021-08-24T23:13:56+00:00","dateModified":"2026-04-14T05:41:02+00:00","breadcrumb":{"@id":"https:\/\/elsalvadorllantas.com\/index.php\/producto\/kapsen-235-50-zr18-s2000-4pr\/#breadcrumb"},"inLanguage":"es","potentialAction":[{"@type":"ReadAction","target":["https:\/\/elsalvadorllantas.com\/index.php\/producto\/kapsen-235-50-zr18-s2000-4pr\/"]}]},{"@type":"ImageObject","inLanguage":"es","@id":"https:\/\/elsalvadorllantas.com\/index.php\/producto\/kapsen-235-50-zr18-s2000-4pr\/#primaryimage","url":"https:\/\/elsalvadorllantas.com\/wp-content\/uploads\/2023\/10\/KAPSEN-S2000.jpg","contentUrl":"https:\/\/elsalvadorllantas.com\/wp-content\/uploads\/2023\/10\/KAPSEN-S2000.jpg","width":1200,"height":1200},{"@type":"BreadcrumbList","@id":"https:\/\/elsalvadorllantas.com\/index.php\/producto\/kapsen-235-50-zr18-s2000-4pr\/#breadcrumb","itemListElement":[{"@type":"ListItem","position":1,"name":"Inicio","item":"https:\/\/elsalvadorllantas.com\/"},{"@type":"ListItem","position":2,"name":"Tienda en linea","item":"https:\/\/elsalvadorllantas.com\/index.php\/tienda-en-linea\/"},{"@type":"ListItem","position":3,"name":"KAPSEN 235\/50 ZR18 S2000 4PR"}]},{"@type":"WebSite","@id":"https:\/\/elsalvadorllantas.com\/#website","url":"https:\/\/elsalvadorllantas.com\/","name":"Centro de Servicio Do\u00f1o","description":"Venta de Llantas Nuevas - \u00a1Cotiza Ya!","publisher":{"@id":"https:\/\/elsalvadorllantas.com\/#organization"},"potentialAction":[{"@type":"SearchAction","target":{"@type":"EntryPoint","urlTemplate":"https:\/\/elsalvadorllantas.com\/?s={search_term_string}"},"query-input":{"@type":"PropertyValueSpecification","valueRequired":true,"valueName":"search_term_string"}}],"inLanguage":"es"},{"@type":"Organization","@id":"https:\/\/elsalvadorllantas.com\/#organization","name":"Centro de Servicio Do\u00f1o","url":"https:\/\/elsalvadorllantas.com\/","logo":{"@type":"ImageObject","inLanguage":"es","@id":"https:\/\/elsalvadorllantas.com\/#\/schema\/logo\/image\/","url":"https:\/\/elsalvadorllantas.com\/wp-content\/uploads\/2021\/12\/Logo_Don\u0303o_Editable-CMYK-2.png","contentUrl":"https:\/\/elsalvadorllantas.com\/wp-content\/uploads\/2021\/12\/Logo_Don\u0303o_Editable-CMYK-2.png","width":2139,"height":779,"caption":"Centro de Servicio Do\u00f1o"},"image":{"@id":"https:\/\/elsalvadorllantas.com\/#\/schema\/logo\/image\/"}}]}},"_links":{"self":[{"href":"https:\/\/elsalvadorllantas.com\/index.php\/wp-json\/wp\/v2\/product\/8349","targetHints":{"allow":["GET"]}}],"collection":[{"href":"https:\/\/elsalvadorllantas.com\/index.php\/wp-json\/wp\/v2\/product"}],"about":[{"href":"https:\/\/elsalvadorllantas.com\/index.php\/wp-json\/wp\/v2\/types\/product"}],"version-history":[{"count":0,"href":"https:\/\/elsalvadorllantas.com\/index.php\/wp-json\/wp\/v2\/product\/8349\/revisions"}],"wp:featuredmedia":[{"embeddable":true,"href":"https:\/\/elsalvadorllantas.com\/index.php\/wp-json\/wp\/v2\/media\/18021"}],"wp:attachment":[{"href":"https:\/\/elsalvadorllantas.com\/index.php\/wp-json\/wp\/v2\/media?parent=8349"}],"wp:term":[{"taxonomy":"product_brand","embeddable":true,"href":"https:\/\/elsalvadorllantas.com\/index.php\/wp-json\/wp\/v2\/product_brand?post=8349"},{"taxonomy":"product_cat","embeddable":true,"href":"https:\/\/elsalvadorllantas.com\/index.php\/wp-json\/wp\/v2\/product_cat?post=8349"},{"taxonomy":"product_tag","embeddable":true,"href":"https:\/\/elsalvadorllantas.com\/index.php\/wp-json\/wp\/v2\/product_tag?post=8349"}],"curies":[{"name":"wp","href":"https:\/\/api.w.org\/{rel}","templated":true}]}}