{"id":8357,"date":"2021-08-24T23:14:15","date_gmt":"2021-08-24T23:14:15","guid":{"rendered":"https:\/\/elsalvadorllantas.com\/index.php\/product\/presa-185-55-r15-pr1-4pr\/"},"modified":"2026-04-13T23:41:35","modified_gmt":"2026-04-14T05:41:35","slug":"presa-185-55-r15-pr1-4pr","status":"publish","type":"product","link":"https:\/\/elsalvadorllantas.com\/index.php\/producto\/presa-185-55-r15-pr1-4pr\/","title":{"rendered":"Presa 185\/55 R15 PR1 4PR"},"content":{"rendered":"<table style=\"height: 67px;\" border=\"2\" width=\"777\">\n<tbody>\n<tr style=\"text-align: center;\">\n<td>Lonaje<\/td>\n<td>Indice de Carga<\/td>\n<\/tr>\n<tr style=\"text-align: center;\">\n<td>4PR<\/td>\n<td>82V<\/td>\n<\/tr>\n<\/tbody>\n<\/table>\n<h1><img decoding=\"async\" class=\"alignnone size-medium wp-image-9077\" src=\"https:\/\/elsalvadorllantas.com\/wp-content\/uploads\/2021\/08\/PRESA-PR1-1-300x55.jpg\" alt=\"\" width=\"300\" height=\"55\" srcset=\"https:\/\/elsalvadorllantas.com\/wp-content\/uploads\/2021\/08\/PRESA-PR1-1-300x55.jpg 300w, https:\/\/elsalvadorllantas.com\/wp-content\/uploads\/2021\/08\/PRESA-PR1-1-768x140.jpg 768w, https:\/\/elsalvadorllantas.com\/wp-content\/uploads\/2021\/08\/PRESA-PR1-1-600x110.jpg 600w, https:\/\/elsalvadorllantas.com\/wp-content\/uploads\/2021\/08\/PRESA-PR1-1-64x12.jpg 64w, https:\/\/elsalvadorllantas.com\/wp-content\/uploads\/2021\/08\/PRESA-PR1-1.jpg 924w\" sizes=\"(max-width: 300px) 100vw, 300px\" loading=\"lazy\" \/><\/h1>\n<h1>Modelo PR1<\/h1>\n<p>El nuevo neum\u00e1tico PR1 posee un dise\u00f1o de banda de rodadura de varios tonos esto reduce el ruido del patr\u00f3n percibido y la resonancia del ruido en general.<\/p>\n<h2>Generalidades<\/h2>\n<p>El neum\u00e1tico posee tambi\u00e9n un dise\u00f1o de laminillas equilibradas, esto optimiza la rigidez de la banda de rodadura para mejorar la comodidad en la conducci\u00f3n. El nuevo dise\u00f1o de relleno de tal\u00f3n distribuye la presi\u00f3n de manera mas efectiva para mejorar la comodidad de conducci\u00f3n.<\/p>\n<h2>Beneficios<\/h2>\n<ul>\n<li>Reduce la resistencia a la rodadura y maximiza el kilometraje.<\/li>\n<li>Mejora la distribuci\u00f3n de la presi\u00f3n de la huella para un contacto m\u00e1ximo.<\/li>\n<li>Minimiza el ruido del patr\u00f3n y genera refinamiento de conducci\u00f3n.<\/li>\n<\/ul>\n<p><img decoding=\"async\" class=\"alignnone wp-image-9078\" src=\"https:\/\/elsalvadorllantas.com\/wp-content\/uploads\/2021\/08\/PRESA-PR1-2-213x300.jpg\" alt=\"\" width=\"142\" height=\"200\" srcset=\"https:\/\/elsalvadorllantas.com\/wp-content\/uploads\/2021\/08\/PRESA-PR1-2-213x300.jpg 213w, https:\/\/elsalvadorllantas.com\/wp-content\/uploads\/2021\/08\/PRESA-PR1-2-727x1024.jpg 727w, https:\/\/elsalvadorllantas.com\/wp-content\/uploads\/2021\/08\/PRESA-PR1-2-768x1081.jpg 768w, https:\/\/elsalvadorllantas.com\/wp-content\/uploads\/2021\/08\/PRESA-PR1-2-600x845.jpg 600w, https:\/\/elsalvadorllantas.com\/wp-content\/uploads\/2021\/08\/PRESA-PR1-2-64x90.jpg 64w, https:\/\/elsalvadorllantas.com\/wp-content\/uploads\/2021\/08\/PRESA-PR1-2.jpg 819w\" sizes=\"(max-width: 142px) 100vw, 142px\" loading=\"lazy\" \/><img decoding=\"async\" class=\"alignnone wp-image-9079\" src=\"https:\/\/elsalvadorllantas.com\/wp-content\/uploads\/2021\/08\/PRESA-PR1-3-130x300.jpg\" alt=\"\" width=\"84\" height=\"194\" srcset=\"https:\/\/elsalvadorllantas.com\/wp-content\/uploads\/2021\/08\/PRESA-PR1-3-130x300.jpg 130w, https:\/\/elsalvadorllantas.com\/wp-content\/uploads\/2021\/08\/PRESA-PR1-3-442x1024.jpg 442w, https:\/\/elsalvadorllantas.com\/wp-content\/uploads\/2021\/08\/PRESA-PR1-3-64x148.jpg 64w, https:\/\/elsalvadorllantas.com\/wp-content\/uploads\/2021\/08\/PRESA-PR1-3.jpg 498w\" sizes=\"(max-width: 84px) 100vw, 84px\" loading=\"lazy\" \/><\/p>\n<h2>Caracter\u00edsticas de desempe\u00f1o<\/h2>\n<ul>\n<li>Minimiza el ruido del patr\u00f3n y genera refinamiento de conducci\u00f3n.<\/li>\n<li>Rigidez en la banda de rodadura.<\/li>\n<li>Menor ruido en cabina.<\/li>\n<li>Mayor ahorro de combustible.<\/li>\n<\/ul>\n<h2>Caracter\u00edsticas y beneficios de la construcci\u00f3n<\/h2>\n<ul>\n<li>Dise\u00f1o de costilla solida proporciona estabilidad en la conducci\u00f3n.<\/li>\n<li>El neum\u00e1tico PR1 esta reforzado con un especial componente que proporciona resistencia al hidro planeo y menor distancia de frenado.<\/li>\n<li>Mayor flexibilidad y comodidad de conducci\u00f3n.<\/li>\n<\/ul>\n<p><img loading=\"lazy\" decoding=\"async\" class=\"alignnone wp-image-9080\" src=\"https:\/\/elsalvadorllantas.com\/wp-content\/uploads\/2021\/08\/PRESA-PR1-4-300x132.jpg\" alt=\"\" width=\"373\" height=\"164\" srcset=\"https:\/\/elsalvadorllantas.com\/wp-content\/uploads\/2021\/08\/PRESA-PR1-4-300x132.jpg 300w, https:\/\/elsalvadorllantas.com\/wp-content\/uploads\/2021\/08\/PRESA-PR1-4-1024x452.jpg 1024w, https:\/\/elsalvadorllantas.com\/wp-content\/uploads\/2021\/08\/PRESA-PR1-4-768x339.jpg 768w, https:\/\/elsalvadorllantas.com\/wp-content\/uploads\/2021\/08\/PRESA-PR1-4-600x265.jpg 600w, https:\/\/elsalvadorllantas.com\/wp-content\/uploads\/2021\/08\/PRESA-PR1-4-64x28.jpg 64w, https:\/\/elsalvadorllantas.com\/wp-content\/uploads\/2021\/08\/PRESA-PR1-4.jpg 1212w\" sizes=\"(max-width: 373px) 100vw, 373px\" \/><\/p>\n","protected":false},"excerpt":{"rendered":"<p>Lonaje Indice de Carga 4PR 82V Modelo PR1 El nuevo neum\u00e1tico PR1 posee un dise\u00f1o de banda de rodadura de varios tonos esto reduce el ruido del patr\u00f3n percibido y la resonancia del ruido en general. Generalidades El neum\u00e1tico posee tambi\u00e9n un dise\u00f1o de laminillas equilibradas, esto optimiza la rigidez de la banda de rodadura<br \/><a class=\"more-link\" href=\"https:\/\/elsalvadorllantas.com\/index.php\/producto\/presa-185-55-r15-pr1-4pr\/\"><br \/>\n        Ver m\u00e1s<span class=\"screen-reader-text\"> \u00abPresa 185\/55 R15 PR1 4PR\u00bb<\/span><\/a><\/p>\n","protected":false},"featured_media":18002,"template":"","meta":{"_acf_changed":false},"product_brand":[],"product_cat":[2224,1946,1884],"product_tag":[],"class_list":{"0":"post-8357","1":"product","2":"type-product","3":"status-publish","4":"has-post-thumbnail","6":"product_cat-185-55r15","7":"product_cat-pr1","8":"product_cat-presa","10":"first","11":"outofstock","12":"sale","13":"shipping-taxable","14":"purchasable","15":"product-type-simple"},"acf":[],"yoast_head":"<!-- This site is optimized with the Yoast SEO plugin v26.8 - https:\/\/yoast.com\/product\/yoast-seo-wordpress\/ -->\r\n<title>Presa 185\/55 R15 PR1 4PR - Centro de Servicio Do\u00f1o<\/title>\r\n<meta name=\"robots\" content=\"index, follow, max-snippet:-1, max-image-preview:large, max-video-preview:-1\" \/>\r\n<link rel=\"canonical\" href=\"https:\/\/elsalvadorllantas.com\/index.php\/producto\/presa-185-55-r15-pr1-4pr\/\" \/>\r\n<meta property=\"og:locale\" content=\"es_ES\" \/>\r\n<meta property=\"og:type\" content=\"article\" \/>\r\n<meta property=\"og:title\" content=\"Presa 185\/55 R15 PR1 4PR - Centro de Servicio Do\u00f1o\" \/>\r\n<meta property=\"og:description\" content=\"Lonaje Indice de Carga 4PR 82V Modelo PR1 El nuevo neum\u00e1tico PR1 posee un dise\u00f1o de banda de rodadura de varios tonos esto reduce el ruido del patr\u00f3n percibido y la resonancia del ruido en general. Generalidades El neum\u00e1tico posee tambi\u00e9n un dise\u00f1o de laminillas equilibradas, esto optimiza la rigidez de la banda de rodadura     Ver m\u00e1s &quot;Presa 185\/55 R15 PR1 4PR&quot;\" \/>\r\n<meta property=\"og:url\" content=\"https:\/\/elsalvadorllantas.com\/index.php\/producto\/presa-185-55-r15-pr1-4pr\/\" \/>\r\n<meta property=\"og:site_name\" content=\"Centro de Servicio Do\u00f1o\" \/>\r\n<meta property=\"article:modified_time\" content=\"2026-04-14T05:41:35+00:00\" \/>\r\n<meta property=\"og:image\" content=\"https:\/\/elsalvadorllantas.com\/wp-content\/uploads\/2023\/10\/LLANTAS-PRESA-PR1.jpg\" \/>\r\n\t<meta property=\"og:image:width\" content=\"1200\" \/>\r\n\t<meta property=\"og:image:height\" content=\"1200\" \/>\r\n\t<meta property=\"og:image:type\" content=\"image\/jpeg\" \/>\r\n<meta name=\"twitter:card\" content=\"summary_large_image\" \/>\r\n<meta name=\"twitter:label1\" content=\"Tiempo de lectura\" \/>\n\t<meta name=\"twitter:data1\" content=\"2 minutos\" \/>\r\n<script type=\"application\/ld+json\" class=\"yoast-schema-graph\">{\"@context\":\"https:\/\/schema.org\",\"@graph\":[{\"@type\":\"WebPage\",\"@id\":\"https:\/\/elsalvadorllantas.com\/index.php\/producto\/presa-185-55-r15-pr1-4pr\/\",\"url\":\"https:\/\/elsalvadorllantas.com\/index.php\/producto\/presa-185-55-r15-pr1-4pr\/\",\"name\":\"Presa 185\/55 R15 PR1 4PR - Centro de Servicio Do\u00f1o\",\"isPartOf\":{\"@id\":\"https:\/\/elsalvadorllantas.com\/#website\"},\"primaryImageOfPage\":{\"@id\":\"https:\/\/elsalvadorllantas.com\/index.php\/producto\/presa-185-55-r15-pr1-4pr\/#primaryimage\"},\"image\":{\"@id\":\"https:\/\/elsalvadorllantas.com\/index.php\/producto\/presa-185-55-r15-pr1-4pr\/#primaryimage\"},\"thumbnailUrl\":\"https:\/\/elsalvadorllantas.com\/wp-content\/uploads\/2023\/10\/LLANTAS-PRESA-PR1.jpg\",\"datePublished\":\"2021-08-24T23:14:15+00:00\",\"dateModified\":\"2026-04-14T05:41:35+00:00\",\"breadcrumb\":{\"@id\":\"https:\/\/elsalvadorllantas.com\/index.php\/producto\/presa-185-55-r15-pr1-4pr\/#breadcrumb\"},\"inLanguage\":\"es\",\"potentialAction\":[{\"@type\":\"ReadAction\",\"target\":[\"https:\/\/elsalvadorllantas.com\/index.php\/producto\/presa-185-55-r15-pr1-4pr\/\"]}]},{\"@type\":\"ImageObject\",\"inLanguage\":\"es\",\"@id\":\"https:\/\/elsalvadorllantas.com\/index.php\/producto\/presa-185-55-r15-pr1-4pr\/#primaryimage\",\"url\":\"https:\/\/elsalvadorllantas.com\/wp-content\/uploads\/2023\/10\/LLANTAS-PRESA-PR1.jpg\",\"contentUrl\":\"https:\/\/elsalvadorllantas.com\/wp-content\/uploads\/2023\/10\/LLANTAS-PRESA-PR1.jpg\",\"width\":1200,\"height\":1200},{\"@type\":\"BreadcrumbList\",\"@id\":\"https:\/\/elsalvadorllantas.com\/index.php\/producto\/presa-185-55-r15-pr1-4pr\/#breadcrumb\",\"itemListElement\":[{\"@type\":\"ListItem\",\"position\":1,\"name\":\"Inicio\",\"item\":\"https:\/\/elsalvadorllantas.com\/\"},{\"@type\":\"ListItem\",\"position\":2,\"name\":\"Tienda en linea\",\"item\":\"https:\/\/elsalvadorllantas.com\/index.php\/tienda-en-linea\/\"},{\"@type\":\"ListItem\",\"position\":3,\"name\":\"Presa 185\/55 R15 PR1 4PR\"}]},{\"@type\":\"WebSite\",\"@id\":\"https:\/\/elsalvadorllantas.com\/#website\",\"url\":\"https:\/\/elsalvadorllantas.com\/\",\"name\":\"Centro de Servicio Do\u00f1o\",\"description\":\"Venta de Llantas Nuevas - \u00a1Cotiza Ya!\",\"publisher\":{\"@id\":\"https:\/\/elsalvadorllantas.com\/#organization\"},\"potentialAction\":[{\"@type\":\"SearchAction\",\"target\":{\"@type\":\"EntryPoint\",\"urlTemplate\":\"https:\/\/elsalvadorllantas.com\/?s={search_term_string}\"},\"query-input\":{\"@type\":\"PropertyValueSpecification\",\"valueRequired\":true,\"valueName\":\"search_term_string\"}}],\"inLanguage\":\"es\"},{\"@type\":\"Organization\",\"@id\":\"https:\/\/elsalvadorllantas.com\/#organization\",\"name\":\"Centro de Servicio Do\u00f1o\",\"url\":\"https:\/\/elsalvadorllantas.com\/\",\"logo\":{\"@type\":\"ImageObject\",\"inLanguage\":\"es\",\"@id\":\"https:\/\/elsalvadorllantas.com\/#\/schema\/logo\/image\/\",\"url\":\"https:\/\/elsalvadorllantas.com\/wp-content\/uploads\/2021\/12\/Logo_Don\u0303o_Editable-CMYK-2.png\",\"contentUrl\":\"https:\/\/elsalvadorllantas.com\/wp-content\/uploads\/2021\/12\/Logo_Don\u0303o_Editable-CMYK-2.png\",\"width\":2139,\"height\":779,\"caption\":\"Centro de Servicio Do\u00f1o\"},\"image\":{\"@id\":\"https:\/\/elsalvadorllantas.com\/#\/schema\/logo\/image\/\"}}]}<\/script>\r\n<!-- \/ Yoast SEO plugin. -->","yoast_head_json":{"title":"Presa 185\/55 R15 PR1 4PR - Centro de Servicio Do\u00f1o","robots":{"index":"index","follow":"follow","max-snippet":"max-snippet:-1","max-image-preview":"max-image-preview:large","max-video-preview":"max-video-preview:-1"},"canonical":"https:\/\/elsalvadorllantas.com\/index.php\/producto\/presa-185-55-r15-pr1-4pr\/","og_locale":"es_ES","og_type":"article","og_title":"Presa 185\/55 R15 PR1 4PR - Centro de Servicio Do\u00f1o","og_description":"Lonaje Indice de Carga 4PR 82V Modelo PR1 El nuevo neum\u00e1tico PR1 posee un dise\u00f1o de banda de rodadura de varios tonos esto reduce el ruido del patr\u00f3n percibido y la resonancia del ruido en general. Generalidades El neum\u00e1tico posee tambi\u00e9n un dise\u00f1o de laminillas equilibradas, esto optimiza la rigidez de la banda de rodadura     Ver m\u00e1s \"Presa 185\/55 R15 PR1 4PR\"","og_url":"https:\/\/elsalvadorllantas.com\/index.php\/producto\/presa-185-55-r15-pr1-4pr\/","og_site_name":"Centro de Servicio Do\u00f1o","article_modified_time":"2026-04-14T05:41:35+00:00","og_image":[{"width":1200,"height":1200,"url":"https:\/\/elsalvadorllantas.com\/wp-content\/uploads\/2023\/10\/LLANTAS-PRESA-PR1.jpg","type":"image\/jpeg"}],"twitter_card":"summary_large_image","twitter_misc":{"Tiempo de lectura":"2 minutos"},"schema":{"@context":"https:\/\/schema.org","@graph":[{"@type":"WebPage","@id":"https:\/\/elsalvadorllantas.com\/index.php\/producto\/presa-185-55-r15-pr1-4pr\/","url":"https:\/\/elsalvadorllantas.com\/index.php\/producto\/presa-185-55-r15-pr1-4pr\/","name":"Presa 185\/55 R15 PR1 4PR - Centro de Servicio Do\u00f1o","isPartOf":{"@id":"https:\/\/elsalvadorllantas.com\/#website"},"primaryImageOfPage":{"@id":"https:\/\/elsalvadorllantas.com\/index.php\/producto\/presa-185-55-r15-pr1-4pr\/#primaryimage"},"image":{"@id":"https:\/\/elsalvadorllantas.com\/index.php\/producto\/presa-185-55-r15-pr1-4pr\/#primaryimage"},"thumbnailUrl":"https:\/\/elsalvadorllantas.com\/wp-content\/uploads\/2023\/10\/LLANTAS-PRESA-PR1.jpg","datePublished":"2021-08-24T23:14:15+00:00","dateModified":"2026-04-14T05:41:35+00:00","breadcrumb":{"@id":"https:\/\/elsalvadorllantas.com\/index.php\/producto\/presa-185-55-r15-pr1-4pr\/#breadcrumb"},"inLanguage":"es","potentialAction":[{"@type":"ReadAction","target":["https:\/\/elsalvadorllantas.com\/index.php\/producto\/presa-185-55-r15-pr1-4pr\/"]}]},{"@type":"ImageObject","inLanguage":"es","@id":"https:\/\/elsalvadorllantas.com\/index.php\/producto\/presa-185-55-r15-pr1-4pr\/#primaryimage","url":"https:\/\/elsalvadorllantas.com\/wp-content\/uploads\/2023\/10\/LLANTAS-PRESA-PR1.jpg","contentUrl":"https:\/\/elsalvadorllantas.com\/wp-content\/uploads\/2023\/10\/LLANTAS-PRESA-PR1.jpg","width":1200,"height":1200},{"@type":"BreadcrumbList","@id":"https:\/\/elsalvadorllantas.com\/index.php\/producto\/presa-185-55-r15-pr1-4pr\/#breadcrumb","itemListElement":[{"@type":"ListItem","position":1,"name":"Inicio","item":"https:\/\/elsalvadorllantas.com\/"},{"@type":"ListItem","position":2,"name":"Tienda en linea","item":"https:\/\/elsalvadorllantas.com\/index.php\/tienda-en-linea\/"},{"@type":"ListItem","position":3,"name":"Presa 185\/55 R15 PR1 4PR"}]},{"@type":"WebSite","@id":"https:\/\/elsalvadorllantas.com\/#website","url":"https:\/\/elsalvadorllantas.com\/","name":"Centro de Servicio Do\u00f1o","description":"Venta de Llantas Nuevas - \u00a1Cotiza Ya!","publisher":{"@id":"https:\/\/elsalvadorllantas.com\/#organization"},"potentialAction":[{"@type":"SearchAction","target":{"@type":"EntryPoint","urlTemplate":"https:\/\/elsalvadorllantas.com\/?s={search_term_string}"},"query-input":{"@type":"PropertyValueSpecification","valueRequired":true,"valueName":"search_term_string"}}],"inLanguage":"es"},{"@type":"Organization","@id":"https:\/\/elsalvadorllantas.com\/#organization","name":"Centro de Servicio Do\u00f1o","url":"https:\/\/elsalvadorllantas.com\/","logo":{"@type":"ImageObject","inLanguage":"es","@id":"https:\/\/elsalvadorllantas.com\/#\/schema\/logo\/image\/","url":"https:\/\/elsalvadorllantas.com\/wp-content\/uploads\/2021\/12\/Logo_Don\u0303o_Editable-CMYK-2.png","contentUrl":"https:\/\/elsalvadorllantas.com\/wp-content\/uploads\/2021\/12\/Logo_Don\u0303o_Editable-CMYK-2.png","width":2139,"height":779,"caption":"Centro de Servicio Do\u00f1o"},"image":{"@id":"https:\/\/elsalvadorllantas.com\/#\/schema\/logo\/image\/"}}]}},"_links":{"self":[{"href":"https:\/\/elsalvadorllantas.com\/index.php\/wp-json\/wp\/v2\/product\/8357","targetHints":{"allow":["GET"]}}],"collection":[{"href":"https:\/\/elsalvadorllantas.com\/index.php\/wp-json\/wp\/v2\/product"}],"about":[{"href":"https:\/\/elsalvadorllantas.com\/index.php\/wp-json\/wp\/v2\/types\/product"}],"version-history":[{"count":1,"href":"https:\/\/elsalvadorllantas.com\/index.php\/wp-json\/wp\/v2\/product\/8357\/revisions"}],"predecessor-version":[{"id":20888,"href":"https:\/\/elsalvadorllantas.com\/index.php\/wp-json\/wp\/v2\/product\/8357\/revisions\/20888"}],"wp:featuredmedia":[{"embeddable":true,"href":"https:\/\/elsalvadorllantas.com\/index.php\/wp-json\/wp\/v2\/media\/18002"}],"wp:attachment":[{"href":"https:\/\/elsalvadorllantas.com\/index.php\/wp-json\/wp\/v2\/media?parent=8357"}],"wp:term":[{"taxonomy":"product_brand","embeddable":true,"href":"https:\/\/elsalvadorllantas.com\/index.php\/wp-json\/wp\/v2\/product_brand?post=8357"},{"taxonomy":"product_cat","embeddable":true,"href":"https:\/\/elsalvadorllantas.com\/index.php\/wp-json\/wp\/v2\/product_cat?post=8357"},{"taxonomy":"product_tag","embeddable":true,"href":"https:\/\/elsalvadorllantas.com\/index.php\/wp-json\/wp\/v2\/product_tag?post=8357"}],"curies":[{"name":"wp","href":"https:\/\/api.w.org\/{rel}","templated":true}]}}