{"id":8360,"date":"2021-08-24T17:14:23","date_gmt":"2021-08-24T23:14:23","guid":{"rendered":"https:\/\/elsalvadorllantas.com\/index.php\/product\/presa-235-70-r16-pj77-6pr\/"},"modified":"2026-04-13T23:41:49","modified_gmt":"2026-04-14T05:41:49","slug":"presa-235-70-r16-pj77-6pr","status":"publish","type":"product","link":"https:\/\/elsalvadorllantas.com\/index.php\/producto\/presa-235-70-r16-pj77-6pr\/","title":{"rendered":"Presa 235\/70 R16 PJ77 6PR"},"content":{"rendered":"<table style='height: 67px' border='2' width='777'>\n<tbody>\n<tr style='text-align: center'>\n<td>Lonaje<\/td>\n<td>Indice de Carga<\/td>\n<\/tr>\n<tr style='text-align: center'>\n<td>6PR<\/td>\n<td>106STL<\/td>\n<\/tr>\n<\/tbody>\n<\/table>\n<p><strong>Modelo PJ77<\/strong><br \/>\nCompuesto de la banda de rodadura de alta tecnolog\u00eda que promueve la comodidad y<br \/>\nuna excelente tracci\u00f3n en condiciones secas y h\u00famedas<\/p>\n<p><strong>Generalidades.<\/strong><br \/>\nLa ranura principal redonda mejora el rechazo y expulsi\u00f3n de piedras y la pared lateral<br \/>\nreforzada mantiene la inflexibilidad perfecta para un mejor rendimiento y mayor estabilidad<br \/>\nBloque central dise\u00f1ado exclusivamente para brindar la mejor estabilidad a alta velocidad<br \/>\ncuenta con cuatro ranuras y canales principales rectos para mejorar el drenaje de agua.<\/p>\n<p><strong>Beneficios<\/strong><\/p>\n<ul>\n<li>Combinaci\u00f3n multinivel para la reducci\u00f3n del ruido.<\/li>\n<li>Rechazo y expulsi\u00f3n de piedras.<\/li>\n<li>Comodidad y excelente tracci\u00f3n.<\/li>\n<li>Tracci\u00f3n en condiciones secas y h\u00famedas.<\/li>\n<\/ul>\n<p><img decoding=\"async\" class=\"alignnone wp-image-9184\" src=\"https:\/\/elsalvadorllantas.com\/wp-content\/uploads\/2021\/08\/Presa-Pj77-1.png\" alt=\"\" width=\"169\" height=\"181\" srcset=\"https:\/\/elsalvadorllantas.com\/wp-content\/uploads\/2021\/08\/Presa-Pj77-1.png 270w, https:\/\/elsalvadorllantas.com\/wp-content\/uploads\/2021\/08\/Presa-Pj77-1-64x69.png 64w\" sizes=\"(max-width: 169px) 100vw, 169px\" loading=\"lazy\" \/> <img decoding=\"async\" class=\"\" src=\"https:\/\/presatires.com\/wp-content\/uploads\/2018\/03\/PJ77_3QT.jpg\" width=\"146\" height=\"223\" loading=\"lazy\" \/> <img decoding=\"async\" class=\"\" src=\"https:\/\/presatires.com\/wp-content\/uploads\/2018\/03\/PJ77_Tread.jpg\" width=\"153\" height=\"234\" loading=\"lazy\" \/><\/p>\n<p><strong>Caracter\u00edsticas de desempe\u00f1o<\/strong><\/p>\n<ul>\n<li>Mayor rendimiento<\/li>\n<li>Drenaje excelente de agua.<\/li>\n<li>Reducci\u00f3n de ruido.<\/li>\n<li>Estabilidad y maniobrabilidad.<\/li>\n<\/ul>\n","protected":false},"excerpt":{"rendered":"<p>Lonaje Indice de Carga 6PR 106STL Modelo PJ77 Compuesto de la banda de rodadura de alta tecnolog\u00eda que promueve la comodidad y una excelente tracci\u00f3n en condiciones secas y h\u00famedas Generalidades. La ranura principal redonda mejora el rechazo y expulsi\u00f3n de piedras y la pared lateral reforzada mantiene la inflexibilidad perfecta para un mejor rendimiento<br \/><a class=\"more-link\" href=\"https:\/\/elsalvadorllantas.com\/index.php\/producto\/presa-235-70-r16-pj77-6pr\/\"><br \/>\n        Ver m\u00e1s<span class=\"screen-reader-text\"> \u00abPresa 235\/70 R16 PJ77 6PR\u00bb<\/span><\/a><\/p>\n","protected":false},"featured_media":18000,"template":"","meta":{"_acf_changed":false},"product_brand":[],"product_cat":[2260,1935,1884],"product_tag":[],"class_list":{"0":"post-8360","1":"product","2":"type-product","3":"status-publish","4":"has-post-thumbnail","6":"product_cat-235-70r16","7":"product_cat-pj77","8":"product_cat-presa","10":"first","11":"outofstock","12":"sale","13":"shipping-taxable","14":"purchasable","15":"product-type-simple"},"acf":[],"yoast_head":"<!-- This site is optimized with the Yoast SEO plugin v26.8 - https:\/\/yoast.com\/product\/yoast-seo-wordpress\/ -->\r\n<title>Presa 235\/70 R16 PJ77 6PR - Centro de Servicio Do\u00f1o<\/title>\r\n<meta name=\"robots\" content=\"index, follow, max-snippet:-1, max-image-preview:large, max-video-preview:-1\" \/>\r\n<link rel=\"canonical\" href=\"https:\/\/elsalvadorllantas.com\/index.php\/producto\/presa-235-70-r16-pj77-6pr\/\" \/>\r\n<meta property=\"og:locale\" content=\"es_ES\" \/>\r\n<meta property=\"og:type\" content=\"article\" \/>\r\n<meta property=\"og:title\" content=\"Presa 235\/70 R16 PJ77 6PR - Centro de Servicio Do\u00f1o\" \/>\r\n<meta property=\"og:description\" content=\"Lonaje Indice de Carga 6PR 106STL Modelo PJ77 Compuesto de la banda de rodadura de alta tecnolog\u00eda que promueve la comodidad y una excelente tracci\u00f3n en condiciones secas y h\u00famedas Generalidades. La ranura principal redonda mejora el rechazo y expulsi\u00f3n de piedras y la pared lateral reforzada mantiene la inflexibilidad perfecta para un mejor rendimiento     Ver m\u00e1s &quot;Presa 235\/70 R16 PJ77 6PR&quot;\" \/>\r\n<meta property=\"og:url\" content=\"https:\/\/elsalvadorllantas.com\/index.php\/producto\/presa-235-70-r16-pj77-6pr\/\" \/>\r\n<meta property=\"og:site_name\" content=\"Centro de Servicio Do\u00f1o\" \/>\r\n<meta property=\"article:modified_time\" content=\"2026-04-14T05:41:49+00:00\" \/>\r\n<meta property=\"og:image\" content=\"https:\/\/elsalvadorllantas.com\/wp-content\/uploads\/2023\/10\/LLANTAS-PRESA-PJ77.jpg\" \/>\r\n\t<meta property=\"og:image:width\" content=\"1200\" \/>\r\n\t<meta property=\"og:image:height\" content=\"1200\" \/>\r\n\t<meta property=\"og:image:type\" content=\"image\/jpeg\" \/>\r\n<meta name=\"twitter:card\" content=\"summary_large_image\" \/>\r\n<meta name=\"twitter:label1\" content=\"Tiempo de lectura\" \/>\n\t<meta name=\"twitter:data1\" content=\"1 minuto\" \/>\r\n<script type=\"application\/ld+json\" class=\"yoast-schema-graph\">{\"@context\":\"https:\/\/schema.org\",\"@graph\":[{\"@type\":\"WebPage\",\"@id\":\"https:\/\/elsalvadorllantas.com\/index.php\/producto\/presa-235-70-r16-pj77-6pr\/\",\"url\":\"https:\/\/elsalvadorllantas.com\/index.php\/producto\/presa-235-70-r16-pj77-6pr\/\",\"name\":\"Presa 235\/70 R16 PJ77 6PR - Centro de Servicio Do\u00f1o\",\"isPartOf\":{\"@id\":\"https:\/\/elsalvadorllantas.com\/#website\"},\"primaryImageOfPage\":{\"@id\":\"https:\/\/elsalvadorllantas.com\/index.php\/producto\/presa-235-70-r16-pj77-6pr\/#primaryimage\"},\"image\":{\"@id\":\"https:\/\/elsalvadorllantas.com\/index.php\/producto\/presa-235-70-r16-pj77-6pr\/#primaryimage\"},\"thumbnailUrl\":\"https:\/\/elsalvadorllantas.com\/wp-content\/uploads\/2023\/10\/LLANTAS-PRESA-PJ77.jpg\",\"datePublished\":\"2021-08-24T23:14:23+00:00\",\"dateModified\":\"2026-04-14T05:41:49+00:00\",\"breadcrumb\":{\"@id\":\"https:\/\/elsalvadorllantas.com\/index.php\/producto\/presa-235-70-r16-pj77-6pr\/#breadcrumb\"},\"inLanguage\":\"es\",\"potentialAction\":[{\"@type\":\"ReadAction\",\"target\":[\"https:\/\/elsalvadorllantas.com\/index.php\/producto\/presa-235-70-r16-pj77-6pr\/\"]}]},{\"@type\":\"ImageObject\",\"inLanguage\":\"es\",\"@id\":\"https:\/\/elsalvadorllantas.com\/index.php\/producto\/presa-235-70-r16-pj77-6pr\/#primaryimage\",\"url\":\"https:\/\/elsalvadorllantas.com\/wp-content\/uploads\/2023\/10\/LLANTAS-PRESA-PJ77.jpg\",\"contentUrl\":\"https:\/\/elsalvadorllantas.com\/wp-content\/uploads\/2023\/10\/LLANTAS-PRESA-PJ77.jpg\",\"width\":1200,\"height\":1200},{\"@type\":\"BreadcrumbList\",\"@id\":\"https:\/\/elsalvadorllantas.com\/index.php\/producto\/presa-235-70-r16-pj77-6pr\/#breadcrumb\",\"itemListElement\":[{\"@type\":\"ListItem\",\"position\":1,\"name\":\"Inicio\",\"item\":\"https:\/\/elsalvadorllantas.com\/\"},{\"@type\":\"ListItem\",\"position\":2,\"name\":\"Tienda en linea\",\"item\":\"https:\/\/elsalvadorllantas.com\/index.php\/tienda-en-linea\/\"},{\"@type\":\"ListItem\",\"position\":3,\"name\":\"Presa 235\/70 R16 PJ77 6PR\"}]},{\"@type\":\"WebSite\",\"@id\":\"https:\/\/elsalvadorllantas.com\/#website\",\"url\":\"https:\/\/elsalvadorllantas.com\/\",\"name\":\"Centro de Servicio Do\u00f1o\",\"description\":\"Venta de Llantas Nuevas - \u00a1Cotiza Ya!\",\"publisher\":{\"@id\":\"https:\/\/elsalvadorllantas.com\/#organization\"},\"potentialAction\":[{\"@type\":\"SearchAction\",\"target\":{\"@type\":\"EntryPoint\",\"urlTemplate\":\"https:\/\/elsalvadorllantas.com\/?s={search_term_string}\"},\"query-input\":{\"@type\":\"PropertyValueSpecification\",\"valueRequired\":true,\"valueName\":\"search_term_string\"}}],\"inLanguage\":\"es\"},{\"@type\":\"Organization\",\"@id\":\"https:\/\/elsalvadorllantas.com\/#organization\",\"name\":\"Centro de Servicio Do\u00f1o\",\"url\":\"https:\/\/elsalvadorllantas.com\/\",\"logo\":{\"@type\":\"ImageObject\",\"inLanguage\":\"es\",\"@id\":\"https:\/\/elsalvadorllantas.com\/#\/schema\/logo\/image\/\",\"url\":\"https:\/\/elsalvadorllantas.com\/wp-content\/uploads\/2021\/12\/Logo_Don\u0303o_Editable-CMYK-2.png\",\"contentUrl\":\"https:\/\/elsalvadorllantas.com\/wp-content\/uploads\/2021\/12\/Logo_Don\u0303o_Editable-CMYK-2.png\",\"width\":2139,\"height\":779,\"caption\":\"Centro de Servicio Do\u00f1o\"},\"image\":{\"@id\":\"https:\/\/elsalvadorllantas.com\/#\/schema\/logo\/image\/\"}}]}<\/script>\r\n<!-- \/ Yoast SEO plugin. -->","yoast_head_json":{"title":"Presa 235\/70 R16 PJ77 6PR - Centro de Servicio Do\u00f1o","robots":{"index":"index","follow":"follow","max-snippet":"max-snippet:-1","max-image-preview":"max-image-preview:large","max-video-preview":"max-video-preview:-1"},"canonical":"https:\/\/elsalvadorllantas.com\/index.php\/producto\/presa-235-70-r16-pj77-6pr\/","og_locale":"es_ES","og_type":"article","og_title":"Presa 235\/70 R16 PJ77 6PR - Centro de Servicio Do\u00f1o","og_description":"Lonaje Indice de Carga 6PR 106STL Modelo PJ77 Compuesto de la banda de rodadura de alta tecnolog\u00eda que promueve la comodidad y una excelente tracci\u00f3n en condiciones secas y h\u00famedas Generalidades. La ranura principal redonda mejora el rechazo y expulsi\u00f3n de piedras y la pared lateral reforzada mantiene la inflexibilidad perfecta para un mejor rendimiento     Ver m\u00e1s \"Presa 235\/70 R16 PJ77 6PR\"","og_url":"https:\/\/elsalvadorllantas.com\/index.php\/producto\/presa-235-70-r16-pj77-6pr\/","og_site_name":"Centro de Servicio Do\u00f1o","article_modified_time":"2026-04-14T05:41:49+00:00","og_image":[{"width":1200,"height":1200,"url":"https:\/\/elsalvadorllantas.com\/wp-content\/uploads\/2023\/10\/LLANTAS-PRESA-PJ77.jpg","type":"image\/jpeg"}],"twitter_card":"summary_large_image","twitter_misc":{"Tiempo de lectura":"1 minuto"},"schema":{"@context":"https:\/\/schema.org","@graph":[{"@type":"WebPage","@id":"https:\/\/elsalvadorllantas.com\/index.php\/producto\/presa-235-70-r16-pj77-6pr\/","url":"https:\/\/elsalvadorllantas.com\/index.php\/producto\/presa-235-70-r16-pj77-6pr\/","name":"Presa 235\/70 R16 PJ77 6PR - Centro de Servicio Do\u00f1o","isPartOf":{"@id":"https:\/\/elsalvadorllantas.com\/#website"},"primaryImageOfPage":{"@id":"https:\/\/elsalvadorllantas.com\/index.php\/producto\/presa-235-70-r16-pj77-6pr\/#primaryimage"},"image":{"@id":"https:\/\/elsalvadorllantas.com\/index.php\/producto\/presa-235-70-r16-pj77-6pr\/#primaryimage"},"thumbnailUrl":"https:\/\/elsalvadorllantas.com\/wp-content\/uploads\/2023\/10\/LLANTAS-PRESA-PJ77.jpg","datePublished":"2021-08-24T23:14:23+00:00","dateModified":"2026-04-14T05:41:49+00:00","breadcrumb":{"@id":"https:\/\/elsalvadorllantas.com\/index.php\/producto\/presa-235-70-r16-pj77-6pr\/#breadcrumb"},"inLanguage":"es","potentialAction":[{"@type":"ReadAction","target":["https:\/\/elsalvadorllantas.com\/index.php\/producto\/presa-235-70-r16-pj77-6pr\/"]}]},{"@type":"ImageObject","inLanguage":"es","@id":"https:\/\/elsalvadorllantas.com\/index.php\/producto\/presa-235-70-r16-pj77-6pr\/#primaryimage","url":"https:\/\/elsalvadorllantas.com\/wp-content\/uploads\/2023\/10\/LLANTAS-PRESA-PJ77.jpg","contentUrl":"https:\/\/elsalvadorllantas.com\/wp-content\/uploads\/2023\/10\/LLANTAS-PRESA-PJ77.jpg","width":1200,"height":1200},{"@type":"BreadcrumbList","@id":"https:\/\/elsalvadorllantas.com\/index.php\/producto\/presa-235-70-r16-pj77-6pr\/#breadcrumb","itemListElement":[{"@type":"ListItem","position":1,"name":"Inicio","item":"https:\/\/elsalvadorllantas.com\/"},{"@type":"ListItem","position":2,"name":"Tienda en linea","item":"https:\/\/elsalvadorllantas.com\/index.php\/tienda-en-linea\/"},{"@type":"ListItem","position":3,"name":"Presa 235\/70 R16 PJ77 6PR"}]},{"@type":"WebSite","@id":"https:\/\/elsalvadorllantas.com\/#website","url":"https:\/\/elsalvadorllantas.com\/","name":"Centro de Servicio Do\u00f1o","description":"Venta de Llantas Nuevas - \u00a1Cotiza Ya!","publisher":{"@id":"https:\/\/elsalvadorllantas.com\/#organization"},"potentialAction":[{"@type":"SearchAction","target":{"@type":"EntryPoint","urlTemplate":"https:\/\/elsalvadorllantas.com\/?s={search_term_string}"},"query-input":{"@type":"PropertyValueSpecification","valueRequired":true,"valueName":"search_term_string"}}],"inLanguage":"es"},{"@type":"Organization","@id":"https:\/\/elsalvadorllantas.com\/#organization","name":"Centro de Servicio Do\u00f1o","url":"https:\/\/elsalvadorllantas.com\/","logo":{"@type":"ImageObject","inLanguage":"es","@id":"https:\/\/elsalvadorllantas.com\/#\/schema\/logo\/image\/","url":"https:\/\/elsalvadorllantas.com\/wp-content\/uploads\/2021\/12\/Logo_Don\u0303o_Editable-CMYK-2.png","contentUrl":"https:\/\/elsalvadorllantas.com\/wp-content\/uploads\/2021\/12\/Logo_Don\u0303o_Editable-CMYK-2.png","width":2139,"height":779,"caption":"Centro de Servicio Do\u00f1o"},"image":{"@id":"https:\/\/elsalvadorllantas.com\/#\/schema\/logo\/image\/"}}]}},"_links":{"self":[{"href":"https:\/\/elsalvadorllantas.com\/index.php\/wp-json\/wp\/v2\/product\/8360","targetHints":{"allow":["GET"]}}],"collection":[{"href":"https:\/\/elsalvadorllantas.com\/index.php\/wp-json\/wp\/v2\/product"}],"about":[{"href":"https:\/\/elsalvadorllantas.com\/index.php\/wp-json\/wp\/v2\/types\/product"}],"version-history":[{"count":1,"href":"https:\/\/elsalvadorllantas.com\/index.php\/wp-json\/wp\/v2\/product\/8360\/revisions"}],"predecessor-version":[{"id":20916,"href":"https:\/\/elsalvadorllantas.com\/index.php\/wp-json\/wp\/v2\/product\/8360\/revisions\/20916"}],"wp:featuredmedia":[{"embeddable":true,"href":"https:\/\/elsalvadorllantas.com\/index.php\/wp-json\/wp\/v2\/media\/18000"}],"wp:attachment":[{"href":"https:\/\/elsalvadorllantas.com\/index.php\/wp-json\/wp\/v2\/media?parent=8360"}],"wp:term":[{"taxonomy":"product_brand","embeddable":true,"href":"https:\/\/elsalvadorllantas.com\/index.php\/wp-json\/wp\/v2\/product_brand?post=8360"},{"taxonomy":"product_cat","embeddable":true,"href":"https:\/\/elsalvadorllantas.com\/index.php\/wp-json\/wp\/v2\/product_cat?post=8360"},{"taxonomy":"product_tag","embeddable":true,"href":"https:\/\/elsalvadorllantas.com\/index.php\/wp-json\/wp\/v2\/product_tag?post=8360"}],"curies":[{"name":"wp","href":"https:\/\/api.w.org\/{rel}","templated":true}]}}