{"id":8362,"date":"2021-08-24T23:14:29","date_gmt":"2021-08-24T23:14:29","guid":{"rendered":"https:\/\/elsalvadorllantas.com\/index.php\/product\/presa-265-70-r16-pj88-8pr\/"},"modified":"2026-04-05T10:51:12","modified_gmt":"2026-04-05T16:51:12","slug":"presa-265-70-r16-pj88-8pr","status":"publish","type":"product","link":"https:\/\/elsalvadorllantas.com\/index.php\/producto\/presa-265-70-r16-pj88-8pr\/","title":{"rendered":"Presa 265\/70 R16 PJ88 8PR"},"content":{"rendered":"<table style=\"height: 67px;\" border=\"2\" width=\"777\">\n<tbody>\n<tr style=\"text-align: center;\">\n<td>Lonaje<\/td>\n<td>Indice de Carga<\/td>\n<\/tr>\n<tr style=\"text-align: center;\">\n<td>8PR<\/td>\n<td>112STL<\/td>\n<\/tr>\n<\/tbody>\n<\/table>\n<h1><img decoding=\"async\" class=\"alignnone wp-image-9000\" src=\"https:\/\/elsalvadorllantas.com\/wp-content\/uploads\/2021\/08\/presa-pj88-300x125.jpg\" alt=\"\" width=\"214\" height=\"89\" srcset=\"https:\/\/elsalvadorllantas.com\/wp-content\/uploads\/2021\/08\/presa-pj88-300x125.jpg 300w, https:\/\/elsalvadorllantas.com\/wp-content\/uploads\/2021\/08\/presa-pj88-1024x427.jpg 1024w, https:\/\/elsalvadorllantas.com\/wp-content\/uploads\/2021\/08\/presa-pj88-768x320.jpg 768w, https:\/\/elsalvadorllantas.com\/wp-content\/uploads\/2021\/08\/presa-pj88-600x250.jpg 600w, https:\/\/elsalvadorllantas.com\/wp-content\/uploads\/2021\/08\/presa-pj88-64x27.jpg 64w, https:\/\/elsalvadorllantas.com\/wp-content\/uploads\/2021\/08\/presa-pj88.jpg 1200w\" sizes=\"(max-width: 214px) 100vw, 214px\" loading=\"lazy\" \/><\/h1>\n<h1>Modelo PJ88<\/h1>\n<p>El dibujo de la banda de rodadura y el dise\u00f1o de los tacos de las paredes laterales ofrecen una excelente tracci\u00f3n en todo el terreno.<\/p>\n<h2>Generalidades<\/h2>\n<p>El dise\u00f1o compuesto y patr\u00f3n mejora el desgaste de la banda de rodadura, la tracci\u00f3n en mojado y la resistencia al hidroplano. La carcasa r\u00edgida pero adaptable mejora la estabilidad y el manejo fuera de la carretera.<\/p>\n<h2>Beneficios<\/h2>\n<ul>\n<li>Garant\u00eda limitada de desgaste de la banda de rodadura de 50,000 millas.<\/li>\n<li>Mejor estabilidad y manejo fuera de la carretera.<\/li>\n<li>Tracci\u00f3n en mojado y resistencia al hidro planeo.<\/li>\n<li>Tracci\u00f3n en todo terreno.<\/li>\n<\/ul>\n<h2><img decoding=\"async\" class=\"alignnone wp-image-8999\" src=\"https:\/\/elsalvadorllantas.com\/wp-content\/uploads\/2021\/08\/presa-pj88-3-221x300.jpg\" alt=\"\" width=\"151\" height=\"205\" srcset=\"https:\/\/elsalvadorllantas.com\/wp-content\/uploads\/2021\/08\/presa-pj88-3-221x300.jpg 221w, https:\/\/elsalvadorllantas.com\/wp-content\/uploads\/2021\/08\/presa-pj88-3-753x1024.jpg 753w, https:\/\/elsalvadorllantas.com\/wp-content\/uploads\/2021\/08\/presa-pj88-3-768x1045.jpg 768w, https:\/\/elsalvadorllantas.com\/wp-content\/uploads\/2021\/08\/presa-pj88-3-600x816.jpg 600w, https:\/\/elsalvadorllantas.com\/wp-content\/uploads\/2021\/08\/presa-pj88-3-64x87.jpg 64w, https:\/\/elsalvadorllantas.com\/wp-content\/uploads\/2021\/08\/presa-pj88-3.jpg 924w\" sizes=\"(max-width: 151px) 100vw, 151px\" loading=\"lazy\" \/><img decoding=\"async\" class=\"alignnone wp-image-8998\" src=\"https:\/\/elsalvadorllantas.com\/wp-content\/uploads\/2021\/08\/presa-pj88-2-237x300.jpg\" alt=\"\" width=\"153\" height=\"194\" srcset=\"https:\/\/elsalvadorllantas.com\/wp-content\/uploads\/2021\/08\/presa-pj88-2-237x300.jpg 237w, https:\/\/elsalvadorllantas.com\/wp-content\/uploads\/2021\/08\/presa-pj88-2-810x1024.jpg 810w, https:\/\/elsalvadorllantas.com\/wp-content\/uploads\/2021\/08\/presa-pj88-2-768x971.jpg 768w, https:\/\/elsalvadorllantas.com\/wp-content\/uploads\/2021\/08\/presa-pj88-2-600x759.jpg 600w, https:\/\/elsalvadorllantas.com\/wp-content\/uploads\/2021\/08\/presa-pj88-2-64x81.jpg 64w, https:\/\/elsalvadorllantas.com\/wp-content\/uploads\/2021\/08\/presa-pj88-2.jpg 994w\" sizes=\"(max-width: 153px) 100vw, 153px\" loading=\"lazy\" \/><img loading=\"lazy\" decoding=\"async\" class=\"alignnone wp-image-8997\" src=\"https:\/\/elsalvadorllantas.com\/wp-content\/uploads\/2021\/08\/presa-pj88-1-198x300.jpg\" alt=\"\" width=\"128\" height=\"194\" srcset=\"https:\/\/elsalvadorllantas.com\/wp-content\/uploads\/2021\/08\/presa-pj88-1-198x300.jpg 198w, https:\/\/elsalvadorllantas.com\/wp-content\/uploads\/2021\/08\/presa-pj88-1-675x1024.jpg 675w, https:\/\/elsalvadorllantas.com\/wp-content\/uploads\/2021\/08\/presa-pj88-1-768x1164.jpg 768w, https:\/\/elsalvadorllantas.com\/wp-content\/uploads\/2021\/08\/presa-pj88-1-600x910.jpg 600w, https:\/\/elsalvadorllantas.com\/wp-content\/uploads\/2021\/08\/presa-pj88-1-64x97.jpg 64w, https:\/\/elsalvadorllantas.com\/wp-content\/uploads\/2021\/08\/presa-pj88-1.jpg 994w\" sizes=\"(max-width: 128px) 100vw, 128px\" \/><\/h2>\n<h2>Caracter\u00edsticas de desempe\u00f1o<\/h2>\n<ul>\n<li>Calificaci\u00f3n para todas las estaciones.<\/li>\n<li>Estabilidad y manejo a alta velocidad.<\/li>\n<li>Tracci\u00f3n en mojado.<\/li>\n<li>Tracci\u00f3n en todo terreno.<\/li>\n<\/ul>\n","protected":false},"excerpt":{"rendered":"<p>Lonaje Indice de Carga 8PR 112STL Modelo PJ88 El dibujo de la banda de rodadura y el dise\u00f1o de los tacos de las paredes laterales ofrecen una excelente tracci\u00f3n en todo el terreno. Generalidades El dise\u00f1o compuesto y patr\u00f3n mejora el desgaste de la banda de rodadura, la tracci\u00f3n en mojado y la resistencia al<br \/><a class=\"more-link\" href=\"https:\/\/elsalvadorllantas.com\/index.php\/producto\/presa-265-70-r16-pj88-8pr\/\"><br \/>\n        Ver m\u00e1s<span class=\"screen-reader-text\"> \u00abPresa 265\/70 R16 PJ88 8PR\u00bb<\/span><\/a><\/p>\n","protected":false},"featured_media":18001,"template":"","meta":{"_acf_changed":false},"product_brand":[],"product_cat":[2261,1945,1884],"product_tag":[],"class_list":{"0":"post-8362","1":"product","2":"type-product","3":"status-publish","4":"has-post-thumbnail","6":"product_cat-265-70r16","7":"product_cat-pj88","8":"product_cat-presa","10":"first","11":"outofstock","12":"sale","13":"shipping-taxable","14":"purchasable","15":"product-type-simple"},"acf":[],"yoast_head":"<!-- This site is optimized with the Yoast SEO plugin v26.8 - https:\/\/yoast.com\/product\/yoast-seo-wordpress\/ -->\r\n<title>Presa 265\/70 R16 PJ88 8PR - Centro de Servicio Do\u00f1o<\/title>\r\n<meta name=\"robots\" content=\"index, follow, max-snippet:-1, max-image-preview:large, max-video-preview:-1\" \/>\r\n<link rel=\"canonical\" href=\"https:\/\/elsalvadorllantas.com\/index.php\/producto\/presa-265-70-r16-pj88-8pr\/\" \/>\r\n<meta property=\"og:locale\" content=\"es_ES\" \/>\r\n<meta property=\"og:type\" content=\"article\" \/>\r\n<meta property=\"og:title\" content=\"Presa 265\/70 R16 PJ88 8PR - Centro de Servicio Do\u00f1o\" \/>\r\n<meta property=\"og:description\" content=\"Lonaje Indice de Carga 8PR 112STL Modelo PJ88 El dibujo de la banda de rodadura y el dise\u00f1o de los tacos de las paredes laterales ofrecen una excelente tracci\u00f3n en todo el terreno. Generalidades El dise\u00f1o compuesto y patr\u00f3n mejora el desgaste de la banda de rodadura, la tracci\u00f3n en mojado y la resistencia al     Ver m\u00e1s &quot;Presa 265\/70 R16 PJ88 8PR&quot;\" \/>\r\n<meta property=\"og:url\" content=\"https:\/\/elsalvadorllantas.com\/index.php\/producto\/presa-265-70-r16-pj88-8pr\/\" \/>\r\n<meta property=\"og:site_name\" content=\"Centro de Servicio Do\u00f1o\" \/>\r\n<meta property=\"article:modified_time\" content=\"2026-04-05T16:51:12+00:00\" \/>\r\n<meta property=\"og:image\" content=\"https:\/\/elsalvadorllantas.com\/wp-content\/uploads\/2023\/10\/LLANTAS-PRESA-PJ88.jpg\" \/>\r\n\t<meta property=\"og:image:width\" content=\"1200\" \/>\r\n\t<meta property=\"og:image:height\" content=\"1200\" \/>\r\n\t<meta property=\"og:image:type\" content=\"image\/jpeg\" \/>\r\n<meta name=\"twitter:card\" content=\"summary_large_image\" \/>\r\n<meta name=\"twitter:label1\" content=\"Tiempo de lectura\" \/>\n\t<meta name=\"twitter:data1\" content=\"1 minuto\" \/>\r\n<script type=\"application\/ld+json\" class=\"yoast-schema-graph\">{\"@context\":\"https:\/\/schema.org\",\"@graph\":[{\"@type\":\"WebPage\",\"@id\":\"https:\/\/elsalvadorllantas.com\/index.php\/producto\/presa-265-70-r16-pj88-8pr\/\",\"url\":\"https:\/\/elsalvadorllantas.com\/index.php\/producto\/presa-265-70-r16-pj88-8pr\/\",\"name\":\"Presa 265\/70 R16 PJ88 8PR - Centro de Servicio Do\u00f1o\",\"isPartOf\":{\"@id\":\"https:\/\/elsalvadorllantas.com\/#website\"},\"primaryImageOfPage\":{\"@id\":\"https:\/\/elsalvadorllantas.com\/index.php\/producto\/presa-265-70-r16-pj88-8pr\/#primaryimage\"},\"image\":{\"@id\":\"https:\/\/elsalvadorllantas.com\/index.php\/producto\/presa-265-70-r16-pj88-8pr\/#primaryimage\"},\"thumbnailUrl\":\"https:\/\/elsalvadorllantas.com\/wp-content\/uploads\/2023\/10\/LLANTAS-PRESA-PJ88.jpg\",\"datePublished\":\"2021-08-24T23:14:29+00:00\",\"dateModified\":\"2026-04-05T16:51:12+00:00\",\"breadcrumb\":{\"@id\":\"https:\/\/elsalvadorllantas.com\/index.php\/producto\/presa-265-70-r16-pj88-8pr\/#breadcrumb\"},\"inLanguage\":\"es\",\"potentialAction\":[{\"@type\":\"ReadAction\",\"target\":[\"https:\/\/elsalvadorllantas.com\/index.php\/producto\/presa-265-70-r16-pj88-8pr\/\"]}]},{\"@type\":\"ImageObject\",\"inLanguage\":\"es\",\"@id\":\"https:\/\/elsalvadorllantas.com\/index.php\/producto\/presa-265-70-r16-pj88-8pr\/#primaryimage\",\"url\":\"https:\/\/elsalvadorllantas.com\/wp-content\/uploads\/2023\/10\/LLANTAS-PRESA-PJ88.jpg\",\"contentUrl\":\"https:\/\/elsalvadorllantas.com\/wp-content\/uploads\/2023\/10\/LLANTAS-PRESA-PJ88.jpg\",\"width\":1200,\"height\":1200},{\"@type\":\"BreadcrumbList\",\"@id\":\"https:\/\/elsalvadorllantas.com\/index.php\/producto\/presa-265-70-r16-pj88-8pr\/#breadcrumb\",\"itemListElement\":[{\"@type\":\"ListItem\",\"position\":1,\"name\":\"Inicio\",\"item\":\"https:\/\/elsalvadorllantas.com\/\"},{\"@type\":\"ListItem\",\"position\":2,\"name\":\"Tienda en linea\",\"item\":\"https:\/\/elsalvadorllantas.com\/index.php\/tienda-en-linea\/\"},{\"@type\":\"ListItem\",\"position\":3,\"name\":\"Presa 265\/70 R16 PJ88 8PR\"}]},{\"@type\":\"WebSite\",\"@id\":\"https:\/\/elsalvadorllantas.com\/#website\",\"url\":\"https:\/\/elsalvadorllantas.com\/\",\"name\":\"Centro de Servicio Do\u00f1o\",\"description\":\"Venta de Llantas Nuevas - \u00a1Cotiza Ya!\",\"publisher\":{\"@id\":\"https:\/\/elsalvadorllantas.com\/#organization\"},\"potentialAction\":[{\"@type\":\"SearchAction\",\"target\":{\"@type\":\"EntryPoint\",\"urlTemplate\":\"https:\/\/elsalvadorllantas.com\/?s={search_term_string}\"},\"query-input\":{\"@type\":\"PropertyValueSpecification\",\"valueRequired\":true,\"valueName\":\"search_term_string\"}}],\"inLanguage\":\"es\"},{\"@type\":\"Organization\",\"@id\":\"https:\/\/elsalvadorllantas.com\/#organization\",\"name\":\"Centro de Servicio Do\u00f1o\",\"url\":\"https:\/\/elsalvadorllantas.com\/\",\"logo\":{\"@type\":\"ImageObject\",\"inLanguage\":\"es\",\"@id\":\"https:\/\/elsalvadorllantas.com\/#\/schema\/logo\/image\/\",\"url\":\"https:\/\/elsalvadorllantas.com\/wp-content\/uploads\/2021\/12\/Logo_Don\u0303o_Editable-CMYK-2.png\",\"contentUrl\":\"https:\/\/elsalvadorllantas.com\/wp-content\/uploads\/2021\/12\/Logo_Don\u0303o_Editable-CMYK-2.png\",\"width\":2139,\"height\":779,\"caption\":\"Centro de Servicio Do\u00f1o\"},\"image\":{\"@id\":\"https:\/\/elsalvadorllantas.com\/#\/schema\/logo\/image\/\"}}]}<\/script>\r\n<!-- \/ Yoast SEO plugin. -->","yoast_head_json":{"title":"Presa 265\/70 R16 PJ88 8PR - Centro de Servicio Do\u00f1o","robots":{"index":"index","follow":"follow","max-snippet":"max-snippet:-1","max-image-preview":"max-image-preview:large","max-video-preview":"max-video-preview:-1"},"canonical":"https:\/\/elsalvadorllantas.com\/index.php\/producto\/presa-265-70-r16-pj88-8pr\/","og_locale":"es_ES","og_type":"article","og_title":"Presa 265\/70 R16 PJ88 8PR - Centro de Servicio Do\u00f1o","og_description":"Lonaje Indice de Carga 8PR 112STL Modelo PJ88 El dibujo de la banda de rodadura y el dise\u00f1o de los tacos de las paredes laterales ofrecen una excelente tracci\u00f3n en todo el terreno. Generalidades El dise\u00f1o compuesto y patr\u00f3n mejora el desgaste de la banda de rodadura, la tracci\u00f3n en mojado y la resistencia al     Ver m\u00e1s \"Presa 265\/70 R16 PJ88 8PR\"","og_url":"https:\/\/elsalvadorllantas.com\/index.php\/producto\/presa-265-70-r16-pj88-8pr\/","og_site_name":"Centro de Servicio Do\u00f1o","article_modified_time":"2026-04-05T16:51:12+00:00","og_image":[{"width":1200,"height":1200,"url":"https:\/\/elsalvadorllantas.com\/wp-content\/uploads\/2023\/10\/LLANTAS-PRESA-PJ88.jpg","type":"image\/jpeg"}],"twitter_card":"summary_large_image","twitter_misc":{"Tiempo de lectura":"1 minuto"},"schema":{"@context":"https:\/\/schema.org","@graph":[{"@type":"WebPage","@id":"https:\/\/elsalvadorllantas.com\/index.php\/producto\/presa-265-70-r16-pj88-8pr\/","url":"https:\/\/elsalvadorllantas.com\/index.php\/producto\/presa-265-70-r16-pj88-8pr\/","name":"Presa 265\/70 R16 PJ88 8PR - Centro de Servicio Do\u00f1o","isPartOf":{"@id":"https:\/\/elsalvadorllantas.com\/#website"},"primaryImageOfPage":{"@id":"https:\/\/elsalvadorllantas.com\/index.php\/producto\/presa-265-70-r16-pj88-8pr\/#primaryimage"},"image":{"@id":"https:\/\/elsalvadorllantas.com\/index.php\/producto\/presa-265-70-r16-pj88-8pr\/#primaryimage"},"thumbnailUrl":"https:\/\/elsalvadorllantas.com\/wp-content\/uploads\/2023\/10\/LLANTAS-PRESA-PJ88.jpg","datePublished":"2021-08-24T23:14:29+00:00","dateModified":"2026-04-05T16:51:12+00:00","breadcrumb":{"@id":"https:\/\/elsalvadorllantas.com\/index.php\/producto\/presa-265-70-r16-pj88-8pr\/#breadcrumb"},"inLanguage":"es","potentialAction":[{"@type":"ReadAction","target":["https:\/\/elsalvadorllantas.com\/index.php\/producto\/presa-265-70-r16-pj88-8pr\/"]}]},{"@type":"ImageObject","inLanguage":"es","@id":"https:\/\/elsalvadorllantas.com\/index.php\/producto\/presa-265-70-r16-pj88-8pr\/#primaryimage","url":"https:\/\/elsalvadorllantas.com\/wp-content\/uploads\/2023\/10\/LLANTAS-PRESA-PJ88.jpg","contentUrl":"https:\/\/elsalvadorllantas.com\/wp-content\/uploads\/2023\/10\/LLANTAS-PRESA-PJ88.jpg","width":1200,"height":1200},{"@type":"BreadcrumbList","@id":"https:\/\/elsalvadorllantas.com\/index.php\/producto\/presa-265-70-r16-pj88-8pr\/#breadcrumb","itemListElement":[{"@type":"ListItem","position":1,"name":"Inicio","item":"https:\/\/elsalvadorllantas.com\/"},{"@type":"ListItem","position":2,"name":"Tienda en linea","item":"https:\/\/elsalvadorllantas.com\/index.php\/tienda-en-linea\/"},{"@type":"ListItem","position":3,"name":"Presa 265\/70 R16 PJ88 8PR"}]},{"@type":"WebSite","@id":"https:\/\/elsalvadorllantas.com\/#website","url":"https:\/\/elsalvadorllantas.com\/","name":"Centro de Servicio Do\u00f1o","description":"Venta de Llantas Nuevas - \u00a1Cotiza Ya!","publisher":{"@id":"https:\/\/elsalvadorllantas.com\/#organization"},"potentialAction":[{"@type":"SearchAction","target":{"@type":"EntryPoint","urlTemplate":"https:\/\/elsalvadorllantas.com\/?s={search_term_string}"},"query-input":{"@type":"PropertyValueSpecification","valueRequired":true,"valueName":"search_term_string"}}],"inLanguage":"es"},{"@type":"Organization","@id":"https:\/\/elsalvadorllantas.com\/#organization","name":"Centro de Servicio Do\u00f1o","url":"https:\/\/elsalvadorllantas.com\/","logo":{"@type":"ImageObject","inLanguage":"es","@id":"https:\/\/elsalvadorllantas.com\/#\/schema\/logo\/image\/","url":"https:\/\/elsalvadorllantas.com\/wp-content\/uploads\/2021\/12\/Logo_Don\u0303o_Editable-CMYK-2.png","contentUrl":"https:\/\/elsalvadorllantas.com\/wp-content\/uploads\/2021\/12\/Logo_Don\u0303o_Editable-CMYK-2.png","width":2139,"height":779,"caption":"Centro de Servicio Do\u00f1o"},"image":{"@id":"https:\/\/elsalvadorllantas.com\/#\/schema\/logo\/image\/"}}]}},"_links":{"self":[{"href":"https:\/\/elsalvadorllantas.com\/index.php\/wp-json\/wp\/v2\/product\/8362","targetHints":{"allow":["GET"]}}],"collection":[{"href":"https:\/\/elsalvadorllantas.com\/index.php\/wp-json\/wp\/v2\/product"}],"about":[{"href":"https:\/\/elsalvadorllantas.com\/index.php\/wp-json\/wp\/v2\/types\/product"}],"version-history":[{"count":1,"href":"https:\/\/elsalvadorllantas.com\/index.php\/wp-json\/wp\/v2\/product\/8362\/revisions"}],"predecessor-version":[{"id":20885,"href":"https:\/\/elsalvadorllantas.com\/index.php\/wp-json\/wp\/v2\/product\/8362\/revisions\/20885"}],"wp:featuredmedia":[{"embeddable":true,"href":"https:\/\/elsalvadorllantas.com\/index.php\/wp-json\/wp\/v2\/media\/18001"}],"wp:attachment":[{"href":"https:\/\/elsalvadorllantas.com\/index.php\/wp-json\/wp\/v2\/media?parent=8362"}],"wp:term":[{"taxonomy":"product_brand","embeddable":true,"href":"https:\/\/elsalvadorllantas.com\/index.php\/wp-json\/wp\/v2\/product_brand?post=8362"},{"taxonomy":"product_cat","embeddable":true,"href":"https:\/\/elsalvadorllantas.com\/index.php\/wp-json\/wp\/v2\/product_cat?post=8362"},{"taxonomy":"product_tag","embeddable":true,"href":"https:\/\/elsalvadorllantas.com\/index.php\/wp-json\/wp\/v2\/product_tag?post=8362"}],"curies":[{"name":"wp","href":"https:\/\/api.w.org\/{rel}","templated":true}]}}