{"id":8367,"date":"2021-08-24T23:14:42","date_gmt":"2021-08-24T23:14:42","guid":{"rendered":"https:\/\/elsalvadorllantas.com\/index.php\/product\/presa-235-60-r17-pj66-6pr\/"},"modified":"2026-04-13T23:42:13","modified_gmt":"2026-04-14T05:42:13","slug":"presa-235-60-r17-pj66-6pr","status":"publish","type":"product","link":"https:\/\/elsalvadorllantas.com\/index.php\/producto\/presa-235-60-r17-pj66-6pr\/","title":{"rendered":"Presa 235\/60 R17 PJ66 6PR"},"content":{"rendered":"<table style=\"height: 67px;\" border=\"2\" width=\"777\">\n<tbody>\n<tr style=\"text-align: center;\">\n<td>Lonaje<\/td>\n<td>Indice de Carga<\/td>\n<\/tr>\n<tr style=\"text-align: center;\">\n<td>6PR<\/td>\n<td>102VTL<\/td>\n<\/tr>\n<\/tbody>\n<\/table>\n<h1><img decoding=\"async\" class=\"alignnone wp-image-8991\" src=\"https:\/\/elsalvadorllantas.com\/wp-content\/uploads\/2021\/08\/PRESA-PJ66-1-300x67.jpg\" alt=\"\" width=\"434\" height=\"97\" srcset=\"https:\/\/elsalvadorllantas.com\/wp-content\/uploads\/2021\/08\/PRESA-PJ66-1-300x67.jpg 300w, https:\/\/elsalvadorllantas.com\/wp-content\/uploads\/2021\/08\/PRESA-PJ66-1-768x172.jpg 768w, https:\/\/elsalvadorllantas.com\/wp-content\/uploads\/2021\/08\/PRESA-PJ66-1-600x134.jpg 600w, https:\/\/elsalvadorllantas.com\/wp-content\/uploads\/2021\/08\/PRESA-PJ66-1-64x14.jpg 64w, https:\/\/elsalvadorllantas.com\/wp-content\/uploads\/2021\/08\/PRESA-PJ66-1.jpg 924w\" sizes=\"(max-width: 434px) 100vw, 434px\" loading=\"lazy\" \/><\/h1>\n<h1>Modelo PJ66<\/h1>\n<p>El neum\u00e1tico PJ66 es una llanta de labrado asim\u00e9trico que proporciona un excelente agarre y durabilidad.<\/p>\n<h2>Generalidades<\/h2>\n<p>El manejo suave se destaca, manejo seguro especialmente en suelo mojado, ideal para SUV familiares, excelente agarre con un dise\u00f1o patentado de ranuras de pared el cual minimiza el ruido para la cabina.<\/p>\n<h2>Beneficios<\/h2>\n<ul>\n<li>Manejo suave y seguro.<\/li>\n<li>Excelente agarre en suelo mojado y seco.<\/li>\n<li>Excelente reducci\u00f3n de ruido.<\/li>\n<li>Durabilidad<\/li>\n<\/ul>\n<h2><img decoding=\"async\" class=\"alignnone wp-image-8992\" src=\"https:\/\/elsalvadorllantas.com\/wp-content\/uploads\/2021\/08\/PRESA-PJ66-2-160x300.jpg\" alt=\"\" width=\"128\" height=\"240\" srcset=\"https:\/\/elsalvadorllantas.com\/wp-content\/uploads\/2021\/08\/PRESA-PJ66-2-160x300.jpg 160w, https:\/\/elsalvadorllantas.com\/wp-content\/uploads\/2021\/08\/PRESA-PJ66-2-547x1024.jpg 547w, https:\/\/elsalvadorllantas.com\/wp-content\/uploads\/2021\/08\/PRESA-PJ66-2-600x1124.jpg 600w, https:\/\/elsalvadorllantas.com\/wp-content\/uploads\/2021\/08\/PRESA-PJ66-2-64x120.jpg 64w, https:\/\/elsalvadorllantas.com\/wp-content\/uploads\/2021\/08\/PRESA-PJ66-2.jpg 651w\" sizes=\"(max-width: 128px) 100vw, 128px\" loading=\"lazy\" \/><\/h2>\n<h2>Caracter\u00edsticas de desempe\u00f1o<\/h2>\n<ul>\n<li>Agarre Excelente.<\/li>\n<li>Rendimiento.<\/li>\n<li>Durabilidad de la banda de rodadura.<\/li>\n<li>Bajo nivel de ruido<\/li>\n<\/ul>\n","protected":false},"excerpt":{"rendered":"<p>Lonaje Indice de Carga 6PR 102VTL Modelo PJ66 El neum\u00e1tico PJ66 es una llanta de labrado asim\u00e9trico que proporciona un excelente agarre y durabilidad. Generalidades El manejo suave se destaca, manejo seguro especialmente en suelo mojado, ideal para SUV familiares, excelente agarre con un dise\u00f1o patentado de ranuras de pared el cual minimiza el ruido<br \/><a class=\"more-link\" href=\"https:\/\/elsalvadorllantas.com\/index.php\/producto\/presa-235-60-r17-pj66-6pr\/\"><br \/>\n        Ver m\u00e1s<span class=\"screen-reader-text\"> \u00abPresa 235\/60 R17 PJ66 6PR\u00bb<\/span><\/a><\/p>\n","protected":false},"featured_media":17999,"template":"","meta":{"_acf_changed":false},"product_brand":[],"product_cat":[2271,1936,1884],"product_tag":[],"class_list":{"0":"post-8367","1":"product","2":"type-product","3":"status-publish","4":"has-post-thumbnail","6":"product_cat-235-60r17","7":"product_cat-pj66","8":"product_cat-presa","10":"first","11":"outofstock","12":"sale","13":"shipping-taxable","14":"purchasable","15":"product-type-simple"},"acf":[],"yoast_head":"<!-- This site is optimized with the Yoast SEO plugin v26.8 - https:\/\/yoast.com\/product\/yoast-seo-wordpress\/ -->\r\n<title>Presa 235\/60 R17 PJ66 6PR - Centro de Servicio Do\u00f1o<\/title>\r\n<meta name=\"robots\" content=\"index, follow, max-snippet:-1, max-image-preview:large, max-video-preview:-1\" \/>\r\n<link rel=\"canonical\" href=\"https:\/\/elsalvadorllantas.com\/index.php\/producto\/presa-235-60-r17-pj66-6pr\/\" \/>\r\n<meta property=\"og:locale\" content=\"es_ES\" \/>\r\n<meta property=\"og:type\" content=\"article\" \/>\r\n<meta property=\"og:title\" content=\"Presa 235\/60 R17 PJ66 6PR - Centro de Servicio Do\u00f1o\" \/>\r\n<meta property=\"og:description\" content=\"Lonaje Indice de Carga 6PR 102VTL Modelo PJ66 El neum\u00e1tico PJ66 es una llanta de labrado asim\u00e9trico que proporciona un excelente agarre y durabilidad. Generalidades El manejo suave se destaca, manejo seguro especialmente en suelo mojado, ideal para SUV familiares, excelente agarre con un dise\u00f1o patentado de ranuras de pared el cual minimiza el ruido     Ver m\u00e1s &quot;Presa 235\/60 R17 PJ66 6PR&quot;\" \/>\r\n<meta property=\"og:url\" content=\"https:\/\/elsalvadorllantas.com\/index.php\/producto\/presa-235-60-r17-pj66-6pr\/\" \/>\r\n<meta property=\"og:site_name\" content=\"Centro de Servicio Do\u00f1o\" \/>\r\n<meta property=\"article:modified_time\" content=\"2026-04-14T05:42:13+00:00\" \/>\r\n<meta property=\"og:image\" content=\"https:\/\/elsalvadorllantas.com\/wp-content\/uploads\/2023\/10\/LLANTAS-PRESA-PJ66.jpg\" \/>\r\n\t<meta property=\"og:image:width\" content=\"1200\" \/>\r\n\t<meta property=\"og:image:height\" content=\"1200\" \/>\r\n\t<meta property=\"og:image:type\" content=\"image\/jpeg\" \/>\r\n<meta name=\"twitter:card\" content=\"summary_large_image\" \/>\r\n<script type=\"application\/ld+json\" class=\"yoast-schema-graph\">{\"@context\":\"https:\/\/schema.org\",\"@graph\":[{\"@type\":\"WebPage\",\"@id\":\"https:\/\/elsalvadorllantas.com\/index.php\/producto\/presa-235-60-r17-pj66-6pr\/\",\"url\":\"https:\/\/elsalvadorllantas.com\/index.php\/producto\/presa-235-60-r17-pj66-6pr\/\",\"name\":\"Presa 235\/60 R17 PJ66 6PR - Centro de Servicio Do\u00f1o\",\"isPartOf\":{\"@id\":\"https:\/\/elsalvadorllantas.com\/#website\"},\"primaryImageOfPage\":{\"@id\":\"https:\/\/elsalvadorllantas.com\/index.php\/producto\/presa-235-60-r17-pj66-6pr\/#primaryimage\"},\"image\":{\"@id\":\"https:\/\/elsalvadorllantas.com\/index.php\/producto\/presa-235-60-r17-pj66-6pr\/#primaryimage\"},\"thumbnailUrl\":\"https:\/\/elsalvadorllantas.com\/wp-content\/uploads\/2023\/10\/LLANTAS-PRESA-PJ66.jpg\",\"datePublished\":\"2021-08-24T23:14:42+00:00\",\"dateModified\":\"2026-04-14T05:42:13+00:00\",\"breadcrumb\":{\"@id\":\"https:\/\/elsalvadorllantas.com\/index.php\/producto\/presa-235-60-r17-pj66-6pr\/#breadcrumb\"},\"inLanguage\":\"es\",\"potentialAction\":[{\"@type\":\"ReadAction\",\"target\":[\"https:\/\/elsalvadorllantas.com\/index.php\/producto\/presa-235-60-r17-pj66-6pr\/\"]}]},{\"@type\":\"ImageObject\",\"inLanguage\":\"es\",\"@id\":\"https:\/\/elsalvadorllantas.com\/index.php\/producto\/presa-235-60-r17-pj66-6pr\/#primaryimage\",\"url\":\"https:\/\/elsalvadorllantas.com\/wp-content\/uploads\/2023\/10\/LLANTAS-PRESA-PJ66.jpg\",\"contentUrl\":\"https:\/\/elsalvadorllantas.com\/wp-content\/uploads\/2023\/10\/LLANTAS-PRESA-PJ66.jpg\",\"width\":1200,\"height\":1200},{\"@type\":\"BreadcrumbList\",\"@id\":\"https:\/\/elsalvadorllantas.com\/index.php\/producto\/presa-235-60-r17-pj66-6pr\/#breadcrumb\",\"itemListElement\":[{\"@type\":\"ListItem\",\"position\":1,\"name\":\"Inicio\",\"item\":\"https:\/\/elsalvadorllantas.com\/\"},{\"@type\":\"ListItem\",\"position\":2,\"name\":\"Tienda en linea\",\"item\":\"https:\/\/elsalvadorllantas.com\/index.php\/tienda-en-linea\/\"},{\"@type\":\"ListItem\",\"position\":3,\"name\":\"Presa 235\/60 R17 PJ66 6PR\"}]},{\"@type\":\"WebSite\",\"@id\":\"https:\/\/elsalvadorllantas.com\/#website\",\"url\":\"https:\/\/elsalvadorllantas.com\/\",\"name\":\"Centro de Servicio Do\u00f1o\",\"description\":\"Venta de Llantas Nuevas - \u00a1Cotiza Ya!\",\"publisher\":{\"@id\":\"https:\/\/elsalvadorllantas.com\/#organization\"},\"potentialAction\":[{\"@type\":\"SearchAction\",\"target\":{\"@type\":\"EntryPoint\",\"urlTemplate\":\"https:\/\/elsalvadorllantas.com\/?s={search_term_string}\"},\"query-input\":{\"@type\":\"PropertyValueSpecification\",\"valueRequired\":true,\"valueName\":\"search_term_string\"}}],\"inLanguage\":\"es\"},{\"@type\":\"Organization\",\"@id\":\"https:\/\/elsalvadorllantas.com\/#organization\",\"name\":\"Centro de Servicio Do\u00f1o\",\"url\":\"https:\/\/elsalvadorllantas.com\/\",\"logo\":{\"@type\":\"ImageObject\",\"inLanguage\":\"es\",\"@id\":\"https:\/\/elsalvadorllantas.com\/#\/schema\/logo\/image\/\",\"url\":\"https:\/\/elsalvadorllantas.com\/wp-content\/uploads\/2021\/12\/Logo_Don\u0303o_Editable-CMYK-2.png\",\"contentUrl\":\"https:\/\/elsalvadorllantas.com\/wp-content\/uploads\/2021\/12\/Logo_Don\u0303o_Editable-CMYK-2.png\",\"width\":2139,\"height\":779,\"caption\":\"Centro de Servicio Do\u00f1o\"},\"image\":{\"@id\":\"https:\/\/elsalvadorllantas.com\/#\/schema\/logo\/image\/\"}}]}<\/script>\r\n<!-- \/ Yoast SEO plugin. -->","yoast_head_json":{"title":"Presa 235\/60 R17 PJ66 6PR - Centro de Servicio Do\u00f1o","robots":{"index":"index","follow":"follow","max-snippet":"max-snippet:-1","max-image-preview":"max-image-preview:large","max-video-preview":"max-video-preview:-1"},"canonical":"https:\/\/elsalvadorllantas.com\/index.php\/producto\/presa-235-60-r17-pj66-6pr\/","og_locale":"es_ES","og_type":"article","og_title":"Presa 235\/60 R17 PJ66 6PR - Centro de Servicio Do\u00f1o","og_description":"Lonaje Indice de Carga 6PR 102VTL Modelo PJ66 El neum\u00e1tico PJ66 es una llanta de labrado asim\u00e9trico que proporciona un excelente agarre y durabilidad. Generalidades El manejo suave se destaca, manejo seguro especialmente en suelo mojado, ideal para SUV familiares, excelente agarre con un dise\u00f1o patentado de ranuras de pared el cual minimiza el ruido     Ver m\u00e1s \"Presa 235\/60 R17 PJ66 6PR\"","og_url":"https:\/\/elsalvadorllantas.com\/index.php\/producto\/presa-235-60-r17-pj66-6pr\/","og_site_name":"Centro de Servicio Do\u00f1o","article_modified_time":"2026-04-14T05:42:13+00:00","og_image":[{"width":1200,"height":1200,"url":"https:\/\/elsalvadorllantas.com\/wp-content\/uploads\/2023\/10\/LLANTAS-PRESA-PJ66.jpg","type":"image\/jpeg"}],"twitter_card":"summary_large_image","schema":{"@context":"https:\/\/schema.org","@graph":[{"@type":"WebPage","@id":"https:\/\/elsalvadorllantas.com\/index.php\/producto\/presa-235-60-r17-pj66-6pr\/","url":"https:\/\/elsalvadorllantas.com\/index.php\/producto\/presa-235-60-r17-pj66-6pr\/","name":"Presa 235\/60 R17 PJ66 6PR - Centro de Servicio Do\u00f1o","isPartOf":{"@id":"https:\/\/elsalvadorllantas.com\/#website"},"primaryImageOfPage":{"@id":"https:\/\/elsalvadorllantas.com\/index.php\/producto\/presa-235-60-r17-pj66-6pr\/#primaryimage"},"image":{"@id":"https:\/\/elsalvadorllantas.com\/index.php\/producto\/presa-235-60-r17-pj66-6pr\/#primaryimage"},"thumbnailUrl":"https:\/\/elsalvadorllantas.com\/wp-content\/uploads\/2023\/10\/LLANTAS-PRESA-PJ66.jpg","datePublished":"2021-08-24T23:14:42+00:00","dateModified":"2026-04-14T05:42:13+00:00","breadcrumb":{"@id":"https:\/\/elsalvadorllantas.com\/index.php\/producto\/presa-235-60-r17-pj66-6pr\/#breadcrumb"},"inLanguage":"es","potentialAction":[{"@type":"ReadAction","target":["https:\/\/elsalvadorllantas.com\/index.php\/producto\/presa-235-60-r17-pj66-6pr\/"]}]},{"@type":"ImageObject","inLanguage":"es","@id":"https:\/\/elsalvadorllantas.com\/index.php\/producto\/presa-235-60-r17-pj66-6pr\/#primaryimage","url":"https:\/\/elsalvadorllantas.com\/wp-content\/uploads\/2023\/10\/LLANTAS-PRESA-PJ66.jpg","contentUrl":"https:\/\/elsalvadorllantas.com\/wp-content\/uploads\/2023\/10\/LLANTAS-PRESA-PJ66.jpg","width":1200,"height":1200},{"@type":"BreadcrumbList","@id":"https:\/\/elsalvadorllantas.com\/index.php\/producto\/presa-235-60-r17-pj66-6pr\/#breadcrumb","itemListElement":[{"@type":"ListItem","position":1,"name":"Inicio","item":"https:\/\/elsalvadorllantas.com\/"},{"@type":"ListItem","position":2,"name":"Tienda en linea","item":"https:\/\/elsalvadorllantas.com\/index.php\/tienda-en-linea\/"},{"@type":"ListItem","position":3,"name":"Presa 235\/60 R17 PJ66 6PR"}]},{"@type":"WebSite","@id":"https:\/\/elsalvadorllantas.com\/#website","url":"https:\/\/elsalvadorllantas.com\/","name":"Centro de Servicio Do\u00f1o","description":"Venta de Llantas Nuevas - \u00a1Cotiza Ya!","publisher":{"@id":"https:\/\/elsalvadorllantas.com\/#organization"},"potentialAction":[{"@type":"SearchAction","target":{"@type":"EntryPoint","urlTemplate":"https:\/\/elsalvadorllantas.com\/?s={search_term_string}"},"query-input":{"@type":"PropertyValueSpecification","valueRequired":true,"valueName":"search_term_string"}}],"inLanguage":"es"},{"@type":"Organization","@id":"https:\/\/elsalvadorllantas.com\/#organization","name":"Centro de Servicio Do\u00f1o","url":"https:\/\/elsalvadorllantas.com\/","logo":{"@type":"ImageObject","inLanguage":"es","@id":"https:\/\/elsalvadorllantas.com\/#\/schema\/logo\/image\/","url":"https:\/\/elsalvadorllantas.com\/wp-content\/uploads\/2021\/12\/Logo_Don\u0303o_Editable-CMYK-2.png","contentUrl":"https:\/\/elsalvadorllantas.com\/wp-content\/uploads\/2021\/12\/Logo_Don\u0303o_Editable-CMYK-2.png","width":2139,"height":779,"caption":"Centro de Servicio Do\u00f1o"},"image":{"@id":"https:\/\/elsalvadorllantas.com\/#\/schema\/logo\/image\/"}}]}},"_links":{"self":[{"href":"https:\/\/elsalvadorllantas.com\/index.php\/wp-json\/wp\/v2\/product\/8367","targetHints":{"allow":["GET"]}}],"collection":[{"href":"https:\/\/elsalvadorllantas.com\/index.php\/wp-json\/wp\/v2\/product"}],"about":[{"href":"https:\/\/elsalvadorllantas.com\/index.php\/wp-json\/wp\/v2\/types\/product"}],"version-history":[{"count":1,"href":"https:\/\/elsalvadorllantas.com\/index.php\/wp-json\/wp\/v2\/product\/8367\/revisions"}],"predecessor-version":[{"id":20881,"href":"https:\/\/elsalvadorllantas.com\/index.php\/wp-json\/wp\/v2\/product\/8367\/revisions\/20881"}],"wp:featuredmedia":[{"embeddable":true,"href":"https:\/\/elsalvadorllantas.com\/index.php\/wp-json\/wp\/v2\/media\/17999"}],"wp:attachment":[{"href":"https:\/\/elsalvadorllantas.com\/index.php\/wp-json\/wp\/v2\/media?parent=8367"}],"wp:term":[{"taxonomy":"product_brand","embeddable":true,"href":"https:\/\/elsalvadorllantas.com\/index.php\/wp-json\/wp\/v2\/product_brand?post=8367"},{"taxonomy":"product_cat","embeddable":true,"href":"https:\/\/elsalvadorllantas.com\/index.php\/wp-json\/wp\/v2\/product_cat?post=8367"},{"taxonomy":"product_tag","embeddable":true,"href":"https:\/\/elsalvadorllantas.com\/index.php\/wp-json\/wp\/v2\/product_tag?post=8367"}],"curies":[{"name":"wp","href":"https:\/\/api.w.org\/{rel}","templated":true}]}}