{"id":8368,"date":"2021-08-24T23:14:44","date_gmt":"2021-08-24T23:14:44","guid":{"rendered":"https:\/\/elsalvadorllantas.com\/index.php\/product\/presa-215-45-r17-ps55-4pr\/"},"modified":"2026-04-13T23:42:16","modified_gmt":"2026-04-14T05:42:16","slug":"presa-215-45-r17-ps55-4pr","status":"publish","type":"product","link":"https:\/\/elsalvadorllantas.com\/index.php\/producto\/presa-215-45-r17-ps55-4pr\/","title":{"rendered":"Presa 215\/45 R17 PS55 4PR"},"content":{"rendered":"<table style=\"height: 67px;\" border=\"2\" width=\"777\">\n<tbody>\n<tr style=\"text-align: center;\">\n<td>Lonaje<\/td>\n<td>Indice de Carga<\/td>\n<\/tr>\n<tr style=\"text-align: center;\">\n<td>4PR<\/td>\n<td>91W<\/td>\n<\/tr>\n<\/tbody>\n<\/table>\n<h1><img decoding=\"async\" class=\"alignnone size-medium wp-image-9041\" src=\"https:\/\/elsalvadorllantas.com\/wp-content\/uploads\/2021\/08\/PRESA-PS55-1-300x55.jpg\" alt=\"\" width=\"300\" height=\"55\" srcset=\"https:\/\/elsalvadorllantas.com\/wp-content\/uploads\/2021\/08\/PRESA-PS55-1-300x55.jpg 300w, https:\/\/elsalvadorllantas.com\/wp-content\/uploads\/2021\/08\/PRESA-PS55-1-768x140.jpg 768w, https:\/\/elsalvadorllantas.com\/wp-content\/uploads\/2021\/08\/PRESA-PS55-1-600x110.jpg 600w, https:\/\/elsalvadorllantas.com\/wp-content\/uploads\/2021\/08\/PRESA-PS55-1-64x12.jpg 64w, https:\/\/elsalvadorllantas.com\/wp-content\/uploads\/2021\/08\/PRESA-PS55-1.jpg 924w\" sizes=\"(max-width: 300px) 100vw, 300px\" loading=\"lazy\" \/><\/h1>\n<h1>Modelo PS55<\/h1>\n<p>El neum\u00e1tico PS55 posee un dibujo agresivo de la banda de rodadura en forma de V para mejorar el manejo, cinturones de acero de alta resistencia para una conducci\u00f3n suave.<\/p>\n<h2>Generalidades<\/h2>\n<p>Compuesto de s\u00edlice avanzado para mejorar la tracci\u00f3n de la banda y reducir la resistencia a la rodadura. El dise\u00f1o de 5 bloques biselados estrat\u00e9gicamente posicionado reduce la frecuencia de ruido de tono.<\/p>\n<h2>Beneficios<\/h2>\n<ul>\n<li>Excelente estabilidad en curvas.<\/li>\n<li>Conducci\u00f3n suave.<\/li>\n<li>Reducci\u00f3n de ruido.<\/li>\n<li>Reducci\u00f3n de la resistencia a la rodadura.<\/li>\n<\/ul>\n<h2><img fetchpriority=\"high\" decoding=\"async\" class=\"alignnone wp-image-9042\" src=\"https:\/\/elsalvadorllantas.com\/wp-content\/uploads\/2021\/08\/PRESA-PS55-2-228x300.jpg\" alt=\"\" width=\"197\" height=\"259\" srcset=\"https:\/\/elsalvadorllantas.com\/wp-content\/uploads\/2021\/08\/PRESA-PS55-2-228x300.jpg 228w, https:\/\/elsalvadorllantas.com\/wp-content\/uploads\/2021\/08\/PRESA-PS55-2-600x789.jpg 600w, https:\/\/elsalvadorllantas.com\/wp-content\/uploads\/2021\/08\/PRESA-PS55-2-64x84.jpg 64w, https:\/\/elsalvadorllantas.com\/wp-content\/uploads\/2021\/08\/PRESA-PS55-2.jpg 651w\" sizes=\"(max-width: 197px) 100vw, 197px\" \/><img decoding=\"async\" class=\"alignnone wp-image-9043\" src=\"https:\/\/elsalvadorllantas.com\/wp-content\/uploads\/2021\/08\/PRESA-PS55-3-300x197.jpg\" alt=\"\" width=\"263\" height=\"173\" srcset=\"https:\/\/elsalvadorllantas.com\/wp-content\/uploads\/2021\/08\/PRESA-PS55-3-300x197.jpg 300w, https:\/\/elsalvadorllantas.com\/wp-content\/uploads\/2021\/08\/PRESA-PS55-3-600x394.jpg 600w, https:\/\/elsalvadorllantas.com\/wp-content\/uploads\/2021\/08\/PRESA-PS55-3-64x42.jpg 64w, https:\/\/elsalvadorllantas.com\/wp-content\/uploads\/2021\/08\/PRESA-PS55-3.jpg 651w\" sizes=\"(max-width: 263px) 100vw, 263px\" loading=\"lazy\" \/><\/h2>\n<h2>Caracter\u00edsticas de desempe\u00f1o<\/h2>\n<ul>\n<li>Estilo de conducci\u00f3n agresivo.<\/li>\n<li>Nivel adecuado de confort.<\/li>\n<li>Suave y silencioso en movimiento.<\/li>\n<li>Dise\u00f1ado para velocidades mas altas.<\/li>\n<\/ul>\n<h2>Caracter\u00edsticas y beneficios de la construcci\u00f3n.<\/h2>\n<p>Las cinco nervaduras de soporte central que se inserta aqu\u00ed para mejorar la estabilidad a alta velocidad, est\u00e1n colocadas que no se genere ning\u00fan zumbido.<\/p>\n<p><img loading=\"lazy\" decoding=\"async\" class=\"alignnone wp-image-9044\" src=\"https:\/\/elsalvadorllantas.com\/wp-content\/uploads\/2021\/08\/PRESA-PS55-4-300x231.jpg\" alt=\"\" width=\"248\" height=\"191\" srcset=\"https:\/\/elsalvadorllantas.com\/wp-content\/uploads\/2021\/08\/PRESA-PS55-4-300x231.jpg 300w, https:\/\/elsalvadorllantas.com\/wp-content\/uploads\/2021\/08\/PRESA-PS55-4-768x592.jpg 768w, https:\/\/elsalvadorllantas.com\/wp-content\/uploads\/2021\/08\/PRESA-PS55-4-600x463.jpg 600w, https:\/\/elsalvadorllantas.com\/wp-content\/uploads\/2021\/08\/PRESA-PS55-4-64x49.jpg 64w, https:\/\/elsalvadorllantas.com\/wp-content\/uploads\/2021\/08\/PRESA-PS55-4.jpg 805w\" sizes=\"(max-width: 248px) 100vw, 248px\" \/><img loading=\"lazy\" decoding=\"async\" class=\"alignnone wp-image-9045\" src=\"https:\/\/elsalvadorllantas.com\/wp-content\/uploads\/2021\/08\/PRESA-PS55-5-254x300.jpg\" alt=\"\" width=\"165\" height=\"195\" srcset=\"https:\/\/elsalvadorllantas.com\/wp-content\/uploads\/2021\/08\/PRESA-PS55-5-254x300.jpg 254w, https:\/\/elsalvadorllantas.com\/wp-content\/uploads\/2021\/08\/PRESA-PS55-5-160x190.jpg 160w, https:\/\/elsalvadorllantas.com\/wp-content\/uploads\/2021\/08\/PRESA-PS55-5-225x267.jpg 225w, https:\/\/elsalvadorllantas.com\/wp-content\/uploads\/2021\/08\/PRESA-PS55-5-64x76.jpg 64w, https:\/\/elsalvadorllantas.com\/wp-content\/uploads\/2021\/08\/PRESA-PS55-5.jpg 526w\" sizes=\"(max-width: 165px) 100vw, 165px\" \/><\/p>\n","protected":false},"excerpt":{"rendered":"<p>Lonaje Indice de Carga 4PR 91W Modelo PS55 El neum\u00e1tico PS55 posee un dibujo agresivo de la banda de rodadura en forma de V para mejorar el manejo, cinturones de acero de alta resistencia para una conducci\u00f3n suave. Generalidades Compuesto de s\u00edlice avanzado para mejorar la tracci\u00f3n de la banda y reducir la resistencia a<br \/><a class=\"more-link\" href=\"https:\/\/elsalvadorllantas.com\/index.php\/producto\/presa-215-45-r17-ps55-4pr\/\"><br \/>\n        Ver m\u00e1s<span class=\"screen-reader-text\"> \u00abPresa 215\/45 R17 PS55 4PR\u00bb<\/span><\/a><\/p>\n","protected":false},"featured_media":18004,"template":"","meta":{"_acf_changed":false},"product_brand":[],"product_cat":[2239,1884,1937],"product_tag":[],"class_list":{"0":"post-8368","1":"product","2":"type-product","3":"status-publish","4":"has-post-thumbnail","6":"product_cat-215-45r17","7":"product_cat-presa","8":"product_cat-ps55","10":"first","11":"outofstock","12":"sale","13":"shipping-taxable","14":"purchasable","15":"product-type-simple"},"acf":[],"yoast_head":"<!-- This site is optimized with the Yoast SEO plugin v26.8 - https:\/\/yoast.com\/product\/yoast-seo-wordpress\/ -->\r\n<title>Presa 215\/45 R17 PS55 4PR - Centro de Servicio Do\u00f1o<\/title>\r\n<meta name=\"robots\" content=\"index, follow, max-snippet:-1, max-image-preview:large, max-video-preview:-1\" \/>\r\n<link rel=\"canonical\" href=\"https:\/\/elsalvadorllantas.com\/index.php\/producto\/presa-215-45-r17-ps55-4pr\/\" \/>\r\n<meta property=\"og:locale\" content=\"es_ES\" \/>\r\n<meta property=\"og:type\" content=\"article\" \/>\r\n<meta property=\"og:title\" content=\"Presa 215\/45 R17 PS55 4PR - Centro de Servicio Do\u00f1o\" \/>\r\n<meta property=\"og:description\" content=\"Lonaje Indice de Carga 4PR 91W Modelo PS55 El neum\u00e1tico PS55 posee un dibujo agresivo de la banda de rodadura en forma de V para mejorar el manejo, cinturones de acero de alta resistencia para una conducci\u00f3n suave. Generalidades Compuesto de s\u00edlice avanzado para mejorar la tracci\u00f3n de la banda y reducir la resistencia a     Ver m\u00e1s &quot;Presa 215\/45 R17 PS55 4PR&quot;\" \/>\r\n<meta property=\"og:url\" content=\"https:\/\/elsalvadorllantas.com\/index.php\/producto\/presa-215-45-r17-ps55-4pr\/\" \/>\r\n<meta property=\"og:site_name\" content=\"Centro de Servicio Do\u00f1o\" \/>\r\n<meta property=\"article:modified_time\" content=\"2026-04-14T05:42:16+00:00\" \/>\r\n<meta property=\"og:image\" content=\"https:\/\/elsalvadorllantas.com\/wp-content\/uploads\/2023\/10\/LLANTAS-PRESA-PS55.jpg\" \/>\r\n\t<meta property=\"og:image:width\" content=\"1200\" \/>\r\n\t<meta property=\"og:image:height\" content=\"1200\" \/>\r\n\t<meta property=\"og:image:type\" content=\"image\/jpeg\" \/>\r\n<meta name=\"twitter:card\" content=\"summary_large_image\" \/>\r\n<meta name=\"twitter:label1\" content=\"Tiempo de lectura\" \/>\n\t<meta name=\"twitter:data1\" content=\"1 minuto\" \/>\r\n<script type=\"application\/ld+json\" class=\"yoast-schema-graph\">{\"@context\":\"https:\/\/schema.org\",\"@graph\":[{\"@type\":\"WebPage\",\"@id\":\"https:\/\/elsalvadorllantas.com\/index.php\/producto\/presa-215-45-r17-ps55-4pr\/\",\"url\":\"https:\/\/elsalvadorllantas.com\/index.php\/producto\/presa-215-45-r17-ps55-4pr\/\",\"name\":\"Presa 215\/45 R17 PS55 4PR - Centro de Servicio Do\u00f1o\",\"isPartOf\":{\"@id\":\"https:\/\/elsalvadorllantas.com\/#website\"},\"primaryImageOfPage\":{\"@id\":\"https:\/\/elsalvadorllantas.com\/index.php\/producto\/presa-215-45-r17-ps55-4pr\/#primaryimage\"},\"image\":{\"@id\":\"https:\/\/elsalvadorllantas.com\/index.php\/producto\/presa-215-45-r17-ps55-4pr\/#primaryimage\"},\"thumbnailUrl\":\"https:\/\/elsalvadorllantas.com\/wp-content\/uploads\/2023\/10\/LLANTAS-PRESA-PS55.jpg\",\"datePublished\":\"2021-08-24T23:14:44+00:00\",\"dateModified\":\"2026-04-14T05:42:16+00:00\",\"breadcrumb\":{\"@id\":\"https:\/\/elsalvadorllantas.com\/index.php\/producto\/presa-215-45-r17-ps55-4pr\/#breadcrumb\"},\"inLanguage\":\"es\",\"potentialAction\":[{\"@type\":\"ReadAction\",\"target\":[\"https:\/\/elsalvadorllantas.com\/index.php\/producto\/presa-215-45-r17-ps55-4pr\/\"]}]},{\"@type\":\"ImageObject\",\"inLanguage\":\"es\",\"@id\":\"https:\/\/elsalvadorllantas.com\/index.php\/producto\/presa-215-45-r17-ps55-4pr\/#primaryimage\",\"url\":\"https:\/\/elsalvadorllantas.com\/wp-content\/uploads\/2023\/10\/LLANTAS-PRESA-PS55.jpg\",\"contentUrl\":\"https:\/\/elsalvadorllantas.com\/wp-content\/uploads\/2023\/10\/LLANTAS-PRESA-PS55.jpg\",\"width\":1200,\"height\":1200},{\"@type\":\"BreadcrumbList\",\"@id\":\"https:\/\/elsalvadorllantas.com\/index.php\/producto\/presa-215-45-r17-ps55-4pr\/#breadcrumb\",\"itemListElement\":[{\"@type\":\"ListItem\",\"position\":1,\"name\":\"Inicio\",\"item\":\"https:\/\/elsalvadorllantas.com\/\"},{\"@type\":\"ListItem\",\"position\":2,\"name\":\"Tienda en linea\",\"item\":\"https:\/\/elsalvadorllantas.com\/index.php\/tienda-en-linea\/\"},{\"@type\":\"ListItem\",\"position\":3,\"name\":\"Presa 215\/45 R17 PS55 4PR\"}]},{\"@type\":\"WebSite\",\"@id\":\"https:\/\/elsalvadorllantas.com\/#website\",\"url\":\"https:\/\/elsalvadorllantas.com\/\",\"name\":\"Centro de Servicio Do\u00f1o\",\"description\":\"Venta de Llantas Nuevas - \u00a1Cotiza Ya!\",\"publisher\":{\"@id\":\"https:\/\/elsalvadorllantas.com\/#organization\"},\"potentialAction\":[{\"@type\":\"SearchAction\",\"target\":{\"@type\":\"EntryPoint\",\"urlTemplate\":\"https:\/\/elsalvadorllantas.com\/?s={search_term_string}\"},\"query-input\":{\"@type\":\"PropertyValueSpecification\",\"valueRequired\":true,\"valueName\":\"search_term_string\"}}],\"inLanguage\":\"es\"},{\"@type\":\"Organization\",\"@id\":\"https:\/\/elsalvadorllantas.com\/#organization\",\"name\":\"Centro de Servicio Do\u00f1o\",\"url\":\"https:\/\/elsalvadorllantas.com\/\",\"logo\":{\"@type\":\"ImageObject\",\"inLanguage\":\"es\",\"@id\":\"https:\/\/elsalvadorllantas.com\/#\/schema\/logo\/image\/\",\"url\":\"https:\/\/elsalvadorllantas.com\/wp-content\/uploads\/2021\/12\/Logo_Don\u0303o_Editable-CMYK-2.png\",\"contentUrl\":\"https:\/\/elsalvadorllantas.com\/wp-content\/uploads\/2021\/12\/Logo_Don\u0303o_Editable-CMYK-2.png\",\"width\":2139,\"height\":779,\"caption\":\"Centro de Servicio Do\u00f1o\"},\"image\":{\"@id\":\"https:\/\/elsalvadorllantas.com\/#\/schema\/logo\/image\/\"}}]}<\/script>\r\n<!-- \/ Yoast SEO plugin. -->","yoast_head_json":{"title":"Presa 215\/45 R17 PS55 4PR - Centro de Servicio Do\u00f1o","robots":{"index":"index","follow":"follow","max-snippet":"max-snippet:-1","max-image-preview":"max-image-preview:large","max-video-preview":"max-video-preview:-1"},"canonical":"https:\/\/elsalvadorllantas.com\/index.php\/producto\/presa-215-45-r17-ps55-4pr\/","og_locale":"es_ES","og_type":"article","og_title":"Presa 215\/45 R17 PS55 4PR - Centro de Servicio Do\u00f1o","og_description":"Lonaje Indice de Carga 4PR 91W Modelo PS55 El neum\u00e1tico PS55 posee un dibujo agresivo de la banda de rodadura en forma de V para mejorar el manejo, cinturones de acero de alta resistencia para una conducci\u00f3n suave. Generalidades Compuesto de s\u00edlice avanzado para mejorar la tracci\u00f3n de la banda y reducir la resistencia a     Ver m\u00e1s \"Presa 215\/45 R17 PS55 4PR\"","og_url":"https:\/\/elsalvadorllantas.com\/index.php\/producto\/presa-215-45-r17-ps55-4pr\/","og_site_name":"Centro de Servicio Do\u00f1o","article_modified_time":"2026-04-14T05:42:16+00:00","og_image":[{"width":1200,"height":1200,"url":"https:\/\/elsalvadorllantas.com\/wp-content\/uploads\/2023\/10\/LLANTAS-PRESA-PS55.jpg","type":"image\/jpeg"}],"twitter_card":"summary_large_image","twitter_misc":{"Tiempo de lectura":"1 minuto"},"schema":{"@context":"https:\/\/schema.org","@graph":[{"@type":"WebPage","@id":"https:\/\/elsalvadorllantas.com\/index.php\/producto\/presa-215-45-r17-ps55-4pr\/","url":"https:\/\/elsalvadorllantas.com\/index.php\/producto\/presa-215-45-r17-ps55-4pr\/","name":"Presa 215\/45 R17 PS55 4PR - Centro de Servicio Do\u00f1o","isPartOf":{"@id":"https:\/\/elsalvadorllantas.com\/#website"},"primaryImageOfPage":{"@id":"https:\/\/elsalvadorllantas.com\/index.php\/producto\/presa-215-45-r17-ps55-4pr\/#primaryimage"},"image":{"@id":"https:\/\/elsalvadorllantas.com\/index.php\/producto\/presa-215-45-r17-ps55-4pr\/#primaryimage"},"thumbnailUrl":"https:\/\/elsalvadorllantas.com\/wp-content\/uploads\/2023\/10\/LLANTAS-PRESA-PS55.jpg","datePublished":"2021-08-24T23:14:44+00:00","dateModified":"2026-04-14T05:42:16+00:00","breadcrumb":{"@id":"https:\/\/elsalvadorllantas.com\/index.php\/producto\/presa-215-45-r17-ps55-4pr\/#breadcrumb"},"inLanguage":"es","potentialAction":[{"@type":"ReadAction","target":["https:\/\/elsalvadorllantas.com\/index.php\/producto\/presa-215-45-r17-ps55-4pr\/"]}]},{"@type":"ImageObject","inLanguage":"es","@id":"https:\/\/elsalvadorllantas.com\/index.php\/producto\/presa-215-45-r17-ps55-4pr\/#primaryimage","url":"https:\/\/elsalvadorllantas.com\/wp-content\/uploads\/2023\/10\/LLANTAS-PRESA-PS55.jpg","contentUrl":"https:\/\/elsalvadorllantas.com\/wp-content\/uploads\/2023\/10\/LLANTAS-PRESA-PS55.jpg","width":1200,"height":1200},{"@type":"BreadcrumbList","@id":"https:\/\/elsalvadorllantas.com\/index.php\/producto\/presa-215-45-r17-ps55-4pr\/#breadcrumb","itemListElement":[{"@type":"ListItem","position":1,"name":"Inicio","item":"https:\/\/elsalvadorllantas.com\/"},{"@type":"ListItem","position":2,"name":"Tienda en linea","item":"https:\/\/elsalvadorllantas.com\/index.php\/tienda-en-linea\/"},{"@type":"ListItem","position":3,"name":"Presa 215\/45 R17 PS55 4PR"}]},{"@type":"WebSite","@id":"https:\/\/elsalvadorllantas.com\/#website","url":"https:\/\/elsalvadorllantas.com\/","name":"Centro de Servicio Do\u00f1o","description":"Venta de Llantas Nuevas - \u00a1Cotiza Ya!","publisher":{"@id":"https:\/\/elsalvadorllantas.com\/#organization"},"potentialAction":[{"@type":"SearchAction","target":{"@type":"EntryPoint","urlTemplate":"https:\/\/elsalvadorllantas.com\/?s={search_term_string}"},"query-input":{"@type":"PropertyValueSpecification","valueRequired":true,"valueName":"search_term_string"}}],"inLanguage":"es"},{"@type":"Organization","@id":"https:\/\/elsalvadorllantas.com\/#organization","name":"Centro de Servicio Do\u00f1o","url":"https:\/\/elsalvadorllantas.com\/","logo":{"@type":"ImageObject","inLanguage":"es","@id":"https:\/\/elsalvadorllantas.com\/#\/schema\/logo\/image\/","url":"https:\/\/elsalvadorllantas.com\/wp-content\/uploads\/2021\/12\/Logo_Don\u0303o_Editable-CMYK-2.png","contentUrl":"https:\/\/elsalvadorllantas.com\/wp-content\/uploads\/2021\/12\/Logo_Don\u0303o_Editable-CMYK-2.png","width":2139,"height":779,"caption":"Centro de Servicio Do\u00f1o"},"image":{"@id":"https:\/\/elsalvadorllantas.com\/#\/schema\/logo\/image\/"}}]}},"_links":{"self":[{"href":"https:\/\/elsalvadorllantas.com\/index.php\/wp-json\/wp\/v2\/product\/8368","targetHints":{"allow":["GET"]}}],"collection":[{"href":"https:\/\/elsalvadorllantas.com\/index.php\/wp-json\/wp\/v2\/product"}],"about":[{"href":"https:\/\/elsalvadorllantas.com\/index.php\/wp-json\/wp\/v2\/types\/product"}],"version-history":[{"count":1,"href":"https:\/\/elsalvadorllantas.com\/index.php\/wp-json\/wp\/v2\/product\/8368\/revisions"}],"predecessor-version":[{"id":20880,"href":"https:\/\/elsalvadorllantas.com\/index.php\/wp-json\/wp\/v2\/product\/8368\/revisions\/20880"}],"wp:featuredmedia":[{"embeddable":true,"href":"https:\/\/elsalvadorllantas.com\/index.php\/wp-json\/wp\/v2\/media\/18004"}],"wp:attachment":[{"href":"https:\/\/elsalvadorllantas.com\/index.php\/wp-json\/wp\/v2\/media?parent=8368"}],"wp:term":[{"taxonomy":"product_brand","embeddable":true,"href":"https:\/\/elsalvadorllantas.com\/index.php\/wp-json\/wp\/v2\/product_brand?post=8368"},{"taxonomy":"product_cat","embeddable":true,"href":"https:\/\/elsalvadorllantas.com\/index.php\/wp-json\/wp\/v2\/product_cat?post=8368"},{"taxonomy":"product_tag","embeddable":true,"href":"https:\/\/elsalvadorllantas.com\/index.php\/wp-json\/wp\/v2\/product_tag?post=8368"}],"curies":[{"name":"wp","href":"https:\/\/api.w.org\/{rel}","templated":true}]}}