{"id":8392,"date":"2021-08-24T23:15:45","date_gmt":"2021-08-24T23:15:45","guid":{"rendered":"https:\/\/elsalvadorllantas.com\/index.php\/product\/presa-750-16-p276-14pr\/"},"modified":"2026-04-13T23:43:38","modified_gmt":"2026-04-14T05:43:38","slug":"presa-750-16-p276-14pr","status":"publish","type":"product","link":"https:\/\/elsalvadorllantas.com\/index.php\/producto\/presa-750-16-p276-14pr\/","title":{"rendered":"Presa 750-16 P276 14PR"},"content":{"rendered":"<table style=\"height: 67px;\" border=\"2\" width=\"777\">\n<tbody>\n<tr style=\"text-align: center;\">\n<td>Lonaje<\/td>\n<td>Indice de Carga<\/td>\n<\/tr>\n<tr style=\"text-align: center;\">\n<td>14PR<\/td>\n<td>14PR<\/td>\n<\/tr>\n<\/tbody>\n<\/table>\n<h1><img decoding=\"async\" class=\"alignnone  wp-image-8979\" src=\"https:\/\/elsalvadorllantas.com\/wp-content\/uploads\/2021\/08\/PRESA-PS76-1-300x55.jpg\" alt=\"\" width=\"245\" height=\"45\" srcset=\"https:\/\/elsalvadorllantas.com\/wp-content\/uploads\/2021\/08\/PRESA-PS76-1-300x55.jpg 300w, https:\/\/elsalvadorllantas.com\/wp-content\/uploads\/2021\/08\/PRESA-PS76-1-768x140.jpg 768w, https:\/\/elsalvadorllantas.com\/wp-content\/uploads\/2021\/08\/PRESA-PS76-1-600x110.jpg 600w, https:\/\/elsalvadorllantas.com\/wp-content\/uploads\/2021\/08\/PRESA-PS76-1-64x12.jpg 64w, https:\/\/elsalvadorllantas.com\/wp-content\/uploads\/2021\/08\/PRESA-PS76-1.jpg 924w\" sizes=\"(max-width: 245px) 100vw, 245px\" loading=\"lazy\" \/><\/h1>\n<h1>Modelo P276<\/h1>\n<p>El neum\u00e1tico de Presa P276 es ideal para una conducci\u00f3n a alta velocidad en carreteras generales, con excelente vida \u00fatil y se aplica a cualquier tipo de veh\u00edculo de eje.<\/p>\n<h2>Generalidades<\/h2>\n<p>El neum\u00e1tico posee una estructura de hombros con excelente sistema asim\u00e9trico antiabrasi\u00f3n para aumentar la vida \u00fatil del neum\u00e1tico. El dise\u00f1o de patr\u00f3n especial aumenta el rendimiento de agarre en carreteras secas y mojadas con una excelente capacidad antideslizante. El nuevo dise\u00f1o compuesto resiste la generaci\u00f3n de calor.<\/p>\n<h2>Beneficios<\/h2>\n<ul>\n<li>Adherencia en carreteras.<\/li>\n<li>Mejor rendimiento.<\/li>\n<li>Excelente durabilidad.<\/li>\n<li>Capacidad antideslizante.<\/li>\n<\/ul>\n<p><img decoding=\"async\" class=\"alignnone  wp-image-8980\" src=\"https:\/\/elsalvadorllantas.com\/wp-content\/uploads\/2021\/08\/PRESA-PS76-2-208x300.jpg\" alt=\"\" width=\"160\" height=\"231\" srcset=\"https:\/\/elsalvadorllantas.com\/wp-content\/uploads\/2021\/08\/PRESA-PS76-2-208x300.jpg 208w, https:\/\/elsalvadorllantas.com\/wp-content\/uploads\/2021\/08\/PRESA-PS76-2-709x1024.jpg 709w, https:\/\/elsalvadorllantas.com\/wp-content\/uploads\/2021\/08\/PRESA-PS76-2-768x1109.jpg 768w, https:\/\/elsalvadorllantas.com\/wp-content\/uploads\/2021\/08\/PRESA-PS76-2-600x866.jpg 600w, https:\/\/elsalvadorllantas.com\/wp-content\/uploads\/2021\/08\/PRESA-PS76-2-64x92.jpg 64w, https:\/\/elsalvadorllantas.com\/wp-content\/uploads\/2021\/08\/PRESA-PS76-2.jpg 924w\" sizes=\"(max-width: 160px) 100vw, 160px\" loading=\"lazy\" \/><img decoding=\"async\" class=\"alignnone  wp-image-8981\" src=\"https:\/\/elsalvadorllantas.com\/wp-content\/uploads\/2021\/08\/PRESA-PS76-3-208x300.jpg\" alt=\"\" width=\"163\" height=\"235\" srcset=\"https:\/\/elsalvadorllantas.com\/wp-content\/uploads\/2021\/08\/PRESA-PS76-3-208x300.jpg 208w, https:\/\/elsalvadorllantas.com\/wp-content\/uploads\/2021\/08\/PRESA-PS76-3-709x1024.jpg 709w, https:\/\/elsalvadorllantas.com\/wp-content\/uploads\/2021\/08\/PRESA-PS76-3-768x1109.jpg 768w, https:\/\/elsalvadorllantas.com\/wp-content\/uploads\/2021\/08\/PRESA-PS76-3-600x866.jpg 600w, https:\/\/elsalvadorllantas.com\/wp-content\/uploads\/2021\/08\/PRESA-PS76-3-64x92.jpg 64w, https:\/\/elsalvadorllantas.com\/wp-content\/uploads\/2021\/08\/PRESA-PS76-3.jpg 924w\" sizes=\"(max-width: 163px) 100vw, 163px\" loading=\"lazy\" \/><\/p>\n<h2>Caracter\u00edsticas de desempe\u00f1o<\/h2>\n<ul>\n<li>Mejor rendimiento antiabrasi\u00f3n.<\/li>\n<li>Mejor rendimiento antideslizante.<\/li>\n<li>Larga vida \u00fatil.<\/li>\n<\/ul>\n<p>&nbsp;<\/p>\n","protected":false},"excerpt":{"rendered":"<p>Lonaje Indice de Carga 14PR 14PR Modelo P276 El neum\u00e1tico de Presa P276 es ideal para una conducci\u00f3n a alta velocidad en carreteras generales, con excelente vida \u00fatil y se aplica a cualquier tipo de veh\u00edculo de eje. Generalidades El neum\u00e1tico posee una estructura de hombros con excelente sistema asim\u00e9trico antiabrasi\u00f3n para aumentar la vida<br \/><a class=\"more-link\" href=\"https:\/\/elsalvadorllantas.com\/index.php\/producto\/presa-750-16-p276-14pr\/\"><br \/>\n        Ver m\u00e1s<span class=\"screen-reader-text\"> \u00abPresa 750-16 P276 14PR\u00bb<\/span><\/a><\/p>\n","protected":false},"featured_media":11932,"template":"","meta":{"_acf_changed":false},"product_brand":[],"product_cat":[2330,1956,1884],"product_tag":[],"class_list":{"0":"post-8392","1":"product","2":"type-product","3":"status-publish","4":"has-post-thumbnail","6":"product_cat-750-16","7":"product_cat-p276","8":"product_cat-presa","10":"first","11":"outofstock","12":"sale","13":"shipping-taxable","14":"purchasable","15":"product-type-simple"},"acf":[],"yoast_head":"<!-- This site is optimized with the Yoast SEO plugin v26.8 - https:\/\/yoast.com\/product\/yoast-seo-wordpress\/ -->\r\n<title>Presa 750-16 P276 14PR - Centro de Servicio Do\u00f1o<\/title>\r\n<meta name=\"robots\" content=\"index, follow, max-snippet:-1, max-image-preview:large, max-video-preview:-1\" \/>\r\n<link rel=\"canonical\" href=\"https:\/\/elsalvadorllantas.com\/index.php\/producto\/presa-750-16-p276-14pr\/\" \/>\r\n<meta property=\"og:locale\" content=\"es_ES\" \/>\r\n<meta property=\"og:type\" content=\"article\" \/>\r\n<meta property=\"og:title\" content=\"Presa 750-16 P276 14PR - Centro de Servicio Do\u00f1o\" \/>\r\n<meta property=\"og:description\" content=\"Lonaje Indice de Carga 14PR 14PR Modelo P276 El neum\u00e1tico de Presa P276 es ideal para una conducci\u00f3n a alta velocidad en carreteras generales, con excelente vida \u00fatil y se aplica a cualquier tipo de veh\u00edculo de eje. Generalidades El neum\u00e1tico posee una estructura de hombros con excelente sistema asim\u00e9trico antiabrasi\u00f3n para aumentar la vida     Ver m\u00e1s &quot;Presa 750-16 P276 14PR&quot;\" \/>\r\n<meta property=\"og:url\" content=\"https:\/\/elsalvadorllantas.com\/index.php\/producto\/presa-750-16-p276-14pr\/\" \/>\r\n<meta property=\"og:site_name\" content=\"Centro de Servicio Do\u00f1o\" \/>\r\n<meta property=\"article:modified_time\" content=\"2026-04-14T05:43:38+00:00\" \/>\r\n<meta property=\"og:image\" content=\"https:\/\/elsalvadorllantas.com\/wp-content\/uploads\/2022\/02\/P276-PRESA-Tires.jpg\" \/>\r\n\t<meta property=\"og:image:width\" content=\"1200\" \/>\r\n\t<meta property=\"og:image:height\" content=\"1200\" \/>\r\n\t<meta property=\"og:image:type\" content=\"image\/jpeg\" \/>\r\n<meta name=\"twitter:card\" content=\"summary_large_image\" \/>\r\n<meta name=\"twitter:label1\" content=\"Tiempo de lectura\" \/>\n\t<meta name=\"twitter:data1\" content=\"1 minuto\" \/>\r\n<script type=\"application\/ld+json\" class=\"yoast-schema-graph\">{\"@context\":\"https:\/\/schema.org\",\"@graph\":[{\"@type\":\"WebPage\",\"@id\":\"https:\/\/elsalvadorllantas.com\/index.php\/producto\/presa-750-16-p276-14pr\/\",\"url\":\"https:\/\/elsalvadorllantas.com\/index.php\/producto\/presa-750-16-p276-14pr\/\",\"name\":\"Presa 750-16 P276 14PR - Centro de Servicio Do\u00f1o\",\"isPartOf\":{\"@id\":\"https:\/\/elsalvadorllantas.com\/#website\"},\"primaryImageOfPage\":{\"@id\":\"https:\/\/elsalvadorllantas.com\/index.php\/producto\/presa-750-16-p276-14pr\/#primaryimage\"},\"image\":{\"@id\":\"https:\/\/elsalvadorllantas.com\/index.php\/producto\/presa-750-16-p276-14pr\/#primaryimage\"},\"thumbnailUrl\":\"https:\/\/elsalvadorllantas.com\/wp-content\/uploads\/2022\/02\/P276-PRESA-Tires.jpg\",\"datePublished\":\"2021-08-24T23:15:45+00:00\",\"dateModified\":\"2026-04-14T05:43:38+00:00\",\"breadcrumb\":{\"@id\":\"https:\/\/elsalvadorllantas.com\/index.php\/producto\/presa-750-16-p276-14pr\/#breadcrumb\"},\"inLanguage\":\"es\",\"potentialAction\":[{\"@type\":\"ReadAction\",\"target\":[\"https:\/\/elsalvadorllantas.com\/index.php\/producto\/presa-750-16-p276-14pr\/\"]}]},{\"@type\":\"ImageObject\",\"inLanguage\":\"es\",\"@id\":\"https:\/\/elsalvadorllantas.com\/index.php\/producto\/presa-750-16-p276-14pr\/#primaryimage\",\"url\":\"https:\/\/elsalvadorllantas.com\/wp-content\/uploads\/2022\/02\/P276-PRESA-Tires.jpg\",\"contentUrl\":\"https:\/\/elsalvadorllantas.com\/wp-content\/uploads\/2022\/02\/P276-PRESA-Tires.jpg\",\"width\":1200,\"height\":1200},{\"@type\":\"BreadcrumbList\",\"@id\":\"https:\/\/elsalvadorllantas.com\/index.php\/producto\/presa-750-16-p276-14pr\/#breadcrumb\",\"itemListElement\":[{\"@type\":\"ListItem\",\"position\":1,\"name\":\"Inicio\",\"item\":\"https:\/\/elsalvadorllantas.com\/\"},{\"@type\":\"ListItem\",\"position\":2,\"name\":\"Tienda en linea\",\"item\":\"https:\/\/elsalvadorllantas.com\/index.php\/tienda-en-linea\/\"},{\"@type\":\"ListItem\",\"position\":3,\"name\":\"Presa 750-16 P276 14PR\"}]},{\"@type\":\"WebSite\",\"@id\":\"https:\/\/elsalvadorllantas.com\/#website\",\"url\":\"https:\/\/elsalvadorllantas.com\/\",\"name\":\"Centro de Servicio Do\u00f1o\",\"description\":\"Venta de Llantas Nuevas - \u00a1Cotiza Ya!\",\"publisher\":{\"@id\":\"https:\/\/elsalvadorllantas.com\/#organization\"},\"potentialAction\":[{\"@type\":\"SearchAction\",\"target\":{\"@type\":\"EntryPoint\",\"urlTemplate\":\"https:\/\/elsalvadorllantas.com\/?s={search_term_string}\"},\"query-input\":{\"@type\":\"PropertyValueSpecification\",\"valueRequired\":true,\"valueName\":\"search_term_string\"}}],\"inLanguage\":\"es\"},{\"@type\":\"Organization\",\"@id\":\"https:\/\/elsalvadorllantas.com\/#organization\",\"name\":\"Centro de Servicio Do\u00f1o\",\"url\":\"https:\/\/elsalvadorllantas.com\/\",\"logo\":{\"@type\":\"ImageObject\",\"inLanguage\":\"es\",\"@id\":\"https:\/\/elsalvadorllantas.com\/#\/schema\/logo\/image\/\",\"url\":\"https:\/\/elsalvadorllantas.com\/wp-content\/uploads\/2021\/12\/Logo_Don\u0303o_Editable-CMYK-2.png\",\"contentUrl\":\"https:\/\/elsalvadorllantas.com\/wp-content\/uploads\/2021\/12\/Logo_Don\u0303o_Editable-CMYK-2.png\",\"width\":2139,\"height\":779,\"caption\":\"Centro de Servicio Do\u00f1o\"},\"image\":{\"@id\":\"https:\/\/elsalvadorllantas.com\/#\/schema\/logo\/image\/\"}}]}<\/script>\r\n<!-- \/ Yoast SEO plugin. -->","yoast_head_json":{"title":"Presa 750-16 P276 14PR - Centro de Servicio Do\u00f1o","robots":{"index":"index","follow":"follow","max-snippet":"max-snippet:-1","max-image-preview":"max-image-preview:large","max-video-preview":"max-video-preview:-1"},"canonical":"https:\/\/elsalvadorllantas.com\/index.php\/producto\/presa-750-16-p276-14pr\/","og_locale":"es_ES","og_type":"article","og_title":"Presa 750-16 P276 14PR - Centro de Servicio Do\u00f1o","og_description":"Lonaje Indice de Carga 14PR 14PR Modelo P276 El neum\u00e1tico de Presa P276 es ideal para una conducci\u00f3n a alta velocidad en carreteras generales, con excelente vida \u00fatil y se aplica a cualquier tipo de veh\u00edculo de eje. Generalidades El neum\u00e1tico posee una estructura de hombros con excelente sistema asim\u00e9trico antiabrasi\u00f3n para aumentar la vida     Ver m\u00e1s \"Presa 750-16 P276 14PR\"","og_url":"https:\/\/elsalvadorllantas.com\/index.php\/producto\/presa-750-16-p276-14pr\/","og_site_name":"Centro de Servicio Do\u00f1o","article_modified_time":"2026-04-14T05:43:38+00:00","og_image":[{"width":1200,"height":1200,"url":"https:\/\/elsalvadorllantas.com\/wp-content\/uploads\/2022\/02\/P276-PRESA-Tires.jpg","type":"image\/jpeg"}],"twitter_card":"summary_large_image","twitter_misc":{"Tiempo de lectura":"1 minuto"},"schema":{"@context":"https:\/\/schema.org","@graph":[{"@type":"WebPage","@id":"https:\/\/elsalvadorllantas.com\/index.php\/producto\/presa-750-16-p276-14pr\/","url":"https:\/\/elsalvadorllantas.com\/index.php\/producto\/presa-750-16-p276-14pr\/","name":"Presa 750-16 P276 14PR - Centro de Servicio Do\u00f1o","isPartOf":{"@id":"https:\/\/elsalvadorllantas.com\/#website"},"primaryImageOfPage":{"@id":"https:\/\/elsalvadorllantas.com\/index.php\/producto\/presa-750-16-p276-14pr\/#primaryimage"},"image":{"@id":"https:\/\/elsalvadorllantas.com\/index.php\/producto\/presa-750-16-p276-14pr\/#primaryimage"},"thumbnailUrl":"https:\/\/elsalvadorllantas.com\/wp-content\/uploads\/2022\/02\/P276-PRESA-Tires.jpg","datePublished":"2021-08-24T23:15:45+00:00","dateModified":"2026-04-14T05:43:38+00:00","breadcrumb":{"@id":"https:\/\/elsalvadorllantas.com\/index.php\/producto\/presa-750-16-p276-14pr\/#breadcrumb"},"inLanguage":"es","potentialAction":[{"@type":"ReadAction","target":["https:\/\/elsalvadorllantas.com\/index.php\/producto\/presa-750-16-p276-14pr\/"]}]},{"@type":"ImageObject","inLanguage":"es","@id":"https:\/\/elsalvadorllantas.com\/index.php\/producto\/presa-750-16-p276-14pr\/#primaryimage","url":"https:\/\/elsalvadorllantas.com\/wp-content\/uploads\/2022\/02\/P276-PRESA-Tires.jpg","contentUrl":"https:\/\/elsalvadorllantas.com\/wp-content\/uploads\/2022\/02\/P276-PRESA-Tires.jpg","width":1200,"height":1200},{"@type":"BreadcrumbList","@id":"https:\/\/elsalvadorllantas.com\/index.php\/producto\/presa-750-16-p276-14pr\/#breadcrumb","itemListElement":[{"@type":"ListItem","position":1,"name":"Inicio","item":"https:\/\/elsalvadorllantas.com\/"},{"@type":"ListItem","position":2,"name":"Tienda en linea","item":"https:\/\/elsalvadorllantas.com\/index.php\/tienda-en-linea\/"},{"@type":"ListItem","position":3,"name":"Presa 750-16 P276 14PR"}]},{"@type":"WebSite","@id":"https:\/\/elsalvadorllantas.com\/#website","url":"https:\/\/elsalvadorllantas.com\/","name":"Centro de Servicio Do\u00f1o","description":"Venta de Llantas Nuevas - \u00a1Cotiza Ya!","publisher":{"@id":"https:\/\/elsalvadorllantas.com\/#organization"},"potentialAction":[{"@type":"SearchAction","target":{"@type":"EntryPoint","urlTemplate":"https:\/\/elsalvadorllantas.com\/?s={search_term_string}"},"query-input":{"@type":"PropertyValueSpecification","valueRequired":true,"valueName":"search_term_string"}}],"inLanguage":"es"},{"@type":"Organization","@id":"https:\/\/elsalvadorllantas.com\/#organization","name":"Centro de Servicio Do\u00f1o","url":"https:\/\/elsalvadorllantas.com\/","logo":{"@type":"ImageObject","inLanguage":"es","@id":"https:\/\/elsalvadorllantas.com\/#\/schema\/logo\/image\/","url":"https:\/\/elsalvadorllantas.com\/wp-content\/uploads\/2021\/12\/Logo_Don\u0303o_Editable-CMYK-2.png","contentUrl":"https:\/\/elsalvadorllantas.com\/wp-content\/uploads\/2021\/12\/Logo_Don\u0303o_Editable-CMYK-2.png","width":2139,"height":779,"caption":"Centro de Servicio Do\u00f1o"},"image":{"@id":"https:\/\/elsalvadorllantas.com\/#\/schema\/logo\/image\/"}}]}},"_links":{"self":[{"href":"https:\/\/elsalvadorllantas.com\/index.php\/wp-json\/wp\/v2\/product\/8392","targetHints":{"allow":["GET"]}}],"collection":[{"href":"https:\/\/elsalvadorllantas.com\/index.php\/wp-json\/wp\/v2\/product"}],"about":[{"href":"https:\/\/elsalvadorllantas.com\/index.php\/wp-json\/wp\/v2\/types\/product"}],"version-history":[{"count":1,"href":"https:\/\/elsalvadorllantas.com\/index.php\/wp-json\/wp\/v2\/product\/8392\/revisions"}],"predecessor-version":[{"id":20872,"href":"https:\/\/elsalvadorllantas.com\/index.php\/wp-json\/wp\/v2\/product\/8392\/revisions\/20872"}],"wp:featuredmedia":[{"embeddable":true,"href":"https:\/\/elsalvadorllantas.com\/index.php\/wp-json\/wp\/v2\/media\/11932"}],"wp:attachment":[{"href":"https:\/\/elsalvadorllantas.com\/index.php\/wp-json\/wp\/v2\/media?parent=8392"}],"wp:term":[{"taxonomy":"product_brand","embeddable":true,"href":"https:\/\/elsalvadorllantas.com\/index.php\/wp-json\/wp\/v2\/product_brand?post=8392"},{"taxonomy":"product_cat","embeddable":true,"href":"https:\/\/elsalvadorllantas.com\/index.php\/wp-json\/wp\/v2\/product_cat?post=8392"},{"taxonomy":"product_tag","embeddable":true,"href":"https:\/\/elsalvadorllantas.com\/index.php\/wp-json\/wp\/v2\/product_tag?post=8392"}],"curies":[{"name":"wp","href":"https:\/\/api.w.org\/{rel}","templated":true}]}}