{"id":8394,"date":"2021-08-24T23:15:50","date_gmt":"2021-08-24T23:15:50","guid":{"rendered":"https:\/\/elsalvadorllantas.com\/index.php\/product\/maxxis-155-r12-ma703-76stl\/"},"modified":"2026-04-13T23:43:44","modified_gmt":"2026-04-14T05:43:44","slug":"maxxis-155-r12-ma703-76stl","status":"publish","type":"product","link":"https:\/\/elsalvadorllantas.com\/index.php\/producto\/maxxis-155-r12-ma703-76stl\/","title":{"rendered":"Maxxis 155 R12 MA703 76STL"},"content":{"rendered":"<table style=\"height: 67px;\" border=\"2\" width=\"777\">\n<tbody>\n<tr style=\"text-align: center;\">\n<td>Lonaje<\/td>\n<td>Indice de Carga<\/td>\n<\/tr>\n<tr style=\"text-align: center;\">\n<td>76STL<\/td>\n<td>76STL<\/td>\n<\/tr>\n<\/tbody>\n<\/table>\n<h1><img decoding=\"async\" class=\"alignnone size-medium wp-image-8651\" src=\"https:\/\/elsalvadorllantas.com\/wp-content\/uploads\/2021\/08\/87b2edcbffc94ac2384907924c14b616-300x93.jpg\" alt=\"\" width=\"300\" height=\"93\" srcset=\"https:\/\/elsalvadorllantas.com\/wp-content\/uploads\/2021\/08\/87b2edcbffc94ac2384907924c14b616-300x93.jpg 300w, https:\/\/elsalvadorllantas.com\/wp-content\/uploads\/2021\/08\/87b2edcbffc94ac2384907924c14b616-1024x319.jpg 1024w, https:\/\/elsalvadorllantas.com\/wp-content\/uploads\/2021\/08\/87b2edcbffc94ac2384907924c14b616-768x239.jpg 768w, https:\/\/elsalvadorllantas.com\/wp-content\/uploads\/2021\/08\/87b2edcbffc94ac2384907924c14b616-1536x479.jpg 1536w, https:\/\/elsalvadorllantas.com\/wp-content\/uploads\/2021\/08\/87b2edcbffc94ac2384907924c14b616-2048x638.jpg 2048w, https:\/\/elsalvadorllantas.com\/wp-content\/uploads\/2021\/08\/87b2edcbffc94ac2384907924c14b616-600x187.jpg 600w, https:\/\/elsalvadorllantas.com\/wp-content\/uploads\/2021\/08\/87b2edcbffc94ac2384907924c14b616-64x20.jpg 64w\" sizes=\"(max-width: 300px) 100vw, 300px\" loading=\"lazy\" \/><\/h1>\n<h1>Modelo MA703<\/h1>\n<p>El MA703 es el neum\u00e1tico ideal para usted. La construcci\u00f3n para uso intensivo y un dise\u00f1o mejorado de la banda de rodamiento, otorga una combinaci\u00f3n perfecta de durabilidad y maniobrabilidad.<\/p>\n<h2>Generalidades<\/h2>\n<p>La MA703 tiene una construcci\u00f3n con cintur\u00f3n doble de acero para un desgaste gradual y uniforme. Posee una capa de envoltura en espiral compacta de nylon al 100% para aumentar la resistencia. El dise\u00f1o posee la banda de rodamiento que ofrece una excelente tracci\u00f3n y desempe\u00f1o en condiciones tanto como seco o mojado.<\/p>\n<h2>Beneficios<\/h2>\n<ul>\n<li>Construcci\u00f3n de doble cintur\u00f3n de acero.<\/li>\n<li>Excelente respuesta de un neum\u00e1tico de alto rendimiento con alto millaje de un neum\u00e1tico de turismo.<\/li>\n<li>Dise\u00f1o de la banda revolucionario.<\/li>\n<li>Larga duraci\u00f3n y uniformidad al desgaste.<\/li>\n<\/ul>\n<h2>\u00a0 <img fetchpriority=\"high\" decoding=\"async\" class=\"alignnone wp-image-8650\" src=\"https:\/\/elsalvadorllantas.com\/wp-content\/uploads\/2021\/08\/MAXXI-MA703-300x105.png\" alt=\"\" width=\"480\" height=\"168\" srcset=\"https:\/\/elsalvadorllantas.com\/wp-content\/uploads\/2021\/08\/MAXXI-MA703-300x105.png 300w, https:\/\/elsalvadorllantas.com\/wp-content\/uploads\/2021\/08\/MAXXI-MA703-1024x358.png 1024w, https:\/\/elsalvadorllantas.com\/wp-content\/uploads\/2021\/08\/MAXXI-MA703-768x269.png 768w, https:\/\/elsalvadorllantas.com\/wp-content\/uploads\/2021\/08\/MAXXI-MA703-600x210.png 600w, https:\/\/elsalvadorllantas.com\/wp-content\/uploads\/2021\/08\/MAXXI-MA703-64x22.png 64w, https:\/\/elsalvadorllantas.com\/wp-content\/uploads\/2021\/08\/MAXXI-MA703.png 1472w\" sizes=\"(max-width: 480px) 100vw, 480px\" \/><\/h2>\n<h2>Caracter\u00edsticas de desempe\u00f1o<\/h2>\n<ul>\n<li>Capacidad de respuesta de una llanta de alto kilometraje de una llanta de turismo.<\/li>\n<li>Mayor estabilidad y rendimiento.<\/li>\n<li>Excelente tracci\u00f3n y rendimiento.<\/li>\n<li>Repuesta en condiciones h\u00famedas y secas.<\/li>\n<\/ul>\n<p>&nbsp;<\/p>\n","protected":false},"excerpt":{"rendered":"<p>Lonaje Indice de Carga 76STL 76STL Modelo MA703 El MA703 es el neum\u00e1tico ideal para usted. La construcci\u00f3n para uso intensivo y un dise\u00f1o mejorado de la banda de rodamiento, otorga una combinaci\u00f3n perfecta de durabilidad y maniobrabilidad. Generalidades La MA703 tiene una construcci\u00f3n con cintur\u00f3n doble de acero para un desgaste gradual y uniforme.<br \/><a class=\"more-link\" href=\"https:\/\/elsalvadorllantas.com\/index.php\/producto\/maxxis-155-r12-ma703-76stl\/\"><br \/>\n        Ver m\u00e1s<span class=\"screen-reader-text\"> \u00abMaxxis 155 R12 MA703 76STL\u00bb<\/span><\/a><\/p>\n","protected":false},"featured_media":12150,"template":"","meta":{"_acf_changed":false},"product_brand":[],"product_cat":[2333,1880,1957],"product_tag":[],"class_list":{"0":"post-8394","1":"product","2":"type-product","3":"status-publish","4":"has-post-thumbnail","6":"product_cat-155r12","7":"product_cat-maxxis","8":"product_cat-ma703","10":"first","11":"outofstock","12":"sale","13":"shipping-taxable","14":"purchasable","15":"product-type-simple"},"acf":[],"yoast_head":"<!-- This site is optimized with the Yoast SEO plugin v26.8 - https:\/\/yoast.com\/product\/yoast-seo-wordpress\/ -->\r\n<title>Maxxis 155 R12 MA703 76STL - Centro de Servicio Do\u00f1o<\/title>\r\n<meta name=\"robots\" content=\"index, follow, max-snippet:-1, max-image-preview:large, max-video-preview:-1\" \/>\r\n<link rel=\"canonical\" href=\"https:\/\/elsalvadorllantas.com\/index.php\/producto\/maxxis-155-r12-ma703-76stl\/\" \/>\r\n<meta property=\"og:locale\" content=\"es_ES\" \/>\r\n<meta property=\"og:type\" content=\"article\" \/>\r\n<meta property=\"og:title\" content=\"Maxxis 155 R12 MA703 76STL - Centro de Servicio Do\u00f1o\" \/>\r\n<meta property=\"og:description\" content=\"Lonaje Indice de Carga 76STL 76STL Modelo MA703 El MA703 es el neum\u00e1tico ideal para usted. La construcci\u00f3n para uso intensivo y un dise\u00f1o mejorado de la banda de rodamiento, otorga una combinaci\u00f3n perfecta de durabilidad y maniobrabilidad. Generalidades La MA703 tiene una construcci\u00f3n con cintur\u00f3n doble de acero para un desgaste gradual y uniforme.     Ver m\u00e1s &quot;Maxxis 155 R12 MA703 76STL&quot;\" \/>\r\n<meta property=\"og:url\" content=\"https:\/\/elsalvadorllantas.com\/index.php\/producto\/maxxis-155-r12-ma703-76stl\/\" \/>\r\n<meta property=\"og:site_name\" content=\"Centro de Servicio Do\u00f1o\" \/>\r\n<meta property=\"article:modified_time\" content=\"2026-04-14T05:43:44+00:00\" \/>\r\n<meta property=\"og:image\" content=\"https:\/\/elsalvadorllantas.com\/wp-content\/uploads\/2022\/03\/MA703-Maxxis.jpg\" \/>\r\n\t<meta property=\"og:image:width\" content=\"1200\" \/>\r\n\t<meta property=\"og:image:height\" content=\"1200\" \/>\r\n\t<meta property=\"og:image:type\" content=\"image\/jpeg\" \/>\r\n<meta name=\"twitter:card\" content=\"summary_large_image\" \/>\r\n<meta name=\"twitter:label1\" content=\"Tiempo de lectura\" \/>\n\t<meta name=\"twitter:data1\" content=\"2 minutos\" \/>\r\n<script type=\"application\/ld+json\" class=\"yoast-schema-graph\">{\"@context\":\"https:\/\/schema.org\",\"@graph\":[{\"@type\":\"WebPage\",\"@id\":\"https:\/\/elsalvadorllantas.com\/index.php\/producto\/maxxis-155-r12-ma703-76stl\/\",\"url\":\"https:\/\/elsalvadorllantas.com\/index.php\/producto\/maxxis-155-r12-ma703-76stl\/\",\"name\":\"Maxxis 155 R12 MA703 76STL - Centro de Servicio Do\u00f1o\",\"isPartOf\":{\"@id\":\"https:\/\/elsalvadorllantas.com\/#website\"},\"primaryImageOfPage\":{\"@id\":\"https:\/\/elsalvadorllantas.com\/index.php\/producto\/maxxis-155-r12-ma703-76stl\/#primaryimage\"},\"image\":{\"@id\":\"https:\/\/elsalvadorllantas.com\/index.php\/producto\/maxxis-155-r12-ma703-76stl\/#primaryimage\"},\"thumbnailUrl\":\"https:\/\/elsalvadorllantas.com\/wp-content\/uploads\/2022\/03\/MA703-Maxxis.jpg\",\"datePublished\":\"2021-08-24T23:15:50+00:00\",\"dateModified\":\"2026-04-14T05:43:44+00:00\",\"breadcrumb\":{\"@id\":\"https:\/\/elsalvadorllantas.com\/index.php\/producto\/maxxis-155-r12-ma703-76stl\/#breadcrumb\"},\"inLanguage\":\"es\",\"potentialAction\":[{\"@type\":\"ReadAction\",\"target\":[\"https:\/\/elsalvadorllantas.com\/index.php\/producto\/maxxis-155-r12-ma703-76stl\/\"]}]},{\"@type\":\"ImageObject\",\"inLanguage\":\"es\",\"@id\":\"https:\/\/elsalvadorllantas.com\/index.php\/producto\/maxxis-155-r12-ma703-76stl\/#primaryimage\",\"url\":\"https:\/\/elsalvadorllantas.com\/wp-content\/uploads\/2022\/03\/MA703-Maxxis.jpg\",\"contentUrl\":\"https:\/\/elsalvadorllantas.com\/wp-content\/uploads\/2022\/03\/MA703-Maxxis.jpg\",\"width\":1200,\"height\":1200},{\"@type\":\"BreadcrumbList\",\"@id\":\"https:\/\/elsalvadorllantas.com\/index.php\/producto\/maxxis-155-r12-ma703-76stl\/#breadcrumb\",\"itemListElement\":[{\"@type\":\"ListItem\",\"position\":1,\"name\":\"Inicio\",\"item\":\"https:\/\/elsalvadorllantas.com\/\"},{\"@type\":\"ListItem\",\"position\":2,\"name\":\"Tienda en linea\",\"item\":\"https:\/\/elsalvadorllantas.com\/index.php\/tienda-en-linea\/\"},{\"@type\":\"ListItem\",\"position\":3,\"name\":\"Maxxis 155 R12 MA703 76STL\"}]},{\"@type\":\"WebSite\",\"@id\":\"https:\/\/elsalvadorllantas.com\/#website\",\"url\":\"https:\/\/elsalvadorllantas.com\/\",\"name\":\"Centro de Servicio Do\u00f1o\",\"description\":\"Venta de Llantas Nuevas - \u00a1Cotiza Ya!\",\"publisher\":{\"@id\":\"https:\/\/elsalvadorllantas.com\/#organization\"},\"potentialAction\":[{\"@type\":\"SearchAction\",\"target\":{\"@type\":\"EntryPoint\",\"urlTemplate\":\"https:\/\/elsalvadorllantas.com\/?s={search_term_string}\"},\"query-input\":{\"@type\":\"PropertyValueSpecification\",\"valueRequired\":true,\"valueName\":\"search_term_string\"}}],\"inLanguage\":\"es\"},{\"@type\":\"Organization\",\"@id\":\"https:\/\/elsalvadorllantas.com\/#organization\",\"name\":\"Centro de Servicio Do\u00f1o\",\"url\":\"https:\/\/elsalvadorllantas.com\/\",\"logo\":{\"@type\":\"ImageObject\",\"inLanguage\":\"es\",\"@id\":\"https:\/\/elsalvadorllantas.com\/#\/schema\/logo\/image\/\",\"url\":\"https:\/\/elsalvadorllantas.com\/wp-content\/uploads\/2021\/12\/Logo_Don\u0303o_Editable-CMYK-2.png\",\"contentUrl\":\"https:\/\/elsalvadorllantas.com\/wp-content\/uploads\/2021\/12\/Logo_Don\u0303o_Editable-CMYK-2.png\",\"width\":2139,\"height\":779,\"caption\":\"Centro de Servicio Do\u00f1o\"},\"image\":{\"@id\":\"https:\/\/elsalvadorllantas.com\/#\/schema\/logo\/image\/\"}}]}<\/script>\r\n<!-- \/ Yoast SEO plugin. -->","yoast_head_json":{"title":"Maxxis 155 R12 MA703 76STL - Centro de Servicio Do\u00f1o","robots":{"index":"index","follow":"follow","max-snippet":"max-snippet:-1","max-image-preview":"max-image-preview:large","max-video-preview":"max-video-preview:-1"},"canonical":"https:\/\/elsalvadorllantas.com\/index.php\/producto\/maxxis-155-r12-ma703-76stl\/","og_locale":"es_ES","og_type":"article","og_title":"Maxxis 155 R12 MA703 76STL - Centro de Servicio Do\u00f1o","og_description":"Lonaje Indice de Carga 76STL 76STL Modelo MA703 El MA703 es el neum\u00e1tico ideal para usted. La construcci\u00f3n para uso intensivo y un dise\u00f1o mejorado de la banda de rodamiento, otorga una combinaci\u00f3n perfecta de durabilidad y maniobrabilidad. Generalidades La MA703 tiene una construcci\u00f3n con cintur\u00f3n doble de acero para un desgaste gradual y uniforme.     Ver m\u00e1s \"Maxxis 155 R12 MA703 76STL\"","og_url":"https:\/\/elsalvadorllantas.com\/index.php\/producto\/maxxis-155-r12-ma703-76stl\/","og_site_name":"Centro de Servicio Do\u00f1o","article_modified_time":"2026-04-14T05:43:44+00:00","og_image":[{"width":1200,"height":1200,"url":"https:\/\/elsalvadorllantas.com\/wp-content\/uploads\/2022\/03\/MA703-Maxxis.jpg","type":"image\/jpeg"}],"twitter_card":"summary_large_image","twitter_misc":{"Tiempo de lectura":"2 minutos"},"schema":{"@context":"https:\/\/schema.org","@graph":[{"@type":"WebPage","@id":"https:\/\/elsalvadorllantas.com\/index.php\/producto\/maxxis-155-r12-ma703-76stl\/","url":"https:\/\/elsalvadorllantas.com\/index.php\/producto\/maxxis-155-r12-ma703-76stl\/","name":"Maxxis 155 R12 MA703 76STL - Centro de Servicio Do\u00f1o","isPartOf":{"@id":"https:\/\/elsalvadorllantas.com\/#website"},"primaryImageOfPage":{"@id":"https:\/\/elsalvadorllantas.com\/index.php\/producto\/maxxis-155-r12-ma703-76stl\/#primaryimage"},"image":{"@id":"https:\/\/elsalvadorllantas.com\/index.php\/producto\/maxxis-155-r12-ma703-76stl\/#primaryimage"},"thumbnailUrl":"https:\/\/elsalvadorllantas.com\/wp-content\/uploads\/2022\/03\/MA703-Maxxis.jpg","datePublished":"2021-08-24T23:15:50+00:00","dateModified":"2026-04-14T05:43:44+00:00","breadcrumb":{"@id":"https:\/\/elsalvadorllantas.com\/index.php\/producto\/maxxis-155-r12-ma703-76stl\/#breadcrumb"},"inLanguage":"es","potentialAction":[{"@type":"ReadAction","target":["https:\/\/elsalvadorllantas.com\/index.php\/producto\/maxxis-155-r12-ma703-76stl\/"]}]},{"@type":"ImageObject","inLanguage":"es","@id":"https:\/\/elsalvadorllantas.com\/index.php\/producto\/maxxis-155-r12-ma703-76stl\/#primaryimage","url":"https:\/\/elsalvadorllantas.com\/wp-content\/uploads\/2022\/03\/MA703-Maxxis.jpg","contentUrl":"https:\/\/elsalvadorllantas.com\/wp-content\/uploads\/2022\/03\/MA703-Maxxis.jpg","width":1200,"height":1200},{"@type":"BreadcrumbList","@id":"https:\/\/elsalvadorllantas.com\/index.php\/producto\/maxxis-155-r12-ma703-76stl\/#breadcrumb","itemListElement":[{"@type":"ListItem","position":1,"name":"Inicio","item":"https:\/\/elsalvadorllantas.com\/"},{"@type":"ListItem","position":2,"name":"Tienda en linea","item":"https:\/\/elsalvadorllantas.com\/index.php\/tienda-en-linea\/"},{"@type":"ListItem","position":3,"name":"Maxxis 155 R12 MA703 76STL"}]},{"@type":"WebSite","@id":"https:\/\/elsalvadorllantas.com\/#website","url":"https:\/\/elsalvadorllantas.com\/","name":"Centro de Servicio Do\u00f1o","description":"Venta de Llantas Nuevas - \u00a1Cotiza Ya!","publisher":{"@id":"https:\/\/elsalvadorllantas.com\/#organization"},"potentialAction":[{"@type":"SearchAction","target":{"@type":"EntryPoint","urlTemplate":"https:\/\/elsalvadorllantas.com\/?s={search_term_string}"},"query-input":{"@type":"PropertyValueSpecification","valueRequired":true,"valueName":"search_term_string"}}],"inLanguage":"es"},{"@type":"Organization","@id":"https:\/\/elsalvadorllantas.com\/#organization","name":"Centro de Servicio Do\u00f1o","url":"https:\/\/elsalvadorllantas.com\/","logo":{"@type":"ImageObject","inLanguage":"es","@id":"https:\/\/elsalvadorllantas.com\/#\/schema\/logo\/image\/","url":"https:\/\/elsalvadorllantas.com\/wp-content\/uploads\/2021\/12\/Logo_Don\u0303o_Editable-CMYK-2.png","contentUrl":"https:\/\/elsalvadorllantas.com\/wp-content\/uploads\/2021\/12\/Logo_Don\u0303o_Editable-CMYK-2.png","width":2139,"height":779,"caption":"Centro de Servicio Do\u00f1o"},"image":{"@id":"https:\/\/elsalvadorllantas.com\/#\/schema\/logo\/image\/"}}]}},"_links":{"self":[{"href":"https:\/\/elsalvadorllantas.com\/index.php\/wp-json\/wp\/v2\/product\/8394","targetHints":{"allow":["GET"]}}],"collection":[{"href":"https:\/\/elsalvadorllantas.com\/index.php\/wp-json\/wp\/v2\/product"}],"about":[{"href":"https:\/\/elsalvadorllantas.com\/index.php\/wp-json\/wp\/v2\/types\/product"}],"version-history":[{"count":1,"href":"https:\/\/elsalvadorllantas.com\/index.php\/wp-json\/wp\/v2\/product\/8394\/revisions"}],"predecessor-version":[{"id":20685,"href":"https:\/\/elsalvadorllantas.com\/index.php\/wp-json\/wp\/v2\/product\/8394\/revisions\/20685"}],"wp:featuredmedia":[{"embeddable":true,"href":"https:\/\/elsalvadorllantas.com\/index.php\/wp-json\/wp\/v2\/media\/12150"}],"wp:attachment":[{"href":"https:\/\/elsalvadorllantas.com\/index.php\/wp-json\/wp\/v2\/media?parent=8394"}],"wp:term":[{"taxonomy":"product_brand","embeddable":true,"href":"https:\/\/elsalvadorllantas.com\/index.php\/wp-json\/wp\/v2\/product_brand?post=8394"},{"taxonomy":"product_cat","embeddable":true,"href":"https:\/\/elsalvadorllantas.com\/index.php\/wp-json\/wp\/v2\/product_cat?post=8394"},{"taxonomy":"product_tag","embeddable":true,"href":"https:\/\/elsalvadorllantas.com\/index.php\/wp-json\/wp\/v2\/product_tag?post=8394"}],"curies":[{"name":"wp","href":"https:\/\/api.w.org\/{rel}","templated":true}]}}