{"id":8408,"date":"2021-08-24T23:16:25","date_gmt":"2021-08-24T23:16:25","guid":{"rendered":"https:\/\/elsalvadorllantas.com\/index.php\/product\/maxxis-215-70-r15-ue168n-8pr\/"},"modified":"2026-04-13T23:44:25","modified_gmt":"2026-04-14T05:44:25","slug":"maxxis-215-70-r15-ue168n-8pr","status":"publish","type":"product","link":"https:\/\/elsalvadorllantas.com\/index.php\/producto\/maxxis-215-70-r15-ue168n-8pr\/","title":{"rendered":"Maxxis 215\/70 R15 UE168N 8PR"},"content":{"rendered":"<table style=\"height: 67px;\" border=\"2\" width=\"777\">\n<tbody>\n<tr style=\"text-align: center;\">\n<td>Lonaje<\/td>\n<td>Indice de Carga<\/td>\n<\/tr>\n<tr style=\"text-align: center;\">\n<td>8PR<\/td>\n<td>T<\/td>\n<\/tr>\n<\/tbody>\n<\/table>\n<h1>Modelo UE168N<\/h1>\n<p>El neum\u00e1tico de Maxxis ha sido dise\u00f1ado espec\u00edficamente para veh\u00edculos comerciales. La construcci\u00f3n de este neum\u00e1tico en general ofrece una combinaci\u00f3n perfecta de rendimiento y seguridad.<\/p>\n<h2>Generalidades<\/h2>\n<p>El dise\u00f1o de la banda de rodadura asegura una tracci\u00f3n uniforme en superficies secas y mojadas. Las ranuras dispersan r\u00e1pidamente el agua de la banda de rodadura mejorando as\u00ed la tracci\u00f3n en superficies mojadas y reduciendo as\u00ed el riesgo de hidroplano.<\/p>\n<h2>Beneficios<\/h2>\n<ul>\n<li>Gran capacidad de carga y construcci\u00f3n robusta.<\/li>\n<li>Buen confort en conducci\u00f3n.<\/li>\n<li>Tracci\u00f3n excepcional.<\/li>\n<li>Dise\u00f1o de banda de rodadura excepcional.<\/li>\n<\/ul>\n<p><img fetchpriority=\"high\" decoding=\"async\" class=\"alignnone size-medium wp-image-8768\" src=\"https:\/\/elsalvadorllantas.com\/wp-content\/uploads\/2021\/08\/MAXXI-UE168N-300x179.png\" alt=\"\" width=\"300\" height=\"179\" srcset=\"https:\/\/elsalvadorllantas.com\/wp-content\/uploads\/2021\/08\/MAXXI-UE168N-300x179.png 300w, https:\/\/elsalvadorllantas.com\/wp-content\/uploads\/2021\/08\/MAXXI-UE168N-1024x610.png 1024w, https:\/\/elsalvadorllantas.com\/wp-content\/uploads\/2021\/08\/MAXXI-UE168N-768x457.png 768w, https:\/\/elsalvadorllantas.com\/wp-content\/uploads\/2021\/08\/MAXXI-UE168N-600x357.png 600w, https:\/\/elsalvadorllantas.com\/wp-content\/uploads\/2021\/08\/MAXXI-UE168N-64x38.png 64w, https:\/\/elsalvadorllantas.com\/wp-content\/uploads\/2021\/08\/MAXXI-UE168N.png 1060w\" sizes=\"(max-width: 300px) 100vw, 300px\" \/><\/p>\n<h2>Caracter\u00edsticas de desempe\u00f1o<\/h2>\n<ul>\n<li>Desgaste uniforme.<\/li>\n<li>Manejo y rendimiento receptivos en aplicaciones comerciales exigentes.<\/li>\n<li>Capacidad en todas las estaciones.<\/li>\n<li>Resistencia y estabilidad.<\/li>\n<\/ul>\n","protected":false},"excerpt":{"rendered":"<p>Lonaje Indice de Carga 8PR T Modelo UE168N El neum\u00e1tico de Maxxis ha sido dise\u00f1ado espec\u00edficamente para veh\u00edculos comerciales. La construcci\u00f3n de este neum\u00e1tico en general ofrece una combinaci\u00f3n perfecta de rendimiento y seguridad. Generalidades El dise\u00f1o de la banda de rodadura asegura una tracci\u00f3n uniforme en superficies secas y mojadas. Las ranuras dispersan r\u00e1pidamente<br \/><a class=\"more-link\" href=\"https:\/\/elsalvadorllantas.com\/index.php\/producto\/maxxis-215-70-r15-ue168n-8pr\/\"><br \/>\n        Ver m\u00e1s<span class=\"screen-reader-text\"> \u00abMaxxis 215\/70 R15 UE168N 8PR\u00bb<\/span><\/a><\/p>\n","protected":false},"featured_media":17962,"template":"","meta":{"_acf_changed":false},"product_brand":[],"product_cat":[2215,1880,1958],"product_tag":[],"class_list":{"0":"post-8408","1":"product","2":"type-product","3":"status-publish","4":"has-post-thumbnail","6":"product_cat-215-70r15","7":"product_cat-maxxis","8":"product_cat-ue168n","10":"first","11":"outofstock","12":"sale","13":"shipping-taxable","14":"purchasable","15":"product-type-simple"},"acf":[],"yoast_head":"<!-- This site is optimized with the Yoast SEO plugin v26.8 - https:\/\/yoast.com\/product\/yoast-seo-wordpress\/ -->\r\n<title>Maxxis 215\/70 R15 UE168N 8PR - Centro de Servicio Do\u00f1o<\/title>\r\n<meta name=\"robots\" content=\"index, follow, max-snippet:-1, max-image-preview:large, max-video-preview:-1\" \/>\r\n<link rel=\"canonical\" href=\"https:\/\/elsalvadorllantas.com\/index.php\/producto\/maxxis-215-70-r15-ue168n-8pr\/\" \/>\r\n<meta property=\"og:locale\" content=\"es_ES\" \/>\r\n<meta property=\"og:type\" content=\"article\" \/>\r\n<meta property=\"og:title\" content=\"Maxxis 215\/70 R15 UE168N 8PR - Centro de Servicio Do\u00f1o\" \/>\r\n<meta property=\"og:description\" content=\"Lonaje Indice de Carga 8PR T Modelo UE168N El neum\u00e1tico de Maxxis ha sido dise\u00f1ado espec\u00edficamente para veh\u00edculos comerciales. La construcci\u00f3n de este neum\u00e1tico en general ofrece una combinaci\u00f3n perfecta de rendimiento y seguridad. Generalidades El dise\u00f1o de la banda de rodadura asegura una tracci\u00f3n uniforme en superficies secas y mojadas. Las ranuras dispersan r\u00e1pidamente     Ver m\u00e1s &quot;Maxxis 215\/70 R15 UE168N 8PR&quot;\" \/>\r\n<meta property=\"og:url\" content=\"https:\/\/elsalvadorllantas.com\/index.php\/producto\/maxxis-215-70-r15-ue168n-8pr\/\" \/>\r\n<meta property=\"og:site_name\" content=\"Centro de Servicio Do\u00f1o\" \/>\r\n<meta property=\"article:modified_time\" content=\"2026-04-14T05:44:25+00:00\" \/>\r\n<meta property=\"og:image\" content=\"https:\/\/elsalvadorllantas.com\/wp-content\/uploads\/2023\/09\/LLANTAS-MAXXIS-UE168.jpg\" \/>\r\n\t<meta property=\"og:image:width\" content=\"1200\" \/>\r\n\t<meta property=\"og:image:height\" content=\"1200\" \/>\r\n\t<meta property=\"og:image:type\" content=\"image\/jpeg\" \/>\r\n<meta name=\"twitter:card\" content=\"summary_large_image\" \/>\r\n<meta name=\"twitter:label1\" content=\"Tiempo de lectura\" \/>\n\t<meta name=\"twitter:data1\" content=\"1 minuto\" \/>\r\n<script type=\"application\/ld+json\" class=\"yoast-schema-graph\">{\"@context\":\"https:\/\/schema.org\",\"@graph\":[{\"@type\":\"WebPage\",\"@id\":\"https:\/\/elsalvadorllantas.com\/index.php\/producto\/maxxis-215-70-r15-ue168n-8pr\/\",\"url\":\"https:\/\/elsalvadorllantas.com\/index.php\/producto\/maxxis-215-70-r15-ue168n-8pr\/\",\"name\":\"Maxxis 215\/70 R15 UE168N 8PR - Centro de Servicio Do\u00f1o\",\"isPartOf\":{\"@id\":\"https:\/\/elsalvadorllantas.com\/#website\"},\"primaryImageOfPage\":{\"@id\":\"https:\/\/elsalvadorllantas.com\/index.php\/producto\/maxxis-215-70-r15-ue168n-8pr\/#primaryimage\"},\"image\":{\"@id\":\"https:\/\/elsalvadorllantas.com\/index.php\/producto\/maxxis-215-70-r15-ue168n-8pr\/#primaryimage\"},\"thumbnailUrl\":\"https:\/\/elsalvadorllantas.com\/wp-content\/uploads\/2023\/09\/LLANTAS-MAXXIS-UE168.jpg\",\"datePublished\":\"2021-08-24T23:16:25+00:00\",\"dateModified\":\"2026-04-14T05:44:25+00:00\",\"breadcrumb\":{\"@id\":\"https:\/\/elsalvadorllantas.com\/index.php\/producto\/maxxis-215-70-r15-ue168n-8pr\/#breadcrumb\"},\"inLanguage\":\"es\",\"potentialAction\":[{\"@type\":\"ReadAction\",\"target\":[\"https:\/\/elsalvadorllantas.com\/index.php\/producto\/maxxis-215-70-r15-ue168n-8pr\/\"]}]},{\"@type\":\"ImageObject\",\"inLanguage\":\"es\",\"@id\":\"https:\/\/elsalvadorllantas.com\/index.php\/producto\/maxxis-215-70-r15-ue168n-8pr\/#primaryimage\",\"url\":\"https:\/\/elsalvadorllantas.com\/wp-content\/uploads\/2023\/09\/LLANTAS-MAXXIS-UE168.jpg\",\"contentUrl\":\"https:\/\/elsalvadorllantas.com\/wp-content\/uploads\/2023\/09\/LLANTAS-MAXXIS-UE168.jpg\",\"width\":1200,\"height\":1200},{\"@type\":\"BreadcrumbList\",\"@id\":\"https:\/\/elsalvadorllantas.com\/index.php\/producto\/maxxis-215-70-r15-ue168n-8pr\/#breadcrumb\",\"itemListElement\":[{\"@type\":\"ListItem\",\"position\":1,\"name\":\"Inicio\",\"item\":\"https:\/\/elsalvadorllantas.com\/\"},{\"@type\":\"ListItem\",\"position\":2,\"name\":\"Tienda en linea\",\"item\":\"https:\/\/elsalvadorllantas.com\/index.php\/tienda-en-linea\/\"},{\"@type\":\"ListItem\",\"position\":3,\"name\":\"Maxxis 215\/70 R15 UE168N 8PR\"}]},{\"@type\":\"WebSite\",\"@id\":\"https:\/\/elsalvadorllantas.com\/#website\",\"url\":\"https:\/\/elsalvadorllantas.com\/\",\"name\":\"Centro de Servicio Do\u00f1o\",\"description\":\"Venta de Llantas Nuevas - \u00a1Cotiza Ya!\",\"publisher\":{\"@id\":\"https:\/\/elsalvadorllantas.com\/#organization\"},\"potentialAction\":[{\"@type\":\"SearchAction\",\"target\":{\"@type\":\"EntryPoint\",\"urlTemplate\":\"https:\/\/elsalvadorllantas.com\/?s={search_term_string}\"},\"query-input\":{\"@type\":\"PropertyValueSpecification\",\"valueRequired\":true,\"valueName\":\"search_term_string\"}}],\"inLanguage\":\"es\"},{\"@type\":\"Organization\",\"@id\":\"https:\/\/elsalvadorllantas.com\/#organization\",\"name\":\"Centro de Servicio Do\u00f1o\",\"url\":\"https:\/\/elsalvadorllantas.com\/\",\"logo\":{\"@type\":\"ImageObject\",\"inLanguage\":\"es\",\"@id\":\"https:\/\/elsalvadorllantas.com\/#\/schema\/logo\/image\/\",\"url\":\"https:\/\/elsalvadorllantas.com\/wp-content\/uploads\/2021\/12\/Logo_Don\u0303o_Editable-CMYK-2.png\",\"contentUrl\":\"https:\/\/elsalvadorllantas.com\/wp-content\/uploads\/2021\/12\/Logo_Don\u0303o_Editable-CMYK-2.png\",\"width\":2139,\"height\":779,\"caption\":\"Centro de Servicio Do\u00f1o\"},\"image\":{\"@id\":\"https:\/\/elsalvadorllantas.com\/#\/schema\/logo\/image\/\"}}]}<\/script>\r\n<!-- \/ Yoast SEO plugin. -->","yoast_head_json":{"title":"Maxxis 215\/70 R15 UE168N 8PR - Centro de Servicio Do\u00f1o","robots":{"index":"index","follow":"follow","max-snippet":"max-snippet:-1","max-image-preview":"max-image-preview:large","max-video-preview":"max-video-preview:-1"},"canonical":"https:\/\/elsalvadorllantas.com\/index.php\/producto\/maxxis-215-70-r15-ue168n-8pr\/","og_locale":"es_ES","og_type":"article","og_title":"Maxxis 215\/70 R15 UE168N 8PR - Centro de Servicio Do\u00f1o","og_description":"Lonaje Indice de Carga 8PR T Modelo UE168N El neum\u00e1tico de Maxxis ha sido dise\u00f1ado espec\u00edficamente para veh\u00edculos comerciales. La construcci\u00f3n de este neum\u00e1tico en general ofrece una combinaci\u00f3n perfecta de rendimiento y seguridad. Generalidades El dise\u00f1o de la banda de rodadura asegura una tracci\u00f3n uniforme en superficies secas y mojadas. Las ranuras dispersan r\u00e1pidamente     Ver m\u00e1s \"Maxxis 215\/70 R15 UE168N 8PR\"","og_url":"https:\/\/elsalvadorllantas.com\/index.php\/producto\/maxxis-215-70-r15-ue168n-8pr\/","og_site_name":"Centro de Servicio Do\u00f1o","article_modified_time":"2026-04-14T05:44:25+00:00","og_image":[{"width":1200,"height":1200,"url":"https:\/\/elsalvadorllantas.com\/wp-content\/uploads\/2023\/09\/LLANTAS-MAXXIS-UE168.jpg","type":"image\/jpeg"}],"twitter_card":"summary_large_image","twitter_misc":{"Tiempo de lectura":"1 minuto"},"schema":{"@context":"https:\/\/schema.org","@graph":[{"@type":"WebPage","@id":"https:\/\/elsalvadorllantas.com\/index.php\/producto\/maxxis-215-70-r15-ue168n-8pr\/","url":"https:\/\/elsalvadorllantas.com\/index.php\/producto\/maxxis-215-70-r15-ue168n-8pr\/","name":"Maxxis 215\/70 R15 UE168N 8PR - Centro de Servicio Do\u00f1o","isPartOf":{"@id":"https:\/\/elsalvadorllantas.com\/#website"},"primaryImageOfPage":{"@id":"https:\/\/elsalvadorllantas.com\/index.php\/producto\/maxxis-215-70-r15-ue168n-8pr\/#primaryimage"},"image":{"@id":"https:\/\/elsalvadorllantas.com\/index.php\/producto\/maxxis-215-70-r15-ue168n-8pr\/#primaryimage"},"thumbnailUrl":"https:\/\/elsalvadorllantas.com\/wp-content\/uploads\/2023\/09\/LLANTAS-MAXXIS-UE168.jpg","datePublished":"2021-08-24T23:16:25+00:00","dateModified":"2026-04-14T05:44:25+00:00","breadcrumb":{"@id":"https:\/\/elsalvadorllantas.com\/index.php\/producto\/maxxis-215-70-r15-ue168n-8pr\/#breadcrumb"},"inLanguage":"es","potentialAction":[{"@type":"ReadAction","target":["https:\/\/elsalvadorllantas.com\/index.php\/producto\/maxxis-215-70-r15-ue168n-8pr\/"]}]},{"@type":"ImageObject","inLanguage":"es","@id":"https:\/\/elsalvadorllantas.com\/index.php\/producto\/maxxis-215-70-r15-ue168n-8pr\/#primaryimage","url":"https:\/\/elsalvadorllantas.com\/wp-content\/uploads\/2023\/09\/LLANTAS-MAXXIS-UE168.jpg","contentUrl":"https:\/\/elsalvadorllantas.com\/wp-content\/uploads\/2023\/09\/LLANTAS-MAXXIS-UE168.jpg","width":1200,"height":1200},{"@type":"BreadcrumbList","@id":"https:\/\/elsalvadorllantas.com\/index.php\/producto\/maxxis-215-70-r15-ue168n-8pr\/#breadcrumb","itemListElement":[{"@type":"ListItem","position":1,"name":"Inicio","item":"https:\/\/elsalvadorllantas.com\/"},{"@type":"ListItem","position":2,"name":"Tienda en linea","item":"https:\/\/elsalvadorllantas.com\/index.php\/tienda-en-linea\/"},{"@type":"ListItem","position":3,"name":"Maxxis 215\/70 R15 UE168N 8PR"}]},{"@type":"WebSite","@id":"https:\/\/elsalvadorllantas.com\/#website","url":"https:\/\/elsalvadorllantas.com\/","name":"Centro de Servicio Do\u00f1o","description":"Venta de Llantas Nuevas - \u00a1Cotiza Ya!","publisher":{"@id":"https:\/\/elsalvadorllantas.com\/#organization"},"potentialAction":[{"@type":"SearchAction","target":{"@type":"EntryPoint","urlTemplate":"https:\/\/elsalvadorllantas.com\/?s={search_term_string}"},"query-input":{"@type":"PropertyValueSpecification","valueRequired":true,"valueName":"search_term_string"}}],"inLanguage":"es"},{"@type":"Organization","@id":"https:\/\/elsalvadorllantas.com\/#organization","name":"Centro de Servicio Do\u00f1o","url":"https:\/\/elsalvadorllantas.com\/","logo":{"@type":"ImageObject","inLanguage":"es","@id":"https:\/\/elsalvadorllantas.com\/#\/schema\/logo\/image\/","url":"https:\/\/elsalvadorllantas.com\/wp-content\/uploads\/2021\/12\/Logo_Don\u0303o_Editable-CMYK-2.png","contentUrl":"https:\/\/elsalvadorllantas.com\/wp-content\/uploads\/2021\/12\/Logo_Don\u0303o_Editable-CMYK-2.png","width":2139,"height":779,"caption":"Centro de Servicio Do\u00f1o"},"image":{"@id":"https:\/\/elsalvadorllantas.com\/#\/schema\/logo\/image\/"}}]}},"_links":{"self":[{"href":"https:\/\/elsalvadorllantas.com\/index.php\/wp-json\/wp\/v2\/product\/8408","targetHints":{"allow":["GET"]}}],"collection":[{"href":"https:\/\/elsalvadorllantas.com\/index.php\/wp-json\/wp\/v2\/product"}],"about":[{"href":"https:\/\/elsalvadorllantas.com\/index.php\/wp-json\/wp\/v2\/types\/product"}],"version-history":[{"count":1,"href":"https:\/\/elsalvadorllantas.com\/index.php\/wp-json\/wp\/v2\/product\/8408\/revisions"}],"predecessor-version":[{"id":20673,"href":"https:\/\/elsalvadorllantas.com\/index.php\/wp-json\/wp\/v2\/product\/8408\/revisions\/20673"}],"wp:featuredmedia":[{"embeddable":true,"href":"https:\/\/elsalvadorllantas.com\/index.php\/wp-json\/wp\/v2\/media\/17962"}],"wp:attachment":[{"href":"https:\/\/elsalvadorllantas.com\/index.php\/wp-json\/wp\/v2\/media?parent=8408"}],"wp:term":[{"taxonomy":"product_brand","embeddable":true,"href":"https:\/\/elsalvadorllantas.com\/index.php\/wp-json\/wp\/v2\/product_brand?post=8408"},{"taxonomy":"product_cat","embeddable":true,"href":"https:\/\/elsalvadorllantas.com\/index.php\/wp-json\/wp\/v2\/product_cat?post=8408"},{"taxonomy":"product_tag","embeddable":true,"href":"https:\/\/elsalvadorllantas.com\/index.php\/wp-json\/wp\/v2\/product_tag?post=8408"}],"curies":[{"name":"wp","href":"https:\/\/api.w.org\/{rel}","templated":true}]}}