{"id":8415,"date":"2021-08-24T23:16:43","date_gmt":"2021-08-25T05:16:43","guid":{"rendered":"https:\/\/elsalvadorllantas.com\/index.php\/product\/maxxis-700-r16-ue102-12pr\/"},"modified":"2026-04-13T23:44:48","modified_gmt":"2026-04-14T05:44:48","slug":"maxxis-700-r16-ue102-12pr","status":"publish","type":"product","link":"https:\/\/elsalvadorllantas.com\/index.php\/producto\/maxxis-700-r16-ue102-12pr\/","title":{"rendered":"Maxxis 700 R16 UE102 12PR"},"content":{"rendered":"<table style=\"height: 67px;\" border=\"2\" width=\"777\">\n<tbody>\n<tr style=\"text-align: center;\">\n<td>Lonaje<\/td>\n<td>Indice de Carga<\/td>\n<\/tr>\n<tr style=\"text-align: center;\">\n<td>12PR<\/td>\n<td>12PR<\/td>\n<\/tr>\n<\/tbody>\n<\/table>\n<h1><img decoding=\"async\" class=\"alignnone wp-image-8749\" src=\"https:\/\/elsalvadorllantas.com\/wp-content\/uploads\/2021\/08\/MAXXI-UE102.1-300x135.jpg\" alt=\"\" width=\"236\" height=\"106\" srcset=\"https:\/\/elsalvadorllantas.com\/wp-content\/uploads\/2021\/08\/MAXXI-UE102.1-300x135.jpg 300w, https:\/\/elsalvadorllantas.com\/wp-content\/uploads\/2021\/08\/MAXXI-UE102.1-64x29.jpg 64w, https:\/\/elsalvadorllantas.com\/wp-content\/uploads\/2021\/08\/MAXXI-UE102.1.jpg 444w\" sizes=\"(max-width: 236px) 100vw, 236px\" loading=\"lazy\" \/><\/h1>\n<h1>Modelo UE102<\/h1>\n<p>El Maxxis UE102 es un neum\u00e1tico premium para camiones ligeros dise\u00f1ado para un desgaste duradero y de uniformidad.<\/p>\n<h2>Generalidades<\/h2>\n<p>Las ranuras de la banda de rodadura en zigzag ofrecen una estabilidad y manejo excepcional, construido para desgaste duradero gracias a su cintur\u00f3n doble.<\/p>\n<h2>Beneficios<\/h2>\n<ul>\n<li>Banda de rodadura dise\u00f1ada con surcos profundos ideales para todas las estaciones del a\u00f1o.<\/li>\n<li>Compuesto de caucho premium y capas extra que resisten cortes, pinchazos y abrasiones.<\/li>\n<li>Construido con paredes laterales de servicio extra pesado, ofrece un manejo sensible y rendimiento bajo exigencia de aplicaciones comerciales.<\/li>\n<\/ul>\n<p><img fetchpriority=\"high\" decoding=\"async\" class=\"alignnone wp-image-8748\" src=\"https:\/\/elsalvadorllantas.com\/wp-content\/uploads\/2021\/08\/MAXXI-UE102.1-300x130.png\" alt=\"\" width=\"360\" height=\"156\" srcset=\"https:\/\/elsalvadorllantas.com\/wp-content\/uploads\/2021\/08\/MAXXI-UE102.1-300x130.png 300w, https:\/\/elsalvadorllantas.com\/wp-content\/uploads\/2021\/08\/MAXXI-UE102.1-1024x445.png 1024w, https:\/\/elsalvadorllantas.com\/wp-content\/uploads\/2021\/08\/MAXXI-UE102.1-768x334.png 768w, https:\/\/elsalvadorllantas.com\/wp-content\/uploads\/2021\/08\/MAXXI-UE102.1-600x261.png 600w, https:\/\/elsalvadorllantas.com\/wp-content\/uploads\/2021\/08\/MAXXI-UE102.1-64x28.png 64w, https:\/\/elsalvadorllantas.com\/wp-content\/uploads\/2021\/08\/MAXXI-UE102.1.png 1356w\" sizes=\"(max-width: 360px) 100vw, 360px\" \/><\/p>\n<h2>Caracter\u00edsticas de desempe\u00f1o<\/h2>\n<ul>\n<li>Casquillo de nylon completo envuelto en espiral sin juntas para mayor resistencia y estabilidad.<\/li>\n<li>Resistente a cortes, pinchazos y abrasiones.<\/li>\n<li>Neum\u00e1tico de alto rendimiento.<\/li>\n<li>Manejo sensible.<\/li>\n<\/ul>\n<h2>Caracter\u00edsticas y beneficios de la construcci\u00f3n.<\/h2>\n<p><img decoding=\"async\" class=\"size-medium wp-image-8750 alignleft\" src=\"https:\/\/elsalvadorllantas.com\/wp-content\/uploads\/2021\/08\/MAXXI-UE102.2-204x300.png\" alt=\"\" width=\"204\" height=\"300\" srcset=\"https:\/\/elsalvadorllantas.com\/wp-content\/uploads\/2021\/08\/MAXXI-UE102.2-204x300.png 204w, https:\/\/elsalvadorllantas.com\/wp-content\/uploads\/2021\/08\/MAXXI-UE102.2-64x94.png 64w, https:\/\/elsalvadorllantas.com\/wp-content\/uploads\/2021\/08\/MAXXI-UE102.2.png 388w\" sizes=\"(max-width: 204px) 100vw, 204px\" loading=\"lazy\" \/><img loading=\"lazy\" decoding=\"async\" class=\"wp-image-8751 alignleft\" src=\"https:\/\/elsalvadorllantas.com\/wp-content\/uploads\/2021\/08\/MAXXI-UE102.3-300x155.png\" alt=\"\" width=\"408\" height=\"211\" srcset=\"https:\/\/elsalvadorllantas.com\/wp-content\/uploads\/2021\/08\/MAXXI-UE102.3-300x155.png 300w, https:\/\/elsalvadorllantas.com\/wp-content\/uploads\/2021\/08\/MAXXI-UE102.3-1024x530.png 1024w, https:\/\/elsalvadorllantas.com\/wp-content\/uploads\/2021\/08\/MAXXI-UE102.3-768x397.png 768w, https:\/\/elsalvadorllantas.com\/wp-content\/uploads\/2021\/08\/MAXXI-UE102.3-600x311.png 600w, https:\/\/elsalvadorllantas.com\/wp-content\/uploads\/2021\/08\/MAXXI-UE102.3-64x33.png 64w, https:\/\/elsalvadorllantas.com\/wp-content\/uploads\/2021\/08\/MAXXI-UE102.3.png 1053w\" sizes=\"(max-width: 408px) 100vw, 408px\" \/><img loading=\"lazy\" decoding=\"async\" class=\"alignnone wp-image-8752\" src=\"https:\/\/elsalvadorllantas.com\/wp-content\/uploads\/2021\/08\/MAXXI-UE102.4-300x137.png\" alt=\"\" width=\"208\" height=\"95\" srcset=\"https:\/\/elsalvadorllantas.com\/wp-content\/uploads\/2021\/08\/MAXXI-UE102.4-300x137.png 300w, https:\/\/elsalvadorllantas.com\/wp-content\/uploads\/2021\/08\/MAXXI-UE102.4-64x29.png 64w, https:\/\/elsalvadorllantas.com\/wp-content\/uploads\/2021\/08\/MAXXI-UE102.4.png 512w\" sizes=\"(max-width: 208px) 100vw, 208px\" \/><\/p>\n<p>&nbsp;<\/p>\n<p>&nbsp;<\/p>\n<p>&nbsp;<\/p>\n<p>&nbsp;<\/p>\n<p>&nbsp;<\/p>\n<ul>\n<li>Cintura de acero doble para un desgaste duradero y uniforme.<\/li>\n<li>Espiral sin articulaciones y una capa de nylon brinda mayor dureza y estabilidad.<\/li>\n<li>Componente de alta calidad brinda mayor resistencia a pinchaduras, cortes y abrasiones.<\/li>\n<li>Extra construcci\u00f3n fuerte ayudan a la maniobrabilidad.<\/li>\n<\/ul>\n","protected":false},"excerpt":{"rendered":"<p>Lonaje Indice de Carga 12PR 12PR Modelo UE102 El Maxxis UE102 es un neum\u00e1tico premium para camiones ligeros dise\u00f1ado para un desgaste duradero y de uniformidad. Generalidades Las ranuras de la banda de rodadura en zigzag ofrecen una estabilidad y manejo excepcional, construido para desgaste duradero gracias a su cintur\u00f3n doble. Beneficios Banda de rodadura<br \/><a class=\"more-link\" href=\"https:\/\/elsalvadorllantas.com\/index.php\/producto\/maxxis-700-r16-ue102-12pr\/\"><br \/>\n        Ver m\u00e1s<span class=\"screen-reader-text\"> \u00abMaxxis 700 R16 UE102 12PR\u00bb<\/span><\/a><\/p>\n","protected":false},"featured_media":17959,"template":"","meta":{"_acf_changed":false},"product_brand":[],"product_cat":[2351,1880,1961],"product_tag":[],"class_list":{"0":"post-8415","1":"product","2":"type-product","3":"status-publish","4":"has-post-thumbnail","6":"product_cat-700r16","7":"product_cat-maxxis","8":"product_cat-ue102","10":"first","11":"outofstock","12":"sale","13":"shipping-taxable","14":"purchasable","15":"product-type-simple"},"acf":[],"yoast_head":"<!-- This site is optimized with the Yoast SEO plugin v26.8 - https:\/\/yoast.com\/product\/yoast-seo-wordpress\/ -->\r\n<title>Maxxis 700 R16 UE102 12PR - Centro de Servicio Do\u00f1o<\/title>\r\n<meta name=\"robots\" content=\"index, follow, max-snippet:-1, max-image-preview:large, max-video-preview:-1\" \/>\r\n<link rel=\"canonical\" href=\"https:\/\/elsalvadorllantas.com\/index.php\/producto\/maxxis-700-r16-ue102-12pr\/\" \/>\r\n<meta property=\"og:locale\" content=\"es_ES\" \/>\r\n<meta property=\"og:type\" content=\"article\" \/>\r\n<meta property=\"og:title\" content=\"Maxxis 700 R16 UE102 12PR - Centro de Servicio Do\u00f1o\" \/>\r\n<meta property=\"og:description\" content=\"Lonaje Indice de Carga 12PR 12PR Modelo UE102 El Maxxis UE102 es un neum\u00e1tico premium para camiones ligeros dise\u00f1ado para un desgaste duradero y de uniformidad. Generalidades Las ranuras de la banda de rodadura en zigzag ofrecen una estabilidad y manejo excepcional, construido para desgaste duradero gracias a su cintur\u00f3n doble. Beneficios Banda de rodadura     Ver m\u00e1s &quot;Maxxis 700 R16 UE102 12PR&quot;\" \/>\r\n<meta property=\"og:url\" content=\"https:\/\/elsalvadorllantas.com\/index.php\/producto\/maxxis-700-r16-ue102-12pr\/\" \/>\r\n<meta property=\"og:site_name\" content=\"Centro de Servicio Do\u00f1o\" \/>\r\n<meta property=\"article:modified_time\" content=\"2026-04-14T05:44:48+00:00\" \/>\r\n<meta property=\"og:image\" content=\"https:\/\/elsalvadorllantas.com\/wp-content\/uploads\/2023\/09\/LLANTAS-MAXXIS-UE102.jpg\" \/>\r\n\t<meta property=\"og:image:width\" content=\"1200\" \/>\r\n\t<meta property=\"og:image:height\" content=\"1200\" \/>\r\n\t<meta property=\"og:image:type\" content=\"image\/jpeg\" \/>\r\n<meta name=\"twitter:card\" content=\"summary_large_image\" \/>\r\n<meta name=\"twitter:label1\" content=\"Tiempo de lectura\" \/>\n\t<meta name=\"twitter:data1\" content=\"2 minutos\" \/>\r\n<script type=\"application\/ld+json\" class=\"yoast-schema-graph\">{\"@context\":\"https:\/\/schema.org\",\"@graph\":[{\"@type\":\"WebPage\",\"@id\":\"https:\/\/elsalvadorllantas.com\/index.php\/producto\/maxxis-700-r16-ue102-12pr\/\",\"url\":\"https:\/\/elsalvadorllantas.com\/index.php\/producto\/maxxis-700-r16-ue102-12pr\/\",\"name\":\"Maxxis 700 R16 UE102 12PR - Centro de Servicio Do\u00f1o\",\"isPartOf\":{\"@id\":\"https:\/\/elsalvadorllantas.com\/#website\"},\"primaryImageOfPage\":{\"@id\":\"https:\/\/elsalvadorllantas.com\/index.php\/producto\/maxxis-700-r16-ue102-12pr\/#primaryimage\"},\"image\":{\"@id\":\"https:\/\/elsalvadorllantas.com\/index.php\/producto\/maxxis-700-r16-ue102-12pr\/#primaryimage\"},\"thumbnailUrl\":\"https:\/\/elsalvadorllantas.com\/wp-content\/uploads\/2023\/09\/LLANTAS-MAXXIS-UE102.jpg\",\"datePublished\":\"2021-08-25T05:16:43+00:00\",\"dateModified\":\"2026-04-14T05:44:48+00:00\",\"breadcrumb\":{\"@id\":\"https:\/\/elsalvadorllantas.com\/index.php\/producto\/maxxis-700-r16-ue102-12pr\/#breadcrumb\"},\"inLanguage\":\"es\",\"potentialAction\":[{\"@type\":\"ReadAction\",\"target\":[\"https:\/\/elsalvadorllantas.com\/index.php\/producto\/maxxis-700-r16-ue102-12pr\/\"]}]},{\"@type\":\"ImageObject\",\"inLanguage\":\"es\",\"@id\":\"https:\/\/elsalvadorllantas.com\/index.php\/producto\/maxxis-700-r16-ue102-12pr\/#primaryimage\",\"url\":\"https:\/\/elsalvadorllantas.com\/wp-content\/uploads\/2023\/09\/LLANTAS-MAXXIS-UE102.jpg\",\"contentUrl\":\"https:\/\/elsalvadorllantas.com\/wp-content\/uploads\/2023\/09\/LLANTAS-MAXXIS-UE102.jpg\",\"width\":1200,\"height\":1200},{\"@type\":\"BreadcrumbList\",\"@id\":\"https:\/\/elsalvadorllantas.com\/index.php\/producto\/maxxis-700-r16-ue102-12pr\/#breadcrumb\",\"itemListElement\":[{\"@type\":\"ListItem\",\"position\":1,\"name\":\"Inicio\",\"item\":\"https:\/\/elsalvadorllantas.com\/\"},{\"@type\":\"ListItem\",\"position\":2,\"name\":\"Tienda en linea\",\"item\":\"https:\/\/elsalvadorllantas.com\/index.php\/tienda-en-linea\/\"},{\"@type\":\"ListItem\",\"position\":3,\"name\":\"Maxxis 700 R16 UE102 12PR\"}]},{\"@type\":\"WebSite\",\"@id\":\"https:\/\/elsalvadorllantas.com\/#website\",\"url\":\"https:\/\/elsalvadorllantas.com\/\",\"name\":\"Centro de Servicio Do\u00f1o\",\"description\":\"Venta de Llantas Nuevas - \u00a1Cotiza Ya!\",\"publisher\":{\"@id\":\"https:\/\/elsalvadorllantas.com\/#organization\"},\"potentialAction\":[{\"@type\":\"SearchAction\",\"target\":{\"@type\":\"EntryPoint\",\"urlTemplate\":\"https:\/\/elsalvadorllantas.com\/?s={search_term_string}\"},\"query-input\":{\"@type\":\"PropertyValueSpecification\",\"valueRequired\":true,\"valueName\":\"search_term_string\"}}],\"inLanguage\":\"es\"},{\"@type\":\"Organization\",\"@id\":\"https:\/\/elsalvadorllantas.com\/#organization\",\"name\":\"Centro de Servicio Do\u00f1o\",\"url\":\"https:\/\/elsalvadorllantas.com\/\",\"logo\":{\"@type\":\"ImageObject\",\"inLanguage\":\"es\",\"@id\":\"https:\/\/elsalvadorllantas.com\/#\/schema\/logo\/image\/\",\"url\":\"https:\/\/elsalvadorllantas.com\/wp-content\/uploads\/2021\/12\/Logo_Don\u0303o_Editable-CMYK-2.png\",\"contentUrl\":\"https:\/\/elsalvadorllantas.com\/wp-content\/uploads\/2021\/12\/Logo_Don\u0303o_Editable-CMYK-2.png\",\"width\":2139,\"height\":779,\"caption\":\"Centro de Servicio Do\u00f1o\"},\"image\":{\"@id\":\"https:\/\/elsalvadorllantas.com\/#\/schema\/logo\/image\/\"}}]}<\/script>\r\n<!-- \/ Yoast SEO plugin. -->","yoast_head_json":{"title":"Maxxis 700 R16 UE102 12PR - Centro de Servicio Do\u00f1o","robots":{"index":"index","follow":"follow","max-snippet":"max-snippet:-1","max-image-preview":"max-image-preview:large","max-video-preview":"max-video-preview:-1"},"canonical":"https:\/\/elsalvadorllantas.com\/index.php\/producto\/maxxis-700-r16-ue102-12pr\/","og_locale":"es_ES","og_type":"article","og_title":"Maxxis 700 R16 UE102 12PR - Centro de Servicio Do\u00f1o","og_description":"Lonaje Indice de Carga 12PR 12PR Modelo UE102 El Maxxis UE102 es un neum\u00e1tico premium para camiones ligeros dise\u00f1ado para un desgaste duradero y de uniformidad. Generalidades Las ranuras de la banda de rodadura en zigzag ofrecen una estabilidad y manejo excepcional, construido para desgaste duradero gracias a su cintur\u00f3n doble. Beneficios Banda de rodadura     Ver m\u00e1s \"Maxxis 700 R16 UE102 12PR\"","og_url":"https:\/\/elsalvadorllantas.com\/index.php\/producto\/maxxis-700-r16-ue102-12pr\/","og_site_name":"Centro de Servicio Do\u00f1o","article_modified_time":"2026-04-14T05:44:48+00:00","og_image":[{"width":1200,"height":1200,"url":"https:\/\/elsalvadorllantas.com\/wp-content\/uploads\/2023\/09\/LLANTAS-MAXXIS-UE102.jpg","type":"image\/jpeg"}],"twitter_card":"summary_large_image","twitter_misc":{"Tiempo de lectura":"2 minutos"},"schema":{"@context":"https:\/\/schema.org","@graph":[{"@type":"WebPage","@id":"https:\/\/elsalvadorllantas.com\/index.php\/producto\/maxxis-700-r16-ue102-12pr\/","url":"https:\/\/elsalvadorllantas.com\/index.php\/producto\/maxxis-700-r16-ue102-12pr\/","name":"Maxxis 700 R16 UE102 12PR - Centro de Servicio Do\u00f1o","isPartOf":{"@id":"https:\/\/elsalvadorllantas.com\/#website"},"primaryImageOfPage":{"@id":"https:\/\/elsalvadorllantas.com\/index.php\/producto\/maxxis-700-r16-ue102-12pr\/#primaryimage"},"image":{"@id":"https:\/\/elsalvadorllantas.com\/index.php\/producto\/maxxis-700-r16-ue102-12pr\/#primaryimage"},"thumbnailUrl":"https:\/\/elsalvadorllantas.com\/wp-content\/uploads\/2023\/09\/LLANTAS-MAXXIS-UE102.jpg","datePublished":"2021-08-25T05:16:43+00:00","dateModified":"2026-04-14T05:44:48+00:00","breadcrumb":{"@id":"https:\/\/elsalvadorllantas.com\/index.php\/producto\/maxxis-700-r16-ue102-12pr\/#breadcrumb"},"inLanguage":"es","potentialAction":[{"@type":"ReadAction","target":["https:\/\/elsalvadorllantas.com\/index.php\/producto\/maxxis-700-r16-ue102-12pr\/"]}]},{"@type":"ImageObject","inLanguage":"es","@id":"https:\/\/elsalvadorllantas.com\/index.php\/producto\/maxxis-700-r16-ue102-12pr\/#primaryimage","url":"https:\/\/elsalvadorllantas.com\/wp-content\/uploads\/2023\/09\/LLANTAS-MAXXIS-UE102.jpg","contentUrl":"https:\/\/elsalvadorllantas.com\/wp-content\/uploads\/2023\/09\/LLANTAS-MAXXIS-UE102.jpg","width":1200,"height":1200},{"@type":"BreadcrumbList","@id":"https:\/\/elsalvadorllantas.com\/index.php\/producto\/maxxis-700-r16-ue102-12pr\/#breadcrumb","itemListElement":[{"@type":"ListItem","position":1,"name":"Inicio","item":"https:\/\/elsalvadorllantas.com\/"},{"@type":"ListItem","position":2,"name":"Tienda en linea","item":"https:\/\/elsalvadorllantas.com\/index.php\/tienda-en-linea\/"},{"@type":"ListItem","position":3,"name":"Maxxis 700 R16 UE102 12PR"}]},{"@type":"WebSite","@id":"https:\/\/elsalvadorllantas.com\/#website","url":"https:\/\/elsalvadorllantas.com\/","name":"Centro de Servicio Do\u00f1o","description":"Venta de Llantas Nuevas - \u00a1Cotiza Ya!","publisher":{"@id":"https:\/\/elsalvadorllantas.com\/#organization"},"potentialAction":[{"@type":"SearchAction","target":{"@type":"EntryPoint","urlTemplate":"https:\/\/elsalvadorllantas.com\/?s={search_term_string}"},"query-input":{"@type":"PropertyValueSpecification","valueRequired":true,"valueName":"search_term_string"}}],"inLanguage":"es"},{"@type":"Organization","@id":"https:\/\/elsalvadorllantas.com\/#organization","name":"Centro de Servicio Do\u00f1o","url":"https:\/\/elsalvadorllantas.com\/","logo":{"@type":"ImageObject","inLanguage":"es","@id":"https:\/\/elsalvadorllantas.com\/#\/schema\/logo\/image\/","url":"https:\/\/elsalvadorllantas.com\/wp-content\/uploads\/2021\/12\/Logo_Don\u0303o_Editable-CMYK-2.png","contentUrl":"https:\/\/elsalvadorllantas.com\/wp-content\/uploads\/2021\/12\/Logo_Don\u0303o_Editable-CMYK-2.png","width":2139,"height":779,"caption":"Centro de Servicio Do\u00f1o"},"image":{"@id":"https:\/\/elsalvadorllantas.com\/#\/schema\/logo\/image\/"}}]}},"_links":{"self":[{"href":"https:\/\/elsalvadorllantas.com\/index.php\/wp-json\/wp\/v2\/product\/8415","targetHints":{"allow":["GET"]}}],"collection":[{"href":"https:\/\/elsalvadorllantas.com\/index.php\/wp-json\/wp\/v2\/product"}],"about":[{"href":"https:\/\/elsalvadorllantas.com\/index.php\/wp-json\/wp\/v2\/types\/product"}],"version-history":[{"count":1,"href":"https:\/\/elsalvadorllantas.com\/index.php\/wp-json\/wp\/v2\/product\/8415\/revisions"}],"predecessor-version":[{"id":20667,"href":"https:\/\/elsalvadorllantas.com\/index.php\/wp-json\/wp\/v2\/product\/8415\/revisions\/20667"}],"wp:featuredmedia":[{"embeddable":true,"href":"https:\/\/elsalvadorllantas.com\/index.php\/wp-json\/wp\/v2\/media\/17959"}],"wp:attachment":[{"href":"https:\/\/elsalvadorllantas.com\/index.php\/wp-json\/wp\/v2\/media?parent=8415"}],"wp:term":[{"taxonomy":"product_brand","embeddable":true,"href":"https:\/\/elsalvadorllantas.com\/index.php\/wp-json\/wp\/v2\/product_brand?post=8415"},{"taxonomy":"product_cat","embeddable":true,"href":"https:\/\/elsalvadorllantas.com\/index.php\/wp-json\/wp\/v2\/product_cat?post=8415"},{"taxonomy":"product_tag","embeddable":true,"href":"https:\/\/elsalvadorllantas.com\/index.php\/wp-json\/wp\/v2\/product_tag?post=8415"}],"curies":[{"name":"wp","href":"https:\/\/api.w.org\/{rel}","templated":true}]}}