{"id":8432,"date":"2021-08-24T23:17:26","date_gmt":"2021-08-24T23:17:26","guid":{"rendered":"https:\/\/elsalvadorllantas.com\/index.php\/product\/toyo-215-70-r15-tyh19-8pr\/"},"modified":"2026-04-04T06:17:15","modified_gmt":"2026-04-04T12:17:15","slug":"toyo-215-70-r15-tyh19-8pr","status":"publish","type":"product","link":"https:\/\/elsalvadorllantas.com\/index.php\/producto\/toyo-215-70-r15-tyh19-8pr\/","title":{"rendered":"Toyo 215\/70 R15 TYH19 8PR"},"content":{"rendered":"<table style=\"height: 67px;\" border=\"2\" width=\"777\">\n<tbody>\n<tr style=\"text-align: center;\">\n<td>Lonaje<\/td>\n<td>Indice de Carga<\/td>\n<\/tr>\n<tr style=\"text-align: center;\">\n<td>8PR<\/td>\n<td>109S<\/td>\n<\/tr>\n<\/tbody>\n<\/table>\n<h1><img decoding=\"async\" class=\"alignnone size-medium wp-image-8953\" src=\"https:\/\/elsalvadorllantas.com\/wp-content\/uploads\/2021\/08\/TOYO-TYH19.1-300x64.jpg\" alt=\"\" width=\"300\" height=\"64\" srcset=\"https:\/\/elsalvadorllantas.com\/wp-content\/uploads\/2021\/08\/TOYO-TYH19.1-300x64.jpg 300w, https:\/\/elsalvadorllantas.com\/wp-content\/uploads\/2021\/08\/TOYO-TYH19.1-1024x218.jpg 1024w, https:\/\/elsalvadorllantas.com\/wp-content\/uploads\/2021\/08\/TOYO-TYH19.1-768x163.jpg 768w, https:\/\/elsalvadorllantas.com\/wp-content\/uploads\/2021\/08\/TOYO-TYH19.1-600x128.jpg 600w, https:\/\/elsalvadorllantas.com\/wp-content\/uploads\/2021\/08\/TOYO-TYH19.1-64x14.jpg 64w, https:\/\/elsalvadorllantas.com\/wp-content\/uploads\/2021\/08\/TOYO-TYH19.1.jpg 1312w\" sizes=\"(max-width: 300px) 100vw, 300px\" loading=\"lazy\" \/><\/h1>\n<h1>Modelo TYH19<\/h1>\n<p>El LTR de nueva generaci\u00f3n, H19 ha sido desarrollado para los propietarios de furgonetas modernas que se utilizan para actividades privadas diarias o aplicaciones comerciales con su dise\u00f1o de banda de rodadura elegante y funcional, la construcci\u00f3n refinada de la carcasa.<\/p>\n<h2>Generalidades<\/h2>\n<ul>\n<li>El H19 proporciona una conducci\u00f3n suave, silenciosa y estable.<\/li>\n<li>Rendimiento de manejo y mayor vida \u00fatil de la banda.<\/li>\n<\/ul>\n<h2>Beneficios<\/h2>\n<ul>\n<li>Distribuci\u00f3n adecuada del tama\u00f1o de los bloques para mejorar la comodidad de conducci\u00f3n y reducir el ruido del patr\u00f3n.<\/li>\n<li>Ranura circunferencial estrecha.<\/li>\n<li>Mejor resistencia al desgaste irregular.<\/li>\n<li>Combinaci\u00f3n optimizada de nervadura y entalladura Cuatro ranuras rectas.<\/li>\n<li>Mejor manejo en mojado y rendimiento en aquaplaning.<\/li>\n<li>Nueva construcci\u00f3n de carcasa: buen confort de marcha, respuesta r\u00e1pida de la direcci\u00f3n.<\/li>\n<\/ul>\n<h2><img decoding=\"async\" class=\"alignnone wp-image-8954\" src=\"https:\/\/elsalvadorllantas.com\/wp-content\/uploads\/2021\/08\/TOYO-TYH19.2-157x300.jpg\" alt=\"\" width=\"94\" height=\"179\" srcset=\"https:\/\/elsalvadorllantas.com\/wp-content\/uploads\/2021\/08\/TOYO-TYH19.2-157x300.jpg 157w, https:\/\/elsalvadorllantas.com\/wp-content\/uploads\/2021\/08\/TOYO-TYH19.2-538x1024.jpg 538w, https:\/\/elsalvadorllantas.com\/wp-content\/uploads\/2021\/08\/TOYO-TYH19.2-768x1463.jpg 768w, https:\/\/elsalvadorllantas.com\/wp-content\/uploads\/2021\/08\/TOYO-TYH19.2-806x1536.jpg 806w, https:\/\/elsalvadorllantas.com\/wp-content\/uploads\/2021\/08\/TOYO-TYH19.2-600x1143.jpg 600w, https:\/\/elsalvadorllantas.com\/wp-content\/uploads\/2021\/08\/TOYO-TYH19.2-64x122.jpg 64w, https:\/\/elsalvadorllantas.com\/wp-content\/uploads\/2021\/08\/TOYO-TYH19.2.jpg 832w\" sizes=\"(max-width: 94px) 100vw, 94px\" loading=\"lazy\" \/>\u00a0 \u00a0 <img decoding=\"async\" class=\"alignnone wp-image-8955\" src=\"https:\/\/elsalvadorllantas.com\/wp-content\/uploads\/2021\/08\/TOYO-TYH19-186x300.jpg\" alt=\"\" width=\"116\" height=\"187\" srcset=\"https:\/\/elsalvadorllantas.com\/wp-content\/uploads\/2021\/08\/TOYO-TYH19-186x300.jpg 186w, https:\/\/elsalvadorllantas.com\/wp-content\/uploads\/2021\/08\/TOYO-TYH19-636x1024.jpg 636w, https:\/\/elsalvadorllantas.com\/wp-content\/uploads\/2021\/08\/TOYO-TYH19-768x1237.jpg 768w, https:\/\/elsalvadorllantas.com\/wp-content\/uploads\/2021\/08\/TOYO-TYH19-600x966.jpg 600w, https:\/\/elsalvadorllantas.com\/wp-content\/uploads\/2021\/08\/TOYO-TYH19-64x103.jpg 64w, https:\/\/elsalvadorllantas.com\/wp-content\/uploads\/2021\/08\/TOYO-TYH19.jpg 832w\" sizes=\"(max-width: 116px) 100vw, 116px\" loading=\"lazy\" \/><\/h2>\n<h2>Caracter\u00edsticas de desempe\u00f1o<\/h2>\n<ul>\n<li>Estabilidad en las curvas.<\/li>\n<li>Durabilidad de la banda de rodadura.<\/li>\n<li>Mejor manejo y rendimiento en aquaplaning.<\/li>\n<\/ul>\n<p>&nbsp;<\/p>\n","protected":false},"excerpt":{"rendered":"<p>Lonaje Indice de Carga 8PR 109S Modelo TYH19 El LTR de nueva generaci\u00f3n, H19 ha sido desarrollado para los propietarios de furgonetas modernas que se utilizan para actividades privadas diarias o aplicaciones comerciales con su dise\u00f1o de banda de rodadura elegante y funcional, la construcci\u00f3n refinada de la carcasa. Generalidades El H19 proporciona una conducci\u00f3n<br \/><a class=\"more-link\" href=\"https:\/\/elsalvadorllantas.com\/index.php\/producto\/toyo-215-70-r15-tyh19-8pr\/\"><br \/>\n        Ver m\u00e1s<span class=\"screen-reader-text\"> \u00abToyo 215\/70 R15 TYH19 8PR\u00bb<\/span><\/a><\/p>\n","protected":false},"featured_media":17981,"template":"","meta":{"_acf_changed":false},"product_brand":[],"product_cat":[2215,1881,1965],"product_tag":[],"class_list":{"0":"post-8432","1":"product","2":"type-product","3":"status-publish","4":"has-post-thumbnail","6":"product_cat-215-70r15","7":"product_cat-toyo","8":"product_cat-tyh19","10":"first","11":"outofstock","12":"sale","13":"shipping-taxable","14":"purchasable","15":"product-type-simple"},"acf":[],"yoast_head":"<!-- This site is optimized with the Yoast SEO plugin v26.8 - https:\/\/yoast.com\/product\/yoast-seo-wordpress\/ -->\r\n<title>Toyo 215\/70 R15 TYH19 8PR - Centro de Servicio Do\u00f1o<\/title>\r\n<meta name=\"robots\" content=\"index, follow, max-snippet:-1, max-image-preview:large, max-video-preview:-1\" \/>\r\n<link rel=\"canonical\" href=\"https:\/\/elsalvadorllantas.com\/index.php\/producto\/toyo-215-70-r15-tyh19-8pr\/\" \/>\r\n<meta property=\"og:locale\" content=\"es_ES\" \/>\r\n<meta property=\"og:type\" content=\"article\" \/>\r\n<meta property=\"og:title\" content=\"Toyo 215\/70 R15 TYH19 8PR - Centro de Servicio Do\u00f1o\" \/>\r\n<meta property=\"og:description\" content=\"Lonaje Indice de Carga 8PR 109S Modelo TYH19 El LTR de nueva generaci\u00f3n, H19 ha sido desarrollado para los propietarios de furgonetas modernas que se utilizan para actividades privadas diarias o aplicaciones comerciales con su dise\u00f1o de banda de rodadura elegante y funcional, la construcci\u00f3n refinada de la carcasa. Generalidades El H19 proporciona una conducci\u00f3n     Ver m\u00e1s &quot;Toyo 215\/70 R15 TYH19 8PR&quot;\" \/>\r\n<meta property=\"og:url\" content=\"https:\/\/elsalvadorllantas.com\/index.php\/producto\/toyo-215-70-r15-tyh19-8pr\/\" \/>\r\n<meta property=\"og:site_name\" content=\"Centro de Servicio Do\u00f1o\" \/>\r\n<meta property=\"article:modified_time\" content=\"2026-04-04T12:17:15+00:00\" \/>\r\n<meta property=\"og:image\" content=\"https:\/\/elsalvadorllantas.com\/wp-content\/uploads\/2023\/09\/TOYO-TYH19.jpg\" \/>\r\n\t<meta property=\"og:image:width\" content=\"1200\" \/>\r\n\t<meta property=\"og:image:height\" content=\"1200\" \/>\r\n\t<meta property=\"og:image:type\" content=\"image\/jpeg\" \/>\r\n<meta name=\"twitter:card\" content=\"summary_large_image\" \/>\r\n<meta name=\"twitter:label1\" content=\"Tiempo de lectura\" \/>\n\t<meta name=\"twitter:data1\" content=\"1 minuto\" \/>\r\n<script type=\"application\/ld+json\" class=\"yoast-schema-graph\">{\"@context\":\"https:\/\/schema.org\",\"@graph\":[{\"@type\":\"WebPage\",\"@id\":\"https:\/\/elsalvadorllantas.com\/index.php\/producto\/toyo-215-70-r15-tyh19-8pr\/\",\"url\":\"https:\/\/elsalvadorllantas.com\/index.php\/producto\/toyo-215-70-r15-tyh19-8pr\/\",\"name\":\"Toyo 215\/70 R15 TYH19 8PR - Centro de Servicio Do\u00f1o\",\"isPartOf\":{\"@id\":\"https:\/\/elsalvadorllantas.com\/#website\"},\"primaryImageOfPage\":{\"@id\":\"https:\/\/elsalvadorllantas.com\/index.php\/producto\/toyo-215-70-r15-tyh19-8pr\/#primaryimage\"},\"image\":{\"@id\":\"https:\/\/elsalvadorllantas.com\/index.php\/producto\/toyo-215-70-r15-tyh19-8pr\/#primaryimage\"},\"thumbnailUrl\":\"https:\/\/elsalvadorllantas.com\/wp-content\/uploads\/2023\/09\/TOYO-TYH19.jpg\",\"datePublished\":\"2021-08-24T23:17:26+00:00\",\"dateModified\":\"2026-04-04T12:17:15+00:00\",\"breadcrumb\":{\"@id\":\"https:\/\/elsalvadorllantas.com\/index.php\/producto\/toyo-215-70-r15-tyh19-8pr\/#breadcrumb\"},\"inLanguage\":\"es\",\"potentialAction\":[{\"@type\":\"ReadAction\",\"target\":[\"https:\/\/elsalvadorllantas.com\/index.php\/producto\/toyo-215-70-r15-tyh19-8pr\/\"]}]},{\"@type\":\"ImageObject\",\"inLanguage\":\"es\",\"@id\":\"https:\/\/elsalvadorllantas.com\/index.php\/producto\/toyo-215-70-r15-tyh19-8pr\/#primaryimage\",\"url\":\"https:\/\/elsalvadorllantas.com\/wp-content\/uploads\/2023\/09\/TOYO-TYH19.jpg\",\"contentUrl\":\"https:\/\/elsalvadorllantas.com\/wp-content\/uploads\/2023\/09\/TOYO-TYH19.jpg\",\"width\":1200,\"height\":1200},{\"@type\":\"BreadcrumbList\",\"@id\":\"https:\/\/elsalvadorllantas.com\/index.php\/producto\/toyo-215-70-r15-tyh19-8pr\/#breadcrumb\",\"itemListElement\":[{\"@type\":\"ListItem\",\"position\":1,\"name\":\"Inicio\",\"item\":\"https:\/\/elsalvadorllantas.com\/\"},{\"@type\":\"ListItem\",\"position\":2,\"name\":\"Tienda en linea\",\"item\":\"https:\/\/elsalvadorllantas.com\/index.php\/tienda-en-linea\/\"},{\"@type\":\"ListItem\",\"position\":3,\"name\":\"Toyo 215\/70 R15 TYH19 8PR\"}]},{\"@type\":\"WebSite\",\"@id\":\"https:\/\/elsalvadorllantas.com\/#website\",\"url\":\"https:\/\/elsalvadorllantas.com\/\",\"name\":\"Centro de Servicio Do\u00f1o\",\"description\":\"Venta de Llantas Nuevas - \u00a1Cotiza Ya!\",\"publisher\":{\"@id\":\"https:\/\/elsalvadorllantas.com\/#organization\"},\"potentialAction\":[{\"@type\":\"SearchAction\",\"target\":{\"@type\":\"EntryPoint\",\"urlTemplate\":\"https:\/\/elsalvadorllantas.com\/?s={search_term_string}\"},\"query-input\":{\"@type\":\"PropertyValueSpecification\",\"valueRequired\":true,\"valueName\":\"search_term_string\"}}],\"inLanguage\":\"es\"},{\"@type\":\"Organization\",\"@id\":\"https:\/\/elsalvadorllantas.com\/#organization\",\"name\":\"Centro de Servicio Do\u00f1o\",\"url\":\"https:\/\/elsalvadorllantas.com\/\",\"logo\":{\"@type\":\"ImageObject\",\"inLanguage\":\"es\",\"@id\":\"https:\/\/elsalvadorllantas.com\/#\/schema\/logo\/image\/\",\"url\":\"https:\/\/elsalvadorllantas.com\/wp-content\/uploads\/2021\/12\/Logo_Don\u0303o_Editable-CMYK-2.png\",\"contentUrl\":\"https:\/\/elsalvadorllantas.com\/wp-content\/uploads\/2021\/12\/Logo_Don\u0303o_Editable-CMYK-2.png\",\"width\":2139,\"height\":779,\"caption\":\"Centro de Servicio Do\u00f1o\"},\"image\":{\"@id\":\"https:\/\/elsalvadorllantas.com\/#\/schema\/logo\/image\/\"}}]}<\/script>\r\n<!-- \/ Yoast SEO plugin. -->","yoast_head_json":{"title":"Toyo 215\/70 R15 TYH19 8PR - Centro de Servicio Do\u00f1o","robots":{"index":"index","follow":"follow","max-snippet":"max-snippet:-1","max-image-preview":"max-image-preview:large","max-video-preview":"max-video-preview:-1"},"canonical":"https:\/\/elsalvadorllantas.com\/index.php\/producto\/toyo-215-70-r15-tyh19-8pr\/","og_locale":"es_ES","og_type":"article","og_title":"Toyo 215\/70 R15 TYH19 8PR - Centro de Servicio Do\u00f1o","og_description":"Lonaje Indice de Carga 8PR 109S Modelo TYH19 El LTR de nueva generaci\u00f3n, H19 ha sido desarrollado para los propietarios de furgonetas modernas que se utilizan para actividades privadas diarias o aplicaciones comerciales con su dise\u00f1o de banda de rodadura elegante y funcional, la construcci\u00f3n refinada de la carcasa. Generalidades El H19 proporciona una conducci\u00f3n     Ver m\u00e1s \"Toyo 215\/70 R15 TYH19 8PR\"","og_url":"https:\/\/elsalvadorllantas.com\/index.php\/producto\/toyo-215-70-r15-tyh19-8pr\/","og_site_name":"Centro de Servicio Do\u00f1o","article_modified_time":"2026-04-04T12:17:15+00:00","og_image":[{"width":1200,"height":1200,"url":"https:\/\/elsalvadorllantas.com\/wp-content\/uploads\/2023\/09\/TOYO-TYH19.jpg","type":"image\/jpeg"}],"twitter_card":"summary_large_image","twitter_misc":{"Tiempo de lectura":"1 minuto"},"schema":{"@context":"https:\/\/schema.org","@graph":[{"@type":"WebPage","@id":"https:\/\/elsalvadorllantas.com\/index.php\/producto\/toyo-215-70-r15-tyh19-8pr\/","url":"https:\/\/elsalvadorllantas.com\/index.php\/producto\/toyo-215-70-r15-tyh19-8pr\/","name":"Toyo 215\/70 R15 TYH19 8PR - Centro de Servicio Do\u00f1o","isPartOf":{"@id":"https:\/\/elsalvadorllantas.com\/#website"},"primaryImageOfPage":{"@id":"https:\/\/elsalvadorllantas.com\/index.php\/producto\/toyo-215-70-r15-tyh19-8pr\/#primaryimage"},"image":{"@id":"https:\/\/elsalvadorllantas.com\/index.php\/producto\/toyo-215-70-r15-tyh19-8pr\/#primaryimage"},"thumbnailUrl":"https:\/\/elsalvadorllantas.com\/wp-content\/uploads\/2023\/09\/TOYO-TYH19.jpg","datePublished":"2021-08-24T23:17:26+00:00","dateModified":"2026-04-04T12:17:15+00:00","breadcrumb":{"@id":"https:\/\/elsalvadorllantas.com\/index.php\/producto\/toyo-215-70-r15-tyh19-8pr\/#breadcrumb"},"inLanguage":"es","potentialAction":[{"@type":"ReadAction","target":["https:\/\/elsalvadorllantas.com\/index.php\/producto\/toyo-215-70-r15-tyh19-8pr\/"]}]},{"@type":"ImageObject","inLanguage":"es","@id":"https:\/\/elsalvadorllantas.com\/index.php\/producto\/toyo-215-70-r15-tyh19-8pr\/#primaryimage","url":"https:\/\/elsalvadorllantas.com\/wp-content\/uploads\/2023\/09\/TOYO-TYH19.jpg","contentUrl":"https:\/\/elsalvadorllantas.com\/wp-content\/uploads\/2023\/09\/TOYO-TYH19.jpg","width":1200,"height":1200},{"@type":"BreadcrumbList","@id":"https:\/\/elsalvadorllantas.com\/index.php\/producto\/toyo-215-70-r15-tyh19-8pr\/#breadcrumb","itemListElement":[{"@type":"ListItem","position":1,"name":"Inicio","item":"https:\/\/elsalvadorllantas.com\/"},{"@type":"ListItem","position":2,"name":"Tienda en linea","item":"https:\/\/elsalvadorllantas.com\/index.php\/tienda-en-linea\/"},{"@type":"ListItem","position":3,"name":"Toyo 215\/70 R15 TYH19 8PR"}]},{"@type":"WebSite","@id":"https:\/\/elsalvadorllantas.com\/#website","url":"https:\/\/elsalvadorllantas.com\/","name":"Centro de Servicio Do\u00f1o","description":"Venta de Llantas Nuevas - \u00a1Cotiza Ya!","publisher":{"@id":"https:\/\/elsalvadorllantas.com\/#organization"},"potentialAction":[{"@type":"SearchAction","target":{"@type":"EntryPoint","urlTemplate":"https:\/\/elsalvadorllantas.com\/?s={search_term_string}"},"query-input":{"@type":"PropertyValueSpecification","valueRequired":true,"valueName":"search_term_string"}}],"inLanguage":"es"},{"@type":"Organization","@id":"https:\/\/elsalvadorllantas.com\/#organization","name":"Centro de Servicio Do\u00f1o","url":"https:\/\/elsalvadorllantas.com\/","logo":{"@type":"ImageObject","inLanguage":"es","@id":"https:\/\/elsalvadorllantas.com\/#\/schema\/logo\/image\/","url":"https:\/\/elsalvadorllantas.com\/wp-content\/uploads\/2021\/12\/Logo_Don\u0303o_Editable-CMYK-2.png","contentUrl":"https:\/\/elsalvadorllantas.com\/wp-content\/uploads\/2021\/12\/Logo_Don\u0303o_Editable-CMYK-2.png","width":2139,"height":779,"caption":"Centro de Servicio Do\u00f1o"},"image":{"@id":"https:\/\/elsalvadorllantas.com\/#\/schema\/logo\/image\/"}}]}},"_links":{"self":[{"href":"https:\/\/elsalvadorllantas.com\/index.php\/wp-json\/wp\/v2\/product\/8432","targetHints":{"allow":["GET"]}}],"collection":[{"href":"https:\/\/elsalvadorllantas.com\/index.php\/wp-json\/wp\/v2\/product"}],"about":[{"href":"https:\/\/elsalvadorllantas.com\/index.php\/wp-json\/wp\/v2\/types\/product"}],"version-history":[{"count":1,"href":"https:\/\/elsalvadorllantas.com\/index.php\/wp-json\/wp\/v2\/product\/8432\/revisions"}],"predecessor-version":[{"id":20521,"href":"https:\/\/elsalvadorllantas.com\/index.php\/wp-json\/wp\/v2\/product\/8432\/revisions\/20521"}],"wp:featuredmedia":[{"embeddable":true,"href":"https:\/\/elsalvadorllantas.com\/index.php\/wp-json\/wp\/v2\/media\/17981"}],"wp:attachment":[{"href":"https:\/\/elsalvadorllantas.com\/index.php\/wp-json\/wp\/v2\/media?parent=8432"}],"wp:term":[{"taxonomy":"product_brand","embeddable":true,"href":"https:\/\/elsalvadorllantas.com\/index.php\/wp-json\/wp\/v2\/product_brand?post=8432"},{"taxonomy":"product_cat","embeddable":true,"href":"https:\/\/elsalvadorllantas.com\/index.php\/wp-json\/wp\/v2\/product_cat?post=8432"},{"taxonomy":"product_tag","embeddable":true,"href":"https:\/\/elsalvadorllantas.com\/index.php\/wp-json\/wp\/v2\/product_tag?post=8432"}],"curies":[{"name":"wp","href":"https:\/\/api.w.org\/{rel}","templated":true}]}}