{"id":8450,"date":"2021-08-24T23:18:12","date_gmt":"2021-08-24T23:18:12","guid":{"rendered":"https:\/\/elsalvadorllantas.com\/index.php\/product\/luxxan-155-r12-inspirer-wm2-8pr\/"},"modified":"2026-04-13T23:47:15","modified_gmt":"2026-04-14T05:47:15","slug":"luxxan-155-r12-inspirer-wm2-8pr","status":"publish","type":"product","link":"https:\/\/elsalvadorllantas.com\/index.php\/producto\/luxxan-155-r12-inspirer-wm2-8pr\/","title":{"rendered":"Luxxan 155 R12 INSPIRER WM2 8PR"},"content":{"rendered":"<p><img decoding=\"async\" class=\"alignnone size-medium wp-image-9861\" src=\"https:\/\/elsalvadorllantas.com\/wp-content\/uploads\/2021\/10\/INSPIRER-WM2-300x41.jpg\" alt=\"\" width=\"300\" height=\"41\" srcset=\"https:\/\/elsalvadorllantas.com\/wp-content\/uploads\/2021\/10\/INSPIRER-WM2-300x41.jpg 300w, https:\/\/elsalvadorllantas.com\/wp-content\/uploads\/2021\/10\/INSPIRER-WM2-1024x140.jpg 1024w, https:\/\/elsalvadorllantas.com\/wp-content\/uploads\/2021\/10\/INSPIRER-WM2-768x105.jpg 768w, https:\/\/elsalvadorllantas.com\/wp-content\/uploads\/2021\/10\/INSPIRER-WM2-1536x210.jpg 1536w, https:\/\/elsalvadorllantas.com\/wp-content\/uploads\/2021\/10\/INSPIRER-WM2-2048x280.jpg 2048w, https:\/\/elsalvadorllantas.com\/wp-content\/uploads\/2021\/10\/INSPIRER-WM2-600x82.jpg 600w, https:\/\/elsalvadorllantas.com\/wp-content\/uploads\/2021\/10\/INSPIRER-WM2-64x9.jpg 64w\" sizes=\"(max-width: 300px) 100vw, 300px\" loading=\"lazy\" \/><\/p>\n<h1>Modelo INSPIRER WM2<\/h1>\n<p>Un neum\u00e1tico especialmente dise\u00f1ado para veh\u00edculos de trabajo comercial, creado para una duraci\u00f3n extensa con un patr\u00f3n de rodadura un dise\u00f1o reforzado para veh\u00edculos pesados.<\/p>\n<h1>Generalidades<\/h1>\n<p>Una gran durabilidad y rendimiento le permite a este neum\u00e1tico siempre ofrecer lo mejor de s\u00ed, proporcionando un gran agarre para todas las estaciones, brindando estabilidad y un dise\u00f1o nuevo que permite un desgaste uniforme.<\/p>\n<h1>Beneficios<\/h1>\n<ul>\n<li>Durabilidad de la banda de rodadura<\/li>\n<li>Estabilidad en conducci\u00f3n<\/li>\n<li>Confort en manejo<\/li>\n<\/ul>\n<p><img decoding=\"async\" class=\"alignnone size-medium wp-image-9860\" src=\"https:\/\/elsalvadorllantas.com\/wp-content\/uploads\/2021\/10\/INSPIRER-WM2-2-122x300.jpg\" alt=\"\" width=\"122\" height=\"300\" srcset=\"https:\/\/elsalvadorllantas.com\/wp-content\/uploads\/2021\/10\/INSPIRER-WM2-2-122x300.jpg 122w, https:\/\/elsalvadorllantas.com\/wp-content\/uploads\/2021\/10\/INSPIRER-WM2-2-416x1024.jpg 416w, https:\/\/elsalvadorllantas.com\/wp-content\/uploads\/2021\/10\/INSPIRER-WM2-2-768x1890.jpg 768w, https:\/\/elsalvadorllantas.com\/wp-content\/uploads\/2021\/10\/INSPIRER-WM2-2-624x1536.jpg 624w, https:\/\/elsalvadorllantas.com\/wp-content\/uploads\/2021\/10\/INSPIRER-WM2-2-832x2048.jpg 832w, https:\/\/elsalvadorllantas.com\/wp-content\/uploads\/2021\/10\/INSPIRER-WM2-2-600x1477.jpg 600w, https:\/\/elsalvadorllantas.com\/wp-content\/uploads\/2021\/10\/INSPIRER-WM2-2-64x158.jpg 64w, https:\/\/elsalvadorllantas.com\/wp-content\/uploads\/2021\/10\/INSPIRER-WM2-2-scaled.jpg 1040w\" sizes=\"(max-width: 122px) 100vw, 122px\" loading=\"lazy\" \/><\/p>\n<h2>Caracter\u00edsticas de desempe\u00f1o<\/h2>\n<ul>\n<li>Buen agarre en todas las temporadas<\/li>\n<li>Estabilidad en curvas<\/li>\n<li><span class=\"misspelling correction\" title=\"Se ha encontrado un posible error ortogr\u00e1fico.\" data-type=\"misspelling\" data-suggestions=\"[{&quot;value&quot;:&quot;R\u00e1pida&quot;},{&quot;value&quot;:&quot;R\u00e1pido&quot;},{&quot;value&quot;:&quot;L\u00e1pida&quot;},{&quot;value&quot;:&quot;R\u00e1pidas&quot;},{&quot;value&quot;:&quot;Rapi\u00f1a&quot;},{&quot;value&quot;:&quot;Rapada&quot;},{&quot;value&quot;:&quot;Lapida&quot;}]\" data-rule=\"MORFOLOGIK_RULE_ES\" data-word=\"Rapida\">R\u00e1pida<\/span> respuesta de la <span class=\"misspelling correction\" title=\"Se ha encontrado un posible error ortogr\u00e1fico.\" data-type=\"misspelling\" data-suggestions=\"[{&quot;value&quot;:&quot;direcci\u00f3n&quot;},{&quot;value&quot;:&quot;disecci\u00f3n&quot;},{&quot;value&quot;:&quot;direcciona&quot;},{&quot;value&quot;:&quot;dilecci\u00f3n&quot;},{&quot;value&quot;:&quot;direccion\u00f3&quot;},{&quot;value&quot;:&quot;direccione&quot;},{&quot;value&quot;:&quot;direcciono&quot;}]\" data-rule=\"MORFOLOGIK_RULE_ES\" data-word=\"direccion\">direcci\u00f3n<\/span><\/li>\n<\/ul>\n","protected":false},"excerpt":{"rendered":"<p>Modelo INSPIRER WM2 Un neum\u00e1tico especialmente dise\u00f1ado para veh\u00edculos de trabajo comercial, creado para una duraci\u00f3n extensa con un patr\u00f3n de rodadura un dise\u00f1o reforzado para veh\u00edculos pesados. Generalidades Una gran durabilidad y rendimiento le permite a este neum\u00e1tico siempre ofrecer lo mejor de s\u00ed, proporcionando un gran agarre para todas las estaciones, brindando estabilidad<br \/><a class=\"more-link\" href=\"https:\/\/elsalvadorllantas.com\/index.php\/producto\/luxxan-155-r12-inspirer-wm2-8pr\/\"><br \/>\n        Ver m\u00e1s<span class=\"screen-reader-text\"> \u00abLuxxan 155 R12 INSPIRER WM2 8PR\u00bb<\/span><\/a><\/p>\n","protected":false},"featured_media":10236,"template":"","meta":{"_acf_changed":false},"product_brand":[],"product_cat":[2333,1968,1882,2415,2407],"product_tag":[],"class_list":{"0":"post-8450","1":"product","2":"type-product","3":"status-publish","4":"has-post-thumbnail","6":"product_cat-155r12","7":"product_cat-inspirer-wm2","8":"product_cat-luxxan","9":"product_cat-pick-up","10":"product_cat-tipo-vehiculo","12":"first","13":"outofstock","14":"sale","15":"shipping-taxable","16":"purchasable","17":"product-type-simple"},"acf":[],"yoast_head":"<!-- This site is optimized with the Yoast SEO plugin v26.8 - https:\/\/yoast.com\/product\/yoast-seo-wordpress\/ -->\r\n<title>Luxxan 155 R12 INSPIRER WM2 8PR - Centro de Servicio Do\u00f1o<\/title>\r\n<meta name=\"description\" content=\"Una gran durabilidad y rendimiento, proporcionando un gran agarre para todas las estaciones , brindando estabilidad.\" \/>\r\n<meta name=\"robots\" content=\"index, follow, max-snippet:-1, max-image-preview:large, max-video-preview:-1\" \/>\r\n<link rel=\"canonical\" href=\"https:\/\/elsalvadorllantas.com\/index.php\/producto\/luxxan-155-r12-inspirer-wm2-8pr\/\" \/>\r\n<meta property=\"og:locale\" content=\"es_ES\" \/>\r\n<meta property=\"og:type\" content=\"article\" \/>\r\n<meta property=\"og:title\" content=\"Luxxan 155 R12 INSPIRER WM2 8PR - Centro de Servicio Do\u00f1o\" \/>\r\n<meta property=\"og:description\" content=\"Una gran durabilidad y rendimiento, proporcionando un gran agarre para todas las estaciones , brindando estabilidad.\" \/>\r\n<meta property=\"og:url\" content=\"https:\/\/elsalvadorllantas.com\/index.php\/producto\/luxxan-155-r12-inspirer-wm2-8pr\/\" \/>\r\n<meta property=\"og:site_name\" content=\"Centro de Servicio Do\u00f1o\" \/>\r\n<meta property=\"article:modified_time\" content=\"2026-04-14T05:47:15+00:00\" \/>\r\n<meta property=\"og:image\" content=\"https:\/\/elsalvadorllantas.com\/wp-content\/uploads\/2021\/08\/LUXXAN-INSPIRER-WM2.jpg\" \/>\r\n\t<meta property=\"og:image:width\" content=\"1200\" \/>\r\n\t<meta property=\"og:image:height\" content=\"1200\" \/>\r\n\t<meta property=\"og:image:type\" content=\"image\/jpeg\" \/>\r\n<meta name=\"twitter:card\" content=\"summary_large_image\" \/>\r\n<meta name=\"twitter:label1\" content=\"Tiempo de lectura\" \/>\n\t<meta name=\"twitter:data1\" content=\"1 minuto\" \/>\r\n<script type=\"application\/ld+json\" class=\"yoast-schema-graph\">{\"@context\":\"https:\/\/schema.org\",\"@graph\":[{\"@type\":\"WebPage\",\"@id\":\"https:\/\/elsalvadorllantas.com\/index.php\/producto\/luxxan-155-r12-inspirer-wm2-8pr\/\",\"url\":\"https:\/\/elsalvadorllantas.com\/index.php\/producto\/luxxan-155-r12-inspirer-wm2-8pr\/\",\"name\":\"Luxxan 155 R12 INSPIRER WM2 8PR - Centro de Servicio Do\u00f1o\",\"isPartOf\":{\"@id\":\"https:\/\/elsalvadorllantas.com\/#website\"},\"primaryImageOfPage\":{\"@id\":\"https:\/\/elsalvadorllantas.com\/index.php\/producto\/luxxan-155-r12-inspirer-wm2-8pr\/#primaryimage\"},\"image\":{\"@id\":\"https:\/\/elsalvadorllantas.com\/index.php\/producto\/luxxan-155-r12-inspirer-wm2-8pr\/#primaryimage\"},\"thumbnailUrl\":\"https:\/\/elsalvadorllantas.com\/wp-content\/uploads\/2021\/08\/LUXXAN-INSPIRER-WM2.jpg\",\"datePublished\":\"2021-08-24T23:18:12+00:00\",\"dateModified\":\"2026-04-14T05:47:15+00:00\",\"description\":\"Una gran durabilidad y rendimiento, proporcionando un gran agarre para todas las estaciones , brindando estabilidad.\",\"breadcrumb\":{\"@id\":\"https:\/\/elsalvadorllantas.com\/index.php\/producto\/luxxan-155-r12-inspirer-wm2-8pr\/#breadcrumb\"},\"inLanguage\":\"es\",\"potentialAction\":[{\"@type\":\"ReadAction\",\"target\":[\"https:\/\/elsalvadorllantas.com\/index.php\/producto\/luxxan-155-r12-inspirer-wm2-8pr\/\"]}]},{\"@type\":\"ImageObject\",\"inLanguage\":\"es\",\"@id\":\"https:\/\/elsalvadorllantas.com\/index.php\/producto\/luxxan-155-r12-inspirer-wm2-8pr\/#primaryimage\",\"url\":\"https:\/\/elsalvadorllantas.com\/wp-content\/uploads\/2021\/08\/LUXXAN-INSPIRER-WM2.jpg\",\"contentUrl\":\"https:\/\/elsalvadorllantas.com\/wp-content\/uploads\/2021\/08\/LUXXAN-INSPIRER-WM2.jpg\",\"width\":1200,\"height\":1200},{\"@type\":\"BreadcrumbList\",\"@id\":\"https:\/\/elsalvadorllantas.com\/index.php\/producto\/luxxan-155-r12-inspirer-wm2-8pr\/#breadcrumb\",\"itemListElement\":[{\"@type\":\"ListItem\",\"position\":1,\"name\":\"Inicio\",\"item\":\"https:\/\/elsalvadorllantas.com\/\"},{\"@type\":\"ListItem\",\"position\":2,\"name\":\"Tienda en linea\",\"item\":\"https:\/\/elsalvadorllantas.com\/index.php\/tienda-en-linea\/\"},{\"@type\":\"ListItem\",\"position\":3,\"name\":\"Luxxan 155 R12 INSPIRER WM2 8PR\"}]},{\"@type\":\"WebSite\",\"@id\":\"https:\/\/elsalvadorllantas.com\/#website\",\"url\":\"https:\/\/elsalvadorllantas.com\/\",\"name\":\"Centro de Servicio Do\u00f1o\",\"description\":\"Venta de Llantas Nuevas - \u00a1Cotiza Ya!\",\"publisher\":{\"@id\":\"https:\/\/elsalvadorllantas.com\/#organization\"},\"potentialAction\":[{\"@type\":\"SearchAction\",\"target\":{\"@type\":\"EntryPoint\",\"urlTemplate\":\"https:\/\/elsalvadorllantas.com\/?s={search_term_string}\"},\"query-input\":{\"@type\":\"PropertyValueSpecification\",\"valueRequired\":true,\"valueName\":\"search_term_string\"}}],\"inLanguage\":\"es\"},{\"@type\":\"Organization\",\"@id\":\"https:\/\/elsalvadorllantas.com\/#organization\",\"name\":\"Centro de Servicio Do\u00f1o\",\"url\":\"https:\/\/elsalvadorllantas.com\/\",\"logo\":{\"@type\":\"ImageObject\",\"inLanguage\":\"es\",\"@id\":\"https:\/\/elsalvadorllantas.com\/#\/schema\/logo\/image\/\",\"url\":\"https:\/\/elsalvadorllantas.com\/wp-content\/uploads\/2021\/12\/Logo_Don\u0303o_Editable-CMYK-2.png\",\"contentUrl\":\"https:\/\/elsalvadorllantas.com\/wp-content\/uploads\/2021\/12\/Logo_Don\u0303o_Editable-CMYK-2.png\",\"width\":2139,\"height\":779,\"caption\":\"Centro de Servicio Do\u00f1o\"},\"image\":{\"@id\":\"https:\/\/elsalvadorllantas.com\/#\/schema\/logo\/image\/\"}}]}<\/script>\r\n<!-- \/ Yoast SEO plugin. -->","yoast_head_json":{"title":"Luxxan 155 R12 INSPIRER WM2 8PR - Centro de Servicio Do\u00f1o","description":"Una gran durabilidad y rendimiento, proporcionando un gran agarre para todas las estaciones , brindando estabilidad.","robots":{"index":"index","follow":"follow","max-snippet":"max-snippet:-1","max-image-preview":"max-image-preview:large","max-video-preview":"max-video-preview:-1"},"canonical":"https:\/\/elsalvadorllantas.com\/index.php\/producto\/luxxan-155-r12-inspirer-wm2-8pr\/","og_locale":"es_ES","og_type":"article","og_title":"Luxxan 155 R12 INSPIRER WM2 8PR - Centro de Servicio Do\u00f1o","og_description":"Una gran durabilidad y rendimiento, proporcionando un gran agarre para todas las estaciones , brindando estabilidad.","og_url":"https:\/\/elsalvadorllantas.com\/index.php\/producto\/luxxan-155-r12-inspirer-wm2-8pr\/","og_site_name":"Centro de Servicio Do\u00f1o","article_modified_time":"2026-04-14T05:47:15+00:00","og_image":[{"width":1200,"height":1200,"url":"https:\/\/elsalvadorllantas.com\/wp-content\/uploads\/2021\/08\/LUXXAN-INSPIRER-WM2.jpg","type":"image\/jpeg"}],"twitter_card":"summary_large_image","twitter_misc":{"Tiempo de lectura":"1 minuto"},"schema":{"@context":"https:\/\/schema.org","@graph":[{"@type":"WebPage","@id":"https:\/\/elsalvadorllantas.com\/index.php\/producto\/luxxan-155-r12-inspirer-wm2-8pr\/","url":"https:\/\/elsalvadorllantas.com\/index.php\/producto\/luxxan-155-r12-inspirer-wm2-8pr\/","name":"Luxxan 155 R12 INSPIRER WM2 8PR - Centro de Servicio Do\u00f1o","isPartOf":{"@id":"https:\/\/elsalvadorllantas.com\/#website"},"primaryImageOfPage":{"@id":"https:\/\/elsalvadorllantas.com\/index.php\/producto\/luxxan-155-r12-inspirer-wm2-8pr\/#primaryimage"},"image":{"@id":"https:\/\/elsalvadorllantas.com\/index.php\/producto\/luxxan-155-r12-inspirer-wm2-8pr\/#primaryimage"},"thumbnailUrl":"https:\/\/elsalvadorllantas.com\/wp-content\/uploads\/2021\/08\/LUXXAN-INSPIRER-WM2.jpg","datePublished":"2021-08-24T23:18:12+00:00","dateModified":"2026-04-14T05:47:15+00:00","description":"Una gran durabilidad y rendimiento, proporcionando un gran agarre para todas las estaciones , brindando estabilidad.","breadcrumb":{"@id":"https:\/\/elsalvadorllantas.com\/index.php\/producto\/luxxan-155-r12-inspirer-wm2-8pr\/#breadcrumb"},"inLanguage":"es","potentialAction":[{"@type":"ReadAction","target":["https:\/\/elsalvadorllantas.com\/index.php\/producto\/luxxan-155-r12-inspirer-wm2-8pr\/"]}]},{"@type":"ImageObject","inLanguage":"es","@id":"https:\/\/elsalvadorllantas.com\/index.php\/producto\/luxxan-155-r12-inspirer-wm2-8pr\/#primaryimage","url":"https:\/\/elsalvadorllantas.com\/wp-content\/uploads\/2021\/08\/LUXXAN-INSPIRER-WM2.jpg","contentUrl":"https:\/\/elsalvadorllantas.com\/wp-content\/uploads\/2021\/08\/LUXXAN-INSPIRER-WM2.jpg","width":1200,"height":1200},{"@type":"BreadcrumbList","@id":"https:\/\/elsalvadorllantas.com\/index.php\/producto\/luxxan-155-r12-inspirer-wm2-8pr\/#breadcrumb","itemListElement":[{"@type":"ListItem","position":1,"name":"Inicio","item":"https:\/\/elsalvadorllantas.com\/"},{"@type":"ListItem","position":2,"name":"Tienda en linea","item":"https:\/\/elsalvadorllantas.com\/index.php\/tienda-en-linea\/"},{"@type":"ListItem","position":3,"name":"Luxxan 155 R12 INSPIRER WM2 8PR"}]},{"@type":"WebSite","@id":"https:\/\/elsalvadorllantas.com\/#website","url":"https:\/\/elsalvadorllantas.com\/","name":"Centro de Servicio Do\u00f1o","description":"Venta de Llantas Nuevas - \u00a1Cotiza Ya!","publisher":{"@id":"https:\/\/elsalvadorllantas.com\/#organization"},"potentialAction":[{"@type":"SearchAction","target":{"@type":"EntryPoint","urlTemplate":"https:\/\/elsalvadorllantas.com\/?s={search_term_string}"},"query-input":{"@type":"PropertyValueSpecification","valueRequired":true,"valueName":"search_term_string"}}],"inLanguage":"es"},{"@type":"Organization","@id":"https:\/\/elsalvadorllantas.com\/#organization","name":"Centro de Servicio Do\u00f1o","url":"https:\/\/elsalvadorllantas.com\/","logo":{"@type":"ImageObject","inLanguage":"es","@id":"https:\/\/elsalvadorllantas.com\/#\/schema\/logo\/image\/","url":"https:\/\/elsalvadorllantas.com\/wp-content\/uploads\/2021\/12\/Logo_Don\u0303o_Editable-CMYK-2.png","contentUrl":"https:\/\/elsalvadorllantas.com\/wp-content\/uploads\/2021\/12\/Logo_Don\u0303o_Editable-CMYK-2.png","width":2139,"height":779,"caption":"Centro de Servicio Do\u00f1o"},"image":{"@id":"https:\/\/elsalvadorllantas.com\/#\/schema\/logo\/image\/"}}]}},"_links":{"self":[{"href":"https:\/\/elsalvadorllantas.com\/index.php\/wp-json\/wp\/v2\/product\/8450","targetHints":{"allow":["GET"]}}],"collection":[{"href":"https:\/\/elsalvadorllantas.com\/index.php\/wp-json\/wp\/v2\/product"}],"about":[{"href":"https:\/\/elsalvadorllantas.com\/index.php\/wp-json\/wp\/v2\/types\/product"}],"version-history":[{"count":0,"href":"https:\/\/elsalvadorllantas.com\/index.php\/wp-json\/wp\/v2\/product\/8450\/revisions"}],"wp:featuredmedia":[{"embeddable":true,"href":"https:\/\/elsalvadorllantas.com\/index.php\/wp-json\/wp\/v2\/media\/10236"}],"wp:attachment":[{"href":"https:\/\/elsalvadorllantas.com\/index.php\/wp-json\/wp\/v2\/media?parent=8450"}],"wp:term":[{"taxonomy":"product_brand","embeddable":true,"href":"https:\/\/elsalvadorllantas.com\/index.php\/wp-json\/wp\/v2\/product_brand?post=8450"},{"taxonomy":"product_cat","embeddable":true,"href":"https:\/\/elsalvadorllantas.com\/index.php\/wp-json\/wp\/v2\/product_cat?post=8450"},{"taxonomy":"product_tag","embeddable":true,"href":"https:\/\/elsalvadorllantas.com\/index.php\/wp-json\/wp\/v2\/product_tag?post=8450"}],"curies":[{"name":"wp","href":"https:\/\/api.w.org\/{rel}","templated":true}]}}