{"id":8451,"date":"2021-08-24T23:18:15","date_gmt":"2021-08-25T05:18:15","guid":{"rendered":"https:\/\/elsalvadorllantas.com\/index.php\/product\/luxxan-165-r13-inspirer-l6-8pr\/"},"modified":"2026-04-13T23:47:17","modified_gmt":"2026-04-14T05:47:17","slug":"luxxan-165-r13-inspirer-l6-8pr","status":"publish","type":"product","link":"https:\/\/elsalvadorllantas.com\/index.php\/producto\/luxxan-165-r13-inspirer-l6-8pr\/","title":{"rendered":"Luxxan 165 R13 LT 94\/93S 8PR INSPIRER L6"},"content":{"rendered":"<h1><img decoding=\"async\" class=\"alignnone size-medium wp-image-9852\" src=\"https:\/\/elsalvadorllantas.com\/wp-content\/uploads\/2021\/10\/INSPIRER-L6-300x47.jpg\" alt=\"\" width=\"300\" height=\"47\" srcset=\"https:\/\/elsalvadorllantas.com\/wp-content\/uploads\/2021\/10\/INSPIRER-L6-300x47.jpg 300w, https:\/\/elsalvadorllantas.com\/wp-content\/uploads\/2021\/10\/INSPIRER-L6-1024x160.jpg 1024w, https:\/\/elsalvadorllantas.com\/wp-content\/uploads\/2021\/10\/INSPIRER-L6-768x120.jpg 768w, https:\/\/elsalvadorllantas.com\/wp-content\/uploads\/2021\/10\/INSPIRER-L6-1536x240.jpg 1536w, https:\/\/elsalvadorllantas.com\/wp-content\/uploads\/2021\/10\/INSPIRER-L6-2048x320.jpg 2048w, https:\/\/elsalvadorllantas.com\/wp-content\/uploads\/2021\/10\/INSPIRER-L6-600x94.jpg 600w, https:\/\/elsalvadorllantas.com\/wp-content\/uploads\/2021\/10\/INSPIRER-L6-64x10.jpg 64w\" sizes=\"(max-width: 300px) 100vw, 300px\" loading=\"lazy\" \/><\/h1>\n<h1>Modelo INSPIRER L6<\/h1>\n<p>Un neum\u00e1tico creado especialmente para veh\u00edculos de trabajo comercial, con un dise\u00f1o que ofrece un gran rendimiento, su patr\u00f3n de la banda de rodadura le permite una buena tracci\u00f3n sin sacrificar sus beneficios capacidad de carga.<\/p>\n<h1>Generalidades<\/h1>\n<p>Bajo consumo de combustible gracias a su patr\u00f3n de la banda de rodadura, si dise\u00f1o le permite ofrecer una gran resistencia al hidroplaneo, proporcionando una buena tracci\u00f3n con gran estabilidad y manejo suave.<\/p>\n<h1>Beneficios<\/h1>\n<ul>\n<li>Excelente tracci\u00f3n<\/li>\n<li>Estabilidad y manejo<\/li>\n<li>Larga duraci\u00f3n<\/li>\n<li>Gran rendimiento<\/li>\n<\/ul>\n<p><img fetchpriority=\"high\" decoding=\"async\" class=\"alignnone wp-image-9851\" src=\"https:\/\/elsalvadorllantas.com\/wp-content\/uploads\/2021\/10\/INSPIRER-L6-2-216x300.jpg\" alt=\"\" width=\"251\" height=\"349\" srcset=\"https:\/\/elsalvadorllantas.com\/wp-content\/uploads\/2021\/10\/INSPIRER-L6-2-216x300.jpg 216w, https:\/\/elsalvadorllantas.com\/wp-content\/uploads\/2021\/10\/INSPIRER-L6-2-737x1024.jpg 737w, https:\/\/elsalvadorllantas.com\/wp-content\/uploads\/2021\/10\/INSPIRER-L6-2-768x1067.jpg 768w, https:\/\/elsalvadorllantas.com\/wp-content\/uploads\/2021\/10\/INSPIRER-L6-2-1105x1536.jpg 1105w, https:\/\/elsalvadorllantas.com\/wp-content\/uploads\/2021\/10\/INSPIRER-L6-2-1474x2048.jpg 1474w, https:\/\/elsalvadorllantas.com\/wp-content\/uploads\/2021\/10\/INSPIRER-L6-2-600x834.jpg 600w, https:\/\/elsalvadorllantas.com\/wp-content\/uploads\/2021\/10\/INSPIRER-L6-2-64x89.jpg 64w, https:\/\/elsalvadorllantas.com\/wp-content\/uploads\/2021\/10\/INSPIRER-L6-2-scaled.jpg 1842w\" sizes=\"(max-width: 251px) 100vw, 251px\" \/><\/p>\n<h2>Caracter\u00edsticas de desempe\u00f1o<\/h2>\n<ul>\n<li>Resistencia al desgaste<\/li>\n<li>Desgaste uniforme<\/li>\n<li>Resistencia al hidroplaneo<\/li>\n<\/ul>\n","protected":false},"excerpt":{"rendered":"<p>Modelo INSPIRER L6 Un neum\u00e1tico creado especialmente para veh\u00edculos de trabajo comercial, con un dise\u00f1o que ofrece un gran rendimiento, su patr\u00f3n de la banda de rodadura le permite una buena tracci\u00f3n sin sacrificar sus beneficios capacidad de carga. Generalidades Bajo consumo de combustible gracias a su patr\u00f3n de la banda de rodadura, si dise\u00f1o<br \/><a class=\"more-link\" href=\"https:\/\/elsalvadorllantas.com\/index.php\/producto\/luxxan-165-r13-inspirer-l6-8pr\/\"><br \/>\n        Ver m\u00e1s<span class=\"screen-reader-text\"> \u00abLuxxan 165 R13 LT 94\/93S 8PR INSPIRER L6\u00bb<\/span><\/a><\/p>\n","protected":false},"featured_media":17116,"template":"","meta":{"_acf_changed":false},"product_brand":[],"product_cat":[2370,1969,1882,2415,1997,2407],"product_tag":[],"class_list":{"0":"post-8451","1":"product","2":"type-product","3":"status-publish","4":"has-post-thumbnail","6":"product_cat-165r13","7":"product_cat-inspirer-l6","8":"product_cat-luxxan","9":"product_cat-pick-up","10":"product_cat-medida","11":"product_cat-tipo-vehiculo","13":"first","14":"outofstock","15":"sale","16":"shipping-taxable","17":"purchasable","18":"product-type-simple"},"acf":[],"yoast_head":"<!-- This site is optimized with the Yoast SEO plugin v26.8 - https:\/\/yoast.com\/product\/yoast-seo-wordpress\/ -->\r\n<title>Luxxan 165 R13 LT 94\/93S 8PR INSPIRER L6 - Centro de Servicio Do\u00f1o<\/title>\r\n<meta name=\"description\" content=\"Neum\u00e1tico creado especialmente para veh\u00edculos de trabajo comercial, con un dise\u00f1o que ofrece un gran rendimiento.\" \/>\r\n<meta name=\"robots\" content=\"index, follow, max-snippet:-1, max-image-preview:large, max-video-preview:-1\" \/>\r\n<link rel=\"canonical\" href=\"https:\/\/elsalvadorllantas.com\/index.php\/producto\/luxxan-165-r13-inspirer-l6-8pr\/\" \/>\r\n<meta property=\"og:locale\" content=\"es_ES\" \/>\r\n<meta property=\"og:type\" content=\"article\" \/>\r\n<meta property=\"og:title\" content=\"Luxxan 165 R13 LT 94\/93S 8PR INSPIRER L6 - Centro de Servicio Do\u00f1o\" \/>\r\n<meta property=\"og:description\" content=\"Neum\u00e1tico creado especialmente para veh\u00edculos de trabajo comercial, con un dise\u00f1o que ofrece un gran rendimiento.\" \/>\r\n<meta property=\"og:url\" content=\"https:\/\/elsalvadorllantas.com\/index.php\/producto\/luxxan-165-r13-inspirer-l6-8pr\/\" \/>\r\n<meta property=\"og:site_name\" content=\"Centro de Servicio Do\u00f1o\" \/>\r\n<meta property=\"article:modified_time\" content=\"2026-04-14T05:47:17+00:00\" \/>\r\n<meta property=\"og:image\" content=\"https:\/\/elsalvadorllantas.com\/wp-content\/uploads\/2021\/08\/L6-LUXXAN.jpg\" \/>\r\n\t<meta property=\"og:image:width\" content=\"1200\" \/>\r\n\t<meta property=\"og:image:height\" content=\"1200\" \/>\r\n\t<meta property=\"og:image:type\" content=\"image\/jpeg\" \/>\r\n<meta name=\"twitter:card\" content=\"summary_large_image\" \/>\r\n<meta name=\"twitter:label1\" content=\"Tiempo de lectura\" \/>\n\t<meta name=\"twitter:data1\" content=\"1 minuto\" \/>\r\n<script type=\"application\/ld+json\" class=\"yoast-schema-graph\">{\"@context\":\"https:\/\/schema.org\",\"@graph\":[{\"@type\":\"WebPage\",\"@id\":\"https:\/\/elsalvadorllantas.com\/index.php\/producto\/luxxan-165-r13-inspirer-l6-8pr\/\",\"url\":\"https:\/\/elsalvadorllantas.com\/index.php\/producto\/luxxan-165-r13-inspirer-l6-8pr\/\",\"name\":\"Luxxan 165 R13 LT 94\/93S 8PR INSPIRER L6 - Centro de Servicio Do\u00f1o\",\"isPartOf\":{\"@id\":\"https:\/\/elsalvadorllantas.com\/#website\"},\"primaryImageOfPage\":{\"@id\":\"https:\/\/elsalvadorllantas.com\/index.php\/producto\/luxxan-165-r13-inspirer-l6-8pr\/#primaryimage\"},\"image\":{\"@id\":\"https:\/\/elsalvadorllantas.com\/index.php\/producto\/luxxan-165-r13-inspirer-l6-8pr\/#primaryimage\"},\"thumbnailUrl\":\"https:\/\/elsalvadorllantas.com\/wp-content\/uploads\/2021\/08\/L6-LUXXAN.jpg\",\"datePublished\":\"2021-08-25T05:18:15+00:00\",\"dateModified\":\"2026-04-14T05:47:17+00:00\",\"description\":\"Neum\u00e1tico creado especialmente para veh\u00edculos de trabajo comercial, con un dise\u00f1o que ofrece un gran rendimiento.\",\"breadcrumb\":{\"@id\":\"https:\/\/elsalvadorllantas.com\/index.php\/producto\/luxxan-165-r13-inspirer-l6-8pr\/#breadcrumb\"},\"inLanguage\":\"es\",\"potentialAction\":[{\"@type\":\"ReadAction\",\"target\":[\"https:\/\/elsalvadorllantas.com\/index.php\/producto\/luxxan-165-r13-inspirer-l6-8pr\/\"]}]},{\"@type\":\"ImageObject\",\"inLanguage\":\"es\",\"@id\":\"https:\/\/elsalvadorllantas.com\/index.php\/producto\/luxxan-165-r13-inspirer-l6-8pr\/#primaryimage\",\"url\":\"https:\/\/elsalvadorllantas.com\/wp-content\/uploads\/2021\/08\/L6-LUXXAN.jpg\",\"contentUrl\":\"https:\/\/elsalvadorllantas.com\/wp-content\/uploads\/2021\/08\/L6-LUXXAN.jpg\",\"width\":1200,\"height\":1200},{\"@type\":\"BreadcrumbList\",\"@id\":\"https:\/\/elsalvadorllantas.com\/index.php\/producto\/luxxan-165-r13-inspirer-l6-8pr\/#breadcrumb\",\"itemListElement\":[{\"@type\":\"ListItem\",\"position\":1,\"name\":\"Inicio\",\"item\":\"https:\/\/elsalvadorllantas.com\/\"},{\"@type\":\"ListItem\",\"position\":2,\"name\":\"Tienda en linea\",\"item\":\"https:\/\/elsalvadorllantas.com\/index.php\/tienda-en-linea\/\"},{\"@type\":\"ListItem\",\"position\":3,\"name\":\"Luxxan 165 R13 LT 94\/93S 8PR INSPIRER L6\"}]},{\"@type\":\"WebSite\",\"@id\":\"https:\/\/elsalvadorllantas.com\/#website\",\"url\":\"https:\/\/elsalvadorllantas.com\/\",\"name\":\"Centro de Servicio Do\u00f1o\",\"description\":\"Venta de Llantas Nuevas - \u00a1Cotiza Ya!\",\"publisher\":{\"@id\":\"https:\/\/elsalvadorllantas.com\/#organization\"},\"potentialAction\":[{\"@type\":\"SearchAction\",\"target\":{\"@type\":\"EntryPoint\",\"urlTemplate\":\"https:\/\/elsalvadorllantas.com\/?s={search_term_string}\"},\"query-input\":{\"@type\":\"PropertyValueSpecification\",\"valueRequired\":true,\"valueName\":\"search_term_string\"}}],\"inLanguage\":\"es\"},{\"@type\":\"Organization\",\"@id\":\"https:\/\/elsalvadorllantas.com\/#organization\",\"name\":\"Centro de Servicio Do\u00f1o\",\"url\":\"https:\/\/elsalvadorllantas.com\/\",\"logo\":{\"@type\":\"ImageObject\",\"inLanguage\":\"es\",\"@id\":\"https:\/\/elsalvadorllantas.com\/#\/schema\/logo\/image\/\",\"url\":\"https:\/\/elsalvadorllantas.com\/wp-content\/uploads\/2021\/12\/Logo_Don\u0303o_Editable-CMYK-2.png\",\"contentUrl\":\"https:\/\/elsalvadorllantas.com\/wp-content\/uploads\/2021\/12\/Logo_Don\u0303o_Editable-CMYK-2.png\",\"width\":2139,\"height\":779,\"caption\":\"Centro de Servicio Do\u00f1o\"},\"image\":{\"@id\":\"https:\/\/elsalvadorllantas.com\/#\/schema\/logo\/image\/\"}}]}<\/script>\r\n<!-- \/ Yoast SEO plugin. -->","yoast_head_json":{"title":"Luxxan 165 R13 LT 94\/93S 8PR INSPIRER L6 - Centro de Servicio Do\u00f1o","description":"Neum\u00e1tico creado especialmente para veh\u00edculos de trabajo comercial, con un dise\u00f1o que ofrece un gran rendimiento.","robots":{"index":"index","follow":"follow","max-snippet":"max-snippet:-1","max-image-preview":"max-image-preview:large","max-video-preview":"max-video-preview:-1"},"canonical":"https:\/\/elsalvadorllantas.com\/index.php\/producto\/luxxan-165-r13-inspirer-l6-8pr\/","og_locale":"es_ES","og_type":"article","og_title":"Luxxan 165 R13 LT 94\/93S 8PR INSPIRER L6 - Centro de Servicio Do\u00f1o","og_description":"Neum\u00e1tico creado especialmente para veh\u00edculos de trabajo comercial, con un dise\u00f1o que ofrece un gran rendimiento.","og_url":"https:\/\/elsalvadorllantas.com\/index.php\/producto\/luxxan-165-r13-inspirer-l6-8pr\/","og_site_name":"Centro de Servicio Do\u00f1o","article_modified_time":"2026-04-14T05:47:17+00:00","og_image":[{"width":1200,"height":1200,"url":"https:\/\/elsalvadorllantas.com\/wp-content\/uploads\/2021\/08\/L6-LUXXAN.jpg","type":"image\/jpeg"}],"twitter_card":"summary_large_image","twitter_misc":{"Tiempo de lectura":"1 minuto"},"schema":{"@context":"https:\/\/schema.org","@graph":[{"@type":"WebPage","@id":"https:\/\/elsalvadorllantas.com\/index.php\/producto\/luxxan-165-r13-inspirer-l6-8pr\/","url":"https:\/\/elsalvadorllantas.com\/index.php\/producto\/luxxan-165-r13-inspirer-l6-8pr\/","name":"Luxxan 165 R13 LT 94\/93S 8PR INSPIRER L6 - Centro de Servicio Do\u00f1o","isPartOf":{"@id":"https:\/\/elsalvadorllantas.com\/#website"},"primaryImageOfPage":{"@id":"https:\/\/elsalvadorllantas.com\/index.php\/producto\/luxxan-165-r13-inspirer-l6-8pr\/#primaryimage"},"image":{"@id":"https:\/\/elsalvadorllantas.com\/index.php\/producto\/luxxan-165-r13-inspirer-l6-8pr\/#primaryimage"},"thumbnailUrl":"https:\/\/elsalvadorllantas.com\/wp-content\/uploads\/2021\/08\/L6-LUXXAN.jpg","datePublished":"2021-08-25T05:18:15+00:00","dateModified":"2026-04-14T05:47:17+00:00","description":"Neum\u00e1tico creado especialmente para veh\u00edculos de trabajo comercial, con un dise\u00f1o que ofrece un gran rendimiento.","breadcrumb":{"@id":"https:\/\/elsalvadorllantas.com\/index.php\/producto\/luxxan-165-r13-inspirer-l6-8pr\/#breadcrumb"},"inLanguage":"es","potentialAction":[{"@type":"ReadAction","target":["https:\/\/elsalvadorllantas.com\/index.php\/producto\/luxxan-165-r13-inspirer-l6-8pr\/"]}]},{"@type":"ImageObject","inLanguage":"es","@id":"https:\/\/elsalvadorllantas.com\/index.php\/producto\/luxxan-165-r13-inspirer-l6-8pr\/#primaryimage","url":"https:\/\/elsalvadorllantas.com\/wp-content\/uploads\/2021\/08\/L6-LUXXAN.jpg","contentUrl":"https:\/\/elsalvadorllantas.com\/wp-content\/uploads\/2021\/08\/L6-LUXXAN.jpg","width":1200,"height":1200},{"@type":"BreadcrumbList","@id":"https:\/\/elsalvadorllantas.com\/index.php\/producto\/luxxan-165-r13-inspirer-l6-8pr\/#breadcrumb","itemListElement":[{"@type":"ListItem","position":1,"name":"Inicio","item":"https:\/\/elsalvadorllantas.com\/"},{"@type":"ListItem","position":2,"name":"Tienda en linea","item":"https:\/\/elsalvadorllantas.com\/index.php\/tienda-en-linea\/"},{"@type":"ListItem","position":3,"name":"Luxxan 165 R13 LT 94\/93S 8PR INSPIRER L6"}]},{"@type":"WebSite","@id":"https:\/\/elsalvadorllantas.com\/#website","url":"https:\/\/elsalvadorllantas.com\/","name":"Centro de Servicio Do\u00f1o","description":"Venta de Llantas Nuevas - \u00a1Cotiza Ya!","publisher":{"@id":"https:\/\/elsalvadorllantas.com\/#organization"},"potentialAction":[{"@type":"SearchAction","target":{"@type":"EntryPoint","urlTemplate":"https:\/\/elsalvadorllantas.com\/?s={search_term_string}"},"query-input":{"@type":"PropertyValueSpecification","valueRequired":true,"valueName":"search_term_string"}}],"inLanguage":"es"},{"@type":"Organization","@id":"https:\/\/elsalvadorllantas.com\/#organization","name":"Centro de Servicio Do\u00f1o","url":"https:\/\/elsalvadorllantas.com\/","logo":{"@type":"ImageObject","inLanguage":"es","@id":"https:\/\/elsalvadorllantas.com\/#\/schema\/logo\/image\/","url":"https:\/\/elsalvadorllantas.com\/wp-content\/uploads\/2021\/12\/Logo_Don\u0303o_Editable-CMYK-2.png","contentUrl":"https:\/\/elsalvadorllantas.com\/wp-content\/uploads\/2021\/12\/Logo_Don\u0303o_Editable-CMYK-2.png","width":2139,"height":779,"caption":"Centro de Servicio Do\u00f1o"},"image":{"@id":"https:\/\/elsalvadorllantas.com\/#\/schema\/logo\/image\/"}}]}},"_links":{"self":[{"href":"https:\/\/elsalvadorllantas.com\/index.php\/wp-json\/wp\/v2\/product\/8451","targetHints":{"allow":["GET"]}}],"collection":[{"href":"https:\/\/elsalvadorllantas.com\/index.php\/wp-json\/wp\/v2\/product"}],"about":[{"href":"https:\/\/elsalvadorllantas.com\/index.php\/wp-json\/wp\/v2\/types\/product"}],"version-history":[{"count":0,"href":"https:\/\/elsalvadorllantas.com\/index.php\/wp-json\/wp\/v2\/product\/8451\/revisions"}],"wp:featuredmedia":[{"embeddable":true,"href":"https:\/\/elsalvadorllantas.com\/index.php\/wp-json\/wp\/v2\/media\/17116"}],"wp:attachment":[{"href":"https:\/\/elsalvadorllantas.com\/index.php\/wp-json\/wp\/v2\/media?parent=8451"}],"wp:term":[{"taxonomy":"product_brand","embeddable":true,"href":"https:\/\/elsalvadorllantas.com\/index.php\/wp-json\/wp\/v2\/product_brand?post=8451"},{"taxonomy":"product_cat","embeddable":true,"href":"https:\/\/elsalvadorllantas.com\/index.php\/wp-json\/wp\/v2\/product_cat?post=8451"},{"taxonomy":"product_tag","embeddable":true,"href":"https:\/\/elsalvadorllantas.com\/index.php\/wp-json\/wp\/v2\/product_tag?post=8451"}],"curies":[{"name":"wp","href":"https:\/\/api.w.org\/{rel}","templated":true}]}}