{"id":8496,"date":"2021-08-24T23:19:45","date_gmt":"2021-08-24T23:19:45","guid":{"rendered":"https:\/\/elsalvadorllantas.com\/index.php\/product\/kapsen-215-70-r15-rs01-8pr\/"},"modified":"2026-04-11T19:47:03","modified_gmt":"2026-04-12T01:47:03","slug":"kapsen-215-70-r15-rs01-8pr","status":"publish","type":"product","link":"https:\/\/elsalvadorllantas.com\/index.php\/producto\/kapsen-215-70-r15-rs01-8pr\/","title":{"rendered":"KAPSEN 215\/70 R15 RS01 8PR"},"content":{"rendered":"<table style='height: 67px' border='2' width='777'>\n<tbody>\n<tr style='text-align: center'>\n<td>Lonaje<\/td>\n<td>Indice de Carga<\/td>\n<\/tr>\n<tr style='text-align: center'>\n<td>8PR<\/td>\n<td>109R<\/td>\n<\/tr>\n<\/tbody>\n<\/table>\n<h1><img decoding=\"async\" class=\"alignnone wp-image-9122\" src=\"https:\/\/elsalvadorllantas.com\/wp-content\/uploads\/2021\/08\/KAPSEN-RS01-1-276x300.jpg\" alt=\"\" width=\"213\" height=\"232\" srcset=\"https:\/\/elsalvadorllantas.com\/wp-content\/uploads\/2021\/08\/KAPSEN-RS01-1-276x300.jpg 276w, https:\/\/elsalvadorllantas.com\/wp-content\/uploads\/2021\/08\/KAPSEN-RS01-1-942x1024.jpg 942w, https:\/\/elsalvadorllantas.com\/wp-content\/uploads\/2021\/08\/KAPSEN-RS01-1-768x835.jpg 768w, https:\/\/elsalvadorllantas.com\/wp-content\/uploads\/2021\/08\/KAPSEN-RS01-1-600x652.jpg 600w, https:\/\/elsalvadorllantas.com\/wp-content\/uploads\/2021\/08\/KAPSEN-RS01-1-64x70.jpg 64w, https:\/\/elsalvadorllantas.com\/wp-content\/uploads\/2021\/08\/KAPSEN-RS01-1.jpg 979w\" sizes=\"(max-width: 213px) 100vw, 213px\" loading=\"lazy\" \/><\/h1>\n<h1>Modelo RS01<\/h1>\n<p>El neum\u00e1tico Durable Max RS01 fue especialmente dise\u00f1ado para el trabajo comercial ofrece un gran rendimiento kilom\u00e9trico, buena tracci\u00f3n y gran agarre.<\/p>\n<h2>Generalidades<\/h2>\n<p>Ofrece un bajo consumo de combustible, mayor estabilidad y buen frenado en mojado. Los bloques convexos de la banda de rodadura proporcionan una excelente tracci\u00f3n y evitan el deslizamiento lateral. El bloque de la banda de rodadura en los hombros. Ofrece una excelente estabilidad y manejo. El contorno especial evita el desgaste exc\u00e9ntrico.<\/p>\n<h2>Beneficios<\/h2>\n<ul>\n<li>Anti deslizamiento lateral.<\/li>\n<li>Excelente tracci\u00f3n.<\/li>\n<li>Desgaste duradero en la banda de rodadura.<\/li>\n<li>Estabilidad y manejo.<\/li>\n<\/ul>\n<h2><img decoding=\"async\" class=\"alignnone wp-image-9123\" src=\"https:\/\/elsalvadorllantas.com\/wp-content\/uploads\/2021\/08\/KAPSEN-RS01-2-300x278.jpg\" alt=\"\" width=\"223\" height=\"207\" srcset=\"https:\/\/elsalvadorllantas.com\/wp-content\/uploads\/2021\/08\/KAPSEN-RS01-2-300x278.jpg 300w, https:\/\/elsalvadorllantas.com\/wp-content\/uploads\/2021\/08\/KAPSEN-RS01-2-768x712.jpg 768w, https:\/\/elsalvadorllantas.com\/wp-content\/uploads\/2021\/08\/KAPSEN-RS01-2-600x556.jpg 600w, https:\/\/elsalvadorllantas.com\/wp-content\/uploads\/2021\/08\/KAPSEN-RS01-2-64x59.jpg 64w, https:\/\/elsalvadorllantas.com\/wp-content\/uploads\/2021\/08\/KAPSEN-RS01-2.jpg 979w\" sizes=\"(max-width: 223px) 100vw, 223px\" loading=\"lazy\" \/><img decoding=\"async\" class=\"alignnone wp-image-9124\" src=\"https:\/\/elsalvadorllantas.com\/wp-content\/uploads\/2021\/08\/KAPSEN-RS01-3-248x300.jpg\" alt=\"\" width=\"176\" height=\"213\" srcset=\"https:\/\/elsalvadorllantas.com\/wp-content\/uploads\/2021\/08\/KAPSEN-RS01-3-248x300.jpg 248w, https:\/\/elsalvadorllantas.com\/wp-content\/uploads\/2021\/08\/KAPSEN-RS01-3-600x726.jpg 600w, https:\/\/elsalvadorllantas.com\/wp-content\/uploads\/2021\/08\/KAPSEN-RS01-3-64x77.jpg 64w, https:\/\/elsalvadorllantas.com\/wp-content\/uploads\/2021\/08\/KAPSEN-RS01-3.jpg 750w\" sizes=\"(max-width: 176px) 100vw, 176px\" loading=\"lazy\" \/><\/h2>\n<h2>Caracter\u00edsticas de desempe\u00f1o<\/h2>\n<ul>\n<li>Gran resistencia al desgaste.<\/li>\n<li>Confort y desempe\u00f1o excelente.<\/li>\n<li>Estabilidad al conducir.<\/li>\n<\/ul>\n<h2>Caracter\u00edsticas y beneficios de la construcci\u00f3n<\/h2>\n<p><img loading=\"lazy\" decoding=\"async\" class=\"alignnone wp-image-9125\" src=\"https:\/\/elsalvadorllantas.com\/wp-content\/uploads\/2021\/08\/KAPSEN-RS01-4-300x118.jpg\" alt=\"\" width=\"440\" height=\"173\" srcset=\"https:\/\/elsalvadorllantas.com\/wp-content\/uploads\/2021\/08\/KAPSEN-RS01-4-300x118.jpg 300w, https:\/\/elsalvadorllantas.com\/wp-content\/uploads\/2021\/08\/KAPSEN-RS01-4-768x303.jpg 768w, https:\/\/elsalvadorllantas.com\/wp-content\/uploads\/2021\/08\/KAPSEN-RS01-4-600x237.jpg 600w, https:\/\/elsalvadorllantas.com\/wp-content\/uploads\/2021\/08\/KAPSEN-RS01-4-64x25.jpg 64w, https:\/\/elsalvadorllantas.com\/wp-content\/uploads\/2021\/08\/KAPSEN-RS01-4.jpg 980w\" sizes=\"(max-width: 440px) 100vw, 440px\" \/><\/p>\n<ul>\n<li>Dos costillas circunferenciales proveen de super resistencia al desgaste.<\/li>\n<li>Bloques convexos de la banda de rodadura evitan deslizamiento lateral.<\/li>\n<li>El contorno especial evita el exc\u00e9ntrico desgaste del neum\u00e1tico.<\/li>\n<li>Los bloques circunferenciales de la banda de rodadura brindan una excelente estabilidad y manejo.<\/li>\n<\/ul>\n","protected":false},"excerpt":{"rendered":"<p>Lonaje Indice de Carga 8PR 109R Modelo RS01 El neum\u00e1tico Durable Max RS01 fue especialmente dise\u00f1ado para el trabajo comercial ofrece un gran rendimiento kilom\u00e9trico, buena tracci\u00f3n y gran agarre. Generalidades Ofrece un bajo consumo de combustible, mayor estabilidad y buen frenado en mojado. Los bloques convexos de la banda de rodadura proporcionan una excelente<br \/><a class=\"more-link\" href=\"https:\/\/elsalvadorllantas.com\/index.php\/producto\/kapsen-215-70-r15-rs01-8pr\/\"><br \/>\n        Ver m\u00e1s<span class=\"screen-reader-text\"> \u00abKAPSEN 215\/70 R15 RS01 8PR\u00bb<\/span><\/a><\/p>\n","protected":false},"featured_media":18012,"template":"","meta":{"_acf_changed":false},"product_brand":[],"product_cat":[2215,1885,1980],"product_tag":[],"class_list":{"0":"post-8496","1":"product","2":"type-product","3":"status-publish","4":"has-post-thumbnail","6":"product_cat-215-70r15","7":"product_cat-kapsen","8":"product_cat-rs01","10":"first","11":"outofstock","12":"sale","13":"shipping-taxable","14":"purchasable","15":"product-type-simple"},"acf":[],"yoast_head":"<!-- This site is optimized with the Yoast SEO plugin v26.8 - https:\/\/yoast.com\/product\/yoast-seo-wordpress\/ -->\r\n<title>KAPSEN 215\/70 R15 RS01 8PR - Centro de Servicio Do\u00f1o<\/title>\r\n<meta name=\"robots\" content=\"index, follow, max-snippet:-1, max-image-preview:large, max-video-preview:-1\" \/>\r\n<link rel=\"canonical\" href=\"https:\/\/elsalvadorllantas.com\/index.php\/producto\/kapsen-215-70-r15-rs01-8pr\/\" \/>\r\n<meta property=\"og:locale\" content=\"es_ES\" \/>\r\n<meta property=\"og:type\" content=\"article\" \/>\r\n<meta property=\"og:title\" content=\"KAPSEN 215\/70 R15 RS01 8PR - Centro de Servicio Do\u00f1o\" \/>\r\n<meta property=\"og:description\" content=\"Lonaje Indice de Carga 8PR 109R Modelo RS01 El neum\u00e1tico Durable Max RS01 fue especialmente dise\u00f1ado para el trabajo comercial ofrece un gran rendimiento kilom\u00e9trico, buena tracci\u00f3n y gran agarre. Generalidades Ofrece un bajo consumo de combustible, mayor estabilidad y buen frenado en mojado. Los bloques convexos de la banda de rodadura proporcionan una excelente     Ver m\u00e1s &quot;KAPSEN 215\/70 R15 RS01 8PR&quot;\" \/>\r\n<meta property=\"og:url\" content=\"https:\/\/elsalvadorllantas.com\/index.php\/producto\/kapsen-215-70-r15-rs01-8pr\/\" \/>\r\n<meta property=\"og:site_name\" content=\"Centro de Servicio Do\u00f1o\" \/>\r\n<meta property=\"article:modified_time\" content=\"2026-04-12T01:47:03+00:00\" \/>\r\n<meta property=\"og:image\" content=\"https:\/\/elsalvadorllantas.com\/wp-content\/uploads\/2023\/10\/KAPSEN-RS01.jpg\" \/>\r\n\t<meta property=\"og:image:width\" content=\"1200\" \/>\r\n\t<meta property=\"og:image:height\" content=\"1200\" \/>\r\n\t<meta property=\"og:image:type\" content=\"image\/jpeg\" \/>\r\n<meta name=\"twitter:card\" content=\"summary_large_image\" \/>\r\n<meta name=\"twitter:label1\" content=\"Tiempo de lectura\" \/>\n\t<meta name=\"twitter:data1\" content=\"1 minuto\" \/>\r\n<script type=\"application\/ld+json\" class=\"yoast-schema-graph\">{\"@context\":\"https:\/\/schema.org\",\"@graph\":[{\"@type\":\"WebPage\",\"@id\":\"https:\/\/elsalvadorllantas.com\/index.php\/producto\/kapsen-215-70-r15-rs01-8pr\/\",\"url\":\"https:\/\/elsalvadorllantas.com\/index.php\/producto\/kapsen-215-70-r15-rs01-8pr\/\",\"name\":\"KAPSEN 215\/70 R15 RS01 8PR - Centro de Servicio Do\u00f1o\",\"isPartOf\":{\"@id\":\"https:\/\/elsalvadorllantas.com\/#website\"},\"primaryImageOfPage\":{\"@id\":\"https:\/\/elsalvadorllantas.com\/index.php\/producto\/kapsen-215-70-r15-rs01-8pr\/#primaryimage\"},\"image\":{\"@id\":\"https:\/\/elsalvadorllantas.com\/index.php\/producto\/kapsen-215-70-r15-rs01-8pr\/#primaryimage\"},\"thumbnailUrl\":\"https:\/\/elsalvadorllantas.com\/wp-content\/uploads\/2023\/10\/KAPSEN-RS01.jpg\",\"datePublished\":\"2021-08-24T23:19:45+00:00\",\"dateModified\":\"2026-04-12T01:47:03+00:00\",\"breadcrumb\":{\"@id\":\"https:\/\/elsalvadorllantas.com\/index.php\/producto\/kapsen-215-70-r15-rs01-8pr\/#breadcrumb\"},\"inLanguage\":\"es\",\"potentialAction\":[{\"@type\":\"ReadAction\",\"target\":[\"https:\/\/elsalvadorllantas.com\/index.php\/producto\/kapsen-215-70-r15-rs01-8pr\/\"]}]},{\"@type\":\"ImageObject\",\"inLanguage\":\"es\",\"@id\":\"https:\/\/elsalvadorllantas.com\/index.php\/producto\/kapsen-215-70-r15-rs01-8pr\/#primaryimage\",\"url\":\"https:\/\/elsalvadorllantas.com\/wp-content\/uploads\/2023\/10\/KAPSEN-RS01.jpg\",\"contentUrl\":\"https:\/\/elsalvadorllantas.com\/wp-content\/uploads\/2023\/10\/KAPSEN-RS01.jpg\",\"width\":1200,\"height\":1200},{\"@type\":\"BreadcrumbList\",\"@id\":\"https:\/\/elsalvadorllantas.com\/index.php\/producto\/kapsen-215-70-r15-rs01-8pr\/#breadcrumb\",\"itemListElement\":[{\"@type\":\"ListItem\",\"position\":1,\"name\":\"Inicio\",\"item\":\"https:\/\/elsalvadorllantas.com\/\"},{\"@type\":\"ListItem\",\"position\":2,\"name\":\"Tienda en linea\",\"item\":\"https:\/\/elsalvadorllantas.com\/index.php\/tienda-en-linea\/\"},{\"@type\":\"ListItem\",\"position\":3,\"name\":\"KAPSEN 215\/70 R15 RS01 8PR\"}]},{\"@type\":\"WebSite\",\"@id\":\"https:\/\/elsalvadorllantas.com\/#website\",\"url\":\"https:\/\/elsalvadorllantas.com\/\",\"name\":\"Centro de Servicio Do\u00f1o\",\"description\":\"Venta de Llantas Nuevas - \u00a1Cotiza Ya!\",\"publisher\":{\"@id\":\"https:\/\/elsalvadorllantas.com\/#organization\"},\"potentialAction\":[{\"@type\":\"SearchAction\",\"target\":{\"@type\":\"EntryPoint\",\"urlTemplate\":\"https:\/\/elsalvadorllantas.com\/?s={search_term_string}\"},\"query-input\":{\"@type\":\"PropertyValueSpecification\",\"valueRequired\":true,\"valueName\":\"search_term_string\"}}],\"inLanguage\":\"es\"},{\"@type\":\"Organization\",\"@id\":\"https:\/\/elsalvadorllantas.com\/#organization\",\"name\":\"Centro de Servicio Do\u00f1o\",\"url\":\"https:\/\/elsalvadorllantas.com\/\",\"logo\":{\"@type\":\"ImageObject\",\"inLanguage\":\"es\",\"@id\":\"https:\/\/elsalvadorllantas.com\/#\/schema\/logo\/image\/\",\"url\":\"https:\/\/elsalvadorllantas.com\/wp-content\/uploads\/2021\/12\/Logo_Don\u0303o_Editable-CMYK-2.png\",\"contentUrl\":\"https:\/\/elsalvadorllantas.com\/wp-content\/uploads\/2021\/12\/Logo_Don\u0303o_Editable-CMYK-2.png\",\"width\":2139,\"height\":779,\"caption\":\"Centro de Servicio Do\u00f1o\"},\"image\":{\"@id\":\"https:\/\/elsalvadorllantas.com\/#\/schema\/logo\/image\/\"}}]}<\/script>\r\n<!-- \/ Yoast SEO plugin. -->","yoast_head_json":{"title":"KAPSEN 215\/70 R15 RS01 8PR - Centro de Servicio Do\u00f1o","robots":{"index":"index","follow":"follow","max-snippet":"max-snippet:-1","max-image-preview":"max-image-preview:large","max-video-preview":"max-video-preview:-1"},"canonical":"https:\/\/elsalvadorllantas.com\/index.php\/producto\/kapsen-215-70-r15-rs01-8pr\/","og_locale":"es_ES","og_type":"article","og_title":"KAPSEN 215\/70 R15 RS01 8PR - Centro de Servicio Do\u00f1o","og_description":"Lonaje Indice de Carga 8PR 109R Modelo RS01 El neum\u00e1tico Durable Max RS01 fue especialmente dise\u00f1ado para el trabajo comercial ofrece un gran rendimiento kilom\u00e9trico, buena tracci\u00f3n y gran agarre. Generalidades Ofrece un bajo consumo de combustible, mayor estabilidad y buen frenado en mojado. Los bloques convexos de la banda de rodadura proporcionan una excelente     Ver m\u00e1s \"KAPSEN 215\/70 R15 RS01 8PR\"","og_url":"https:\/\/elsalvadorllantas.com\/index.php\/producto\/kapsen-215-70-r15-rs01-8pr\/","og_site_name":"Centro de Servicio Do\u00f1o","article_modified_time":"2026-04-12T01:47:03+00:00","og_image":[{"width":1200,"height":1200,"url":"https:\/\/elsalvadorllantas.com\/wp-content\/uploads\/2023\/10\/KAPSEN-RS01.jpg","type":"image\/jpeg"}],"twitter_card":"summary_large_image","twitter_misc":{"Tiempo de lectura":"1 minuto"},"schema":{"@context":"https:\/\/schema.org","@graph":[{"@type":"WebPage","@id":"https:\/\/elsalvadorllantas.com\/index.php\/producto\/kapsen-215-70-r15-rs01-8pr\/","url":"https:\/\/elsalvadorllantas.com\/index.php\/producto\/kapsen-215-70-r15-rs01-8pr\/","name":"KAPSEN 215\/70 R15 RS01 8PR - Centro de Servicio Do\u00f1o","isPartOf":{"@id":"https:\/\/elsalvadorllantas.com\/#website"},"primaryImageOfPage":{"@id":"https:\/\/elsalvadorllantas.com\/index.php\/producto\/kapsen-215-70-r15-rs01-8pr\/#primaryimage"},"image":{"@id":"https:\/\/elsalvadorllantas.com\/index.php\/producto\/kapsen-215-70-r15-rs01-8pr\/#primaryimage"},"thumbnailUrl":"https:\/\/elsalvadorllantas.com\/wp-content\/uploads\/2023\/10\/KAPSEN-RS01.jpg","datePublished":"2021-08-24T23:19:45+00:00","dateModified":"2026-04-12T01:47:03+00:00","breadcrumb":{"@id":"https:\/\/elsalvadorllantas.com\/index.php\/producto\/kapsen-215-70-r15-rs01-8pr\/#breadcrumb"},"inLanguage":"es","potentialAction":[{"@type":"ReadAction","target":["https:\/\/elsalvadorllantas.com\/index.php\/producto\/kapsen-215-70-r15-rs01-8pr\/"]}]},{"@type":"ImageObject","inLanguage":"es","@id":"https:\/\/elsalvadorllantas.com\/index.php\/producto\/kapsen-215-70-r15-rs01-8pr\/#primaryimage","url":"https:\/\/elsalvadorllantas.com\/wp-content\/uploads\/2023\/10\/KAPSEN-RS01.jpg","contentUrl":"https:\/\/elsalvadorllantas.com\/wp-content\/uploads\/2023\/10\/KAPSEN-RS01.jpg","width":1200,"height":1200},{"@type":"BreadcrumbList","@id":"https:\/\/elsalvadorllantas.com\/index.php\/producto\/kapsen-215-70-r15-rs01-8pr\/#breadcrumb","itemListElement":[{"@type":"ListItem","position":1,"name":"Inicio","item":"https:\/\/elsalvadorllantas.com\/"},{"@type":"ListItem","position":2,"name":"Tienda en linea","item":"https:\/\/elsalvadorllantas.com\/index.php\/tienda-en-linea\/"},{"@type":"ListItem","position":3,"name":"KAPSEN 215\/70 R15 RS01 8PR"}]},{"@type":"WebSite","@id":"https:\/\/elsalvadorllantas.com\/#website","url":"https:\/\/elsalvadorllantas.com\/","name":"Centro de Servicio Do\u00f1o","description":"Venta de Llantas Nuevas - \u00a1Cotiza Ya!","publisher":{"@id":"https:\/\/elsalvadorllantas.com\/#organization"},"potentialAction":[{"@type":"SearchAction","target":{"@type":"EntryPoint","urlTemplate":"https:\/\/elsalvadorllantas.com\/?s={search_term_string}"},"query-input":{"@type":"PropertyValueSpecification","valueRequired":true,"valueName":"search_term_string"}}],"inLanguage":"es"},{"@type":"Organization","@id":"https:\/\/elsalvadorllantas.com\/#organization","name":"Centro de Servicio Do\u00f1o","url":"https:\/\/elsalvadorllantas.com\/","logo":{"@type":"ImageObject","inLanguage":"es","@id":"https:\/\/elsalvadorllantas.com\/#\/schema\/logo\/image\/","url":"https:\/\/elsalvadorllantas.com\/wp-content\/uploads\/2021\/12\/Logo_Don\u0303o_Editable-CMYK-2.png","contentUrl":"https:\/\/elsalvadorllantas.com\/wp-content\/uploads\/2021\/12\/Logo_Don\u0303o_Editable-CMYK-2.png","width":2139,"height":779,"caption":"Centro de Servicio Do\u00f1o"},"image":{"@id":"https:\/\/elsalvadorllantas.com\/#\/schema\/logo\/image\/"}}]}},"_links":{"self":[{"href":"https:\/\/elsalvadorllantas.com\/index.php\/wp-json\/wp\/v2\/product\/8496","targetHints":{"allow":["GET"]}}],"collection":[{"href":"https:\/\/elsalvadorllantas.com\/index.php\/wp-json\/wp\/v2\/product"}],"about":[{"href":"https:\/\/elsalvadorllantas.com\/index.php\/wp-json\/wp\/v2\/types\/product"}],"version-history":[{"count":1,"href":"https:\/\/elsalvadorllantas.com\/index.php\/wp-json\/wp\/v2\/product\/8496\/revisions"}],"predecessor-version":[{"id":20822,"href":"https:\/\/elsalvadorllantas.com\/index.php\/wp-json\/wp\/v2\/product\/8496\/revisions\/20822"}],"wp:featuredmedia":[{"embeddable":true,"href":"https:\/\/elsalvadorllantas.com\/index.php\/wp-json\/wp\/v2\/media\/18012"}],"wp:attachment":[{"href":"https:\/\/elsalvadorllantas.com\/index.php\/wp-json\/wp\/v2\/media?parent=8496"}],"wp:term":[{"taxonomy":"product_brand","embeddable":true,"href":"https:\/\/elsalvadorllantas.com\/index.php\/wp-json\/wp\/v2\/product_brand?post=8496"},{"taxonomy":"product_cat","embeddable":true,"href":"https:\/\/elsalvadorllantas.com\/index.php\/wp-json\/wp\/v2\/product_cat?post=8496"},{"taxonomy":"product_tag","embeddable":true,"href":"https:\/\/elsalvadorllantas.com\/index.php\/wp-json\/wp\/v2\/product_tag?post=8496"}],"curies":[{"name":"wp","href":"https:\/\/api.w.org\/{rel}","templated":true}]}}