{"id":8524,"date":"2021-08-24T23:20:43","date_gmt":"2021-08-24T23:20:43","guid":{"rendered":"https:\/\/elsalvadorllantas.com\/index.php\/product\/maxxis-90-90-12-m6029-4pr\/"},"modified":"2026-04-04T12:06:14","modified_gmt":"2026-04-04T18:06:14","slug":"maxxis-90-90-12-m6029-4pr","status":"publish","type":"product","link":"https:\/\/elsalvadorllantas.com\/index.php\/producto\/maxxis-90-90-12-m6029-4pr\/","title":{"rendered":"Maxxis 90\/90-12 M6029 4PR"},"content":{"rendered":"<table style=\"height: 67px;\" border=\"2\" width=\"777\">\n<tbody>\n<tr style=\"text-align: center;\">\n<td>Lonaje<\/td>\n<td>Indice de Carga<\/td>\n<\/tr>\n<tr style=\"text-align: center;\">\n<td>4PR<\/td>\n<td>44J<\/td>\n<\/tr>\n<\/tbody>\n<\/table>\n<h1><img decoding=\"async\" class=\"alignnone size-medium wp-image-8639\" src=\"https:\/\/elsalvadorllantas.com\/wp-content\/uploads\/2021\/08\/Maxxis-Tires-logo-2000x500-2-300x75.png\" alt=\"\" width=\"300\" height=\"75\" srcset=\"https:\/\/elsalvadorllantas.com\/wp-content\/uploads\/2021\/08\/Maxxis-Tires-logo-2000x500-2-300x75.png 300w, https:\/\/elsalvadorllantas.com\/wp-content\/uploads\/2021\/08\/Maxxis-Tires-logo-2000x500-2-1024x256.png 1024w, https:\/\/elsalvadorllantas.com\/wp-content\/uploads\/2021\/08\/Maxxis-Tires-logo-2000x500-2-768x192.png 768w, https:\/\/elsalvadorllantas.com\/wp-content\/uploads\/2021\/08\/Maxxis-Tires-logo-2000x500-2-1536x384.png 1536w, https:\/\/elsalvadorllantas.com\/wp-content\/uploads\/2021\/08\/Maxxis-Tires-logo-2000x500-2-600x150.png 600w, https:\/\/elsalvadorllantas.com\/wp-content\/uploads\/2021\/08\/Maxxis-Tires-logo-2000x500-2-64x16.png 64w, https:\/\/elsalvadorllantas.com\/wp-content\/uploads\/2021\/08\/Maxxis-Tires-logo-2000x500-2.png 2000w\" sizes=\"(max-width: 300px) 100vw, 300px\" loading=\"lazy\" \/><\/h1>\n<h1>Modelo M6029<\/h1>\n<p>El Maxxis M6029 es una excelente opci\u00f3n para los clientes que buscan un neum\u00e1tico para scooter y de alto rendimiento a un precio asequible. Se caracteriza por una gran durabilidad.<\/p>\n<h2>Generalidades<\/h2>\n<p>Proporciona un extraordinario manejo. Asegura una adherencia y estabilidad excepcionales. Ofrece un mayor nivel de seguridad de conducci\u00f3n. Gracias a una construcci\u00f3n especial los neum\u00e1ticos Maxxis M6029 ofrecen un muy buen comportamiento sobre seco y mojado. Lo que los hace excepcionales es su dise\u00f1o de la banda de rodadura.El dibujo asegura una extraordinaria estabilidad y adherencia. Tambi\u00e9n, garantiza un manejo perfecto. De este modo, proporciona un mayor nivel de seguridad de conducci\u00f3n.<\/p>\n<h2>Beneficios<\/h2>\n<ul>\n<li>El compuesto formulado para carretera proporciona una tracci\u00f3n \u00f3ptima.<\/li>\n<li>Probada ampliamente en Europa para asegurar el desempe\u00f1o de calidad.<\/li>\n<li>Con rango de velocidad W para las motocicletas deportivas actuales de alto desempe\u00f1o.<\/li>\n<\/ul>\n<h2>\u00a0 \u00a0 \u00a0 \u00a0 <img decoding=\"async\" class=\"alignnone size-medium wp-image-8638\" src=\"https:\/\/elsalvadorllantas.com\/wp-content\/uploads\/2021\/08\/MAXXI-6029-103x300.png\" alt=\"\" width=\"103\" height=\"300\" srcset=\"https:\/\/elsalvadorllantas.com\/wp-content\/uploads\/2021\/08\/MAXXI-6029-103x300.png 103w, https:\/\/elsalvadorllantas.com\/wp-content\/uploads\/2021\/08\/MAXXI-6029-64x186.png 64w, https:\/\/elsalvadorllantas.com\/wp-content\/uploads\/2021\/08\/MAXXI-6029.png 220w\" sizes=\"(max-width: 103px) 100vw, 103px\" loading=\"lazy\" \/><\/h2>\n<h2>Caracter\u00edsticas de desempe\u00f1o<\/h2>\n<ul>\n<li>Excelente manejo y maniobrabilidad<\/li>\n<li>Excelente agarre en carreteras mojadas y secas.<\/li>\n<li>Mayor estabilidad.<\/li>\n<li>Seguridad de conducci\u00f3n<\/li>\n<\/ul>\n<p>&nbsp;<\/p>\n","protected":false},"excerpt":{"rendered":"<p>Lonaje Indice de Carga 4PR 44J Modelo M6029 El Maxxis M6029 es una excelente opci\u00f3n para los clientes que buscan un neum\u00e1tico para scooter y de alto rendimiento a un precio asequible. Se caracteriza por una gran durabilidad. Generalidades Proporciona un extraordinario manejo. Asegura una adherencia y estabilidad excepcionales. Ofrece un mayor nivel de seguridad<br \/><a class=\"more-link\" href=\"https:\/\/elsalvadorllantas.com\/index.php\/producto\/maxxis-90-90-12-m6029-4pr\/\"><br \/>\n        Ver m\u00e1s<span class=\"screen-reader-text\"> \u00abMaxxis 90\/90-12 M6029 4PR\u00bb<\/span><\/a><\/p>\n","protected":false},"featured_media":17924,"template":"","meta":{"_acf_changed":false},"product_brand":[],"product_cat":[2388,1880,1985],"product_tag":[],"class_list":{"0":"post-8524","1":"product","2":"type-product","3":"status-publish","4":"has-post-thumbnail","6":"product_cat-90-90-12","7":"product_cat-maxxis","8":"product_cat-m6029","10":"first","11":"outofstock","12":"sale","13":"shipping-taxable","14":"purchasable","15":"product-type-simple"},"acf":[],"yoast_head":"<!-- This site is optimized with the Yoast SEO plugin v26.8 - https:\/\/yoast.com\/product\/yoast-seo-wordpress\/ -->\r\n<title>Maxxis 90\/90-12 M6029 4PR - Centro de Servicio Do\u00f1o<\/title>\r\n<meta name=\"robots\" content=\"index, follow, max-snippet:-1, max-image-preview:large, max-video-preview:-1\" \/>\r\n<link rel=\"canonical\" href=\"https:\/\/elsalvadorllantas.com\/index.php\/producto\/maxxis-90-90-12-m6029-4pr\/\" \/>\r\n<meta property=\"og:locale\" content=\"es_ES\" \/>\r\n<meta property=\"og:type\" content=\"article\" \/>\r\n<meta property=\"og:title\" content=\"Maxxis 90\/90-12 M6029 4PR - Centro de Servicio Do\u00f1o\" \/>\r\n<meta property=\"og:description\" content=\"Lonaje Indice de Carga 4PR 44J Modelo M6029 El Maxxis M6029 es una excelente opci\u00f3n para los clientes que buscan un neum\u00e1tico para scooter y de alto rendimiento a un precio asequible. Se caracteriza por una gran durabilidad. Generalidades Proporciona un extraordinario manejo. Asegura una adherencia y estabilidad excepcionales. Ofrece un mayor nivel de seguridad     Ver m\u00e1s &quot;Maxxis 90\/90-12 M6029 4PR&quot;\" \/>\r\n<meta property=\"og:url\" content=\"https:\/\/elsalvadorllantas.com\/index.php\/producto\/maxxis-90-90-12-m6029-4pr\/\" \/>\r\n<meta property=\"og:site_name\" content=\"Centro de Servicio Do\u00f1o\" \/>\r\n<meta property=\"article:modified_time\" content=\"2026-04-04T18:06:14+00:00\" \/>\r\n<meta property=\"og:image\" content=\"https:\/\/elsalvadorllantas.com\/wp-content\/uploads\/2023\/09\/LLANTAS-MAXXIS-M6029.jpg\" \/>\r\n\t<meta property=\"og:image:width\" content=\"1200\" \/>\r\n\t<meta property=\"og:image:height\" content=\"1200\" \/>\r\n\t<meta property=\"og:image:type\" content=\"image\/jpeg\" \/>\r\n<meta name=\"twitter:card\" content=\"summary_large_image\" \/>\r\n<meta name=\"twitter:label1\" content=\"Tiempo de lectura\" \/>\n\t<meta name=\"twitter:data1\" content=\"1 minuto\" \/>\r\n<script type=\"application\/ld+json\" class=\"yoast-schema-graph\">{\"@context\":\"https:\/\/schema.org\",\"@graph\":[{\"@type\":\"WebPage\",\"@id\":\"https:\/\/elsalvadorllantas.com\/index.php\/producto\/maxxis-90-90-12-m6029-4pr\/\",\"url\":\"https:\/\/elsalvadorllantas.com\/index.php\/producto\/maxxis-90-90-12-m6029-4pr\/\",\"name\":\"Maxxis 90\/90-12 M6029 4PR - Centro de Servicio Do\u00f1o\",\"isPartOf\":{\"@id\":\"https:\/\/elsalvadorllantas.com\/#website\"},\"primaryImageOfPage\":{\"@id\":\"https:\/\/elsalvadorllantas.com\/index.php\/producto\/maxxis-90-90-12-m6029-4pr\/#primaryimage\"},\"image\":{\"@id\":\"https:\/\/elsalvadorllantas.com\/index.php\/producto\/maxxis-90-90-12-m6029-4pr\/#primaryimage\"},\"thumbnailUrl\":\"https:\/\/elsalvadorllantas.com\/wp-content\/uploads\/2023\/09\/LLANTAS-MAXXIS-M6029.jpg\",\"datePublished\":\"2021-08-24T23:20:43+00:00\",\"dateModified\":\"2026-04-04T18:06:14+00:00\",\"breadcrumb\":{\"@id\":\"https:\/\/elsalvadorllantas.com\/index.php\/producto\/maxxis-90-90-12-m6029-4pr\/#breadcrumb\"},\"inLanguage\":\"es\",\"potentialAction\":[{\"@type\":\"ReadAction\",\"target\":[\"https:\/\/elsalvadorllantas.com\/index.php\/producto\/maxxis-90-90-12-m6029-4pr\/\"]}]},{\"@type\":\"ImageObject\",\"inLanguage\":\"es\",\"@id\":\"https:\/\/elsalvadorllantas.com\/index.php\/producto\/maxxis-90-90-12-m6029-4pr\/#primaryimage\",\"url\":\"https:\/\/elsalvadorllantas.com\/wp-content\/uploads\/2023\/09\/LLANTAS-MAXXIS-M6029.jpg\",\"contentUrl\":\"https:\/\/elsalvadorllantas.com\/wp-content\/uploads\/2023\/09\/LLANTAS-MAXXIS-M6029.jpg\",\"width\":1200,\"height\":1200},{\"@type\":\"BreadcrumbList\",\"@id\":\"https:\/\/elsalvadorllantas.com\/index.php\/producto\/maxxis-90-90-12-m6029-4pr\/#breadcrumb\",\"itemListElement\":[{\"@type\":\"ListItem\",\"position\":1,\"name\":\"Inicio\",\"item\":\"https:\/\/elsalvadorllantas.com\/\"},{\"@type\":\"ListItem\",\"position\":2,\"name\":\"Tienda en linea\",\"item\":\"https:\/\/elsalvadorllantas.com\/index.php\/tienda-en-linea\/\"},{\"@type\":\"ListItem\",\"position\":3,\"name\":\"Maxxis 90\/90-12 M6029 4PR\"}]},{\"@type\":\"WebSite\",\"@id\":\"https:\/\/elsalvadorllantas.com\/#website\",\"url\":\"https:\/\/elsalvadorllantas.com\/\",\"name\":\"Centro de Servicio Do\u00f1o\",\"description\":\"Venta de Llantas Nuevas - \u00a1Cotiza Ya!\",\"publisher\":{\"@id\":\"https:\/\/elsalvadorllantas.com\/#organization\"},\"potentialAction\":[{\"@type\":\"SearchAction\",\"target\":{\"@type\":\"EntryPoint\",\"urlTemplate\":\"https:\/\/elsalvadorllantas.com\/?s={search_term_string}\"},\"query-input\":{\"@type\":\"PropertyValueSpecification\",\"valueRequired\":true,\"valueName\":\"search_term_string\"}}],\"inLanguage\":\"es\"},{\"@type\":\"Organization\",\"@id\":\"https:\/\/elsalvadorllantas.com\/#organization\",\"name\":\"Centro de Servicio Do\u00f1o\",\"url\":\"https:\/\/elsalvadorllantas.com\/\",\"logo\":{\"@type\":\"ImageObject\",\"inLanguage\":\"es\",\"@id\":\"https:\/\/elsalvadorllantas.com\/#\/schema\/logo\/image\/\",\"url\":\"https:\/\/elsalvadorllantas.com\/wp-content\/uploads\/2021\/12\/Logo_Don\u0303o_Editable-CMYK-2.png\",\"contentUrl\":\"https:\/\/elsalvadorllantas.com\/wp-content\/uploads\/2021\/12\/Logo_Don\u0303o_Editable-CMYK-2.png\",\"width\":2139,\"height\":779,\"caption\":\"Centro de Servicio Do\u00f1o\"},\"image\":{\"@id\":\"https:\/\/elsalvadorllantas.com\/#\/schema\/logo\/image\/\"}}]}<\/script>\r\n<!-- \/ Yoast SEO plugin. -->","yoast_head_json":{"title":"Maxxis 90\/90-12 M6029 4PR - Centro de Servicio Do\u00f1o","robots":{"index":"index","follow":"follow","max-snippet":"max-snippet:-1","max-image-preview":"max-image-preview:large","max-video-preview":"max-video-preview:-1"},"canonical":"https:\/\/elsalvadorllantas.com\/index.php\/producto\/maxxis-90-90-12-m6029-4pr\/","og_locale":"es_ES","og_type":"article","og_title":"Maxxis 90\/90-12 M6029 4PR - Centro de Servicio Do\u00f1o","og_description":"Lonaje Indice de Carga 4PR 44J Modelo M6029 El Maxxis M6029 es una excelente opci\u00f3n para los clientes que buscan un neum\u00e1tico para scooter y de alto rendimiento a un precio asequible. Se caracteriza por una gran durabilidad. Generalidades Proporciona un extraordinario manejo. Asegura una adherencia y estabilidad excepcionales. Ofrece un mayor nivel de seguridad     Ver m\u00e1s \"Maxxis 90\/90-12 M6029 4PR\"","og_url":"https:\/\/elsalvadorllantas.com\/index.php\/producto\/maxxis-90-90-12-m6029-4pr\/","og_site_name":"Centro de Servicio Do\u00f1o","article_modified_time":"2026-04-04T18:06:14+00:00","og_image":[{"width":1200,"height":1200,"url":"https:\/\/elsalvadorllantas.com\/wp-content\/uploads\/2023\/09\/LLANTAS-MAXXIS-M6029.jpg","type":"image\/jpeg"}],"twitter_card":"summary_large_image","twitter_misc":{"Tiempo de lectura":"1 minuto"},"schema":{"@context":"https:\/\/schema.org","@graph":[{"@type":"WebPage","@id":"https:\/\/elsalvadorllantas.com\/index.php\/producto\/maxxis-90-90-12-m6029-4pr\/","url":"https:\/\/elsalvadorllantas.com\/index.php\/producto\/maxxis-90-90-12-m6029-4pr\/","name":"Maxxis 90\/90-12 M6029 4PR - Centro de Servicio Do\u00f1o","isPartOf":{"@id":"https:\/\/elsalvadorllantas.com\/#website"},"primaryImageOfPage":{"@id":"https:\/\/elsalvadorllantas.com\/index.php\/producto\/maxxis-90-90-12-m6029-4pr\/#primaryimage"},"image":{"@id":"https:\/\/elsalvadorllantas.com\/index.php\/producto\/maxxis-90-90-12-m6029-4pr\/#primaryimage"},"thumbnailUrl":"https:\/\/elsalvadorllantas.com\/wp-content\/uploads\/2023\/09\/LLANTAS-MAXXIS-M6029.jpg","datePublished":"2021-08-24T23:20:43+00:00","dateModified":"2026-04-04T18:06:14+00:00","breadcrumb":{"@id":"https:\/\/elsalvadorllantas.com\/index.php\/producto\/maxxis-90-90-12-m6029-4pr\/#breadcrumb"},"inLanguage":"es","potentialAction":[{"@type":"ReadAction","target":["https:\/\/elsalvadorllantas.com\/index.php\/producto\/maxxis-90-90-12-m6029-4pr\/"]}]},{"@type":"ImageObject","inLanguage":"es","@id":"https:\/\/elsalvadorllantas.com\/index.php\/producto\/maxxis-90-90-12-m6029-4pr\/#primaryimage","url":"https:\/\/elsalvadorllantas.com\/wp-content\/uploads\/2023\/09\/LLANTAS-MAXXIS-M6029.jpg","contentUrl":"https:\/\/elsalvadorllantas.com\/wp-content\/uploads\/2023\/09\/LLANTAS-MAXXIS-M6029.jpg","width":1200,"height":1200},{"@type":"BreadcrumbList","@id":"https:\/\/elsalvadorllantas.com\/index.php\/producto\/maxxis-90-90-12-m6029-4pr\/#breadcrumb","itemListElement":[{"@type":"ListItem","position":1,"name":"Inicio","item":"https:\/\/elsalvadorllantas.com\/"},{"@type":"ListItem","position":2,"name":"Tienda en linea","item":"https:\/\/elsalvadorllantas.com\/index.php\/tienda-en-linea\/"},{"@type":"ListItem","position":3,"name":"Maxxis 90\/90-12 M6029 4PR"}]},{"@type":"WebSite","@id":"https:\/\/elsalvadorllantas.com\/#website","url":"https:\/\/elsalvadorllantas.com\/","name":"Centro de Servicio Do\u00f1o","description":"Venta de Llantas Nuevas - \u00a1Cotiza Ya!","publisher":{"@id":"https:\/\/elsalvadorllantas.com\/#organization"},"potentialAction":[{"@type":"SearchAction","target":{"@type":"EntryPoint","urlTemplate":"https:\/\/elsalvadorllantas.com\/?s={search_term_string}"},"query-input":{"@type":"PropertyValueSpecification","valueRequired":true,"valueName":"search_term_string"}}],"inLanguage":"es"},{"@type":"Organization","@id":"https:\/\/elsalvadorllantas.com\/#organization","name":"Centro de Servicio Do\u00f1o","url":"https:\/\/elsalvadorllantas.com\/","logo":{"@type":"ImageObject","inLanguage":"es","@id":"https:\/\/elsalvadorllantas.com\/#\/schema\/logo\/image\/","url":"https:\/\/elsalvadorllantas.com\/wp-content\/uploads\/2021\/12\/Logo_Don\u0303o_Editable-CMYK-2.png","contentUrl":"https:\/\/elsalvadorllantas.com\/wp-content\/uploads\/2021\/12\/Logo_Don\u0303o_Editable-CMYK-2.png","width":2139,"height":779,"caption":"Centro de Servicio Do\u00f1o"},"image":{"@id":"https:\/\/elsalvadorllantas.com\/#\/schema\/logo\/image\/"}}]}},"_links":{"self":[{"href":"https:\/\/elsalvadorllantas.com\/index.php\/wp-json\/wp\/v2\/product\/8524","targetHints":{"allow":["GET"]}}],"collection":[{"href":"https:\/\/elsalvadorllantas.com\/index.php\/wp-json\/wp\/v2\/product"}],"about":[{"href":"https:\/\/elsalvadorllantas.com\/index.php\/wp-json\/wp\/v2\/types\/product"}],"version-history":[{"count":1,"href":"https:\/\/elsalvadorllantas.com\/index.php\/wp-json\/wp\/v2\/product\/8524\/revisions"}],"predecessor-version":[{"id":20654,"href":"https:\/\/elsalvadorllantas.com\/index.php\/wp-json\/wp\/v2\/product\/8524\/revisions\/20654"}],"wp:featuredmedia":[{"embeddable":true,"href":"https:\/\/elsalvadorllantas.com\/index.php\/wp-json\/wp\/v2\/media\/17924"}],"wp:attachment":[{"href":"https:\/\/elsalvadorllantas.com\/index.php\/wp-json\/wp\/v2\/media?parent=8524"}],"wp:term":[{"taxonomy":"product_brand","embeddable":true,"href":"https:\/\/elsalvadorllantas.com\/index.php\/wp-json\/wp\/v2\/product_brand?post=8524"},{"taxonomy":"product_cat","embeddable":true,"href":"https:\/\/elsalvadorllantas.com\/index.php\/wp-json\/wp\/v2\/product_cat?post=8524"},{"taxonomy":"product_tag","embeddable":true,"href":"https:\/\/elsalvadorllantas.com\/index.php\/wp-json\/wp\/v2\/product_tag?post=8524"}],"curies":[{"name":"wp","href":"https:\/\/api.w.org\/{rel}","templated":true}]}}