{"id":8540,"date":"2021-08-24T23:21:10","date_gmt":"2021-08-24T23:21:10","guid":{"rendered":"https:\/\/elsalvadorllantas.com\/index.php\/product\/transtone-12-5-80-18-r-4b-12pr\/"},"modified":"2026-04-13T23:53:14","modified_gmt":"2026-04-14T05:53:14","slug":"transtone-12-5-80-18-r-4b-12pr","status":"publish","type":"product","link":"https:\/\/elsalvadorllantas.com\/index.php\/producto\/transtone-12-5-80-18-r-4b-12pr\/","title":{"rendered":"TRANSTONE 12.5\/80-18 R-4B 12PR"},"content":{"rendered":"<table style=\"height: 67px;\" border=\"2\" width=\"777\">\n<tbody>\n<tr style=\"text-align: center;\">\n<td>Lonaje<\/td>\n<td>Indice de Carga<\/td>\n<\/tr>\n<tr style=\"text-align: center;\">\n<td>12PR<\/td>\n<td>12PR<\/td>\n<\/tr>\n<\/tbody>\n<\/table>\n<h1>Modelo R-4B<\/h1>\n<p>El modelo R-4B es un modelo MT es un neum\u00e1tico crossover todo terreno de servicio pesado o para terrenos de barro de servicio mediano.<\/p>\n<h2>Generalidades<\/h2>\n<p>El dibujo de la banda de rodadura presenta grandes bloques solidos de dise\u00f1o variable que evitan que la llanta \u00abse hunda\u00bb cuando se conduce sobre superficies mas blandas al alternar la direcci\u00f3n del material que fluye a trav\u00e9s del patr\u00f3n de la banda de rodadura durante la rotaci\u00f3n.<\/p>\n<h2>Beneficios<\/h2>\n<ul>\n<li>Adherencia en todo terreno.<\/li>\n<li>Buen control en carreteras fangosas.<\/li>\n<li>Excelente en carreteras rocosas.<\/li>\n<li>Fuerte conducci\u00f3n en terrenos dif\u00edciles.<\/li>\n<\/ul>\n<p><img fetchpriority=\"high\" decoding=\"async\" class=\"alignnone size-medium wp-image-9147\" src=\"https:\/\/elsalvadorllantas.com\/wp-content\/uploads\/2021\/08\/KINGRUN-4-B-229x300.jpg\" alt=\"\" width=\"229\" height=\"300\" srcset=\"https:\/\/elsalvadorllantas.com\/wp-content\/uploads\/2021\/08\/KINGRUN-4-B-229x300.jpg 229w, https:\/\/elsalvadorllantas.com\/wp-content\/uploads\/2021\/08\/KINGRUN-4-B-64x84.jpg 64w, https:\/\/elsalvadorllantas.com\/wp-content\/uploads\/2021\/08\/KINGRUN-4-B.jpg 467w\" sizes=\"(max-width: 229px) 100vw, 229px\" \/><\/p>\n<h2>Caracter\u00edsticas de desempe\u00f1o<\/h2>\n<ul>\n<li>Excelente en todoterreno.<\/li>\n<li>Gran manejo maniobrabilidad.<\/li>\n<li>Buen control en calles fangosas.<\/li>\n<li>Fuerte conducci\u00f3n.<\/li>\n<\/ul>\n","protected":false},"excerpt":{"rendered":"<p>Lonaje Indice de Carga 12PR 12PR Modelo R-4B El modelo R-4B es un modelo MT es un neum\u00e1tico crossover todo terreno de servicio pesado o para terrenos de barro de servicio mediano. Generalidades El dibujo de la banda de rodadura presenta grandes bloques solidos de dise\u00f1o variable que evitan que la llanta \u00abse hunda\u00bb cuando<br \/><a class=\"more-link\" href=\"https:\/\/elsalvadorllantas.com\/index.php\/producto\/transtone-12-5-80-18-r-4b-12pr\/\"><br \/>\n        Ver m\u00e1s<span class=\"screen-reader-text\"> \u00abTRANSTONE 12.5\/80-18 R-4B 12PR\u00bb<\/span><\/a><\/p>\n","protected":false},"featured_media":0,"template":"","meta":{"_acf_changed":false},"product_brand":[],"product_cat":[2404,1995,1883],"product_tag":[],"class_list":{"0":"post-8540","1":"product","2":"type-product","3":"status-publish","5":"product_cat-12-5-80-18","6":"product_cat-r-4b","7":"product_cat-transtone","9":"first","10":"outofstock","11":"shipping-taxable","12":"purchasable","13":"product-type-simple"},"acf":[],"yoast_head":"<!-- This site is optimized with the Yoast SEO plugin v26.8 - https:\/\/yoast.com\/product\/yoast-seo-wordpress\/ -->\r\n<title>TRANSTONE 12.5\/80-18 R-4B 12PR - Centro de Servicio Do\u00f1o<\/title>\r\n<meta name=\"robots\" content=\"index, follow, max-snippet:-1, max-image-preview:large, max-video-preview:-1\" \/>\r\n<link rel=\"canonical\" href=\"https:\/\/elsalvadorllantas.com\/index.php\/producto\/transtone-12-5-80-18-r-4b-12pr\/\" \/>\r\n<meta property=\"og:locale\" content=\"es_ES\" \/>\r\n<meta property=\"og:type\" content=\"article\" \/>\r\n<meta property=\"og:title\" content=\"TRANSTONE 12.5\/80-18 R-4B 12PR - Centro de Servicio Do\u00f1o\" \/>\r\n<meta property=\"og:description\" content=\"Lonaje Indice de Carga 12PR 12PR Modelo R-4B El modelo R-4B es un modelo MT es un neum\u00e1tico crossover todo terreno de servicio pesado o para terrenos de barro de servicio mediano. Generalidades El dibujo de la banda de rodadura presenta grandes bloques solidos de dise\u00f1o variable que evitan que la llanta \u00abse hunda\u00bb cuando     Ver m\u00e1s &quot;TRANSTONE 12.5\/80-18 R-4B 12PR&quot;\" \/>\r\n<meta property=\"og:url\" content=\"https:\/\/elsalvadorllantas.com\/index.php\/producto\/transtone-12-5-80-18-r-4b-12pr\/\" \/>\r\n<meta property=\"og:site_name\" content=\"Centro de Servicio Do\u00f1o\" \/>\r\n<meta property=\"article:modified_time\" content=\"2026-04-14T05:53:14+00:00\" \/>\r\n<meta property=\"og:image\" content=\"https:\/\/elsalvadorllantas.com\/wp-content\/uploads\/2021\/08\/KINGRUN-4-B-229x300.jpg\" \/>\r\n<meta name=\"twitter:card\" content=\"summary_large_image\" \/>\r\n<meta name=\"twitter:label1\" content=\"Tiempo de lectura\" \/>\n\t<meta name=\"twitter:data1\" content=\"1 minuto\" \/>\r\n<script type=\"application\/ld+json\" class=\"yoast-schema-graph\">{\"@context\":\"https:\/\/schema.org\",\"@graph\":[{\"@type\":\"WebPage\",\"@id\":\"https:\/\/elsalvadorllantas.com\/index.php\/producto\/transtone-12-5-80-18-r-4b-12pr\/\",\"url\":\"https:\/\/elsalvadorllantas.com\/index.php\/producto\/transtone-12-5-80-18-r-4b-12pr\/\",\"name\":\"TRANSTONE 12.5\/80-18 R-4B 12PR - Centro de Servicio Do\u00f1o\",\"isPartOf\":{\"@id\":\"https:\/\/elsalvadorllantas.com\/#website\"},\"primaryImageOfPage\":{\"@id\":\"https:\/\/elsalvadorllantas.com\/index.php\/producto\/transtone-12-5-80-18-r-4b-12pr\/#primaryimage\"},\"image\":{\"@id\":\"https:\/\/elsalvadorllantas.com\/index.php\/producto\/transtone-12-5-80-18-r-4b-12pr\/#primaryimage\"},\"thumbnailUrl\":\"https:\/\/elsalvadorllantas.com\/wp-content\/uploads\/2021\/08\/KINGRUN-4-B-229x300.jpg\",\"datePublished\":\"2021-08-24T23:21:10+00:00\",\"dateModified\":\"2026-04-14T05:53:14+00:00\",\"breadcrumb\":{\"@id\":\"https:\/\/elsalvadorllantas.com\/index.php\/producto\/transtone-12-5-80-18-r-4b-12pr\/#breadcrumb\"},\"inLanguage\":\"es\",\"potentialAction\":[{\"@type\":\"ReadAction\",\"target\":[\"https:\/\/elsalvadorllantas.com\/index.php\/producto\/transtone-12-5-80-18-r-4b-12pr\/\"]}]},{\"@type\":\"ImageObject\",\"inLanguage\":\"es\",\"@id\":\"https:\/\/elsalvadorllantas.com\/index.php\/producto\/transtone-12-5-80-18-r-4b-12pr\/#primaryimage\",\"url\":\"https:\/\/elsalvadorllantas.com\/wp-content\/uploads\/2021\/08\/KINGRUN-4-B.jpg\",\"contentUrl\":\"https:\/\/elsalvadorllantas.com\/wp-content\/uploads\/2021\/08\/KINGRUN-4-B.jpg\",\"width\":467,\"height\":612},{\"@type\":\"BreadcrumbList\",\"@id\":\"https:\/\/elsalvadorllantas.com\/index.php\/producto\/transtone-12-5-80-18-r-4b-12pr\/#breadcrumb\",\"itemListElement\":[{\"@type\":\"ListItem\",\"position\":1,\"name\":\"Inicio\",\"item\":\"https:\/\/elsalvadorllantas.com\/\"},{\"@type\":\"ListItem\",\"position\":2,\"name\":\"Tienda en linea\",\"item\":\"https:\/\/elsalvadorllantas.com\/index.php\/tienda-en-linea\/\"},{\"@type\":\"ListItem\",\"position\":3,\"name\":\"TRANSTONE 12.5\/80-18 R-4B 12PR\"}]},{\"@type\":\"WebSite\",\"@id\":\"https:\/\/elsalvadorllantas.com\/#website\",\"url\":\"https:\/\/elsalvadorllantas.com\/\",\"name\":\"Centro de Servicio Do\u00f1o\",\"description\":\"Venta de Llantas Nuevas - \u00a1Cotiza Ya!\",\"publisher\":{\"@id\":\"https:\/\/elsalvadorllantas.com\/#organization\"},\"potentialAction\":[{\"@type\":\"SearchAction\",\"target\":{\"@type\":\"EntryPoint\",\"urlTemplate\":\"https:\/\/elsalvadorllantas.com\/?s={search_term_string}\"},\"query-input\":{\"@type\":\"PropertyValueSpecification\",\"valueRequired\":true,\"valueName\":\"search_term_string\"}}],\"inLanguage\":\"es\"},{\"@type\":\"Organization\",\"@id\":\"https:\/\/elsalvadorllantas.com\/#organization\",\"name\":\"Centro de Servicio Do\u00f1o\",\"url\":\"https:\/\/elsalvadorllantas.com\/\",\"logo\":{\"@type\":\"ImageObject\",\"inLanguage\":\"es\",\"@id\":\"https:\/\/elsalvadorllantas.com\/#\/schema\/logo\/image\/\",\"url\":\"https:\/\/elsalvadorllantas.com\/wp-content\/uploads\/2021\/12\/Logo_Don\u0303o_Editable-CMYK-2.png\",\"contentUrl\":\"https:\/\/elsalvadorllantas.com\/wp-content\/uploads\/2021\/12\/Logo_Don\u0303o_Editable-CMYK-2.png\",\"width\":2139,\"height\":779,\"caption\":\"Centro de Servicio Do\u00f1o\"},\"image\":{\"@id\":\"https:\/\/elsalvadorllantas.com\/#\/schema\/logo\/image\/\"}}]}<\/script>\r\n<!-- \/ Yoast SEO plugin. -->","yoast_head_json":{"title":"TRANSTONE 12.5\/80-18 R-4B 12PR - Centro de Servicio Do\u00f1o","robots":{"index":"index","follow":"follow","max-snippet":"max-snippet:-1","max-image-preview":"max-image-preview:large","max-video-preview":"max-video-preview:-1"},"canonical":"https:\/\/elsalvadorllantas.com\/index.php\/producto\/transtone-12-5-80-18-r-4b-12pr\/","og_locale":"es_ES","og_type":"article","og_title":"TRANSTONE 12.5\/80-18 R-4B 12PR - Centro de Servicio Do\u00f1o","og_description":"Lonaje Indice de Carga 12PR 12PR Modelo R-4B El modelo R-4B es un modelo MT es un neum\u00e1tico crossover todo terreno de servicio pesado o para terrenos de barro de servicio mediano. Generalidades El dibujo de la banda de rodadura presenta grandes bloques solidos de dise\u00f1o variable que evitan que la llanta \u00abse hunda\u00bb cuando     Ver m\u00e1s \"TRANSTONE 12.5\/80-18 R-4B 12PR\"","og_url":"https:\/\/elsalvadorllantas.com\/index.php\/producto\/transtone-12-5-80-18-r-4b-12pr\/","og_site_name":"Centro de Servicio Do\u00f1o","article_modified_time":"2026-04-14T05:53:14+00:00","og_image":[{"url":"https:\/\/elsalvadorllantas.com\/wp-content\/uploads\/2021\/08\/KINGRUN-4-B-229x300.jpg","type":"","width":"","height":""}],"twitter_card":"summary_large_image","twitter_misc":{"Tiempo de lectura":"1 minuto"},"schema":{"@context":"https:\/\/schema.org","@graph":[{"@type":"WebPage","@id":"https:\/\/elsalvadorllantas.com\/index.php\/producto\/transtone-12-5-80-18-r-4b-12pr\/","url":"https:\/\/elsalvadorllantas.com\/index.php\/producto\/transtone-12-5-80-18-r-4b-12pr\/","name":"TRANSTONE 12.5\/80-18 R-4B 12PR - Centro de Servicio Do\u00f1o","isPartOf":{"@id":"https:\/\/elsalvadorllantas.com\/#website"},"primaryImageOfPage":{"@id":"https:\/\/elsalvadorllantas.com\/index.php\/producto\/transtone-12-5-80-18-r-4b-12pr\/#primaryimage"},"image":{"@id":"https:\/\/elsalvadorllantas.com\/index.php\/producto\/transtone-12-5-80-18-r-4b-12pr\/#primaryimage"},"thumbnailUrl":"https:\/\/elsalvadorllantas.com\/wp-content\/uploads\/2021\/08\/KINGRUN-4-B-229x300.jpg","datePublished":"2021-08-24T23:21:10+00:00","dateModified":"2026-04-14T05:53:14+00:00","breadcrumb":{"@id":"https:\/\/elsalvadorllantas.com\/index.php\/producto\/transtone-12-5-80-18-r-4b-12pr\/#breadcrumb"},"inLanguage":"es","potentialAction":[{"@type":"ReadAction","target":["https:\/\/elsalvadorllantas.com\/index.php\/producto\/transtone-12-5-80-18-r-4b-12pr\/"]}]},{"@type":"ImageObject","inLanguage":"es","@id":"https:\/\/elsalvadorllantas.com\/index.php\/producto\/transtone-12-5-80-18-r-4b-12pr\/#primaryimage","url":"https:\/\/elsalvadorllantas.com\/wp-content\/uploads\/2021\/08\/KINGRUN-4-B.jpg","contentUrl":"https:\/\/elsalvadorllantas.com\/wp-content\/uploads\/2021\/08\/KINGRUN-4-B.jpg","width":467,"height":612},{"@type":"BreadcrumbList","@id":"https:\/\/elsalvadorllantas.com\/index.php\/producto\/transtone-12-5-80-18-r-4b-12pr\/#breadcrumb","itemListElement":[{"@type":"ListItem","position":1,"name":"Inicio","item":"https:\/\/elsalvadorllantas.com\/"},{"@type":"ListItem","position":2,"name":"Tienda en linea","item":"https:\/\/elsalvadorllantas.com\/index.php\/tienda-en-linea\/"},{"@type":"ListItem","position":3,"name":"TRANSTONE 12.5\/80-18 R-4B 12PR"}]},{"@type":"WebSite","@id":"https:\/\/elsalvadorllantas.com\/#website","url":"https:\/\/elsalvadorllantas.com\/","name":"Centro de Servicio Do\u00f1o","description":"Venta de Llantas Nuevas - \u00a1Cotiza Ya!","publisher":{"@id":"https:\/\/elsalvadorllantas.com\/#organization"},"potentialAction":[{"@type":"SearchAction","target":{"@type":"EntryPoint","urlTemplate":"https:\/\/elsalvadorllantas.com\/?s={search_term_string}"},"query-input":{"@type":"PropertyValueSpecification","valueRequired":true,"valueName":"search_term_string"}}],"inLanguage":"es"},{"@type":"Organization","@id":"https:\/\/elsalvadorllantas.com\/#organization","name":"Centro de Servicio Do\u00f1o","url":"https:\/\/elsalvadorllantas.com\/","logo":{"@type":"ImageObject","inLanguage":"es","@id":"https:\/\/elsalvadorllantas.com\/#\/schema\/logo\/image\/","url":"https:\/\/elsalvadorllantas.com\/wp-content\/uploads\/2021\/12\/Logo_Don\u0303o_Editable-CMYK-2.png","contentUrl":"https:\/\/elsalvadorllantas.com\/wp-content\/uploads\/2021\/12\/Logo_Don\u0303o_Editable-CMYK-2.png","width":2139,"height":779,"caption":"Centro de Servicio Do\u00f1o"},"image":{"@id":"https:\/\/elsalvadorllantas.com\/#\/schema\/logo\/image\/"}}]}},"_links":{"self":[{"href":"https:\/\/elsalvadorllantas.com\/index.php\/wp-json\/wp\/v2\/product\/8540","targetHints":{"allow":["GET"]}}],"collection":[{"href":"https:\/\/elsalvadorllantas.com\/index.php\/wp-json\/wp\/v2\/product"}],"about":[{"href":"https:\/\/elsalvadorllantas.com\/index.php\/wp-json\/wp\/v2\/types\/product"}],"version-history":[{"count":0,"href":"https:\/\/elsalvadorllantas.com\/index.php\/wp-json\/wp\/v2\/product\/8540\/revisions"}],"wp:attachment":[{"href":"https:\/\/elsalvadorllantas.com\/index.php\/wp-json\/wp\/v2\/media?parent=8540"}],"wp:term":[{"taxonomy":"product_brand","embeddable":true,"href":"https:\/\/elsalvadorllantas.com\/index.php\/wp-json\/wp\/v2\/product_brand?post=8540"},{"taxonomy":"product_cat","embeddable":true,"href":"https:\/\/elsalvadorllantas.com\/index.php\/wp-json\/wp\/v2\/product_cat?post=8540"},{"taxonomy":"product_tag","embeddable":true,"href":"https:\/\/elsalvadorllantas.com\/index.php\/wp-json\/wp\/v2\/product_tag?post=8540"}],"curies":[{"name":"wp","href":"https:\/\/api.w.org\/{rel}","templated":true}]}}