{"id":9770,"date":"2021-10-07T16:46:51","date_gmt":"2021-10-07T22:46:51","guid":{"rendered":"https:\/\/elsalvadorllantas.com\/?post_type=product&#038;p=9770"},"modified":"2026-04-13T23:47:44","modified_gmt":"2026-04-14T05:47:44","slug":"luxxan-245-70-r17-inspirer-atii-119-116s","status":"publish","type":"product","link":"https:\/\/elsalvadorllantas.com\/index.php\/producto\/luxxan-245-70-r17-inspirer-atii-119-116s\/","title":{"rendered":"Luxxan 245\/70 R17 INSPIRER ATII 119\/116S"},"content":{"rendered":"<h1><img decoding=\"async\" class=\"alignnone size-medium wp-image-9752\" src=\"https:\/\/elsalvadorllantas.com\/wp-content\/uploads\/2021\/10\/Inspirer-AT2-1-300x75.jpg\" alt=\"\" width=\"300\" height=\"75\" srcset=\"https:\/\/elsalvadorllantas.com\/wp-content\/uploads\/2021\/10\/Inspirer-AT2-1-300x75.jpg 300w, https:\/\/elsalvadorllantas.com\/wp-content\/uploads\/2021\/10\/Inspirer-AT2-1-768x192.jpg 768w, https:\/\/elsalvadorllantas.com\/wp-content\/uploads\/2021\/10\/Inspirer-AT2-1-600x150.jpg 600w, https:\/\/elsalvadorllantas.com\/wp-content\/uploads\/2021\/10\/Inspirer-AT2-1-64x16.jpg 64w, https:\/\/elsalvadorllantas.com\/wp-content\/uploads\/2021\/10\/Inspirer-AT2-1.jpg 800w\" sizes=\"(max-width: 300px) 100vw, 300px\" loading=\"lazy\" \/><\/h1>\n<h1>Modelo INSPIRER A\/T II<\/h1>\n<p>Dise\u00f1o todo terreno, es un neum\u00e1tico con dise\u00f1o de banda de rodadura mas resistente para cuatro temporadas. Posee dise\u00f1o de expulsi\u00f3n de piedras patr\u00f3n de banda de rodadura abierta permite que la retenci\u00f3n de piedras sea eficaz.<\/p>\n<h2>Generalidades<\/h2>\n<p>Dise\u00f1o en 3D de zigzag permite tener tracci\u00f3n en todas las condiciones, as\u00ed mismo ofrece una opci\u00f3n de frenado efectivo, <span class=\"grammar correction\" title=\"Si es sustantivo, lleva tilde. Correcto si es del v.\u00a0\u2018formular\u2019.\" data-type=\"grammar\" data-suggestions=\"[{&quot;value&quot;:&quot;f\u00f3rmula&quot;}]\" data-rule=\"DIACRITICS_OTHERS\" data-word=\"formula\">f\u00f3rmula<\/span> que resiste a la abrasi\u00f3n.<\/p>\n<h2>Beneficios<\/h2>\n<ul>\n<li>Llanta <span class=\"grammar correction\" title=\"Probablemente se escribe junto.\" data-type=\"grammar\" data-suggestions=\"[{&quot;value&quot;:&quot;todoterreno&quot;}]\" data-rule=\"NO_SEPARADO\" data-word=\"todo terreno\">todoterreno<\/span><\/li>\n<li>Resistente a la abrasi\u00f3n<\/li>\n<li>Resistente a pinchaduras<\/li>\n<li>Frenado efectivo<\/li>\n<\/ul>\n<p><img fetchpriority=\"high\" decoding=\"async\" class=\"alignnone wp-image-9753\" src=\"https:\/\/elsalvadorllantas.com\/wp-content\/uploads\/2021\/10\/Inspirer-AT2-2-300x177.jpg\" alt=\"\" width=\"403\" height=\"238\" srcset=\"https:\/\/elsalvadorllantas.com\/wp-content\/uploads\/2021\/10\/Inspirer-AT2-2-300x177.jpg 300w, https:\/\/elsalvadorllantas.com\/wp-content\/uploads\/2021\/10\/Inspirer-AT2-2-768x452.jpg 768w, https:\/\/elsalvadorllantas.com\/wp-content\/uploads\/2021\/10\/Inspirer-AT2-2-600x353.jpg 600w, https:\/\/elsalvadorllantas.com\/wp-content\/uploads\/2021\/10\/Inspirer-AT2-2-64x38.jpg 64w, https:\/\/elsalvadorllantas.com\/wp-content\/uploads\/2021\/10\/Inspirer-AT2-2.jpg 800w\" sizes=\"(max-width: 403px) 100vw, 403px\" \/><\/p>\n<h2>Caracter\u00edsticas de desempe\u00f1o<\/h2>\n<ul>\n<li>Maniobrabilidad<\/li>\n<li>Frenado efectivo<\/li>\n<li>Buen control<\/li>\n<\/ul>\n","protected":false},"excerpt":{"rendered":"<p>Modelo INSPIRER A\/T II Dise\u00f1o todo terreno, es un neum\u00e1tico con dise\u00f1o de banda de rodadura mas resistente para cuatro temporadas. Posee dise\u00f1o de expulsi\u00f3n de piedras patr\u00f3n de banda de rodadura abierta permite que la retenci\u00f3n de piedras sea eficaz. Generalidades Dise\u00f1o en 3D de zigzag permite tener tracci\u00f3n en todas las condiciones, as\u00ed<br \/><a class=\"more-link\" href=\"https:\/\/elsalvadorllantas.com\/index.php\/producto\/luxxan-245-70-r17-inspirer-atii-119-116s\/\"><br \/>\n        Ver m\u00e1s<span class=\"screen-reader-text\"> \u00abLuxxan 245\/70 R17 INSPIRER ATII 119\/116S\u00bb<\/span><\/a><\/p>\n","protected":false},"featured_media":12432,"template":"","meta":{"_acf_changed":false},"product_brand":[],"product_cat":[2376,1882,2415,2435,1997,2407],"product_tag":[],"class_list":{"0":"post-9770","1":"product","2":"type-product","3":"status-publish","4":"has-post-thumbnail","6":"product_cat-245-70r17","7":"product_cat-luxxan","8":"product_cat-pick-up","9":"product_cat-inspirer-a-t-2","10":"product_cat-medida","11":"product_cat-tipo-vehiculo","13":"first","14":"outofstock","15":"sale","16":"shipping-taxable","17":"purchasable","18":"product-type-simple"},"acf":[],"yoast_head":"<!-- This site is optimized with the Yoast SEO plugin v26.8 - https:\/\/yoast.com\/product\/yoast-seo-wordpress\/ -->\r\n<title>Luxxan 245\/70 R17 INSPIRER ATII 119\/116S - Centro de Servicio Do\u00f1o<\/title>\r\n<meta name=\"description\" content=\"Dise\u00f1o en 3D de zigzag permite tener tracci\u00f3n en todas las condiciones, as\u00ed mismo ofrece una opci\u00f3n de frenado efectivo.\" \/>\r\n<meta name=\"robots\" content=\"index, follow, max-snippet:-1, max-image-preview:large, max-video-preview:-1\" \/>\r\n<link rel=\"canonical\" href=\"https:\/\/elsalvadorllantas.com\/index.php\/producto\/luxxan-245-70-r17-inspirer-atii-119-116s\/\" \/>\r\n<meta property=\"og:locale\" content=\"es_ES\" \/>\r\n<meta property=\"og:type\" content=\"article\" \/>\r\n<meta property=\"og:title\" content=\"Luxxan 245\/70 R17 INSPIRER ATII 119\/116S - Centro de Servicio Do\u00f1o\" \/>\r\n<meta property=\"og:description\" content=\"Dise\u00f1o en 3D de zigzag permite tener tracci\u00f3n en todas las condiciones, as\u00ed mismo ofrece una opci\u00f3n de frenado efectivo.\" \/>\r\n<meta property=\"og:url\" content=\"https:\/\/elsalvadorllantas.com\/index.php\/producto\/luxxan-245-70-r17-inspirer-atii-119-116s\/\" \/>\r\n<meta property=\"og:site_name\" content=\"Centro de Servicio Do\u00f1o\" \/>\r\n<meta property=\"article:modified_time\" content=\"2026-04-14T05:47:44+00:00\" \/>\r\n<meta property=\"og:image\" content=\"https:\/\/elsalvadorllantas.com\/wp-content\/uploads\/2021\/10\/LUXXAN-INSPIRER-ATII.jpg\" \/>\r\n\t<meta property=\"og:image:width\" content=\"1200\" \/>\r\n\t<meta property=\"og:image:height\" content=\"1200\" \/>\r\n\t<meta property=\"og:image:type\" content=\"image\/jpeg\" \/>\r\n<meta name=\"twitter:card\" content=\"summary_large_image\" \/>\r\n<meta name=\"twitter:label1\" content=\"Tiempo de lectura\" \/>\n\t<meta name=\"twitter:data1\" content=\"1 minuto\" \/>\r\n<script type=\"application\/ld+json\" class=\"yoast-schema-graph\">{\"@context\":\"https:\/\/schema.org\",\"@graph\":[{\"@type\":\"WebPage\",\"@id\":\"https:\/\/elsalvadorllantas.com\/index.php\/producto\/luxxan-245-70-r17-inspirer-atii-119-116s\/\",\"url\":\"https:\/\/elsalvadorllantas.com\/index.php\/producto\/luxxan-245-70-r17-inspirer-atii-119-116s\/\",\"name\":\"Luxxan 245\/70 R17 INSPIRER ATII 119\/116S - Centro de Servicio Do\u00f1o\",\"isPartOf\":{\"@id\":\"https:\/\/elsalvadorllantas.com\/#website\"},\"primaryImageOfPage\":{\"@id\":\"https:\/\/elsalvadorllantas.com\/index.php\/producto\/luxxan-245-70-r17-inspirer-atii-119-116s\/#primaryimage\"},\"image\":{\"@id\":\"https:\/\/elsalvadorllantas.com\/index.php\/producto\/luxxan-245-70-r17-inspirer-atii-119-116s\/#primaryimage\"},\"thumbnailUrl\":\"https:\/\/elsalvadorllantas.com\/wp-content\/uploads\/2022\/03\/AT2-LUXXAN.jpg\",\"datePublished\":\"2021-10-07T22:46:51+00:00\",\"dateModified\":\"2026-04-14T05:47:44+00:00\",\"description\":\"Dise\u00f1o en 3D de zigzag permite tener tracci\u00f3n en todas las condiciones, as\u00ed mismo ofrece una opci\u00f3n de frenado efectivo.\",\"breadcrumb\":{\"@id\":\"https:\/\/elsalvadorllantas.com\/index.php\/producto\/luxxan-245-70-r17-inspirer-atii-119-116s\/#breadcrumb\"},\"inLanguage\":\"es\",\"potentialAction\":[{\"@type\":\"ReadAction\",\"target\":[\"https:\/\/elsalvadorllantas.com\/index.php\/producto\/luxxan-245-70-r17-inspirer-atii-119-116s\/\"]}]},{\"@type\":\"ImageObject\",\"inLanguage\":\"es\",\"@id\":\"https:\/\/elsalvadorllantas.com\/index.php\/producto\/luxxan-245-70-r17-inspirer-atii-119-116s\/#primaryimage\",\"url\":\"https:\/\/elsalvadorllantas.com\/wp-content\/uploads\/2022\/03\/AT2-LUXXAN.jpg\",\"contentUrl\":\"https:\/\/elsalvadorllantas.com\/wp-content\/uploads\/2022\/03\/AT2-LUXXAN.jpg\",\"width\":1200,\"height\":1200},{\"@type\":\"BreadcrumbList\",\"@id\":\"https:\/\/elsalvadorllantas.com\/index.php\/producto\/luxxan-245-70-r17-inspirer-atii-119-116s\/#breadcrumb\",\"itemListElement\":[{\"@type\":\"ListItem\",\"position\":1,\"name\":\"Inicio\",\"item\":\"https:\/\/elsalvadorllantas.com\/\"},{\"@type\":\"ListItem\",\"position\":2,\"name\":\"Tienda en linea\",\"item\":\"https:\/\/elsalvadorllantas.com\/index.php\/tienda-en-linea\/\"},{\"@type\":\"ListItem\",\"position\":3,\"name\":\"Luxxan 245\/70 R17 INSPIRER ATII 119\/116S\"}]},{\"@type\":\"WebSite\",\"@id\":\"https:\/\/elsalvadorllantas.com\/#website\",\"url\":\"https:\/\/elsalvadorllantas.com\/\",\"name\":\"Centro de Servicio Do\u00f1o\",\"description\":\"Venta de Llantas Nuevas - \u00a1Cotiza Ya!\",\"publisher\":{\"@id\":\"https:\/\/elsalvadorllantas.com\/#organization\"},\"potentialAction\":[{\"@type\":\"SearchAction\",\"target\":{\"@type\":\"EntryPoint\",\"urlTemplate\":\"https:\/\/elsalvadorllantas.com\/?s={search_term_string}\"},\"query-input\":{\"@type\":\"PropertyValueSpecification\",\"valueRequired\":true,\"valueName\":\"search_term_string\"}}],\"inLanguage\":\"es\"},{\"@type\":\"Organization\",\"@id\":\"https:\/\/elsalvadorllantas.com\/#organization\",\"name\":\"Centro de Servicio Do\u00f1o\",\"url\":\"https:\/\/elsalvadorllantas.com\/\",\"logo\":{\"@type\":\"ImageObject\",\"inLanguage\":\"es\",\"@id\":\"https:\/\/elsalvadorllantas.com\/#\/schema\/logo\/image\/\",\"url\":\"https:\/\/elsalvadorllantas.com\/wp-content\/uploads\/2021\/12\/Logo_Don\u0303o_Editable-CMYK-2.png\",\"contentUrl\":\"https:\/\/elsalvadorllantas.com\/wp-content\/uploads\/2021\/12\/Logo_Don\u0303o_Editable-CMYK-2.png\",\"width\":2139,\"height\":779,\"caption\":\"Centro de Servicio Do\u00f1o\"},\"image\":{\"@id\":\"https:\/\/elsalvadorllantas.com\/#\/schema\/logo\/image\/\"}}]}<\/script>\r\n<!-- \/ Yoast SEO plugin. -->","yoast_head_json":{"title":"Luxxan 245\/70 R17 INSPIRER ATII 119\/116S - Centro de Servicio Do\u00f1o","description":"Dise\u00f1o en 3D de zigzag permite tener tracci\u00f3n en todas las condiciones, as\u00ed mismo ofrece una opci\u00f3n de frenado efectivo.","robots":{"index":"index","follow":"follow","max-snippet":"max-snippet:-1","max-image-preview":"max-image-preview:large","max-video-preview":"max-video-preview:-1"},"canonical":"https:\/\/elsalvadorllantas.com\/index.php\/producto\/luxxan-245-70-r17-inspirer-atii-119-116s\/","og_locale":"es_ES","og_type":"article","og_title":"Luxxan 245\/70 R17 INSPIRER ATII 119\/116S - Centro de Servicio Do\u00f1o","og_description":"Dise\u00f1o en 3D de zigzag permite tener tracci\u00f3n en todas las condiciones, as\u00ed mismo ofrece una opci\u00f3n de frenado efectivo.","og_url":"https:\/\/elsalvadorllantas.com\/index.php\/producto\/luxxan-245-70-r17-inspirer-atii-119-116s\/","og_site_name":"Centro de Servicio Do\u00f1o","article_modified_time":"2026-04-14T05:47:44+00:00","og_image":[{"width":1200,"height":1200,"url":"https:\/\/elsalvadorllantas.com\/wp-content\/uploads\/2021\/10\/LUXXAN-INSPIRER-ATII.jpg","type":"image\/jpeg"}],"twitter_card":"summary_large_image","twitter_misc":{"Tiempo de lectura":"1 minuto"},"schema":{"@context":"https:\/\/schema.org","@graph":[{"@type":"WebPage","@id":"https:\/\/elsalvadorllantas.com\/index.php\/producto\/luxxan-245-70-r17-inspirer-atii-119-116s\/","url":"https:\/\/elsalvadorllantas.com\/index.php\/producto\/luxxan-245-70-r17-inspirer-atii-119-116s\/","name":"Luxxan 245\/70 R17 INSPIRER ATII 119\/116S - Centro de Servicio Do\u00f1o","isPartOf":{"@id":"https:\/\/elsalvadorllantas.com\/#website"},"primaryImageOfPage":{"@id":"https:\/\/elsalvadorllantas.com\/index.php\/producto\/luxxan-245-70-r17-inspirer-atii-119-116s\/#primaryimage"},"image":{"@id":"https:\/\/elsalvadorllantas.com\/index.php\/producto\/luxxan-245-70-r17-inspirer-atii-119-116s\/#primaryimage"},"thumbnailUrl":"https:\/\/elsalvadorllantas.com\/wp-content\/uploads\/2022\/03\/AT2-LUXXAN.jpg","datePublished":"2021-10-07T22:46:51+00:00","dateModified":"2026-04-14T05:47:44+00:00","description":"Dise\u00f1o en 3D de zigzag permite tener tracci\u00f3n en todas las condiciones, as\u00ed mismo ofrece una opci\u00f3n de frenado efectivo.","breadcrumb":{"@id":"https:\/\/elsalvadorllantas.com\/index.php\/producto\/luxxan-245-70-r17-inspirer-atii-119-116s\/#breadcrumb"},"inLanguage":"es","potentialAction":[{"@type":"ReadAction","target":["https:\/\/elsalvadorllantas.com\/index.php\/producto\/luxxan-245-70-r17-inspirer-atii-119-116s\/"]}]},{"@type":"ImageObject","inLanguage":"es","@id":"https:\/\/elsalvadorllantas.com\/index.php\/producto\/luxxan-245-70-r17-inspirer-atii-119-116s\/#primaryimage","url":"https:\/\/elsalvadorllantas.com\/wp-content\/uploads\/2022\/03\/AT2-LUXXAN.jpg","contentUrl":"https:\/\/elsalvadorllantas.com\/wp-content\/uploads\/2022\/03\/AT2-LUXXAN.jpg","width":1200,"height":1200},{"@type":"BreadcrumbList","@id":"https:\/\/elsalvadorllantas.com\/index.php\/producto\/luxxan-245-70-r17-inspirer-atii-119-116s\/#breadcrumb","itemListElement":[{"@type":"ListItem","position":1,"name":"Inicio","item":"https:\/\/elsalvadorllantas.com\/"},{"@type":"ListItem","position":2,"name":"Tienda en linea","item":"https:\/\/elsalvadorllantas.com\/index.php\/tienda-en-linea\/"},{"@type":"ListItem","position":3,"name":"Luxxan 245\/70 R17 INSPIRER ATII 119\/116S"}]},{"@type":"WebSite","@id":"https:\/\/elsalvadorllantas.com\/#website","url":"https:\/\/elsalvadorllantas.com\/","name":"Centro de Servicio Do\u00f1o","description":"Venta de Llantas Nuevas - \u00a1Cotiza Ya!","publisher":{"@id":"https:\/\/elsalvadorllantas.com\/#organization"},"potentialAction":[{"@type":"SearchAction","target":{"@type":"EntryPoint","urlTemplate":"https:\/\/elsalvadorllantas.com\/?s={search_term_string}"},"query-input":{"@type":"PropertyValueSpecification","valueRequired":true,"valueName":"search_term_string"}}],"inLanguage":"es"},{"@type":"Organization","@id":"https:\/\/elsalvadorllantas.com\/#organization","name":"Centro de Servicio Do\u00f1o","url":"https:\/\/elsalvadorllantas.com\/","logo":{"@type":"ImageObject","inLanguage":"es","@id":"https:\/\/elsalvadorllantas.com\/#\/schema\/logo\/image\/","url":"https:\/\/elsalvadorllantas.com\/wp-content\/uploads\/2021\/12\/Logo_Don\u0303o_Editable-CMYK-2.png","contentUrl":"https:\/\/elsalvadorllantas.com\/wp-content\/uploads\/2021\/12\/Logo_Don\u0303o_Editable-CMYK-2.png","width":2139,"height":779,"caption":"Centro de Servicio Do\u00f1o"},"image":{"@id":"https:\/\/elsalvadorllantas.com\/#\/schema\/logo\/image\/"}}]}},"_links":{"self":[{"href":"https:\/\/elsalvadorllantas.com\/index.php\/wp-json\/wp\/v2\/product\/9770","targetHints":{"allow":["GET"]}}],"collection":[{"href":"https:\/\/elsalvadorllantas.com\/index.php\/wp-json\/wp\/v2\/product"}],"about":[{"href":"https:\/\/elsalvadorllantas.com\/index.php\/wp-json\/wp\/v2\/types\/product"}],"version-history":[{"count":0,"href":"https:\/\/elsalvadorllantas.com\/index.php\/wp-json\/wp\/v2\/product\/9770\/revisions"}],"wp:featuredmedia":[{"embeddable":true,"href":"https:\/\/elsalvadorllantas.com\/index.php\/wp-json\/wp\/v2\/media\/12432"}],"wp:attachment":[{"href":"https:\/\/elsalvadorllantas.com\/index.php\/wp-json\/wp\/v2\/media?parent=9770"}],"wp:term":[{"taxonomy":"product_brand","embeddable":true,"href":"https:\/\/elsalvadorllantas.com\/index.php\/wp-json\/wp\/v2\/product_brand?post=9770"},{"taxonomy":"product_cat","embeddable":true,"href":"https:\/\/elsalvadorllantas.com\/index.php\/wp-json\/wp\/v2\/product_cat?post=9770"},{"taxonomy":"product_tag","embeddable":true,"href":"https:\/\/elsalvadorllantas.com\/index.php\/wp-json\/wp\/v2\/product_tag?post=9770"}],"curies":[{"name":"wp","href":"https:\/\/api.w.org\/{rel}","templated":true}]}}