{"id":9815,"date":"2021-10-07T17:30:47","date_gmt":"2021-10-07T23:30:47","guid":{"rendered":"https:\/\/elsalvadorllantas.com\/?post_type=product&#038;p=9815"},"modified":"2026-04-13T23:35:23","modified_gmt":"2026-04-14T05:35:23","slug":"luxxan-275-45-zr20-inspirer-s6-110v","status":"publish","type":"product","link":"https:\/\/elsalvadorllantas.com\/index.php\/producto\/luxxan-275-45-zr20-inspirer-s6-110v\/","title":{"rendered":"Luxxan 275\/45 ZR20 INSPIRER S6 110V"},"content":{"rendered":"<h1>Modelo INSPIRER S6<\/h1>\n<p>El neum\u00e1tico Inspirer S6 posee dise\u00f1o de un solo patr\u00f3n direccional, lo que proporciona una gran capacidad de manejo a alta velocidad.<\/p>\n<h1>Generalidades<\/h1>\n<p>Los compuestos especiales con silic\u00f3n potencian la tracci\u00f3n y reducen la resistencia a la rodadura, las costillas continuas de centro solido mejoran la estabilidad de la direcci\u00f3n.<\/p>\n<h1>Beneficios<\/h1>\n<ul>\n<li>Menor resistencia a la rodadura<\/li>\n<li>Mayor ahorro de combustible<\/li>\n<li>Estabilidad de la direcci\u00f3n<\/li>\n<li>Capacidad de manejo a alta velocidad<\/li>\n<\/ul>\n<p><img fetchpriority=\"high\" decoding=\"async\" class=\"alignnone size-medium wp-image-9813\" src=\"https:\/\/elsalvadorllantas.com\/wp-content\/uploads\/2021\/10\/Inspirer-S6-1-275x300.jpg\" alt=\"\" width=\"275\" height=\"300\" srcset=\"https:\/\/elsalvadorllantas.com\/wp-content\/uploads\/2021\/10\/Inspirer-S6-1-275x300.jpg 275w, https:\/\/elsalvadorllantas.com\/wp-content\/uploads\/2021\/10\/Inspirer-S6-1-64x70.jpg 64w, https:\/\/elsalvadorllantas.com\/wp-content\/uploads\/2021\/10\/Inspirer-S6-1.jpg 329w\" sizes=\"(max-width: 275px) 100vw, 275px\" \/><\/p>\n<h2>Caracter\u00edsticas de desempe\u00f1o<\/h2>\n<ul>\n<li>Alta capacidad de manejo<\/li>\n<li>Menor gasto de combustible<\/li>\n<li>Resistencia a la rodadura<\/li>\n<\/ul>\n","protected":false},"excerpt":{"rendered":"<p>Modelo INSPIRER S6 El neum\u00e1tico Inspirer S6 posee dise\u00f1o de un solo patr\u00f3n direccional, lo que proporciona una gran capacidad de manejo a alta velocidad. Generalidades Los compuestos especiales con silic\u00f3n potencian la tracci\u00f3n y reducen la resistencia a la rodadura, las costillas continuas de centro solido mejoran la estabilidad de la direcci\u00f3n. Beneficios Menor<br \/><a class=\"more-link\" href=\"https:\/\/elsalvadorllantas.com\/index.php\/producto\/luxxan-275-45-zr20-inspirer-s6-110v\/\"><br \/>\n        Ver m\u00e1s<span class=\"screen-reader-text\"> \u00abLuxxan 275\/45 ZR20 INSPIRER S6 110V\u00bb<\/span><\/a><\/p>\n","protected":false},"featured_media":10235,"template":"","meta":{"_acf_changed":false},"product_brand":[],"product_cat":[2294,1882,2432,2439,1997,2407],"product_tag":[],"class_list":{"0":"post-9815","1":"product","2":"type-product","3":"status-publish","4":"has-post-thumbnail","6":"product_cat-275-45r20","7":"product_cat-luxxan","8":"product_cat-camioneta","9":"product_cat-inspirer-s6","10":"product_cat-medida","11":"product_cat-tipo-vehiculo","13":"first","14":"outofstock","15":"sale","16":"shipping-taxable","17":"purchasable","18":"product-type-simple"},"acf":[],"yoast_head":"<!-- This site is optimized with the Yoast SEO plugin v26.8 - https:\/\/yoast.com\/product\/yoast-seo-wordpress\/ -->\r\n<title>Luxxan 275\/45 ZR20 INSPIRER S6 110V - Centro de Servicio Do\u00f1o<\/title>\r\n<meta name=\"description\" content=\"El neum\u00e1tico Inspirer S6 posee dise\u00f1o de un solo patr\u00f3n direccional, lo que proporciona una gran capacidad de manejo a alta velocidad.\" \/>\r\n<meta name=\"robots\" content=\"index, follow, max-snippet:-1, max-image-preview:large, max-video-preview:-1\" \/>\r\n<link rel=\"canonical\" href=\"https:\/\/elsalvadorllantas.com\/index.php\/producto\/luxxan-275-45-zr20-inspirer-s6-110v\/\" \/>\r\n<meta property=\"og:locale\" content=\"es_ES\" \/>\r\n<meta property=\"og:type\" content=\"article\" \/>\r\n<meta property=\"og:title\" content=\"Luxxan 275\/45 ZR20 INSPIRER S6 110V - Centro de Servicio Do\u00f1o\" \/>\r\n<meta property=\"og:description\" content=\"El neum\u00e1tico Inspirer S6 posee dise\u00f1o de un solo patr\u00f3n direccional, lo que proporciona una gran capacidad de manejo a alta velocidad.\" \/>\r\n<meta property=\"og:url\" content=\"https:\/\/elsalvadorllantas.com\/index.php\/producto\/luxxan-275-45-zr20-inspirer-s6-110v\/\" \/>\r\n<meta property=\"og:site_name\" content=\"Centro de Servicio Do\u00f1o\" \/>\r\n<meta property=\"article:modified_time\" content=\"2026-04-14T05:35:23+00:00\" \/>\r\n<meta property=\"og:image\" content=\"https:\/\/elsalvadorllantas.com\/wp-content\/uploads\/2021\/10\/LUXXAN-INSPIRER-S6.jpg\" \/>\r\n\t<meta property=\"og:image:width\" content=\"1200\" \/>\r\n\t<meta property=\"og:image:height\" content=\"1200\" \/>\r\n\t<meta property=\"og:image:type\" content=\"image\/jpeg\" \/>\r\n<meta name=\"twitter:card\" content=\"summary_large_image\" \/>\r\n<meta name=\"twitter:label1\" content=\"Tiempo de lectura\" \/>\n\t<meta name=\"twitter:data1\" content=\"1 minuto\" \/>\r\n<script type=\"application\/ld+json\" class=\"yoast-schema-graph\">{\"@context\":\"https:\/\/schema.org\",\"@graph\":[{\"@type\":\"WebPage\",\"@id\":\"https:\/\/elsalvadorllantas.com\/index.php\/producto\/luxxan-275-45-zr20-inspirer-s6-110v\/\",\"url\":\"https:\/\/elsalvadorllantas.com\/index.php\/producto\/luxxan-275-45-zr20-inspirer-s6-110v\/\",\"name\":\"Luxxan 275\/45 ZR20 INSPIRER S6 110V - Centro de Servicio Do\u00f1o\",\"isPartOf\":{\"@id\":\"https:\/\/elsalvadorllantas.com\/#website\"},\"primaryImageOfPage\":{\"@id\":\"https:\/\/elsalvadorllantas.com\/index.php\/producto\/luxxan-275-45-zr20-inspirer-s6-110v\/#primaryimage\"},\"image\":{\"@id\":\"https:\/\/elsalvadorllantas.com\/index.php\/producto\/luxxan-275-45-zr20-inspirer-s6-110v\/#primaryimage\"},\"thumbnailUrl\":\"https:\/\/elsalvadorllantas.com\/wp-content\/uploads\/2021\/10\/LUXXAN-INSPIRER-S6.jpg\",\"datePublished\":\"2021-10-07T23:30:47+00:00\",\"dateModified\":\"2026-04-14T05:35:23+00:00\",\"description\":\"El neum\u00e1tico Inspirer S6 posee dise\u00f1o de un solo patr\u00f3n direccional, lo que proporciona una gran capacidad de manejo a alta velocidad.\",\"breadcrumb\":{\"@id\":\"https:\/\/elsalvadorllantas.com\/index.php\/producto\/luxxan-275-45-zr20-inspirer-s6-110v\/#breadcrumb\"},\"inLanguage\":\"es\",\"potentialAction\":[{\"@type\":\"ReadAction\",\"target\":[\"https:\/\/elsalvadorllantas.com\/index.php\/producto\/luxxan-275-45-zr20-inspirer-s6-110v\/\"]}]},{\"@type\":\"ImageObject\",\"inLanguage\":\"es\",\"@id\":\"https:\/\/elsalvadorllantas.com\/index.php\/producto\/luxxan-275-45-zr20-inspirer-s6-110v\/#primaryimage\",\"url\":\"https:\/\/elsalvadorllantas.com\/wp-content\/uploads\/2021\/10\/LUXXAN-INSPIRER-S6.jpg\",\"contentUrl\":\"https:\/\/elsalvadorllantas.com\/wp-content\/uploads\/2021\/10\/LUXXAN-INSPIRER-S6.jpg\",\"width\":1200,\"height\":1200},{\"@type\":\"BreadcrumbList\",\"@id\":\"https:\/\/elsalvadorllantas.com\/index.php\/producto\/luxxan-275-45-zr20-inspirer-s6-110v\/#breadcrumb\",\"itemListElement\":[{\"@type\":\"ListItem\",\"position\":1,\"name\":\"Inicio\",\"item\":\"https:\/\/elsalvadorllantas.com\/\"},{\"@type\":\"ListItem\",\"position\":2,\"name\":\"Tienda en linea\",\"item\":\"https:\/\/elsalvadorllantas.com\/index.php\/tienda-en-linea\/\"},{\"@type\":\"ListItem\",\"position\":3,\"name\":\"Luxxan 275\/45 ZR20 INSPIRER S6 110V\"}]},{\"@type\":\"WebSite\",\"@id\":\"https:\/\/elsalvadorllantas.com\/#website\",\"url\":\"https:\/\/elsalvadorllantas.com\/\",\"name\":\"Centro de Servicio Do\u00f1o\",\"description\":\"Venta de Llantas Nuevas - \u00a1Cotiza Ya!\",\"publisher\":{\"@id\":\"https:\/\/elsalvadorllantas.com\/#organization\"},\"potentialAction\":[{\"@type\":\"SearchAction\",\"target\":{\"@type\":\"EntryPoint\",\"urlTemplate\":\"https:\/\/elsalvadorllantas.com\/?s={search_term_string}\"},\"query-input\":{\"@type\":\"PropertyValueSpecification\",\"valueRequired\":true,\"valueName\":\"search_term_string\"}}],\"inLanguage\":\"es\"},{\"@type\":\"Organization\",\"@id\":\"https:\/\/elsalvadorllantas.com\/#organization\",\"name\":\"Centro de Servicio Do\u00f1o\",\"url\":\"https:\/\/elsalvadorllantas.com\/\",\"logo\":{\"@type\":\"ImageObject\",\"inLanguage\":\"es\",\"@id\":\"https:\/\/elsalvadorllantas.com\/#\/schema\/logo\/image\/\",\"url\":\"https:\/\/elsalvadorllantas.com\/wp-content\/uploads\/2021\/12\/Logo_Don\u0303o_Editable-CMYK-2.png\",\"contentUrl\":\"https:\/\/elsalvadorllantas.com\/wp-content\/uploads\/2021\/12\/Logo_Don\u0303o_Editable-CMYK-2.png\",\"width\":2139,\"height\":779,\"caption\":\"Centro de Servicio Do\u00f1o\"},\"image\":{\"@id\":\"https:\/\/elsalvadorllantas.com\/#\/schema\/logo\/image\/\"}}]}<\/script>\r\n<!-- \/ Yoast SEO plugin. -->","yoast_head_json":{"title":"Luxxan 275\/45 ZR20 INSPIRER S6 110V - Centro de Servicio Do\u00f1o","description":"El neum\u00e1tico Inspirer S6 posee dise\u00f1o de un solo patr\u00f3n direccional, lo que proporciona una gran capacidad de manejo a alta velocidad.","robots":{"index":"index","follow":"follow","max-snippet":"max-snippet:-1","max-image-preview":"max-image-preview:large","max-video-preview":"max-video-preview:-1"},"canonical":"https:\/\/elsalvadorllantas.com\/index.php\/producto\/luxxan-275-45-zr20-inspirer-s6-110v\/","og_locale":"es_ES","og_type":"article","og_title":"Luxxan 275\/45 ZR20 INSPIRER S6 110V - Centro de Servicio Do\u00f1o","og_description":"El neum\u00e1tico Inspirer S6 posee dise\u00f1o de un solo patr\u00f3n direccional, lo que proporciona una gran capacidad de manejo a alta velocidad.","og_url":"https:\/\/elsalvadorllantas.com\/index.php\/producto\/luxxan-275-45-zr20-inspirer-s6-110v\/","og_site_name":"Centro de Servicio Do\u00f1o","article_modified_time":"2026-04-14T05:35:23+00:00","og_image":[{"width":1200,"height":1200,"url":"https:\/\/elsalvadorllantas.com\/wp-content\/uploads\/2021\/10\/LUXXAN-INSPIRER-S6.jpg","type":"image\/jpeg"}],"twitter_card":"summary_large_image","twitter_misc":{"Tiempo de lectura":"1 minuto"},"schema":{"@context":"https:\/\/schema.org","@graph":[{"@type":"WebPage","@id":"https:\/\/elsalvadorllantas.com\/index.php\/producto\/luxxan-275-45-zr20-inspirer-s6-110v\/","url":"https:\/\/elsalvadorllantas.com\/index.php\/producto\/luxxan-275-45-zr20-inspirer-s6-110v\/","name":"Luxxan 275\/45 ZR20 INSPIRER S6 110V - Centro de Servicio Do\u00f1o","isPartOf":{"@id":"https:\/\/elsalvadorllantas.com\/#website"},"primaryImageOfPage":{"@id":"https:\/\/elsalvadorllantas.com\/index.php\/producto\/luxxan-275-45-zr20-inspirer-s6-110v\/#primaryimage"},"image":{"@id":"https:\/\/elsalvadorllantas.com\/index.php\/producto\/luxxan-275-45-zr20-inspirer-s6-110v\/#primaryimage"},"thumbnailUrl":"https:\/\/elsalvadorllantas.com\/wp-content\/uploads\/2021\/10\/LUXXAN-INSPIRER-S6.jpg","datePublished":"2021-10-07T23:30:47+00:00","dateModified":"2026-04-14T05:35:23+00:00","description":"El neum\u00e1tico Inspirer S6 posee dise\u00f1o de un solo patr\u00f3n direccional, lo que proporciona una gran capacidad de manejo a alta velocidad.","breadcrumb":{"@id":"https:\/\/elsalvadorllantas.com\/index.php\/producto\/luxxan-275-45-zr20-inspirer-s6-110v\/#breadcrumb"},"inLanguage":"es","potentialAction":[{"@type":"ReadAction","target":["https:\/\/elsalvadorllantas.com\/index.php\/producto\/luxxan-275-45-zr20-inspirer-s6-110v\/"]}]},{"@type":"ImageObject","inLanguage":"es","@id":"https:\/\/elsalvadorllantas.com\/index.php\/producto\/luxxan-275-45-zr20-inspirer-s6-110v\/#primaryimage","url":"https:\/\/elsalvadorllantas.com\/wp-content\/uploads\/2021\/10\/LUXXAN-INSPIRER-S6.jpg","contentUrl":"https:\/\/elsalvadorllantas.com\/wp-content\/uploads\/2021\/10\/LUXXAN-INSPIRER-S6.jpg","width":1200,"height":1200},{"@type":"BreadcrumbList","@id":"https:\/\/elsalvadorllantas.com\/index.php\/producto\/luxxan-275-45-zr20-inspirer-s6-110v\/#breadcrumb","itemListElement":[{"@type":"ListItem","position":1,"name":"Inicio","item":"https:\/\/elsalvadorllantas.com\/"},{"@type":"ListItem","position":2,"name":"Tienda en linea","item":"https:\/\/elsalvadorllantas.com\/index.php\/tienda-en-linea\/"},{"@type":"ListItem","position":3,"name":"Luxxan 275\/45 ZR20 INSPIRER S6 110V"}]},{"@type":"WebSite","@id":"https:\/\/elsalvadorllantas.com\/#website","url":"https:\/\/elsalvadorllantas.com\/","name":"Centro de Servicio Do\u00f1o","description":"Venta de Llantas Nuevas - \u00a1Cotiza Ya!","publisher":{"@id":"https:\/\/elsalvadorllantas.com\/#organization"},"potentialAction":[{"@type":"SearchAction","target":{"@type":"EntryPoint","urlTemplate":"https:\/\/elsalvadorllantas.com\/?s={search_term_string}"},"query-input":{"@type":"PropertyValueSpecification","valueRequired":true,"valueName":"search_term_string"}}],"inLanguage":"es"},{"@type":"Organization","@id":"https:\/\/elsalvadorllantas.com\/#organization","name":"Centro de Servicio Do\u00f1o","url":"https:\/\/elsalvadorllantas.com\/","logo":{"@type":"ImageObject","inLanguage":"es","@id":"https:\/\/elsalvadorllantas.com\/#\/schema\/logo\/image\/","url":"https:\/\/elsalvadorllantas.com\/wp-content\/uploads\/2021\/12\/Logo_Don\u0303o_Editable-CMYK-2.png","contentUrl":"https:\/\/elsalvadorllantas.com\/wp-content\/uploads\/2021\/12\/Logo_Don\u0303o_Editable-CMYK-2.png","width":2139,"height":779,"caption":"Centro de Servicio Do\u00f1o"},"image":{"@id":"https:\/\/elsalvadorllantas.com\/#\/schema\/logo\/image\/"}}]}},"_links":{"self":[{"href":"https:\/\/elsalvadorllantas.com\/index.php\/wp-json\/wp\/v2\/product\/9815","targetHints":{"allow":["GET"]}}],"collection":[{"href":"https:\/\/elsalvadorllantas.com\/index.php\/wp-json\/wp\/v2\/product"}],"about":[{"href":"https:\/\/elsalvadorllantas.com\/index.php\/wp-json\/wp\/v2\/types\/product"}],"version-history":[{"count":0,"href":"https:\/\/elsalvadorllantas.com\/index.php\/wp-json\/wp\/v2\/product\/9815\/revisions"}],"wp:featuredmedia":[{"embeddable":true,"href":"https:\/\/elsalvadorllantas.com\/index.php\/wp-json\/wp\/v2\/media\/10235"}],"wp:attachment":[{"href":"https:\/\/elsalvadorllantas.com\/index.php\/wp-json\/wp\/v2\/media?parent=9815"}],"wp:term":[{"taxonomy":"product_brand","embeddable":true,"href":"https:\/\/elsalvadorllantas.com\/index.php\/wp-json\/wp\/v2\/product_brand?post=9815"},{"taxonomy":"product_cat","embeddable":true,"href":"https:\/\/elsalvadorllantas.com\/index.php\/wp-json\/wp\/v2\/product_cat?post=9815"},{"taxonomy":"product_tag","embeddable":true,"href":"https:\/\/elsalvadorllantas.com\/index.php\/wp-json\/wp\/v2\/product_tag?post=9815"}],"curies":[{"name":"wp","href":"https:\/\/api.w.org\/{rel}","templated":true}]}}