{"id":9964,"date":"2021-10-08T11:01:09","date_gmt":"2021-10-08T17:01:09","guid":{"rendered":"https:\/\/elsalvadorllantas.com\/?post_type=product&#038;p=9964"},"modified":"2026-04-13T23:46:44","modified_gmt":"2026-04-14T05:46:44","slug":"toyo-245-75-r16-opmx-120p","status":"publish","type":"product","link":"https:\/\/elsalvadorllantas.com\/index.php\/producto\/toyo-245-75-r16-opmx-120p\/","title":{"rendered":"Toyo 245\/75 R16 OPMX 120P"},"content":{"rendered":"<table style=\"height: 67px;\" border=\"2\" width=\"777\">\n<tbody>\n<tr style=\"text-align: center;\">\n<td>Lonaje<\/td>\n<td>Indice de Carga<\/td>\n<\/tr>\n<tr style=\"text-align: center;\">\n<td>10PR<\/td>\n<td>123P<\/td>\n<\/tr>\n<\/tbody>\n<\/table>\n<h1><img decoding=\"async\" class=\"alignnone size-medium wp-image-8840\" src=\"https:\/\/elsalvadorllantas.com\/wp-content\/uploads\/2021\/08\/TOYO-OPMX-1-300x47.jpg\" alt=\"\" width=\"300\" height=\"47\" srcset=\"https:\/\/elsalvadorllantas.com\/wp-content\/uploads\/2021\/08\/TOYO-OPMX-1-300x47.jpg 300w, https:\/\/elsalvadorllantas.com\/wp-content\/uploads\/2021\/08\/TOYO-OPMX-1-1024x162.jpg 1024w, https:\/\/elsalvadorllantas.com\/wp-content\/uploads\/2021\/08\/TOYO-OPMX-1-768x121.jpg 768w, https:\/\/elsalvadorllantas.com\/wp-content\/uploads\/2021\/08\/TOYO-OPMX-1-600x95.jpg 600w, https:\/\/elsalvadorllantas.com\/wp-content\/uploads\/2021\/08\/TOYO-OPMX-1-64x10.jpg 64w, https:\/\/elsalvadorllantas.com\/wp-content\/uploads\/2021\/08\/TOYO-OPMX-1.jpg 1139w\" sizes=\"(max-width: 300px) 100vw, 300px\" loading=\"lazy\" \/><\/h1>\n<h1>Modelo OPMX<\/h1>\n<p>La OPEN COUNTRY M\/T EX ha sido desarrollada para rellenar un espacio entre AT y MT en el segmento 4\u00d74. La llanta tiene dise\u00f1o unidireccional y agresivo como en costado. Adicionalmente ofrece a los usuarios un optimo desempe\u00f1o para disfrutar del manejo todo terreno fuera de la carretera como el d\u00eda en la ciudad.<\/p>\n<h2>Generalidades<\/h2>\n<ul>\n<li>Ranura optimizada optimiza el equilibrio de rigidez haciendo que el contacto sea uniforme.<\/li>\n<li>Expulsor de piedras protege fondo de la ranura desde perforaciones causadas por piedras.<\/li>\n<\/ul>\n<h2>Beneficios<\/h2>\n<ul>\n<li>Hombro reborde para buena tracci\u00f3n fuera de carretera.<\/li>\n<li>Ranura de varias direcciones ejerce tracci\u00f3n en todas direcciones.<\/li>\n<li>Tama\u00f1o variable de bloque menor ruido.<\/li>\n<\/ul>\n<p><img decoding=\"async\" class=\"alignnone  wp-image-8841\" src=\"https:\/\/elsalvadorllantas.com\/wp-content\/uploads\/2021\/08\/TOYO-OPMX-2-148x300.jpg\" alt=\"\" width=\"91\" height=\"184\" srcset=\"https:\/\/elsalvadorllantas.com\/wp-content\/uploads\/2021\/08\/TOYO-OPMX-2-148x300.jpg 148w, https:\/\/elsalvadorllantas.com\/wp-content\/uploads\/2021\/08\/TOYO-OPMX-2-64x130.jpg 64w, https:\/\/elsalvadorllantas.com\/wp-content\/uploads\/2021\/08\/TOYO-OPMX-2.jpg 444w\" sizes=\"(max-width: 91px) 100vw, 91px\" loading=\"lazy\" \/><img decoding=\"async\" class=\"alignnone  wp-image-8842\" src=\"https:\/\/elsalvadorllantas.com\/wp-content\/uploads\/2021\/08\/TOYO-OPMX-3-235x300.jpg\" alt=\"\" width=\"140\" height=\"179\" srcset=\"https:\/\/elsalvadorllantas.com\/wp-content\/uploads\/2021\/08\/TOYO-OPMX-3-235x300.jpg 235w, https:\/\/elsalvadorllantas.com\/wp-content\/uploads\/2021\/08\/TOYO-OPMX-3-600x766.jpg 600w, https:\/\/elsalvadorllantas.com\/wp-content\/uploads\/2021\/08\/TOYO-OPMX-3-64x82.jpg 64w, https:\/\/elsalvadorllantas.com\/wp-content\/uploads\/2021\/08\/TOYO-OPMX-3.jpg 706w\" sizes=\"(max-width: 140px) 100vw, 140px\" loading=\"lazy\" \/><img loading=\"lazy\" decoding=\"async\" class=\"alignnone  wp-image-8843\" src=\"https:\/\/elsalvadorllantas.com\/wp-content\/uploads\/2021\/08\/TOYO-OPMX-4-300x275.jpg\" alt=\"\" width=\"209\" height=\"192\" srcset=\"https:\/\/elsalvadorllantas.com\/wp-content\/uploads\/2021\/08\/TOYO-OPMX-4-300x275.jpg 300w, https:\/\/elsalvadorllantas.com\/wp-content\/uploads\/2021\/08\/TOYO-OPMX-4-768x705.jpg 768w, https:\/\/elsalvadorllantas.com\/wp-content\/uploads\/2021\/08\/TOYO-OPMX-4-600x551.jpg 600w, https:\/\/elsalvadorllantas.com\/wp-content\/uploads\/2021\/08\/TOYO-OPMX-4-64x59.jpg 64w, https:\/\/elsalvadorllantas.com\/wp-content\/uploads\/2021\/08\/TOYO-OPMX-4.jpg 982w\" sizes=\"(max-width: 209px) 100vw, 209px\" \/><\/p>\n<h2>Caracter\u00edsticas de desempe\u00f1o<\/h2>\n<ul>\n<li>Mejor maniobrabilidad en carretera.<\/li>\n<li>Maniobrabilidad fuera de carretera.<\/li>\n<li>Menor ruido.<\/li>\n<li>Comodidad de paseo.<\/li>\n<li>Larga vida \u00fatil de la banda de rodadura<\/li>\n<\/ul>\n<h2>Caracter\u00edsticas y beneficios de la construcci\u00f3n.<\/h2>\n<p><img loading=\"lazy\" decoding=\"async\" class=\"alignnone  wp-image-8844\" src=\"https:\/\/elsalvadorllantas.com\/wp-content\/uploads\/2021\/08\/TOYO-OPMX-5-300x156.jpg\" alt=\"\" width=\"438\" height=\"228\" srcset=\"https:\/\/elsalvadorllantas.com\/wp-content\/uploads\/2021\/08\/TOYO-OPMX-5-300x156.jpg 300w, https:\/\/elsalvadorllantas.com\/wp-content\/uploads\/2021\/08\/TOYO-OPMX-5-768x399.jpg 768w, https:\/\/elsalvadorllantas.com\/wp-content\/uploads\/2021\/08\/TOYO-OPMX-5-600x312.jpg 600w, https:\/\/elsalvadorllantas.com\/wp-content\/uploads\/2021\/08\/TOYO-OPMX-5-64x33.jpg 64w, https:\/\/elsalvadorllantas.com\/wp-content\/uploads\/2021\/08\/TOYO-OPMX-5.jpg 982w\" sizes=\"(max-width: 438px) 100vw, 438px\" \/><\/p>\n<p>&nbsp;<\/p>\n","protected":false},"excerpt":{"rendered":"<p>Lonaje Indice de Carga 10PR 123P Modelo OPMX La OPEN COUNTRY M\/T EX ha sido desarrollada para rellenar un espacio entre AT y MT en el segmento 4\u00d74. La llanta tiene dise\u00f1o unidireccional y agresivo como en costado. Adicionalmente ofrece a los usuarios un optimo desempe\u00f1o para disfrutar del manejo todo terreno fuera de la<br \/><a class=\"more-link\" href=\"https:\/\/elsalvadorllantas.com\/index.php\/producto\/toyo-245-75-r16-opmx-120p\/\"><br \/>\n        Ver m\u00e1s<span class=\"screen-reader-text\"> \u00abToyo 245\/75 R16 OPMX 120P\u00bb<\/span><\/a><\/p>\n","protected":false},"featured_media":17972,"template":"","meta":{"_acf_changed":false},"product_brand":[],"product_cat":[2287,1967,2415,1881,1997,2407],"product_tag":[],"class_list":{"0":"post-9964","1":"product","2":"type-product","3":"status-publish","4":"has-post-thumbnail","6":"product_cat-245-75r16","7":"product_cat-opmx","8":"product_cat-pick-up","9":"product_cat-toyo","10":"product_cat-medida","11":"product_cat-tipo-vehiculo","13":"first","14":"outofstock","15":"sale","16":"shipping-taxable","17":"purchasable","18":"product-type-simple"},"acf":[],"yoast_head":"<!-- This site is optimized with the Yoast SEO plugin v26.8 - https:\/\/yoast.com\/product\/yoast-seo-wordpress\/ -->\r\n<title>Toyo 245\/75 R16 OPMX 120P - Centro de Servicio Do\u00f1o<\/title>\r\n<meta name=\"description\" content=\"La OPEN COUNTRY 245\/75 M\/T EX ha sido desarrollada para rellenar un espacio entre AT y MT en el segmento 4\u00d74.\" \/>\r\n<meta name=\"robots\" content=\"index, follow, max-snippet:-1, max-image-preview:large, max-video-preview:-1\" \/>\r\n<link rel=\"canonical\" href=\"https:\/\/elsalvadorllantas.com\/index.php\/producto\/toyo-245-75-r16-opmx-120p\/\" \/>\r\n<meta property=\"og:locale\" content=\"es_ES\" \/>\r\n<meta property=\"og:type\" content=\"article\" \/>\r\n<meta property=\"og:title\" content=\"Toyo 245\/75 R16 OPMX 120P - Centro de Servicio Do\u00f1o\" \/>\r\n<meta property=\"og:description\" content=\"La OPEN COUNTRY 245\/75 M\/T EX ha sido desarrollada para rellenar un espacio entre AT y MT en el segmento 4\u00d74.\" \/>\r\n<meta property=\"og:url\" content=\"https:\/\/elsalvadorllantas.com\/index.php\/producto\/toyo-245-75-r16-opmx-120p\/\" \/>\r\n<meta property=\"og:site_name\" content=\"Centro de Servicio Do\u00f1o\" \/>\r\n<meta property=\"article:modified_time\" content=\"2026-04-14T05:46:44+00:00\" \/>\r\n<meta property=\"og:image\" content=\"https:\/\/elsalvadorllantas.com\/wp-content\/uploads\/2023\/09\/TOYO-OPMX.jpg\" \/>\r\n\t<meta property=\"og:image:width\" content=\"1200\" \/>\r\n\t<meta property=\"og:image:height\" content=\"1200\" \/>\r\n\t<meta property=\"og:image:type\" content=\"image\/jpeg\" \/>\r\n<meta name=\"twitter:card\" content=\"summary_large_image\" \/>\r\n<meta name=\"twitter:label1\" content=\"Tiempo de lectura\" \/>\n\t<meta name=\"twitter:data1\" content=\"1 minuto\" \/>\r\n<script type=\"application\/ld+json\" class=\"yoast-schema-graph\">{\"@context\":\"https:\/\/schema.org\",\"@graph\":[{\"@type\":\"WebPage\",\"@id\":\"https:\/\/elsalvadorllantas.com\/index.php\/producto\/toyo-245-75-r16-opmx-120p\/\",\"url\":\"https:\/\/elsalvadorllantas.com\/index.php\/producto\/toyo-245-75-r16-opmx-120p\/\",\"name\":\"Toyo 245\/75 R16 OPMX 120P - Centro de Servicio Do\u00f1o\",\"isPartOf\":{\"@id\":\"https:\/\/elsalvadorllantas.com\/#website\"},\"primaryImageOfPage\":{\"@id\":\"https:\/\/elsalvadorllantas.com\/index.php\/producto\/toyo-245-75-r16-opmx-120p\/#primaryimage\"},\"image\":{\"@id\":\"https:\/\/elsalvadorllantas.com\/index.php\/producto\/toyo-245-75-r16-opmx-120p\/#primaryimage\"},\"thumbnailUrl\":\"https:\/\/elsalvadorllantas.com\/wp-content\/uploads\/2023\/09\/TOYO-OPMX.jpg\",\"datePublished\":\"2021-10-08T17:01:09+00:00\",\"dateModified\":\"2026-04-14T05:46:44+00:00\",\"description\":\"La OPEN COUNTRY 245\/75 M\/T EX ha sido desarrollada para rellenar un espacio entre AT y MT en el segmento 4\u00d74.\",\"breadcrumb\":{\"@id\":\"https:\/\/elsalvadorllantas.com\/index.php\/producto\/toyo-245-75-r16-opmx-120p\/#breadcrumb\"},\"inLanguage\":\"es\",\"potentialAction\":[{\"@type\":\"ReadAction\",\"target\":[\"https:\/\/elsalvadorllantas.com\/index.php\/producto\/toyo-245-75-r16-opmx-120p\/\"]}]},{\"@type\":\"ImageObject\",\"inLanguage\":\"es\",\"@id\":\"https:\/\/elsalvadorllantas.com\/index.php\/producto\/toyo-245-75-r16-opmx-120p\/#primaryimage\",\"url\":\"https:\/\/elsalvadorllantas.com\/wp-content\/uploads\/2023\/09\/TOYO-OPMX.jpg\",\"contentUrl\":\"https:\/\/elsalvadorllantas.com\/wp-content\/uploads\/2023\/09\/TOYO-OPMX.jpg\",\"width\":1200,\"height\":1200},{\"@type\":\"BreadcrumbList\",\"@id\":\"https:\/\/elsalvadorllantas.com\/index.php\/producto\/toyo-245-75-r16-opmx-120p\/#breadcrumb\",\"itemListElement\":[{\"@type\":\"ListItem\",\"position\":1,\"name\":\"Inicio\",\"item\":\"https:\/\/elsalvadorllantas.com\/\"},{\"@type\":\"ListItem\",\"position\":2,\"name\":\"Tienda en linea\",\"item\":\"https:\/\/elsalvadorllantas.com\/index.php\/tienda-en-linea\/\"},{\"@type\":\"ListItem\",\"position\":3,\"name\":\"Toyo 245\/75 R16 OPMX 120P\"}]},{\"@type\":\"WebSite\",\"@id\":\"https:\/\/elsalvadorllantas.com\/#website\",\"url\":\"https:\/\/elsalvadorllantas.com\/\",\"name\":\"Centro de Servicio Do\u00f1o\",\"description\":\"Venta de Llantas Nuevas - \u00a1Cotiza Ya!\",\"publisher\":{\"@id\":\"https:\/\/elsalvadorllantas.com\/#organization\"},\"potentialAction\":[{\"@type\":\"SearchAction\",\"target\":{\"@type\":\"EntryPoint\",\"urlTemplate\":\"https:\/\/elsalvadorllantas.com\/?s={search_term_string}\"},\"query-input\":{\"@type\":\"PropertyValueSpecification\",\"valueRequired\":true,\"valueName\":\"search_term_string\"}}],\"inLanguage\":\"es\"},{\"@type\":\"Organization\",\"@id\":\"https:\/\/elsalvadorllantas.com\/#organization\",\"name\":\"Centro de Servicio Do\u00f1o\",\"url\":\"https:\/\/elsalvadorllantas.com\/\",\"logo\":{\"@type\":\"ImageObject\",\"inLanguage\":\"es\",\"@id\":\"https:\/\/elsalvadorllantas.com\/#\/schema\/logo\/image\/\",\"url\":\"https:\/\/elsalvadorllantas.com\/wp-content\/uploads\/2021\/12\/Logo_Don\u0303o_Editable-CMYK-2.png\",\"contentUrl\":\"https:\/\/elsalvadorllantas.com\/wp-content\/uploads\/2021\/12\/Logo_Don\u0303o_Editable-CMYK-2.png\",\"width\":2139,\"height\":779,\"caption\":\"Centro de Servicio Do\u00f1o\"},\"image\":{\"@id\":\"https:\/\/elsalvadorllantas.com\/#\/schema\/logo\/image\/\"}}]}<\/script>\r\n<!-- \/ Yoast SEO plugin. -->","yoast_head_json":{"title":"Toyo 245\/75 R16 OPMX 120P - Centro de Servicio Do\u00f1o","description":"La OPEN COUNTRY 245\/75 M\/T EX ha sido desarrollada para rellenar un espacio entre AT y MT en el segmento 4\u00d74.","robots":{"index":"index","follow":"follow","max-snippet":"max-snippet:-1","max-image-preview":"max-image-preview:large","max-video-preview":"max-video-preview:-1"},"canonical":"https:\/\/elsalvadorllantas.com\/index.php\/producto\/toyo-245-75-r16-opmx-120p\/","og_locale":"es_ES","og_type":"article","og_title":"Toyo 245\/75 R16 OPMX 120P - Centro de Servicio Do\u00f1o","og_description":"La OPEN COUNTRY 245\/75 M\/T EX ha sido desarrollada para rellenar un espacio entre AT y MT en el segmento 4\u00d74.","og_url":"https:\/\/elsalvadorllantas.com\/index.php\/producto\/toyo-245-75-r16-opmx-120p\/","og_site_name":"Centro de Servicio Do\u00f1o","article_modified_time":"2026-04-14T05:46:44+00:00","og_image":[{"width":1200,"height":1200,"url":"https:\/\/elsalvadorllantas.com\/wp-content\/uploads\/2023\/09\/TOYO-OPMX.jpg","type":"image\/jpeg"}],"twitter_card":"summary_large_image","twitter_misc":{"Tiempo de lectura":"1 minuto"},"schema":{"@context":"https:\/\/schema.org","@graph":[{"@type":"WebPage","@id":"https:\/\/elsalvadorllantas.com\/index.php\/producto\/toyo-245-75-r16-opmx-120p\/","url":"https:\/\/elsalvadorllantas.com\/index.php\/producto\/toyo-245-75-r16-opmx-120p\/","name":"Toyo 245\/75 R16 OPMX 120P - Centro de Servicio Do\u00f1o","isPartOf":{"@id":"https:\/\/elsalvadorllantas.com\/#website"},"primaryImageOfPage":{"@id":"https:\/\/elsalvadorllantas.com\/index.php\/producto\/toyo-245-75-r16-opmx-120p\/#primaryimage"},"image":{"@id":"https:\/\/elsalvadorllantas.com\/index.php\/producto\/toyo-245-75-r16-opmx-120p\/#primaryimage"},"thumbnailUrl":"https:\/\/elsalvadorllantas.com\/wp-content\/uploads\/2023\/09\/TOYO-OPMX.jpg","datePublished":"2021-10-08T17:01:09+00:00","dateModified":"2026-04-14T05:46:44+00:00","description":"La OPEN COUNTRY 245\/75 M\/T EX ha sido desarrollada para rellenar un espacio entre AT y MT en el segmento 4\u00d74.","breadcrumb":{"@id":"https:\/\/elsalvadorllantas.com\/index.php\/producto\/toyo-245-75-r16-opmx-120p\/#breadcrumb"},"inLanguage":"es","potentialAction":[{"@type":"ReadAction","target":["https:\/\/elsalvadorllantas.com\/index.php\/producto\/toyo-245-75-r16-opmx-120p\/"]}]},{"@type":"ImageObject","inLanguage":"es","@id":"https:\/\/elsalvadorllantas.com\/index.php\/producto\/toyo-245-75-r16-opmx-120p\/#primaryimage","url":"https:\/\/elsalvadorllantas.com\/wp-content\/uploads\/2023\/09\/TOYO-OPMX.jpg","contentUrl":"https:\/\/elsalvadorllantas.com\/wp-content\/uploads\/2023\/09\/TOYO-OPMX.jpg","width":1200,"height":1200},{"@type":"BreadcrumbList","@id":"https:\/\/elsalvadorllantas.com\/index.php\/producto\/toyo-245-75-r16-opmx-120p\/#breadcrumb","itemListElement":[{"@type":"ListItem","position":1,"name":"Inicio","item":"https:\/\/elsalvadorllantas.com\/"},{"@type":"ListItem","position":2,"name":"Tienda en linea","item":"https:\/\/elsalvadorllantas.com\/index.php\/tienda-en-linea\/"},{"@type":"ListItem","position":3,"name":"Toyo 245\/75 R16 OPMX 120P"}]},{"@type":"WebSite","@id":"https:\/\/elsalvadorllantas.com\/#website","url":"https:\/\/elsalvadorllantas.com\/","name":"Centro de Servicio Do\u00f1o","description":"Venta de Llantas Nuevas - \u00a1Cotiza Ya!","publisher":{"@id":"https:\/\/elsalvadorllantas.com\/#organization"},"potentialAction":[{"@type":"SearchAction","target":{"@type":"EntryPoint","urlTemplate":"https:\/\/elsalvadorllantas.com\/?s={search_term_string}"},"query-input":{"@type":"PropertyValueSpecification","valueRequired":true,"valueName":"search_term_string"}}],"inLanguage":"es"},{"@type":"Organization","@id":"https:\/\/elsalvadorllantas.com\/#organization","name":"Centro de Servicio Do\u00f1o","url":"https:\/\/elsalvadorllantas.com\/","logo":{"@type":"ImageObject","inLanguage":"es","@id":"https:\/\/elsalvadorllantas.com\/#\/schema\/logo\/image\/","url":"https:\/\/elsalvadorllantas.com\/wp-content\/uploads\/2021\/12\/Logo_Don\u0303o_Editable-CMYK-2.png","contentUrl":"https:\/\/elsalvadorllantas.com\/wp-content\/uploads\/2021\/12\/Logo_Don\u0303o_Editable-CMYK-2.png","width":2139,"height":779,"caption":"Centro de Servicio Do\u00f1o"},"image":{"@id":"https:\/\/elsalvadorllantas.com\/#\/schema\/logo\/image\/"}}]}},"_links":{"self":[{"href":"https:\/\/elsalvadorllantas.com\/index.php\/wp-json\/wp\/v2\/product\/9964","targetHints":{"allow":["GET"]}}],"collection":[{"href":"https:\/\/elsalvadorllantas.com\/index.php\/wp-json\/wp\/v2\/product"}],"about":[{"href":"https:\/\/elsalvadorllantas.com\/index.php\/wp-json\/wp\/v2\/types\/product"}],"version-history":[{"count":1,"href":"https:\/\/elsalvadorllantas.com\/index.php\/wp-json\/wp\/v2\/product\/9964\/revisions"}],"predecessor-version":[{"id":20503,"href":"https:\/\/elsalvadorllantas.com\/index.php\/wp-json\/wp\/v2\/product\/9964\/revisions\/20503"}],"wp:featuredmedia":[{"embeddable":true,"href":"https:\/\/elsalvadorllantas.com\/index.php\/wp-json\/wp\/v2\/media\/17972"}],"wp:attachment":[{"href":"https:\/\/elsalvadorllantas.com\/index.php\/wp-json\/wp\/v2\/media?parent=9964"}],"wp:term":[{"taxonomy":"product_brand","embeddable":true,"href":"https:\/\/elsalvadorllantas.com\/index.php\/wp-json\/wp\/v2\/product_brand?post=9964"},{"taxonomy":"product_cat","embeddable":true,"href":"https:\/\/elsalvadorllantas.com\/index.php\/wp-json\/wp\/v2\/product_cat?post=9964"},{"taxonomy":"product_tag","embeddable":true,"href":"https:\/\/elsalvadorllantas.com\/index.php\/wp-json\/wp\/v2\/product_tag?post=9964"}],"curies":[{"name":"wp","href":"https:\/\/api.w.org\/{rel}","templated":true}]}}