{"id":9976,"date":"2021-10-08T11:34:29","date_gmt":"2021-10-08T17:34:29","guid":{"rendered":"https:\/\/elsalvadorllantas.com\/?post_type=product&#038;p=9976"},"modified":"2026-04-13T23:34:36","modified_gmt":"2026-04-14T05:34:36","slug":"luxxan-165-65-r14-inspirer-e2","status":"publish","type":"product","link":"https:\/\/elsalvadorllantas.com\/index.php\/producto\/luxxan-165-65-r14-inspirer-e2\/","title":{"rendered":"Luxxan 165\/65 R14 INSPIRER E2"},"content":{"rendered":"<h1><img decoding=\"async\" class=\"alignnone size-medium wp-image-9838\" src=\"https:\/\/elsalvadorllantas.com\/wp-content\/uploads\/2021\/10\/INSPIRER-E2-300x41.jpg\" alt=\"\" width=\"300\" height=\"41\" srcset=\"https:\/\/elsalvadorllantas.com\/wp-content\/uploads\/2021\/10\/INSPIRER-E2-300x41.jpg 300w, https:\/\/elsalvadorllantas.com\/wp-content\/uploads\/2021\/10\/INSPIRER-E2-1024x139.jpg 1024w, https:\/\/elsalvadorllantas.com\/wp-content\/uploads\/2021\/10\/INSPIRER-E2-768x105.jpg 768w, https:\/\/elsalvadorllantas.com\/wp-content\/uploads\/2021\/10\/INSPIRER-E2-1536x209.jpg 1536w, https:\/\/elsalvadorllantas.com\/wp-content\/uploads\/2021\/10\/INSPIRER-E2-2048x279.jpg 2048w, https:\/\/elsalvadorllantas.com\/wp-content\/uploads\/2021\/10\/INSPIRER-E2-600x82.jpg 600w, https:\/\/elsalvadorllantas.com\/wp-content\/uploads\/2021\/10\/INSPIRER-E2-64x9.jpg 64w\" sizes=\"(max-width: 300px) 100vw, 300px\" loading=\"lazy\" \/><\/h1>\n<h1>Modelo INSPIRER E2<\/h1>\n<p>Un dise\u00f1o de aleta de tiburon distingue a este nuevo neumatico y le permite mejorar el drenaje de agua sobre la banda de rodadura. al mismo tiempo reduce el ruido sobre carretera gracias a su banda de rodadura mejorada.<\/p>\n<h1>Generalidades<\/h1>\n<p>Beneficios de un <span class=\"misspelling correction\" title=\"Se ha encontrado un posible error ortogr\u00e1fico.\" data-type=\"misspelling\" data-suggestions=\"[{&quot;value&quot;:&quot;neum\u00e1tico&quot;},{&quot;value&quot;:&quot;neum\u00e1ticos&quot;},{&quot;value&quot;:&quot;neum\u00e1tica&quot;},{&quot;value&quot;:&quot;reum\u00e1tico&quot;},{&quot;value&quot;:&quot;neuma tico&quot;}]\" data-rule=\"MORFOLOGIK_RULE_ES\" data-word=\"neumatico\">neum\u00e1tico<\/span> con un gran agarre y capacidad antideslizante que le permite un mejor manejo un dise\u00f1o atractivo a la vista con una gran fiabilidad y calidad.<\/p>\n<h1>Beneficios<\/h1>\n<ul>\n<li>Posee cuatro ranuras para ayudar a evacuar de manera eficiente el agua<\/li>\n<li>Gran manejo y seguridad sobre mojado<\/li>\n<li>Confort y suavidad de manejo<\/li>\n<\/ul>\n<p><img fetchpriority=\"high\" decoding=\"async\" class=\"alignnone size-medium wp-image-9824\" src=\"https:\/\/elsalvadorllantas.com\/wp-content\/uploads\/2021\/10\/Inspirer-C2-1-217x300.jpg\" alt=\"\" width=\"217\" height=\"300\" srcset=\"https:\/\/elsalvadorllantas.com\/wp-content\/uploads\/2021\/10\/Inspirer-C2-1-217x300.jpg 217w, https:\/\/elsalvadorllantas.com\/wp-content\/uploads\/2021\/10\/Inspirer-C2-1-600x828.jpg 600w, https:\/\/elsalvadorllantas.com\/wp-content\/uploads\/2021\/10\/Inspirer-C2-1-64x88.jpg 64w, https:\/\/elsalvadorllantas.com\/wp-content\/uploads\/2021\/10\/Inspirer-C2-1.jpg 679w\" sizes=\"(max-width: 217px) 100vw, 217px\" \/><\/p>\n<h2>Caracter\u00edsticas de desempe\u00f1o<\/h2>\n<ul>\n<li>Confort en la conducci\u00f3n<\/li>\n<li>Seguridad y fiabilidad<\/li>\n<li>Neum\u00e1tico silencioso<\/li>\n<\/ul>\n","protected":false},"excerpt":{"rendered":"<p>Modelo INSPIRER E2 Un dise\u00f1o de aleta de tiburon distingue a este nuevo neumatico y le permite mejorar el drenaje de agua sobre la banda de rodadura. al mismo tiempo reduce el ruido sobre carretera gracias a su banda de rodadura mejorada. Generalidades Beneficios de un neum\u00e1tico con un gran agarre y capacidad antideslizante que<br \/><a class=\"more-link\" href=\"https:\/\/elsalvadorllantas.com\/index.php\/producto\/luxxan-165-65-r14-inspirer-e2\/\"><br \/>\n        Ver m\u00e1s<span class=\"screen-reader-text\"> \u00abLuxxan 165\/65 R14 INSPIRER E2\u00bb<\/span><\/a><\/p>\n","protected":false},"featured_media":12428,"template":"","meta":{"_acf_changed":false},"product_brand":[],"product_cat":[2210,1917,1882,2408,1997,2407],"product_tag":[],"class_list":{"0":"post-9976","1":"product","2":"type-product","3":"status-publish","4":"has-post-thumbnail","6":"product_cat-165-65r14","7":"product_cat-inspirer-e2","8":"product_cat-luxxan","9":"product_cat-sedan","10":"product_cat-medida","11":"product_cat-tipo-vehiculo","13":"first","14":"outofstock","15":"sale","16":"shipping-taxable","17":"purchasable","18":"product-type-simple"},"acf":[],"yoast_head":"<!-- This site is optimized with the Yoast SEO plugin v26.8 - https:\/\/yoast.com\/product\/yoast-seo-wordpress\/ -->\r\n<title>Luxxan 165\/65 R14 INSPIRER E2 - Centro de Servicio Do\u00f1o<\/title>\r\n<meta name=\"description\" content=\"Un dise\u00f1o de aleta de tiburon distingue a este nuevo neumatico y le permite mejorar el drenaje de agua sobre la banda de rodadura.\" \/>\r\n<meta name=\"robots\" content=\"index, follow, max-snippet:-1, max-image-preview:large, max-video-preview:-1\" \/>\r\n<link rel=\"canonical\" href=\"https:\/\/elsalvadorllantas.com\/index.php\/producto\/luxxan-165-65-r14-inspirer-e2\/\" \/>\r\n<meta property=\"og:locale\" content=\"es_ES\" \/>\r\n<meta property=\"og:type\" content=\"article\" \/>\r\n<meta property=\"og:title\" content=\"Luxxan 165\/65 R14 INSPIRER E2 - Centro de Servicio Do\u00f1o\" \/>\r\n<meta property=\"og:description\" content=\"Un dise\u00f1o de aleta de tiburon distingue a este nuevo neumatico y le permite mejorar el drenaje de agua sobre la banda de rodadura.\" \/>\r\n<meta property=\"og:url\" content=\"https:\/\/elsalvadorllantas.com\/index.php\/producto\/luxxan-165-65-r14-inspirer-e2\/\" \/>\r\n<meta property=\"og:site_name\" content=\"Centro de Servicio Do\u00f1o\" \/>\r\n<meta property=\"article:modified_time\" content=\"2026-04-14T05:34:36+00:00\" \/>\r\n<meta property=\"og:image\" content=\"https:\/\/elsalvadorllantas.com\/wp-content\/uploads\/2021\/10\/LUXXAN-INSPIRER-C2.jpg\" \/>\r\n\t<meta property=\"og:image:width\" content=\"1200\" \/>\r\n\t<meta property=\"og:image:height\" content=\"1200\" \/>\r\n\t<meta property=\"og:image:type\" content=\"image\/jpeg\" \/>\r\n<meta name=\"twitter:card\" content=\"summary_large_image\" \/>\r\n<meta name=\"twitter:label1\" content=\"Tiempo de lectura\" \/>\n\t<meta name=\"twitter:data1\" content=\"1 minuto\" \/>\r\n<script type=\"application\/ld+json\" class=\"yoast-schema-graph\">{\"@context\":\"https:\/\/schema.org\",\"@graph\":[{\"@type\":\"WebPage\",\"@id\":\"https:\/\/elsalvadorllantas.com\/index.php\/producto\/luxxan-165-65-r14-inspirer-e2\/\",\"url\":\"https:\/\/elsalvadorllantas.com\/index.php\/producto\/luxxan-165-65-r14-inspirer-e2\/\",\"name\":\"Luxxan 165\/65 R14 INSPIRER E2 - Centro de Servicio Do\u00f1o\",\"isPartOf\":{\"@id\":\"https:\/\/elsalvadorllantas.com\/#website\"},\"primaryImageOfPage\":{\"@id\":\"https:\/\/elsalvadorllantas.com\/index.php\/producto\/luxxan-165-65-r14-inspirer-e2\/#primaryimage\"},\"image\":{\"@id\":\"https:\/\/elsalvadorllantas.com\/index.php\/producto\/luxxan-165-65-r14-inspirer-e2\/#primaryimage\"},\"thumbnailUrl\":\"https:\/\/elsalvadorllantas.com\/wp-content\/uploads\/2022\/03\/E2-LUXXAN.jpg\",\"datePublished\":\"2021-10-08T17:34:29+00:00\",\"dateModified\":\"2026-04-14T05:34:36+00:00\",\"description\":\"Un dise\u00f1o de aleta de tiburon distingue a este nuevo neumatico y le permite mejorar el drenaje de agua sobre la banda de rodadura.\",\"breadcrumb\":{\"@id\":\"https:\/\/elsalvadorllantas.com\/index.php\/producto\/luxxan-165-65-r14-inspirer-e2\/#breadcrumb\"},\"inLanguage\":\"es\",\"potentialAction\":[{\"@type\":\"ReadAction\",\"target\":[\"https:\/\/elsalvadorllantas.com\/index.php\/producto\/luxxan-165-65-r14-inspirer-e2\/\"]}]},{\"@type\":\"ImageObject\",\"inLanguage\":\"es\",\"@id\":\"https:\/\/elsalvadorllantas.com\/index.php\/producto\/luxxan-165-65-r14-inspirer-e2\/#primaryimage\",\"url\":\"https:\/\/elsalvadorllantas.com\/wp-content\/uploads\/2022\/03\/E2-LUXXAN.jpg\",\"contentUrl\":\"https:\/\/elsalvadorllantas.com\/wp-content\/uploads\/2022\/03\/E2-LUXXAN.jpg\",\"width\":1200,\"height\":1200},{\"@type\":\"BreadcrumbList\",\"@id\":\"https:\/\/elsalvadorllantas.com\/index.php\/producto\/luxxan-165-65-r14-inspirer-e2\/#breadcrumb\",\"itemListElement\":[{\"@type\":\"ListItem\",\"position\":1,\"name\":\"Inicio\",\"item\":\"https:\/\/elsalvadorllantas.com\/\"},{\"@type\":\"ListItem\",\"position\":2,\"name\":\"Tienda en linea\",\"item\":\"https:\/\/elsalvadorllantas.com\/index.php\/tienda-en-linea\/\"},{\"@type\":\"ListItem\",\"position\":3,\"name\":\"Luxxan 165\/65 R14 INSPIRER E2\"}]},{\"@type\":\"WebSite\",\"@id\":\"https:\/\/elsalvadorllantas.com\/#website\",\"url\":\"https:\/\/elsalvadorllantas.com\/\",\"name\":\"Centro de Servicio Do\u00f1o\",\"description\":\"Venta de Llantas Nuevas - \u00a1Cotiza Ya!\",\"publisher\":{\"@id\":\"https:\/\/elsalvadorllantas.com\/#organization\"},\"potentialAction\":[{\"@type\":\"SearchAction\",\"target\":{\"@type\":\"EntryPoint\",\"urlTemplate\":\"https:\/\/elsalvadorllantas.com\/?s={search_term_string}\"},\"query-input\":{\"@type\":\"PropertyValueSpecification\",\"valueRequired\":true,\"valueName\":\"search_term_string\"}}],\"inLanguage\":\"es\"},{\"@type\":\"Organization\",\"@id\":\"https:\/\/elsalvadorllantas.com\/#organization\",\"name\":\"Centro de Servicio Do\u00f1o\",\"url\":\"https:\/\/elsalvadorllantas.com\/\",\"logo\":{\"@type\":\"ImageObject\",\"inLanguage\":\"es\",\"@id\":\"https:\/\/elsalvadorllantas.com\/#\/schema\/logo\/image\/\",\"url\":\"https:\/\/elsalvadorllantas.com\/wp-content\/uploads\/2021\/12\/Logo_Don\u0303o_Editable-CMYK-2.png\",\"contentUrl\":\"https:\/\/elsalvadorllantas.com\/wp-content\/uploads\/2021\/12\/Logo_Don\u0303o_Editable-CMYK-2.png\",\"width\":2139,\"height\":779,\"caption\":\"Centro de Servicio Do\u00f1o\"},\"image\":{\"@id\":\"https:\/\/elsalvadorllantas.com\/#\/schema\/logo\/image\/\"}}]}<\/script>\r\n<!-- \/ Yoast SEO plugin. -->","yoast_head_json":{"title":"Luxxan 165\/65 R14 INSPIRER E2 - Centro de Servicio Do\u00f1o","description":"Un dise\u00f1o de aleta de tiburon distingue a este nuevo neumatico y le permite mejorar el drenaje de agua sobre la banda de rodadura.","robots":{"index":"index","follow":"follow","max-snippet":"max-snippet:-1","max-image-preview":"max-image-preview:large","max-video-preview":"max-video-preview:-1"},"canonical":"https:\/\/elsalvadorllantas.com\/index.php\/producto\/luxxan-165-65-r14-inspirer-e2\/","og_locale":"es_ES","og_type":"article","og_title":"Luxxan 165\/65 R14 INSPIRER E2 - Centro de Servicio Do\u00f1o","og_description":"Un dise\u00f1o de aleta de tiburon distingue a este nuevo neumatico y le permite mejorar el drenaje de agua sobre la banda de rodadura.","og_url":"https:\/\/elsalvadorllantas.com\/index.php\/producto\/luxxan-165-65-r14-inspirer-e2\/","og_site_name":"Centro de Servicio Do\u00f1o","article_modified_time":"2026-04-14T05:34:36+00:00","og_image":[{"width":1200,"height":1200,"url":"https:\/\/elsalvadorllantas.com\/wp-content\/uploads\/2021\/10\/LUXXAN-INSPIRER-C2.jpg","type":"image\/jpeg"}],"twitter_card":"summary_large_image","twitter_misc":{"Tiempo de lectura":"1 minuto"},"schema":{"@context":"https:\/\/schema.org","@graph":[{"@type":"WebPage","@id":"https:\/\/elsalvadorllantas.com\/index.php\/producto\/luxxan-165-65-r14-inspirer-e2\/","url":"https:\/\/elsalvadorllantas.com\/index.php\/producto\/luxxan-165-65-r14-inspirer-e2\/","name":"Luxxan 165\/65 R14 INSPIRER E2 - Centro de Servicio Do\u00f1o","isPartOf":{"@id":"https:\/\/elsalvadorllantas.com\/#website"},"primaryImageOfPage":{"@id":"https:\/\/elsalvadorllantas.com\/index.php\/producto\/luxxan-165-65-r14-inspirer-e2\/#primaryimage"},"image":{"@id":"https:\/\/elsalvadorllantas.com\/index.php\/producto\/luxxan-165-65-r14-inspirer-e2\/#primaryimage"},"thumbnailUrl":"https:\/\/elsalvadorllantas.com\/wp-content\/uploads\/2022\/03\/E2-LUXXAN.jpg","datePublished":"2021-10-08T17:34:29+00:00","dateModified":"2026-04-14T05:34:36+00:00","description":"Un dise\u00f1o de aleta de tiburon distingue a este nuevo neumatico y le permite mejorar el drenaje de agua sobre la banda de rodadura.","breadcrumb":{"@id":"https:\/\/elsalvadorllantas.com\/index.php\/producto\/luxxan-165-65-r14-inspirer-e2\/#breadcrumb"},"inLanguage":"es","potentialAction":[{"@type":"ReadAction","target":["https:\/\/elsalvadorllantas.com\/index.php\/producto\/luxxan-165-65-r14-inspirer-e2\/"]}]},{"@type":"ImageObject","inLanguage":"es","@id":"https:\/\/elsalvadorllantas.com\/index.php\/producto\/luxxan-165-65-r14-inspirer-e2\/#primaryimage","url":"https:\/\/elsalvadorllantas.com\/wp-content\/uploads\/2022\/03\/E2-LUXXAN.jpg","contentUrl":"https:\/\/elsalvadorllantas.com\/wp-content\/uploads\/2022\/03\/E2-LUXXAN.jpg","width":1200,"height":1200},{"@type":"BreadcrumbList","@id":"https:\/\/elsalvadorllantas.com\/index.php\/producto\/luxxan-165-65-r14-inspirer-e2\/#breadcrumb","itemListElement":[{"@type":"ListItem","position":1,"name":"Inicio","item":"https:\/\/elsalvadorllantas.com\/"},{"@type":"ListItem","position":2,"name":"Tienda en linea","item":"https:\/\/elsalvadorllantas.com\/index.php\/tienda-en-linea\/"},{"@type":"ListItem","position":3,"name":"Luxxan 165\/65 R14 INSPIRER E2"}]},{"@type":"WebSite","@id":"https:\/\/elsalvadorllantas.com\/#website","url":"https:\/\/elsalvadorllantas.com\/","name":"Centro de Servicio Do\u00f1o","description":"Venta de Llantas Nuevas - \u00a1Cotiza Ya!","publisher":{"@id":"https:\/\/elsalvadorllantas.com\/#organization"},"potentialAction":[{"@type":"SearchAction","target":{"@type":"EntryPoint","urlTemplate":"https:\/\/elsalvadorllantas.com\/?s={search_term_string}"},"query-input":{"@type":"PropertyValueSpecification","valueRequired":true,"valueName":"search_term_string"}}],"inLanguage":"es"},{"@type":"Organization","@id":"https:\/\/elsalvadorllantas.com\/#organization","name":"Centro de Servicio Do\u00f1o","url":"https:\/\/elsalvadorllantas.com\/","logo":{"@type":"ImageObject","inLanguage":"es","@id":"https:\/\/elsalvadorllantas.com\/#\/schema\/logo\/image\/","url":"https:\/\/elsalvadorllantas.com\/wp-content\/uploads\/2021\/12\/Logo_Don\u0303o_Editable-CMYK-2.png","contentUrl":"https:\/\/elsalvadorllantas.com\/wp-content\/uploads\/2021\/12\/Logo_Don\u0303o_Editable-CMYK-2.png","width":2139,"height":779,"caption":"Centro de Servicio Do\u00f1o"},"image":{"@id":"https:\/\/elsalvadorllantas.com\/#\/schema\/logo\/image\/"}}]}},"_links":{"self":[{"href":"https:\/\/elsalvadorllantas.com\/index.php\/wp-json\/wp\/v2\/product\/9976","targetHints":{"allow":["GET"]}}],"collection":[{"href":"https:\/\/elsalvadorllantas.com\/index.php\/wp-json\/wp\/v2\/product"}],"about":[{"href":"https:\/\/elsalvadorllantas.com\/index.php\/wp-json\/wp\/v2\/types\/product"}],"version-history":[{"count":0,"href":"https:\/\/elsalvadorllantas.com\/index.php\/wp-json\/wp\/v2\/product\/9976\/revisions"}],"wp:featuredmedia":[{"embeddable":true,"href":"https:\/\/elsalvadorllantas.com\/index.php\/wp-json\/wp\/v2\/media\/12428"}],"wp:attachment":[{"href":"https:\/\/elsalvadorllantas.com\/index.php\/wp-json\/wp\/v2\/media?parent=9976"}],"wp:term":[{"taxonomy":"product_brand","embeddable":true,"href":"https:\/\/elsalvadorllantas.com\/index.php\/wp-json\/wp\/v2\/product_brand?post=9976"},{"taxonomy":"product_cat","embeddable":true,"href":"https:\/\/elsalvadorllantas.com\/index.php\/wp-json\/wp\/v2\/product_cat?post=9976"},{"taxonomy":"product_tag","embeddable":true,"href":"https:\/\/elsalvadorllantas.com\/index.php\/wp-json\/wp\/v2\/product_tag?post=9976"}],"curies":[{"name":"wp","href":"https:\/\/api.w.org\/{rel}","templated":true}]}}