{"id":9983,"date":"2021-10-08T12:09:01","date_gmt":"2021-10-08T18:09:01","guid":{"rendered":"https:\/\/elsalvadorllantas.com\/?post_type=product&#038;p=9983"},"modified":"2026-04-13T23:47:24","modified_gmt":"2026-04-14T05:47:24","slug":"luxxan-185-r14c-inspirer-l4-8pr-luxxan","status":"publish","type":"product","link":"https:\/\/elsalvadorllantas.com\/index.php\/producto\/luxxan-185-r14c-inspirer-l4-8pr-luxxan\/","title":{"rendered":"Luxxan 205 R14C INSPIRER L4 8PR LUXXAN"},"content":{"rendered":"<h1><img decoding=\"async\" class=\"alignnone size-medium wp-image-9795\" src=\"https:\/\/elsalvadorllantas.com\/wp-content\/uploads\/2021\/10\/Inspirer-L4-1-300x48.jpg\" alt=\"\" width=\"300\" height=\"48\" srcset=\"https:\/\/elsalvadorllantas.com\/wp-content\/uploads\/2021\/10\/Inspirer-L4-1-300x48.jpg 300w, https:\/\/elsalvadorllantas.com\/wp-content\/uploads\/2021\/10\/Inspirer-L4-1-768x124.jpg 768w, https:\/\/elsalvadorllantas.com\/wp-content\/uploads\/2021\/10\/Inspirer-L4-1-600x97.jpg 600w, https:\/\/elsalvadorllantas.com\/wp-content\/uploads\/2021\/10\/Inspirer-L4-1-64x10.jpg 64w, https:\/\/elsalvadorllantas.com\/wp-content\/uploads\/2021\/10\/Inspirer-L4-1.jpg 800w\" sizes=\"(max-width: 300px) 100vw, 300px\" loading=\"lazy\" \/><\/h1>\n<h1>Modelo INSPIRER L4<\/h1>\n<p>Dise\u00f1o que proporciona silencio utilizando 700 piezas que convierten los bloques de banda de rodadura tipo Z en piezas peque\u00f1as, reduciendo en gran medida el ruido de los neum\u00e1ticos y mejorando la comodidad de conducci\u00f3n.<\/p>\n<h2>Generalidades<\/h2>\n<p>El dise\u00f1o de la banda de rodadura doble en Y mejora el rendimiento de la adherencia sin reducir la rigidez de los bloques de rodadura, acortar la distancia de frenado y mejorar la seguridad de conducci\u00f3n.<\/p>\n<h2>Beneficios<\/h2>\n<ul>\n<li>Seguridad de conducci\u00f3n<\/li>\n<li>Mejor reacci\u00f3n de frenado<\/li>\n<li>Adherencia con rigidez<\/li>\n<li>Silencio y comodidad de conducci\u00f3n<\/li>\n<\/ul>\n<p><img fetchpriority=\"high\" decoding=\"async\" class=\"alignnone wp-image-9801\" src=\"https:\/\/elsalvadorllantas.com\/wp-content\/uploads\/2021\/10\/Inspirer-L4-2-1-300x186.jpg\" alt=\"\" width=\"389\" height=\"241\" srcset=\"https:\/\/elsalvadorllantas.com\/wp-content\/uploads\/2021\/10\/Inspirer-L4-2-1-300x186.jpg 300w, https:\/\/elsalvadorllantas.com\/wp-content\/uploads\/2021\/10\/Inspirer-L4-2-1-64x40.jpg 64w, https:\/\/elsalvadorllantas.com\/wp-content\/uploads\/2021\/10\/Inspirer-L4-2-1.jpg 580w\" sizes=\"(max-width: 389px) 100vw, 389px\" \/><\/p>\n<h2>Caracter\u00edsticas de desempe\u00f1o<\/h2>\n<ul>\n<li>Dise\u00f1o de zigzag provee un excelente estabilidad de manejo<\/li>\n<li>Viaje suave y c\u00f3modo<\/li>\n<li>L\u00ednea por fuera blanca provee de elegancia<\/li>\n<\/ul>\n","protected":false},"excerpt":{"rendered":"<p>Modelo INSPIRER L4 Dise\u00f1o que proporciona silencio utilizando 700 piezas que convierten los bloques de banda de rodadura tipo Z en piezas peque\u00f1as, reduciendo en gran medida el ruido de los neum\u00e1ticos y mejorando la comodidad de conducci\u00f3n. Generalidades El dise\u00f1o de la banda de rodadura doble en Y mejora el rendimiento de la adherencia<br \/><a class=\"more-link\" href=\"https:\/\/elsalvadorllantas.com\/index.php\/producto\/luxxan-185-r14c-inspirer-l4-8pr-luxxan\/\"><br \/>\n        Ver m\u00e1s<span class=\"screen-reader-text\"> \u00abLuxxan 205 R14C INSPIRER L4 8PR LUXXAN\u00bb<\/span><\/a><\/p>\n","protected":false},"featured_media":12430,"template":"","meta":{"_acf_changed":false},"product_brand":[],"product_cat":[2337,1882,2415,2435,1997,2407],"product_tag":[],"class_list":{"0":"post-9983","1":"product","2":"type-product","3":"status-publish","4":"has-post-thumbnail","6":"product_cat-205r14c","7":"product_cat-luxxan","8":"product_cat-pick-up","9":"product_cat-inspirer-a-t-2","10":"product_cat-medida","11":"product_cat-tipo-vehiculo","13":"first","14":"outofstock","15":"sale","16":"shipping-taxable","17":"purchasable","18":"product-type-simple"},"acf":[],"yoast_head":"<!-- This site is optimized with the Yoast SEO plugin v26.8 - https:\/\/yoast.com\/product\/yoast-seo-wordpress\/ -->\r\n<title>Luxxan 205 R14C INSPIRER L4 8PR LUXXAN - Centro de Servicio Do\u00f1o<\/title>\r\n<meta name=\"description\" content=\"Dise\u00f1o todo terreno, es un neum\u00e1tico con dise\u00f1o de banda de rodadura mas resistente para cuatro temporadas.\" \/>\r\n<meta name=\"robots\" content=\"index, follow, max-snippet:-1, max-image-preview:large, max-video-preview:-1\" \/>\r\n<link rel=\"canonical\" href=\"https:\/\/elsalvadorllantas.com\/index.php\/producto\/luxxan-185-r14c-inspirer-l4-8pr-luxxan\/\" \/>\r\n<meta property=\"og:locale\" content=\"es_ES\" \/>\r\n<meta property=\"og:type\" content=\"article\" \/>\r\n<meta property=\"og:title\" content=\"Luxxan 205 R14C INSPIRER L4 8PR LUXXAN - Centro de Servicio Do\u00f1o\" \/>\r\n<meta property=\"og:description\" content=\"Dise\u00f1o todo terreno, es un neum\u00e1tico con dise\u00f1o de banda de rodadura mas resistente para cuatro temporadas.\" \/>\r\n<meta property=\"og:url\" content=\"https:\/\/elsalvadorllantas.com\/index.php\/producto\/luxxan-185-r14c-inspirer-l4-8pr-luxxan\/\" \/>\r\n<meta property=\"og:site_name\" content=\"Centro de Servicio Do\u00f1o\" \/>\r\n<meta property=\"article:modified_time\" content=\"2026-04-14T05:47:24+00:00\" \/>\r\n<meta property=\"og:image\" content=\"https:\/\/elsalvadorllantas.com\/wp-content\/uploads\/2021\/08\/LUXXAN-INSPIRER-L4.jpg\" \/>\r\n\t<meta property=\"og:image:width\" content=\"1200\" \/>\r\n\t<meta property=\"og:image:height\" content=\"1200\" \/>\r\n\t<meta property=\"og:image:type\" content=\"image\/jpeg\" \/>\r\n<meta name=\"twitter:card\" content=\"summary_large_image\" \/>\r\n<meta name=\"twitter:label1\" content=\"Tiempo de lectura\" \/>\n\t<meta name=\"twitter:data1\" content=\"1 minuto\" \/>\r\n<script type=\"application\/ld+json\" class=\"yoast-schema-graph\">{\"@context\":\"https:\/\/schema.org\",\"@graph\":[{\"@type\":\"WebPage\",\"@id\":\"https:\/\/elsalvadorllantas.com\/index.php\/producto\/luxxan-185-r14c-inspirer-l4-8pr-luxxan\/\",\"url\":\"https:\/\/elsalvadorllantas.com\/index.php\/producto\/luxxan-185-r14c-inspirer-l4-8pr-luxxan\/\",\"name\":\"Luxxan 205 R14C INSPIRER L4 8PR LUXXAN - Centro de Servicio Do\u00f1o\",\"isPartOf\":{\"@id\":\"https:\/\/elsalvadorllantas.com\/#website\"},\"primaryImageOfPage\":{\"@id\":\"https:\/\/elsalvadorllantas.com\/index.php\/producto\/luxxan-185-r14c-inspirer-l4-8pr-luxxan\/#primaryimage\"},\"image\":{\"@id\":\"https:\/\/elsalvadorllantas.com\/index.php\/producto\/luxxan-185-r14c-inspirer-l4-8pr-luxxan\/#primaryimage\"},\"thumbnailUrl\":\"https:\/\/elsalvadorllantas.com\/wp-content\/uploads\/2022\/03\/L4-LUXXAN.jpg\",\"datePublished\":\"2021-10-08T18:09:01+00:00\",\"dateModified\":\"2026-04-14T05:47:24+00:00\",\"description\":\"Dise\u00f1o todo terreno, es un neum\u00e1tico con dise\u00f1o de banda de rodadura mas resistente para cuatro temporadas.\",\"breadcrumb\":{\"@id\":\"https:\/\/elsalvadorllantas.com\/index.php\/producto\/luxxan-185-r14c-inspirer-l4-8pr-luxxan\/#breadcrumb\"},\"inLanguage\":\"es\",\"potentialAction\":[{\"@type\":\"ReadAction\",\"target\":[\"https:\/\/elsalvadorllantas.com\/index.php\/producto\/luxxan-185-r14c-inspirer-l4-8pr-luxxan\/\"]}]},{\"@type\":\"ImageObject\",\"inLanguage\":\"es\",\"@id\":\"https:\/\/elsalvadorllantas.com\/index.php\/producto\/luxxan-185-r14c-inspirer-l4-8pr-luxxan\/#primaryimage\",\"url\":\"https:\/\/elsalvadorllantas.com\/wp-content\/uploads\/2022\/03\/L4-LUXXAN.jpg\",\"contentUrl\":\"https:\/\/elsalvadorllantas.com\/wp-content\/uploads\/2022\/03\/L4-LUXXAN.jpg\",\"width\":1200,\"height\":1200},{\"@type\":\"BreadcrumbList\",\"@id\":\"https:\/\/elsalvadorllantas.com\/index.php\/producto\/luxxan-185-r14c-inspirer-l4-8pr-luxxan\/#breadcrumb\",\"itemListElement\":[{\"@type\":\"ListItem\",\"position\":1,\"name\":\"Inicio\",\"item\":\"https:\/\/elsalvadorllantas.com\/\"},{\"@type\":\"ListItem\",\"position\":2,\"name\":\"Tienda en linea\",\"item\":\"https:\/\/elsalvadorllantas.com\/index.php\/tienda-en-linea\/\"},{\"@type\":\"ListItem\",\"position\":3,\"name\":\"Luxxan 205 R14C INSPIRER L4 8PR LUXXAN\"}]},{\"@type\":\"WebSite\",\"@id\":\"https:\/\/elsalvadorllantas.com\/#website\",\"url\":\"https:\/\/elsalvadorllantas.com\/\",\"name\":\"Centro de Servicio Do\u00f1o\",\"description\":\"Venta de Llantas Nuevas - \u00a1Cotiza Ya!\",\"publisher\":{\"@id\":\"https:\/\/elsalvadorllantas.com\/#organization\"},\"potentialAction\":[{\"@type\":\"SearchAction\",\"target\":{\"@type\":\"EntryPoint\",\"urlTemplate\":\"https:\/\/elsalvadorllantas.com\/?s={search_term_string}\"},\"query-input\":{\"@type\":\"PropertyValueSpecification\",\"valueRequired\":true,\"valueName\":\"search_term_string\"}}],\"inLanguage\":\"es\"},{\"@type\":\"Organization\",\"@id\":\"https:\/\/elsalvadorllantas.com\/#organization\",\"name\":\"Centro de Servicio Do\u00f1o\",\"url\":\"https:\/\/elsalvadorllantas.com\/\",\"logo\":{\"@type\":\"ImageObject\",\"inLanguage\":\"es\",\"@id\":\"https:\/\/elsalvadorllantas.com\/#\/schema\/logo\/image\/\",\"url\":\"https:\/\/elsalvadorllantas.com\/wp-content\/uploads\/2021\/12\/Logo_Don\u0303o_Editable-CMYK-2.png\",\"contentUrl\":\"https:\/\/elsalvadorllantas.com\/wp-content\/uploads\/2021\/12\/Logo_Don\u0303o_Editable-CMYK-2.png\",\"width\":2139,\"height\":779,\"caption\":\"Centro de Servicio Do\u00f1o\"},\"image\":{\"@id\":\"https:\/\/elsalvadorllantas.com\/#\/schema\/logo\/image\/\"}}]}<\/script>\r\n<!-- \/ Yoast SEO plugin. -->","yoast_head_json":{"title":"Luxxan 205 R14C INSPIRER L4 8PR LUXXAN - Centro de Servicio Do\u00f1o","description":"Dise\u00f1o todo terreno, es un neum\u00e1tico con dise\u00f1o de banda de rodadura mas resistente para cuatro temporadas.","robots":{"index":"index","follow":"follow","max-snippet":"max-snippet:-1","max-image-preview":"max-image-preview:large","max-video-preview":"max-video-preview:-1"},"canonical":"https:\/\/elsalvadorllantas.com\/index.php\/producto\/luxxan-185-r14c-inspirer-l4-8pr-luxxan\/","og_locale":"es_ES","og_type":"article","og_title":"Luxxan 205 R14C INSPIRER L4 8PR LUXXAN - Centro de Servicio Do\u00f1o","og_description":"Dise\u00f1o todo terreno, es un neum\u00e1tico con dise\u00f1o de banda de rodadura mas resistente para cuatro temporadas.","og_url":"https:\/\/elsalvadorllantas.com\/index.php\/producto\/luxxan-185-r14c-inspirer-l4-8pr-luxxan\/","og_site_name":"Centro de Servicio Do\u00f1o","article_modified_time":"2026-04-14T05:47:24+00:00","og_image":[{"width":1200,"height":1200,"url":"https:\/\/elsalvadorllantas.com\/wp-content\/uploads\/2021\/08\/LUXXAN-INSPIRER-L4.jpg","type":"image\/jpeg"}],"twitter_card":"summary_large_image","twitter_misc":{"Tiempo de lectura":"1 minuto"},"schema":{"@context":"https:\/\/schema.org","@graph":[{"@type":"WebPage","@id":"https:\/\/elsalvadorllantas.com\/index.php\/producto\/luxxan-185-r14c-inspirer-l4-8pr-luxxan\/","url":"https:\/\/elsalvadorllantas.com\/index.php\/producto\/luxxan-185-r14c-inspirer-l4-8pr-luxxan\/","name":"Luxxan 205 R14C INSPIRER L4 8PR LUXXAN - Centro de Servicio Do\u00f1o","isPartOf":{"@id":"https:\/\/elsalvadorllantas.com\/#website"},"primaryImageOfPage":{"@id":"https:\/\/elsalvadorllantas.com\/index.php\/producto\/luxxan-185-r14c-inspirer-l4-8pr-luxxan\/#primaryimage"},"image":{"@id":"https:\/\/elsalvadorllantas.com\/index.php\/producto\/luxxan-185-r14c-inspirer-l4-8pr-luxxan\/#primaryimage"},"thumbnailUrl":"https:\/\/elsalvadorllantas.com\/wp-content\/uploads\/2022\/03\/L4-LUXXAN.jpg","datePublished":"2021-10-08T18:09:01+00:00","dateModified":"2026-04-14T05:47:24+00:00","description":"Dise\u00f1o todo terreno, es un neum\u00e1tico con dise\u00f1o de banda de rodadura mas resistente para cuatro temporadas.","breadcrumb":{"@id":"https:\/\/elsalvadorllantas.com\/index.php\/producto\/luxxan-185-r14c-inspirer-l4-8pr-luxxan\/#breadcrumb"},"inLanguage":"es","potentialAction":[{"@type":"ReadAction","target":["https:\/\/elsalvadorllantas.com\/index.php\/producto\/luxxan-185-r14c-inspirer-l4-8pr-luxxan\/"]}]},{"@type":"ImageObject","inLanguage":"es","@id":"https:\/\/elsalvadorllantas.com\/index.php\/producto\/luxxan-185-r14c-inspirer-l4-8pr-luxxan\/#primaryimage","url":"https:\/\/elsalvadorllantas.com\/wp-content\/uploads\/2022\/03\/L4-LUXXAN.jpg","contentUrl":"https:\/\/elsalvadorllantas.com\/wp-content\/uploads\/2022\/03\/L4-LUXXAN.jpg","width":1200,"height":1200},{"@type":"BreadcrumbList","@id":"https:\/\/elsalvadorllantas.com\/index.php\/producto\/luxxan-185-r14c-inspirer-l4-8pr-luxxan\/#breadcrumb","itemListElement":[{"@type":"ListItem","position":1,"name":"Inicio","item":"https:\/\/elsalvadorllantas.com\/"},{"@type":"ListItem","position":2,"name":"Tienda en linea","item":"https:\/\/elsalvadorllantas.com\/index.php\/tienda-en-linea\/"},{"@type":"ListItem","position":3,"name":"Luxxan 205 R14C INSPIRER L4 8PR LUXXAN"}]},{"@type":"WebSite","@id":"https:\/\/elsalvadorllantas.com\/#website","url":"https:\/\/elsalvadorllantas.com\/","name":"Centro de Servicio Do\u00f1o","description":"Venta de Llantas Nuevas - \u00a1Cotiza Ya!","publisher":{"@id":"https:\/\/elsalvadorllantas.com\/#organization"},"potentialAction":[{"@type":"SearchAction","target":{"@type":"EntryPoint","urlTemplate":"https:\/\/elsalvadorllantas.com\/?s={search_term_string}"},"query-input":{"@type":"PropertyValueSpecification","valueRequired":true,"valueName":"search_term_string"}}],"inLanguage":"es"},{"@type":"Organization","@id":"https:\/\/elsalvadorllantas.com\/#organization","name":"Centro de Servicio Do\u00f1o","url":"https:\/\/elsalvadorllantas.com\/","logo":{"@type":"ImageObject","inLanguage":"es","@id":"https:\/\/elsalvadorllantas.com\/#\/schema\/logo\/image\/","url":"https:\/\/elsalvadorllantas.com\/wp-content\/uploads\/2021\/12\/Logo_Don\u0303o_Editable-CMYK-2.png","contentUrl":"https:\/\/elsalvadorllantas.com\/wp-content\/uploads\/2021\/12\/Logo_Don\u0303o_Editable-CMYK-2.png","width":2139,"height":779,"caption":"Centro de Servicio Do\u00f1o"},"image":{"@id":"https:\/\/elsalvadorllantas.com\/#\/schema\/logo\/image\/"}}]}},"_links":{"self":[{"href":"https:\/\/elsalvadorllantas.com\/index.php\/wp-json\/wp\/v2\/product\/9983","targetHints":{"allow":["GET"]}}],"collection":[{"href":"https:\/\/elsalvadorllantas.com\/index.php\/wp-json\/wp\/v2\/product"}],"about":[{"href":"https:\/\/elsalvadorllantas.com\/index.php\/wp-json\/wp\/v2\/types\/product"}],"version-history":[{"count":0,"href":"https:\/\/elsalvadorllantas.com\/index.php\/wp-json\/wp\/v2\/product\/9983\/revisions"}],"wp:featuredmedia":[{"embeddable":true,"href":"https:\/\/elsalvadorllantas.com\/index.php\/wp-json\/wp\/v2\/media\/12430"}],"wp:attachment":[{"href":"https:\/\/elsalvadorllantas.com\/index.php\/wp-json\/wp\/v2\/media?parent=9983"}],"wp:term":[{"taxonomy":"product_brand","embeddable":true,"href":"https:\/\/elsalvadorllantas.com\/index.php\/wp-json\/wp\/v2\/product_brand?post=9983"},{"taxonomy":"product_cat","embeddable":true,"href":"https:\/\/elsalvadorllantas.com\/index.php\/wp-json\/wp\/v2\/product_cat?post=9983"},{"taxonomy":"product_tag","embeddable":true,"href":"https:\/\/elsalvadorllantas.com\/index.php\/wp-json\/wp\/v2\/product_tag?post=9983"}],"curies":[{"name":"wp","href":"https:\/\/api.w.org\/{rel}","templated":true}]}}